 {"id":25479,"date":"2024-10-08T11:38:41","date_gmt":"2024-10-08T09:38:41","guid":{"rendered":"https:\/\/www.ionisos.com\/sterilization-validation\/"},"modified":"2024-10-08T11:38:45","modified_gmt":"2024-10-08T09:38:45","slug":"sterilization-validation","status":"publish","type":"page","link":"https:\/\/www.ionisos.com\/en\/sterilization-validation\/","title":{"rendered":"Sterilization validation"},"content":{"rendered":"<p>[vc_row bg_image=&#8221;16355&#8243; bg_repeat=&#8221;no-repeat&#8221; text_color=&#8221;light&#8221; text_align=&#8221;center&#8221; top_padding=&#8221;80&#8243; bottom_padding=&#8221;80&#8243;][vc_column width=&#8221;1\/1&#8243;]<h1 class=\"headline font-special fontsize-xxl fontweight-inherit lh-inherit align-center transform-uppercase \" style=\"margin: 0;\">Sterilization:<br \/>\nValidation and its Different Methods Explained<\/h1>[\/vc_column][\/vc_row][vc_row top_padding=&#8221;80&#8243; bottom_padding=&#8221;80&#8243;][vc_column width=&#8221;1\/1&#8243;][vc_column_text]<\/p>\n<p style=\"text-align: center;\">The <strong>validation of sterilization<\/strong> is an essential step, regardless of the technique chosen for treatment, that ensures the effective sterility of the products.<\/p>\n<p style=\"text-align: center;\">IONISOS, a specialized provider for over 50 years, presents the different processes based on the chosen <a href=\"https:\/\/www.ionisos.com\/technique-de-sterilisation\/\">sterilization technique<\/a>.<\/p>\n<p>[\/vc_column_text][\/vc_column][\/vc_row][vc_row type=&#8221;full_width_section&#8221; bg_color=&#8221;#f8f8f8&#8243;][vc_column bg_image=&#8221;15668&#8243; column_center=&#8221;true&#8221; width=&#8221;1\/3&#8243;]<div class=\"spacer\" style=\"height: 250px;\"><\/div>[\/vc_column][vc_column column_padding=&#8221;padding-6&#8243; column_center=&#8221;true&#8221; width=&#8221;2\/3&#8243;][vc_column_text el_class=&#8221;h2presta&#8221;]<\/p>\n<h2>3 Standards for Sterilization Validation<\/h2>\n<p style=\"text-align: justify;\">IONISOS specializes in industrial sterilization. We currently use three techniques in our treatment centers: beta and gamma sterilization (by radiation) and sterilization with ethylene oxide.<\/p>\n<p style=\"text-align: justify;\"><span style=\"font-weight: 400;\">When you use our services, once the treatment technique <\/span><span style=\"font-weight: 400;\">is determined with the help of our experts<\/span><span style=\"font-weight: 400;\"> to sterilize a product (medical device, packaging, etc.), it is necessary to establish the cycle parameters (for ethylene oxide) or <\/span><span style=\"font-weight: 400;\">define the method to be used to claim the sterility of the product and thus the minimum treatment dose in kGy.<\/span><\/p>\n<p style=\"text-align: justify;\">This requires a multi-step validation process, determined by 3 different standards for the methods that interest us.<\/p>\n<p style=\"text-align: justify;\">These texts encompass all the requirements regarding the development, validation, and control of a sterilization process.<\/p>\n<p>[\/vc_column_text][\/vc_column][\/vc_row][vc_row type=&#8221;full_width_section&#8221; bg_color=&#8221;#f1f1f1&#8243;][vc_column column_padding=&#8221;padding-6&#8243; column_center=&#8221;true&#8221; width=&#8221;2\/3&#8243;][vc_column_text el_class=&#8221;h2presta&#8221;]<\/p>\n<p style=\"text-align: justify;\">The method chosen for the <strong>sterility validation<\/strong> of a product will vary depending on the sterilization technique used:<\/p>\n<ul style=\"text-align: left;\">\n<li>For beta or gamma treatment, the ISO 11137-2 standard (establishing the sterilization dose) or the ISO\/TS 13004 standard (justification of the sterilization dose), sometimes referred to as the VDmaxSD method, will be applied.<\/li>\n<li>For ethylene oxide treatment, the ISO 11135 standard will be followed.<\/li>\n<\/ul>\n<p style=\"text-align: justify;\">For radiation treatment, the choice between the two methods will be determined by the microbial load of the product, as well as the maximum dose it can be subjected to without altering its characteristics.<\/p>\n<p style=\"text-align: justify;\">The <strong>validation of ethylene oxide sterilization<\/strong> (or ETO) is based on a principle of overkill by half-cycle.<\/p>\n<p>[\/vc_column_text][\/vc_column][vc_column bg_image=&#8221;15460&#8243; column_center=&#8221;true&#8221; width=&#8221;1\/3&#8243;]<div class=\"spacer\" style=\"height: 250px;\"><\/div>[\/vc_column][\/vc_row][vc_row top_padding=&#8221;80&#8243; bottom_padding=&#8221;80&#8243;][vc_column width=&#8221;1\/1&#8243;][vc_column_text]<\/p>\n<h2 style=\"text-align: center;\">Treatment Validation Process<\/h2>\n<p style=\"text-align: center;\">Discover here how the <strong>treatment validation<\/strong> unfolds step by step, for a <a href=\"https:\/\/www.ionisos.com\/en\/validation-of-medical-devices\/\">validation on medical devices<\/a>, for example.<\/p>\n<p>[\/vc_column_text][\/vc_column][\/vc_row][vc_row type=&#8221;full_width_section&#8221; bg_color=&#8221;#f8f8f8&#8243;][vc_column bg_image=&#8221;15662&#8243; column_center=&#8221;true&#8221; width=&#8221;1\/3&#8243;]<div class=\"spacer\" style=\"height: 250px;\"><\/div>[\/vc_column][vc_column column_padding=&#8221;padding-6&#8243; column_center=&#8221;true&#8221; width=&#8221;2\/3&#8243;][vc_column_text el_class=&#8221;h2presta&#8221;]<\/p>\n<h3>Gamma or Beta Sterilization<\/h3>\n<p style=\"text-align: justify;\">The <strong>validation of radiation sterilization<\/strong> occurs in five steps:<\/p>\n<p><span class=\"number-ionisos\">1\/<\/span> Maximum dose tests (to confirm the product&#8217;s tolerance)<br \/>\n<span class=\"number-ionisos\">2\/<\/span><span style=\"font-weight: 400;\">Validation of microbiological analysis methods specific to the device for determining bioburden and conducting sterility tests<\/span><br \/>\n<span class=\"number-ionisos\">3\/<\/span> Evaluation of the average initial bioburden<br \/>\n<span class=\"number-ionisos\">4\/<\/span> Treatment of 10 samples at the verification dose, followed by conducting sterility tests on these samples  <\/p>\n<p style=\"text-align: justify;\">To validate the microbiological analysis methods according to ISO 11737, approximately thirty samples are required.<\/p>\n<p style=\"text-align: justify;\">The measurement of microbial load will be performed on 30 non-sterile samples from 3 different production batches.<\/p>\n<p style=\"text-align: justify;\">A verification dose will be calculated based on the average microbial load.<\/p>\n<p style=\"text-align: justify;\">Finally, <strong>sterility tests<\/strong> allow us to guarantee the effective sterilization of products once the treatment is completed. The number of samples will vary depending on the standard followed.<\/p>\n<p>[\/vc_column_text][\/vc_column][\/vc_row][vc_row type=&#8221;full_width_section&#8221; bg_color=&#8221;#f1f1f1&#8243;][vc_column column_padding=&#8221;padding-6&#8243; column_center=&#8221;true&#8221; width=&#8221;2\/3&#8243;][vc_column_text el_class=&#8221;h2presta&#8221;]<\/p>\n<h3 style=\"text-align: left;\">Ethylene Oxide Sterilization<\/h3>\n<p style=\"text-align: justify;\">The <strong>validation of ETO sterilization<\/strong> occurs in three main steps:<\/p>\n<p style=\"text-align: justify;\"><span class=\"number-ionisos\">1\/<\/span> Installation qualification (QI): the purpose is to confirm that the logistics tool used complies with current standards.<\/p>\n<p style=\"text-align: justify;\"><span class=\"number-ionisos\">2\/<\/span> Operational qualification (QO): this demonstrates that the equipment is capable of applying the treatment while adhering to the defined cycle parameters (temperature, humidity, EO concentration, time, etc.).<\/p>\n<p style=\"text-align: justify;\"><span class=\"number-ionisos\">3\/<\/span> Performance qualification (QP): this attests to the consistency of the equipment in its operation to apply the predefined criteria, thus ensuring perfect sterility of the products. To achieve this, a minimum of three consecutive cycles must be executed for the process to be considered reproducible.<\/p>\n<p style=\"text-align: justify;\">Various laboratory tests will also be conducted: microbial load tests, routine checks, cultures of biological indicators, verification tests for the population of these indicators, sterility tests, and more.<\/p>\n<p style=\"text-align: justify;\">The process must be revalidated every two years. In the event of modifications to the product or its packaging, either a complete validation or a reduced QP will be performed.<\/p>\n<p>[\/vc_column_text][\/vc_column][vc_column bg_image=&#8221;17442&#8243; column_center=&#8221;true&#8221; width=&#8221;1\/3&#8243;]<div class=\"spacer\" style=\"height: 250px;\"><\/div>[\/vc_column][\/vc_row][vc_row bg_color=&#8221;#0b2677&#8243; text_color=&#8221;light&#8221; text_align=&#8221;center&#8221; top_padding=&#8221;40&#8243; bottom_padding=&#8221;40&#8243;][vc_column width=&#8221;2\/3&#8243;]<div class=\"spacer\" style=\"height: 5px;\"><\/div>[vc_column_text el_class=&#8221;cta&#8221;]<\/p>\n<p style=\"text-align: left;\">Would you like to know more about the <strong>sterilization process validation<\/strong> or IONISOS services? Contact us now; our advisors are here to assist you!<\/p>\n<p>[\/vc_column_text][\/vc_column][vc_column width=&#8221;1\/3&#8243;][vc_row_inner][vc_column_inner]<a href=\"\/contact\/\" target=\"_self\" class=\"button color-8 medium \" style=\"border-radius: 2px;\">Contact us<\/a>[\/vc_column_inner][\/vc_row_inner][\/vc_column][\/vc_row]<\/p>\n","protected":false},"excerpt":{"rendered":"<p>[vc_row bg_image=&#8221;16355&#8243; bg_repeat=&#8221;no-repeat&#8221; text_color=&#8221;light&#8221; text_align=&#8221;center&#8221; top_padding=&#8221;80&#8243; bottom_padding=&#8221;80&#8243;][vc_column width=&#8221;1\/1&#8243;][\/vc_column][\/vc_row][vc_row top_padding=&#8221;80&#8243; bottom_padding=&#8221;80&#8243;][vc_column width=&#8221;1\/1&#8243;][vc_column_text] The validation of sterilization is an essential step, regardless of the technique chosen for treatment, that ensures the effective sterility of the products. IONISOS, a specialized provider for over 50 years, presents the different processes based on the chosen sterilization technique. [\/vc_column_text][\/vc_column][\/vc_row][vc_row type=&#8221;full_width_section&#8221; bg_color=&#8221;#f8f8f8&#8243;][vc_column bg_image=&#8221;15668&#8243; column_center=&#8221;true&#8221; width=&#8221;1\/3&#8243;][\/vc_column][vc_column column_padding=&#8221;padding-6&#8243; column_center=&#8221;true&#8221; width=&#8221;2\/3&#8243;][vc_column_text el_class=&#8221;h2presta&#8221;] 3 Standards for Sterilization Validation IONISOS specializes in industrial sterilization. We currently use three techniques in our treatment centers: beta and gamma sterilization (by radiation) and sterilization with ethylene oxide. When you use our services, once the treatment technique is determined with the help of our experts to sterilize a product (medical device, packaging, etc.), it is necessary to establish the cycle parameters (for ethylene oxide) or define the method to be used to claim the sterility of the product and thus the minimum treatment dose in kGy. This requires a multi-step validation process, determined by 3 different standards for the methods that interest us. These texts encompass all the requirements regarding the development, validation, and control of a sterilization process. [\/vc_column_text][\/vc_column][\/vc_row][vc_row type=&#8221;full_width_section&#8221; bg_color=&#8221;#f1f1f1&#8243;][vc_column column_padding=&#8221;padding-6&#8243; column_center=&#8221;true&#8221; width=&#8221;2\/3&#8243;][vc_column_text el_class=&#8221;h2presta&#8221;] The method chosen for the sterility validation of a product [&hellip;]<\/p>\n","protected":false},"author":4,"featured_media":0,"parent":0,"menu_order":0,"comment_status":"closed","ping_status":"open","template":"","meta":{"inline_featured_image":false,"footnotes":""},"class_list":["post-25479","page","type-page","status-publish","hentry"],"yoast_head":"<!-- This site is optimized with the Yoast SEO plugin v26.3 - https:\/\/yoast.com\/wordpress\/plugins\/seo\/ -->\n<title>Sterilization: Validation and its Different Methods Explained<\/title>\n<meta name=\"description\" content=\"To guarantee the sterilization of a product, validation of the chosen process is mandatory. IONISOS, a provider specialized in radiation treatment (gamma, beta) and ethylene oxide, presents the different methods employed for each sterilization technique.\" \/>\n<meta name=\"robots\" content=\"index, follow, max-snippet:-1, max-image-preview:large, max-video-preview:-1\" \/>\n<link rel=\"canonical\" href=\"https:\/\/www.ionisos.com\/sterilisation-validation\/\" \/>\n<meta property=\"og:locale\" content=\"en_US\" \/>\n<meta property=\"og:type\" content=\"article\" \/>\n<meta property=\"og:title\" content=\"Sterilization: Validation and its Different Methods Explained\" \/>\n<meta property=\"og:description\" content=\"To guarantee the sterilization of a product, validation of the chosen process is mandatory. IONISOS, a provider specialized in radiation treatment (gamma, beta) and ethylene oxide, presents the different methods employed for each sterilization technique.\" \/>\n<meta property=\"og:url\" content=\"https:\/\/www.ionisos.com\/sterilisation-validation\/\" \/>\n<meta property=\"og:site_name\" content=\"Ionisos\" \/>\n<meta property=\"article:modified_time\" content=\"2024-10-08T09:38:45+00:00\" \/>\n<meta name=\"twitter:card\" content=\"summary_large_image\" \/>\n<meta name=\"twitter:label1\" content=\"Est. reading time\" \/>\n\t<meta name=\"twitter:data1\" content=\"5 minutes\" \/>\n<script type=\"application\/ld+json\" class=\"yoast-schema-graph\">{\"@context\":\"https:\/\/schema.org\",\"@graph\":[{\"@type\":\"WebPage\",\"@id\":\"https:\/\/www.ionisos.com\/sterilisation-validation\/\",\"url\":\"https:\/\/www.ionisos.com\/sterilisation-validation\/\",\"name\":\"Sterilization: Validation and its Different Methods Explained\",\"isPartOf\":{\"@id\":\"https:\/\/www.ionisos.com\/#website\"},\"datePublished\":\"2024-10-08T09:38:41+00:00\",\"dateModified\":\"2024-10-08T09:38:45+00:00\",\"description\":\"To guarantee the sterilization of a product, validation of the chosen process is mandatory. IONISOS, a provider specialized in radiation treatment (gamma, beta) and ethylene oxide, presents the different methods employed for each sterilization technique.\",\"breadcrumb\":{\"@id\":\"https:\/\/www.ionisos.com\/sterilisation-validation\/#breadcrumb\"},\"inLanguage\":\"en-US\",\"potentialAction\":[{\"@type\":\"ReadAction\",\"target\":[\"https:\/\/www.ionisos.com\/sterilisation-validation\/\"]}]},{\"@type\":\"BreadcrumbList\",\"@id\":\"https:\/\/www.ionisos.com\/sterilisation-validation\/#breadcrumb\",\"itemListElement\":[{\"@type\":\"ListItem\",\"position\":1,\"name\":\"Accueil\",\"item\":\"https:\/\/www.ionisos.com\/en\/\"},{\"@type\":\"ListItem\",\"position\":2,\"name\":\"Sterilization validation\"}]},{\"@type\":\"WebSite\",\"@id\":\"https:\/\/www.ionisos.com\/#website\",\"url\":\"https:\/\/www.ionisos.com\/\",\"name\":\"Ionisos\",\"description\":\"Ionisation par \u00e9lectrons acc\u00e9l\u00e9r\u00e9s, rayons gamma, rayons X et oxyde d&#039;\u00e9thyl\u00e8ne\",\"potentialAction\":[{\"@type\":\"SearchAction\",\"target\":{\"@type\":\"EntryPoint\",\"urlTemplate\":\"https:\/\/www.ionisos.com\/?s={search_term_string}\"},\"query-input\":{\"@type\":\"PropertyValueSpecification\",\"valueRequired\":true,\"valueName\":\"search_term_string\"}}],\"inLanguage\":\"en-US\"}]}<\/script>\n<!-- \/ Yoast SEO plugin. -->","yoast_head_json":{"title":"Sterilization: Validation and its Different Methods Explained","description":"To guarantee the sterilization of a product, validation of the chosen process is mandatory. IONISOS, a provider specialized in radiation treatment (gamma, beta) and ethylene oxide, presents the different methods employed for each sterilization technique.","robots":{"index":"index","follow":"follow","max-snippet":"max-snippet:-1","max-image-preview":"max-image-preview:large","max-video-preview":"max-video-preview:-1"},"canonical":"https:\/\/www.ionisos.com\/sterilisation-validation\/","og_locale":"en_US","og_type":"article","og_title":"Sterilization: Validation and its Different Methods Explained","og_description":"To guarantee the sterilization of a product, validation of the chosen process is mandatory. IONISOS, a provider specialized in radiation treatment (gamma, beta) and ethylene oxide, presents the different methods employed for each sterilization technique.","og_url":"https:\/\/www.ionisos.com\/sterilisation-validation\/","og_site_name":"Ionisos","article_modified_time":"2024-10-08T09:38:45+00:00","twitter_card":"summary_large_image","twitter_misc":{"Est. reading time":"5 minutes"},"schema":{"@context":"https:\/\/schema.org","@graph":[{"@type":"WebPage","@id":"https:\/\/www.ionisos.com\/sterilisation-validation\/","url":"https:\/\/www.ionisos.com\/sterilisation-validation\/","name":"Sterilization: Validation and its Different Methods Explained","isPartOf":{"@id":"https:\/\/www.ionisos.com\/#website"},"datePublished":"2024-10-08T09:38:41+00:00","dateModified":"2024-10-08T09:38:45+00:00","description":"To guarantee the sterilization of a product, validation of the chosen process is mandatory. IONISOS, a provider specialized in radiation treatment (gamma, beta) and ethylene oxide, presents the different methods employed for each sterilization technique.","breadcrumb":{"@id":"https:\/\/www.ionisos.com\/sterilisation-validation\/#breadcrumb"},"inLanguage":"en-US","potentialAction":[{"@type":"ReadAction","target":["https:\/\/www.ionisos.com\/sterilisation-validation\/"]}]},{"@type":"BreadcrumbList","@id":"https:\/\/www.ionisos.com\/sterilisation-validation\/#breadcrumb","itemListElement":[{"@type":"ListItem","position":1,"name":"Accueil","item":"https:\/\/www.ionisos.com\/en\/"},{"@type":"ListItem","position":2,"name":"Sterilization validation"}]},{"@type":"WebSite","@id":"https:\/\/www.ionisos.com\/#website","url":"https:\/\/www.ionisos.com\/","name":"Ionisos","description":"Ionisation par \u00e9lectrons acc\u00e9l\u00e9r\u00e9s, rayons gamma, rayons X et oxyde d&#039;\u00e9thyl\u00e8ne","potentialAction":[{"@type":"SearchAction","target":{"@type":"EntryPoint","urlTemplate":"https:\/\/www.ionisos.com\/?s={search_term_string}"},"query-input":{"@type":"PropertyValueSpecification","valueRequired":true,"valueName":"search_term_string"}}],"inLanguage":"en-US"}]}},"_links":{"self":[{"href":"https:\/\/www.ionisos.com\/en\/wp-json\/wp\/v2\/pages\/25479","targetHints":{"allow":["GET"]}}],"collection":[{"href":"https:\/\/www.ionisos.com\/en\/wp-json\/wp\/v2\/pages"}],"about":[{"href":"https:\/\/www.ionisos.com\/en\/wp-json\/wp\/v2\/types\/page"}],"author":[{"embeddable":true,"href":"https:\/\/www.ionisos.com\/en\/wp-json\/wp\/v2\/users\/4"}],"replies":[{"embeddable":true,"href":"https:\/\/www.ionisos.com\/en\/wp-json\/wp\/v2\/comments?post=25479"}],"version-history":[{"count":5,"href":"https:\/\/www.ionisos.com\/en\/wp-json\/wp\/v2\/pages\/25479\/revisions"}],"predecessor-version":[{"id":25484,"href":"https:\/\/www.ionisos.com\/en\/wp-json\/wp\/v2\/pages\/25479\/revisions\/25484"}],"wp:attachment":[{"href":"https:\/\/www.ionisos.com\/en\/wp-json\/wp\/v2\/media?parent=25479"}],"curies":[{"name":"wp","href":"https:\/\/api.w.org\/{rel}","templated":true}]}}