 {"id":25461,"date":"2024-10-08T11:23:37","date_gmt":"2024-10-08T09:23:37","guid":{"rendered":"https:\/\/www.ionisos.com\/electron-beam-sterilization\/"},"modified":"2024-10-08T11:30:37","modified_gmt":"2024-10-08T09:30:37","slug":"electron-beam-sterilization","status":"publish","type":"page","link":"https:\/\/www.ionisos.com\/en\/electron-beam-sterilization\/","title":{"rendered":"Electron beam sterilization"},"content":{"rendered":"<p>[vc_row bg_image=&#8221;16355&#8243; bg_repeat=&#8221;no-repeat&#8221; text_color=&#8221;light&#8221; text_align=&#8221;center&#8221; top_padding=&#8221;80&#8243; bottom_padding=&#8221;80&#8243;][vc_column width=&#8221;1\/1&#8243;]<h1 class=\"headline font-special fontsize-xxl fontweight-inherit lh-inherit align-center transform-uppercase \" style=\"margin: 0;\"><strong>Electron Beam Sterilization:<\/strong> Discover Our Services<\/h1>[\/vc_column][\/vc_row][vc_row text_align=&#8221;center&#8221; top_padding=&#8221;80&#8243; bottom_padding=&#8221;80&#8243;][vc_column width=&#8221;1\/1&#8243;][vc_column_text]<\/p>\n<p style=\"text-align: center;\">Looking for a trusted provider offering <strong>electron beam sterilization<\/strong>? IONISOS, a specialist in ionizing treatment and ethylene oxide for over 60 years, presents its services to you.<\/p>\n<p style=\"text-align: center;\">Thanks to <a href=\"https:\/\/www.ionisos.com\/traitement-beta\/\"><strong>beta treatment<\/strong><\/a>, your products are sterilized\/decontaminated\/cross-linked&#8230; according to your desired outcome and in compliance with current International Standards.<\/p>\n<p>[\/vc_column_text]<a href=\"https:\/\/www.ionisos.com\/contact\/\" target=\"_blank\" class=\"button custom small \" style=\"background-color: #24a87a; border-color: #24a87a;border-radius: 2px;\">Vous souhaitez en savoir plus sur cette m\u00e9thode flexible ? Nos experts r\u00e9pondent \u00e0 vos questions<\/a>[\/vc_column][\/vc_row][vc_row type=&#8221;full_width_section&#8221; bg_color=&#8221;#f7f7f7&#8243;][vc_column column_padding=&#8221;padding-6&#8243; column_center=&#8221;true&#8221; width=&#8221;2\/3&#8243;][vc_column_text el_class=&#8221;h2presta&#8221;]<\/p>\n<h2>What is Beta Sterilization?<\/h2>\n<p><strong>Electron beam treatment<\/strong> (also known as beta or e-beam) involves exposing products, packaged in cartons or bags, to a radiation stream generated by an electron accelerator. Electrical generators accelerate electrons in a vacuum electromagnetic field to form a concentrated continuous beam. The products are automatically transported via a conveyor system under the electron beam. The accelerator&#8217;s parameters and the conveyor speed allow us to adjust the dose absorbed by the products.<\/p>\n<p>As the products pass under the beam, they absorb the energy from the electrons: living molecules (DNA, RNA, metabolic enzymes, etc.) are altered, preventing reproduction and leading to the cell death of microorganisms and pathogens.<\/p>\n<p>Typically, two passes are required to treat each carton (carton flipping): this is called double-sided treatment.<\/p>\n<p>Only a few seconds of irradiation per side are needed.[\/vc_column_text][\/vc_column][vc_column bg_image=&#8221;15460&#8243; column_center=&#8221;true&#8221; width=&#8221;1\/3&#8243;]<div class=\"spacer\" style=\"height: 250px;\"><\/div>[\/vc_column][\/vc_row][vc_row type=&#8221;full_width_section&#8221; bg_color=&#8221;#f1f1f1&#8243;][vc_column bg_image=&#8221;16815&#8243; column_center=&#8221;true&#8221; width=&#8221;1\/3&#8243;]<div class=\"spacer\" style=\"height: 250px;\"><\/div>[\/vc_column][vc_column column_padding=&#8221;padding-6&#8243; column_center=&#8221;true&#8221; width=&#8221;2\/3&#8243;][vc_column_text el_class=&#8221;h2presta&#8221;]<\/p>\n<h2>The Multiple Advantages of E-Beam Treatment<\/h2>\n<p><strong>E-beam irradiation<\/strong> is an advantageous solution for treating your products:<\/p>\n<ul>\n<li>Speed: With only a few seconds of treatment per package, it&#8217;s easy to sterilize a full load in just a few hours. With this <strong>sterilization technique<\/strong>, your products are available immediately after treatment, thus avoiding production line downtime and potential storage costs.<\/li>\n<li>The reduced exposure time of products to the beam minimizes the risk of alteration and polymer degradation, especially with plastic materials like polypropylene. Therefore, this method serves as an interesting alternative to gamma radiation, which can sometimes cause such reactions.<\/li>\n<li>Compatibility with a wide range of products: medical devices, pharmaceutical and cosmetic products, laboratory animal feed, cables, semiconductors, and more.<\/li>\n<li>Environmental respect: Sterilization is performed at room temperature without chemical additives, making it an eco-friendly solution.<\/li>\n<\/ul>\n<p>[\/vc_column_text][\/vc_column][\/vc_row][vc_row top_padding=&#8221;100&#8243; bottom_padding=&#8221;80&#8243;][vc_column width=&#8221;1\/1&#8243;][vc_column_text el_class=&#8221;h2presta&#8221;]<\/p>\n<h2 style=\"text-align: center;\">IONISOS: A Recognized Expertise for Treating Your Products<\/h2>\n<p>[\/vc_column_text][vc_column_text el_class=&#8221;h2presta&#8221;]<\/p>\n<p style=\"text-align: center;\">IONISOS has 2 treatment sites specialized in <strong>beta radiation<\/strong>: one in Aube and the other in Spain. Our logistical tool, equipped with an automated conveyor system, allows us to process your orders with maximum efficiency to meet your needs.<\/p>\n<p style=\"text-align: center;\">Product testing and routine checks are also conducted on-site for optimal responsiveness and improved quality control. Our facilities and processes are certified and comply with current standards.<\/p>\n<p style=\"text-align: center;\">Additionally, our traceability and archiving system ensures a fully reproducible, customized process.<\/p>\n<p style=\"text-align: center;\">Finally, to ensure your complete satisfaction, IONISOS commits to you through a quality contract for a rigorously controlled high-end service. You benefit from project follow-up with a dedicated contact person who can advise and guide you on your various orders.<\/p>\n<p style=\"text-align: center;\">Discover below the contact details of our specialized centers. Feel free to contact us for any additional requests or information.<\/p>\n<p>[\/vc_column_text][vc_row_inner el_class=&#8221;back-grey&#8221;][vc_column_inner width=&#8221;1\/4&#8243; css=&#8221;.vc_custom_1568207807095{padding-top: 5% !important;padding-right: 5% !important;padding-bottom: 5% !important;padding-left: 5% !important;}&#8221;][\/vc_column_inner][vc_column_inner el_class=&#8221;chiffre-ionisos&#8221; width=&#8221;1\/4&#8243;][vc_column_text]<\/p>\n<p style=\"text-align: center;\"><strong>TROYES CHAUMESNIL<\/strong><\/p>\n<p style=\"text-align: center;\">Z.I. &#8211; 10500 Chaumesnil<br \/> France<\/p>\n<p style=\"text-align: center;\">Tel: +33 (0)3.25.92.99.05<br \/> Fax: +33 (0)3.25.92.80.97<\/p>\n<p>[\/vc_column_text][\/vc_column_inner][vc_column_inner el_class=&#8221;chiffre-ionisos&#8221; width=&#8221;1\/4&#8243;][vc_column_text]<\/p>\n<p style=\"text-align: center;\"><strong>IONISOS IBERICA<\/strong><\/p>\n<p style=\"text-align: center;\">16400 Tarancon<br \/> (Cuenca) Spain<\/p>\n<p style=\"text-align: center;\">Tel: +34 969 320496<br \/> Fax: +34 969 325202<\/p>\n<p>[\/vc_column_text][\/vc_column_inner][vc_column_inner width=&#8221;1\/4&#8243;][\/vc_column_inner][\/vc_row_inner][\/vc_column][\/vc_row][vc_row bg_color=&#8221;#0b2677&#8243; text_color=&#8221;light&#8221; text_align=&#8221;center&#8221; top_padding=&#8221;40&#8243; bottom_padding=&#8221;40&#8243;][vc_column width=&#8221;2\/3&#8243;]<div class=\"spacer\" style=\"height: 5px;\"><\/div>[vc_column_text el_class=&#8221;cta&#8221;]<\/p>\n<p style=\"text-align: left;\">Any questions, advice, or quotes? Feel free to contact us&#8230;<\/p>\n<p>[\/vc_column_text][\/vc_column][vc_column width=&#8221;1\/3&#8243;][vc_row_inner][vc_column_inner]<a href=\"\/contact\/\" target=\"_self\" class=\"button color-8 medium \" style=\"border-radius: 2px;\">Contact Us<\/a>[\/vc_column_inner][\/vc_row_inner][\/vc_column][\/vc_row]<\/p>\n","protected":false},"excerpt":{"rendered":"<p>[vc_row bg_image=&#8221;16355&#8243; bg_repeat=&#8221;no-repeat&#8221; text_color=&#8221;light&#8221; text_align=&#8221;center&#8221; top_padding=&#8221;80&#8243; bottom_padding=&#8221;80&#8243;][vc_column width=&#8221;1\/1&#8243;][\/vc_column][\/vc_row][vc_row text_align=&#8221;center&#8221; top_padding=&#8221;80&#8243; bottom_padding=&#8221;80&#8243;][vc_column width=&#8221;1\/1&#8243;][vc_column_text] Looking for a trusted provider offering electron beam sterilization? IONISOS, a specialist in ionizing treatment and ethylene oxide for over 60 years, presents its services to you. Thanks to beta treatment, your products are sterilized\/decontaminated\/cross-linked&#8230; according to your desired outcome and in compliance with current International Standards. [\/vc_column_text][\/vc_column][\/vc_row][vc_row type=&#8221;full_width_section&#8221; bg_color=&#8221;#f7f7f7&#8243;][vc_column column_padding=&#8221;padding-6&#8243; column_center=&#8221;true&#8221; width=&#8221;2\/3&#8243;][vc_column_text el_class=&#8221;h2presta&#8221;] What is Beta Sterilization? Electron beam treatment (also known as beta or e-beam) involves exposing products, packaged in cartons or bags, to a radiation stream generated by an electron accelerator. Electrical generators accelerate electrons in a vacuum electromagnetic field to form a concentrated continuous beam. The products are automatically transported via a conveyor system under the electron beam. The accelerator&#8217;s parameters and the conveyor speed allow us to adjust the dose absorbed by the products. As the products pass under the beam, they absorb the energy from the electrons: living molecules (DNA, RNA, metabolic enzymes, etc.) are altered, preventing reproduction and leading to the cell death of microorganisms and pathogens. Typically, two passes are required to treat each carton (carton flipping): this is called double-sided treatment. Only a few seconds of irradiation per side [&hellip;]<\/p>\n","protected":false},"author":4,"featured_media":0,"parent":0,"menu_order":0,"comment_status":"closed","ping_status":"open","template":"","meta":{"inline_featured_image":false,"footnotes":""},"class_list":["post-25461","page","type-page","status-publish","hentry"],"yoast_head":"<!-- This site is optimized with the Yoast SEO plugin v26.3 - https:\/\/yoast.com\/wordpress\/plugins\/seo\/ -->\n<title>Electron beam sterilization: Presentation of our services<\/title>\n<meta name=\"description\" content=\"IONISOS, specialist in ionizing treatment and in Europe, presents its electron beam sterilization services. Discover the specifics and numerous advantages of this technique for your products, as well as our 2 specialized treatment centers.\" \/>\n<meta name=\"robots\" content=\"index, follow, max-snippet:-1, max-image-preview:large, max-video-preview:-1\" \/>\n<link rel=\"canonical\" href=\"https:\/\/www.ionisos.com\/sterilisation-faisceau-electrons\/\" \/>\n<meta property=\"og:locale\" content=\"en_US\" \/>\n<meta property=\"og:type\" content=\"article\" \/>\n<meta property=\"og:title\" content=\"Electron beam sterilization: Presentation of our services\" \/>\n<meta property=\"og:description\" content=\"IONISOS, specialist in ionizing treatment and in Europe, presents its electron beam sterilization services. Discover the specifics and numerous advantages of this technique for your products, as well as our 2 specialized treatment centers.\" \/>\n<meta property=\"og:url\" content=\"https:\/\/www.ionisos.com\/sterilisation-faisceau-electrons\/\" \/>\n<meta property=\"og:site_name\" content=\"Ionisos\" \/>\n<meta property=\"article:modified_time\" content=\"2024-10-08T09:30:37+00:00\" \/>\n<meta name=\"twitter:card\" content=\"summary_large_image\" \/>\n<meta name=\"twitter:label1\" content=\"Est. reading time\" \/>\n\t<meta name=\"twitter:data1\" content=\"4 minutes\" \/>\n<script type=\"application\/ld+json\" class=\"yoast-schema-graph\">{\"@context\":\"https:\/\/schema.org\",\"@graph\":[{\"@type\":\"WebPage\",\"@id\":\"https:\/\/www.ionisos.com\/sterilisation-faisceau-electrons\/\",\"url\":\"https:\/\/www.ionisos.com\/sterilisation-faisceau-electrons\/\",\"name\":\"Electron beam sterilization: Presentation of our services\",\"isPartOf\":{\"@id\":\"https:\/\/www.ionisos.com\/#website\"},\"datePublished\":\"2024-10-08T09:23:37+00:00\",\"dateModified\":\"2024-10-08T09:30:37+00:00\",\"description\":\"IONISOS, specialist in ionizing treatment and in Europe, presents its electron beam sterilization services. Discover the specifics and numerous advantages of this technique for your products, as well as our 2 specialized treatment centers.\",\"breadcrumb\":{\"@id\":\"https:\/\/www.ionisos.com\/sterilisation-faisceau-electrons\/#breadcrumb\"},\"inLanguage\":\"en-US\",\"potentialAction\":[{\"@type\":\"ReadAction\",\"target\":[\"https:\/\/www.ionisos.com\/sterilisation-faisceau-electrons\/\"]}]},{\"@type\":\"BreadcrumbList\",\"@id\":\"https:\/\/www.ionisos.com\/sterilisation-faisceau-electrons\/#breadcrumb\",\"itemListElement\":[{\"@type\":\"ListItem\",\"position\":1,\"name\":\"Accueil\",\"item\":\"https:\/\/www.ionisos.com\/en\/\"},{\"@type\":\"ListItem\",\"position\":2,\"name\":\"Electron beam sterilization\"}]},{\"@type\":\"WebSite\",\"@id\":\"https:\/\/www.ionisos.com\/#website\",\"url\":\"https:\/\/www.ionisos.com\/\",\"name\":\"Ionisos\",\"description\":\"Ionisation par \u00e9lectrons acc\u00e9l\u00e9r\u00e9s, rayons gamma, rayons X et oxyde d&#039;\u00e9thyl\u00e8ne\",\"potentialAction\":[{\"@type\":\"SearchAction\",\"target\":{\"@type\":\"EntryPoint\",\"urlTemplate\":\"https:\/\/www.ionisos.com\/?s={search_term_string}\"},\"query-input\":{\"@type\":\"PropertyValueSpecification\",\"valueRequired\":true,\"valueName\":\"search_term_string\"}}],\"inLanguage\":\"en-US\"}]}<\/script>\n<!-- \/ Yoast SEO plugin. -->","yoast_head_json":{"title":"Electron beam sterilization: Presentation of our services","description":"IONISOS, specialist in ionizing treatment and in Europe, presents its electron beam sterilization services. Discover the specifics and numerous advantages of this technique for your products, as well as our 2 specialized treatment centers.","robots":{"index":"index","follow":"follow","max-snippet":"max-snippet:-1","max-image-preview":"max-image-preview:large","max-video-preview":"max-video-preview:-1"},"canonical":"https:\/\/www.ionisos.com\/sterilisation-faisceau-electrons\/","og_locale":"en_US","og_type":"article","og_title":"Electron beam sterilization: Presentation of our services","og_description":"IONISOS, specialist in ionizing treatment and in Europe, presents its electron beam sterilization services. Discover the specifics and numerous advantages of this technique for your products, as well as our 2 specialized treatment centers.","og_url":"https:\/\/www.ionisos.com\/sterilisation-faisceau-electrons\/","og_site_name":"Ionisos","article_modified_time":"2024-10-08T09:30:37+00:00","twitter_card":"summary_large_image","twitter_misc":{"Est. reading time":"4 minutes"},"schema":{"@context":"https:\/\/schema.org","@graph":[{"@type":"WebPage","@id":"https:\/\/www.ionisos.com\/sterilisation-faisceau-electrons\/","url":"https:\/\/www.ionisos.com\/sterilisation-faisceau-electrons\/","name":"Electron beam sterilization: Presentation of our services","isPartOf":{"@id":"https:\/\/www.ionisos.com\/#website"},"datePublished":"2024-10-08T09:23:37+00:00","dateModified":"2024-10-08T09:30:37+00:00","description":"IONISOS, specialist in ionizing treatment and in Europe, presents its electron beam sterilization services. Discover the specifics and numerous advantages of this technique for your products, as well as our 2 specialized treatment centers.","breadcrumb":{"@id":"https:\/\/www.ionisos.com\/sterilisation-faisceau-electrons\/#breadcrumb"},"inLanguage":"en-US","potentialAction":[{"@type":"ReadAction","target":["https:\/\/www.ionisos.com\/sterilisation-faisceau-electrons\/"]}]},{"@type":"BreadcrumbList","@id":"https:\/\/www.ionisos.com\/sterilisation-faisceau-electrons\/#breadcrumb","itemListElement":[{"@type":"ListItem","position":1,"name":"Accueil","item":"https:\/\/www.ionisos.com\/en\/"},{"@type":"ListItem","position":2,"name":"Electron beam sterilization"}]},{"@type":"WebSite","@id":"https:\/\/www.ionisos.com\/#website","url":"https:\/\/www.ionisos.com\/","name":"Ionisos","description":"Ionisation par \u00e9lectrons acc\u00e9l\u00e9r\u00e9s, rayons gamma, rayons X et oxyde d&#039;\u00e9thyl\u00e8ne","potentialAction":[{"@type":"SearchAction","target":{"@type":"EntryPoint","urlTemplate":"https:\/\/www.ionisos.com\/?s={search_term_string}"},"query-input":{"@type":"PropertyValueSpecification","valueRequired":true,"valueName":"search_term_string"}}],"inLanguage":"en-US"}]}},"_links":{"self":[{"href":"https:\/\/www.ionisos.com\/en\/wp-json\/wp\/v2\/pages\/25461","targetHints":{"allow":["GET"]}}],"collection":[{"href":"https:\/\/www.ionisos.com\/en\/wp-json\/wp\/v2\/pages"}],"about":[{"href":"https:\/\/www.ionisos.com\/en\/wp-json\/wp\/v2\/types\/page"}],"author":[{"embeddable":true,"href":"https:\/\/www.ionisos.com\/en\/wp-json\/wp\/v2\/users\/4"}],"replies":[{"embeddable":true,"href":"https:\/\/www.ionisos.com\/en\/wp-json\/wp\/v2\/comments?post=25461"}],"version-history":[{"count":11,"href":"https:\/\/www.ionisos.com\/en\/wp-json\/wp\/v2\/pages\/25461\/revisions"}],"predecessor-version":[{"id":25472,"href":"https:\/\/www.ionisos.com\/en\/wp-json\/wp\/v2\/pages\/25461\/revisions\/25472"}],"wp:attachment":[{"href":"https:\/\/www.ionisos.com\/en\/wp-json\/wp\/v2\/media?parent=25461"}],"curies":[{"name":"wp","href":"https:\/\/api.w.org\/{rel}","templated":true}]}}