 {"id":25436,"date":"2024-10-02T14:38:49","date_gmt":"2024-10-02T12:38:49","guid":{"rendered":"https:\/\/www.ionisos.com\/ethylene-oxide-sterilization\/"},"modified":"2024-10-02T14:38:52","modified_gmt":"2024-10-02T12:38:52","slug":"ethylene-oxide-sterilization","status":"publish","type":"page","link":"https:\/\/www.ionisos.com\/en\/ethylene-oxide-sterilization\/","title":{"rendered":"Ethylene Oxide Sterilization"},"content":{"rendered":"<p>[vc_row bg_image=&#8221;16355&#8243; bg_repeat=&#8221;no-repeat&#8221; text_color=&#8221;light&#8221; text_align=&#8221;center&#8221; top_padding=&#8221;80&#8243; bottom_padding=&#8221;80&#8243;][vc_column width=&#8221;1\/1&#8243;]<h1 class=\"headline font-special fontsize-xxl fontweight-inherit lh-inherit align-center transform-uppercase \" style=\"margin: 0;\">Ethylene Oxide Sterilization:<br \/>\nA Tailored Service for Your Products<\/h1>[\/vc_column][\/vc_row][vc_row top_padding=&#8221;80&#8243; bottom_padding=&#8221;80&#8243;][vc_column width=&#8221;1\/1&#8243;][vc_column_text]<\/p>\n<p style=\"text-align: center;\">Do you want to sterilize pharmaceutical or medical products, but they are not compatible with gamma or beta treatment? IONISOS presents its <strong>ethylene oxide sterilization<\/strong> services.<\/p>\n<p style=\"text-align: center;\">A specialist in sterilization for over 60 years, our group has been practicing <strong>gas treatment<\/strong> since 2004 and offers its expertise to professionals and industries.<\/p>\n<p style=\"text-align: center;\">Here, we present all the advantages of this technique and our offer in France and Europe.<\/p>\n<p>[\/vc_column_text][\/vc_column][\/vc_row][vc_row type=&#8221;full_width_section&#8221; bg_color=&#8221;#f7f7f7&#8243;][vc_column column_padding=&#8221;padding-6&#8243; column_center=&#8221;true&#8221; width=&#8221;2\/3&#8243;][vc_column_text el_class=&#8221;h2presta&#8221;]<\/p>\n<h2><a href=\"https:\/\/www.ionisos.com\/sterilisation-oxyde-dethylene\/\">Ethylene oxide sterilization<\/a>: a 100% reliable technique<\/h2>\n<p>Ethylene oxide (also called <strong>EO gas<\/strong> or ETO) is an odorless and colorless gas that has the unique property of damaging the DNA of microorganisms such as bacteria and mold. In this way, it prevents them from reproducing. It is thus widely used by health sector professionals to sterilize products.<\/p>\n<p>The <strong>ETO treatment<\/strong> is performed under vacuum at low temperatures, within sealed chambers where products are placed in their final packaging, which must be permeable to air.<\/p>\n<p>The gas will penetrate the different layers of packaging and spread into the smallest folds of the products, sterilizing all accessible surfaces with perfect reliability.<\/p>\n<p>The handling of products is broken down into three immutable steps: preconditioning, sterilization, and degassing.<\/p>\n<p>During preconditioning, products are preheated and humidified to ensure a uniform treatment. Degassing, on the other hand, is carried out in an aeration cell. It eliminates any residues by performing a series of vacuum and rinsing cycles.<\/p>\n<p>The gas concentration, temperature, humidity, and exposure time are carefully calculated before treatment, based on the density and composition of the products.[\/vc_column_text][\/vc_column][vc_column bg_image=&#8221;15460&#8243; column_center=&#8221;true&#8221; width=&#8221;1\/3&#8243;]<div class=\"spacer\" style=\"height: 250px;\"><\/div>[\/vc_column][\/vc_row][vc_row type=&#8221;full_width_section&#8221; bg_color=&#8221;#f1f1f1&#8243;][vc_column bg_image=&#8221;16815&#8243; column_center=&#8221;true&#8221; width=&#8221;1\/3&#8243;]<div class=\"spacer\" style=\"height: 250px;\"><\/div>[\/vc_column][vc_column column_padding=&#8221;padding-6&#8243; column_center=&#8221;true&#8221; width=&#8221;2\/3&#8243;][vc_column_text el_class=&#8221;h2presta&#8221;]<\/p>\n<h2>Advantages and Scope of EO Sterilization<\/h2>\n<p>The <strong>ethylene oxide treatment<\/strong> has the advantage of being able to treat a wide range of products that are incompatible with steam sterilization or ionizing radiation due to the risk of deformation or alteration that exists for certain plastics.<\/p>\n<p>Indeed, <strong>gas sterilization<\/strong> takes place at temperatures between 30 and 60\u00b0C: a low temperature that helps avoid such issues.<\/p>\n<p>With strong absorption and propagation capabilities, it is compatible with a wide variety of plastic resins, as well as electronic components.<\/p>\n<p>Its scope of application is therefore particularly broad. This technique is used to sterilize a wide range of pharmaceutical products and medical devices:<\/p>\n<ul>\n<li>prosthetics<\/li>\n<li>surgical trays<\/li>\n<li>catheters<\/li>\n<li>care sets<\/li>\n<li>single-use devices (gloves, syringes, dressings, compresses, synthetic gowns\u2026)<\/li>\n<li>vials, caps\u2026<\/li>\n<\/ul>\n<p>However, it is not recommended for treating liquids.[\/vc_column_text][\/vc_column][\/vc_row][vc_row type=&#8221;full_width_section&#8221; bg_color=&#8221;#f7f7f7&#8243;][vc_column column_padding=&#8221;padding-6&#8243; column_center=&#8221;true&#8221; width=&#8221;2\/3&#8243;][vc_column_text el_class=&#8221;h2presta&#8221;]<\/p>\n<h2>A Complete and Responsive Service with IONISOS<\/h2>\n<p>IONISOS operates two <strong>EO treatment<\/strong> sites located in Gien in the Loiret and in Civrieux d\u2019Azergues in the Rh\u00f4ne.<\/p>\n<p>With significant reception and processing capacities, we are able to offer you a responsive service, wherever you are in France or Europe.<\/p>\n<p>We guarantee customized cycles tailored to your products and an accelerated degassing phase, lasting less than 24 hours.<\/p>\n<p>The sterilization validation process is conducted on-site thanks to our chemical and microbiological analysis laboratory, ensuring a responsive and high-quality service that fully meets your requirements and the applicable standards.<\/p>\n<p>Our Loiret site is certified ISO 9001-ISO 13485, and our Rh\u00f4ne site is certified ISO 13485 and ISO 11135.<\/p>\n<p>You will find their contact details below.<br \/>\n[\/vc_column_text][\/vc_column][vc_column bg_image=&#8221;16017&#8243; column_center=&#8221;true&#8221; width=&#8221;1\/3&#8243;]<div class=\"spacer\" style=\"height: 250px;\"><\/div>[\/vc_column][\/vc_row][vc_row top_padding=&#8221;80&#8243; bottom_padding=&#8221;80&#8243;][vc_column width=&#8221;1\/1&#8243;][vc_row_inner el_class=&#8221;back-grey&#8221;][vc_column_inner width=&#8221;1\/4&#8243; css=&#8221;.vc_custom_1568213470920{padding-top: 5% !important;padding-right: 5% !important;padding-bottom: 5% !important;padding-left: 5% !important;}&#8221;][\/vc_column_inner][vc_column_inner el_class=&#8221;chiffre-ionisos&#8221; width=&#8221;1\/4&#8243;][vc_column_text]<\/p>\n<p style=\"text-align: center;\"><strong>ST\u00c9RYL\u00c8NE<\/strong><\/p>\n<p style=\"text-align: center;\">ZI les Montoires<br \/>\nF-45500 Gien<br \/>\nFrance<\/p>\n<p style=\"text-align: center;\">Tel: +33 (0)2.38.38.36.96<br \/>\nFax: +33 (0)2.38.67.54.26<\/p>\n<p>[\/vc_column_text][\/vc_column_inner][vc_column_inner el_class=&#8221;chiffre-ionisos&#8221; width=&#8221;1\/4&#8243;][vc_column_text]<\/p>\n<p style=\"text-align: center;\"><strong>ST\u00c9RYL\u00c8NE<\/strong><\/p>\n<p style=\"text-align: center;\">13, zone industrielle du pontet<br \/>\n69380 Civrieux d\u2019Azergues<br \/>\nFrance<\/p>\n<p style=\"text-align: center;\">Tel: +33 (0)4.72.54.71.54<br \/>\nFax: +33 (0)4.72.54.72.27<\/p>\n<p>[\/vc_column_text][\/vc_column_inner][vc_column_inner width=&#8221;1\/4&#8243;][\/vc_column_inner][\/vc_row_inner][\/vc_column][\/vc_row][vc_row bg_color=&#8221;#0b2677&#8243; text_color=&#8221;light&#8221; text_align=&#8221;center&#8221; top_padding=&#8221;40&#8243; bottom_padding=&#8221;40&#8243;][vc_column width=&#8221;2\/3&#8243;]<div class=\"spacer\" style=\"height: 5px;\"><\/div>[vc_column_text el_class=&#8221;cta&#8221;]<\/p>\n<p style=\"text-align: left;\">Contact us today and enjoy all the benefits of a high-quality service and personalized support with a dedicated contact person.<\/p>\n<p>[\/vc_column_text][\/vc_column][vc_column width=&#8221;1\/3&#8243;][vc_row_inner][vc_column_inner]<a href=\"\/contact\/\" target=\"_self\" class=\"button color-8 medium \" style=\"border-radius: 2px;\">Contact us<\/a>[\/vc_column_inner][\/vc_row_inner][\/vc_column][\/vc_row]<\/p>\n","protected":false},"excerpt":{"rendered":"<p>[vc_row bg_image=&#8221;16355&#8243; bg_repeat=&#8221;no-repeat&#8221; text_color=&#8221;light&#8221; text_align=&#8221;center&#8221; top_padding=&#8221;80&#8243; bottom_padding=&#8221;80&#8243;][vc_column width=&#8221;1\/1&#8243;][\/vc_column][\/vc_row][vc_row top_padding=&#8221;80&#8243; bottom_padding=&#8221;80&#8243;][vc_column width=&#8221;1\/1&#8243;][vc_column_text] Do you want to sterilize pharmaceutical or medical products, but they are not compatible with gamma or beta treatment? IONISOS presents its ethylene oxide sterilization services. A specialist in sterilization for over 60 years, our group has been practicing gas treatment since 2004 and offers its expertise to professionals and industries. Here, we present all the advantages of this technique and our offer in France and Europe. [\/vc_column_text][\/vc_column][\/vc_row][vc_row type=&#8221;full_width_section&#8221; bg_color=&#8221;#f7f7f7&#8243;][vc_column column_padding=&#8221;padding-6&#8243; column_center=&#8221;true&#8221; width=&#8221;2\/3&#8243;][vc_column_text el_class=&#8221;h2presta&#8221;] Ethylene oxide sterilization: a 100% reliable technique Ethylene oxide (also called EO gas or ETO) is an odorless and colorless gas that has the unique property of damaging the DNA of microorganisms such as bacteria and mold. In this way, it prevents them from reproducing. It is thus widely used by health sector professionals to sterilize products. The ETO treatment is performed under vacuum at low temperatures, within sealed chambers where products are placed in their final packaging, which must be permeable to air. The gas will penetrate the different layers of packaging and spread into the smallest folds of the products, sterilizing all accessible surfaces with perfect reliability. The handling of products is broken [&hellip;]<\/p>\n","protected":false},"author":4,"featured_media":0,"parent":0,"menu_order":0,"comment_status":"closed","ping_status":"open","template":"","meta":{"inline_featured_image":false,"footnotes":""},"class_list":["post-25436","page","type-page","status-publish","hentry"],"yoast_head":"<!-- This site is optimized with the Yoast SEO plugin v26.3 - https:\/\/yoast.com\/wordpress\/plugins\/seo\/ -->\n<title>Ethylene Oxide Sterilization: Discover a Tailored Service<\/title>\n<meta name=\"description\" content=\"IONISOS presents its ethylene oxide sterilization services for professionals and manufacturers in the healthcare sector. Gas treatment allows for the sterilization of a wide range of pharmaceutical and medical products that are incompatible with other methods. Discover our offering.\" \/>\n<meta name=\"robots\" content=\"index, follow, max-snippet:-1, max-image-preview:large, max-video-preview:-1\" \/>\n<link rel=\"canonical\" href=\"https:\/\/www.ionisos.com\/sterilisation-par-oxyde-d-ethylene\/\" \/>\n<meta property=\"og:locale\" content=\"en_US\" \/>\n<meta property=\"og:type\" content=\"article\" \/>\n<meta property=\"og:title\" content=\"Ethylene Oxide Sterilization: Discover a Tailored Service\" \/>\n<meta property=\"og:description\" content=\"IONISOS presents its ethylene oxide sterilization services for professionals and manufacturers in the healthcare sector. Gas treatment allows for the sterilization of a wide range of pharmaceutical and medical products that are incompatible with other methods. Discover our offering.\" \/>\n<meta property=\"og:url\" content=\"https:\/\/www.ionisos.com\/sterilisation-par-oxyde-d-ethylene\/\" \/>\n<meta property=\"og:site_name\" content=\"Ionisos\" \/>\n<meta property=\"article:modified_time\" content=\"2024-10-02T12:38:52+00:00\" \/>\n<meta name=\"twitter:card\" content=\"summary_large_image\" \/>\n<meta name=\"twitter:label1\" content=\"Est. reading time\" \/>\n\t<meta name=\"twitter:data1\" content=\"4 minutes\" \/>\n<script type=\"application\/ld+json\" class=\"yoast-schema-graph\">{\"@context\":\"https:\/\/schema.org\",\"@graph\":[{\"@type\":\"WebPage\",\"@id\":\"https:\/\/www.ionisos.com\/sterilisation-par-oxyde-d-ethylene\/\",\"url\":\"https:\/\/www.ionisos.com\/sterilisation-par-oxyde-d-ethylene\/\",\"name\":\"Ethylene Oxide Sterilization: Discover a Tailored Service\",\"isPartOf\":{\"@id\":\"https:\/\/www.ionisos.com\/#website\"},\"datePublished\":\"2024-10-02T12:38:49+00:00\",\"dateModified\":\"2024-10-02T12:38:52+00:00\",\"description\":\"IONISOS presents its ethylene oxide sterilization services for professionals and manufacturers in the healthcare sector. Gas treatment allows for the sterilization of a wide range of pharmaceutical and medical products that are incompatible with other methods. Discover our offering.\",\"breadcrumb\":{\"@id\":\"https:\/\/www.ionisos.com\/sterilisation-par-oxyde-d-ethylene\/#breadcrumb\"},\"inLanguage\":\"en-US\",\"potentialAction\":[{\"@type\":\"ReadAction\",\"target\":[\"https:\/\/www.ionisos.com\/sterilisation-par-oxyde-d-ethylene\/\"]}]},{\"@type\":\"BreadcrumbList\",\"@id\":\"https:\/\/www.ionisos.com\/sterilisation-par-oxyde-d-ethylene\/#breadcrumb\",\"itemListElement\":[{\"@type\":\"ListItem\",\"position\":1,\"name\":\"Accueil\",\"item\":\"https:\/\/www.ionisos.com\/en\/\"},{\"@type\":\"ListItem\",\"position\":2,\"name\":\"Ethylene Oxide Sterilization\"}]},{\"@type\":\"WebSite\",\"@id\":\"https:\/\/www.ionisos.com\/#website\",\"url\":\"https:\/\/www.ionisos.com\/\",\"name\":\"Ionisos\",\"description\":\"Ionisation par \u00e9lectrons acc\u00e9l\u00e9r\u00e9s, rayons gamma, rayons X et oxyde d&#039;\u00e9thyl\u00e8ne\",\"potentialAction\":[{\"@type\":\"SearchAction\",\"target\":{\"@type\":\"EntryPoint\",\"urlTemplate\":\"https:\/\/www.ionisos.com\/?s={search_term_string}\"},\"query-input\":{\"@type\":\"PropertyValueSpecification\",\"valueRequired\":true,\"valueName\":\"search_term_string\"}}],\"inLanguage\":\"en-US\"}]}<\/script>\n<!-- \/ Yoast SEO plugin. -->","yoast_head_json":{"title":"Ethylene Oxide Sterilization: Discover a Tailored Service","description":"IONISOS presents its ethylene oxide sterilization services for professionals and manufacturers in the healthcare sector. Gas treatment allows for the sterilization of a wide range of pharmaceutical and medical products that are incompatible with other methods. Discover our offering.","robots":{"index":"index","follow":"follow","max-snippet":"max-snippet:-1","max-image-preview":"max-image-preview:large","max-video-preview":"max-video-preview:-1"},"canonical":"https:\/\/www.ionisos.com\/sterilisation-par-oxyde-d-ethylene\/","og_locale":"en_US","og_type":"article","og_title":"Ethylene Oxide Sterilization: Discover a Tailored Service","og_description":"IONISOS presents its ethylene oxide sterilization services for professionals and manufacturers in the healthcare sector. Gas treatment allows for the sterilization of a wide range of pharmaceutical and medical products that are incompatible with other methods. Discover our offering.","og_url":"https:\/\/www.ionisos.com\/sterilisation-par-oxyde-d-ethylene\/","og_site_name":"Ionisos","article_modified_time":"2024-10-02T12:38:52+00:00","twitter_card":"summary_large_image","twitter_misc":{"Est. reading time":"4 minutes"},"schema":{"@context":"https:\/\/schema.org","@graph":[{"@type":"WebPage","@id":"https:\/\/www.ionisos.com\/sterilisation-par-oxyde-d-ethylene\/","url":"https:\/\/www.ionisos.com\/sterilisation-par-oxyde-d-ethylene\/","name":"Ethylene Oxide Sterilization: Discover a Tailored Service","isPartOf":{"@id":"https:\/\/www.ionisos.com\/#website"},"datePublished":"2024-10-02T12:38:49+00:00","dateModified":"2024-10-02T12:38:52+00:00","description":"IONISOS presents its ethylene oxide sterilization services for professionals and manufacturers in the healthcare sector. Gas treatment allows for the sterilization of a wide range of pharmaceutical and medical products that are incompatible with other methods. Discover our offering.","breadcrumb":{"@id":"https:\/\/www.ionisos.com\/sterilisation-par-oxyde-d-ethylene\/#breadcrumb"},"inLanguage":"en-US","potentialAction":[{"@type":"ReadAction","target":["https:\/\/www.ionisos.com\/sterilisation-par-oxyde-d-ethylene\/"]}]},{"@type":"BreadcrumbList","@id":"https:\/\/www.ionisos.com\/sterilisation-par-oxyde-d-ethylene\/#breadcrumb","itemListElement":[{"@type":"ListItem","position":1,"name":"Accueil","item":"https:\/\/www.ionisos.com\/en\/"},{"@type":"ListItem","position":2,"name":"Ethylene Oxide Sterilization"}]},{"@type":"WebSite","@id":"https:\/\/www.ionisos.com\/#website","url":"https:\/\/www.ionisos.com\/","name":"Ionisos","description":"Ionisation par \u00e9lectrons acc\u00e9l\u00e9r\u00e9s, rayons gamma, rayons X et oxyde d&#039;\u00e9thyl\u00e8ne","potentialAction":[{"@type":"SearchAction","target":{"@type":"EntryPoint","urlTemplate":"https:\/\/www.ionisos.com\/?s={search_term_string}"},"query-input":{"@type":"PropertyValueSpecification","valueRequired":true,"valueName":"search_term_string"}}],"inLanguage":"en-US"}]}},"_links":{"self":[{"href":"https:\/\/www.ionisos.com\/en\/wp-json\/wp\/v2\/pages\/25436","targetHints":{"allow":["GET"]}}],"collection":[{"href":"https:\/\/www.ionisos.com\/en\/wp-json\/wp\/v2\/pages"}],"about":[{"href":"https:\/\/www.ionisos.com\/en\/wp-json\/wp\/v2\/types\/page"}],"author":[{"embeddable":true,"href":"https:\/\/www.ionisos.com\/en\/wp-json\/wp\/v2\/users\/4"}],"replies":[{"embeddable":true,"href":"https:\/\/www.ionisos.com\/en\/wp-json\/wp\/v2\/comments?post=25436"}],"version-history":[{"count":5,"href":"https:\/\/www.ionisos.com\/en\/wp-json\/wp\/v2\/pages\/25436\/revisions"}],"predecessor-version":[{"id":25441,"href":"https:\/\/www.ionisos.com\/en\/wp-json\/wp\/v2\/pages\/25436\/revisions\/25441"}],"wp:attachment":[{"href":"https:\/\/www.ionisos.com\/en\/wp-json\/wp\/v2\/media?parent=25436"}],"curies":[{"name":"wp","href":"https:\/\/api.w.org\/{rel}","templated":true}]}}