 {"id":25430,"date":"2024-10-02T14:29:18","date_gmt":"2024-10-02T12:29:18","guid":{"rendered":"https:\/\/www.ionisos.com\/food-packaging-sterilization\/"},"modified":"2024-10-02T14:29:21","modified_gmt":"2024-10-02T12:29:21","slug":"food-packaging-sterilization","status":"publish","type":"page","link":"https:\/\/www.ionisos.com\/en\/food-packaging-sterilization\/","title":{"rendered":"Food packaging sterilization"},"content":{"rendered":"<p>[vc_row bg_image=&#8221;16355&#8243; bg_repeat=&#8221;no-repeat&#8221; text_color=&#8221;light&#8221; text_align=&#8221;center&#8221; top_padding=&#8221;80&#8243; bottom_padding=&#8221;80&#8243;][vc_column width=&#8221;1\/1&#8243;]<h1 class=\"headline font-special fontsize-xxl fontweight-inherit lh-inherit align-center transform-uppercase \" style=\"margin: 0;\">Food Packaging Sterilization:<br \/>\nOur Services in France<\/h1>[\/vc_column][\/vc_row][vc_row top_padding=&#8221;80&#8243; bottom_padding=&#8221;80&#8243;][vc_column width=&#8221;1\/1&#8243;][vc_column_text]<\/p>\n<p style=\"text-align: center;\">As a <a href=\"https:\/\/www.ionisos.com\/prestataire-sterilisation\/\"><strong>sterilization provider<\/strong><\/a> specialized for over 60 years in treatment by ionizing radiation, IONISOS offers professionals in numerous sectors (pharmaceutical, medical, cosmetic, etc.) a high-end sterilization service.<\/p>\n<p style=\"text-align: center;\">Here, we present our <strong>food packaging sterilization<\/strong> services for agri-food companies.<\/p>\n<p style=\"text-align: center;\">Benefit from recognized expertise and tailored support to meet your needs!<\/p>\n<p>[\/vc_column_text][\/vc_column][\/vc_row][vc_row type=&#8221;full_width_section&#8221; bg_color=&#8221;#f7f7f7&#8243;][vc_column column_padding=&#8221;padding-6&#8243; column_center=&#8221;true&#8221; width=&#8221;2\/3&#8243;][vc_column_text el_class=&#8221;h2presta&#8221;]<\/p>\n<h2>Sterilization of Packaging for Food and Beverages: Beta or Gamma?<\/h2>\n<p>It is possible to sterilize all types of <strong>food and beverage packaging<\/strong> with IONISOS: from plastic pouch packaging (for drinks, applesauce) to cardboard packaging, as well as glass jars or bottles.<\/p>\n<p>The choice between beta or gamma sterilization will depend on the mechanical properties of the packaging and its composition to avoid any alteration.<\/p>\n<p>On this point, your dedicated IONISOS advisor will guide you to ensure effective and 100% reliable treatment.<\/p>\n<p>Gamma treatment will be performed on pallets, where the products will be loaded onto an automatic conveyor system that will pass through a concrete cell where they will be exposed to radiation at a predetermined dose for a specified time.<\/p>\n<p><strong>Food packaging sterilization by e-beam<\/strong> is done by cartons, which pass under the rays twice (once upright and then upside down) for a few seconds.<\/p>\n<p>Both methods have the advantage of being able to sterilize an entire load within a few hours. The products are immediately available afterward and do not need to be ventilated since this technique leaves no chemical residue.<\/p>\n<p>Despite the relative similarity of the two techniques, beta and gamma differ in the nature of their rays: gamma is derived from the decay of Cobalt 60 and has a high penetration capacity, while beta rays consist of beams of accelerated electrons with a more limited penetration depth\u2014this second technique is thus less likely to deform certain types of resins.<br \/>\n[\/vc_column_text][\/vc_column][vc_column bg_image=&#8221;15460&#8243; column_center=&#8221;true&#8221; width=&#8221;1\/3&#8243;]<div class=\"spacer\" style=\"height: 250px;\"><\/div>[\/vc_column][\/vc_row][vc_row type=&#8221;full_width_section&#8221; bg_color=&#8221;#f1f1f1&#8243;][vc_column bg_image=&#8221;16769&#8243; column_center=&#8221;true&#8221; width=&#8221;1\/3&#8243;]<div class=\"spacer\" style=\"height: 250px;\"><\/div>[\/vc_column][vc_column column_padding=&#8221;padding-6&#8243; column_center=&#8221;true&#8221; width=&#8221;2\/3&#8243;][vc_column_text el_class=&#8221;h2presta&#8221;]<\/p>\n<h2>Why Choose IONISOS?<\/h2>\n<p>Trusting IONISOS for the <strong>sterilization of your food and beverage packaging<\/strong> means ensuring that you receive tailored support from a dedicated contact person who will oversee all your orders, regardless of the technique used, and who will advise you in all circumstances.<\/p>\n<p>IONISOS also boasts no fewer than 3 e-beam treatment centers (in France, Spain, and Germany) and 4 gamma treatment centers (3 in France and 1 in Estonia) to meet your needs wherever you are in France or Europe.<\/p>\n<p>We have many regular clients who entrust us with the sterilization of their products, and all our facilities are certified and strictly adhere to current regulations.<\/p>\n<p>We adapt to our clients&#8217; needs and the highest standards while demonstrating responsiveness to ensure timely delivery.<br \/>\n[\/vc_column_text][\/vc_column][\/vc_row][vc_row bg_color=&#8221;#0b2677&#8243; text_color=&#8221;light&#8221; text_align=&#8221;center&#8221; top_padding=&#8221;40&#8243; bottom_padding=&#8221;40&#8243;][vc_column width=&#8221;2\/3&#8243;]<div class=\"spacer\" style=\"height: 5px;\"><\/div>[vc_column_text el_class=&#8221;cta&#8221;]<\/p>\n<p>You wish to start a partnership with us? We are here to listen. Present your project to us and let us guide you!<\/p>\n<p>[\/vc_column_text][\/vc_column][vc_column width=&#8221;1\/3&#8243;][vc_row_inner][vc_column_inner]<a href=\"\/contact\/\" target=\"_self\" class=\"button color-8 medium \" style=\"border-radius: 2px;\">Contact us<\/a>[\/vc_column_inner][\/vc_row_inner][\/vc_column][\/vc_row]<\/p>\n","protected":false},"excerpt":{"rendered":"<p>[vc_row bg_image=&#8221;16355&#8243; bg_repeat=&#8221;no-repeat&#8221; text_color=&#8221;light&#8221; text_align=&#8221;center&#8221; top_padding=&#8221;80&#8243; bottom_padding=&#8221;80&#8243;][vc_column width=&#8221;1\/1&#8243;][\/vc_column][\/vc_row][vc_row top_padding=&#8221;80&#8243; bottom_padding=&#8221;80&#8243;][vc_column width=&#8221;1\/1&#8243;][vc_column_text] As a sterilization provider specialized for over 60 years in treatment by ionizing radiation, IONISOS offers professionals in numerous sectors (pharmaceutical, medical, cosmetic, etc.) a high-end sterilization service. Here, we present our food packaging sterilization services for agri-food companies. Benefit from recognized expertise and tailored support to meet your needs! [\/vc_column_text][\/vc_column][\/vc_row][vc_row type=&#8221;full_width_section&#8221; bg_color=&#8221;#f7f7f7&#8243;][vc_column column_padding=&#8221;padding-6&#8243; column_center=&#8221;true&#8221; width=&#8221;2\/3&#8243;][vc_column_text el_class=&#8221;h2presta&#8221;] Sterilization of Packaging for Food and Beverages: Beta or Gamma? It is possible to sterilize all types of food and beverage packaging with IONISOS: from plastic pouch packaging (for drinks, applesauce) to cardboard packaging, as well as glass jars or bottles. The choice between beta or gamma sterilization will depend on the mechanical properties of the packaging and its composition to avoid any alteration. On this point, your dedicated IONISOS advisor will guide you to ensure effective and 100% reliable treatment. Gamma treatment will be performed on pallets, where the products will be loaded onto an automatic conveyor system that will pass through a concrete cell where they will be exposed to radiation at a predetermined dose for a specified time. Food packaging sterilization by e-beam is done by cartons, which pass [&hellip;]<\/p>\n","protected":false},"author":4,"featured_media":0,"parent":0,"menu_order":0,"comment_status":"closed","ping_status":"open","template":"","meta":{"inline_featured_image":false,"footnotes":""},"class_list":["post-25430","page","type-page","status-publish","hentry"],"yoast_head":"<!-- This site is optimized with the Yoast SEO plugin v26.3 - https:\/\/yoast.com\/wordpress\/plugins\/seo\/ -->\n<title>Discover our food packaging sterilization services.<\/title>\n<meta name=\"description\" content=\"The IONISOS group presents its food packaging sterilization services using beta and gamma rays. Benefit from tailored support and advice for a high-end service.\" \/>\n<meta name=\"robots\" content=\"index, follow, max-snippet:-1, max-image-preview:large, max-video-preview:-1\" \/>\n<link rel=\"canonical\" href=\"https:\/\/www.ionisos.com\/sterilisation-emballage-alimentaire\/\" \/>\n<meta property=\"og:locale\" content=\"en_US\" \/>\n<meta property=\"og:type\" content=\"article\" \/>\n<meta property=\"og:title\" content=\"Discover our food packaging sterilization services.\" \/>\n<meta property=\"og:description\" content=\"The IONISOS group presents its food packaging sterilization services using beta and gamma rays. Benefit from tailored support and advice for a high-end service.\" \/>\n<meta property=\"og:url\" content=\"https:\/\/www.ionisos.com\/sterilisation-emballage-alimentaire\/\" \/>\n<meta property=\"og:site_name\" content=\"Ionisos\" \/>\n<meta property=\"article:modified_time\" content=\"2024-10-02T12:29:21+00:00\" \/>\n<meta name=\"twitter:card\" content=\"summary_large_image\" \/>\n<meta name=\"twitter:label1\" content=\"Est. reading time\" \/>\n\t<meta name=\"twitter:data1\" content=\"3 minutes\" \/>\n<script type=\"application\/ld+json\" class=\"yoast-schema-graph\">{\"@context\":\"https:\/\/schema.org\",\"@graph\":[{\"@type\":\"WebPage\",\"@id\":\"https:\/\/www.ionisos.com\/sterilisation-emballage-alimentaire\/\",\"url\":\"https:\/\/www.ionisos.com\/sterilisation-emballage-alimentaire\/\",\"name\":\"Discover our food packaging sterilization services.\",\"isPartOf\":{\"@id\":\"https:\/\/www.ionisos.com\/#website\"},\"datePublished\":\"2024-10-02T12:29:18+00:00\",\"dateModified\":\"2024-10-02T12:29:21+00:00\",\"description\":\"The IONISOS group presents its food packaging sterilization services using beta and gamma rays. Benefit from tailored support and advice for a high-end service.\",\"breadcrumb\":{\"@id\":\"https:\/\/www.ionisos.com\/sterilisation-emballage-alimentaire\/#breadcrumb\"},\"inLanguage\":\"en-US\",\"potentialAction\":[{\"@type\":\"ReadAction\",\"target\":[\"https:\/\/www.ionisos.com\/sterilisation-emballage-alimentaire\/\"]}]},{\"@type\":\"BreadcrumbList\",\"@id\":\"https:\/\/www.ionisos.com\/sterilisation-emballage-alimentaire\/#breadcrumb\",\"itemListElement\":[{\"@type\":\"ListItem\",\"position\":1,\"name\":\"Accueil\",\"item\":\"https:\/\/www.ionisos.com\/en\/\"},{\"@type\":\"ListItem\",\"position\":2,\"name\":\"Food packaging sterilization\"}]},{\"@type\":\"WebSite\",\"@id\":\"https:\/\/www.ionisos.com\/#website\",\"url\":\"https:\/\/www.ionisos.com\/\",\"name\":\"Ionisos\",\"description\":\"Ionisation par \u00e9lectrons acc\u00e9l\u00e9r\u00e9s, rayons gamma, rayons X et oxyde d&#039;\u00e9thyl\u00e8ne\",\"potentialAction\":[{\"@type\":\"SearchAction\",\"target\":{\"@type\":\"EntryPoint\",\"urlTemplate\":\"https:\/\/www.ionisos.com\/?s={search_term_string}\"},\"query-input\":{\"@type\":\"PropertyValueSpecification\",\"valueRequired\":true,\"valueName\":\"search_term_string\"}}],\"inLanguage\":\"en-US\"}]}<\/script>\n<!-- \/ Yoast SEO plugin. -->","yoast_head_json":{"title":"Discover our food packaging sterilization services.","description":"The IONISOS group presents its food packaging sterilization services using beta and gamma rays. Benefit from tailored support and advice for a high-end service.","robots":{"index":"index","follow":"follow","max-snippet":"max-snippet:-1","max-image-preview":"max-image-preview:large","max-video-preview":"max-video-preview:-1"},"canonical":"https:\/\/www.ionisos.com\/sterilisation-emballage-alimentaire\/","og_locale":"en_US","og_type":"article","og_title":"Discover our food packaging sterilization services.","og_description":"The IONISOS group presents its food packaging sterilization services using beta and gamma rays. Benefit from tailored support and advice for a high-end service.","og_url":"https:\/\/www.ionisos.com\/sterilisation-emballage-alimentaire\/","og_site_name":"Ionisos","article_modified_time":"2024-10-02T12:29:21+00:00","twitter_card":"summary_large_image","twitter_misc":{"Est. reading time":"3 minutes"},"schema":{"@context":"https:\/\/schema.org","@graph":[{"@type":"WebPage","@id":"https:\/\/www.ionisos.com\/sterilisation-emballage-alimentaire\/","url":"https:\/\/www.ionisos.com\/sterilisation-emballage-alimentaire\/","name":"Discover our food packaging sterilization services.","isPartOf":{"@id":"https:\/\/www.ionisos.com\/#website"},"datePublished":"2024-10-02T12:29:18+00:00","dateModified":"2024-10-02T12:29:21+00:00","description":"The IONISOS group presents its food packaging sterilization services using beta and gamma rays. Benefit from tailored support and advice for a high-end service.","breadcrumb":{"@id":"https:\/\/www.ionisos.com\/sterilisation-emballage-alimentaire\/#breadcrumb"},"inLanguage":"en-US","potentialAction":[{"@type":"ReadAction","target":["https:\/\/www.ionisos.com\/sterilisation-emballage-alimentaire\/"]}]},{"@type":"BreadcrumbList","@id":"https:\/\/www.ionisos.com\/sterilisation-emballage-alimentaire\/#breadcrumb","itemListElement":[{"@type":"ListItem","position":1,"name":"Accueil","item":"https:\/\/www.ionisos.com\/en\/"},{"@type":"ListItem","position":2,"name":"Food packaging sterilization"}]},{"@type":"WebSite","@id":"https:\/\/www.ionisos.com\/#website","url":"https:\/\/www.ionisos.com\/","name":"Ionisos","description":"Ionisation par \u00e9lectrons acc\u00e9l\u00e9r\u00e9s, rayons gamma, rayons X et oxyde d&#039;\u00e9thyl\u00e8ne","potentialAction":[{"@type":"SearchAction","target":{"@type":"EntryPoint","urlTemplate":"https:\/\/www.ionisos.com\/?s={search_term_string}"},"query-input":{"@type":"PropertyValueSpecification","valueRequired":true,"valueName":"search_term_string"}}],"inLanguage":"en-US"}]}},"_links":{"self":[{"href":"https:\/\/www.ionisos.com\/en\/wp-json\/wp\/v2\/pages\/25430","targetHints":{"allow":["GET"]}}],"collection":[{"href":"https:\/\/www.ionisos.com\/en\/wp-json\/wp\/v2\/pages"}],"about":[{"href":"https:\/\/www.ionisos.com\/en\/wp-json\/wp\/v2\/types\/page"}],"author":[{"embeddable":true,"href":"https:\/\/www.ionisos.com\/en\/wp-json\/wp\/v2\/users\/4"}],"replies":[{"embeddable":true,"href":"https:\/\/www.ionisos.com\/en\/wp-json\/wp\/v2\/comments?post=25430"}],"version-history":[{"count":5,"href":"https:\/\/www.ionisos.com\/en\/wp-json\/wp\/v2\/pages\/25430\/revisions"}],"predecessor-version":[{"id":25435,"href":"https:\/\/www.ionisos.com\/en\/wp-json\/wp\/v2\/pages\/25430\/revisions\/25435"}],"wp:attachment":[{"href":"https:\/\/www.ionisos.com\/en\/wp-json\/wp\/v2\/media?parent=25430"}],"curies":[{"name":"wp","href":"https:\/\/api.w.org\/{rel}","templated":true}]}}