 {"id":25424,"date":"2024-10-02T14:25:09","date_gmt":"2024-10-02T12:25:09","guid":{"rendered":"https:\/\/www.ionisos.com\/gas-sterilization-2\/"},"modified":"2024-10-02T14:25:12","modified_gmt":"2024-10-02T12:25:12","slug":"gas-sterilization-2","status":"publish","type":"page","link":"https:\/\/www.ionisos.com\/en\/gas-sterilization-2\/","title":{"rendered":"Gas sterilization"},"content":{"rendered":"<p>[vc_row bg_image=&#8221;16355&#8243; bg_repeat=&#8221;no-repeat&#8221; text_color=&#8221;light&#8221; text_align=&#8221;center&#8221; top_padding=&#8221;80&#8243; bottom_padding=&#8221;80&#8243;][vc_column width=&#8221;1\/1&#8243;]<h1 class=\"headline font-special fontsize-xxl fontweight-inherit lh-inherit align-center transform-uppercase \" style=\"margin: 0;\">Gas sterilization: A tailored service with IONISOS<\/h1>[\/vc_column][\/vc_row][vc_row top_padding=&#8221;80&#8243; bottom_padding=&#8221;80&#8243;][vc_column width=&#8221;1\/1&#8243;][vc_column_text]<\/p>\n<p style=\"text-align: center;\"><strong>Gas sterilization<\/strong> has the advantage of effectively treating a wide range of products that are incompatible with treatment using ionizing rays.<\/p>\n<p style=\"text-align: center;\">The IONISOS group, a specialist in industrial sterilization for over 60 years, offers you a high-end, customized service and real responsiveness to meet your needs in France and Europe.<\/p>\n<p>[\/vc_column_text][\/vc_column][\/vc_row][vc_row type=&#8221;full_width_section&#8221; bg_color=&#8221;#f7f7f7&#8243;][vc_column column_padding=&#8221;padding-6&#8243; column_center=&#8221;true&#8221; width=&#8221;2\/3&#8243;][vc_column_text el_class=&#8221;h2presta&#8221;]<\/p>\n<h2>The multiple advantages of <a href=\"https:\/\/www.ionisos.com\/sterilisation-oxyde-dethylene\/\">ethylene oxide sterilization<\/a><\/h2>\n<p>Used in the sterilization of products since the late 1930s, <strong>ethylene oxide<\/strong> is now widely utilized in the treatment of medical devices and pharmaceutical products, as well as in the disinfection of paper archives (library archives, registers, etc.).<\/p>\n<p>Employed at low temperatures, it has the advantage of being compatible with a large number of products (including resins and polymers), including products whose composition requires a technique that will not alter their appearance or properties. Methods frequently used for the sterilization of medical devices and packaging, such as beta and gamma, are not always suitable for certain specific compositions. This is where <strong>gas treatment<\/strong> can be particularly useful for medical devices and pharmaceutical products. The list of products that can be treated using this technique is extensive.<\/p>\n<p>Since ethylene oxide can infiltrate even the smallest folds and corners, it allows for the treatment of already packaged products as well as stacks of archives tightly packed in boxes.<\/p>\n<p>However, for it to be effective, care must be taken to ensure that the packaging of the products to be treated is permeable to <strong>EO gas<\/strong> (or ETO)\u2014one of the other terms used to refer to ethylene oxide.[\/vc_column_text][\/vc_column][vc_column bg_image=&#8221;16882&#8243; column_center=&#8221;true&#8221; width=&#8221;1\/3&#8243;]<div class=\"spacer\" style=\"height: 250px;\"><\/div>[\/vc_column][\/vc_row][vc_row type=&#8221;full_width_section&#8221; bg_color=&#8221;#f1f1f1&#8243;][vc_column bg_image=&#8221;15460&#8243; column_center=&#8221;true&#8221; width=&#8221;1\/3&#8243;]<div class=\"spacer\" style=\"height: 250px;\"><\/div>[\/vc_column][vc_column column_padding=&#8221;padding-6&#8243; column_center=&#8221;true&#8221; width=&#8221;2\/3&#8243;][vc_column_text el_class=&#8221;h2presta&#8221;]<\/p>\n<h2>Ethylene oxide treatment: A three-phase process<\/h2>\n<p><strong>Gas sterilization<\/strong> takes place in vacuum chambers at low temperatures, adhering to predefined gas concentration and humidity levels based on the characteristics of your products.<\/p>\n<p>Temperature, pressure, and exposure time are among the other variables considered to achieve tailored sterilization.<\/p>\n<p>The <strong>gas sterilization process<\/strong> occurs in three steps: preconditioning (where the products are preheated and humidified), sterilization, and finally dynamic aeration (or degassing phase). This last step aims to remove chemical residues from the products through a series of vacuum cycles and rinses.<\/p>\n<p>Overall, the entire treatment process can take anywhere from a few hours to several days, depending on the volume of products involved, their nature, and their properties. The exposure time, as well as the degassing time, will indeed vary based on these factors.<br \/>\n[\/vc_column_text][\/vc_column][\/vc_row][vc_row type=&#8221;full_width_section&#8221; bg_color=&#8221;#f7f7f7&#8243;][vc_column column_padding=&#8221;padding-6&#8243; column_center=&#8221;true&#8221; width=&#8221;2\/3&#8243;][vc_column_text el_class=&#8221;h2presta&#8221;]<\/p>\n<h2>IONISOS: 60 years of expertise at your service<\/h2>\n<p>Born from the merger between Conservatome, founded in 1956, and Amphytrion, two entities specialized in industrial treatment by ionization, IONISOS works daily with professionals in the pharmaceutical, cosmetic, veterinary, medical, and agri-food sectors, as well as with local authorities and archiving services, strictly adhering to current regulations.<\/p>\n<p>The group opened its first unit dedicated to <strong>ethylene oxide treatment<\/strong> in 2004 through its subsidiary Sterylene. A second specialized center subsequently opened in Civrieux d\u2019Azergues in the Lyon region. Our sites have different sizes of treatment chambers.<\/p>\n<p>By placing your trust in us, you can be assured of receiving personalized support from a dedicated advisor who will assist you with all your orders and guide you toward the technique most suited to your needs.<\/p>\n<p>We establish a genuine contract of trust with our clients and continually improve our processes through rigorous quality controls systematically conducted before the delivery of your products.<\/p>\n<p>Our logistics tool allows us to handle large volumes while demonstrating responsiveness for on-time delivery.<br \/>\n[\/vc_column_text][\/vc_column][vc_column bg_image=&#8221;17697&#8243; column_center=&#8221;true&#8221; width=&#8221;1\/3&#8243;]<div class=\"spacer\" style=\"height: 250px;\"><\/div>[\/vc_column][\/vc_row][vc_row bg_color=&#8221;#0b2677&#8243; text_color=&#8221;light&#8221; text_align=&#8221;center&#8221; top_padding=&#8221;40&#8243; bottom_padding=&#8221;40&#8243;][vc_column width=&#8221;2\/3&#8243;]<div class=\"spacer\" style=\"height: 5px;\"><\/div>[vc_column_text el_class=&#8221;cta&#8221;]Our advisors are here to listen and respond to your questions and quote requests.[\/vc_column_text][\/vc_column][vc_column width=&#8221;1\/3&#8243;][vc_row_inner][vc_column_inner]<a href=\"\/contact\/\" target=\"_self\" class=\"button color-8 medium \" style=\"border-radius: 2px;\">Contact us<\/a>[\/vc_column_inner][\/vc_row_inner][\/vc_column][\/vc_row]<\/p>\n","protected":false},"excerpt":{"rendered":"<p>[vc_row bg_image=&#8221;16355&#8243; bg_repeat=&#8221;no-repeat&#8221; text_color=&#8221;light&#8221; text_align=&#8221;center&#8221; top_padding=&#8221;80&#8243; bottom_padding=&#8221;80&#8243;][vc_column width=&#8221;1\/1&#8243;][\/vc_column][\/vc_row][vc_row top_padding=&#8221;80&#8243; bottom_padding=&#8221;80&#8243;][vc_column width=&#8221;1\/1&#8243;][vc_column_text] Gas sterilization has the advantage of effectively treating a wide range of products that are incompatible with treatment using ionizing rays. The IONISOS group, a specialist in industrial sterilization for over 60 years, offers you a high-end, customized service and real responsiveness to meet your needs in France and Europe. [\/vc_column_text][\/vc_column][\/vc_row][vc_row type=&#8221;full_width_section&#8221; bg_color=&#8221;#f7f7f7&#8243;][vc_column column_padding=&#8221;padding-6&#8243; column_center=&#8221;true&#8221; width=&#8221;2\/3&#8243;][vc_column_text el_class=&#8221;h2presta&#8221;] The multiple advantages of ethylene oxide sterilization Used in the sterilization of products since the late 1930s, ethylene oxide is now widely utilized in the treatment of medical devices and pharmaceutical products, as well as in the disinfection of paper archives (library archives, registers, etc.). Employed at low temperatures, it has the advantage of being compatible with a large number of products (including resins and polymers), including products whose composition requires a technique that will not alter their appearance or properties. Methods frequently used for the sterilization of medical devices and packaging, such as beta and gamma, are not always suitable for certain specific compositions. This is where gas treatment can be particularly useful for medical devices and pharmaceutical products. The list of products that can be treated using this technique is [&hellip;]<\/p>\n","protected":false},"author":4,"featured_media":0,"parent":0,"menu_order":0,"comment_status":"closed","ping_status":"open","template":"","meta":{"inline_featured_image":false,"footnotes":""},"class_list":["post-25424","page","type-page","status-publish","hentry"],"yoast_head":"<!-- This site is optimized with the Yoast SEO plugin v26.3 - https:\/\/yoast.com\/wordpress\/plugins\/seo\/ -->\n<title>Gas sterilization: Why choose ethylene oxide?<\/title>\n<meta name=\"description\" content=\"IONISOS presents its gas sterilization services. Whether you want to treat pharmaceutical products, medical items, or archival documents, our group guarantees you a tailored service and personalized support.\" \/>\n<meta name=\"robots\" content=\"index, follow, max-snippet:-1, max-image-preview:large, max-video-preview:-1\" \/>\n<link rel=\"canonical\" href=\"https:\/\/www.ionisos.com\/sterilisation-par-gaz\/\" \/>\n<meta property=\"og:locale\" content=\"en_US\" \/>\n<meta property=\"og:type\" content=\"article\" \/>\n<meta property=\"og:title\" content=\"Gas sterilization: Why choose ethylene oxide?\" \/>\n<meta property=\"og:description\" content=\"IONISOS presents its gas sterilization services. Whether you want to treat pharmaceutical products, medical items, or archival documents, our group guarantees you a tailored service and personalized support.\" \/>\n<meta property=\"og:url\" content=\"https:\/\/www.ionisos.com\/sterilisation-par-gaz\/\" \/>\n<meta property=\"og:site_name\" content=\"Ionisos\" \/>\n<meta property=\"article:modified_time\" content=\"2024-10-02T12:25:12+00:00\" \/>\n<meta name=\"twitter:card\" content=\"summary_large_image\" \/>\n<meta name=\"twitter:label1\" content=\"Est. reading time\" \/>\n\t<meta name=\"twitter:data1\" content=\"4 minutes\" \/>\n<script type=\"application\/ld+json\" class=\"yoast-schema-graph\">{\"@context\":\"https:\/\/schema.org\",\"@graph\":[{\"@type\":\"WebPage\",\"@id\":\"https:\/\/www.ionisos.com\/sterilisation-par-gaz\/\",\"url\":\"https:\/\/www.ionisos.com\/sterilisation-par-gaz\/\",\"name\":\"Gas sterilization: Why choose ethylene oxide?\",\"isPartOf\":{\"@id\":\"https:\/\/www.ionisos.com\/#website\"},\"datePublished\":\"2024-10-02T12:25:09+00:00\",\"dateModified\":\"2024-10-02T12:25:12+00:00\",\"description\":\"IONISOS presents its gas sterilization services. Whether you want to treat pharmaceutical products, medical items, or archival documents, our group guarantees you a tailored service and personalized support.\",\"breadcrumb\":{\"@id\":\"https:\/\/www.ionisos.com\/sterilisation-par-gaz\/#breadcrumb\"},\"inLanguage\":\"en-US\",\"potentialAction\":[{\"@type\":\"ReadAction\",\"target\":[\"https:\/\/www.ionisos.com\/sterilisation-par-gaz\/\"]}]},{\"@type\":\"BreadcrumbList\",\"@id\":\"https:\/\/www.ionisos.com\/sterilisation-par-gaz\/#breadcrumb\",\"itemListElement\":[{\"@type\":\"ListItem\",\"position\":1,\"name\":\"Accueil\",\"item\":\"https:\/\/www.ionisos.com\/en\/\"},{\"@type\":\"ListItem\",\"position\":2,\"name\":\"Gas sterilization\"}]},{\"@type\":\"WebSite\",\"@id\":\"https:\/\/www.ionisos.com\/#website\",\"url\":\"https:\/\/www.ionisos.com\/\",\"name\":\"Ionisos\",\"description\":\"Ionisation par \u00e9lectrons acc\u00e9l\u00e9r\u00e9s, rayons gamma, rayons X et oxyde d&#039;\u00e9thyl\u00e8ne\",\"potentialAction\":[{\"@type\":\"SearchAction\",\"target\":{\"@type\":\"EntryPoint\",\"urlTemplate\":\"https:\/\/www.ionisos.com\/?s={search_term_string}\"},\"query-input\":{\"@type\":\"PropertyValueSpecification\",\"valueRequired\":true,\"valueName\":\"search_term_string\"}}],\"inLanguage\":\"en-US\"}]}<\/script>\n<!-- \/ Yoast SEO plugin. -->","yoast_head_json":{"title":"Gas sterilization: Why choose ethylene oxide?","description":"IONISOS presents its gas sterilization services. Whether you want to treat pharmaceutical products, medical items, or archival documents, our group guarantees you a tailored service and personalized support.","robots":{"index":"index","follow":"follow","max-snippet":"max-snippet:-1","max-image-preview":"max-image-preview:large","max-video-preview":"max-video-preview:-1"},"canonical":"https:\/\/www.ionisos.com\/sterilisation-par-gaz\/","og_locale":"en_US","og_type":"article","og_title":"Gas sterilization: Why choose ethylene oxide?","og_description":"IONISOS presents its gas sterilization services. Whether you want to treat pharmaceutical products, medical items, or archival documents, our group guarantees you a tailored service and personalized support.","og_url":"https:\/\/www.ionisos.com\/sterilisation-par-gaz\/","og_site_name":"Ionisos","article_modified_time":"2024-10-02T12:25:12+00:00","twitter_card":"summary_large_image","twitter_misc":{"Est. reading time":"4 minutes"},"schema":{"@context":"https:\/\/schema.org","@graph":[{"@type":"WebPage","@id":"https:\/\/www.ionisos.com\/sterilisation-par-gaz\/","url":"https:\/\/www.ionisos.com\/sterilisation-par-gaz\/","name":"Gas sterilization: Why choose ethylene oxide?","isPartOf":{"@id":"https:\/\/www.ionisos.com\/#website"},"datePublished":"2024-10-02T12:25:09+00:00","dateModified":"2024-10-02T12:25:12+00:00","description":"IONISOS presents its gas sterilization services. Whether you want to treat pharmaceutical products, medical items, or archival documents, our group guarantees you a tailored service and personalized support.","breadcrumb":{"@id":"https:\/\/www.ionisos.com\/sterilisation-par-gaz\/#breadcrumb"},"inLanguage":"en-US","potentialAction":[{"@type":"ReadAction","target":["https:\/\/www.ionisos.com\/sterilisation-par-gaz\/"]}]},{"@type":"BreadcrumbList","@id":"https:\/\/www.ionisos.com\/sterilisation-par-gaz\/#breadcrumb","itemListElement":[{"@type":"ListItem","position":1,"name":"Accueil","item":"https:\/\/www.ionisos.com\/en\/"},{"@type":"ListItem","position":2,"name":"Gas sterilization"}]},{"@type":"WebSite","@id":"https:\/\/www.ionisos.com\/#website","url":"https:\/\/www.ionisos.com\/","name":"Ionisos","description":"Ionisation par \u00e9lectrons acc\u00e9l\u00e9r\u00e9s, rayons gamma, rayons X et oxyde d&#039;\u00e9thyl\u00e8ne","potentialAction":[{"@type":"SearchAction","target":{"@type":"EntryPoint","urlTemplate":"https:\/\/www.ionisos.com\/?s={search_term_string}"},"query-input":{"@type":"PropertyValueSpecification","valueRequired":true,"valueName":"search_term_string"}}],"inLanguage":"en-US"}]}},"_links":{"self":[{"href":"https:\/\/www.ionisos.com\/en\/wp-json\/wp\/v2\/pages\/25424","targetHints":{"allow":["GET"]}}],"collection":[{"href":"https:\/\/www.ionisos.com\/en\/wp-json\/wp\/v2\/pages"}],"about":[{"href":"https:\/\/www.ionisos.com\/en\/wp-json\/wp\/v2\/types\/page"}],"author":[{"embeddable":true,"href":"https:\/\/www.ionisos.com\/en\/wp-json\/wp\/v2\/users\/4"}],"replies":[{"embeddable":true,"href":"https:\/\/www.ionisos.com\/en\/wp-json\/wp\/v2\/comments?post=25424"}],"version-history":[{"count":5,"href":"https:\/\/www.ionisos.com\/en\/wp-json\/wp\/v2\/pages\/25424\/revisions"}],"predecessor-version":[{"id":25429,"href":"https:\/\/www.ionisos.com\/en\/wp-json\/wp\/v2\/pages\/25424\/revisions\/25429"}],"wp:attachment":[{"href":"https:\/\/www.ionisos.com\/en\/wp-json\/wp\/v2\/media?parent=25424"}],"curies":[{"name":"wp","href":"https:\/\/api.w.org\/{rel}","templated":true}]}}