 {"id":25400,"date":"2024-10-02T14:06:07","date_gmt":"2024-10-02T12:06:07","guid":{"rendered":"https:\/\/www.ionisos.com\/sterilisation-by-gamma-radiation\/"},"modified":"2024-10-02T14:06:09","modified_gmt":"2024-10-02T12:06:09","slug":"sterilisation-by-gamma-radiation","status":"publish","type":"page","link":"https:\/\/www.ionisos.com\/en\/sterilisation-by-gamma-radiation\/","title":{"rendered":"Sterilisation by gamma radiation"},"content":{"rendered":"<p>[vc_row bg_image=&#8221;16355&#8243; bg_repeat=&#8221;no-repeat&#8221; text_color=&#8221;light&#8221; text_align=&#8221;center&#8221; top_padding=&#8221;80&#8243; bottom_padding=&#8221;80&#8243;][vc_column width=&#8221;1\/1&#8243;]<h1 class=\"headline \u2018font-special\u2019 \u2018fontsize-xxl\u2019 fontweight-inherit lh-inherit align-center \u2018transform-uppercase\u2019 \" style=\"margin: \u20180\u2019;\">Gamma radiation sterilisation:<br \/>\nA proven effective solution<\/h1>[\/vc_column][\/vc_row][vc_row top_padding=&#8221;80&#8243; bottom_padding=&#8221;80&#8243;][vc_column width=&#8221;1\/1&#8243;][vc_column_text]<\/p>\n<p style=\"text-align: center;\">Gamma <strong>radiation sterilization<\/strong> is widely used to effectively treat a large number of medical, pharmaceutical, or cosmetic products, as well as packaging.<\/p>\n<p style=\"text-align: center;\">Favored by industries due to its ability to process an entire load in just a few hours, this <strong>sterilization technique<\/strong> has proven its worth and allows for immediate product availability\u2014saving storage costs and enabling quick commercialization.<\/p>\n<p style=\"text-align: center;\">However, it requires great precision and the expertise of a reliable provider. This is exactly what IONISOS offers, a specialist in <strong>ionization sterilization<\/strong> for over 60 years.<\/p>\n<p style=\"text-align: center;\">We handle orders from our clients in France and Europe through our specialized centers. Discover our high-end offering.<\/p>\n<p>[\/vc_column_text][\/vc_column][\/vc_row][vc_row type=&#8221;full_width_section&#8221; bg_color=&#8221;#f7f7f7&#8243;][vc_column column_padding=&#8221;padding-6&#8243; column_center=&#8221;true&#8221; width=&#8221;2\/3&#8243;][vc_column_text el_class=&#8221;h2presta&#8221;]<\/p>\n<h2>Process of <a href=\"https:\/\/www.ionisos.com\/sterilisation-rayon-gamma\/\">Gamma Radiation Sterilization<\/a><\/h2>\n<p><strong>Gamma treatment<\/strong> is an ionization sterilization process, meaning it works by energy absorption.<\/p>\n<p>The process is simple and completely safe: products are transported in their final packaging, either by parcel or pallet, on an automated conveyor system programmed to move at a specific speed according to the previously determined exposure time required.<\/p>\n<p>The conveyor passes through a concrete cell with walls 2 meters thick, inside of which is Cobalt 60 (a radioactive source) whose activity produces radiation for a limited duration. For optimal safety, Cobalt 60 is sealed in a double-layer stainless steel container and suspended above a water pool. When in &#8220;rest&#8221; mode, the cobalt is submerged in 7 to 8 meters of water to contain the radiation.<\/p>\n<p>The products pass under the rays for the necessary time to achieve perfect sterilization\u2014the exposure dose is calculated by us based on the nature of the products and their characteristics, following the applicable validation standards such as ISO 11137-2.[\/vc_column_text][\/vc_column][vc_column bg_image=&#8221;16882&#8243; column_center=&#8221;true&#8221; width=&#8221;1\/3&#8243;]<div class=\"spacer\" style=\"height: 250px;\"><\/div>[\/vc_column][\/vc_row][vc_row type=&#8221;full_width_section&#8221; bg_color=&#8221;#f1f1f1&#8243;][vc_column bg_image=&#8221;15460&#8243; column_center=&#8221;true&#8221; width=&#8221;1\/3&#8243;]<div class=\"spacer\" style=\"height: 250px;\"><\/div>[\/vc_column][vc_column column_padding=&#8221;padding-6&#8243; column_center=&#8221;true&#8221; width=&#8221;2\/3&#8243;][vc_column_text el_class=&#8221;h2presta&#8221;]<\/p>\n<h2>A Safe Process with Multiple Advantages<\/h2>\n<p><strong>Gamma sterilization<\/strong> offers a double advantage: it can treat large volumes of packaged products in just a few hours without requiring a dynamic aeration phase before they are made available.<\/p>\n<p><strong>Gamma irradiation<\/strong> is a completely safe process, carried out at room temperature without any chemical additives. Since the method leaves no chemical residues on the products, there is no need for storage; they are delivered to you as soon as quality checks are completed. This saves you both time and money.<\/p>\n<p>Moreover, gamma is compatible with a wide variety of materials and products (such as beverage and medication packaging, medical devices, pharmaceuticals, cosmetics, veterinary products\u2026) and can be used to treat products with packaging of varying dimensions simultaneously. This makes it an ideal solution for professionals.<br \/>\n[\/vc_column_text][\/vc_column][\/vc_row][vc_row type=&#8221;full_width_section&#8221; bg_color=&#8221;#f7f7f7&#8243;][vc_column column_padding=&#8221;padding-6&#8243; column_center=&#8221;true&#8221; width=&#8221;2\/3&#8243;][vc_column_text el_class=&#8221;h2presta&#8221;]<\/p>\n<h2>IONISOS: Tailored Support for Premium Results<\/h2>\n<p>Founded in 1993 from the merger of Conservatome (established in 1956) and Amphytrion, the IONISOS group works daily with players in the medical, pharmaceutical, cosmetic, and agri-food sectors.<\/p>\n<p>More than just a service provider, we offer long-term support with personalized follow-up. From your first order, a dedicated contact person advises you based on your needs and the nature of your products. This person will oversee all your projects, regardless of the technique applied. Our goal: to provide you with ever higher service quality and anticipate your needs.<\/p>\n<p>IONISOS operates 4 specialized sites for <strong>gamma radiation treatment<\/strong> (3 in France, 1 in Estonia). With a state-of-the-art logistics system, each center is capable of handling large volumes and delivering them on schedule.<\/p>\n<p>Validations and quality controls are carried out on-site in our laboratories, in strict compliance with current standards. Our facilities are subject to rigorous inspections.<br \/>\n[\/vc_column_text][\/vc_column][vc_column bg_image=&#8221;17697&#8243; column_center=&#8221;true&#8221; width=&#8221;1\/3&#8243;]<div class=\"spacer\" style=\"height: 250px;\"><\/div>[\/vc_column][\/vc_row][vc_row bg_color=&#8221;#0b2677&#8243; text_color=&#8221;light&#8221; text_align=&#8221;center&#8221; top_padding=&#8221;40&#8243; bottom_padding=&#8221;40&#8243;][vc_column width=&#8221;2\/3&#8243;]<div class=\"spacer\" style=\"height: 5px;\"><\/div>[vc_column_text el_class=&#8221;cta&#8221;]To start a collaboration with IONISOS or for any inquiries, our advisors are at your disposal.[\/vc_column_text][\/vc_column][vc_column width=&#8221;1\/3&#8243;][vc_row_inner][vc_column_inner]<a href=\"\/contact\/\" target=\"_self\" class=\"button color-8 medium \" style=\"border-radius: 2px;\">Contact Us<\/a>[\/vc_column_inner][\/vc_row_inner][\/vc_column][\/vc_row]<\/p>\n","protected":false},"excerpt":{"rendered":"<p>[vc_row bg_image=&#8221;16355&#8243; bg_repeat=&#8221;no-repeat&#8221; text_color=&#8221;light&#8221; text_align=&#8221;center&#8221; top_padding=&#8221;80&#8243; bottom_padding=&#8221;80&#8243;][vc_column width=&#8221;1\/1&#8243;][\/vc_column][\/vc_row][vc_row top_padding=&#8221;80&#8243; bottom_padding=&#8221;80&#8243;][vc_column width=&#8221;1\/1&#8243;][vc_column_text] Gamma radiation sterilization is widely used to effectively treat a large number of medical, pharmaceutical, or cosmetic products, as well as packaging. Favored by industries due to its ability to process an entire load in just a few hours, this sterilization technique has proven its worth and allows for immediate product availability\u2014saving storage costs and enabling quick commercialization. However, it requires great precision and the expertise of a reliable provider. This is exactly what IONISOS offers, a specialist in ionization sterilization for over 60 years. We handle orders from our clients in France and Europe through our specialized centers. Discover our high-end offering. [\/vc_column_text][\/vc_column][\/vc_row][vc_row type=&#8221;full_width_section&#8221; bg_color=&#8221;#f7f7f7&#8243;][vc_column column_padding=&#8221;padding-6&#8243; column_center=&#8221;true&#8221; width=&#8221;2\/3&#8243;][vc_column_text el_class=&#8221;h2presta&#8221;] Process of Gamma Radiation Sterilization Gamma treatment is an ionization sterilization process, meaning it works by energy absorption. The process is simple and completely safe: products are transported in their final packaging, either by parcel or pallet, on an automated conveyor system programmed to move at a specific speed according to the previously determined exposure time required. The conveyor passes through a concrete cell with walls 2 meters thick, inside of which is Cobalt 60 (a radioactive source) whose [&hellip;]<\/p>\n","protected":false},"author":4,"featured_media":0,"parent":0,"menu_order":0,"comment_status":"closed","ping_status":"open","template":"","meta":{"inline_featured_image":false,"footnotes":""},"class_list":["post-25400","page","type-page","status-publish","hentry"],"yoast_head":"<!-- This site is optimized with the Yoast SEO plugin v26.3 - https:\/\/yoast.com\/wordpress\/plugins\/seo\/ -->\n<title>Gamma radiation sterilisation: Proven effectiveness<\/title>\n<meta name=\"description\" content=\"IONISOS presents its gamma radiation sterilisation offer. Treatment progress, quality control, customised monitoring, responsiveness: take advantage of a top-of-the-range service in France and Europe.\" \/>\n<meta name=\"robots\" content=\"index, follow, max-snippet:-1, max-image-preview:large, max-video-preview:-1\" \/>\n<link rel=\"canonical\" href=\"https:\/\/www.ionisos.com\/sterilisation-par-rayonnement-gamma\/\" \/>\n<meta property=\"og:locale\" content=\"en_US\" \/>\n<meta property=\"og:type\" content=\"article\" \/>\n<meta property=\"og:title\" content=\"Gamma radiation sterilisation: Proven effectiveness\" \/>\n<meta property=\"og:description\" content=\"IONISOS presents its gamma radiation sterilisation offer. Treatment progress, quality control, customised monitoring, responsiveness: take advantage of a top-of-the-range service in France and Europe.\" \/>\n<meta property=\"og:url\" content=\"https:\/\/www.ionisos.com\/sterilisation-par-rayonnement-gamma\/\" \/>\n<meta property=\"og:site_name\" content=\"Ionisos\" \/>\n<meta property=\"article:modified_time\" content=\"2024-10-02T12:06:09+00:00\" \/>\n<meta name=\"twitter:card\" content=\"summary_large_image\" \/>\n<meta name=\"twitter:label1\" content=\"Est. reading time\" \/>\n\t<meta name=\"twitter:data1\" content=\"4 minutes\" \/>\n<script type=\"application\/ld+json\" class=\"yoast-schema-graph\">{\"@context\":\"https:\/\/schema.org\",\"@graph\":[{\"@type\":\"WebPage\",\"@id\":\"https:\/\/www.ionisos.com\/sterilisation-par-rayonnement-gamma\/\",\"url\":\"https:\/\/www.ionisos.com\/sterilisation-par-rayonnement-gamma\/\",\"name\":\"Gamma radiation sterilisation: Proven effectiveness\",\"isPartOf\":{\"@id\":\"https:\/\/www.ionisos.com\/#website\"},\"datePublished\":\"2024-10-02T12:06:07+00:00\",\"dateModified\":\"2024-10-02T12:06:09+00:00\",\"description\":\"IONISOS presents its gamma radiation sterilisation offer. Treatment progress, quality control, customised monitoring, responsiveness: take advantage of a top-of-the-range service in France and Europe.\",\"breadcrumb\":{\"@id\":\"https:\/\/www.ionisos.com\/sterilisation-par-rayonnement-gamma\/#breadcrumb\"},\"inLanguage\":\"en-US\",\"potentialAction\":[{\"@type\":\"ReadAction\",\"target\":[\"https:\/\/www.ionisos.com\/sterilisation-par-rayonnement-gamma\/\"]}]},{\"@type\":\"BreadcrumbList\",\"@id\":\"https:\/\/www.ionisos.com\/sterilisation-par-rayonnement-gamma\/#breadcrumb\",\"itemListElement\":[{\"@type\":\"ListItem\",\"position\":1,\"name\":\"Accueil\",\"item\":\"https:\/\/www.ionisos.com\/en\/\"},{\"@type\":\"ListItem\",\"position\":2,\"name\":\"Sterilisation by gamma radiation\"}]},{\"@type\":\"WebSite\",\"@id\":\"https:\/\/www.ionisos.com\/#website\",\"url\":\"https:\/\/www.ionisos.com\/\",\"name\":\"Ionisos\",\"description\":\"Ionisation par \u00e9lectrons acc\u00e9l\u00e9r\u00e9s, rayons gamma, rayons X et oxyde d&#039;\u00e9thyl\u00e8ne\",\"potentialAction\":[{\"@type\":\"SearchAction\",\"target\":{\"@type\":\"EntryPoint\",\"urlTemplate\":\"https:\/\/www.ionisos.com\/?s={search_term_string}\"},\"query-input\":{\"@type\":\"PropertyValueSpecification\",\"valueRequired\":true,\"valueName\":\"search_term_string\"}}],\"inLanguage\":\"en-US\"}]}<\/script>\n<!-- \/ Yoast SEO plugin. -->","yoast_head_json":{"title":"Gamma radiation sterilisation: Proven effectiveness","description":"IONISOS presents its gamma radiation sterilisation offer. Treatment progress, quality control, customised monitoring, responsiveness: take advantage of a top-of-the-range service in France and Europe.","robots":{"index":"index","follow":"follow","max-snippet":"max-snippet:-1","max-image-preview":"max-image-preview:large","max-video-preview":"max-video-preview:-1"},"canonical":"https:\/\/www.ionisos.com\/sterilisation-par-rayonnement-gamma\/","og_locale":"en_US","og_type":"article","og_title":"Gamma radiation sterilisation: Proven effectiveness","og_description":"IONISOS presents its gamma radiation sterilisation offer. Treatment progress, quality control, customised monitoring, responsiveness: take advantage of a top-of-the-range service in France and Europe.","og_url":"https:\/\/www.ionisos.com\/sterilisation-par-rayonnement-gamma\/","og_site_name":"Ionisos","article_modified_time":"2024-10-02T12:06:09+00:00","twitter_card":"summary_large_image","twitter_misc":{"Est. reading time":"4 minutes"},"schema":{"@context":"https:\/\/schema.org","@graph":[{"@type":"WebPage","@id":"https:\/\/www.ionisos.com\/sterilisation-par-rayonnement-gamma\/","url":"https:\/\/www.ionisos.com\/sterilisation-par-rayonnement-gamma\/","name":"Gamma radiation sterilisation: Proven effectiveness","isPartOf":{"@id":"https:\/\/www.ionisos.com\/#website"},"datePublished":"2024-10-02T12:06:07+00:00","dateModified":"2024-10-02T12:06:09+00:00","description":"IONISOS presents its gamma radiation sterilisation offer. Treatment progress, quality control, customised monitoring, responsiveness: take advantage of a top-of-the-range service in France and Europe.","breadcrumb":{"@id":"https:\/\/www.ionisos.com\/sterilisation-par-rayonnement-gamma\/#breadcrumb"},"inLanguage":"en-US","potentialAction":[{"@type":"ReadAction","target":["https:\/\/www.ionisos.com\/sterilisation-par-rayonnement-gamma\/"]}]},{"@type":"BreadcrumbList","@id":"https:\/\/www.ionisos.com\/sterilisation-par-rayonnement-gamma\/#breadcrumb","itemListElement":[{"@type":"ListItem","position":1,"name":"Accueil","item":"https:\/\/www.ionisos.com\/en\/"},{"@type":"ListItem","position":2,"name":"Sterilisation by gamma radiation"}]},{"@type":"WebSite","@id":"https:\/\/www.ionisos.com\/#website","url":"https:\/\/www.ionisos.com\/","name":"Ionisos","description":"Ionisation par \u00e9lectrons acc\u00e9l\u00e9r\u00e9s, rayons gamma, rayons X et oxyde d&#039;\u00e9thyl\u00e8ne","potentialAction":[{"@type":"SearchAction","target":{"@type":"EntryPoint","urlTemplate":"https:\/\/www.ionisos.com\/?s={search_term_string}"},"query-input":{"@type":"PropertyValueSpecification","valueRequired":true,"valueName":"search_term_string"}}],"inLanguage":"en-US"}]}},"_links":{"self":[{"href":"https:\/\/www.ionisos.com\/en\/wp-json\/wp\/v2\/pages\/25400","targetHints":{"allow":["GET"]}}],"collection":[{"href":"https:\/\/www.ionisos.com\/en\/wp-json\/wp\/v2\/pages"}],"about":[{"href":"https:\/\/www.ionisos.com\/en\/wp-json\/wp\/v2\/types\/page"}],"author":[{"embeddable":true,"href":"https:\/\/www.ionisos.com\/en\/wp-json\/wp\/v2\/users\/4"}],"replies":[{"embeddable":true,"href":"https:\/\/www.ionisos.com\/en\/wp-json\/wp\/v2\/comments?post=25400"}],"version-history":[{"count":5,"href":"https:\/\/www.ionisos.com\/en\/wp-json\/wp\/v2\/pages\/25400\/revisions"}],"predecessor-version":[{"id":25405,"href":"https:\/\/www.ionisos.com\/en\/wp-json\/wp\/v2\/pages\/25400\/revisions\/25405"}],"wp:attachment":[{"href":"https:\/\/www.ionisos.com\/en\/wp-json\/wp\/v2\/media?parent=25400"}],"curies":[{"name":"wp","href":"https:\/\/api.w.org\/{rel}","templated":true}]}}