 {"id":25375,"date":"2024-10-01T11:13:11","date_gmt":"2024-10-01T09:13:11","guid":{"rendered":"https:\/\/www.ionisos.com\/e-beam-sterilization\/"},"modified":"2024-10-01T11:14:03","modified_gmt":"2024-10-01T09:14:03","slug":"e-beam-sterilization","status":"publish","type":"page","link":"https:\/\/www.ionisos.com\/en\/e-beam-sterilization\/","title":{"rendered":"E-beam sterilization"},"content":{"rendered":"<p>[vc_row bg_image=&#8221;16355&#8243; bg_repeat=&#8221;no-repeat&#8221; text_color=&#8221;light&#8221; text_align=&#8221;center&#8221; top_padding=&#8221;80&#8243; bottom_padding=&#8221;80&#8243;][vc_column width=&#8221;1\/1&#8243;]<h1 class=\"headline font-special fontsize-xxl fontweight-inherit lh-inherit align-center transform-uppercase \" style=\"margin: 0;\">E-beam: Fast and Effective Sterilization with Electron Beams<\/h1>[\/vc_column][\/vc_row][vc_row top_padding=&#8221;80&#8243; bottom_padding=&#8221;80&#8243;][vc_column width=&#8221;1\/1&#8243;][vc_column_text]<\/p>\n<p style=\"text-align: center;\">E-beam sterilization (also known as <a href=\"https:\/\/www.ionisos.com\/traitement-beta\/\">beta treatment<\/a>) is one of the most widely used techniques for processing products in their final packaging quickly without altering their characteristics. By trusting IONISOS, you benefit from over 60 years of expertise, including more than 25 years serving professionals in the pharmaceutical, medical, and cosmetic sectors.<\/p>\n<p style=\"text-align: center;\">With our three treatment sites, we guarantee true responsiveness, wherever you are in Europe.<\/p>\n<p style=\"text-align: center;\">Discover the benefits of <strong>beta sterilization<\/strong> and our services.<\/p>\n<p>[\/vc_column_text][\/vc_column][\/vc_row][vc_row type=&#8221;full_width_section&#8221; bg_color=&#8221;#f7f7f7&#8243;][vc_column column_padding=&#8221;padding-6&#8243; column_center=&#8221;true&#8221; width=&#8221;2\/3&#8243;][vc_column_text el_class=&#8221;h2presta&#8221;]<\/p>\n<h2>What does beta treatment consist of?<\/h2>\n<p style=\"text-align: justify;\">Like gamma treatment, <strong>e-beam treatment<\/strong> is a method of sterilization by radiation. The basic principle is largely the same: products are placed on an automatic conveyor system and transported at a certain speed inside a cell where they will be exposed to rays for a specified duration.<\/p>\n<p style=\"text-align: justify;\">However, the nature of beta rays differs from gamma rays as they are generated by electric generators. These generators produce accelerated electrons between two electrodes, forming a beam of rays a few centimeters in diameter. The products pass under the beam to be irradiated. In this way, microorganisms and bacteria present inside and on the surface of the products are destroyed, achieving perfect sterilization.<\/p>\n<p style=\"text-align: justify;\">Beta radiation has a more limited penetration capability than gamma radiation for a higher dose. Therefore, products to be sterilized are loaded in packages rather than pallets. Each package is exposed to the rays for just a few seconds during two passes: first on one side, then on the other, using a rotating package system.<\/p>\n<p>[\/vc_column_text][\/vc_column][vc_column bg_image=&#8221;15460&#8243; column_center=&#8221;true&#8221; width=&#8221;1\/3&#8243;]<div class=\"spacer\" style=\"height: 250px;\"><\/div>[\/vc_column][\/vc_row][vc_row type=&#8221;full_width_section&#8221; bg_color=&#8221;#f1f1f1&#8243;][vc_column bg_image=&#8221;16815&#8243; column_center=&#8221;true&#8221; width=&#8221;1\/3&#8243;]<div class=\"spacer\" style=\"height: 250px;\"><\/div>[\/vc_column][vc_column column_padding=&#8221;padding-6&#8243; column_center=&#8221;true&#8221; width=&#8221;2\/3&#8243;][vc_column_text el_class=&#8221;h2presta&#8221;]<\/p>\n<h2>The Multiple Advantages of E-beam<\/h2>\n<p style=\"text-align: justify;\"><strong>E-beam irradiation<\/strong> is a sterilization technique advantageous for several reasons:<\/p>\n<ul>\n<li>It is performed at room temperature and leaves no chemical residue. Unlike ethylene oxide sterilization, which requires a degassing phase, products are immediately available once conformity control tests are completed. This helps avoid immobilizing the supply chain.<\/li>\n<li>It allows for the sterilization of an entire load within a few hours.<\/li>\n<li>The risks of oxidation are more limited with beta treatment. This method is therefore compatible with a wide range of materials and resins whose composition may not always allow for gamma treatment.<\/li>\n<li>It has a very broad range of applications: single-use medical devices, pharmaceutical products, cosmetics, cables&#8230;<\/li>\n<\/ul>\n<p>[\/vc_column_text][\/vc_column][\/vc_row][vc_row top_padding=&#8221;100&#8243; bottom_padding=&#8221;80&#8243;][vc_column width=&#8221;1\/1&#8243;][vc_column_text el_class=&#8221;h2presta&#8221;]<\/p>\n<h2 style=\"text-align: center;\">A Tailored Service with IONISOS<\/h2>\n<p>[\/vc_column_text][vc_column_text el_class=&#8221;h2presta&#8221;]<\/p>\n<p style=\"text-align: center;\">IONISOS has 3 treatment sites specialized in e-beam: one in France in the Aube department, one in central Spain near Madrid and Valencia, and finally one in Saxony, Germany.<\/p>\n<p>[\/vc_column_text][vc_row_inner el_class=&#8221;back-grey&#8221;][vc_column_inner el_class=&#8221;chiffre-ionisos&#8221; width=&#8221;1\/3&#8243; css=&#8221;.vc_custom_1568211399991{padding-top: 5% !important;padding-right: 5% !important;padding-bottom: 5% !important;padding-left: 5% !important;}&#8221;][vc_column_text]<\/p>\n<p style=\"text-align: center;\"><strong>TROYES CHAUMESNIL<\/strong><\/p>\n<p style=\"text-align: center;\">Z.I. &#8211; 10500 Chaumesnil<br \/>\nFrance<\/p>\n<p style=\"text-align: center;\">T\u00e9l. : +33 (0)3.25.92.99.05<br \/>\nFax : +33 (0)3.25.92.80.97<\/p>\n<p>[\/vc_column_text][\/vc_column_inner][vc_column_inner el_class=&#8221;chiffre-ionisos&#8221; width=&#8221;1\/3&#8243;][vc_column_text]<\/p>\n<p style=\"text-align: center;\"><strong>IONISOS IBERICA<\/strong><\/p>\n<p style=\"text-align: center;\">16400 Tarancon<br \/>(Cuenca) Spain<\/p>\n<p style=\"text-align: center;\">Phone: +34 969 320496<br \/>\nFax: +34 969 325202<\/p>\n<p>[\/vc_column_text][\/vc_column_inner][vc_column_inner el_class=&#8221;chiffre-ionisos&#8221; width=&#8221;1\/3&#8243;][vc_column_text]<\/p>\n<p style=\"text-align: center;\"><strong>IONISOS GERMANY<\/strong><\/p>\n<p style=\"text-align: center;\">Nikolaux-Otto-Stra\u00dfe 5<br \/>02625 Bautzen<\/p>\n<p style=\"text-align: center;\">Phone: +49 (0)35937-8838-0<br \/>\nFax: +49 (0)35937-8838-11<\/p>\n<p>[\/vc_column_text][\/vc_column_inner][\/vc_row_inner]<div class=\"spacer\" style=\"height: 30px;\"><\/div>[vc_column_text el_class=&#8221;h2presta&#8221;]<\/p>\n<p style=\"text-align: center;\">The logistics of our various certified centers enable us to efficiently meet your needs under all circumstances, whether for <strong>electron beam sterilization<\/strong> or for decontamination or crosslinking services.<\/p>\n<p style=\"text-align: center;\">More than just a service provider, IONISOS is your preferred partner for the sterilization of your products, as our group also has 4 gamma treatment sites and 4 ethylene oxide treatment sites. You will benefit from the advice of a single point of contact who can guide you toward the most suitable method for your needs based on the characteristics of your products. Most importantly, through the improvement of our processes, we guarantee a true continuity of support and consistent quality.<\/p>\n<p style=\"text-align: center;\">This way, you benefit from a high-end service and true peace of mind.<\/p>\n<p>[\/vc_column_text][\/vc_column][\/vc_row][vc_row bg_color=&#8221;#0b2677&#8243; text_color=&#8221;light&#8221; text_align=&#8221;center&#8221; top_padding=&#8221;40&#8243; bottom_padding=&#8221;40&#8243;][vc_column width=&#8221;2\/3&#8243;]<div class=\"spacer\" style=\"height: 5px;\"><\/div>[vc_column_text el_class=&#8221;cta&#8221;]<\/p>\n<p style=\"text-align: left;\">Any questions? An order? IONISOS is here to listen to your needs&#8230;<\/p>\n<p>[\/vc_column_text][\/vc_column][vc_column width=&#8221;1\/3&#8243;][vc_row_inner][vc_column_inner]<a href=\"\/contact\/\" target=\"_self\" class=\"button color-8 medium \" style=\"border-radius: 2px;\">Contact-us<\/a>[\/vc_column_inner][\/vc_row_inner][\/vc_column][\/vc_row]<\/p>\n","protected":false},"excerpt":{"rendered":"<p>[vc_row bg_image=&#8221;16355&#8243; bg_repeat=&#8221;no-repeat&#8221; text_color=&#8221;light&#8221; text_align=&#8221;center&#8221; top_padding=&#8221;80&#8243; bottom_padding=&#8221;80&#8243;][vc_column width=&#8221;1\/1&#8243;][\/vc_column][\/vc_row][vc_row top_padding=&#8221;80&#8243; bottom_padding=&#8221;80&#8243;][vc_column width=&#8221;1\/1&#8243;][vc_column_text] E-beam sterilization (also known as beta treatment) is one of the most widely used techniques for processing products in their final packaging quickly without altering their characteristics. By trusting IONISOS, you benefit from over 60 years of expertise, including more than 25 years serving professionals in the pharmaceutical, medical, and cosmetic sectors. With our three treatment sites, we guarantee true responsiveness, wherever you are in Europe. Discover the benefits of beta sterilization and our services. [\/vc_column_text][\/vc_column][\/vc_row][vc_row type=&#8221;full_width_section&#8221; bg_color=&#8221;#f7f7f7&#8243;][vc_column column_padding=&#8221;padding-6&#8243; column_center=&#8221;true&#8221; width=&#8221;2\/3&#8243;][vc_column_text el_class=&#8221;h2presta&#8221;] What does beta treatment consist of? Like gamma treatment, e-beam treatment is a method of sterilization by radiation. The basic principle is largely the same: products are placed on an automatic conveyor system and transported at a certain speed inside a cell where they will be exposed to rays for a specified duration. However, the nature of beta rays differs from gamma rays as they are generated by electric generators. These generators produce accelerated electrons between two electrodes, forming a beam of rays a few centimeters in diameter. The products pass under the beam to be irradiated. In this way, microorganisms and bacteria present inside and on [&hellip;]<\/p>\n","protected":false},"author":4,"featured_media":0,"parent":0,"menu_order":0,"comment_status":"closed","ping_status":"open","template":"","meta":{"inline_featured_image":false,"footnotes":""},"class_list":["post-25375","page","type-page","status-publish","hentry"],"yoast_head":"<!-- This site is optimized with the Yoast SEO plugin v26.3 - https:\/\/yoast.com\/wordpress\/plugins\/seo\/ -->\n<title>E-beam: Fast and 100% Effective Sterilization for Your Products<\/title>\n<meta name=\"description\" content=\"The beta or e-beam is a safe and rapid sterilization technique used to treat products in their final packaging. As a radiation sterilization specialist for over 60 years, IONISOS offers tailored services through its three treatment centers in France and Europe.\" \/>\n<meta name=\"robots\" content=\"index, follow, max-snippet:-1, max-image-preview:large, max-video-preview:-1\" \/>\n<link rel=\"canonical\" href=\"https:\/\/www.ionisos.com\/e-beam-sterilisation\/\" \/>\n<meta property=\"og:locale\" content=\"en_US\" \/>\n<meta property=\"og:type\" content=\"article\" \/>\n<meta property=\"og:title\" content=\"E-beam: Fast and 100% Effective Sterilization for Your Products\" \/>\n<meta property=\"og:description\" content=\"The beta or e-beam is a safe and rapid sterilization technique used to treat products in their final packaging. As a radiation sterilization specialist for over 60 years, IONISOS offers tailored services through its three treatment centers in France and Europe.\" \/>\n<meta property=\"og:url\" content=\"https:\/\/www.ionisos.com\/e-beam-sterilisation\/\" \/>\n<meta property=\"og:site_name\" content=\"Ionisos\" \/>\n<meta property=\"article:modified_time\" content=\"2024-10-01T09:14:03+00:00\" \/>\n<meta name=\"twitter:card\" content=\"summary_large_image\" \/>\n<meta name=\"twitter:label1\" content=\"Est. reading time\" \/>\n\t<meta name=\"twitter:data1\" content=\"4 minutes\" \/>\n<script type=\"application\/ld+json\" class=\"yoast-schema-graph\">{\"@context\":\"https:\/\/schema.org\",\"@graph\":[{\"@type\":\"WebPage\",\"@id\":\"https:\/\/www.ionisos.com\/e-beam-sterilisation\/\",\"url\":\"https:\/\/www.ionisos.com\/e-beam-sterilisation\/\",\"name\":\"E-beam: Fast and 100% Effective Sterilization for Your Products\",\"isPartOf\":{\"@id\":\"https:\/\/www.ionisos.com\/#website\"},\"datePublished\":\"2024-10-01T09:13:11+00:00\",\"dateModified\":\"2024-10-01T09:14:03+00:00\",\"description\":\"The beta or e-beam is a safe and rapid sterilization technique used to treat products in their final packaging. As a radiation sterilization specialist for over 60 years, IONISOS offers tailored services through its three treatment centers in France and Europe.\",\"breadcrumb\":{\"@id\":\"https:\/\/www.ionisos.com\/e-beam-sterilisation\/#breadcrumb\"},\"inLanguage\":\"en-US\",\"potentialAction\":[{\"@type\":\"ReadAction\",\"target\":[\"https:\/\/www.ionisos.com\/e-beam-sterilisation\/\"]}]},{\"@type\":\"BreadcrumbList\",\"@id\":\"https:\/\/www.ionisos.com\/e-beam-sterilisation\/#breadcrumb\",\"itemListElement\":[{\"@type\":\"ListItem\",\"position\":1,\"name\":\"Accueil\",\"item\":\"https:\/\/www.ionisos.com\/en\/\"},{\"@type\":\"ListItem\",\"position\":2,\"name\":\"E-beam sterilization\"}]},{\"@type\":\"WebSite\",\"@id\":\"https:\/\/www.ionisos.com\/#website\",\"url\":\"https:\/\/www.ionisos.com\/\",\"name\":\"Ionisos\",\"description\":\"Ionisation par \u00e9lectrons acc\u00e9l\u00e9r\u00e9s, rayons gamma, rayons X et oxyde d&#039;\u00e9thyl\u00e8ne\",\"potentialAction\":[{\"@type\":\"SearchAction\",\"target\":{\"@type\":\"EntryPoint\",\"urlTemplate\":\"https:\/\/www.ionisos.com\/?s={search_term_string}\"},\"query-input\":{\"@type\":\"PropertyValueSpecification\",\"valueRequired\":true,\"valueName\":\"search_term_string\"}}],\"inLanguage\":\"en-US\"}]}<\/script>\n<!-- \/ Yoast SEO plugin. -->","yoast_head_json":{"title":"E-beam: Fast and 100% Effective Sterilization for Your Products","description":"The beta or e-beam is a safe and rapid sterilization technique used to treat products in their final packaging. As a radiation sterilization specialist for over 60 years, IONISOS offers tailored services through its three treatment centers in France and Europe.","robots":{"index":"index","follow":"follow","max-snippet":"max-snippet:-1","max-image-preview":"max-image-preview:large","max-video-preview":"max-video-preview:-1"},"canonical":"https:\/\/www.ionisos.com\/e-beam-sterilisation\/","og_locale":"en_US","og_type":"article","og_title":"E-beam: Fast and 100% Effective Sterilization for Your Products","og_description":"The beta or e-beam is a safe and rapid sterilization technique used to treat products in their final packaging. As a radiation sterilization specialist for over 60 years, IONISOS offers tailored services through its three treatment centers in France and Europe.","og_url":"https:\/\/www.ionisos.com\/e-beam-sterilisation\/","og_site_name":"Ionisos","article_modified_time":"2024-10-01T09:14:03+00:00","twitter_card":"summary_large_image","twitter_misc":{"Est. reading time":"4 minutes"},"schema":{"@context":"https:\/\/schema.org","@graph":[{"@type":"WebPage","@id":"https:\/\/www.ionisos.com\/e-beam-sterilisation\/","url":"https:\/\/www.ionisos.com\/e-beam-sterilisation\/","name":"E-beam: Fast and 100% Effective Sterilization for Your Products","isPartOf":{"@id":"https:\/\/www.ionisos.com\/#website"},"datePublished":"2024-10-01T09:13:11+00:00","dateModified":"2024-10-01T09:14:03+00:00","description":"The beta or e-beam is a safe and rapid sterilization technique used to treat products in their final packaging. As a radiation sterilization specialist for over 60 years, IONISOS offers tailored services through its three treatment centers in France and Europe.","breadcrumb":{"@id":"https:\/\/www.ionisos.com\/e-beam-sterilisation\/#breadcrumb"},"inLanguage":"en-US","potentialAction":[{"@type":"ReadAction","target":["https:\/\/www.ionisos.com\/e-beam-sterilisation\/"]}]},{"@type":"BreadcrumbList","@id":"https:\/\/www.ionisos.com\/e-beam-sterilisation\/#breadcrumb","itemListElement":[{"@type":"ListItem","position":1,"name":"Accueil","item":"https:\/\/www.ionisos.com\/en\/"},{"@type":"ListItem","position":2,"name":"E-beam sterilization"}]},{"@type":"WebSite","@id":"https:\/\/www.ionisos.com\/#website","url":"https:\/\/www.ionisos.com\/","name":"Ionisos","description":"Ionisation par \u00e9lectrons acc\u00e9l\u00e9r\u00e9s, rayons gamma, rayons X et oxyde d&#039;\u00e9thyl\u00e8ne","potentialAction":[{"@type":"SearchAction","target":{"@type":"EntryPoint","urlTemplate":"https:\/\/www.ionisos.com\/?s={search_term_string}"},"query-input":{"@type":"PropertyValueSpecification","valueRequired":true,"valueName":"search_term_string"}}],"inLanguage":"en-US"}]}},"_links":{"self":[{"href":"https:\/\/www.ionisos.com\/en\/wp-json\/wp\/v2\/pages\/25375","targetHints":{"allow":["GET"]}}],"collection":[{"href":"https:\/\/www.ionisos.com\/en\/wp-json\/wp\/v2\/pages"}],"about":[{"href":"https:\/\/www.ionisos.com\/en\/wp-json\/wp\/v2\/types\/page"}],"author":[{"embeddable":true,"href":"https:\/\/www.ionisos.com\/en\/wp-json\/wp\/v2\/users\/4"}],"replies":[{"embeddable":true,"href":"https:\/\/www.ionisos.com\/en\/wp-json\/wp\/v2\/comments?post=25375"}],"version-history":[{"count":5,"href":"https:\/\/www.ionisos.com\/en\/wp-json\/wp\/v2\/pages\/25375\/revisions"}],"predecessor-version":[{"id":25380,"href":"https:\/\/www.ionisos.com\/en\/wp-json\/wp\/v2\/pages\/25375\/revisions\/25380"}],"wp:attachment":[{"href":"https:\/\/www.ionisos.com\/en\/wp-json\/wp\/v2\/media?parent=25375"}],"curies":[{"name":"wp","href":"https:\/\/api.w.org\/{rel}","templated":true}]}}