 {"id":25333,"date":"2024-09-25T15:21:26","date_gmt":"2024-09-25T13:21:26","guid":{"rendered":"https:\/\/www.ionisos.com\/ethylene-oxide-sterilization-cycle\/"},"modified":"2024-09-25T15:21:46","modified_gmt":"2024-09-25T13:21:46","slug":"ethylene-oxide-sterilization-cycle","status":"publish","type":"page","link":"https:\/\/www.ionisos.com\/en\/ethylene-oxide-sterilization-cycle\/","title":{"rendered":"Ethylene Oxide Sterilization Cycle"},"content":{"rendered":"<p>[vc_row bg_image=&#8221;16355&#8243; bg_repeat=&#8221;no-repeat&#8221; text_color=&#8221;light&#8221; text_align=&#8221;center&#8221; top_padding=&#8221;80&#8243; bottom_padding=&#8221;80&#8243;][vc_column width=&#8221;1\/1&#8243;]<h1 class=\"headline font-special fontsize-xxl fontweight-inherit lh-inherit align-center transform-uppercase \" style=\"margin: 0;\">A customized ethylene oxide sterilization cycle with Ionisos<\/h1>[\/vc_column][\/vc_row][vc_row top_padding=&#8221;80&#8243; bottom_padding=&#8221;80&#8243;][vc_column width=&#8221;1\/1&#8243;][vc_column_text]<\/p>\n<p style=\"text-align: center; font-size: 17px;\">The <a href=\"https:\/\/www.ionisos.com\/sterilisation-oxyde-dethylene\/\"><strong>ethylene oxide sterilization<\/strong><\/a> is one of the most widely used industrial treatment techniques for products that are incompatible with gamma or beta treatment. As a European specialist in industrial sterilization, the IONISOS group provides its clients with a <strong>customized ethylene oxide sterilization cycle<\/strong> at its two specialized treatment sites in Rh\u00f4ne and Loiret.<\/p>\n<p>[\/vc_column_text][\/vc_column][\/vc_row][vc_row type=&#8221;full_width_section&#8221; bg_color=&#8221;#f7f7f7&#8243;][vc_column column_padding=&#8221;padding-6&#8243; column_center=&#8221;true&#8221; width=&#8221;2\/3&#8243;][vc_column_text el_class=&#8221;h2presta&#8221;]<\/p>\n<h2>What does gas sterilization involve?<\/h2>\n<p>Ethylene oxide (EtO) gas is considered an alkylating agent, meaning it works by damaging the replication capability of microorganisms present on the surface and inside the products.<\/p>\n<p>The treatment occurs in a vacuum chamber after preconditioning the products, which are sterilized in their final packaging. One of the only prerequisites is that part of the packaging must be permeable to air so that the gas can penetrate and sterilize all accessible areas.<\/p>\n<p>To ensure a customized sterilization process, IONISOS determines the parameters of the EtO sterilization cycle based on your products&#8217; characteristics, whether it&#8217;s their composition or density. There are five different criteria: gas concentration, humidity, temperature, pressure, and exposure duration to the gas.<\/p>\n<p>During preconditioning, the products are preheated and humidified to ensure uniform treatment, regardless of storage conditions.<\/p>\n<p>Once sterilization is complete, a degassing phase using vacuum and rinsing in the chamber is necessary to eliminate residual ethylene oxide still present.<\/p>\n<p>Depending on the characteristics of the ethylene oxide cycle, the entire process can take from a few hours to several days.<br \/>\n[\/vc_column_text][\/vc_column][vc_column bg_image=&#8221;15460&#8243; column_center=&#8221;true&#8221; width=&#8221;1\/3&#8243;]<div class=\"spacer\" style=\"height: 250px;\"><\/div>[\/vc_column][\/vc_row][vc_row type=&#8221;full_width_section&#8221; bg_color=&#8221;#f1f1f1&#8243;][vc_column bg_image=&#8221;16931&#8243; column_center=&#8221;true&#8221; width=&#8221;1\/3&#8243;]<div class=\"spacer\" style=\"height: 250px;\"><\/div>[\/vc_column][vc_column column_padding=&#8221;padding-6&#8243; column_center=&#8221;true&#8221; width=&#8221;2\/3&#8243;][vc_column_text el_class=&#8221;h2presta&#8221;]<\/p>\n<h2>A sterilization technique compatible with a wide range of products<\/h2>\n<p>Ethylene oxide (EtO) gas has the advantage of being compatible with a wide range of products, including many resin-based products and medical devices: catheters, dressings, compresses, care sets, syringes, surgical trays, rubber gloves, prosthetics, and single-use devices.<br \/>\n[\/vc_column_text][\/vc_column][\/vc_row][vc_row type=&#8221;full_width_section&#8221; bg_color=&#8221;#f7f7f7&#8243;][vc_column column_padding=&#8221;padding-6&#8243; column_center=&#8221;true&#8221; width=&#8221;2\/3&#8243;][vc_column_text el_class=&#8221;h2presta&#8221;]<\/p>\n<h2>Why choose IONISOS?<\/h2>\n<p>With over 60 years of experience in industrial sterilization, IONISOS has been offering its clients ethylene oxide (EtO) gas sterilization services since 2004.<\/p>\n<p>By choosing our services, you are assured of receiving a high-quality service, with a customized EtO treatment cycle and a dynamic accelerated degassing phase lasting no more than 24 hours.<\/p>\n<p>Our two specialized treatment sites are certified and strictly adhere to current standards, with rigorously improved quality processes. Both sites have a large capacity for receiving and processing to ensure responsiveness and flexibility, as well as an analysis laboratory for performing sterility controls on-site before delivering your order.<\/p>\n<p>You also benefit from personalized support with a dedicated contact person who will oversee all of your projects. This person will be able to answer your questions and guide you toward the most appropriate technique based on your needs.<br \/>\n[\/vc_column_text][\/vc_column][vc_column bg_image=&#8221;17697&#8243; column_center=&#8221;true&#8221; width=&#8221;1\/3&#8243;]<div class=\"spacer\" style=\"height: 250px;\"><\/div>[\/vc_column][\/vc_row][vc_row bg_color=&#8221;#0b2677&#8243; text_color=&#8221;light&#8221; text_align=&#8221;center&#8221; top_padding=&#8221;40&#8243; bottom_padding=&#8221;40&#8243;][vc_column width=&#8221;2\/3&#8243;]<div class=\"spacer\" style=\"height: 5px;\"><\/div>[vc_column_text el_class=&#8221;cta&#8221;]Contact us today and benefit from all our expertise![\/vc_column_text][\/vc_column][vc_column width=&#8221;1\/3&#8243;][vc_row_inner][vc_column_inner]<a href=\"\/contact\/\" target=\"_self\" class=\"button color-8 medium \" style=\"border-radius: 2px;\">Contact us<\/a>[\/vc_column_inner][\/vc_row_inner][\/vc_column][\/vc_row]<\/p>\n","protected":false},"excerpt":{"rendered":"<p>[vc_row bg_image=&#8221;16355&#8243; bg_repeat=&#8221;no-repeat&#8221; text_color=&#8221;light&#8221; text_align=&#8221;center&#8221; top_padding=&#8221;80&#8243; bottom_padding=&#8221;80&#8243;][vc_column width=&#8221;1\/1&#8243;][\/vc_column][\/vc_row][vc_row top_padding=&#8221;80&#8243; bottom_padding=&#8221;80&#8243;][vc_column width=&#8221;1\/1&#8243;][vc_column_text] The ethylene oxide sterilization is one of the most widely used industrial treatment techniques for products that are incompatible with gamma or beta treatment. As a European specialist in industrial sterilization, the IONISOS group provides its clients with a customized ethylene oxide sterilization cycle at its two specialized treatment sites in Rh\u00f4ne and Loiret. [\/vc_column_text][\/vc_column][\/vc_row][vc_row type=&#8221;full_width_section&#8221; bg_color=&#8221;#f7f7f7&#8243;][vc_column column_padding=&#8221;padding-6&#8243; column_center=&#8221;true&#8221; width=&#8221;2\/3&#8243;][vc_column_text el_class=&#8221;h2presta&#8221;] What does gas sterilization involve? Ethylene oxide (EtO) gas is considered an alkylating agent, meaning it works by damaging the replication capability of microorganisms present on the surface and inside the products. The treatment occurs in a vacuum chamber after preconditioning the products, which are sterilized in their final packaging. One of the only prerequisites is that part of the packaging must be permeable to air so that the gas can penetrate and sterilize all accessible areas. To ensure a customized sterilization process, IONISOS determines the parameters of the EtO sterilization cycle based on your products&#8217; characteristics, whether it&#8217;s their composition or density. There are five different criteria: gas concentration, humidity, temperature, pressure, and exposure duration to the gas. During preconditioning, the products are preheated and humidified to [&hellip;]<\/p>\n","protected":false},"author":4,"featured_media":0,"parent":0,"menu_order":0,"comment_status":"closed","ping_status":"open","template":"","meta":{"inline_featured_image":false,"footnotes":""},"class_list":["post-25333","page","type-page","status-publish","hentry"],"yoast_head":"<!-- This site is optimized with the Yoast SEO plugin v26.3 - https:\/\/yoast.com\/wordpress\/plugins\/seo\/ -->\n<title>Customized Ethylene Oxide Sterilization Cycle<\/title>\n<meta name=\"description\" content=\"IONISOS guarantees you a customized ethylene oxide sterilization cycle for the treatment of your products. Our two specialized treatment sites in France ensure fast delivery and close monitoring, regardless of the volume to be processed.\" \/>\n<meta name=\"robots\" content=\"index, follow, max-snippet:-1, max-image-preview:large, max-video-preview:-1\" \/>\n<link rel=\"canonical\" href=\"https:\/\/www.ionisos.com\/cycle-de-sterilisation-a-loxyde-dethylene\/\" \/>\n<meta property=\"og:locale\" content=\"en_US\" \/>\n<meta property=\"og:type\" content=\"article\" \/>\n<meta property=\"og:title\" content=\"Customized Ethylene Oxide Sterilization Cycle\" \/>\n<meta property=\"og:description\" content=\"IONISOS guarantees you a customized ethylene oxide sterilization cycle for the treatment of your products. Our two specialized treatment sites in France ensure fast delivery and close monitoring, regardless of the volume to be processed.\" \/>\n<meta property=\"og:url\" content=\"https:\/\/www.ionisos.com\/cycle-de-sterilisation-a-loxyde-dethylene\/\" \/>\n<meta property=\"og:site_name\" content=\"Ionisos\" \/>\n<meta property=\"article:modified_time\" content=\"2024-09-25T13:21:46+00:00\" \/>\n<meta name=\"twitter:card\" content=\"summary_large_image\" \/>\n<meta name=\"twitter:label1\" content=\"Est. reading time\" \/>\n\t<meta name=\"twitter:data1\" content=\"3 minutes\" \/>\n<script type=\"application\/ld+json\" class=\"yoast-schema-graph\">{\"@context\":\"https:\/\/schema.org\",\"@graph\":[{\"@type\":\"WebPage\",\"@id\":\"https:\/\/www.ionisos.com\/cycle-de-sterilisation-a-loxyde-dethylene\/\",\"url\":\"https:\/\/www.ionisos.com\/cycle-de-sterilisation-a-loxyde-dethylene\/\",\"name\":\"Customized Ethylene Oxide Sterilization Cycle\",\"isPartOf\":{\"@id\":\"https:\/\/www.ionisos.com\/#website\"},\"datePublished\":\"2024-09-25T13:21:26+00:00\",\"dateModified\":\"2024-09-25T13:21:46+00:00\",\"description\":\"IONISOS guarantees you a customized ethylene oxide sterilization cycle for the treatment of your products. Our two specialized treatment sites in France ensure fast delivery and close monitoring, regardless of the volume to be processed.\",\"breadcrumb\":{\"@id\":\"https:\/\/www.ionisos.com\/cycle-de-sterilisation-a-loxyde-dethylene\/#breadcrumb\"},\"inLanguage\":\"en-US\",\"potentialAction\":[{\"@type\":\"ReadAction\",\"target\":[\"https:\/\/www.ionisos.com\/cycle-de-sterilisation-a-loxyde-dethylene\/\"]}]},{\"@type\":\"BreadcrumbList\",\"@id\":\"https:\/\/www.ionisos.com\/cycle-de-sterilisation-a-loxyde-dethylene\/#breadcrumb\",\"itemListElement\":[{\"@type\":\"ListItem\",\"position\":1,\"name\":\"Accueil\",\"item\":\"https:\/\/www.ionisos.com\/en\/\"},{\"@type\":\"ListItem\",\"position\":2,\"name\":\"Ethylene Oxide Sterilization Cycle\"}]},{\"@type\":\"WebSite\",\"@id\":\"https:\/\/www.ionisos.com\/#website\",\"url\":\"https:\/\/www.ionisos.com\/\",\"name\":\"Ionisos\",\"description\":\"Ionisation par \u00e9lectrons acc\u00e9l\u00e9r\u00e9s, rayons gamma, rayons X et oxyde d&#039;\u00e9thyl\u00e8ne\",\"potentialAction\":[{\"@type\":\"SearchAction\",\"target\":{\"@type\":\"EntryPoint\",\"urlTemplate\":\"https:\/\/www.ionisos.com\/?s={search_term_string}\"},\"query-input\":{\"@type\":\"PropertyValueSpecification\",\"valueRequired\":true,\"valueName\":\"search_term_string\"}}],\"inLanguage\":\"en-US\"}]}<\/script>\n<!-- \/ Yoast SEO plugin. -->","yoast_head_json":{"title":"Customized Ethylene Oxide Sterilization Cycle","description":"IONISOS guarantees you a customized ethylene oxide sterilization cycle for the treatment of your products. Our two specialized treatment sites in France ensure fast delivery and close monitoring, regardless of the volume to be processed.","robots":{"index":"index","follow":"follow","max-snippet":"max-snippet:-1","max-image-preview":"max-image-preview:large","max-video-preview":"max-video-preview:-1"},"canonical":"https:\/\/www.ionisos.com\/cycle-de-sterilisation-a-loxyde-dethylene\/","og_locale":"en_US","og_type":"article","og_title":"Customized Ethylene Oxide Sterilization Cycle","og_description":"IONISOS guarantees you a customized ethylene oxide sterilization cycle for the treatment of your products. Our two specialized treatment sites in France ensure fast delivery and close monitoring, regardless of the volume to be processed.","og_url":"https:\/\/www.ionisos.com\/cycle-de-sterilisation-a-loxyde-dethylene\/","og_site_name":"Ionisos","article_modified_time":"2024-09-25T13:21:46+00:00","twitter_card":"summary_large_image","twitter_misc":{"Est. reading time":"3 minutes"},"schema":{"@context":"https:\/\/schema.org","@graph":[{"@type":"WebPage","@id":"https:\/\/www.ionisos.com\/cycle-de-sterilisation-a-loxyde-dethylene\/","url":"https:\/\/www.ionisos.com\/cycle-de-sterilisation-a-loxyde-dethylene\/","name":"Customized Ethylene Oxide Sterilization Cycle","isPartOf":{"@id":"https:\/\/www.ionisos.com\/#website"},"datePublished":"2024-09-25T13:21:26+00:00","dateModified":"2024-09-25T13:21:46+00:00","description":"IONISOS guarantees you a customized ethylene oxide sterilization cycle for the treatment of your products. Our two specialized treatment sites in France ensure fast delivery and close monitoring, regardless of the volume to be processed.","breadcrumb":{"@id":"https:\/\/www.ionisos.com\/cycle-de-sterilisation-a-loxyde-dethylene\/#breadcrumb"},"inLanguage":"en-US","potentialAction":[{"@type":"ReadAction","target":["https:\/\/www.ionisos.com\/cycle-de-sterilisation-a-loxyde-dethylene\/"]}]},{"@type":"BreadcrumbList","@id":"https:\/\/www.ionisos.com\/cycle-de-sterilisation-a-loxyde-dethylene\/#breadcrumb","itemListElement":[{"@type":"ListItem","position":1,"name":"Accueil","item":"https:\/\/www.ionisos.com\/en\/"},{"@type":"ListItem","position":2,"name":"Ethylene Oxide Sterilization Cycle"}]},{"@type":"WebSite","@id":"https:\/\/www.ionisos.com\/#website","url":"https:\/\/www.ionisos.com\/","name":"Ionisos","description":"Ionisation par \u00e9lectrons acc\u00e9l\u00e9r\u00e9s, rayons gamma, rayons X et oxyde d&#039;\u00e9thyl\u00e8ne","potentialAction":[{"@type":"SearchAction","target":{"@type":"EntryPoint","urlTemplate":"https:\/\/www.ionisos.com\/?s={search_term_string}"},"query-input":{"@type":"PropertyValueSpecification","valueRequired":true,"valueName":"search_term_string"}}],"inLanguage":"en-US"}]}},"_links":{"self":[{"href":"https:\/\/www.ionisos.com\/en\/wp-json\/wp\/v2\/pages\/25333","targetHints":{"allow":["GET"]}}],"collection":[{"href":"https:\/\/www.ionisos.com\/en\/wp-json\/wp\/v2\/pages"}],"about":[{"href":"https:\/\/www.ionisos.com\/en\/wp-json\/wp\/v2\/types\/page"}],"author":[{"embeddable":true,"href":"https:\/\/www.ionisos.com\/en\/wp-json\/wp\/v2\/users\/4"}],"replies":[{"embeddable":true,"href":"https:\/\/www.ionisos.com\/en\/wp-json\/wp\/v2\/comments?post=25333"}],"version-history":[{"count":5,"href":"https:\/\/www.ionisos.com\/en\/wp-json\/wp\/v2\/pages\/25333\/revisions"}],"predecessor-version":[{"id":25338,"href":"https:\/\/www.ionisos.com\/en\/wp-json\/wp\/v2\/pages\/25333\/revisions\/25338"}],"wp:attachment":[{"href":"https:\/\/www.ionisos.com\/en\/wp-json\/wp\/v2\/media?parent=25333"}],"curies":[{"name":"wp","href":"https:\/\/api.w.org\/{rel}","templated":true}]}}