 {"id":25321,"date":"2024-09-25T14:55:31","date_gmt":"2024-09-25T12:55:31","guid":{"rendered":"https:\/\/www.ionisos.com\/difference-between-disinfection-and-sterilization\/"},"modified":"2024-09-25T14:55:41","modified_gmt":"2024-09-25T12:55:41","slug":"difference-between-disinfection-and-sterilization","status":"publish","type":"page","link":"https:\/\/www.ionisos.com\/en\/difference-between-disinfection-and-sterilization\/","title":{"rendered":"Difference between disinfection and sterilization"},"content":{"rendered":"<p>[vc_row bg_image=&#8221;16355&#8243; bg_repeat=&#8221;no-repeat&#8221; text_color=&#8221;light&#8221; text_align=&#8221;center&#8221; top_padding=&#8221;80&#8243; bottom_padding=&#8221;80&#8243;][vc_column width=&#8221;1\/1&#8243;]<h1 class=\"headline font-special fontsize-xxl fontweight-inherit lh-inherit align-center transform-uppercase \" style=\"margin: 0;\">The difference between disinfection and sterilization<\/h1>[\/vc_column][\/vc_row][vc_row top_padding=&#8221;80&#8243; bottom_padding=&#8221;80&#8243;][vc_column width=&#8221;1\/1&#8243;][vc_column_text]<\/p>\n<p style=\"text-align: center; font-size: 17px;\">IONISOS is a company specialized in industrial <a href=\"https:\/\/www.ionisos.com\/technique-de-sterilisation\/\">sterilization techniques<\/a> (beta, gamma, and ethylene oxide).<\/p>\n<p style=\"text-align: center; font-size: 17px;\">Here we present the <strong>difference between disinfection and sterilization<\/strong>, two terms often confused that, however, do not cover the same reality.<\/p>\n<p>[\/vc_column_text][\/vc_column][\/vc_row][vc_row type=&#8221;full_width_section&#8221; bg_color=&#8221;#f7f7f7&#8243;][vc_column column_padding=&#8221;padding-6&#8243; column_center=&#8221;true&#8221; width=&#8221;2\/3&#8243;][vc_column_text el_class=&#8221;h2presta&#8221;]<\/p>\n<h2>Disinfection, Decontamination, or Sterilization?<\/h2>\n<p>Here is a quick definition of these three terms, all of which refer to operations aimed at eliminating unwanted microorganisms:<\/p>\n<ul>\n<li><strong>Decontamination<\/strong> involves removing microorganisms or limiting their number on inert surfaces or living tissues. After the operation, more than 10,000 bacteria may still be present.<\/li>\n<li><strong>Disinfection<\/strong> (also called pasteurization or debacterization) aims to destroy or inactivate unwanted agents on contaminated surfaces. Once the process is completed, between 10 and 10,000 bacteria may still remain in the treated area.<\/li>\n<li><strong>Sterilization<\/strong>, finally, results in the total and permanent destruction of microorganisms present on a contaminated inert surface. The residual quantity of bacteria is then zero.<\/li>\n<\/ul>\n<p>Decontamination is more akin to cleaning: it is essentially a pre-disinfection step.<\/p>\n<p>[\/vc_column_text][\/vc_column][vc_column bg_image=&#8221;15460&#8243; column_center=&#8221;true&#8221; width=&#8221;1\/3&#8243;]<div class=\"spacer\" style=\"height: 250px;\"><\/div>[\/vc_column][\/vc_row][vc_row type=&#8221;full_width_section&#8221; bg_color=&#8221;#f1f1f1&#8243;][vc_column bg_image=&#8221;16931&#8243; column_center=&#8221;true&#8221; width=&#8221;1\/3&#8243;]<div class=\"spacer\" style=\"height: 250px;\"><\/div>[\/vc_column][vc_column column_padding=&#8221;padding-6&#8243; column_center=&#8221;true&#8221; width=&#8221;2\/3&#8243;][vc_column_text el_class=&#8221;h2presta&#8221;]<\/p>\n<h2>Disinfection or Sterilization Techniques: What Are the Differences?<\/h2>\n<p>In practice, one process or the other is used depending on the tolerance threshold of the treated products. Indeed, <strong>sterilization<\/strong> involves ionization of 25 kilogray or more. For reference, the gray is the unit used to represent the energy of ionizing radiation.<\/p>\n<p>A product can only be referred to as &#8220;sterile&#8221; if validation has taken place. In the case of gamma or beta treatment, the ISO 11137-2 standard applies; if it is <strong>sterilization by ethylene oxide<\/strong>, the ISO 11135 standard must be followed.<\/p>\n<p><strong>Disinfection or debacterization<\/strong> is employed on products that cannot withstand sterilization.<\/p>\n<p>However, at IONISOS, both <strong>disinfection and sterilization<\/strong> processes use the same techniques. Only the exposure thresholds and the mode of validation differ.<\/p>\n<p>[\/vc_column_text][\/vc_column][\/vc_row][vc_row type=&#8221;full_width_section&#8221; bg_color=&#8221;#f7f7f7&#8243;][vc_column column_padding=&#8221;padding-6&#8243; column_center=&#8221;true&#8221; width=&#8221;2\/3&#8243;][vc_column_text el_class=&#8221;h2presta&#8221;]<\/p>\n<h2>Disinfection or Sterilization of Products: By Ionization or Gas?<\/h2>\n<p>IONISOS ensures that all its clients receive thoughtful handling of their products. The choice of <strong>disinfection or sterilization process<\/strong> depends on multiple factors, including the composition of the product, the presence of packaging&#8230;<\/p>\n<p>Beta or gamma sterilization can be performed through packaging. However, the use of ethylene oxide requires air-permeable packaging and materials that are resistant to moisture and high temperatures.<\/p>\n<p>IONISOS offers its services in <strong>industrial sterilization<\/strong> at its various treatment centers in France and Europe. We guarantee the validation of results, personalized follow-up, and optimal responsiveness.<\/p>\n<p>[\/vc_column_text][\/vc_column][vc_column bg_image=&#8221;17697&#8243; column_center=&#8221;true&#8221; width=&#8221;1\/3&#8243;]<div class=\"spacer\" style=\"height: 250px;\"><\/div>[\/vc_column][\/vc_row][vc_row bg_color=&#8221;#0b2677&#8243; text_color=&#8221;light&#8221; text_align=&#8221;center&#8221; top_padding=&#8221;40&#8243; bottom_padding=&#8221;40&#8243;][vc_column width=&#8221;2\/3&#8243;]<div class=\"spacer\" style=\"height: 5px;\"><\/div>[vc_column_text el_class=&#8221;cta&#8221;]Contact us today and take advantage of our expertise![\/vc_column_text][\/vc_column][vc_column width=&#8221;1\/3&#8243;][vc_row_inner][vc_column_inner]<a href=\"\/contact\/\" target=\"_self\" class=\"button color-8 medium \" style=\"border-radius: 2px;\">Contact us<\/a>[\/vc_column_inner][\/vc_row_inner][\/vc_column][\/vc_row]<\/p>\n","protected":false},"excerpt":{"rendered":"<p>[vc_row bg_image=&#8221;16355&#8243; bg_repeat=&#8221;no-repeat&#8221; text_color=&#8221;light&#8221; text_align=&#8221;center&#8221; top_padding=&#8221;80&#8243; bottom_padding=&#8221;80&#8243;][vc_column width=&#8221;1\/1&#8243;][\/vc_column][\/vc_row][vc_row top_padding=&#8221;80&#8243; bottom_padding=&#8221;80&#8243;][vc_column width=&#8221;1\/1&#8243;][vc_column_text] IONISOS is a company specialized in industrial sterilization techniques (beta, gamma, and ethylene oxide). Here we present the difference between disinfection and sterilization, two terms often confused that, however, do not cover the same reality. [\/vc_column_text][\/vc_column][\/vc_row][vc_row type=&#8221;full_width_section&#8221; bg_color=&#8221;#f7f7f7&#8243;][vc_column column_padding=&#8221;padding-6&#8243; column_center=&#8221;true&#8221; width=&#8221;2\/3&#8243;][vc_column_text el_class=&#8221;h2presta&#8221;] Disinfection, Decontamination, or Sterilization? Here is a quick definition of these three terms, all of which refer to operations aimed at eliminating unwanted microorganisms: Decontamination involves removing microorganisms or limiting their number on inert surfaces or living tissues. After the operation, more than 10,000 bacteria may still be present. Disinfection (also called pasteurization or debacterization) aims to destroy or inactivate unwanted agents on contaminated surfaces. Once the process is completed, between 10 and 10,000 bacteria may still remain in the treated area. Sterilization, finally, results in the total and permanent destruction of microorganisms present on a contaminated inert surface. The residual quantity of bacteria is then zero. Decontamination is more akin to cleaning: it is essentially a pre-disinfection step. [\/vc_column_text][\/vc_column][vc_column bg_image=&#8221;15460&#8243; column_center=&#8221;true&#8221; width=&#8221;1\/3&#8243;][\/vc_column][\/vc_row][vc_row type=&#8221;full_width_section&#8221; bg_color=&#8221;#f1f1f1&#8243;][vc_column bg_image=&#8221;16931&#8243; column_center=&#8221;true&#8221; width=&#8221;1\/3&#8243;][\/vc_column][vc_column column_padding=&#8221;padding-6&#8243; column_center=&#8221;true&#8221; width=&#8221;2\/3&#8243;][vc_column_text el_class=&#8221;h2presta&#8221;] Disinfection or Sterilization Techniques: What Are the Differences? In practice, one process or the other [&hellip;]<\/p>\n","protected":false},"author":4,"featured_media":0,"parent":0,"menu_order":0,"comment_status":"closed","ping_status":"open","template":"","meta":{"inline_featured_image":false,"footnotes":""},"class_list":["post-25321","page","type-page","status-publish","hentry"],"yoast_head":"<!-- This site is optimized with the Yoast SEO plugin v26.3 - https:\/\/yoast.com\/wordpress\/plugins\/seo\/ -->\n<title>What is the difference between disinfection and sterilization?<\/title>\n<meta name=\"description\" content=\"IONISOS, a company specializing in industrial sterilization operating in France and Europe, explains the difference between disinfection and sterilization. Also, discover the services of our company, active since 1956.\" \/>\n<meta name=\"robots\" content=\"index, follow, max-snippet:-1, max-image-preview:large, max-video-preview:-1\" \/>\n<link rel=\"canonical\" href=\"https:\/\/www.ionisos.com\/difference-entre-desinfection-et-sterilisation\/\" \/>\n<meta property=\"og:locale\" content=\"en_US\" \/>\n<meta property=\"og:type\" content=\"article\" \/>\n<meta property=\"og:title\" content=\"What is the difference between disinfection and sterilization?\" \/>\n<meta property=\"og:description\" content=\"IONISOS, a company specializing in industrial sterilization operating in France and Europe, explains the difference between disinfection and sterilization. Also, discover the services of our company, active since 1956.\" \/>\n<meta property=\"og:url\" content=\"https:\/\/www.ionisos.com\/difference-entre-desinfection-et-sterilisation\/\" \/>\n<meta property=\"og:site_name\" content=\"Ionisos\" \/>\n<meta property=\"article:modified_time\" content=\"2024-09-25T12:55:41+00:00\" \/>\n<meta name=\"twitter:card\" content=\"summary_large_image\" \/>\n<meta name=\"twitter:label1\" content=\"Est. reading time\" \/>\n\t<meta name=\"twitter:data1\" content=\"3 minutes\" \/>\n<script type=\"application\/ld+json\" class=\"yoast-schema-graph\">{\"@context\":\"https:\/\/schema.org\",\"@graph\":[{\"@type\":\"WebPage\",\"@id\":\"https:\/\/www.ionisos.com\/difference-entre-desinfection-et-sterilisation\/\",\"url\":\"https:\/\/www.ionisos.com\/difference-entre-desinfection-et-sterilisation\/\",\"name\":\"What is the difference between disinfection and sterilization?\",\"isPartOf\":{\"@id\":\"https:\/\/www.ionisos.com\/#website\"},\"datePublished\":\"2024-09-25T12:55:31+00:00\",\"dateModified\":\"2024-09-25T12:55:41+00:00\",\"description\":\"IONISOS, a company specializing in industrial sterilization operating in France and Europe, explains the difference between disinfection and sterilization. Also, discover the services of our company, active since 1956.\",\"breadcrumb\":{\"@id\":\"https:\/\/www.ionisos.com\/difference-entre-desinfection-et-sterilisation\/#breadcrumb\"},\"inLanguage\":\"en-US\",\"potentialAction\":[{\"@type\":\"ReadAction\",\"target\":[\"https:\/\/www.ionisos.com\/difference-entre-desinfection-et-sterilisation\/\"]}]},{\"@type\":\"BreadcrumbList\",\"@id\":\"https:\/\/www.ionisos.com\/difference-entre-desinfection-et-sterilisation\/#breadcrumb\",\"itemListElement\":[{\"@type\":\"ListItem\",\"position\":1,\"name\":\"Accueil\",\"item\":\"https:\/\/www.ionisos.com\/en\/\"},{\"@type\":\"ListItem\",\"position\":2,\"name\":\"Difference between disinfection and sterilization\"}]},{\"@type\":\"WebSite\",\"@id\":\"https:\/\/www.ionisos.com\/#website\",\"url\":\"https:\/\/www.ionisos.com\/\",\"name\":\"Ionisos\",\"description\":\"Ionisation par \u00e9lectrons acc\u00e9l\u00e9r\u00e9s, rayons gamma, rayons X et oxyde d&#039;\u00e9thyl\u00e8ne\",\"potentialAction\":[{\"@type\":\"SearchAction\",\"target\":{\"@type\":\"EntryPoint\",\"urlTemplate\":\"https:\/\/www.ionisos.com\/?s={search_term_string}\"},\"query-input\":{\"@type\":\"PropertyValueSpecification\",\"valueRequired\":true,\"valueName\":\"search_term_string\"}}],\"inLanguage\":\"en-US\"}]}<\/script>\n<!-- \/ Yoast SEO plugin. -->","yoast_head_json":{"title":"What is the difference between disinfection and sterilization?","description":"IONISOS, a company specializing in industrial sterilization operating in France and Europe, explains the difference between disinfection and sterilization. Also, discover the services of our company, active since 1956.","robots":{"index":"index","follow":"follow","max-snippet":"max-snippet:-1","max-image-preview":"max-image-preview:large","max-video-preview":"max-video-preview:-1"},"canonical":"https:\/\/www.ionisos.com\/difference-entre-desinfection-et-sterilisation\/","og_locale":"en_US","og_type":"article","og_title":"What is the difference between disinfection and sterilization?","og_description":"IONISOS, a company specializing in industrial sterilization operating in France and Europe, explains the difference between disinfection and sterilization. Also, discover the services of our company, active since 1956.","og_url":"https:\/\/www.ionisos.com\/difference-entre-desinfection-et-sterilisation\/","og_site_name":"Ionisos","article_modified_time":"2024-09-25T12:55:41+00:00","twitter_card":"summary_large_image","twitter_misc":{"Est. reading time":"3 minutes"},"schema":{"@context":"https:\/\/schema.org","@graph":[{"@type":"WebPage","@id":"https:\/\/www.ionisos.com\/difference-entre-desinfection-et-sterilisation\/","url":"https:\/\/www.ionisos.com\/difference-entre-desinfection-et-sterilisation\/","name":"What is the difference between disinfection and sterilization?","isPartOf":{"@id":"https:\/\/www.ionisos.com\/#website"},"datePublished":"2024-09-25T12:55:31+00:00","dateModified":"2024-09-25T12:55:41+00:00","description":"IONISOS, a company specializing in industrial sterilization operating in France and Europe, explains the difference between disinfection and sterilization. Also, discover the services of our company, active since 1956.","breadcrumb":{"@id":"https:\/\/www.ionisos.com\/difference-entre-desinfection-et-sterilisation\/#breadcrumb"},"inLanguage":"en-US","potentialAction":[{"@type":"ReadAction","target":["https:\/\/www.ionisos.com\/difference-entre-desinfection-et-sterilisation\/"]}]},{"@type":"BreadcrumbList","@id":"https:\/\/www.ionisos.com\/difference-entre-desinfection-et-sterilisation\/#breadcrumb","itemListElement":[{"@type":"ListItem","position":1,"name":"Accueil","item":"https:\/\/www.ionisos.com\/en\/"},{"@type":"ListItem","position":2,"name":"Difference between disinfection and sterilization"}]},{"@type":"WebSite","@id":"https:\/\/www.ionisos.com\/#website","url":"https:\/\/www.ionisos.com\/","name":"Ionisos","description":"Ionisation par \u00e9lectrons acc\u00e9l\u00e9r\u00e9s, rayons gamma, rayons X et oxyde d&#039;\u00e9thyl\u00e8ne","potentialAction":[{"@type":"SearchAction","target":{"@type":"EntryPoint","urlTemplate":"https:\/\/www.ionisos.com\/?s={search_term_string}"},"query-input":{"@type":"PropertyValueSpecification","valueRequired":true,"valueName":"search_term_string"}}],"inLanguage":"en-US"}]}},"_links":{"self":[{"href":"https:\/\/www.ionisos.com\/en\/wp-json\/wp\/v2\/pages\/25321","targetHints":{"allow":["GET"]}}],"collection":[{"href":"https:\/\/www.ionisos.com\/en\/wp-json\/wp\/v2\/pages"}],"about":[{"href":"https:\/\/www.ionisos.com\/en\/wp-json\/wp\/v2\/types\/page"}],"author":[{"embeddable":true,"href":"https:\/\/www.ionisos.com\/en\/wp-json\/wp\/v2\/users\/4"}],"replies":[{"embeddable":true,"href":"https:\/\/www.ionisos.com\/en\/wp-json\/wp\/v2\/comments?post=25321"}],"version-history":[{"count":5,"href":"https:\/\/www.ionisos.com\/en\/wp-json\/wp\/v2\/pages\/25321\/revisions"}],"predecessor-version":[{"id":25326,"href":"https:\/\/www.ionisos.com\/en\/wp-json\/wp\/v2\/pages\/25321\/revisions\/25326"}],"wp:attachment":[{"href":"https:\/\/www.ionisos.com\/en\/wp-json\/wp\/v2\/media?parent=25321"}],"curies":[{"name":"wp","href":"https:\/\/api.w.org\/{rel}","templated":true}]}}