 {"id":25289,"date":"2024-09-25T14:23:15","date_gmt":"2024-09-25T12:23:15","guid":{"rendered":"https:\/\/www.ionisos.com\/ionizing-particle\/"},"modified":"2024-09-25T14:23:19","modified_gmt":"2024-09-25T12:23:19","slug":"ionizing-particle","status":"publish","type":"page","link":"https:\/\/www.ionisos.com\/en\/ionizing-particle\/","title":{"rendered":"Ionizing Particle"},"content":{"rendered":"<p>[vc_row bg_image=&#8221;16355&#8243; bg_repeat=&#8221;no-repeat&#8221; text_color=&#8221;light&#8221; text_align=&#8221;center&#8221; top_padding=&#8221;80&#8243; bottom_padding=&#8221;80&#8243;][vc_column width=&#8221;1\/1&#8243;]<h1 class=\"headline font-special fontsize-xxl fontweight-inherit lh-inherit align-center transform-uppercase \" style=\"margin: 0;\">The Use of Ionizing Radiation in Industrial Sterilization<\/h1>[\/vc_column][\/vc_row][vc_row top_padding=&#8221;80&#8243; bottom_padding=&#8221;80&#8243;][vc_column width=&#8221;1\/1&#8243;][vc_column_text]<\/p>\n<p style=\"text-align: center;\">Known and used since the 1960s, <strong><a href=\"https:\/\/www.ionisos.com\/rayonnement-ionisant\/\">ionizing radiation<\/a><\/strong> effectively destroys all microorganisms. This makes it one of the most reliable and efficient sterilization processes.<\/p>\n<p style=\"text-align: center;\">IONISOS explains what an <strong>ionizing particle<\/strong> is and why it is your best ally for a healthy industrial environment.<\/p>\n<p>[\/vc_column_text][\/vc_column][\/vc_row][vc_row type=&#8221;full_width_section&#8221; bg_color=&#8221;#f7f7f7&#8243;][vc_column column_padding=&#8221;padding-6&#8243; column_center=&#8221;true&#8221; width=&#8221;2\/3&#8243;][vc_column_text el_class=&#8221;h2presta&#8221;]<\/p>\n<h2>What is ionizing radiation?<\/h2>\n<p>&#8220;Ionizing radiation&#8221; refers to an emission of energy, sometimes accompanied by a beam of particles. This includes <strong>ionizing rays<\/strong>, which have the unique ability to alter the molecules they pass through. Specifically, they transform atoms into ions. There are four types of ionizing radiation: X-rays, alpha rays, gamma rays, and beta rays.<\/p>\n<p>Our <strong>ionizing sterilization<\/strong> processes utilize gamma and beta rays. The former consists of photons that penetrate deeply into materials, while the latter is a beam of electrons with a lower penetration power but very high energy.<\/p>\n<p>[\/vc_column_text][\/vc_column][vc_column bg_image=&#8221;17697&#8243; column_center=&#8221;true&#8221; width=&#8221;1\/3&#8243;]<div class=\"spacer\" style=\"height: 250px;\"><\/div>[\/vc_column][\/vc_row][vc_row type=&#8221;full_width_section&#8221; bg_color=&#8221;#f1f1f1&#8243;][vc_column bg_image=&#8221;16931&#8243; column_center=&#8221;true&#8221; width=&#8221;1\/3&#8243;]<div class=\"spacer\" style=\"height: 250px;\"><\/div>[\/vc_column][vc_column column_padding=&#8221;padding-6&#8243; column_center=&#8221;true&#8221; width=&#8221;2\/3&#8243;][vc_column_text el_class=&#8221;h2presta&#8221;]<\/p>\n<h2>Ionizing Sterilization: Techniques and Treatment Process<\/h2>\n<p>Whether using gamma or beta rays, the <strong>ionization treatment<\/strong> follows a similar procedure. An automatic conveyor transports the products to a reinforced concrete protection chamber, where they are exposed to the selected radiation. The duration of this exposure varies depending on the specific requirements.<\/p>\n<p>By disorganizing the molecular structure of pathogens and other microorganisms, <strong>ionizing radiation<\/strong> ensures their complete destruction.<\/p>\n<p>The choice of <strong>radiation for sterilization<\/strong> depends on the type of products:<\/p>\n<ul>\n<li><strong>Beta sterilization<\/strong>: for ultra-fast treatment of products, reducing the risk of oxidation;<\/li>\n<li><strong>Gamma sterilization<\/strong>: for treating large volumes and\/or products of varying compositions.<\/li>\n<\/ul>\n<p>[\/vc_column_text][\/vc_column][\/vc_row][vc_row type=&#8221;full_width_section&#8221; bg_color=&#8221;#f7f7f7&#8243;][vc_column column_padding=&#8221;padding-6&#8243; column_center=&#8221;true&#8221; width=&#8221;2\/3&#8243;][vc_column_text el_class=&#8221;h2presta&#8221;]<\/p>\n<h2>Why Use Industrial Sterilization by Ionization?<\/h2>\n<p>By altering the very structure of the molecule, exposure to <strong>beta and gamma rays<\/strong> rapidly destroys all present microorganisms. This technique is particularly employed in the medical and pharmaceutical industries.<\/p>\n<p><strong>Industrial sterilization by ionization<\/strong> offers essential advantages:<\/p>\n<ul>\n<li>Treatment at room temperature<\/li>\n<li>No addition of chemical compounds\u2014thus no residues<\/li>\n<li><strong>Sterilization of products<\/strong> in their final packaging<\/li>\n<li>The ability to treat multiple pallet orders in a reduced time<\/li>\n<li>Compatibility with all types of materials (metals, plastics, polymers, liquids\u2026)<\/li>\n<\/ul>\n<p>[\/vc_column_text][\/vc_column][vc_column bg_image=&#8221;17712&#8243; column_center=&#8221;true&#8221; width=&#8221;1\/3&#8243;]<div class=\"spacer\" style=\"height: 250px;\"><\/div>[\/vc_column][\/vc_row][vc_row type=&#8221;full_width_section&#8221; bg_color=&#8221;#f1f1f1&#8243;][vc_column bg_image=&#8221;19025&#8243; column_center=&#8221;true&#8221; width=&#8221;1\/3&#8243;]<div class=\"spacer\" style=\"height: 250px;\"><\/div>[\/vc_column][vc_column column_padding=&#8221;padding-6&#8243; column_center=&#8221;true&#8221; width=&#8221;2\/3&#8243;][vc_column_text el_class=&#8221;h2presta&#8221;]<\/p>\n<h2>IONISOS, Your Partner for Industrial Sterilization<\/h2>\n<p>Since 1956, our group has developed true expertise in the field of <strong>industrial sterilization<\/strong>. With four sites using gamma rays and three employing beta rays in Europe, we are able to provide you with responsiveness and efficiency.<\/p>\n<p>Each <strong>ionization treatment site<\/strong> has its own laboratory for the sterility control of products. We also have flawless logistics, enabling us to process and ship your orders quickly, even urgent ones.<\/p>\n<p>Each batch to be treated is monitored by a unique contact person, who remains available to answer your questions and ensure service fluidity. Your advisor is also able to recommend a specific <strong>sterilization technique<\/strong> based on your products and constraints.<\/p>\n<p>[\/vc_column_text][\/vc_column][\/vc_row][vc_row bg_color=&#8221;#0b2677&#8243; text_color=&#8221;light&#8221; text_align=&#8221;center&#8221; top_padding=&#8221;40&#8243; bottom_padding=&#8221;40&#8243;][vc_column width=&#8221;2\/3&#8243;]<div class=\"spacer\" style=\"height: 5px;\"><\/div>[vc_column_text el_class=&#8221;cta&#8221;]<\/p>\n<p style=\"text-align: left;\">Do you want to start a partnership with IONISOS? We are here to listen to any inquiries you may have.<\/p>\n<p>[\/vc_column_text][\/vc_column][vc_column width=&#8221;1\/3&#8243;][vc_row_inner][vc_column_inner]<a href=\"\/contact\/\" target=\"_self\" class=\"button color-8 medium \" style=\"border-radius: 2px;\">Contact us<\/a>[\/vc_column_inner][\/vc_row_inner][\/vc_column][\/vc_row]<\/p>\n","protected":false},"excerpt":{"rendered":"<p>[vc_row bg_image=&#8221;16355&#8243; bg_repeat=&#8221;no-repeat&#8221; text_color=&#8221;light&#8221; text_align=&#8221;center&#8221; top_padding=&#8221;80&#8243; bottom_padding=&#8221;80&#8243;][vc_column width=&#8221;1\/1&#8243;][\/vc_column][\/vc_row][vc_row top_padding=&#8221;80&#8243; bottom_padding=&#8221;80&#8243;][vc_column width=&#8221;1\/1&#8243;][vc_column_text] Known and used since the 1960s, ionizing radiation effectively destroys all microorganisms. This makes it one of the most reliable and efficient sterilization processes. IONISOS explains what an ionizing particle is and why it is your best ally for a healthy industrial environment. [\/vc_column_text][\/vc_column][\/vc_row][vc_row type=&#8221;full_width_section&#8221; bg_color=&#8221;#f7f7f7&#8243;][vc_column column_padding=&#8221;padding-6&#8243; column_center=&#8221;true&#8221; width=&#8221;2\/3&#8243;][vc_column_text el_class=&#8221;h2presta&#8221;] What is ionizing radiation? &#8220;Ionizing radiation&#8221; refers to an emission of energy, sometimes accompanied by a beam of particles. This includes ionizing rays, which have the unique ability to alter the molecules they pass through. Specifically, they transform atoms into ions. There are four types of ionizing radiation: X-rays, alpha rays, gamma rays, and beta rays. Our ionizing sterilization processes utilize gamma and beta rays. The former consists of photons that penetrate deeply into materials, while the latter is a beam of electrons with a lower penetration power but very high energy. [\/vc_column_text][\/vc_column][vc_column bg_image=&#8221;17697&#8243; column_center=&#8221;true&#8221; width=&#8221;1\/3&#8243;][\/vc_column][\/vc_row][vc_row type=&#8221;full_width_section&#8221; bg_color=&#8221;#f1f1f1&#8243;][vc_column bg_image=&#8221;16931&#8243; column_center=&#8221;true&#8221; width=&#8221;1\/3&#8243;][\/vc_column][vc_column column_padding=&#8221;padding-6&#8243; column_center=&#8221;true&#8221; width=&#8221;2\/3&#8243;][vc_column_text el_class=&#8221;h2presta&#8221;] Ionizing Sterilization: Techniques and Treatment Process Whether using gamma or beta rays, the ionization treatment follows a similar procedure. An automatic conveyor transports the products to a reinforced concrete protection chamber, where they are [&hellip;]<\/p>\n","protected":false},"author":4,"featured_media":0,"parent":0,"menu_order":0,"comment_status":"closed","ping_status":"open","template":"","meta":{"inline_featured_image":false,"footnotes":""},"class_list":["post-25289","page","type-page","status-publish","hentry"],"yoast_head":"<!-- This site is optimized with the Yoast SEO plugin v26.3 - https:\/\/yoast.com\/wordpress\/plugins\/seo\/ -->\n<title>Ionizing Radiation and Industrial Sterilization | IONISOS<\/title>\n<meta name=\"description\" content=\"IONISOS is a company specializing in industrial sterilization processes, particularly those that utilize ionizing radiation. What are we talking about? What is an ionizing ray? Discover our techniques and services.\" \/>\n<meta name=\"robots\" content=\"index, follow, max-snippet:-1, max-image-preview:large, max-video-preview:-1\" \/>\n<link rel=\"canonical\" href=\"https:\/\/www.ionisos.com\/particule-ionisante\/\" \/>\n<meta property=\"og:locale\" content=\"en_US\" \/>\n<meta property=\"og:type\" content=\"article\" \/>\n<meta property=\"og:title\" content=\"Ionizing Radiation and Industrial Sterilization | IONISOS\" \/>\n<meta property=\"og:description\" content=\"IONISOS is a company specializing in industrial sterilization processes, particularly those that utilize ionizing radiation. What are we talking about? What is an ionizing ray? Discover our techniques and services.\" \/>\n<meta property=\"og:url\" content=\"https:\/\/www.ionisos.com\/particule-ionisante\/\" \/>\n<meta property=\"og:site_name\" content=\"Ionisos\" \/>\n<meta property=\"article:modified_time\" content=\"2024-09-25T12:23:19+00:00\" \/>\n<meta name=\"twitter:card\" content=\"summary_large_image\" \/>\n<meta name=\"twitter:label1\" content=\"Est. reading time\" \/>\n\t<meta name=\"twitter:data1\" content=\"4 minutes\" \/>\n<script type=\"application\/ld+json\" class=\"yoast-schema-graph\">{\"@context\":\"https:\/\/schema.org\",\"@graph\":[{\"@type\":\"WebPage\",\"@id\":\"https:\/\/www.ionisos.com\/particule-ionisante\/\",\"url\":\"https:\/\/www.ionisos.com\/particule-ionisante\/\",\"name\":\"Ionizing Radiation and Industrial Sterilization | IONISOS\",\"isPartOf\":{\"@id\":\"https:\/\/www.ionisos.com\/#website\"},\"datePublished\":\"2024-09-25T12:23:15+00:00\",\"dateModified\":\"2024-09-25T12:23:19+00:00\",\"description\":\"IONISOS is a company specializing in industrial sterilization processes, particularly those that utilize ionizing radiation. What are we talking about? What is an ionizing ray? Discover our techniques and services.\",\"breadcrumb\":{\"@id\":\"https:\/\/www.ionisos.com\/particule-ionisante\/#breadcrumb\"},\"inLanguage\":\"en-US\",\"potentialAction\":[{\"@type\":\"ReadAction\",\"target\":[\"https:\/\/www.ionisos.com\/particule-ionisante\/\"]}]},{\"@type\":\"BreadcrumbList\",\"@id\":\"https:\/\/www.ionisos.com\/particule-ionisante\/#breadcrumb\",\"itemListElement\":[{\"@type\":\"ListItem\",\"position\":1,\"name\":\"Accueil\",\"item\":\"https:\/\/www.ionisos.com\/en\/\"},{\"@type\":\"ListItem\",\"position\":2,\"name\":\"Ionizing Particle\"}]},{\"@type\":\"WebSite\",\"@id\":\"https:\/\/www.ionisos.com\/#website\",\"url\":\"https:\/\/www.ionisos.com\/\",\"name\":\"Ionisos\",\"description\":\"Ionisation par \u00e9lectrons acc\u00e9l\u00e9r\u00e9s, rayons gamma, rayons X et oxyde d&#039;\u00e9thyl\u00e8ne\",\"potentialAction\":[{\"@type\":\"SearchAction\",\"target\":{\"@type\":\"EntryPoint\",\"urlTemplate\":\"https:\/\/www.ionisos.com\/?s={search_term_string}\"},\"query-input\":{\"@type\":\"PropertyValueSpecification\",\"valueRequired\":true,\"valueName\":\"search_term_string\"}}],\"inLanguage\":\"en-US\"}]}<\/script>\n<!-- \/ Yoast SEO plugin. -->","yoast_head_json":{"title":"Ionizing Radiation and Industrial Sterilization | IONISOS","description":"IONISOS is a company specializing in industrial sterilization processes, particularly those that utilize ionizing radiation. What are we talking about? What is an ionizing ray? Discover our techniques and services.","robots":{"index":"index","follow":"follow","max-snippet":"max-snippet:-1","max-image-preview":"max-image-preview:large","max-video-preview":"max-video-preview:-1"},"canonical":"https:\/\/www.ionisos.com\/particule-ionisante\/","og_locale":"en_US","og_type":"article","og_title":"Ionizing Radiation and Industrial Sterilization | IONISOS","og_description":"IONISOS is a company specializing in industrial sterilization processes, particularly those that utilize ionizing radiation. What are we talking about? What is an ionizing ray? Discover our techniques and services.","og_url":"https:\/\/www.ionisos.com\/particule-ionisante\/","og_site_name":"Ionisos","article_modified_time":"2024-09-25T12:23:19+00:00","twitter_card":"summary_large_image","twitter_misc":{"Est. reading time":"4 minutes"},"schema":{"@context":"https:\/\/schema.org","@graph":[{"@type":"WebPage","@id":"https:\/\/www.ionisos.com\/particule-ionisante\/","url":"https:\/\/www.ionisos.com\/particule-ionisante\/","name":"Ionizing Radiation and Industrial Sterilization | IONISOS","isPartOf":{"@id":"https:\/\/www.ionisos.com\/#website"},"datePublished":"2024-09-25T12:23:15+00:00","dateModified":"2024-09-25T12:23:19+00:00","description":"IONISOS is a company specializing in industrial sterilization processes, particularly those that utilize ionizing radiation. What are we talking about? What is an ionizing ray? Discover our techniques and services.","breadcrumb":{"@id":"https:\/\/www.ionisos.com\/particule-ionisante\/#breadcrumb"},"inLanguage":"en-US","potentialAction":[{"@type":"ReadAction","target":["https:\/\/www.ionisos.com\/particule-ionisante\/"]}]},{"@type":"BreadcrumbList","@id":"https:\/\/www.ionisos.com\/particule-ionisante\/#breadcrumb","itemListElement":[{"@type":"ListItem","position":1,"name":"Accueil","item":"https:\/\/www.ionisos.com\/en\/"},{"@type":"ListItem","position":2,"name":"Ionizing Particle"}]},{"@type":"WebSite","@id":"https:\/\/www.ionisos.com\/#website","url":"https:\/\/www.ionisos.com\/","name":"Ionisos","description":"Ionisation par \u00e9lectrons acc\u00e9l\u00e9r\u00e9s, rayons gamma, rayons X et oxyde d&#039;\u00e9thyl\u00e8ne","potentialAction":[{"@type":"SearchAction","target":{"@type":"EntryPoint","urlTemplate":"https:\/\/www.ionisos.com\/?s={search_term_string}"},"query-input":{"@type":"PropertyValueSpecification","valueRequired":true,"valueName":"search_term_string"}}],"inLanguage":"en-US"}]}},"_links":{"self":[{"href":"https:\/\/www.ionisos.com\/en\/wp-json\/wp\/v2\/pages\/25289","targetHints":{"allow":["GET"]}}],"collection":[{"href":"https:\/\/www.ionisos.com\/en\/wp-json\/wp\/v2\/pages"}],"about":[{"href":"https:\/\/www.ionisos.com\/en\/wp-json\/wp\/v2\/types\/page"}],"author":[{"embeddable":true,"href":"https:\/\/www.ionisos.com\/en\/wp-json\/wp\/v2\/users\/4"}],"replies":[{"embeddable":true,"href":"https:\/\/www.ionisos.com\/en\/wp-json\/wp\/v2\/comments?post=25289"}],"version-history":[{"count":5,"href":"https:\/\/www.ionisos.com\/en\/wp-json\/wp\/v2\/pages\/25289\/revisions"}],"predecessor-version":[{"id":25294,"href":"https:\/\/www.ionisos.com\/en\/wp-json\/wp\/v2\/pages\/25289\/revisions\/25294"}],"wp:attachment":[{"href":"https:\/\/www.ionisos.com\/en\/wp-json\/wp\/v2\/media?parent=25289"}],"curies":[{"name":"wp","href":"https:\/\/api.w.org\/{rel}","templated":true}]}}