 {"id":25277,"date":"2024-09-25T14:16:00","date_gmt":"2024-09-25T12:16:00","guid":{"rendered":"https:\/\/www.ionisos.com\/sterilization-temperature\/"},"modified":"2024-09-25T14:17:02","modified_gmt":"2024-09-25T12:17:02","slug":"sterilization-temperature","status":"publish","type":"page","link":"https:\/\/www.ionisos.com\/en\/sterilization-temperature\/","title":{"rendered":"Sterilization Temperature"},"content":{"rendered":"<p>[vc_row bg_image=&#8221;16355&#8243; bg_repeat=&#8221;no-repeat&#8221; text_color=&#8221;light&#8221; text_align=&#8221;center&#8221; top_padding=&#8221;80&#8243; bottom_padding=&#8221;80&#8243;][vc_column width=&#8221;1\/1&#8243;]<h1 class=\"headline font-special fontsize-xxl fontweight-inherit lh-inherit align-center transform-uppercase \" style=\"margin: 0;\">Sterilization Temperature:<br \/>\nAn Essential Variable in the Industry<\/h1>[\/vc_column][\/vc_row][vc_row top_padding=&#8221;80&#8243; bottom_padding=&#8221;80&#8243;][vc_column width=&#8221;1\/1&#8243;][vc_column_text]<\/p>\n<p style=\"text-align: center;\">There are different <a href=\"https:\/\/www.ionisos.com\/technique-de-sterilisation\/\">sterilization techniques<\/a> in industrial settings, depending on the type of product and the specific requirements of the sector. The <strong>sterilization temperature<\/strong>, in particular, varies depending on the method used.<\/p>\n<p style=\"text-align: center;\">The use of ethylene oxide has the main advantage of preventing damage to fragile or heat-sensitive materials. Indeed, this technique is effective at temperatures between 30 and 60\u00b0C, compared to 100\u00b0C or more for other methods.<\/p>\n<p>[\/vc_column_text][\/vc_column][\/vc_row][vc_row type=&#8221;full_width_section&#8221; bg_color=&#8221;#f7f7f7&#8243;][vc_column column_padding=&#8221;padding-6&#8243; column_center=&#8221;true&#8221; width=&#8221;2\/3&#8243;][vc_column_text el_class=&#8221;h2presta&#8221;]<\/p>\n<h2>Low-temperature sterilization: the advantages of ethylene oxide<\/h2>\n<p>Ethylene oxide is a gas widely used for <strong>sterilization in medical<\/strong> or pharmaceutical environments. It has the unique ability to penetrate deep into any air-permeable material, allowing products to be sterilized within their packaging.<\/p>\n<p>Another key advantage of <strong>low-temperature sterilization with ETO<\/strong> is the variety of materials that can be treated using this process: polymer resins, heat-sensitive plastics, electronic components&#8230; This technique offers a dual benefit: perfect preservation of material properties and achievement of the desired sterility assurance level.<\/p>\n<p>[\/vc_column_text][\/vc_column][vc_column bg_image=&#8221;15662&#8243; column_center=&#8221;true&#8221; width=&#8221;1\/3&#8243;]<div class=\"spacer\" style=\"height: 250px;\"><\/div>[\/vc_column][\/vc_row][vc_row type=&#8221;full_width_section&#8221; bg_color=&#8221;#f1f1f1&#8243;][vc_column bg_image=&#8221;17459&#8243; column_center=&#8221;true&#8221; width=&#8221;1\/3&#8243;]<div class=\"spacer\" style=\"height: 250px;\"><\/div>[\/vc_column][vc_column column_padding=&#8221;padding-6&#8243; column_center=&#8221;true&#8221; width=&#8221;2\/3&#8243;][vc_column_text el_class=&#8221;h2presta&#8221;]<\/p>\n<h2>Why choose ETO sterilization for medical devices?<\/h2>\n<p>Beta or gamma ionization is a highly effective <strong>ambient temperature sterilization<\/strong> process (also known as &#8220;cold sterilization&#8221;), but it is not suitable for all products. In the pharmaceutical and medical fields, certain materials are incompatible with these techniques.<\/p>\n<p>To ensure the proper <strong>sterilization of medical devices<\/strong>, ethylene oxide remains one of the best solutions. This method is used to treat gauze, care kits, laboratory equipment, and more. ETO has the unique ability to directly destroy the DNA of bacteria, viruses, fungi, and other microorganisms present on the treated product.<\/p>\n<p>[\/vc_column_text][\/vc_column][\/vc_row][vc_row type=&#8221;full_width_section&#8221; bg_color=&#8221;#f7f7f7&#8243;][vc_column column_padding=&#8221;padding-6&#8243; column_center=&#8221;true&#8221; width=&#8221;2\/3&#8243;][vc_column_text el_class=&#8221;h2presta&#8221;]<\/p>\n<h2>How does ethylene oxide sterilization work?<\/h2>\n<p>This <strong>low-temperature decontamination process<\/strong> consists of three successive stages:<\/p>\n<ul>\n<li>Pre-conditioning, during which the products are humidified and slightly heated, taking into account their composition;<\/li>\n<li><strong>Vacuum sterilization<\/strong>, which takes place in a sealed chamber and generally lasts several hours;<\/li>\n<li>Dynamic aeration or degassing, which aims to eliminate any gas residues and usually lasts between 24 to 48 hours.<\/li>\n<\/ul>\n<p>Various parameters can be adjusted during <strong>ETO sterilization<\/strong>: temperature, humidity, gas concentration, and exposure time. These factors depend directly on the product being treated.<\/p>\n<p>[\/vc_column_text][\/vc_column][vc_column bg_image=&#8221;17697&#8243; column_center=&#8221;true&#8221; width=&#8221;1\/3&#8243;]<div class=\"spacer\" style=\"height: 250px;\"><\/div>[\/vc_column][\/vc_row][vc_row type=&#8221;full_width_section&#8221; bg_color=&#8221;#f1f1f1&#8243;][vc_column bg_image=&#8221;21447&#8243; column_center=&#8221;true&#8221; width=&#8221;1\/3&#8243;]<div class=\"spacer\" style=\"height: 250px;\"><\/div>[\/vc_column][vc_column column_padding=&#8221;padding-6&#8243; column_center=&#8221;true&#8221; width=&#8221;2\/3&#8243;][vc_column_text el_class=&#8221;h2presta&#8221;]<\/p>\n<h2>IONISOS, expert in industrial sterilization<\/h2>\n<p>With our various treatment sites across France and Europe, we are able to guarantee both responsiveness and efficiency. Our facilities have their own quality analysis laboratories, offering an added assurance of reliability. Our expertise in <strong>low-temperature industrial sterilization<\/strong> covers three techniques: ethylene oxide, beta ionization, and gamma ionization. Feel free to contact us for any further information.<\/p>\n<p>[\/vc_column_text][\/vc_column][\/vc_row][vc_row bg_color=&#8221;#0b2677&#8243; text_color=&#8221;light&#8221; text_align=&#8221;center&#8221; top_padding=&#8221;40&#8243; bottom_padding=&#8221;40&#8243;][vc_column width=&#8221;2\/3&#8243;]<div class=\"spacer\" style=\"height: 5px;\"><\/div>[vc_column_text el_class=&#8221;cta&#8221;]<\/p>\n<p style=\"text-align: left;\">Do you want to start a partnership with IONISOS? We are here to listen to any inquiries you may have.<\/p>\n<p>[\/vc_column_text][\/vc_column][vc_column width=&#8221;1\/3&#8243;][vc_row_inner][vc_column_inner]<a href=\"\/contact\/\" target=\"_self\" class=\"button color-8 medium \" style=\"border-radius: 2px;\">Contact us<\/a>[\/vc_column_inner][\/vc_row_inner][\/vc_column][\/vc_row]<\/p>\n","protected":false},"excerpt":{"rendered":"<p>[vc_row bg_image=&#8221;16355&#8243; bg_repeat=&#8221;no-repeat&#8221; text_color=&#8221;light&#8221; text_align=&#8221;center&#8221; top_padding=&#8221;80&#8243; bottom_padding=&#8221;80&#8243;][vc_column width=&#8221;1\/1&#8243;][\/vc_column][\/vc_row][vc_row top_padding=&#8221;80&#8243; bottom_padding=&#8221;80&#8243;][vc_column width=&#8221;1\/1&#8243;][vc_column_text] There are different sterilization techniques in industrial settings, depending on the type of product and the specific requirements of the sector. The sterilization temperature, in particular, varies depending on the method used. The use of ethylene oxide has the main advantage of preventing damage to fragile or heat-sensitive materials. Indeed, this technique is effective at temperatures between 30 and 60\u00b0C, compared to 100\u00b0C or more for other methods. [\/vc_column_text][\/vc_column][\/vc_row][vc_row type=&#8221;full_width_section&#8221; bg_color=&#8221;#f7f7f7&#8243;][vc_column column_padding=&#8221;padding-6&#8243; column_center=&#8221;true&#8221; width=&#8221;2\/3&#8243;][vc_column_text el_class=&#8221;h2presta&#8221;] Low-temperature sterilization: the advantages of ethylene oxide Ethylene oxide is a gas widely used for sterilization in medical or pharmaceutical environments. It has the unique ability to penetrate deep into any air-permeable material, allowing products to be sterilized within their packaging. Another key advantage of low-temperature sterilization with ETO is the variety of materials that can be treated using this process: polymer resins, heat-sensitive plastics, electronic components&#8230; This technique offers a dual benefit: perfect preservation of material properties and achievement of the desired sterility assurance level. [\/vc_column_text][\/vc_column][vc_column bg_image=&#8221;15662&#8243; column_center=&#8221;true&#8221; width=&#8221;1\/3&#8243;][\/vc_column][\/vc_row][vc_row type=&#8221;full_width_section&#8221; bg_color=&#8221;#f1f1f1&#8243;][vc_column bg_image=&#8221;17459&#8243; column_center=&#8221;true&#8221; width=&#8221;1\/3&#8243;][\/vc_column][vc_column column_padding=&#8221;padding-6&#8243; column_center=&#8221;true&#8221; width=&#8221;2\/3&#8243;][vc_column_text el_class=&#8221;h2presta&#8221;] Why choose ETO sterilization for medical devices? Beta or gamma ionization is a highly effective [&hellip;]<\/p>\n","protected":false},"author":4,"featured_media":0,"parent":0,"menu_order":0,"comment_status":"closed","ping_status":"open","template":"","meta":{"inline_featured_image":false,"footnotes":""},"class_list":["post-25277","page","type-page","status-publish","hentry"],"yoast_head":"<!-- This site is optimized with the Yoast SEO plugin v26.3 - https:\/\/yoast.com\/wordpress\/plugins\/seo\/ -->\n<title>Ethylene Oxide Sterilization Temperature | IONISOS<\/title>\n<meta name=\"description\" content=\"The sterilization temperature varies depending on the process used. Ethylene oxide sterilization has the advantage of being effective at low temperatures. Discover this technique with IONISOS, a specialist in industrial sterilization.\" \/>\n<meta name=\"robots\" content=\"index, follow, max-snippet:-1, max-image-preview:large, max-video-preview:-1\" \/>\n<link rel=\"canonical\" href=\"https:\/\/www.ionisos.com\/temperature-de-sterilisation\/\" \/>\n<meta property=\"og:locale\" content=\"en_US\" \/>\n<meta property=\"og:type\" content=\"article\" \/>\n<meta property=\"og:title\" content=\"Ethylene Oxide Sterilization Temperature | IONISOS\" \/>\n<meta property=\"og:description\" content=\"The sterilization temperature varies depending on the process used. Ethylene oxide sterilization has the advantage of being effective at low temperatures. Discover this technique with IONISOS, a specialist in industrial sterilization.\" \/>\n<meta property=\"og:url\" content=\"https:\/\/www.ionisos.com\/temperature-de-sterilisation\/\" \/>\n<meta property=\"og:site_name\" content=\"Ionisos\" \/>\n<meta property=\"article:modified_time\" content=\"2024-09-25T12:17:02+00:00\" \/>\n<meta name=\"twitter:card\" content=\"summary_large_image\" \/>\n<meta name=\"twitter:label1\" content=\"Est. reading time\" \/>\n\t<meta name=\"twitter:data1\" content=\"4 minutes\" \/>\n<script type=\"application\/ld+json\" class=\"yoast-schema-graph\">{\"@context\":\"https:\/\/schema.org\",\"@graph\":[{\"@type\":\"WebPage\",\"@id\":\"https:\/\/www.ionisos.com\/temperature-de-sterilisation\/\",\"url\":\"https:\/\/www.ionisos.com\/temperature-de-sterilisation\/\",\"name\":\"Ethylene Oxide Sterilization Temperature | IONISOS\",\"isPartOf\":{\"@id\":\"https:\/\/www.ionisos.com\/#website\"},\"datePublished\":\"2024-09-25T12:16:00+00:00\",\"dateModified\":\"2024-09-25T12:17:02+00:00\",\"description\":\"The sterilization temperature varies depending on the process used. Ethylene oxide sterilization has the advantage of being effective at low temperatures. Discover this technique with IONISOS, a specialist in industrial sterilization.\",\"breadcrumb\":{\"@id\":\"https:\/\/www.ionisos.com\/temperature-de-sterilisation\/#breadcrumb\"},\"inLanguage\":\"en-US\",\"potentialAction\":[{\"@type\":\"ReadAction\",\"target\":[\"https:\/\/www.ionisos.com\/temperature-de-sterilisation\/\"]}]},{\"@type\":\"BreadcrumbList\",\"@id\":\"https:\/\/www.ionisos.com\/temperature-de-sterilisation\/#breadcrumb\",\"itemListElement\":[{\"@type\":\"ListItem\",\"position\":1,\"name\":\"Accueil\",\"item\":\"https:\/\/www.ionisos.com\/en\/\"},{\"@type\":\"ListItem\",\"position\":2,\"name\":\"Sterilization Temperature\"}]},{\"@type\":\"WebSite\",\"@id\":\"https:\/\/www.ionisos.com\/#website\",\"url\":\"https:\/\/www.ionisos.com\/\",\"name\":\"Ionisos\",\"description\":\"Ionisation par \u00e9lectrons acc\u00e9l\u00e9r\u00e9s, rayons gamma, rayons X et oxyde d&#039;\u00e9thyl\u00e8ne\",\"potentialAction\":[{\"@type\":\"SearchAction\",\"target\":{\"@type\":\"EntryPoint\",\"urlTemplate\":\"https:\/\/www.ionisos.com\/?s={search_term_string}\"},\"query-input\":{\"@type\":\"PropertyValueSpecification\",\"valueRequired\":true,\"valueName\":\"search_term_string\"}}],\"inLanguage\":\"en-US\"}]}<\/script>\n<!-- \/ Yoast SEO plugin. -->","yoast_head_json":{"title":"Ethylene Oxide Sterilization Temperature | IONISOS","description":"The sterilization temperature varies depending on the process used. Ethylene oxide sterilization has the advantage of being effective at low temperatures. Discover this technique with IONISOS, a specialist in industrial sterilization.","robots":{"index":"index","follow":"follow","max-snippet":"max-snippet:-1","max-image-preview":"max-image-preview:large","max-video-preview":"max-video-preview:-1"},"canonical":"https:\/\/www.ionisos.com\/temperature-de-sterilisation\/","og_locale":"en_US","og_type":"article","og_title":"Ethylene Oxide Sterilization Temperature | IONISOS","og_description":"The sterilization temperature varies depending on the process used. Ethylene oxide sterilization has the advantage of being effective at low temperatures. Discover this technique with IONISOS, a specialist in industrial sterilization.","og_url":"https:\/\/www.ionisos.com\/temperature-de-sterilisation\/","og_site_name":"Ionisos","article_modified_time":"2024-09-25T12:17:02+00:00","twitter_card":"summary_large_image","twitter_misc":{"Est. reading time":"4 minutes"},"schema":{"@context":"https:\/\/schema.org","@graph":[{"@type":"WebPage","@id":"https:\/\/www.ionisos.com\/temperature-de-sterilisation\/","url":"https:\/\/www.ionisos.com\/temperature-de-sterilisation\/","name":"Ethylene Oxide Sterilization Temperature | IONISOS","isPartOf":{"@id":"https:\/\/www.ionisos.com\/#website"},"datePublished":"2024-09-25T12:16:00+00:00","dateModified":"2024-09-25T12:17:02+00:00","description":"The sterilization temperature varies depending on the process used. Ethylene oxide sterilization has the advantage of being effective at low temperatures. Discover this technique with IONISOS, a specialist in industrial sterilization.","breadcrumb":{"@id":"https:\/\/www.ionisos.com\/temperature-de-sterilisation\/#breadcrumb"},"inLanguage":"en-US","potentialAction":[{"@type":"ReadAction","target":["https:\/\/www.ionisos.com\/temperature-de-sterilisation\/"]}]},{"@type":"BreadcrumbList","@id":"https:\/\/www.ionisos.com\/temperature-de-sterilisation\/#breadcrumb","itemListElement":[{"@type":"ListItem","position":1,"name":"Accueil","item":"https:\/\/www.ionisos.com\/en\/"},{"@type":"ListItem","position":2,"name":"Sterilization Temperature"}]},{"@type":"WebSite","@id":"https:\/\/www.ionisos.com\/#website","url":"https:\/\/www.ionisos.com\/","name":"Ionisos","description":"Ionisation par \u00e9lectrons acc\u00e9l\u00e9r\u00e9s, rayons gamma, rayons X et oxyde d&#039;\u00e9thyl\u00e8ne","potentialAction":[{"@type":"SearchAction","target":{"@type":"EntryPoint","urlTemplate":"https:\/\/www.ionisos.com\/?s={search_term_string}"},"query-input":{"@type":"PropertyValueSpecification","valueRequired":true,"valueName":"search_term_string"}}],"inLanguage":"en-US"}]}},"_links":{"self":[{"href":"https:\/\/www.ionisos.com\/en\/wp-json\/wp\/v2\/pages\/25277","targetHints":{"allow":["GET"]}}],"collection":[{"href":"https:\/\/www.ionisos.com\/en\/wp-json\/wp\/v2\/pages"}],"about":[{"href":"https:\/\/www.ionisos.com\/en\/wp-json\/wp\/v2\/types\/page"}],"author":[{"embeddable":true,"href":"https:\/\/www.ionisos.com\/en\/wp-json\/wp\/v2\/users\/4"}],"replies":[{"embeddable":true,"href":"https:\/\/www.ionisos.com\/en\/wp-json\/wp\/v2\/comments?post=25277"}],"version-history":[{"count":11,"href":"https:\/\/www.ionisos.com\/en\/wp-json\/wp\/v2\/pages\/25277\/revisions"}],"predecessor-version":[{"id":25288,"href":"https:\/\/www.ionisos.com\/en\/wp-json\/wp\/v2\/pages\/25277\/revisions\/25288"}],"wp:attachment":[{"href":"https:\/\/www.ionisos.com\/en\/wp-json\/wp\/v2\/media?parent=25277"}],"curies":[{"name":"wp","href":"https:\/\/api.w.org\/{rel}","templated":true}]}}