 {"id":25265,"date":"2024-09-18T16:07:47","date_gmt":"2024-09-18T14:07:47","guid":{"rendered":"https:\/\/www.ionisos.com\/the-different-sterilization-processes\/"},"modified":"2024-09-18T16:07:50","modified_gmt":"2024-09-18T14:07:50","slug":"the-different-sterilization-processes","status":"publish","type":"page","link":"https:\/\/www.ionisos.com\/en\/the-different-sterilization-processes\/","title":{"rendered":"The Different Sterilization Processes"},"content":{"rendered":"<p>[vc_row bg_image=&#8221;16355&#8243; bg_repeat=&#8221;no-repeat&#8221; text_color=&#8221;light&#8221; text_align=&#8221;center&#8221; top_padding=&#8221;80&#8243; bottom_padding=&#8221;80&#8243;][vc_column width=&#8221;1\/1&#8243;]<h1 class=\"headline font-special fontsize-xxl fontweight-inherit lh-inherit align-center transform-uppercase \" style=\"margin: 0;\">The Different Low-Temperature Sterilization Processes<\/h1>[\/vc_column][\/vc_row][vc_row top_padding=&#8221;80&#8243; bottom_padding=&#8221;80&#8243;][vc_column width=&#8221;1\/1&#8243;][vc_column_text]<\/p>\n<p style=\"text-align: center;\">Many industries require sterilization for their production. This includes the medical, pharmaceutical, veterinary sectors, as well as the food and cosmetics industries, for example.<\/p>\n<p style=\"text-align: center;\">Founded in 1993, IONISOS applies <strong>various sterilization processes<\/strong>, offering true expertise and personalized support.<\/p>\n<p>[\/vc_column_text][\/vc_column][\/vc_row][vc_row type=&#8221;full_width_section&#8221; bg_color=&#8221;#f8f8f8&#8243;][vc_column bg_image=&#8221;21913&#8243; column_center=&#8221;true&#8221; width=&#8221;1\/3&#8243;]<div class=\"spacer\" style=\"height: 250px;\"><\/div>[\/vc_column][vc_column column_padding=&#8221;padding-6&#8243; column_center=&#8221;true&#8221; width=&#8221;2\/3&#8243;][vc_column_text el_class=&#8221;h2presta&#8221;]<\/p>\n<h2>Three Proven Sterilization Methods<\/h2>\n<p>IONISOS exclusively uses <strong><a href=\"https:\/\/www.ionisos.com\/procedes-de-sterilisation\/\">sterilization processes<\/a><\/strong> at ambient temperature and without pressure modification, which helps to preserve the properties of the products. The choice of technique depends on multiple factors: the composition and characteristics of the item to be decontaminated, its density, the type of packaging and conditioning, etc.<\/p>\n<p>The <strong>industrial sterilization<\/strong> aims to eliminate microorganisms both on the surface and internally, ensuring the sterile state of the treated products. Here are the three techniques used by IONISOS.<br \/>\n[\/vc_column_text][\/vc_column][\/vc_row][vc_row type=&#8221;full_width_section&#8221; bg_color=&#8221;#f1f1f1&#8243;][vc_column column_padding=&#8221;padding-6&#8243; column_center=&#8221;true&#8221; width=&#8221;2\/3&#8243;][vc_column_text el_class=&#8221;h2presta&#8221;]<\/p>\n<h2>Beta Ray or E-Beam Sterilization<\/h2>\n<p>This <strong>sterilization method<\/strong> uses an ionizing beam emitted by an electron accelerator. Directed onto the product to be treated, beta rays have the property of modifying the molecules they pass through.<\/p>\n<p>Beta sterilization is generally performed in cartons, which are conveyed through an irradiation chamber twice (first one side, then the other). Depending on the composition and density of the products, the speed at which the cartons pass under the beam is adjusted.<\/p>\n<p>The benefits of <strong>e-beam sterilization<\/strong> are:<\/p>\n<ul>\n<li>optimal processing speed;<\/li>\n<li>decontamination at ambient temperature;<\/li>\n<li>absence of residues.<\/li>\n<\/ul>\n<p>[\/vc_column_text][\/vc_column][vc_column bg_image=&#8221;15736&#8243; column_center=&#8221;true&#8221; width=&#8221;1\/3&#8243;]<div class=\"spacer\" style=\"height: 250px;\"><\/div>[\/vc_column][\/vc_row][vc_row type=&#8221;full_width_section&#8221; bg_color=&#8221;#f8f8f8&#8243;][vc_column bg_image=&#8221;17442&#8243; column_center=&#8221;true&#8221; width=&#8221;1\/3&#8243;]<div class=\"spacer\" style=\"height: 250px;\"><\/div>[\/vc_column][vc_column column_padding=&#8221;padding-6&#8243; column_center=&#8221;true&#8221; width=&#8221;2\/3&#8243;][vc_column_text el_class=&#8221;h2presta&#8221;]<\/p>\n<h2>Gamma Ray Sterilization<\/h2>\n<p>This <strong>sterilization technique<\/strong> uses a photon beam emitted from a cobalt-60 source. Applied for a short period, this ionizing radiation alters the internal structure of microorganisms, leading to their immediate destruction.<\/p>\n<p><strong>Gamma sterilization<\/strong> occurs at low temperatures and can be performed on entire pallets, even with different types of products.<\/p>\n<p>Its advantages are:<\/p>\n<ul>\n<li>treatment under packaging, thus no risk of recontamination;<\/li>\n<li>process suitable for refrigerated, frozen, or heat-sensitive products;<\/li>\n<li>pallets available immediately after sterilization.<\/li>\n<\/ul>\n<p>[\/vc_column_text][\/vc_column][\/vc_row][vc_row type=&#8221;full_width_section&#8221; bg_color=&#8221;#f1f1f1&#8243;][vc_column column_padding=&#8221;padding-6&#8243; column_center=&#8221;true&#8221; width=&#8221;2\/3&#8243;][vc_column_text el_class=&#8221;h2presta&#8221;]<\/p>\n<h2>Ethylene Oxide (EtO) Sterilization<\/h2>\n<p>When the previous methods cannot be used, IONISOS resorts to <strong>EtO sterilization<\/strong>. This technique utilizes a gas, ethylene oxide, which eliminates undesirable organisms at low temperatures (up to 60\u00b0C).<\/p>\n<p>This method, widely used for medical equipment and devices, involves slightly humidifying and preheating the products, then placing them in a sterilization chamber. They are subsequently stored in a degassing cell for 24 to 48 hours.<\/p>\n<p>The advantages of EtO sterilization are primarily its reliability, compatibility with many materials, and its penetration rate.<br \/>\n[\/vc_column_text][\/vc_column][vc_column bg_image=&#8221;15668&#8243; column_center=&#8221;true&#8221; width=&#8221;1\/3&#8243;]<div class=\"spacer\" style=\"height: 250px;\"><\/div>[\/vc_column][\/vc_row][vc_row type=&#8221;full_width_section&#8221; bg_color=&#8221;#f8f8f8&#8243;][vc_column bg_image=&#8221;16769&#8243; column_center=&#8221;true&#8221; width=&#8221;1\/3&#8243;]<div class=\"spacer\" style=\"height: 250px;\"><\/div>[\/vc_column][vc_column column_padding=&#8221;padding-6&#8243; column_center=&#8221;true&#8221; width=&#8221;2\/3&#8243;][vc_column_text el_class=&#8221;h2presta&#8221;]<\/p>\n<h2>Why Choose IONISOS for Your Industrial Sterilization Needs?<\/h2>\n<p>IONISOS provides tailored solutions for your industrial sterilization needs with significant advantages:<\/p>\n<ul>\n<li>ten certified treatment sites across France and Europe;<\/li>\n<li>utilization of <strong>three effective sterilization techniques<\/strong>;<\/li>\n<li>personalized advice and support from a dedicated consultant;<\/li>\n<li>responsiveness and ability to quickly handle large volumes.<\/li>\n<\/ul>\n<p>[\/vc_column_text][\/vc_column][\/vc_row][vc_row bg_color=&#8221;#0b2677&#8243; text_color=&#8221;light&#8221; text_align=&#8221;center&#8221; top_padding=&#8221;40&#8243; bottom_padding=&#8221;40&#8243;][vc_column width=&#8221;2\/3&#8243;]<div class=\"spacer\" style=\"height: 5px;\"><\/div>[vc_column_text el_class=&#8221;cta&#8221;]<\/p>\n<p style=\"text-align: left;\">Contact us today and benefit from competitive and high-quality service!<\/p>\n<p>[\/vc_column_text][\/vc_column][vc_column width=&#8221;1\/3&#8243;][vc_row_inner][vc_column_inner]<a href=\"\/contact\/\" target=\"_self\" class=\"button color-8 medium \" style=\"border-radius: 2px;\">Contact us<\/a>[\/vc_column_inner][\/vc_row_inner][\/vc_column][\/vc_row]<\/p>\n","protected":false},"excerpt":{"rendered":"<p>[vc_row bg_image=&#8221;16355&#8243; bg_repeat=&#8221;no-repeat&#8221; text_color=&#8221;light&#8221; text_align=&#8221;center&#8221; top_padding=&#8221;80&#8243; bottom_padding=&#8221;80&#8243;][vc_column width=&#8221;1\/1&#8243;][\/vc_column][\/vc_row][vc_row top_padding=&#8221;80&#8243; bottom_padding=&#8221;80&#8243;][vc_column width=&#8221;1\/1&#8243;][vc_column_text] Many industries require sterilization for their production. This includes the medical, pharmaceutical, veterinary sectors, as well as the food and cosmetics industries, for example. Founded in 1993, IONISOS applies various sterilization processes, offering true expertise and personalized support. [\/vc_column_text][\/vc_column][\/vc_row][vc_row type=&#8221;full_width_section&#8221; bg_color=&#8221;#f8f8f8&#8243;][vc_column bg_image=&#8221;21913&#8243; column_center=&#8221;true&#8221; width=&#8221;1\/3&#8243;][\/vc_column][vc_column column_padding=&#8221;padding-6&#8243; column_center=&#8221;true&#8221; width=&#8221;2\/3&#8243;][vc_column_text el_class=&#8221;h2presta&#8221;] Three Proven Sterilization Methods IONISOS exclusively uses sterilization processes at ambient temperature and without pressure modification, which helps to preserve the properties of the products. The choice of technique depends on multiple factors: the composition and characteristics of the item to be decontaminated, its density, the type of packaging and conditioning, etc. The industrial sterilization aims to eliminate microorganisms both on the surface and internally, ensuring the sterile state of the treated products. Here are the three techniques used by IONISOS. [\/vc_column_text][\/vc_column][\/vc_row][vc_row type=&#8221;full_width_section&#8221; bg_color=&#8221;#f1f1f1&#8243;][vc_column column_padding=&#8221;padding-6&#8243; column_center=&#8221;true&#8221; width=&#8221;2\/3&#8243;][vc_column_text el_class=&#8221;h2presta&#8221;] Beta Ray or E-Beam Sterilization This sterilization method uses an ionizing beam emitted by an electron accelerator. Directed onto the product to be treated, beta rays have the property of modifying the molecules they pass through. Beta sterilization is generally performed in cartons, which are conveyed through an irradiation chamber twice (first one [&hellip;]<\/p>\n","protected":false},"author":4,"featured_media":0,"parent":0,"menu_order":0,"comment_status":"closed","ping_status":"open","template":"","meta":{"inline_featured_image":false,"footnotes":""},"class_list":["post-25265","page","type-page","status-publish","hentry"],"yoast_head":"<!-- This site is optimized with the Yoast SEO plugin v26.3 - https:\/\/yoast.com\/wordpress\/plugins\/seo\/ -->\n<title>The Different Sterilization Processes | IONISOS<\/title>\n<meta name=\"description\" content=\"In industrial or pharmaceutical environments, different sterilization processes are used depending on the products and applicable standards. IONISOS, a professional decontamination expert, presents three commonly used techniques.\" \/>\n<meta name=\"robots\" content=\"index, follow, max-snippet:-1, max-image-preview:large, max-video-preview:-1\" \/>\n<link rel=\"canonical\" href=\"https:\/\/www.ionisos.com\/les-differents-procedes-de-sterilisation\/\" \/>\n<meta property=\"og:locale\" content=\"en_US\" \/>\n<meta property=\"og:type\" content=\"article\" \/>\n<meta property=\"og:title\" content=\"The Different Sterilization Processes | IONISOS\" \/>\n<meta property=\"og:description\" content=\"In industrial or pharmaceutical environments, different sterilization processes are used depending on the products and applicable standards. IONISOS, a professional decontamination expert, presents three commonly used techniques.\" \/>\n<meta property=\"og:url\" content=\"https:\/\/www.ionisos.com\/les-differents-procedes-de-sterilisation\/\" \/>\n<meta property=\"og:site_name\" content=\"Ionisos\" \/>\n<meta property=\"article:modified_time\" content=\"2024-09-18T14:07:50+00:00\" \/>\n<meta name=\"twitter:card\" content=\"summary_large_image\" \/>\n<meta name=\"twitter:label1\" content=\"Est. reading time\" \/>\n\t<meta name=\"twitter:data1\" content=\"4 minutes\" \/>\n<script type=\"application\/ld+json\" class=\"yoast-schema-graph\">{\"@context\":\"https:\/\/schema.org\",\"@graph\":[{\"@type\":\"WebPage\",\"@id\":\"https:\/\/www.ionisos.com\/les-differents-procedes-de-sterilisation\/\",\"url\":\"https:\/\/www.ionisos.com\/les-differents-procedes-de-sterilisation\/\",\"name\":\"The Different Sterilization Processes | IONISOS\",\"isPartOf\":{\"@id\":\"https:\/\/www.ionisos.com\/#website\"},\"datePublished\":\"2024-09-18T14:07:47+00:00\",\"dateModified\":\"2024-09-18T14:07:50+00:00\",\"description\":\"In industrial or pharmaceutical environments, different sterilization processes are used depending on the products and applicable standards. IONISOS, a professional decontamination expert, presents three commonly used techniques.\",\"breadcrumb\":{\"@id\":\"https:\/\/www.ionisos.com\/les-differents-procedes-de-sterilisation\/#breadcrumb\"},\"inLanguage\":\"en-US\",\"potentialAction\":[{\"@type\":\"ReadAction\",\"target\":[\"https:\/\/www.ionisos.com\/les-differents-procedes-de-sterilisation\/\"]}]},{\"@type\":\"BreadcrumbList\",\"@id\":\"https:\/\/www.ionisos.com\/les-differents-procedes-de-sterilisation\/#breadcrumb\",\"itemListElement\":[{\"@type\":\"ListItem\",\"position\":1,\"name\":\"Accueil\",\"item\":\"https:\/\/www.ionisos.com\/en\/\"},{\"@type\":\"ListItem\",\"position\":2,\"name\":\"The Different Sterilization Processes\"}]},{\"@type\":\"WebSite\",\"@id\":\"https:\/\/www.ionisos.com\/#website\",\"url\":\"https:\/\/www.ionisos.com\/\",\"name\":\"Ionisos\",\"description\":\"Ionisation par \u00e9lectrons acc\u00e9l\u00e9r\u00e9s, rayons gamma, rayons X et oxyde d&#039;\u00e9thyl\u00e8ne\",\"potentialAction\":[{\"@type\":\"SearchAction\",\"target\":{\"@type\":\"EntryPoint\",\"urlTemplate\":\"https:\/\/www.ionisos.com\/?s={search_term_string}\"},\"query-input\":{\"@type\":\"PropertyValueSpecification\",\"valueRequired\":true,\"valueName\":\"search_term_string\"}}],\"inLanguage\":\"en-US\"}]}<\/script>\n<!-- \/ Yoast SEO plugin. -->","yoast_head_json":{"title":"The Different Sterilization Processes | IONISOS","description":"In industrial or pharmaceutical environments, different sterilization processes are used depending on the products and applicable standards. IONISOS, a professional decontamination expert, presents three commonly used techniques.","robots":{"index":"index","follow":"follow","max-snippet":"max-snippet:-1","max-image-preview":"max-image-preview:large","max-video-preview":"max-video-preview:-1"},"canonical":"https:\/\/www.ionisos.com\/les-differents-procedes-de-sterilisation\/","og_locale":"en_US","og_type":"article","og_title":"The Different Sterilization Processes | IONISOS","og_description":"In industrial or pharmaceutical environments, different sterilization processes are used depending on the products and applicable standards. IONISOS, a professional decontamination expert, presents three commonly used techniques.","og_url":"https:\/\/www.ionisos.com\/les-differents-procedes-de-sterilisation\/","og_site_name":"Ionisos","article_modified_time":"2024-09-18T14:07:50+00:00","twitter_card":"summary_large_image","twitter_misc":{"Est. reading time":"4 minutes"},"schema":{"@context":"https:\/\/schema.org","@graph":[{"@type":"WebPage","@id":"https:\/\/www.ionisos.com\/les-differents-procedes-de-sterilisation\/","url":"https:\/\/www.ionisos.com\/les-differents-procedes-de-sterilisation\/","name":"The Different Sterilization Processes | IONISOS","isPartOf":{"@id":"https:\/\/www.ionisos.com\/#website"},"datePublished":"2024-09-18T14:07:47+00:00","dateModified":"2024-09-18T14:07:50+00:00","description":"In industrial or pharmaceutical environments, different sterilization processes are used depending on the products and applicable standards. IONISOS, a professional decontamination expert, presents three commonly used techniques.","breadcrumb":{"@id":"https:\/\/www.ionisos.com\/les-differents-procedes-de-sterilisation\/#breadcrumb"},"inLanguage":"en-US","potentialAction":[{"@type":"ReadAction","target":["https:\/\/www.ionisos.com\/les-differents-procedes-de-sterilisation\/"]}]},{"@type":"BreadcrumbList","@id":"https:\/\/www.ionisos.com\/les-differents-procedes-de-sterilisation\/#breadcrumb","itemListElement":[{"@type":"ListItem","position":1,"name":"Accueil","item":"https:\/\/www.ionisos.com\/en\/"},{"@type":"ListItem","position":2,"name":"The Different Sterilization Processes"}]},{"@type":"WebSite","@id":"https:\/\/www.ionisos.com\/#website","url":"https:\/\/www.ionisos.com\/","name":"Ionisos","description":"Ionisation par \u00e9lectrons acc\u00e9l\u00e9r\u00e9s, rayons gamma, rayons X et oxyde d&#039;\u00e9thyl\u00e8ne","potentialAction":[{"@type":"SearchAction","target":{"@type":"EntryPoint","urlTemplate":"https:\/\/www.ionisos.com\/?s={search_term_string}"},"query-input":{"@type":"PropertyValueSpecification","valueRequired":true,"valueName":"search_term_string"}}],"inLanguage":"en-US"}]}},"_links":{"self":[{"href":"https:\/\/www.ionisos.com\/en\/wp-json\/wp\/v2\/pages\/25265","targetHints":{"allow":["GET"]}}],"collection":[{"href":"https:\/\/www.ionisos.com\/en\/wp-json\/wp\/v2\/pages"}],"about":[{"href":"https:\/\/www.ionisos.com\/en\/wp-json\/wp\/v2\/types\/page"}],"author":[{"embeddable":true,"href":"https:\/\/www.ionisos.com\/en\/wp-json\/wp\/v2\/users\/4"}],"replies":[{"embeddable":true,"href":"https:\/\/www.ionisos.com\/en\/wp-json\/wp\/v2\/comments?post=25265"}],"version-history":[{"count":5,"href":"https:\/\/www.ionisos.com\/en\/wp-json\/wp\/v2\/pages\/25265\/revisions"}],"predecessor-version":[{"id":25270,"href":"https:\/\/www.ionisos.com\/en\/wp-json\/wp\/v2\/pages\/25265\/revisions\/25270"}],"wp:attachment":[{"href":"https:\/\/www.ionisos.com\/en\/wp-json\/wp\/v2\/media?parent=25265"}],"curies":[{"name":"wp","href":"https:\/\/api.w.org\/{rel}","templated":true}]}}