 {"id":25229,"date":"2024-09-17T13:52:17","date_gmt":"2024-09-17T11:52:17","guid":{"rendered":"https:\/\/www.ionisos.com\/medical-equipment-decontamination\/"},"modified":"2024-09-17T13:54:43","modified_gmt":"2024-09-17T11:54:43","slug":"medical-equipment-decontamination","status":"publish","type":"page","link":"https:\/\/www.ionisos.com\/en\/medical-equipment-decontamination\/","title":{"rendered":"Medical Equipment Decontamination"},"content":{"rendered":"<p>[vc_row bg_image=&#8221;16355&#8243; bg_repeat=&#8221;no-repeat&#8221; text_color=&#8221;light&#8221; text_align=&#8221;center&#8221; top_padding=&#8221;80&#8243; bottom_padding=&#8221;80&#8243;][vc_column width=&#8221;1\/1&#8243;]<h1 class=\"headline font-special fontsize-xxl fontweight-inherit lh-inherit align-center transform-uppercase \" style=\"margin: 0;\">Medical Equipment Decontamination: A Major Issue for the Sector<\/h1>[\/vc_column][\/vc_row][vc_row top_padding=&#8221;80&#8243; bottom_padding=&#8221;80&#8243;][vc_column width=&#8221;1\/1&#8243;][vc_column_text]<\/p>\n<p style=\"text-align: center;\">The <strong>Medical equipment decontamination<\/strong> is a major concern for industries such as healthcare and pharmaceuticals. Complete elimination of microorganisms is crucial to ensure the safe use of equipment. This process is not something to be taken lightly. Each piece of equipment requires a personalized and rigorous solution, compliant with current standards. With over 60 years of expertise in decontamination, IONISOS employs technical processes tailored to your needs.<\/p>\n<p>[\/vc_column_text][\/vc_column][\/vc_row][vc_row type=&#8221;full_width_section&#8221; bg_color=&#8221;#f3f3f3&#8243;][vc_column bg_image=&#8221;17458&#8243; column_center=&#8221;true&#8221; width=&#8221;1\/3&#8243;]<div class=\"spacer\" style=\"height: 250px;\"><\/div>[\/vc_column][vc_column column_padding=&#8221;padding-6&#8243; column_center=&#8221;true&#8221; width=&#8221;2\/3&#8243;][vc_column_text el_class=&#8221;h2presta&#8221;]<\/p>\n<h2>Understanding Decontamination and Using It Effectively<\/h2>\n<p><a href=\"https:\/\/www.ionisos.com\/decontamination\/\"><strong>Decontamination<\/strong><\/a>, often required by healthcare professionals or the pharmaceutical industry, is not synonymous with sterilization. It differs mainly in its objective. The former aims to reduce the microbial load rather than rendering the product sterile, as the latter would. Decontamination is therefore suitable, among other situations, for raw materials used in the manufacture of a medical device, or for pharmaceutical and cosmetic use. This initial stage of treatment will reduce the microbial population and facilitate the subsequent cleaning of equipment.<\/p>\n<p>The <strong>method used for decontamination<\/strong>, however, is similar. One will use either a radiation or gas process, defining in advance the level of decontamination desired. Less stringent than sterilization, <strong>decontamination of medical devices<\/strong> allows for the treatment of products with lower sterility requirements. Just like with sterilization, the product will not be altered in appearance or functionality. Methods such as ethylene oxide treatment, which operates at low temperatures, are well-suited for the decontamination of medical equipment.<\/p>\n<p>However, decontamination is not suitable for certain surgical instruments and medical devices, which will require sterilization to reliably eliminate all microorganisms on both small and large volumes of equipment.[\/vc_column_text][\/vc_column][\/vc_row][vc_row type=&#8221;full_width_section&#8221;][vc_column column_padding=&#8221;padding-6&#8243; column_center=&#8221;true&#8221; width=&#8221;2\/3&#8243;][vc_column_text el_class=&#8221;h2presta&#8221;]<\/p>\n<h2>A Trusted Partner for Decontaminating All Medical Devices<\/h2>\n<p>To successfully carry out your personalized procedure for sterilization or <strong>decontamination of medical products<\/strong>, IONISOS offers you decades of expertise and a dedicated contact who can handle any request with precision and responsiveness. Together, we will define the process to be used and the necessary dose for the proper decontamination of your products, based on their nature and packaging.<\/p>\n<p>Ionizing radiation treatment \u2013 gamma or beta \u2013 generally allows for the processing of large volumes of products directly in their packaging. The products, including liquids, are then exposed to the rays in a concrete chamber. Ethylene oxide treatment, on the other hand, will be applied to materials incompatible with radiation.<\/p>\n<p>The choice between ionizing radiation or ethylene oxide treatment depends on the type of product, its volume (e.g., pallet or package), its density, and the manufacturer&#8217;s recommendations. A thorough understanding of the processes is essential to provide a service that meets the <strong>desired level of decontamination<\/strong>. As experts in the field, the teams at IONISOS advise you to ensure a high-quality, safe result that meets the highest standards.[\/vc_column_text][\/vc_column][vc_column bg_image=&#8221;15668&#8243; column_center=&#8221;true&#8221; width=&#8221;1\/3&#8243;]<div class=\"spacer\" style=\"height: 250px;\"><\/div>[\/vc_column][\/vc_row][vc_row bg_color=&#8221;#0b2677&#8243; text_color=&#8221;light&#8221; text_align=&#8221;center&#8221; top_padding=&#8221;40&#8243; bottom_padding=&#8221;40&#8243;][vc_column width=&#8221;2\/3&#8243;]<div class=\"spacer\" style=\"height: 5px;\"><\/div>[vc_column_text el_class=&#8221;cta&#8221;]<\/p>\n<p style=\"text-align: left;\">Contact us today for customized decontamination services!<\/p>\n<p>[\/vc_column_text][\/vc_column][vc_column width=&#8221;1\/3&#8243;][vc_row_inner][vc_column_inner]<a href=\"\/contact\/\" target=\"_self\" class=\"button color-8 medium \" style=\"border-radius: 2px;\">Contact us<\/a>[\/vc_column_inner][\/vc_row_inner][\/vc_column][\/vc_row]<\/p>\n","protected":false},"excerpt":{"rendered":"<p>[vc_row bg_image=&#8221;16355&#8243; bg_repeat=&#8221;no-repeat&#8221; text_color=&#8221;light&#8221; text_align=&#8221;center&#8221; top_padding=&#8221;80&#8243; bottom_padding=&#8221;80&#8243;][vc_column width=&#8221;1\/1&#8243;][\/vc_column][\/vc_row][vc_row top_padding=&#8221;80&#8243; bottom_padding=&#8221;80&#8243;][vc_column width=&#8221;1\/1&#8243;][vc_column_text] The Medical equipment decontamination is a major concern for industries such as healthcare and pharmaceuticals. Complete elimination of microorganisms is crucial to ensure the safe use of equipment. This process is not something to be taken lightly. Each piece of equipment requires a personalized and rigorous solution, compliant with current standards. With over 60 years of expertise in decontamination, IONISOS employs technical processes tailored to your needs. [\/vc_column_text][\/vc_column][\/vc_row][vc_row type=&#8221;full_width_section&#8221; bg_color=&#8221;#f3f3f3&#8243;][vc_column bg_image=&#8221;17458&#8243; column_center=&#8221;true&#8221; width=&#8221;1\/3&#8243;][\/vc_column][vc_column column_padding=&#8221;padding-6&#8243; column_center=&#8221;true&#8221; width=&#8221;2\/3&#8243;][vc_column_text el_class=&#8221;h2presta&#8221;] Understanding Decontamination and Using It Effectively Decontamination, often required by healthcare professionals or the pharmaceutical industry, is not synonymous with sterilization. It differs mainly in its objective. The former aims to reduce the microbial load rather than rendering the product sterile, as the latter would. Decontamination is therefore suitable, among other situations, for raw materials used in the manufacture of a medical device, or for pharmaceutical and cosmetic use. This initial stage of treatment will reduce the microbial population and facilitate the subsequent cleaning of equipment. The method used for decontamination, however, is similar. One will use either a radiation or gas process, defining in advance the level of decontamination desired. Less [&hellip;]<\/p>\n","protected":false},"author":4,"featured_media":0,"parent":0,"menu_order":0,"comment_status":"closed","ping_status":"open","template":"","meta":{"inline_featured_image":false,"footnotes":""},"class_list":["post-25229","page","type-page","status-publish","hentry"],"yoast_head":"<!-- This site is optimized with the Yoast SEO plugin v26.3 - https:\/\/yoast.com\/wordpress\/plugins\/seo\/ -->\n<title>Medical Equipment Decontamination: IONISOS&#039;s Expertise and Advice<\/title>\n<meta name=\"description\" content=\"Medical equipment decontamination uses similar processes to those of sterilization. As an industry expert, IONISOS advises professionals in healthcare, pharmaceuticals, and cosmetics for optimal decontamination.\" \/>\n<meta name=\"robots\" content=\"index, follow, max-snippet:-1, max-image-preview:large, max-video-preview:-1\" \/>\n<link rel=\"canonical\" href=\"https:\/\/www.ionisos.com\/decontamination-materiel-medical\/\" \/>\n<meta property=\"og:locale\" content=\"en_US\" \/>\n<meta property=\"og:type\" content=\"article\" \/>\n<meta property=\"og:title\" content=\"Medical Equipment Decontamination: IONISOS&#039;s Expertise and Advice\" \/>\n<meta property=\"og:description\" content=\"Medical equipment decontamination uses similar processes to those of sterilization. As an industry expert, IONISOS advises professionals in healthcare, pharmaceuticals, and cosmetics for optimal decontamination.\" \/>\n<meta property=\"og:url\" content=\"https:\/\/www.ionisos.com\/decontamination-materiel-medical\/\" \/>\n<meta property=\"og:site_name\" content=\"Ionisos\" \/>\n<meta property=\"article:modified_time\" content=\"2024-09-17T11:54:43+00:00\" \/>\n<meta name=\"twitter:card\" content=\"summary_large_image\" \/>\n<meta name=\"twitter:label1\" content=\"Est. reading time\" \/>\n\t<meta name=\"twitter:data1\" content=\"3 minutes\" \/>\n<script type=\"application\/ld+json\" class=\"yoast-schema-graph\">{\"@context\":\"https:\/\/schema.org\",\"@graph\":[{\"@type\":\"WebPage\",\"@id\":\"https:\/\/www.ionisos.com\/decontamination-materiel-medical\/\",\"url\":\"https:\/\/www.ionisos.com\/decontamination-materiel-medical\/\",\"name\":\"Medical Equipment Decontamination: IONISOS's Expertise and Advice\",\"isPartOf\":{\"@id\":\"https:\/\/www.ionisos.com\/#website\"},\"datePublished\":\"2024-09-17T11:52:17+00:00\",\"dateModified\":\"2024-09-17T11:54:43+00:00\",\"description\":\"Medical equipment decontamination uses similar processes to those of sterilization. As an industry expert, IONISOS advises professionals in healthcare, pharmaceuticals, and cosmetics for optimal decontamination.\",\"breadcrumb\":{\"@id\":\"https:\/\/www.ionisos.com\/decontamination-materiel-medical\/#breadcrumb\"},\"inLanguage\":\"en-US\",\"potentialAction\":[{\"@type\":\"ReadAction\",\"target\":[\"https:\/\/www.ionisos.com\/decontamination-materiel-medical\/\"]}]},{\"@type\":\"BreadcrumbList\",\"@id\":\"https:\/\/www.ionisos.com\/decontamination-materiel-medical\/#breadcrumb\",\"itemListElement\":[{\"@type\":\"ListItem\",\"position\":1,\"name\":\"Accueil\",\"item\":\"https:\/\/www.ionisos.com\/en\/\"},{\"@type\":\"ListItem\",\"position\":2,\"name\":\"Medical Equipment Decontamination\"}]},{\"@type\":\"WebSite\",\"@id\":\"https:\/\/www.ionisos.com\/#website\",\"url\":\"https:\/\/www.ionisos.com\/\",\"name\":\"Ionisos\",\"description\":\"Ionisation par \u00e9lectrons acc\u00e9l\u00e9r\u00e9s, rayons gamma, rayons X et oxyde d&#039;\u00e9thyl\u00e8ne\",\"potentialAction\":[{\"@type\":\"SearchAction\",\"target\":{\"@type\":\"EntryPoint\",\"urlTemplate\":\"https:\/\/www.ionisos.com\/?s={search_term_string}\"},\"query-input\":{\"@type\":\"PropertyValueSpecification\",\"valueRequired\":true,\"valueName\":\"search_term_string\"}}],\"inLanguage\":\"en-US\"}]}<\/script>\n<!-- \/ Yoast SEO plugin. -->","yoast_head_json":{"title":"Medical Equipment Decontamination: IONISOS's Expertise and Advice","description":"Medical equipment decontamination uses similar processes to those of sterilization. As an industry expert, IONISOS advises professionals in healthcare, pharmaceuticals, and cosmetics for optimal decontamination.","robots":{"index":"index","follow":"follow","max-snippet":"max-snippet:-1","max-image-preview":"max-image-preview:large","max-video-preview":"max-video-preview:-1"},"canonical":"https:\/\/www.ionisos.com\/decontamination-materiel-medical\/","og_locale":"en_US","og_type":"article","og_title":"Medical Equipment Decontamination: IONISOS's Expertise and Advice","og_description":"Medical equipment decontamination uses similar processes to those of sterilization. As an industry expert, IONISOS advises professionals in healthcare, pharmaceuticals, and cosmetics for optimal decontamination.","og_url":"https:\/\/www.ionisos.com\/decontamination-materiel-medical\/","og_site_name":"Ionisos","article_modified_time":"2024-09-17T11:54:43+00:00","twitter_card":"summary_large_image","twitter_misc":{"Est. reading time":"3 minutes"},"schema":{"@context":"https:\/\/schema.org","@graph":[{"@type":"WebPage","@id":"https:\/\/www.ionisos.com\/decontamination-materiel-medical\/","url":"https:\/\/www.ionisos.com\/decontamination-materiel-medical\/","name":"Medical Equipment Decontamination: IONISOS's Expertise and Advice","isPartOf":{"@id":"https:\/\/www.ionisos.com\/#website"},"datePublished":"2024-09-17T11:52:17+00:00","dateModified":"2024-09-17T11:54:43+00:00","description":"Medical equipment decontamination uses similar processes to those of sterilization. As an industry expert, IONISOS advises professionals in healthcare, pharmaceuticals, and cosmetics for optimal decontamination.","breadcrumb":{"@id":"https:\/\/www.ionisos.com\/decontamination-materiel-medical\/#breadcrumb"},"inLanguage":"en-US","potentialAction":[{"@type":"ReadAction","target":["https:\/\/www.ionisos.com\/decontamination-materiel-medical\/"]}]},{"@type":"BreadcrumbList","@id":"https:\/\/www.ionisos.com\/decontamination-materiel-medical\/#breadcrumb","itemListElement":[{"@type":"ListItem","position":1,"name":"Accueil","item":"https:\/\/www.ionisos.com\/en\/"},{"@type":"ListItem","position":2,"name":"Medical Equipment Decontamination"}]},{"@type":"WebSite","@id":"https:\/\/www.ionisos.com\/#website","url":"https:\/\/www.ionisos.com\/","name":"Ionisos","description":"Ionisation par \u00e9lectrons acc\u00e9l\u00e9r\u00e9s, rayons gamma, rayons X et oxyde d&#039;\u00e9thyl\u00e8ne","potentialAction":[{"@type":"SearchAction","target":{"@type":"EntryPoint","urlTemplate":"https:\/\/www.ionisos.com\/?s={search_term_string}"},"query-input":{"@type":"PropertyValueSpecification","valueRequired":true,"valueName":"search_term_string"}}],"inLanguage":"en-US"}]}},"_links":{"self":[{"href":"https:\/\/www.ionisos.com\/en\/wp-json\/wp\/v2\/pages\/25229","targetHints":{"allow":["GET"]}}],"collection":[{"href":"https:\/\/www.ionisos.com\/en\/wp-json\/wp\/v2\/pages"}],"about":[{"href":"https:\/\/www.ionisos.com\/en\/wp-json\/wp\/v2\/types\/page"}],"author":[{"embeddable":true,"href":"https:\/\/www.ionisos.com\/en\/wp-json\/wp\/v2\/users\/4"}],"replies":[{"embeddable":true,"href":"https:\/\/www.ionisos.com\/en\/wp-json\/wp\/v2\/comments?post=25229"}],"version-history":[{"count":17,"href":"https:\/\/www.ionisos.com\/en\/wp-json\/wp\/v2\/pages\/25229\/revisions"}],"predecessor-version":[{"id":25246,"href":"https:\/\/www.ionisos.com\/en\/wp-json\/wp\/v2\/pages\/25229\/revisions\/25246"}],"wp:attachment":[{"href":"https:\/\/www.ionisos.com\/en\/wp-json\/wp\/v2\/media?parent=25229"}],"curies":[{"name":"wp","href":"https:\/\/api.w.org\/{rel}","templated":true}]}}