 {"id":25223,"date":"2024-09-17T13:43:24","date_gmt":"2024-09-17T11:43:24","guid":{"rendered":"https:\/\/www.ionisos.com\/the-types-of-sterilization\/"},"modified":"2024-09-17T13:43:50","modified_gmt":"2024-09-17T11:43:50","slug":"the-types-of-sterilization","status":"publish","type":"page","link":"https:\/\/www.ionisos.com\/en\/the-types-of-sterilization\/","title":{"rendered":"The Types of Sterilization"},"content":{"rendered":"<p>[vc_row bg_image=&#8221;16355&#8243; bg_repeat=&#8221;no-repeat&#8221; text_color=&#8221;light&#8221; text_align=&#8221;center&#8221; top_padding=&#8221;80&#8243; bottom_padding=&#8221;80&#8243;][vc_column width=&#8221;1\/1&#8243;]<h1 class=\"headline font-special fontsize-xxl fontweight-inherit lh-inherit align-center transform-uppercase \" style=\"margin: 0;\">Industrial Sterilization Types: Ionization and EtO<\/h1>[\/vc_column][\/vc_row][vc_row top_padding=&#8221;80&#8243; bottom_padding=&#8221;80&#8243;][vc_column width=&#8221;1\/1&#8243;][vc_column_text]<\/p>\n<p style=\"text-align: center;\">IONISOS is the result of the merger between Conservatome, specializing in ionizing treatments, and Amphytrion, an expert in gamma radiation. Our company thus benefits from over 60 years of experience in various <strong>types of sterilization<\/strong>.<\/p>\n<p style=\"text-align: center;\">With the addition of ethylene oxide, and soon X-rays, IONISOS offers you tailored industrial sterilization solutions.<\/p>\n<p>[\/vc_column_text][\/vc_column][\/vc_row][vc_row type=&#8221;full_width_section&#8221; bg_color=&#8221;#f7f7f7&#8243;][vc_column column_padding=&#8221;padding-6&#8243; column_center=&#8221;true&#8221; width=&#8221;2\/3&#8243;][vc_column_text el_class=&#8221;h2presta&#8221;]<\/p>\n<h2>Gamma Rays: An Ideal Sterilization Method for Medical Equipment<\/h2>\n<p>Among the three <strong><a href=\"https:\/\/www.ionisos.com\/procedes-de-sterilisation\/\">sterilization processes<\/a><\/strong> currently employed by IONISOS, gamma radiation is one of the most widely used. It effectively eliminates microorganisms through the action of rays emitted from a controlled radioactive source, Cobalt 60.<\/p>\n<p><strong>Gamma treatment<\/strong> involves exposing the products to radiation within a specialized chamber for a limited period. The exposure time and absorbed dose are determined based on the materials.<\/p>\n<p>Without requiring elevated temperatures or quarantine after treatment, <strong>gamma sterilization<\/strong> has a strong penetration power, allowing entire pallets to be treated. It is especially used for medical devices, surgical instruments, as well as pharmaceutical and cosmetic products.<br \/>\n[\/vc_column_text][\/vc_column][vc_column bg_image=&#8221;21913&#8243; column_center=&#8221;true&#8221; width=&#8221;1\/3&#8243;]<div class=\"spacer\" style=\"height: 250px;\"><\/div>[\/vc_column][\/vc_row][vc_row type=&#8221;full_width_section&#8221; bg_color=&#8221;#f1f1f1&#8243;][vc_column bg_image=&#8221;15460&#8243; column_center=&#8221;true&#8221; width=&#8221;1\/3&#8243;]<div class=\"spacer\" style=\"height: 250px;\"><\/div>[\/vc_column][vc_column column_padding=&#8221;padding-6&#8243; column_center=&#8221;true&#8221; width=&#8221;2\/3&#8243;][vc_column_text el_class=&#8221;h2presta&#8221;]<\/p>\n<h2>Beta Treatment: A Low-Temperature Sterilization Process<\/h2>\n<p>This <strong>ionization sterilization<\/strong> uses an electron beam to eliminate all microorganisms without residual effects.<\/p>\n<p>Also known as <strong>e-beam sterilization<\/strong>, this method involves exposing products\u2014packaged in cartons\u2014to two passes under an electron flux. The result is highly effective, with an extremely reduced processing time.<br \/>\n[\/vc_column_text][\/vc_column][\/vc_row][vc_row type=&#8221;full_width_section&#8221; bg_color=&#8221;#f7f7f7&#8243;][vc_column column_padding=&#8221;padding-6&#8243; column_center=&#8221;true&#8221; width=&#8221;2\/3&#8243;][vc_column_text el_class=&#8221;h2presta&#8221;]<\/p>\n<h2>Ethylene Oxide Treatment: The Solution for Sensitive Products<\/h2>\n<p>This is a <strong>gas sterilization<\/strong> method, suitable for items with air-permeable packaging. Depending on the materials to be treated, various parameters are adjusted: ethylene oxide concentration, temperature (between 30 and 60\u00b0C), humidity level, pressure, and exposure time. Sterilization occurs in a vacuum chamber.<\/p>\n<p>Ethylene oxide, or EtO, is used to sterilize medical devices that cannot withstand ionization treatments. This gas effectively destroys bacteria, viruses, and other unwanted organisms, ensuring impeccable hygiene.<\/p>\n<p>[\/vc_column_text][\/vc_column][vc_column bg_image=&#8221;16892&#8243; column_center=&#8221;true&#8221; width=&#8221;1\/3&#8243;]<div class=\"spacer\" style=\"height: 250px;\"><\/div>[\/vc_column][\/vc_row][vc_row type=&#8221;full_width_section&#8221; bg_color=&#8221;#f1f1f1&#8243;][vc_column bg_image=&#8221;17697&#8243; column_center=&#8221;true&#8221; width=&#8221;1\/3&#8243;]<div class=\"spacer\" style=\"height: 250px;\"><\/div>[\/vc_column][vc_column column_padding=&#8221;padding-6&#8243; column_center=&#8221;true&#8221; width=&#8221;2\/3&#8243;][vc_column_text el_class=&#8221;h2presta&#8221;]<\/p>\n<h2>X-Ray Sterilization: A Broad Range of Applications<\/h2>\n<p>Fast, with excellent penetration and compatible with a wide range of materials, X-ray treatment will soon complement our <strong>industrial sterilization<\/strong> solutions. We are currently building a dedicated facility for this technique to further expand our expertise and ensure the satisfaction of our most demanding clients.<br \/>\n[\/vc_column_text][\/vc_column][\/vc_row][vc_row top_padding=&#8221;100&#8243; bottom_padding=&#8221;80&#8243;][vc_column width=&#8221;1\/1&#8243;][vc_column_text el_class=&#8221;h2presta&#8221;]<\/p>\n<h2 style=\"text-align: center;\">Why Choose IONISOS for Industrial Sterilization<\/h2>\n<p>[\/vc_column_text][vc_row_inner el_class=&#8221;back-grey&#8221;][vc_column_inner el_class=&#8221;chiffre-ionisos&#8221; css=&#8221;.vc_custom_1568187663782{padding-top: 5% !important;padding-right: 5% !important;padding-bottom: 5% !important;padding-left: 5% !important;}&#8221;][vc_column_text el_class=&#8221;h2presta&#8221;]Our extensive expertise in preservation, cross-linking, and industrial sterilization is our main asset, but not the only one:<\/p>\n<ul>\n<li>Sterility controlled by integrated laboratories;<\/li>\n<li>Results guaranteed by a Quality Assurance contract;<\/li>\n<li>ISO 11137 and ISO 11135 standards;<\/li>\n<li>Eleven specialized treatment sites in France and Europe;<\/li>\n<li>Customized follow-up for each client;<\/li>\n<li>Ability to quickly handle very large volumes.<\/li>\n<\/ul>\n<p>[\/vc_column_text][\/vc_column_inner][\/vc_row_inner][\/vc_column][\/vc_row][vc_row bg_color=&#8221;#0b2677&#8243; text_color=&#8221;light&#8221; text_align=&#8221;center&#8221; top_padding=&#8221;40&#8243; bottom_padding=&#8221;40&#8243;][vc_column width=&#8221;2\/3&#8243;]<div class=\"spacer\" style=\"height: 5px;\"><\/div>[vc_column_text el_class=&#8221;cta&#8221;]<\/p>\n<p style=\"text-align: left;\">Looking to start a partnership with IONISOS for your sterilization needs? We are here to answer any inquiries you may have.<\/p>\n<p>[\/vc_column_text][\/vc_column][vc_column width=&#8221;1\/3&#8243;][vc_row_inner][vc_column_inner]<\/p>\n<p style=\"text-align: left;\">Looking to start a partnership with IONISOS for your sterilization needs? We are here to assist with any inquiries you may have.<\/p>\n<a href=\"\/contact\/\" target=\"_self\" class=\"button color-8 medium \" style=\"border-radius: 2px;\">Contact Us<\/a>[\/vc_column_inner][\/vc_row_inner][\/vc_column][\/vc_row]<\/p>\n","protected":false},"excerpt":{"rendered":"<p>[vc_row bg_image=&#8221;16355&#8243; bg_repeat=&#8221;no-repeat&#8221; text_color=&#8221;light&#8221; text_align=&#8221;center&#8221; top_padding=&#8221;80&#8243; bottom_padding=&#8221;80&#8243;][vc_column width=&#8221;1\/1&#8243;][\/vc_column][\/vc_row][vc_row top_padding=&#8221;80&#8243; bottom_padding=&#8221;80&#8243;][vc_column width=&#8221;1\/1&#8243;][vc_column_text] IONISOS is the result of the merger between Conservatome, specializing in ionizing treatments, and Amphytrion, an expert in gamma radiation. Our company thus benefits from over 60 years of experience in various types of sterilization. With the addition of ethylene oxide, and soon X-rays, IONISOS offers you tailored industrial sterilization solutions. [\/vc_column_text][\/vc_column][\/vc_row][vc_row type=&#8221;full_width_section&#8221; bg_color=&#8221;#f7f7f7&#8243;][vc_column column_padding=&#8221;padding-6&#8243; column_center=&#8221;true&#8221; width=&#8221;2\/3&#8243;][vc_column_text el_class=&#8221;h2presta&#8221;] Gamma Rays: An Ideal Sterilization Method for Medical Equipment Among the three sterilization processes currently employed by IONISOS, gamma radiation is one of the most widely used. It effectively eliminates microorganisms through the action of rays emitted from a controlled radioactive source, Cobalt 60. Gamma treatment involves exposing the products to radiation within a specialized chamber for a limited period. The exposure time and absorbed dose are determined based on the materials. Without requiring elevated temperatures or quarantine after treatment, gamma sterilization has a strong penetration power, allowing entire pallets to be treated. It is especially used for medical devices, surgical instruments, as well as pharmaceutical and cosmetic products. [\/vc_column_text][\/vc_column][vc_column bg_image=&#8221;21913&#8243; column_center=&#8221;true&#8221; width=&#8221;1\/3&#8243;][\/vc_column][\/vc_row][vc_row type=&#8221;full_width_section&#8221; bg_color=&#8221;#f1f1f1&#8243;][vc_column bg_image=&#8221;15460&#8243; column_center=&#8221;true&#8221; width=&#8221;1\/3&#8243;][\/vc_column][vc_column column_padding=&#8221;padding-6&#8243; column_center=&#8221;true&#8221; width=&#8221;2\/3&#8243;][vc_column_text el_class=&#8221;h2presta&#8221;] Beta Treatment: A Low-Temperature Sterilization Process This ionization sterilization [&hellip;]<\/p>\n","protected":false},"author":4,"featured_media":0,"parent":0,"menu_order":0,"comment_status":"closed","ping_status":"open","template":"","meta":{"inline_featured_image":false,"footnotes":""},"class_list":["post-25223","page","type-page","status-publish","hentry"],"yoast_head":"<!-- This site is optimized with the Yoast SEO plugin v26.3 - https:\/\/yoast.com\/wordpress\/plugins\/seo\/ -->\n<title>Industrial Sterilization Types | IONISOS<\/title>\n<meta name=\"description\" content=\"Explore the types of sterilization applicable in businesses and industries, depending on the sectors and products involved. For many years, IONISOS has provided expertise and responsiveness for the sterilization of your production in France and Europe.\" \/>\n<meta name=\"robots\" content=\"index, follow, max-snippet:-1, max-image-preview:large, max-video-preview:-1\" \/>\n<link rel=\"canonical\" href=\"https:\/\/www.ionisos.com\/types-de-sterilisation\/\" \/>\n<meta property=\"og:locale\" content=\"en_US\" \/>\n<meta property=\"og:type\" content=\"article\" \/>\n<meta property=\"og:title\" content=\"Industrial Sterilization Types | IONISOS\" \/>\n<meta property=\"og:description\" content=\"Explore the types of sterilization applicable in businesses and industries, depending on the sectors and products involved. For many years, IONISOS has provided expertise and responsiveness for the sterilization of your production in France and Europe.\" \/>\n<meta property=\"og:url\" content=\"https:\/\/www.ionisos.com\/types-de-sterilisation\/\" \/>\n<meta property=\"og:site_name\" content=\"Ionisos\" \/>\n<meta property=\"article:modified_time\" content=\"2024-09-17T11:43:50+00:00\" \/>\n<meta name=\"twitter:card\" content=\"summary_large_image\" \/>\n<meta name=\"twitter:label1\" content=\"Est. reading time\" \/>\n\t<meta name=\"twitter:data1\" content=\"4 minutes\" \/>\n<script type=\"application\/ld+json\" class=\"yoast-schema-graph\">{\"@context\":\"https:\/\/schema.org\",\"@graph\":[{\"@type\":\"WebPage\",\"@id\":\"https:\/\/www.ionisos.com\/types-de-sterilisation\/\",\"url\":\"https:\/\/www.ionisos.com\/types-de-sterilisation\/\",\"name\":\"Industrial Sterilization Types | IONISOS\",\"isPartOf\":{\"@id\":\"https:\/\/www.ionisos.com\/#website\"},\"datePublished\":\"2024-09-17T11:43:24+00:00\",\"dateModified\":\"2024-09-17T11:43:50+00:00\",\"description\":\"Explore the types of sterilization applicable in businesses and industries, depending on the sectors and products involved. For many years, IONISOS has provided expertise and responsiveness for the sterilization of your production in France and Europe.\",\"breadcrumb\":{\"@id\":\"https:\/\/www.ionisos.com\/types-de-sterilisation\/#breadcrumb\"},\"inLanguage\":\"en-US\",\"potentialAction\":[{\"@type\":\"ReadAction\",\"target\":[\"https:\/\/www.ionisos.com\/types-de-sterilisation\/\"]}]},{\"@type\":\"BreadcrumbList\",\"@id\":\"https:\/\/www.ionisos.com\/types-de-sterilisation\/#breadcrumb\",\"itemListElement\":[{\"@type\":\"ListItem\",\"position\":1,\"name\":\"Accueil\",\"item\":\"https:\/\/www.ionisos.com\/en\/\"},{\"@type\":\"ListItem\",\"position\":2,\"name\":\"The Types of Sterilization\"}]},{\"@type\":\"WebSite\",\"@id\":\"https:\/\/www.ionisos.com\/#website\",\"url\":\"https:\/\/www.ionisos.com\/\",\"name\":\"Ionisos\",\"description\":\"Ionisation par \u00e9lectrons acc\u00e9l\u00e9r\u00e9s, rayons gamma, rayons X et oxyde d&#039;\u00e9thyl\u00e8ne\",\"potentialAction\":[{\"@type\":\"SearchAction\",\"target\":{\"@type\":\"EntryPoint\",\"urlTemplate\":\"https:\/\/www.ionisos.com\/?s={search_term_string}\"},\"query-input\":{\"@type\":\"PropertyValueSpecification\",\"valueRequired\":true,\"valueName\":\"search_term_string\"}}],\"inLanguage\":\"en-US\"}]}<\/script>\n<!-- \/ Yoast SEO plugin. -->","yoast_head_json":{"title":"Industrial Sterilization Types | IONISOS","description":"Explore the types of sterilization applicable in businesses and industries, depending on the sectors and products involved. For many years, IONISOS has provided expertise and responsiveness for the sterilization of your production in France and Europe.","robots":{"index":"index","follow":"follow","max-snippet":"max-snippet:-1","max-image-preview":"max-image-preview:large","max-video-preview":"max-video-preview:-1"},"canonical":"https:\/\/www.ionisos.com\/types-de-sterilisation\/","og_locale":"en_US","og_type":"article","og_title":"Industrial Sterilization Types | IONISOS","og_description":"Explore the types of sterilization applicable in businesses and industries, depending on the sectors and products involved. For many years, IONISOS has provided expertise and responsiveness for the sterilization of your production in France and Europe.","og_url":"https:\/\/www.ionisos.com\/types-de-sterilisation\/","og_site_name":"Ionisos","article_modified_time":"2024-09-17T11:43:50+00:00","twitter_card":"summary_large_image","twitter_misc":{"Est. reading time":"4 minutes"},"schema":{"@context":"https:\/\/schema.org","@graph":[{"@type":"WebPage","@id":"https:\/\/www.ionisos.com\/types-de-sterilisation\/","url":"https:\/\/www.ionisos.com\/types-de-sterilisation\/","name":"Industrial Sterilization Types | IONISOS","isPartOf":{"@id":"https:\/\/www.ionisos.com\/#website"},"datePublished":"2024-09-17T11:43:24+00:00","dateModified":"2024-09-17T11:43:50+00:00","description":"Explore the types of sterilization applicable in businesses and industries, depending on the sectors and products involved. For many years, IONISOS has provided expertise and responsiveness for the sterilization of your production in France and Europe.","breadcrumb":{"@id":"https:\/\/www.ionisos.com\/types-de-sterilisation\/#breadcrumb"},"inLanguage":"en-US","potentialAction":[{"@type":"ReadAction","target":["https:\/\/www.ionisos.com\/types-de-sterilisation\/"]}]},{"@type":"BreadcrumbList","@id":"https:\/\/www.ionisos.com\/types-de-sterilisation\/#breadcrumb","itemListElement":[{"@type":"ListItem","position":1,"name":"Accueil","item":"https:\/\/www.ionisos.com\/en\/"},{"@type":"ListItem","position":2,"name":"The Types of Sterilization"}]},{"@type":"WebSite","@id":"https:\/\/www.ionisos.com\/#website","url":"https:\/\/www.ionisos.com\/","name":"Ionisos","description":"Ionisation par \u00e9lectrons acc\u00e9l\u00e9r\u00e9s, rayons gamma, rayons X et oxyde d&#039;\u00e9thyl\u00e8ne","potentialAction":[{"@type":"SearchAction","target":{"@type":"EntryPoint","urlTemplate":"https:\/\/www.ionisos.com\/?s={search_term_string}"},"query-input":{"@type":"PropertyValueSpecification","valueRequired":true,"valueName":"search_term_string"}}],"inLanguage":"en-US"}]}},"_links":{"self":[{"href":"https:\/\/www.ionisos.com\/en\/wp-json\/wp\/v2\/pages\/25223","targetHints":{"allow":["GET"]}}],"collection":[{"href":"https:\/\/www.ionisos.com\/en\/wp-json\/wp\/v2\/pages"}],"about":[{"href":"https:\/\/www.ionisos.com\/en\/wp-json\/wp\/v2\/types\/page"}],"author":[{"embeddable":true,"href":"https:\/\/www.ionisos.com\/en\/wp-json\/wp\/v2\/users\/4"}],"replies":[{"embeddable":true,"href":"https:\/\/www.ionisos.com\/en\/wp-json\/wp\/v2\/comments?post=25223"}],"version-history":[{"count":5,"href":"https:\/\/www.ionisos.com\/en\/wp-json\/wp\/v2\/pages\/25223\/revisions"}],"predecessor-version":[{"id":25228,"href":"https:\/\/www.ionisos.com\/en\/wp-json\/wp\/v2\/pages\/25223\/revisions\/25228"}],"wp:attachment":[{"href":"https:\/\/www.ionisos.com\/en\/wp-json\/wp\/v2\/media?parent=25223"}],"curies":[{"name":"wp","href":"https:\/\/api.w.org\/{rel}","templated":true}]}}