 {"id":25202,"date":"2024-09-17T13:18:01","date_gmt":"2024-09-17T11:18:01","guid":{"rendered":"https:\/\/www.ionisos.com\/sterilization-process\/"},"modified":"2024-09-17T13:18:04","modified_gmt":"2024-09-17T11:18:04","slug":"sterilization-process","status":"publish","type":"page","link":"https:\/\/www.ionisos.com\/en\/sterilization-process\/","title":{"rendered":"Sterilization process"},"content":{"rendered":"<p>[vc_row bg_image=&#8221;16355&#8243; bg_repeat=&#8221;no-repeat&#8221; text_color=&#8221;light&#8221; text_align=&#8221;center&#8221; top_padding=&#8221;80&#8243; bottom_padding=&#8221;80&#8243;][vc_column width=&#8221;1\/1&#8243;]<h1 class=\"headline font-special fontsize-xxl fontweight-inherit lh-inherit align-center transform-uppercase \" style=\"margin: 0;\">Sterilization Process: 4 Advanced Technologies with IONISOS<\/h1>[\/vc_column][\/vc_row][vc_row top_padding=&#8221;80&#8243; bottom_padding=&#8221;80&#8243;][vc_column width=&#8221;1\/1&#8243;][vc_column_text]<\/p>\n<p style=\"text-align: center;\">Industrial sterilization is a crucial challenge in the medical, pharmaceutical, cosmetic sectors, and beyond. Choosing the right method is essential to effectively eliminate microorganisms without compromising product quality, as is the professionalism and responsiveness of the chosen service provider.<\/p>\n<p style=\"text-align: center;\">IONISOS is a recognized expert with over 60 years of experience in the field. We offer our clients 4 advanced technologies to meet all needs: ionizing sterilization (electron beam, gamma, X-rays) and ethylene oxide. Here, we present the <strong>sterilization processes<\/strong> of each technology.<\/p>\n<h2 style=\"text-align: center;\">4 <a href=\"https:\/\/www.ionisos.com\/procedes-de-sterilisation\/\">sterilization processes<\/a> carried out in dedicated centers in France and Europe<\/h2>\n<p style=\"text-align: center;\">IONISOS currently offers 4 different sterilization methods for treating your products. Each method has a distinct <strong>treatment process<\/strong> that we apply in all of our dedicated centers in France and Europe.<\/p>\n<p>[\/vc_column_text][\/vc_column][\/vc_row][vc_row type=&#8221;full_width_section&#8221; bg_color=&#8221;#f3f3f3&#8243;][vc_column bg_image=&#8221;24487&#8243; column_center=&#8221;true&#8221; width=&#8221;1\/3&#8243;]<div class=\"spacer\" style=\"height: 250px;\"><\/div>[\/vc_column][vc_column column_padding=&#8221;padding-6&#8243; column_center=&#8221;true&#8221; width=&#8221;2\/3&#8243;][vc_column_text el_class=&#8221;h2presta&#8221;]<\/p>\n<h3>Gamma Sterilization Process<\/h3>\n<p> The <strong>gamma sterilization process<\/strong> involves transporting the products to be treated, in their final packaging, by pallets on an automatic conveyor, passing them at a certain speed under a photon beam within a concrete chamber. The gamma rays are generated from the decay of a Cobalt-60 source.<br \/>\nPerformed at room temperature, this operation allows entire loads to be treated in just a few hours.<\/p>\n<h3>Electron Beam Sterilization Process<\/h3>\n<p> As one of the most commonly used ionizing sterilization methods, along with gamma, electron beam sterilization (also known as beta or e-beam) is generally quite similar. It involves treating the products in their final packaging by parcel, passing them under an ionizing radiation beam for a few seconds, front and back, at a pre-set speed depending on the nature and density of the products. Here too, the <strong>sterilization operation<\/strong> is carried out at room temperature.<br \/>\n[\/vc_column_text][\/vc_column][\/vc_row][vc_row type=&#8221;full_width_section&#8221;][vc_column column_padding=&#8221;padding-6&#8243; column_center=&#8221;true&#8221; width=&#8221;2\/3&#8243;][vc_column_text el_class=&#8221;h2presta&#8221;]<\/p>\n<h3>X-Ray Sterilization Process<\/h3>\n<p> The <strong>X-ray sterilization process<\/strong> is nearly identical to beta-ray treatment and combines the advantages of both beta and gamma sterilization methods.<br \/>\nThe products to be treated are transported by pallets into an isolated chamber, where they pass under the radiation beam for a few seconds, both front and back. The treatment of an entire load is just as quick as with beta radiation, averaging a few hours depending on the speed and volume of the products.<\/p>\n<h3>Ethylene Oxide Sterilization: A Gas Treatment<\/h3>\n<p> For ethylene oxide, the <strong>sterilization process<\/strong> is entirely different, as gas treatment involves a distinct method.<br \/>\nThe operation is conducted at low temperatures (between 30 and 60\u00b0C) within a sealed chamber, following a preconditioning phase in which the products are gently heated and humidified in a separate chamber. The gas is then diffused in a second chamber, adhering to specific criteria for gas concentration and exposure time based on the product composition and density. Afterward, the products are placed in a degassing chamber for 24 to 48 hours to remove any potential residues.<br \/>\n[\/vc_column_text][\/vc_column][vc_column bg_image=&#8221;17712&#8243; column_center=&#8221;true&#8221; width=&#8221;1\/3&#8243;]<div class=\"spacer\" style=\"height: 250px;\"><\/div>[\/vc_column][\/vc_row][vc_row type=&#8221;full_width_section&#8221; bg_color=&#8221;#f3f3f3&#8243;][vc_column bg_image=&#8221;19015&#8243; column_center=&#8221;true&#8221; width=&#8221;1\/3&#8243;]<div class=\"spacer\" style=\"height: 250px;\"><\/div>[\/vc_column][vc_column column_padding=&#8221;padding-6&#8243; column_center=&#8221;true&#8221; width=&#8221;2\/3&#8243;][vc_column_text el_class=&#8221;h2presta&#8221;]<\/p>\n<h2>Why Choose IONISOS for Sterilizing Your Industrial Products?<\/h2>\n<p> IONISOS Group operates 11 certified treatment centers (6 in France, 1 in Spain, 2 in Germany, 1 in Estonia, and 1 in Switzerland), each dedicated to a specific method to efficiently meet our clients&#8217; needs.<br \/>\nThis allows us to respond to our clients&#8217; requests with optimal responsiveness (even in emergencies), regardless of the volume of products to be treated.<\/p>\n<p>Most importantly, by choosing our services, you benefit from personalized support with a dedicated representative who will guide you toward the most suitable method for your needs. Our commitment to quality is reflected in our rigorous approach from start to finish, including the validation of the sterilization method and on-site product inspections before delivery. You\u2019ll enjoy a turnkey service with true peace of mind.<br \/>\n[\/vc_column_text][\/vc_column][\/vc_row][vc_row bg_color=&#8221;#0b2677&#8243; text_color=&#8221;light&#8221; text_align=&#8221;center&#8221; top_padding=&#8221;40&#8243; bottom_padding=&#8221;40&#8243;][vc_column width=&#8221;2\/3&#8243;]<div class=\"spacer\" style=\"height: 5px;\"><\/div>[vc_column_text el_class=&#8221;cta&#8221;]<\/p>\n<p style=\"text-align: left;\">Contact us today and receive personalized support.<\/p>\n<p>[\/vc_column_text][\/vc_column][vc_column width=&#8221;1\/3&#8243;][vc_row_inner][vc_column_inner]<a href=\"\/contact\/\" target=\"_self\" class=\"button color-8 medium \" style=\"border-radius: 2px;\">Contact Us<\/a>[\/vc_column_inner][\/vc_row_inner][\/vc_column][\/vc_row]<\/p>\n","protected":false},"excerpt":{"rendered":"<p>[vc_row bg_image=&#8221;16355&#8243; bg_repeat=&#8221;no-repeat&#8221; text_color=&#8221;light&#8221; text_align=&#8221;center&#8221; top_padding=&#8221;80&#8243; bottom_padding=&#8221;80&#8243;][vc_column width=&#8221;1\/1&#8243;][\/vc_column][\/vc_row][vc_row top_padding=&#8221;80&#8243; bottom_padding=&#8221;80&#8243;][vc_column width=&#8221;1\/1&#8243;][vc_column_text] Industrial sterilization is a crucial challenge in the medical, pharmaceutical, cosmetic sectors, and beyond. Choosing the right method is essential to effectively eliminate microorganisms without compromising product quality, as is the professionalism and responsiveness of the chosen service provider. IONISOS is a recognized expert with over 60 years of experience in the field. We offer our clients 4 advanced technologies to meet all needs: ionizing sterilization (electron beam, gamma, X-rays) and ethylene oxide. Here, we present the sterilization processes of each technology. 4 sterilization processes carried out in dedicated centers in France and Europe IONISOS currently offers 4 different sterilization methods for treating your products. Each method has a distinct treatment process that we apply in all of our dedicated centers in France and Europe. [\/vc_column_text][\/vc_column][\/vc_row][vc_row type=&#8221;full_width_section&#8221; bg_color=&#8221;#f3f3f3&#8243;][vc_column bg_image=&#8221;24487&#8243; column_center=&#8221;true&#8221; width=&#8221;1\/3&#8243;][\/vc_column][vc_column column_padding=&#8221;padding-6&#8243; column_center=&#8221;true&#8221; width=&#8221;2\/3&#8243;][vc_column_text el_class=&#8221;h2presta&#8221;] Gamma Sterilization Process The gamma sterilization process involves transporting the products to be treated, in their final packaging, by pallets on an automatic conveyor, passing them at a certain speed under a photon beam within a concrete chamber. The gamma rays are generated from the decay of a Cobalt-60 source. Performed at room temperature, [&hellip;]<\/p>\n","protected":false},"author":4,"featured_media":0,"parent":0,"menu_order":0,"comment_status":"closed","ping_status":"open","template":"","meta":{"inline_featured_image":false,"footnotes":""},"class_list":["post-25202","page","type-page","status-publish","hentry"],"yoast_head":"<!-- This site is optimized with the Yoast SEO plugin v26.3 - https:\/\/yoast.com\/wordpress\/plugins\/seo\/ -->\n<title>Sterilization process: 4 advanced technologies with IONISOS<\/title>\n<meta name=\"description\" content=\"Discover the sterilization processes of the 4 industrial treatment technologies offered by IONISOS: gamma sterilization, beta, X-rays, and ethylene oxide. Benefit from tailored support in France and Europe.\" \/>\n<meta name=\"robots\" content=\"index, follow, max-snippet:-1, max-image-preview:large, max-video-preview:-1\" \/>\n<link rel=\"canonical\" href=\"https:\/\/www.ionisos.com\/processus-de-sterilisation\/\" \/>\n<meta property=\"og:locale\" content=\"en_US\" \/>\n<meta property=\"og:type\" content=\"article\" \/>\n<meta property=\"og:title\" content=\"Sterilization process: 4 advanced technologies with IONISOS\" \/>\n<meta property=\"og:description\" content=\"Discover the sterilization processes of the 4 industrial treatment technologies offered by IONISOS: gamma sterilization, beta, X-rays, and ethylene oxide. Benefit from tailored support in France and Europe.\" \/>\n<meta property=\"og:url\" content=\"https:\/\/www.ionisos.com\/processus-de-sterilisation\/\" \/>\n<meta property=\"og:site_name\" content=\"Ionisos\" \/>\n<meta property=\"article:modified_time\" content=\"2024-09-17T11:18:04+00:00\" \/>\n<meta name=\"twitter:card\" content=\"summary_large_image\" \/>\n<meta name=\"twitter:label1\" content=\"Est. reading time\" \/>\n\t<meta name=\"twitter:data1\" content=\"4 minutes\" \/>\n<script type=\"application\/ld+json\" class=\"yoast-schema-graph\">{\"@context\":\"https:\/\/schema.org\",\"@graph\":[{\"@type\":\"WebPage\",\"@id\":\"https:\/\/www.ionisos.com\/processus-de-sterilisation\/\",\"url\":\"https:\/\/www.ionisos.com\/processus-de-sterilisation\/\",\"name\":\"Sterilization process: 4 advanced technologies with IONISOS\",\"isPartOf\":{\"@id\":\"https:\/\/www.ionisos.com\/#website\"},\"datePublished\":\"2024-09-17T11:18:01+00:00\",\"dateModified\":\"2024-09-17T11:18:04+00:00\",\"description\":\"Discover the sterilization processes of the 4 industrial treatment technologies offered by IONISOS: gamma sterilization, beta, X-rays, and ethylene oxide. Benefit from tailored support in France and Europe.\",\"breadcrumb\":{\"@id\":\"https:\/\/www.ionisos.com\/processus-de-sterilisation\/#breadcrumb\"},\"inLanguage\":\"en-US\",\"potentialAction\":[{\"@type\":\"ReadAction\",\"target\":[\"https:\/\/www.ionisos.com\/processus-de-sterilisation\/\"]}]},{\"@type\":\"BreadcrumbList\",\"@id\":\"https:\/\/www.ionisos.com\/processus-de-sterilisation\/#breadcrumb\",\"itemListElement\":[{\"@type\":\"ListItem\",\"position\":1,\"name\":\"Accueil\",\"item\":\"https:\/\/www.ionisos.com\/en\/\"},{\"@type\":\"ListItem\",\"position\":2,\"name\":\"Sterilization process\"}]},{\"@type\":\"WebSite\",\"@id\":\"https:\/\/www.ionisos.com\/#website\",\"url\":\"https:\/\/www.ionisos.com\/\",\"name\":\"Ionisos\",\"description\":\"Ionisation par \u00e9lectrons acc\u00e9l\u00e9r\u00e9s, rayons gamma, rayons X et oxyde d&#039;\u00e9thyl\u00e8ne\",\"potentialAction\":[{\"@type\":\"SearchAction\",\"target\":{\"@type\":\"EntryPoint\",\"urlTemplate\":\"https:\/\/www.ionisos.com\/?s={search_term_string}\"},\"query-input\":{\"@type\":\"PropertyValueSpecification\",\"valueRequired\":true,\"valueName\":\"search_term_string\"}}],\"inLanguage\":\"en-US\"}]}<\/script>\n<!-- \/ Yoast SEO plugin. -->","yoast_head_json":{"title":"Sterilization process: 4 advanced technologies with IONISOS","description":"Discover the sterilization processes of the 4 industrial treatment technologies offered by IONISOS: gamma sterilization, beta, X-rays, and ethylene oxide. Benefit from tailored support in France and Europe.","robots":{"index":"index","follow":"follow","max-snippet":"max-snippet:-1","max-image-preview":"max-image-preview:large","max-video-preview":"max-video-preview:-1"},"canonical":"https:\/\/www.ionisos.com\/processus-de-sterilisation\/","og_locale":"en_US","og_type":"article","og_title":"Sterilization process: 4 advanced technologies with IONISOS","og_description":"Discover the sterilization processes of the 4 industrial treatment technologies offered by IONISOS: gamma sterilization, beta, X-rays, and ethylene oxide. Benefit from tailored support in France and Europe.","og_url":"https:\/\/www.ionisos.com\/processus-de-sterilisation\/","og_site_name":"Ionisos","article_modified_time":"2024-09-17T11:18:04+00:00","twitter_card":"summary_large_image","twitter_misc":{"Est. reading time":"4 minutes"},"schema":{"@context":"https:\/\/schema.org","@graph":[{"@type":"WebPage","@id":"https:\/\/www.ionisos.com\/processus-de-sterilisation\/","url":"https:\/\/www.ionisos.com\/processus-de-sterilisation\/","name":"Sterilization process: 4 advanced technologies with IONISOS","isPartOf":{"@id":"https:\/\/www.ionisos.com\/#website"},"datePublished":"2024-09-17T11:18:01+00:00","dateModified":"2024-09-17T11:18:04+00:00","description":"Discover the sterilization processes of the 4 industrial treatment technologies offered by IONISOS: gamma sterilization, beta, X-rays, and ethylene oxide. Benefit from tailored support in France and Europe.","breadcrumb":{"@id":"https:\/\/www.ionisos.com\/processus-de-sterilisation\/#breadcrumb"},"inLanguage":"en-US","potentialAction":[{"@type":"ReadAction","target":["https:\/\/www.ionisos.com\/processus-de-sterilisation\/"]}]},{"@type":"BreadcrumbList","@id":"https:\/\/www.ionisos.com\/processus-de-sterilisation\/#breadcrumb","itemListElement":[{"@type":"ListItem","position":1,"name":"Accueil","item":"https:\/\/www.ionisos.com\/en\/"},{"@type":"ListItem","position":2,"name":"Sterilization process"}]},{"@type":"WebSite","@id":"https:\/\/www.ionisos.com\/#website","url":"https:\/\/www.ionisos.com\/","name":"Ionisos","description":"Ionisation par \u00e9lectrons acc\u00e9l\u00e9r\u00e9s, rayons gamma, rayons X et oxyde d&#039;\u00e9thyl\u00e8ne","potentialAction":[{"@type":"SearchAction","target":{"@type":"EntryPoint","urlTemplate":"https:\/\/www.ionisos.com\/?s={search_term_string}"},"query-input":{"@type":"PropertyValueSpecification","valueRequired":true,"valueName":"search_term_string"}}],"inLanguage":"en-US"}]}},"_links":{"self":[{"href":"https:\/\/www.ionisos.com\/en\/wp-json\/wp\/v2\/pages\/25202","targetHints":{"allow":["GET"]}}],"collection":[{"href":"https:\/\/www.ionisos.com\/en\/wp-json\/wp\/v2\/pages"}],"about":[{"href":"https:\/\/www.ionisos.com\/en\/wp-json\/wp\/v2\/types\/page"}],"author":[{"embeddable":true,"href":"https:\/\/www.ionisos.com\/en\/wp-json\/wp\/v2\/users\/4"}],"replies":[{"embeddable":true,"href":"https:\/\/www.ionisos.com\/en\/wp-json\/wp\/v2\/comments?post=25202"}],"version-history":[{"count":5,"href":"https:\/\/www.ionisos.com\/en\/wp-json\/wp\/v2\/pages\/25202\/revisions"}],"predecessor-version":[{"id":25207,"href":"https:\/\/www.ionisos.com\/en\/wp-json\/wp\/v2\/pages\/25202\/revisions\/25207"}],"wp:attachment":[{"href":"https:\/\/www.ionisos.com\/en\/wp-json\/wp\/v2\/media?parent=25202"}],"curies":[{"name":"wp","href":"https:\/\/api.w.org\/{rel}","templated":true}]}}