 {"id":25184,"date":"2024-09-16T16:32:11","date_gmt":"2024-09-16T14:32:11","guid":{"rendered":"https:\/\/www.ionisos.com\/difference-between-x-rays-and-gamma-rays\/"},"modified":"2024-09-16T16:35:06","modified_gmt":"2024-09-16T14:35:06","slug":"difference-between-x-rays-and-gamma-rays","status":"publish","type":"page","link":"https:\/\/www.ionisos.com\/en\/difference-between-x-rays-and-gamma-rays\/","title":{"rendered":"Difference Between X-rays and Gamma Rays"},"content":{"rendered":"<p>[vc_row bg_image=&#8221;16355&#8243; bg_repeat=&#8221;no-repeat&#8221; text_color=&#8221;light&#8221; text_align=&#8221;center&#8221; top_padding=&#8221;80&#8243; bottom_padding=&#8221;80&#8243;][vc_column width=&#8221;1\/1&#8243;]<h1 class=\"headline font-special fontsize-xxl fontweight-inherit lh-inherit align-center transform-uppercase \" style=\"margin: 0;\">Differences Between X-rays and Gamma Rays: Explanations from a Sterilization Expert<\/h1>[\/vc_column][\/vc_row][vc_row top_padding=&#8221;80&#8243; bottom_padding=&#8221;80&#8243;][vc_column width=&#8221;1\/1&#8243;][vc_column_text]<\/p>\n<p style=\"text-align: center;\">Since 1956, IONISOS has been developing effective sterilization techniques for industry professionals, from pharmaceutical and medical groups to companies in the food and cosmetics sectors. From ionizing radiation to ethylene oxide sterilization, we utilize the best of each method depending on the products to be treated. Today, we explore the <strong>difference between X-rays and gamma rays<\/strong>.<\/p>\n<p>[\/vc_column_text][\/vc_column][\/vc_row][vc_row type=&#8221;full_width_section&#8221; bg_color=&#8221;#f7f7f7&#8243;][vc_column column_padding=&#8221;padding-6&#8243; column_center=&#8221;true&#8221; width=&#8221;2\/3&#8243;][vc_column_text el_class=&#8221;h2presta&#8221;]<\/p>\n<h2>The Different Ionizing Rays Used in Industrial Sterilization<\/h2>\n<p>IONISOS has recently introduced <a href=\"https:\/\/www.ionisos.com\/en\/x-ray-sterilization\/\">X-ray sterilization<\/a>. Until now, we used ethylene oxide exposure, as well as gamma radiation and electron beam radiation. These three techniques allowed us to cover most industrial sterilization needs, regardless of the materials to be treated.<\/p>\n<p>[\/vc_column_text][\/vc_column][vc_column bg_image=&#8221;16828&#8243; column_center=&#8221;true&#8221; width=&#8221;1\/3&#8243;]<div class=\"spacer\" style=\"height: 250px;\"><\/div>[\/vc_column][\/vc_row][vc_row type=&#8221;full_width_section&#8221; bg_color=&#8221;#f1f1f1&#8243;][vc_column bg_image=&#8221;16931&#8243; column_center=&#8221;true&#8221; width=&#8221;1\/3&#8243;]<div class=\"spacer\" style=\"height: 250px;\"><\/div>[\/vc_column][vc_column column_padding=&#8221;padding-6&#8243; column_center=&#8221;true&#8221; width=&#8221;2\/3&#8243;][vc_column_text el_class=&#8221;h2presta&#8221;]<\/p>\n<h2>X-rays and Gamma Rays: Differences and Similarities<\/h2>\n<p>Industrial sterilization uses electromagnetic radiation, a form of energy combining an electric field and a magnetic field, both propagating as waves. These types of radiation are called &#8220;ionizing&#8221; because their action leads to the formation of ions. Their action destroys all microorganisms present on the surface being treated: bacteria, viruses, spores, yeasts, parasites\u2026<\/p>\n<p>The <strong>differences between gamma rays and X-rays<\/strong> are as follows:<\/p>\n<ul>\n<li>Production: Gamma rays come from the decay of a radioactive Cobalt 60 nucleus, while X-rays result from the loss of energy by electrons.<\/li>\n<li>Wavelength: X-rays have a longer wavelength, which means they have a shorter frequency.<\/li>\n<li>Energy Release: Gamma radiation is the most powerful of electromagnetic rays, just ahead of X-rays.<\/li>\n<li>Penetration Rate: While both types of radiation offer excellent penetration capabilities, X-rays have slightly better penetration in dense materials.<\/li>\n<li>Tolerance of Products to Treatment: Both types of radiation are compatible with most materials, but the shorter exposure time of X-rays provides an additional advantage, as it limits the risk of material weakening or discoloration.<\/li>\n<\/ul>\n<p>[\/vc_column_text][\/vc_column][\/vc_row][vc_row type=&#8221;full_width_section&#8221; bg_color=&#8221;#f7f7f7&#8243;][vc_column column_padding=&#8221;padding-6&#8243; column_center=&#8221;true&#8221; width=&#8221;2\/3&#8243;][vc_column_text el_class=&#8221;h2presta&#8221;]<\/p>\n<h2>Different Uses for Gamma Rays and X-rays<\/h2>\n<p>X-rays are traditionally used in medicine, particularly in medical imaging, as they have the ability to penetrate the human body and are absorbed differently depending on the material they pass through (bones, tissues, organs\u2026). Gamma radiation, on the other hand, is utilized in the treatment of cancer cells, as well as in the sterilization of equipment and medical devices.<\/p>\n<p>IONISOS uses both <strong>X-rays and gamma rays<\/strong>, in addition to electron beam and ETO sterilizations, to offer a comprehensive range of treatments to industrial clients. Depending on the type of products, we select the ideal process and adjust the dose and exposure time accordingly.<\/p>\n<p>X-rays combine the benefits of the two main ionization sterilization processes: the penetration rate of gamma rays and the rapid action of electron beams. Our company has therefore decided to dedicate one of its treatment centers entirely to this highly effective sterilization technology.<\/p>\n<p>[\/vc_column_text][\/vc_column][vc_column bg_image=&#8221;17712&#8243; column_center=&#8221;true&#8221; width=&#8221;1\/3&#8243;]<div class=\"spacer\" style=\"height: 250px;\"><\/div>[\/vc_column][\/vc_row][vc_row bg_color=&#8221;#0b2677&#8243; text_color=&#8221;light&#8221; text_align=&#8221;center&#8221; top_padding=&#8221;40&#8243; bottom_padding=&#8221;40&#8243;][vc_column width=&#8221;2\/3&#8243;]<div class=\"spacer\" style=\"height: 5px;\"><\/div>[vc_column_text el_class=&#8221;cta&#8221;]<\/p>\n<p style=\"text-align: left;\">Contact us today to discuss your needs and start a collaboration with us.<\/p>\n<p>[\/vc_column_text][\/vc_column][vc_column width=&#8221;1\/3&#8243;][vc_row_inner][vc_column_inner]<a href=\"\/contact\/\" target=\"_self\" class=\"button color-8 medium \" style=\"border-radius: 2px;\">Contactez-nous<\/a>[\/vc_column_inner][\/vc_row_inner][\/vc_column][\/vc_row]<\/p>\n","protected":false},"excerpt":{"rendered":"<p>[vc_row bg_image=&#8221;16355&#8243; bg_repeat=&#8221;no-repeat&#8221; text_color=&#8221;light&#8221; text_align=&#8221;center&#8221; top_padding=&#8221;80&#8243; bottom_padding=&#8221;80&#8243;][vc_column width=&#8221;1\/1&#8243;][\/vc_column][\/vc_row][vc_row top_padding=&#8221;80&#8243; bottom_padding=&#8221;80&#8243;][vc_column width=&#8221;1\/1&#8243;][vc_column_text] Since 1956, IONISOS has been developing effective sterilization techniques for industry professionals, from pharmaceutical and medical groups to companies in the food and cosmetics sectors. From ionizing radiation to ethylene oxide sterilization, we utilize the best of each method depending on the products to be treated. Today, we explore the difference between X-rays and gamma rays. [\/vc_column_text][\/vc_column][\/vc_row][vc_row type=&#8221;full_width_section&#8221; bg_color=&#8221;#f7f7f7&#8243;][vc_column column_padding=&#8221;padding-6&#8243; column_center=&#8221;true&#8221; width=&#8221;2\/3&#8243;][vc_column_text el_class=&#8221;h2presta&#8221;] The Different Ionizing Rays Used in Industrial Sterilization IONISOS has recently introduced X-ray sterilization. Until now, we used ethylene oxide exposure, as well as gamma radiation and electron beam radiation. These three techniques allowed us to cover most industrial sterilization needs, regardless of the materials to be treated. [\/vc_column_text][\/vc_column][vc_column bg_image=&#8221;16828&#8243; column_center=&#8221;true&#8221; width=&#8221;1\/3&#8243;][\/vc_column][\/vc_row][vc_row type=&#8221;full_width_section&#8221; bg_color=&#8221;#f1f1f1&#8243;][vc_column bg_image=&#8221;16931&#8243; column_center=&#8221;true&#8221; width=&#8221;1\/3&#8243;][\/vc_column][vc_column column_padding=&#8221;padding-6&#8243; column_center=&#8221;true&#8221; width=&#8221;2\/3&#8243;][vc_column_text el_class=&#8221;h2presta&#8221;] X-rays and Gamma Rays: Differences and Similarities Industrial sterilization uses electromagnetic radiation, a form of energy combining an electric field and a magnetic field, both propagating as waves. These types of radiation are called &#8220;ionizing&#8221; because their action leads to the formation of ions. Their action destroys all microorganisms present on the surface being treated: bacteria, viruses, spores, yeasts, parasites\u2026 The differences between gamma rays [&hellip;]<\/p>\n","protected":false},"author":4,"featured_media":0,"parent":0,"menu_order":0,"comment_status":"closed","ping_status":"open","template":"","meta":{"inline_featured_image":false,"footnotes":""},"class_list":["post-25184","page","type-page","status-publish","hentry"],"yoast_head":"<!-- This site is optimized with the Yoast SEO plugin v26.3 - https:\/\/yoast.com\/wordpress\/plugins\/seo\/ -->\n<title>What is the Difference Between X-rays and Gamma Rays? | IONISOS<\/title>\n<meta name=\"description\" content=\"IONISOS, an expert in industrial sterilization for nearly 70 years, utilizes various cutting-edge techniques. Discover the differences between X-rays and gamma rays, two processes used in our facilities to effectively treat a wide range of food, cosmetic, and medical products.\" \/>\n<meta name=\"robots\" content=\"index, follow, max-snippet:-1, max-image-preview:large, max-video-preview:-1\" \/>\n<link rel=\"canonical\" href=\"https:\/\/www.ionisos.com\/en\/difference-between-x-rays-and-gamma-rays\/\" \/>\n<meta property=\"og:locale\" content=\"en_US\" \/>\n<meta property=\"og:type\" content=\"article\" \/>\n<meta property=\"og:title\" content=\"What is the Difference Between X-rays and Gamma Rays? | IONISOS\" \/>\n<meta property=\"og:description\" content=\"IONISOS, an expert in industrial sterilization for nearly 70 years, utilizes various cutting-edge techniques. Discover the differences between X-rays and gamma rays, two processes used in our facilities to effectively treat a wide range of food, cosmetic, and medical products.\" \/>\n<meta property=\"og:url\" content=\"https:\/\/www.ionisos.com\/en\/difference-between-x-rays-and-gamma-rays\/\" \/>\n<meta property=\"og:site_name\" content=\"Ionisos\" \/>\n<meta property=\"article:modified_time\" content=\"2024-09-16T14:35:06+00:00\" \/>\n<meta name=\"twitter:card\" content=\"summary_large_image\" \/>\n<meta name=\"twitter:label1\" content=\"Est. reading time\" \/>\n\t<meta name=\"twitter:data1\" content=\"3 minutes\" \/>\n<script type=\"application\/ld+json\" class=\"yoast-schema-graph\">{\"@context\":\"https:\/\/schema.org\",\"@graph\":[{\"@type\":\"WebPage\",\"@id\":\"https:\/\/www.ionisos.com\/en\/difference-between-x-rays-and-gamma-rays\/\",\"url\":\"https:\/\/www.ionisos.com\/en\/difference-between-x-rays-and-gamma-rays\/\",\"name\":\"What is the Difference Between X-rays and Gamma Rays? | IONISOS\",\"isPartOf\":{\"@id\":\"https:\/\/www.ionisos.com\/#website\"},\"datePublished\":\"2024-09-16T14:32:11+00:00\",\"dateModified\":\"2024-09-16T14:35:06+00:00\",\"description\":\"IONISOS, an expert in industrial sterilization for nearly 70 years, utilizes various cutting-edge techniques. Discover the differences between X-rays and gamma rays, two processes used in our facilities to effectively treat a wide range of food, cosmetic, and medical products.\",\"breadcrumb\":{\"@id\":\"https:\/\/www.ionisos.com\/en\/difference-between-x-rays-and-gamma-rays\/#breadcrumb\"},\"inLanguage\":\"en-US\",\"potentialAction\":[{\"@type\":\"ReadAction\",\"target\":[\"https:\/\/www.ionisos.com\/en\/difference-between-x-rays-and-gamma-rays\/\"]}]},{\"@type\":\"BreadcrumbList\",\"@id\":\"https:\/\/www.ionisos.com\/en\/difference-between-x-rays-and-gamma-rays\/#breadcrumb\",\"itemListElement\":[{\"@type\":\"ListItem\",\"position\":1,\"name\":\"Accueil\",\"item\":\"https:\/\/www.ionisos.com\/en\/\"},{\"@type\":\"ListItem\",\"position\":2,\"name\":\"Difference Between X-rays and Gamma Rays\"}]},{\"@type\":\"WebSite\",\"@id\":\"https:\/\/www.ionisos.com\/#website\",\"url\":\"https:\/\/www.ionisos.com\/\",\"name\":\"Ionisos\",\"description\":\"Ionisation par \u00e9lectrons acc\u00e9l\u00e9r\u00e9s, rayons gamma, rayons X et oxyde d&#039;\u00e9thyl\u00e8ne\",\"potentialAction\":[{\"@type\":\"SearchAction\",\"target\":{\"@type\":\"EntryPoint\",\"urlTemplate\":\"https:\/\/www.ionisos.com\/?s={search_term_string}\"},\"query-input\":{\"@type\":\"PropertyValueSpecification\",\"valueRequired\":true,\"valueName\":\"search_term_string\"}}],\"inLanguage\":\"en-US\"}]}<\/script>\n<!-- \/ Yoast SEO plugin. -->","yoast_head_json":{"title":"What is the Difference Between X-rays and Gamma Rays? | IONISOS","description":"IONISOS, an expert in industrial sterilization for nearly 70 years, utilizes various cutting-edge techniques. Discover the differences between X-rays and gamma rays, two processes used in our facilities to effectively treat a wide range of food, cosmetic, and medical products.","robots":{"index":"index","follow":"follow","max-snippet":"max-snippet:-1","max-image-preview":"max-image-preview:large","max-video-preview":"max-video-preview:-1"},"canonical":"https:\/\/www.ionisos.com\/en\/difference-between-x-rays-and-gamma-rays\/","og_locale":"en_US","og_type":"article","og_title":"What is the Difference Between X-rays and Gamma Rays? | IONISOS","og_description":"IONISOS, an expert in industrial sterilization for nearly 70 years, utilizes various cutting-edge techniques. Discover the differences between X-rays and gamma rays, two processes used in our facilities to effectively treat a wide range of food, cosmetic, and medical products.","og_url":"https:\/\/www.ionisos.com\/en\/difference-between-x-rays-and-gamma-rays\/","og_site_name":"Ionisos","article_modified_time":"2024-09-16T14:35:06+00:00","twitter_card":"summary_large_image","twitter_misc":{"Est. reading time":"3 minutes"},"schema":{"@context":"https:\/\/schema.org","@graph":[{"@type":"WebPage","@id":"https:\/\/www.ionisos.com\/en\/difference-between-x-rays-and-gamma-rays\/","url":"https:\/\/www.ionisos.com\/en\/difference-between-x-rays-and-gamma-rays\/","name":"What is the Difference Between X-rays and Gamma Rays? | IONISOS","isPartOf":{"@id":"https:\/\/www.ionisos.com\/#website"},"datePublished":"2024-09-16T14:32:11+00:00","dateModified":"2024-09-16T14:35:06+00:00","description":"IONISOS, an expert in industrial sterilization for nearly 70 years, utilizes various cutting-edge techniques. Discover the differences between X-rays and gamma rays, two processes used in our facilities to effectively treat a wide range of food, cosmetic, and medical products.","breadcrumb":{"@id":"https:\/\/www.ionisos.com\/en\/difference-between-x-rays-and-gamma-rays\/#breadcrumb"},"inLanguage":"en-US","potentialAction":[{"@type":"ReadAction","target":["https:\/\/www.ionisos.com\/en\/difference-between-x-rays-and-gamma-rays\/"]}]},{"@type":"BreadcrumbList","@id":"https:\/\/www.ionisos.com\/en\/difference-between-x-rays-and-gamma-rays\/#breadcrumb","itemListElement":[{"@type":"ListItem","position":1,"name":"Accueil","item":"https:\/\/www.ionisos.com\/en\/"},{"@type":"ListItem","position":2,"name":"Difference Between X-rays and Gamma Rays"}]},{"@type":"WebSite","@id":"https:\/\/www.ionisos.com\/#website","url":"https:\/\/www.ionisos.com\/","name":"Ionisos","description":"Ionisation par \u00e9lectrons acc\u00e9l\u00e9r\u00e9s, rayons gamma, rayons X et oxyde d&#039;\u00e9thyl\u00e8ne","potentialAction":[{"@type":"SearchAction","target":{"@type":"EntryPoint","urlTemplate":"https:\/\/www.ionisos.com\/?s={search_term_string}"},"query-input":{"@type":"PropertyValueSpecification","valueRequired":true,"valueName":"search_term_string"}}],"inLanguage":"en-US"}]}},"_links":{"self":[{"href":"https:\/\/www.ionisos.com\/en\/wp-json\/wp\/v2\/pages\/25184","targetHints":{"allow":["GET"]}}],"collection":[{"href":"https:\/\/www.ionisos.com\/en\/wp-json\/wp\/v2\/pages"}],"about":[{"href":"https:\/\/www.ionisos.com\/en\/wp-json\/wp\/v2\/types\/page"}],"author":[{"embeddable":true,"href":"https:\/\/www.ionisos.com\/en\/wp-json\/wp\/v2\/users\/4"}],"replies":[{"embeddable":true,"href":"https:\/\/www.ionisos.com\/en\/wp-json\/wp\/v2\/comments?post=25184"}],"version-history":[{"count":5,"href":"https:\/\/www.ionisos.com\/en\/wp-json\/wp\/v2\/pages\/25184\/revisions"}],"predecessor-version":[{"id":25189,"href":"https:\/\/www.ionisos.com\/en\/wp-json\/wp\/v2\/pages\/25184\/revisions\/25189"}],"wp:attachment":[{"href":"https:\/\/www.ionisos.com\/en\/wp-json\/wp\/v2\/media?parent=25184"}],"curies":[{"name":"wp","href":"https:\/\/api.w.org\/{rel}","templated":true}]}}