 {"id":25145,"date":"2024-09-16T15:45:56","date_gmt":"2024-09-16T13:45:56","guid":{"rendered":"https:\/\/www.ionisos.com\/beta-radiation\/"},"modified":"2024-09-16T15:45:59","modified_gmt":"2024-09-16T13:45:59","slug":"beta-radiation","status":"publish","type":"page","link":"https:\/\/www.ionisos.com\/en\/beta-radiation\/","title":{"rendered":"Beta Radiation"},"content":{"rendered":"<p>[vc_row bg_image=&#8221;16355&#8243; bg_repeat=&#8221;no-repeat&#8221; text_color=&#8221;light&#8221; text_align=&#8221;center&#8221; top_padding=&#8221;80&#8243; bottom_padding=&#8221;80&#8243;][vc_column width=&#8221;1\/1&#8243;]<h1 class=\"headline font-special fontsize-xxl fontweight-inherit lh-inherit align-center transform-uppercase \" style=\"margin: 0;\">Beta Radiation: An Optimal Solution for Sterilizing Your Products<\/h1>[\/vc_column][\/vc_row][vc_row top_padding=&#8221;80&#8243; bottom_padding=&#8221;80&#8243;][vc_column width=&#8221;1\/1&#8243;][vc_column_text]<\/p>\n<p style=\"text-align: center;\"><strong>Beta radiation<\/strong> is often compared to gamma radiation as it is an ionizing solution that allows for the rapid treatment of large volumes of products.<\/p>\n<p style=\"text-align: center;\">However, it differs in the nature of its radiation, as well as its greater speed of execution and compatibility with resins and materials for which gamma radiation is not suitable.<\/p>\n<p style=\"text-align: center;\">IONISOS, a specialist in industrial sterilization, presents the advantages of this method and its tailored offering.<\/p>\n<p>[\/vc_column_text][\/vc_column][\/vc_row][vc_row type=&#8221;full_width_section&#8221; bg_color=&#8221;#f7f7f7&#8243;][vc_column column_padding=&#8221;padding-6&#8243; column_center=&#8221;true&#8221; width=&#8221;2\/3&#8243;][vc_column_text el_class=&#8221;h2presta&#8221;]<\/p>\n<h2>What Does <a href=\"https:\/\/www.ionisos.com\/traitement-beta\/\">Beta Treatment<\/a> Involve?<\/h2>\n<p><strong>Beta rays<\/strong> (or e-beam) are actually electron beams produced by electrical generators and accelerated within an exposure chamber.<\/p>\n<p>In the case of <strong>e-beam sterilization<\/strong>, products are conveyed into the chamber inside packages loaded onto an automatic conveyor system, moving under the rays at a specific speed.<\/p>\n<p>The dose and exposure time are predetermined by the teams at our treatment centers, based on the composition of the products, the density of their packaging, and other factors.<\/p>\n<p>The products pass under the beams one or two times depending on the treatment dose applied. The cartons go through the chamber face up and then face down, with a few seconds per package per pass.<\/p>\n<p>The treatment is carried out at room temperature and leaves no residue.<br \/>\n[\/vc_column_text][\/vc_column][vc_column bg_image=&#8221;16882&#8243; column_center=&#8221;true&#8221; width=&#8221;1\/3&#8243;]<div class=\"spacer\" style=\"height: 250px;\"><\/div>[\/vc_column][\/vc_row][vc_row type=&#8221;full_width_section&#8221; bg_color=&#8221;#f1f1f1&#8243;][vc_column bg_image=&#8221;15460&#8243; column_center=&#8221;true&#8221; width=&#8221;1\/3&#8243;]<div class=\"spacer\" style=\"height: 250px;\"><\/div>[\/vc_column][vc_column column_padding=&#8221;padding-6&#8243; column_center=&#8221;true&#8221; width=&#8221;2\/3&#8243;][vc_column_text el_class=&#8221;h2presta&#8221;]<\/p>\n<h2>The Many Advantages of Beta Sterilization<\/h2>\n<p>The first advantage of <strong>beta irradiation treatment<\/strong> is its high speed of execution. Only a few hours are needed to process an entire batch, making it easy to use at the end of the logistics chain.<\/p>\n<p>Indeed, as no degassing phase is required after treatment (unlike ethylene oxide treatment), you receive your products quickly and avoid disrupting the production line.<\/p>\n<p>Beta radiation is also compatible with a wide range of resins and materials, including polymers. Degradation and oxidation are less common with this <strong>sterilization technique<\/strong>, making it a preferred choice when the product composition does not allow for gamma radiation.<\/p>\n<p>This method can sterilize a wide variety of products, including packaging and pharmaceutical products, cosmetics, medical devices, and more.<\/p>\n<p>It also allows for the cross-linking of plastics to make them more resistant\u2014a practice commonly used by manufacturers in various sectors, including electronics and automotive.<\/p>\n<p>This versatility has made <strong>beta treatment<\/strong> a popular choice, as it is now widely preferred by manufacturers, similar to gamma radiation.<br \/>\n[\/vc_column_text][\/vc_column][\/vc_row][vc_row type=&#8221;full_width_section&#8221; bg_color=&#8221;#f7f7f7&#8243;][vc_column column_padding=&#8221;padding-6&#8243; column_center=&#8221;true&#8221; width=&#8221;2\/3&#8243;][vc_column_text el_class=&#8221;h2presta&#8221;]<\/p>\n<h2>3 Specialized Treatment Centers, Customized Service: IONISOS at Your Service<\/h2>\n<p>Founded in 1993 from the merger of the pioneering companies Conservatome and Amphytrion, the IONISOS group works daily with professionals in the pharmaceutical, cosmetic, medical, and even food sectors, offering a high-end service of <strong>ionizing radiation sterilization<\/strong>.<\/p>\n<p>We operate 3 <strong>accelerated electron beam treatment<\/strong> sites: in France, Spain, and Germany. Each site\u2019s logistical tools, subject to rigorous controls, enable us to meet your needs while adhering to deadlines, even for large volume orders.<\/p>\n<p>Most importantly, with IONISOS, you are assured of impeccable service quality and tailored advice throughout your collaboration with us. A single contact person oversees all your projects and advises you on the most suitable technique based on your objectives and the nature of your products. We also handle all controls in partnership with laboratories, in strict compliance with current European standards.<br \/>\n[\/vc_column_text][\/vc_column][vc_column bg_image=&#8221;17697&#8243; column_center=&#8221;true&#8221; width=&#8221;1\/3&#8243;]<div class=\"spacer\" style=\"height: 250px;\"><\/div>[\/vc_column][\/vc_row][vc_row bg_color=&#8221;#0b2677&#8243; text_color=&#8221;light&#8221; text_align=&#8221;center&#8221; top_padding=&#8221;40&#8243; bottom_padding=&#8221;40&#8243;][vc_column width=&#8221;2\/3&#8243;]<div class=\"spacer\" style=\"height: 5px;\"><\/div>[vc_column_text el_class=&#8221;cta&#8221;]Here is the translation in English:<\/p>\n<p>Would you like to establish a partnership with us today? We are here to listen![\/vc_column_text][\/vc_column][vc_column width=&#8221;1\/3&#8243;][vc_row_inner][vc_column_inner]<a href=\"\/contact\/\" target=\"_self\" class=\"button color-8 medium \" style=\"border-radius: 2px;\">Contact Us<\/a>[\/vc_column_inner][\/vc_row_inner][\/vc_column][\/vc_row]<\/p>\n","protected":false},"excerpt":{"rendered":"<p>[vc_row bg_image=&#8221;16355&#8243; bg_repeat=&#8221;no-repeat&#8221; text_color=&#8221;light&#8221; text_align=&#8221;center&#8221; top_padding=&#8221;80&#8243; bottom_padding=&#8221;80&#8243;][vc_column width=&#8221;1\/1&#8243;][\/vc_column][\/vc_row][vc_row top_padding=&#8221;80&#8243; bottom_padding=&#8221;80&#8243;][vc_column width=&#8221;1\/1&#8243;][vc_column_text] Beta radiation is often compared to gamma radiation as it is an ionizing solution that allows for the rapid treatment of large volumes of products. However, it differs in the nature of its radiation, as well as its greater speed of execution and compatibility with resins and materials for which gamma radiation is not suitable. IONISOS, a specialist in industrial sterilization, presents the advantages of this method and its tailored offering. [\/vc_column_text][\/vc_column][\/vc_row][vc_row type=&#8221;full_width_section&#8221; bg_color=&#8221;#f7f7f7&#8243;][vc_column column_padding=&#8221;padding-6&#8243; column_center=&#8221;true&#8221; width=&#8221;2\/3&#8243;][vc_column_text el_class=&#8221;h2presta&#8221;] What Does Beta Treatment Involve? Beta rays (or e-beam) are actually electron beams produced by electrical generators and accelerated within an exposure chamber. In the case of e-beam sterilization, products are conveyed into the chamber inside packages loaded onto an automatic conveyor system, moving under the rays at a specific speed. The dose and exposure time are predetermined by the teams at our treatment centers, based on the composition of the products, the density of their packaging, and other factors. The products pass under the beams one or two times depending on the treatment dose applied. The cartons go through the chamber face up and then face down, with a few [&hellip;]<\/p>\n","protected":false},"author":4,"featured_media":0,"parent":0,"menu_order":0,"comment_status":"closed","ping_status":"open","template":"","meta":{"inline_featured_image":false,"footnotes":""},"class_list":["post-25145","page","type-page","status-publish","hentry"],"yoast_head":"<!-- This site is optimized with the Yoast SEO plugin v26.3 - https:\/\/yoast.com\/wordpress\/plugins\/seo\/ -->\n<title>Beta Radiation: An Optimal Solution for Treating Your Products<\/title>\n<meta name=\"description\" content=\"Beta radiation is one of the most widely used industrial sterilization techniques in the world. IONISOS, a French specialist in this field, handles all your orders in France and Europe, guaranteeing a high-end service and personalized follow-up\" \/>\n<meta name=\"robots\" content=\"index, follow, max-snippet:-1, max-image-preview:large, max-video-preview:-1\" \/>\n<link rel=\"canonical\" href=\"https:\/\/www.ionisos.com\/rayonnement-beta\/\" \/>\n<meta property=\"og:locale\" content=\"en_US\" \/>\n<meta property=\"og:type\" content=\"article\" \/>\n<meta property=\"og:title\" content=\"Beta Radiation: An Optimal Solution for Treating Your Products\" \/>\n<meta property=\"og:description\" content=\"Beta radiation is one of the most widely used industrial sterilization techniques in the world. IONISOS, a French specialist in this field, handles all your orders in France and Europe, guaranteeing a high-end service and personalized follow-up\" \/>\n<meta property=\"og:url\" content=\"https:\/\/www.ionisos.com\/rayonnement-beta\/\" \/>\n<meta property=\"og:site_name\" content=\"Ionisos\" \/>\n<meta property=\"article:modified_time\" content=\"2024-09-16T13:45:59+00:00\" \/>\n<meta name=\"twitter:card\" content=\"summary_large_image\" \/>\n<meta name=\"twitter:label1\" content=\"Est. reading time\" \/>\n\t<meta name=\"twitter:data1\" content=\"4 minutes\" \/>\n<script type=\"application\/ld+json\" class=\"yoast-schema-graph\">{\"@context\":\"https:\/\/schema.org\",\"@graph\":[{\"@type\":\"WebPage\",\"@id\":\"https:\/\/www.ionisos.com\/rayonnement-beta\/\",\"url\":\"https:\/\/www.ionisos.com\/rayonnement-beta\/\",\"name\":\"Beta Radiation: An Optimal Solution for Treating Your Products\",\"isPartOf\":{\"@id\":\"https:\/\/www.ionisos.com\/#website\"},\"datePublished\":\"2024-09-16T13:45:56+00:00\",\"dateModified\":\"2024-09-16T13:45:59+00:00\",\"description\":\"Beta radiation is one of the most widely used industrial sterilization techniques in the world. IONISOS, a French specialist in this field, handles all your orders in France and Europe, guaranteeing a high-end service and personalized follow-up\",\"breadcrumb\":{\"@id\":\"https:\/\/www.ionisos.com\/rayonnement-beta\/#breadcrumb\"},\"inLanguage\":\"en-US\",\"potentialAction\":[{\"@type\":\"ReadAction\",\"target\":[\"https:\/\/www.ionisos.com\/rayonnement-beta\/\"]}]},{\"@type\":\"BreadcrumbList\",\"@id\":\"https:\/\/www.ionisos.com\/rayonnement-beta\/#breadcrumb\",\"itemListElement\":[{\"@type\":\"ListItem\",\"position\":1,\"name\":\"Accueil\",\"item\":\"https:\/\/www.ionisos.com\/en\/\"},{\"@type\":\"ListItem\",\"position\":2,\"name\":\"Beta Radiation\"}]},{\"@type\":\"WebSite\",\"@id\":\"https:\/\/www.ionisos.com\/#website\",\"url\":\"https:\/\/www.ionisos.com\/\",\"name\":\"Ionisos\",\"description\":\"Ionisation par \u00e9lectrons acc\u00e9l\u00e9r\u00e9s, rayons gamma, rayons X et oxyde d&#039;\u00e9thyl\u00e8ne\",\"potentialAction\":[{\"@type\":\"SearchAction\",\"target\":{\"@type\":\"EntryPoint\",\"urlTemplate\":\"https:\/\/www.ionisos.com\/?s={search_term_string}\"},\"query-input\":{\"@type\":\"PropertyValueSpecification\",\"valueRequired\":true,\"valueName\":\"search_term_string\"}}],\"inLanguage\":\"en-US\"}]}<\/script>\n<!-- \/ Yoast SEO plugin. -->","yoast_head_json":{"title":"Beta Radiation: An Optimal Solution for Treating Your Products","description":"Beta radiation is one of the most widely used industrial sterilization techniques in the world. IONISOS, a French specialist in this field, handles all your orders in France and Europe, guaranteeing a high-end service and personalized follow-up","robots":{"index":"index","follow":"follow","max-snippet":"max-snippet:-1","max-image-preview":"max-image-preview:large","max-video-preview":"max-video-preview:-1"},"canonical":"https:\/\/www.ionisos.com\/rayonnement-beta\/","og_locale":"en_US","og_type":"article","og_title":"Beta Radiation: An Optimal Solution for Treating Your Products","og_description":"Beta radiation is one of the most widely used industrial sterilization techniques in the world. IONISOS, a French specialist in this field, handles all your orders in France and Europe, guaranteeing a high-end service and personalized follow-up","og_url":"https:\/\/www.ionisos.com\/rayonnement-beta\/","og_site_name":"Ionisos","article_modified_time":"2024-09-16T13:45:59+00:00","twitter_card":"summary_large_image","twitter_misc":{"Est. reading time":"4 minutes"},"schema":{"@context":"https:\/\/schema.org","@graph":[{"@type":"WebPage","@id":"https:\/\/www.ionisos.com\/rayonnement-beta\/","url":"https:\/\/www.ionisos.com\/rayonnement-beta\/","name":"Beta Radiation: An Optimal Solution for Treating Your Products","isPartOf":{"@id":"https:\/\/www.ionisos.com\/#website"},"datePublished":"2024-09-16T13:45:56+00:00","dateModified":"2024-09-16T13:45:59+00:00","description":"Beta radiation is one of the most widely used industrial sterilization techniques in the world. IONISOS, a French specialist in this field, handles all your orders in France and Europe, guaranteeing a high-end service and personalized follow-up","breadcrumb":{"@id":"https:\/\/www.ionisos.com\/rayonnement-beta\/#breadcrumb"},"inLanguage":"en-US","potentialAction":[{"@type":"ReadAction","target":["https:\/\/www.ionisos.com\/rayonnement-beta\/"]}]},{"@type":"BreadcrumbList","@id":"https:\/\/www.ionisos.com\/rayonnement-beta\/#breadcrumb","itemListElement":[{"@type":"ListItem","position":1,"name":"Accueil","item":"https:\/\/www.ionisos.com\/en\/"},{"@type":"ListItem","position":2,"name":"Beta Radiation"}]},{"@type":"WebSite","@id":"https:\/\/www.ionisos.com\/#website","url":"https:\/\/www.ionisos.com\/","name":"Ionisos","description":"Ionisation par \u00e9lectrons acc\u00e9l\u00e9r\u00e9s, rayons gamma, rayons X et oxyde d&#039;\u00e9thyl\u00e8ne","potentialAction":[{"@type":"SearchAction","target":{"@type":"EntryPoint","urlTemplate":"https:\/\/www.ionisos.com\/?s={search_term_string}"},"query-input":{"@type":"PropertyValueSpecification","valueRequired":true,"valueName":"search_term_string"}}],"inLanguage":"en-US"}]}},"_links":{"self":[{"href":"https:\/\/www.ionisos.com\/en\/wp-json\/wp\/v2\/pages\/25145","targetHints":{"allow":["GET"]}}],"collection":[{"href":"https:\/\/www.ionisos.com\/en\/wp-json\/wp\/v2\/pages"}],"about":[{"href":"https:\/\/www.ionisos.com\/en\/wp-json\/wp\/v2\/types\/page"}],"author":[{"embeddable":true,"href":"https:\/\/www.ionisos.com\/en\/wp-json\/wp\/v2\/users\/4"}],"replies":[{"embeddable":true,"href":"https:\/\/www.ionisos.com\/en\/wp-json\/wp\/v2\/comments?post=25145"}],"version-history":[{"count":5,"href":"https:\/\/www.ionisos.com\/en\/wp-json\/wp\/v2\/pages\/25145\/revisions"}],"predecessor-version":[{"id":25150,"href":"https:\/\/www.ionisos.com\/en\/wp-json\/wp\/v2\/pages\/25145\/revisions\/25150"}],"wp:attachment":[{"href":"https:\/\/www.ionisos.com\/en\/wp-json\/wp\/v2\/media?parent=25145"}],"curies":[{"name":"wp","href":"https:\/\/api.w.org\/{rel}","templated":true}]}}