 {"id":25128,"date":"2024-09-16T15:11:21","date_gmt":"2024-09-16T13:11:21","guid":{"rendered":"https:\/\/www.ionisos.com\/medical-equipment-sterilization\/"},"modified":"2024-09-16T15:11:28","modified_gmt":"2024-09-16T13:11:28","slug":"medical-equipment-sterilization","status":"publish","type":"page","link":"https:\/\/www.ionisos.com\/en\/medical-equipment-sterilization\/","title":{"rendered":"Medical Equipment Sterilization"},"content":{"rendered":"<p>[vc_row bg_image=&#8221;16355&#8243; bg_repeat=&#8221;no-repeat&#8221; text_color=&#8221;light&#8221; text_align=&#8221;center&#8221; top_padding=&#8221;80&#8243; bottom_padding=&#8221;80&#8243;][vc_column width=&#8221;1\/1&#8243;]<h1 class=\"headline font-special fontsize-xxl fontweight-inherit lh-inherit align-center transform-uppercase \" style=\"margin: 0;\">Medical Equipment Sterilization: Discover a Tailored Service<\/h1>[\/vc_column][\/vc_row][vc_row top_padding=&#8221;80&#8243; bottom_padding=&#8221;80&#8243;][vc_column width=&#8221;1\/1&#8243;][vc_column_text]<\/p>\n<p style=\"text-align: center;\"><a href=\"https:\/\/www.ionisos.com\/prestataire-sterilisation\/\">Sterilization provider<\/a> since 1957, IONISOS works daily with manufacturers and professionals in the medical field to ensure <strong>medical equipment sterilization<\/strong>.<\/p>\n<p style=\"text-align: center;\">Syringes, dressings, catheters, vials, and prosthetics are used daily by doctors, hospitals, and laboratories to treat patients. It is therefore essential that the numerous pathogens present on these products are destroyed beforehand, ensuring safe use that fully complies with standards and regulations.<\/p>\n<p style=\"text-align: center;\">This requires working with a trusted provider who can choose the most suitable treatment solution based on the nature and density of the product, ensuring it is perfectly sterile while maintaining its appearance and functionality.<\/p>\n<p style=\"text-align: center;\">To achieve this, IONISOS offers 3 advanced, proven techniques to cover all your needs: gamma, beta, and ethylene oxide sterilization.<\/p>\n<p style=\"text-align: center;\">Let&#8217;s explore them together&#8230;<\/p>\n<p>[\/vc_column_text][\/vc_column][\/vc_row][vc_row type=&#8221;full_width_section&#8221; bg_color=&#8221;#f8f8f8&#8243;][vc_column bg_image=&#8221;15581&#8243; column_center=&#8221;true&#8221; width=&#8221;1\/3&#8243;]<div class=\"spacer\" style=\"height: 250px;\"><\/div>[\/vc_column][vc_column column_padding=&#8221;padding-6&#8243; column_center=&#8221;true&#8221; width=&#8221;2\/3&#8243;][vc_column_text el_class=&#8221;h2presta&#8221;]<\/p>\n<h2>3 Methods to Sterilize Your Medical Devices<\/h2>\n<p style=\"text-align: justify;\">Regardless of the method used, <strong>medical device sterilization<\/strong> aims to destroy microorganisms present on packaging and inside products: bacteria, fungi, mold, etc.<\/p>\n<p style=\"text-align: justify;\">The choice of technique, dose, and exposure time will be based on several criteria: the composition of the products (are they heat-resistant? Moisture-resistant? Oxidation-resistant?), their density, the type of packaging, and finally, whether they are packaged as individual items or on pallets.<\/p>\n<p>[\/vc_column_text][\/vc_column][\/vc_row][vc_row type=&#8221;full_width_section&#8221; bg_color=&#8221;#f1f1f1&#8243;][vc_column column_padding=&#8221;padding-6&#8243; column_center=&#8221;true&#8221; width=&#8221;2\/3&#8243;][vc_column_text el_class=&#8221;h2presta&#8221;]<\/p>\n<h3>Gamma Treatment<\/h3>\n<p style=\"text-align: justify;\">Thanks to its high penetration capability, gamma sterilization allows for the direct treatment of <strong>medical products<\/strong> in their final packaging, whether as individual items or on pallets, making it both practical <em>and<\/em> economical. With this method, re-packaging costs are eliminated! Products can be used immediately after treatment.<\/p>\n<p style=\"text-align: justify;\">Its electromagnetic rays are produced by a radioactive source, cobalt-60, and are emitted within a fully secured 2-meter-thick concrete protection cell. This method leaves no residue and is suitable for a wide range of resins and oxidation-resistant materials, and can also be used for packaged liquids.<\/p>\n<p>[\/vc_column_text][\/vc_column][vc_column bg_image=&#8221;17458&#8243; column_center=&#8221;true&#8221; width=&#8221;1\/3&#8243;]<div class=\"spacer\" style=\"height: 250px;\"><\/div>[\/vc_column][\/vc_row][vc_row type=&#8221;full_width_section&#8221; bg_color=&#8221;#f8f8f8&#8243;][vc_column bg_image=&#8221;16769&#8243; column_center=&#8221;true&#8221; width=&#8221;1\/3&#8243;]<div class=\"spacer\" style=\"height: 250px;\"><\/div>[\/vc_column][vc_column column_padding=&#8221;padding-6&#8243; column_center=&#8221;true&#8221; width=&#8221;2\/3&#8243;][vc_column_text el_class=&#8221;h2presta&#8221;]<\/p>\n<h3>Beta Treatment<\/h3>\n<p style=\"text-align: justify;\">Beta sterilization (also known as e-beam) is quite similar to gamma in principle. Beta rays are produced using an electron accelerator, and the technique leaves no residue. Its penetration depth is lower, which helps reduce the risk of oxidation of the products.<\/p>\n<p style=\"text-align: justify;\">Only a few seconds of exposure are required per product. This efficiency allows for the treatment of an entire load in a few hours, enabling rapid delivery.<\/p>\n<p style=\"text-align: justify;\">It is suitable for <strong>sterilizing various medical instruments<\/strong>: dressings, syringes, catheters, etc.<\/p>\n<p>[\/vc_column_text][\/vc_column][\/vc_row][vc_row type=&#8221;full_width_section&#8221; bg_color=&#8221;#f1f1f1&#8243;][vc_column column_padding=&#8221;padding-6&#8243; column_center=&#8221;true&#8221; width=&#8221;2\/3&#8243;][vc_column_text el_class=&#8221;h2presta&#8221;]<\/p>\n<h3>Ethylene Oxide<\/h3>\n<p style=\"text-align: justify;\">Finally, ethylene oxide sterilization allows for the treatment of the widest range of <strong>medical devices<\/strong>, with the exception of liquids, which are not recommended, and products sensitive to heat or moisture.<\/p>\n<p style=\"text-align: justify;\">Products are exposed to a gas in an isolation chamber and then aerated for several hours (less than 24 hours) to remove residues.<\/p>\n<p style=\"text-align: justify;\">This technique allows for the treatment of products incompatible with beta or gamma sterilization; materials that are not resistant to radiation.<\/p>\n<p style=\"text-align: left;\">The only constraint is that the packaging must be permeable to ethylene oxide.<\/p>\n<p>[\/vc_column_text][\/vc_column][vc_column bg_image=&#8221;15668&#8243; column_center=&#8221;true&#8221; width=&#8221;1\/3&#8243;]<div class=\"spacer\" style=\"height: 250px;\"><\/div>[\/vc_column][\/vc_row][vc_row top_padding=&#8221;100&#8243; bottom_padding=&#8221;80&#8243;][vc_column width=&#8221;1\/1&#8243;][vc_column_text el_class=&#8221;h2presta&#8221;]<\/p>\n<h2 style=\"text-align: center;\">Ionisos: Specialized Centers in France and Europe<\/h2>\n<p>[\/vc_column_text][vc_row_inner el_class=&#8221;back-grey&#8221;][vc_column_inner el_class=&#8221;chiffre-ionisos&#8221; width=&#8221;1\/3&#8243;]<div class=\"counter clearfix wpb_content_element\"><div class=\"counter-number\" style=\"color: #008e4f !important;\">12<\/div><span class=\"counter-title\">specialized treatment sites in France and Europe<\/span><\/div>[\/vc_column_inner][vc_column_inner el_class=&#8221;chiffre-ionisos&#8221; width=&#8221;2\/3&#8243;][vc_column_text]Ionisos operates 12 specialized treatment sites in France and Europe for <a href=\"https:\/\/www.ionisos.com\/sterilisation-a-froid-materiel-medical\/\"><strong>cold sterilization of medical equipment<\/strong><\/a>.<\/p>\n<p style=\"text-align: justify;\">Our expertise allows us to meet the most stringent requirements of our clients, with constant quality control while strictly adhering to current standards and regulations.<\/p>\n<p style=\"text-align: justify;\">We are also able to adapt to specific timelines to address urgent needs.<\/p>\n<p style=\"text-align: justify;\">By joining our clientele, you benefit from tailored support with a dedicated contact who will provide advice and guidance based on your needs.<\/p>\n<p>[\/vc_column_text][\/vc_column_inner][\/vc_row_inner][\/vc_column][\/vc_row][vc_row bg_color=&#8221;#0b2677&#8243; text_color=&#8221;light&#8221; text_align=&#8221;center&#8221; top_padding=&#8221;40&#8243; bottom_padding=&#8221;40&#8243;][vc_column width=&#8221;2\/3&#8243;]<div class=\"spacer\" style=\"height: 5px;\"><\/div>[vc_column_text el_class=&#8221;cta&#8221;]<\/p>\n<p style=\"text-align: left;\">Contact us today to benefit from a competitive and high-quality service!<\/p>\n<p>[\/vc_column_text][\/vc_column][vc_column width=&#8221;1\/3&#8243;][vc_row_inner][vc_column_inner]<a href=\"\/contact\/\" target=\"_self\" class=\"button color-8 medium \" style=\"border-radius: 2px;\">Contact Us<\/a>[\/vc_column_inner][\/vc_row_inner][\/vc_column][\/vc_row]<\/p>\n","protected":false},"excerpt":{"rendered":"<p>[vc_row bg_image=&#8221;16355&#8243; bg_repeat=&#8221;no-repeat&#8221; text_color=&#8221;light&#8221; text_align=&#8221;center&#8221; top_padding=&#8221;80&#8243; bottom_padding=&#8221;80&#8243;][vc_column width=&#8221;1\/1&#8243;][\/vc_column][\/vc_row][vc_row top_padding=&#8221;80&#8243; bottom_padding=&#8221;80&#8243;][vc_column width=&#8221;1\/1&#8243;][vc_column_text] Sterilization provider since 1957, IONISOS works daily with manufacturers and professionals in the medical field to ensure medical equipment sterilization. Syringes, dressings, catheters, vials, and prosthetics are used daily by doctors, hospitals, and laboratories to treat patients. It is therefore essential that the numerous pathogens present on these products are destroyed beforehand, ensuring safe use that fully complies with standards and regulations. This requires working with a trusted provider who can choose the most suitable treatment solution based on the nature and density of the product, ensuring it is perfectly sterile while maintaining its appearance and functionality. To achieve this, IONISOS offers 3 advanced, proven techniques to cover all your needs: gamma, beta, and ethylene oxide sterilization. Let&#8217;s explore them together&#8230; [\/vc_column_text][\/vc_column][\/vc_row][vc_row type=&#8221;full_width_section&#8221; bg_color=&#8221;#f8f8f8&#8243;][vc_column bg_image=&#8221;15581&#8243; column_center=&#8221;true&#8221; width=&#8221;1\/3&#8243;][\/vc_column][vc_column column_padding=&#8221;padding-6&#8243; column_center=&#8221;true&#8221; width=&#8221;2\/3&#8243;][vc_column_text el_class=&#8221;h2presta&#8221;] 3 Methods to Sterilize Your Medical Devices Regardless of the method used, medical device sterilization aims to destroy microorganisms present on packaging and inside products: bacteria, fungi, mold, etc. The choice of technique, dose, and exposure time will be based on several criteria: the composition of the products (are they heat-resistant? Moisture-resistant? Oxidation-resistant?), their density, the type of [&hellip;]<\/p>\n","protected":false},"author":4,"featured_media":0,"parent":0,"menu_order":0,"comment_status":"closed","ping_status":"open","template":"","meta":{"inline_featured_image":false,"footnotes":""},"class_list":["post-25128","page","type-page","status-publish","hentry"],"yoast_head":"<!-- This site is optimized with the Yoast SEO plugin v26.3 - https:\/\/yoast.com\/wordpress\/plugins\/seo\/ -->\n<title>Medical Equipment Sterilization: A Tailored and Responsive Service<\/title>\n<meta name=\"description\" content=\"IONISOS offers its medical equipment sterilization services with a tailored follow-up. Our beta, gamma, and ethylene oxide treatment centers allow us to cover all your needs in France and Europe. Learn more about each method and its benefits.\" \/>\n<meta name=\"robots\" content=\"index, follow, max-snippet:-1, max-image-preview:large, max-video-preview:-1\" \/>\n<link rel=\"canonical\" href=\"https:\/\/www.ionisos.com\/sterilisation-materiel-medical\/\" \/>\n<meta property=\"og:locale\" content=\"en_US\" \/>\n<meta property=\"og:type\" content=\"article\" \/>\n<meta property=\"og:title\" content=\"Medical Equipment Sterilization: A Tailored and Responsive Service\" \/>\n<meta property=\"og:description\" content=\"IONISOS offers its medical equipment sterilization services with a tailored follow-up. Our beta, gamma, and ethylene oxide treatment centers allow us to cover all your needs in France and Europe. Learn more about each method and its benefits.\" \/>\n<meta property=\"og:url\" content=\"https:\/\/www.ionisos.com\/sterilisation-materiel-medical\/\" \/>\n<meta property=\"og:site_name\" content=\"Ionisos\" \/>\n<meta property=\"article:modified_time\" content=\"2024-09-16T13:11:28+00:00\" \/>\n<meta name=\"twitter:card\" content=\"summary_large_image\" \/>\n<meta name=\"twitter:label1\" content=\"Est. reading time\" \/>\n\t<meta name=\"twitter:data1\" content=\"5 minutes\" \/>\n<script type=\"application\/ld+json\" class=\"yoast-schema-graph\">{\"@context\":\"https:\/\/schema.org\",\"@graph\":[{\"@type\":\"WebPage\",\"@id\":\"https:\/\/www.ionisos.com\/sterilisation-materiel-medical\/\",\"url\":\"https:\/\/www.ionisos.com\/sterilisation-materiel-medical\/\",\"name\":\"Medical Equipment Sterilization: A Tailored and Responsive Service\",\"isPartOf\":{\"@id\":\"https:\/\/www.ionisos.com\/#website\"},\"datePublished\":\"2024-09-16T13:11:21+00:00\",\"dateModified\":\"2024-09-16T13:11:28+00:00\",\"description\":\"IONISOS offers its medical equipment sterilization services with a tailored follow-up. Our beta, gamma, and ethylene oxide treatment centers allow us to cover all your needs in France and Europe. Learn more about each method and its benefits.\",\"breadcrumb\":{\"@id\":\"https:\/\/www.ionisos.com\/sterilisation-materiel-medical\/#breadcrumb\"},\"inLanguage\":\"en-US\",\"potentialAction\":[{\"@type\":\"ReadAction\",\"target\":[\"https:\/\/www.ionisos.com\/sterilisation-materiel-medical\/\"]}]},{\"@type\":\"BreadcrumbList\",\"@id\":\"https:\/\/www.ionisos.com\/sterilisation-materiel-medical\/#breadcrumb\",\"itemListElement\":[{\"@type\":\"ListItem\",\"position\":1,\"name\":\"Accueil\",\"item\":\"https:\/\/www.ionisos.com\/en\/\"},{\"@type\":\"ListItem\",\"position\":2,\"name\":\"Medical Equipment Sterilization\"}]},{\"@type\":\"WebSite\",\"@id\":\"https:\/\/www.ionisos.com\/#website\",\"url\":\"https:\/\/www.ionisos.com\/\",\"name\":\"Ionisos\",\"description\":\"Ionisation par \u00e9lectrons acc\u00e9l\u00e9r\u00e9s, rayons gamma, rayons X et oxyde d&#039;\u00e9thyl\u00e8ne\",\"potentialAction\":[{\"@type\":\"SearchAction\",\"target\":{\"@type\":\"EntryPoint\",\"urlTemplate\":\"https:\/\/www.ionisos.com\/?s={search_term_string}\"},\"query-input\":{\"@type\":\"PropertyValueSpecification\",\"valueRequired\":true,\"valueName\":\"search_term_string\"}}],\"inLanguage\":\"en-US\"}]}<\/script>\n<!-- \/ Yoast SEO plugin. -->","yoast_head_json":{"title":"Medical Equipment Sterilization: A Tailored and Responsive Service","description":"IONISOS offers its medical equipment sterilization services with a tailored follow-up. Our beta, gamma, and ethylene oxide treatment centers allow us to cover all your needs in France and Europe. Learn more about each method and its benefits.","robots":{"index":"index","follow":"follow","max-snippet":"max-snippet:-1","max-image-preview":"max-image-preview:large","max-video-preview":"max-video-preview:-1"},"canonical":"https:\/\/www.ionisos.com\/sterilisation-materiel-medical\/","og_locale":"en_US","og_type":"article","og_title":"Medical Equipment Sterilization: A Tailored and Responsive Service","og_description":"IONISOS offers its medical equipment sterilization services with a tailored follow-up. Our beta, gamma, and ethylene oxide treatment centers allow us to cover all your needs in France and Europe. Learn more about each method and its benefits.","og_url":"https:\/\/www.ionisos.com\/sterilisation-materiel-medical\/","og_site_name":"Ionisos","article_modified_time":"2024-09-16T13:11:28+00:00","twitter_card":"summary_large_image","twitter_misc":{"Est. reading time":"5 minutes"},"schema":{"@context":"https:\/\/schema.org","@graph":[{"@type":"WebPage","@id":"https:\/\/www.ionisos.com\/sterilisation-materiel-medical\/","url":"https:\/\/www.ionisos.com\/sterilisation-materiel-medical\/","name":"Medical Equipment Sterilization: A Tailored and Responsive Service","isPartOf":{"@id":"https:\/\/www.ionisos.com\/#website"},"datePublished":"2024-09-16T13:11:21+00:00","dateModified":"2024-09-16T13:11:28+00:00","description":"IONISOS offers its medical equipment sterilization services with a tailored follow-up. Our beta, gamma, and ethylene oxide treatment centers allow us to cover all your needs in France and Europe. Learn more about each method and its benefits.","breadcrumb":{"@id":"https:\/\/www.ionisos.com\/sterilisation-materiel-medical\/#breadcrumb"},"inLanguage":"en-US","potentialAction":[{"@type":"ReadAction","target":["https:\/\/www.ionisos.com\/sterilisation-materiel-medical\/"]}]},{"@type":"BreadcrumbList","@id":"https:\/\/www.ionisos.com\/sterilisation-materiel-medical\/#breadcrumb","itemListElement":[{"@type":"ListItem","position":1,"name":"Accueil","item":"https:\/\/www.ionisos.com\/en\/"},{"@type":"ListItem","position":2,"name":"Medical Equipment Sterilization"}]},{"@type":"WebSite","@id":"https:\/\/www.ionisos.com\/#website","url":"https:\/\/www.ionisos.com\/","name":"Ionisos","description":"Ionisation par \u00e9lectrons acc\u00e9l\u00e9r\u00e9s, rayons gamma, rayons X et oxyde d&#039;\u00e9thyl\u00e8ne","potentialAction":[{"@type":"SearchAction","target":{"@type":"EntryPoint","urlTemplate":"https:\/\/www.ionisos.com\/?s={search_term_string}"},"query-input":{"@type":"PropertyValueSpecification","valueRequired":true,"valueName":"search_term_string"}}],"inLanguage":"en-US"}]}},"_links":{"self":[{"href":"https:\/\/www.ionisos.com\/en\/wp-json\/wp\/v2\/pages\/25128","targetHints":{"allow":["GET"]}}],"collection":[{"href":"https:\/\/www.ionisos.com\/en\/wp-json\/wp\/v2\/pages"}],"about":[{"href":"https:\/\/www.ionisos.com\/en\/wp-json\/wp\/v2\/types\/page"}],"author":[{"embeddable":true,"href":"https:\/\/www.ionisos.com\/en\/wp-json\/wp\/v2\/users\/4"}],"replies":[{"embeddable":true,"href":"https:\/\/www.ionisos.com\/en\/wp-json\/wp\/v2\/comments?post=25128"}],"version-history":[{"count":5,"href":"https:\/\/www.ionisos.com\/en\/wp-json\/wp\/v2\/pages\/25128\/revisions"}],"predecessor-version":[{"id":25133,"href":"https:\/\/www.ionisos.com\/en\/wp-json\/wp\/v2\/pages\/25128\/revisions\/25133"}],"wp:attachment":[{"href":"https:\/\/www.ionisos.com\/en\/wp-json\/wp\/v2\/media?parent=25128"}],"curies":[{"name":"wp","href":"https:\/\/api.w.org\/{rel}","templated":true}]}}