 {"id":25122,"date":"2024-09-16T14:22:13","date_gmt":"2024-09-16T12:22:13","guid":{"rendered":"https:\/\/www.ionisos.com\/gamma-radiation\/"},"modified":"2024-09-16T14:26:05","modified_gmt":"2024-09-16T12:26:05","slug":"gamma-radiation","status":"publish","type":"page","link":"https:\/\/www.ionisos.com\/en\/gamma-radiation\/","title":{"rendered":"Gamma Radiation"},"content":{"rendered":"<p>[vc_row bg_image=&#8221;16355&#8243; bg_repeat=&#8221;no-repeat&#8221; text_color=&#8221;light&#8221; text_align=&#8221;center&#8221; top_padding=&#8221;80&#8243; bottom_padding=&#8221;80&#8243;][vc_column width=&#8221;1\/1&#8243;]<h1 class=\"headline font-special fontsize-xxl fontweight-inherit lh-inherit align-center transform-uppercase \" style=\"margin: 0;\">Gamma Radiation: A Premium Sterilization Service<\/h1>[\/vc_column][\/vc_row][vc_row top_padding=&#8221;80&#8243; bottom_padding=&#8221;80&#8243;][vc_column width=&#8221;1\/1&#8243;][vc_column_text]<\/p>\n<p style=\"text-align: center;\">Widely used since the 1960s in the industrial sector, <strong>gamma radiation<\/strong> is a proven technique for the treatment of large quantities of pre-packaged products on pallets.<\/p>\n<p style=\"text-align: center;\">With over 25 years serving professionals in the medical, pharmaceutical, and cosmetic sectors, IONISOS is one of the leading European companies in <strong>gamma treatment<\/strong>.<\/p>\n<p style=\"text-align: center;\">We offer a high-end, responsive service in all circumstances for the sterilization of your products or the crosslinking of your plastic components. Discover all the benefits of gamma radiation and our service offering.<\/p>\n<p>[\/vc_column_text][\/vc_column][\/vc_row][vc_row type=&#8221;full_width_section&#8221; bg_color=&#8221;#f7f7f7&#8243;][vc_column column_padding=&#8221;padding-6&#8243; column_center=&#8221;true&#8221; width=&#8221;2\/3&#8243;][vc_column_text el_class=&#8221;h2presta&#8221;]<\/p>\n<h2><a href=\"https:\/\/www.ionisos.com\/sterilisation-rayon-gamma\/\">Gamma Radiation Sterilization<\/a>: Principles and Benefits<\/h2>\n<p> <strong>Gamma rays<\/strong> are obtained from the decay of Cobalt-60, an artificially produced radioactive source.<br \/>\nDuring a <strong>gamma sterilization<\/strong>, products are loaded onto an automated conveyor system moving at a specific speed. They pass through a concrete cell and are exposed to the rays for treatment. The dose and exposure time are determined in advance based on the nature of the products and their packaging.<\/p>\n<p>Often preferred for the sterilization of medical devices and pharmaceutical products, gamma radiation has many advantages, starting with its flexibility: it allows simultaneous treatment (with the same effectiveness) of products requiring different doses or packaged in various materials.<\/p>\n<p>Most importantly, it is suitable for the sterilization of entire pallets, allowing the processing of a full load in a few hours. Unlike ethylene oxide, it leaves no residue, so products are available immediately without undergoing a post-treatment aeration phase, which incurs storage costs.[\/vc_column_text][\/vc_column][vc_column bg_image=&#8221;16882&#8243; column_center=&#8221;true&#8221; width=&#8221;1\/3&#8243;]<div class=\"spacer\" style=\"height: 250px;\"><\/div>[\/vc_column][\/vc_row][vc_row type=&#8221;full_width_section&#8221; bg_color=&#8221;#f1f1f1&#8243;][vc_column bg_image=&#8221;15460&#8243; column_center=&#8221;true&#8221; width=&#8221;1\/3&#8243;]<div class=\"spacer\" style=\"height: 250px;\"><\/div>[\/vc_column][vc_column column_padding=&#8221;padding-6&#8243; column_center=&#8221;true&#8221; width=&#8221;2\/3&#8243;][vc_column_text el_class=&#8221;h2presta&#8221;]<\/p>\n<h2>Gamma: A Wide Range of Applications<\/h2>\n<p> Gamma radiation allows for the sterilization of a broad variety of products.<br \/>\nIn its services, IONISOS handles many medical devices (pre-filled syringes, dressings, catheters\u2026), laboratory accessories, as well as pharmaceutical, veterinary, and cosmetic products.<\/p>\n<p>Regarding our <strong>gamma crosslinking<\/strong> services (a process of irradiating plastic parts to enhance their strength), we work with professionals in the automotive and industrial sectors who rely on us to optimize the performance of plastic tubes, cables, and wires.<\/p>\n<p>The only constraint with gamma radiation? The rays have strong penetration power, so products must withstand ionization to maintain their properties. This technique is compatible with a wide range of resins and even liquids, providing a broad field of application.<br \/>\n[\/vc_column_text][\/vc_column][\/vc_row][vc_row type=&#8221;full_width_section&#8221; bg_color=&#8221;#f7f7f7&#8243;][vc_column column_padding=&#8221;padding-6&#8243; column_center=&#8221;true&#8221; width=&#8221;2\/3&#8243;][vc_column_text el_class=&#8221;h2presta&#8221;]<\/p>\n<h2>IONISOS: 4 Gamma Treatment Sites in Europe, 3 of Them in France<\/h2>\n<p> The IONISOS group operates 7 <strong>irradiation sterilization<\/strong> centers, 4 of which are exclusively dedicated to gamma radiation.<br \/>\nLocated in France (1 in Rh\u00f4ne-Alpes, 2 in the Pays de la Loire) and Estonia, our certified treatment sites are equipped to meet all your needs with flawless responsiveness throughout the year.<\/p>\n<p>Your products arrive by truck and undergo thorough inspection by our teams. We precisely determine the necessary exposure to ensure your products are treated according to your requirements for safe use while preserving all their characteristics.<\/p>\n<p>After treatment, we check the absorbed doses before returning your order.<\/p>\n<p>Finally, IONISOS offers tailored support for a genuine relationship of trust: a dedicated contact manages your file and all your orders. They advise on the best method for each of your orders and oversee the processes for your products over time. This way, you are assured of receiving premium service under all circumstances!<br \/>\n[\/vc_column_text][\/vc_column][vc_column bg_image=&#8221;17697&#8243; column_center=&#8221;true&#8221; width=&#8221;1\/3&#8243;]<div class=\"spacer\" style=\"height: 250px;\"><\/div>[\/vc_column][\/vc_row][vc_row bg_color=&#8221;#0b2677&#8243; text_color=&#8221;light&#8221; text_align=&#8221;center&#8221; top_padding=&#8221;40&#8243; bottom_padding=&#8221;40&#8243;][vc_column width=&#8221;2\/3&#8243;]<div class=\"spacer\" style=\"height: 5px;\"><\/div>[vc_column_text el_class=&#8221;cta&#8221;]Have a question? Need a quote? We are here for you![\/vc_column_text][\/vc_column][vc_column width=&#8221;1\/3&#8243;][vc_row_inner][vc_column_inner]<a href=\"https:\/\/www.ionisos.com\/en\/contact\/\" target=\"_self\" class=\"button color-8 medium \" style=\"border-radius: 2px;\">Contact Us<\/a>[\/vc_column_inner][\/vc_row_inner][\/vc_column][\/vc_row]<\/p>\n","protected":false},"excerpt":{"rendered":"<p>[vc_row bg_image=&#8221;16355&#8243; bg_repeat=&#8221;no-repeat&#8221; text_color=&#8221;light&#8221; text_align=&#8221;center&#8221; top_padding=&#8221;80&#8243; bottom_padding=&#8221;80&#8243;][vc_column width=&#8221;1\/1&#8243;][\/vc_column][\/vc_row][vc_row top_padding=&#8221;80&#8243; bottom_padding=&#8221;80&#8243;][vc_column width=&#8221;1\/1&#8243;][vc_column_text] Widely used since the 1960s in the industrial sector, gamma radiation is a proven technique for the treatment of large quantities of pre-packaged products on pallets. With over 25 years serving professionals in the medical, pharmaceutical, and cosmetic sectors, IONISOS is one of the leading European companies in gamma treatment. We offer a high-end, responsive service in all circumstances for the sterilization of your products or the crosslinking of your plastic components. Discover all the benefits of gamma radiation and our service offering. [\/vc_column_text][\/vc_column][\/vc_row][vc_row type=&#8221;full_width_section&#8221; bg_color=&#8221;#f7f7f7&#8243;][vc_column column_padding=&#8221;padding-6&#8243; column_center=&#8221;true&#8221; width=&#8221;2\/3&#8243;][vc_column_text el_class=&#8221;h2presta&#8221;] Gamma Radiation Sterilization: Principles and Benefits Gamma rays are obtained from the decay of Cobalt-60, an artificially produced radioactive source. During a gamma sterilization, products are loaded onto an automated conveyor system moving at a specific speed. They pass through a concrete cell and are exposed to the rays for treatment. The dose and exposure time are determined in advance based on the nature of the products and their packaging. Often preferred for the sterilization of medical devices and pharmaceutical products, gamma radiation has many advantages, starting with its flexibility: it allows simultaneous treatment (with the same effectiveness) of [&hellip;]<\/p>\n","protected":false},"author":4,"featured_media":0,"parent":0,"menu_order":0,"comment_status":"closed","ping_status":"open","template":"","meta":{"inline_featured_image":false,"footnotes":""},"class_list":["post-25122","page","type-page","status-publish","hentry"],"yoast_head":"<!-- This site is optimized with the Yoast SEO plugin v26.3 - https:\/\/yoast.com\/wordpress\/plugins\/seo\/ -->\n<title>Gamma Radiation for the Sterilization of Your Products<\/title>\n<meta name=\"description\" content=\"IONISOS presents its gamma radiation sterilization and crosslinking services. With over 25 years of experience serving professionals, we ensure the treatment of your products with maximum reliability and responsiveness in France and throughout Europe.\" \/>\n<meta name=\"robots\" content=\"index, follow, max-snippet:-1, max-image-preview:large, max-video-preview:-1\" \/>\n<link rel=\"canonical\" href=\"https:\/\/www.ionisos.com\/rayonnement-gamma\/\" \/>\n<meta property=\"og:locale\" content=\"en_US\" \/>\n<meta property=\"og:type\" content=\"article\" \/>\n<meta property=\"og:title\" content=\"Gamma Radiation for the Sterilization of Your Products\" \/>\n<meta property=\"og:description\" content=\"IONISOS presents its gamma radiation sterilization and crosslinking services. With over 25 years of experience serving professionals, we ensure the treatment of your products with maximum reliability and responsiveness in France and throughout Europe.\" \/>\n<meta property=\"og:url\" content=\"https:\/\/www.ionisos.com\/rayonnement-gamma\/\" \/>\n<meta property=\"og:site_name\" content=\"Ionisos\" \/>\n<meta property=\"article:modified_time\" content=\"2024-09-16T12:26:05+00:00\" \/>\n<meta name=\"twitter:card\" content=\"summary_large_image\" \/>\n<meta name=\"twitter:label1\" content=\"Est. reading time\" \/>\n\t<meta name=\"twitter:data1\" content=\"4 minutes\" \/>\n<script type=\"application\/ld+json\" class=\"yoast-schema-graph\">{\"@context\":\"https:\/\/schema.org\",\"@graph\":[{\"@type\":\"WebPage\",\"@id\":\"https:\/\/www.ionisos.com\/rayonnement-gamma\/\",\"url\":\"https:\/\/www.ionisos.com\/rayonnement-gamma\/\",\"name\":\"Gamma Radiation for the Sterilization of Your Products\",\"isPartOf\":{\"@id\":\"https:\/\/www.ionisos.com\/#website\"},\"datePublished\":\"2024-09-16T12:22:13+00:00\",\"dateModified\":\"2024-09-16T12:26:05+00:00\",\"description\":\"IONISOS presents its gamma radiation sterilization and crosslinking services. With over 25 years of experience serving professionals, we ensure the treatment of your products with maximum reliability and responsiveness in France and throughout Europe.\",\"breadcrumb\":{\"@id\":\"https:\/\/www.ionisos.com\/rayonnement-gamma\/#breadcrumb\"},\"inLanguage\":\"en-US\",\"potentialAction\":[{\"@type\":\"ReadAction\",\"target\":[\"https:\/\/www.ionisos.com\/rayonnement-gamma\/\"]}]},{\"@type\":\"BreadcrumbList\",\"@id\":\"https:\/\/www.ionisos.com\/rayonnement-gamma\/#breadcrumb\",\"itemListElement\":[{\"@type\":\"ListItem\",\"position\":1,\"name\":\"Accueil\",\"item\":\"https:\/\/www.ionisos.com\/en\/\"},{\"@type\":\"ListItem\",\"position\":2,\"name\":\"Gamma Radiation\"}]},{\"@type\":\"WebSite\",\"@id\":\"https:\/\/www.ionisos.com\/#website\",\"url\":\"https:\/\/www.ionisos.com\/\",\"name\":\"Ionisos\",\"description\":\"Ionisation par \u00e9lectrons acc\u00e9l\u00e9r\u00e9s, rayons gamma, rayons X et oxyde d&#039;\u00e9thyl\u00e8ne\",\"potentialAction\":[{\"@type\":\"SearchAction\",\"target\":{\"@type\":\"EntryPoint\",\"urlTemplate\":\"https:\/\/www.ionisos.com\/?s={search_term_string}\"},\"query-input\":{\"@type\":\"PropertyValueSpecification\",\"valueRequired\":true,\"valueName\":\"search_term_string\"}}],\"inLanguage\":\"en-US\"}]}<\/script>\n<!-- \/ Yoast SEO plugin. -->","yoast_head_json":{"title":"Gamma Radiation for the Sterilization of Your Products","description":"IONISOS presents its gamma radiation sterilization and crosslinking services. With over 25 years of experience serving professionals, we ensure the treatment of your products with maximum reliability and responsiveness in France and throughout Europe.","robots":{"index":"index","follow":"follow","max-snippet":"max-snippet:-1","max-image-preview":"max-image-preview:large","max-video-preview":"max-video-preview:-1"},"canonical":"https:\/\/www.ionisos.com\/rayonnement-gamma\/","og_locale":"en_US","og_type":"article","og_title":"Gamma Radiation for the Sterilization of Your Products","og_description":"IONISOS presents its gamma radiation sterilization and crosslinking services. With over 25 years of experience serving professionals, we ensure the treatment of your products with maximum reliability and responsiveness in France and throughout Europe.","og_url":"https:\/\/www.ionisos.com\/rayonnement-gamma\/","og_site_name":"Ionisos","article_modified_time":"2024-09-16T12:26:05+00:00","twitter_card":"summary_large_image","twitter_misc":{"Est. reading time":"4 minutes"},"schema":{"@context":"https:\/\/schema.org","@graph":[{"@type":"WebPage","@id":"https:\/\/www.ionisos.com\/rayonnement-gamma\/","url":"https:\/\/www.ionisos.com\/rayonnement-gamma\/","name":"Gamma Radiation for the Sterilization of Your Products","isPartOf":{"@id":"https:\/\/www.ionisos.com\/#website"},"datePublished":"2024-09-16T12:22:13+00:00","dateModified":"2024-09-16T12:26:05+00:00","description":"IONISOS presents its gamma radiation sterilization and crosslinking services. With over 25 years of experience serving professionals, we ensure the treatment of your products with maximum reliability and responsiveness in France and throughout Europe.","breadcrumb":{"@id":"https:\/\/www.ionisos.com\/rayonnement-gamma\/#breadcrumb"},"inLanguage":"en-US","potentialAction":[{"@type":"ReadAction","target":["https:\/\/www.ionisos.com\/rayonnement-gamma\/"]}]},{"@type":"BreadcrumbList","@id":"https:\/\/www.ionisos.com\/rayonnement-gamma\/#breadcrumb","itemListElement":[{"@type":"ListItem","position":1,"name":"Accueil","item":"https:\/\/www.ionisos.com\/en\/"},{"@type":"ListItem","position":2,"name":"Gamma Radiation"}]},{"@type":"WebSite","@id":"https:\/\/www.ionisos.com\/#website","url":"https:\/\/www.ionisos.com\/","name":"Ionisos","description":"Ionisation par \u00e9lectrons acc\u00e9l\u00e9r\u00e9s, rayons gamma, rayons X et oxyde d&#039;\u00e9thyl\u00e8ne","potentialAction":[{"@type":"SearchAction","target":{"@type":"EntryPoint","urlTemplate":"https:\/\/www.ionisos.com\/?s={search_term_string}"},"query-input":{"@type":"PropertyValueSpecification","valueRequired":true,"valueName":"search_term_string"}}],"inLanguage":"en-US"}]}},"_links":{"self":[{"href":"https:\/\/www.ionisos.com\/en\/wp-json\/wp\/v2\/pages\/25122","targetHints":{"allow":["GET"]}}],"collection":[{"href":"https:\/\/www.ionisos.com\/en\/wp-json\/wp\/v2\/pages"}],"about":[{"href":"https:\/\/www.ionisos.com\/en\/wp-json\/wp\/v2\/types\/page"}],"author":[{"embeddable":true,"href":"https:\/\/www.ionisos.com\/en\/wp-json\/wp\/v2\/users\/4"}],"replies":[{"embeddable":true,"href":"https:\/\/www.ionisos.com\/en\/wp-json\/wp\/v2\/comments?post=25122"}],"version-history":[{"count":5,"href":"https:\/\/www.ionisos.com\/en\/wp-json\/wp\/v2\/pages\/25122\/revisions"}],"predecessor-version":[{"id":25127,"href":"https:\/\/www.ionisos.com\/en\/wp-json\/wp\/v2\/pages\/25122\/revisions\/25127"}],"wp:attachment":[{"href":"https:\/\/www.ionisos.com\/en\/wp-json\/wp\/v2\/media?parent=25122"}],"curies":[{"name":"wp","href":"https:\/\/api.w.org\/{rel}","templated":true}]}}