 {"id":24982,"date":"2024-07-15T11:27:23","date_gmt":"2024-07-15T09:27:23","guid":{"rendered":"https:\/\/www.ionisos.com\/x-ray-sterilization\/"},"modified":"2024-07-15T11:28:20","modified_gmt":"2024-07-15T09:28:20","slug":"x-ray-sterilization","status":"publish","type":"page","link":"https:\/\/www.ionisos.com\/en\/x-ray-sterilization\/","title":{"rendered":"X-Ray sterilization"},"content":{"rendered":"<p>[vc_row bg_image=&#8221;16355&#8243; bg_repeat=&#8221;no-repeat&#8221; text_color=&#8221;light&#8221; text_align=&#8221;center&#8221; top_padding=&#8221;80&#8243; bottom_padding=&#8221;80&#8243;][vc_column width=&#8221;1\/1&#8243;]<h1 class=\"headline font-special fontsize-xxl fontweight-inherit lh-inherit align-center transform-uppercase \" style=\"margin: 0;\">X-ray Ionizing Sterilization: A New Industrial Service from IONISOS<\/h1>[\/vc_column][\/vc_row][vc_row top_padding=&#8221;80&#8243; bottom_padding=&#8221;80&#8243;][vc_column width=&#8221;1\/1&#8243;][vc_column_text]<\/p>\n<p style=\"text-align: center;\">IONISOS is an industrial sterilization provider that offers its expertise to professionals in the medical, pharmaceutical, cosmetic, and food industries.<\/p>\n<p style=\"text-align: center;\">With its long-standing experience in three proven sterilization techniques (gamma and beta <a href=\"https:\/\/www.ionisos.com\/en\/\">sterilization<\/a> and ethylene oxide gas sterilization), IONISOS has expanded its offering by introducing an additional process: <strong>X-ray sterilization<\/strong>.<\/p>\n<p>[\/vc_column_text][\/vc_column][\/vc_row][vc_row type=&#8221;full_width_section&#8221; bg_color=&#8221;#f7f7f7&#8243;][vc_column column_padding=&#8221;padding-6&#8243; column_center=&#8221;true&#8221; width=&#8221;2\/3&#8243;][vc_column_text el_class=&#8221;h2presta&#8221;]<\/p>\n<h2>How does X-ray treatment work?<\/h2>\n<p><strong>X-ray treatment<\/strong> is a technology that combines the advantages of gamma rays and beta rays. Gamma treatment is an ionization sterilization process, meaning it works by energy absorption. Beta radiation sterilization uses electron beams.<br \/>\nIn comparison, the <strong>X-ray sterilization process<\/strong> has a treatment speed as fast as beta sterilization and a penetration rate as significant as gamma irradiation.<\/p>\n<p>Products to be sterilized pass under a <strong>X-ray beam<\/strong>. They are conveyed on pallets, irradiated from both sides to sterilize the entire load. This process eliminates all microorganisms such as bacteria, viruses, and fungal spores. This use of ionizing radiation is particularly suited for sterilizing a broad range of medical devices, surgical instruments, and pharmaceutical products without altering their appearance or properties.[\/vc_column_text][\/vc_column][vc_column bg_image=&#8221;21913&#8243; column_center=&#8221;true&#8221; width=&#8221;1\/3&#8243;]<div class=\"spacer\" style=\"height: 250px;\"><\/div>[\/vc_column][\/vc_row][vc_row type=&#8221;full_width_section&#8221; bg_color=&#8221;#f1f1f1&#8243;][vc_column bg_image=&#8221;15460&#8243; column_center=&#8221;true&#8221; width=&#8221;1\/3&#8243;]<div class=\"spacer\" style=\"height: 250px;\"><\/div>[\/vc_column][vc_column column_padding=&#8221;padding-6&#8243; column_center=&#8221;true&#8221; width=&#8221;2\/3&#8243;][vc_column_text el_class=&#8221;h2presta&#8221;]<\/p>\n<h2>A Unique Sterilization Technique for Each Site<\/h2>\n<p>Within the IONISOS group, we process your products at 12 different sites, seven of which are located in France. Each site is dedicated to a specific sterilization technique.<br \/>\nTo launch the <strong>X-ray beam treatment<\/strong>, a new site was chosen. This new treatment center will be located in Henriville, Moselle. The location is strategic as it is at a European crossroads that allows easy and quick access for companies located in the Netherlands, Germany, and Belgium.<\/p>\n<p>Our other French sites are located in Chaumesnil, Civrieux d\u2019Azergues, Dagneux, Gien, Pouzauges, and Sabl\u00e9-sur-Sarthe. Our group also has several sites in Europe, specifically in Germany, Spain, and Estonia.<br \/>\n[\/vc_column_text][\/vc_column][\/vc_row][vc_row type=&#8221;full_width_section&#8221; bg_color=&#8221;#f7f7f7&#8243;][vc_column column_padding=&#8221;padding-6&#8243; column_center=&#8221;true&#8221; width=&#8221;2\/3&#8243;][vc_column_text el_class=&#8221;h2presta&#8221;]<\/p>\n<h2>IONISOS: Expertise at the Service of French and Foreign Industries<\/h2>\n<p>IONISOS is a <strong>sterilization provider serving the medical, pharmaceutical, and cosmetic industries<\/strong>. Whether we use ionizing or ethylene oxide gas sterilization, our group ensures personalized follow-up and provides a dedicated contact.<br \/>\nWe strive to ensure true reactivity for processing large volumes, always in a personalized manner. Sterility checks are performed onsite through an integrated laboratory.<br \/>\nIf you too wish to benefit from over 60 years of experience and expertise of the IONISOS group, contact us today for a long-term collaboration.<br \/>\n[\/vc_column_text][\/vc_column][vc_column bg_image=&#8221;16892&#8243; column_center=&#8221;true&#8221; width=&#8221;1\/3&#8243;]<div class=\"spacer\" style=\"height: 250px;\"><\/div>[\/vc_column][\/vc_row][vc_row bg_color=&#8221;#0b2677&#8243; text_color=&#8221;light&#8221; text_align=&#8221;center&#8221; top_padding=&#8221;40&#8243; bottom_padding=&#8221;40&#8243;][vc_column width=&#8221;2\/3&#8243;]<div class=\"spacer\" style=\"height: 5px;\"><\/div>[vc_column_text el_class=&#8221;cta&#8221;]<\/p>\n<p style=\"text-align: left;\">Would you like to start a partnership with IONISOS for your X-ray ionizing sterilization needs? We are at your disposal for any inquiries.<\/p>\n<p>[\/vc_column_text][\/vc_column][vc_column width=&#8221;1\/3&#8243;][vc_row_inner][vc_column_inner]<a href=\"https:\/\/www.ionisos.com\/en\/contact\/\" target=\"_self\" class=\"button color-8 medium \" style=\"border-radius: 2px;\">Contact Us<\/a>[\/vc_column_inner][\/vc_row_inner][\/vc_column][\/vc_row]<\/p>\n","protected":false},"excerpt":{"rendered":"<p>[vc_row bg_image=&#8221;16355&#8243; bg_repeat=&#8221;no-repeat&#8221; text_color=&#8221;light&#8221; text_align=&#8221;center&#8221; top_padding=&#8221;80&#8243; bottom_padding=&#8221;80&#8243;][vc_column width=&#8221;1\/1&#8243;][\/vc_column][\/vc_row][vc_row top_padding=&#8221;80&#8243; bottom_padding=&#8221;80&#8243;][vc_column width=&#8221;1\/1&#8243;][vc_column_text] IONISOS is an industrial sterilization provider that offers its expertise to professionals in the medical, pharmaceutical, cosmetic, and food industries. With its long-standing experience in three proven sterilization techniques (gamma and beta sterilization and ethylene oxide gas sterilization), IONISOS has expanded its offering by introducing an additional process: X-ray sterilization. [\/vc_column_text][\/vc_column][\/vc_row][vc_row type=&#8221;full_width_section&#8221; bg_color=&#8221;#f7f7f7&#8243;][vc_column column_padding=&#8221;padding-6&#8243; column_center=&#8221;true&#8221; width=&#8221;2\/3&#8243;][vc_column_text el_class=&#8221;h2presta&#8221;] How does X-ray treatment work? X-ray treatment is a technology that combines the advantages of gamma rays and beta rays. Gamma treatment is an ionization sterilization process, meaning it works by energy absorption. Beta radiation sterilization uses electron beams. In comparison, the X-ray sterilization process has a treatment speed as fast as beta sterilization and a penetration rate as significant as gamma irradiation. Products to be sterilized pass under a X-ray beam. They are conveyed on pallets, irradiated from both sides to sterilize the entire load. This process eliminates all microorganisms such as bacteria, viruses, and fungal spores. This use of ionizing radiation is particularly suited for sterilizing a broad range of medical devices, surgical instruments, and pharmaceutical products without altering their appearance or properties.[\/vc_column_text][\/vc_column][vc_column bg_image=&#8221;21913&#8243; column_center=&#8221;true&#8221; width=&#8221;1\/3&#8243;][\/vc_column][\/vc_row][vc_row type=&#8221;full_width_section&#8221; bg_color=&#8221;#f1f1f1&#8243;][vc_column bg_image=&#8221;15460&#8243; column_center=&#8221;true&#8221; [&hellip;]<\/p>\n","protected":false},"author":4,"featured_media":0,"parent":0,"menu_order":0,"comment_status":"closed","ping_status":"open","template":"","meta":{"inline_featured_image":false,"footnotes":""},"class_list":["post-24982","page","type-page","status-publish","hentry"],"yoast_head":"<!-- This site is optimized with the Yoast SEO plugin v26.3 - https:\/\/yoast.com\/wordpress\/plugins\/seo\/ -->\n<title>IONISOS launches into X-ray sterilization<\/title>\n<meta name=\"description\" content=\"IONISOS, a specialist in industrial sterilization, offers several ionization treatment techniques. Among them: X-ray sterilization. This technology combines the advantages of gamma and beta rays.\" \/>\n<meta name=\"robots\" content=\"index, follow, max-snippet:-1, max-image-preview:large, max-video-preview:-1\" \/>\n<link rel=\"canonical\" href=\"https:\/\/www.ionisos.com\/en\/x-ray-sterilization\/\" \/>\n<meta property=\"og:locale\" content=\"en_US\" \/>\n<meta property=\"og:type\" content=\"article\" \/>\n<meta property=\"og:title\" content=\"IONISOS launches into X-ray sterilization\" \/>\n<meta property=\"og:description\" content=\"IONISOS, a specialist in industrial sterilization, offers several ionization treatment techniques. Among them: X-ray sterilization. This technology combines the advantages of gamma and beta rays.\" \/>\n<meta property=\"og:url\" content=\"https:\/\/www.ionisos.com\/en\/x-ray-sterilization\/\" \/>\n<meta property=\"og:site_name\" content=\"Ionisos\" \/>\n<meta property=\"article:modified_time\" content=\"2024-07-15T09:28:20+00:00\" \/>\n<meta name=\"twitter:card\" content=\"summary_large_image\" \/>\n<meta name=\"twitter:label1\" content=\"Est. reading time\" \/>\n\t<meta name=\"twitter:data1\" content=\"3 minutes\" \/>\n<script type=\"application\/ld+json\" class=\"yoast-schema-graph\">{\"@context\":\"https:\/\/schema.org\",\"@graph\":[{\"@type\":\"WebPage\",\"@id\":\"https:\/\/www.ionisos.com\/en\/x-ray-sterilization\/\",\"url\":\"https:\/\/www.ionisos.com\/en\/x-ray-sterilization\/\",\"name\":\"IONISOS launches into X-ray sterilization\",\"isPartOf\":{\"@id\":\"https:\/\/www.ionisos.com\/#website\"},\"datePublished\":\"2024-07-15T09:27:23+00:00\",\"dateModified\":\"2024-07-15T09:28:20+00:00\",\"description\":\"IONISOS, a specialist in industrial sterilization, offers several ionization treatment techniques. Among them: X-ray sterilization. This technology combines the advantages of gamma and beta rays.\",\"breadcrumb\":{\"@id\":\"https:\/\/www.ionisos.com\/en\/x-ray-sterilization\/#breadcrumb\"},\"inLanguage\":\"en-US\",\"potentialAction\":[{\"@type\":\"ReadAction\",\"target\":[\"https:\/\/www.ionisos.com\/en\/x-ray-sterilization\/\"]}]},{\"@type\":\"BreadcrumbList\",\"@id\":\"https:\/\/www.ionisos.com\/en\/x-ray-sterilization\/#breadcrumb\",\"itemListElement\":[{\"@type\":\"ListItem\",\"position\":1,\"name\":\"Accueil\",\"item\":\"https:\/\/www.ionisos.com\/en\/\"},{\"@type\":\"ListItem\",\"position\":2,\"name\":\"X-Ray sterilization\"}]},{\"@type\":\"WebSite\",\"@id\":\"https:\/\/www.ionisos.com\/#website\",\"url\":\"https:\/\/www.ionisos.com\/\",\"name\":\"Ionisos\",\"description\":\"Ionisation par \u00e9lectrons acc\u00e9l\u00e9r\u00e9s, rayons gamma, rayons X et oxyde d&#039;\u00e9thyl\u00e8ne\",\"potentialAction\":[{\"@type\":\"SearchAction\",\"target\":{\"@type\":\"EntryPoint\",\"urlTemplate\":\"https:\/\/www.ionisos.com\/?s={search_term_string}\"},\"query-input\":{\"@type\":\"PropertyValueSpecification\",\"valueRequired\":true,\"valueName\":\"search_term_string\"}}],\"inLanguage\":\"en-US\"}]}<\/script>\n<!-- \/ Yoast SEO plugin. -->","yoast_head_json":{"title":"IONISOS launches into X-ray sterilization","description":"IONISOS, a specialist in industrial sterilization, offers several ionization treatment techniques. Among them: X-ray sterilization. This technology combines the advantages of gamma and beta rays.","robots":{"index":"index","follow":"follow","max-snippet":"max-snippet:-1","max-image-preview":"max-image-preview:large","max-video-preview":"max-video-preview:-1"},"canonical":"https:\/\/www.ionisos.com\/en\/x-ray-sterilization\/","og_locale":"en_US","og_type":"article","og_title":"IONISOS launches into X-ray sterilization","og_description":"IONISOS, a specialist in industrial sterilization, offers several ionization treatment techniques. Among them: X-ray sterilization. This technology combines the advantages of gamma and beta rays.","og_url":"https:\/\/www.ionisos.com\/en\/x-ray-sterilization\/","og_site_name":"Ionisos","article_modified_time":"2024-07-15T09:28:20+00:00","twitter_card":"summary_large_image","twitter_misc":{"Est. reading time":"3 minutes"},"schema":{"@context":"https:\/\/schema.org","@graph":[{"@type":"WebPage","@id":"https:\/\/www.ionisos.com\/en\/x-ray-sterilization\/","url":"https:\/\/www.ionisos.com\/en\/x-ray-sterilization\/","name":"IONISOS launches into X-ray sterilization","isPartOf":{"@id":"https:\/\/www.ionisos.com\/#website"},"datePublished":"2024-07-15T09:27:23+00:00","dateModified":"2024-07-15T09:28:20+00:00","description":"IONISOS, a specialist in industrial sterilization, offers several ionization treatment techniques. Among them: X-ray sterilization. This technology combines the advantages of gamma and beta rays.","breadcrumb":{"@id":"https:\/\/www.ionisos.com\/en\/x-ray-sterilization\/#breadcrumb"},"inLanguage":"en-US","potentialAction":[{"@type":"ReadAction","target":["https:\/\/www.ionisos.com\/en\/x-ray-sterilization\/"]}]},{"@type":"BreadcrumbList","@id":"https:\/\/www.ionisos.com\/en\/x-ray-sterilization\/#breadcrumb","itemListElement":[{"@type":"ListItem","position":1,"name":"Accueil","item":"https:\/\/www.ionisos.com\/en\/"},{"@type":"ListItem","position":2,"name":"X-Ray sterilization"}]},{"@type":"WebSite","@id":"https:\/\/www.ionisos.com\/#website","url":"https:\/\/www.ionisos.com\/","name":"Ionisos","description":"Ionisation par \u00e9lectrons acc\u00e9l\u00e9r\u00e9s, rayons gamma, rayons X et oxyde d&#039;\u00e9thyl\u00e8ne","potentialAction":[{"@type":"SearchAction","target":{"@type":"EntryPoint","urlTemplate":"https:\/\/www.ionisos.com\/?s={search_term_string}"},"query-input":{"@type":"PropertyValueSpecification","valueRequired":true,"valueName":"search_term_string"}}],"inLanguage":"en-US"}]}},"_links":{"self":[{"href":"https:\/\/www.ionisos.com\/en\/wp-json\/wp\/v2\/pages\/24982","targetHints":{"allow":["GET"]}}],"collection":[{"href":"https:\/\/www.ionisos.com\/en\/wp-json\/wp\/v2\/pages"}],"about":[{"href":"https:\/\/www.ionisos.com\/en\/wp-json\/wp\/v2\/types\/page"}],"author":[{"embeddable":true,"href":"https:\/\/www.ionisos.com\/en\/wp-json\/wp\/v2\/users\/4"}],"replies":[{"embeddable":true,"href":"https:\/\/www.ionisos.com\/en\/wp-json\/wp\/v2\/comments?post=24982"}],"version-history":[{"count":3,"href":"https:\/\/www.ionisos.com\/en\/wp-json\/wp\/v2\/pages\/24982\/revisions"}],"predecessor-version":[{"id":24985,"href":"https:\/\/www.ionisos.com\/en\/wp-json\/wp\/v2\/pages\/24982\/revisions\/24985"}],"wp:attachment":[{"href":"https:\/\/www.ionisos.com\/en\/wp-json\/wp\/v2\/media?parent=24982"}],"curies":[{"name":"wp","href":"https:\/\/api.w.org\/{rel}","templated":true}]}}