 {"id":24979,"date":"2024-07-15T11:20:47","date_gmt":"2024-07-15T09:20:47","guid":{"rendered":"https:\/\/www.ionisos.com\/x-ray-ionizing-sterilization\/"},"modified":"2025-01-29T16:56:51","modified_gmt":"2025-01-29T15:56:51","slug":"x-ray-ionizing-sterilization","status":"publish","type":"page","link":"https:\/\/www.ionisos.com\/en\/x-ray-ionizing-sterilization\/","title":{"rendered":"X-ray Ionizing Sterilization"},"content":{"rendered":"<p>[vc_row bg_image=&#8221;16355&#8243; bg_repeat=&#8221;no-repeat&#8221; text_color=&#8221;light&#8221; text_align=&#8221;center&#8221; top_padding=&#8221;80&#8243; bottom_padding=&#8221;80&#8243;][vc_column width=&#8221;1\/1&#8243;]<h1 class=\"headline font-special fontsize-xxl fontweight-inherit lh-inherit align-center transform-uppercase \" style=\"margin: 0;\">X-ray Ionizing Sterilization: A New Industrial Treatment at IONISOS<\/h1>[\/vc_column][\/vc_row][vc_row top_padding=&#8221;80&#8243; bottom_padding=&#8221;80&#8243;][vc_column width=&#8221;1\/1&#8243;][vc_column_text]<\/p>\n<p style=\"text-align: center;\">As a specialist in industrial sterilization for over 60 years, IONISOS has decided to add a third ionization method to its product treatment technologies: <strong>X-ray ionizing sterilization<\/strong>.<\/p>\n<p style=\"text-align: center;\">This innovation represents a strategic turn, consolidating our position at the crossroads of Europe, with the upcoming opening of our new center in Henriville, Moselle. Close to the Netherlands, Germany, Luxembourg, and Belgium, this site exemplifies our commitment to providing cutting-edge, effective sterilization solutions tailored to the specific needs of the medical, pharmaceutical, and cosmetic industries.<\/p>\n<p>[\/vc_column_text][\/vc_column][\/vc_row][vc_row type=&#8221;full_width_section&#8221; bg_color=&#8221;#f7f7f7&#8243;][vc_column column_padding=&#8221;padding-6&#8243; column_center=&#8221;true&#8221; width=&#8221;2\/3&#8243;][vc_column_text el_class=&#8221;h2presta&#8221;]<\/p>\n<h2>How <a href=\"https:\/\/www.ionisos.com\/en\/x-ray-sterilization\/\">X-ray sterilization<\/a> is redefining industrial standards<\/h2>\n<p><strong>X-ray sterilization<\/strong> is a convergence of technologies, combining the speed of electron beam treatment with the penetration depth of gamma rays.<br \/>\nThis process effectively irradiates products on pallets (from both sides of the cardboard, like electron beam treatment), ensuring uniform sterility for each product, without altering their physical or chemical properties. Designed to meet the stringent requirements of the medical and pharmaceutical sectors, it uses high-energy beams and offers true safety for a wide range of products (medical devices, surgical instruments, pharmaceutical packaging, cosmetic products&#8230;). It eliminates microorganisms such as bacteria, viruses, and fungal spores.<\/p>\n<p>With the addition of <strong>X-ray beam treatment<\/strong> to our industrial treatment technologies, IONISOS completes its offering to meet all needs.[\/vc_column_text][\/vc_column][vc_column bg_image=&#8221;21913&#8243; column_center=&#8221;true&#8221; width=&#8221;1\/3&#8243;]<div class=\"spacer\" style=\"height: 250px;\"><\/div>[\/vc_column][\/vc_row][vc_row type=&#8221;full_width_section&#8221; bg_color=&#8221;#f1f1f1&#8243;][vc_column bg_image=&#8221;15460&#8243; column_center=&#8221;true&#8221; width=&#8221;1\/3&#8243;]<div class=\"spacer\" style=\"height: 250px;\"><\/div>[\/vc_column][vc_column column_padding=&#8221;padding-6&#8243; column_center=&#8221;true&#8221; width=&#8221;2\/3&#8243;][vc_column_text el_class=&#8221;h2presta&#8221;]<\/p>\n<h2>Why choose IONISOS for your X-ray treatment needs?<\/h2>\n<p>IONISOS stands out for its comprehensive approach and unique expertise in the field of industrial sterilization, especially <strong>ionization sterilization<\/strong> (gamma and electron beam sterilization).<br \/>\nWith the introduction of <strong>industrial X-ray treatment<\/strong>, we complete our range of services. This new addition now allows us to offer a solution tailored to each specific need, enhancing our ability to process a vast range of products with precision and in short lead times.<\/p>\n<p>Our certified facilities, strategically located in France and Europe, allow us to be responsive, wherever our clientele is located, even in emergencies.<\/p>\n<p>We are committed to providing innovative and effective solutions, whether it involves ionizing treatment or ethylene oxide. The opening of our twelfth site in Henriville (the 7th in France) is another step in the history of our company to better serve you.<\/p>\n<p>We are ready to meet your needs with customized service and advice. More than just sterilization services, we offer a long-term partnership with follow-up by a single contact who will guide you to the best method based on your needs and the nature of your products.[\/vc_column_text][\/vc_column][\/vc_row][vc_row bg_color=&#8221;#0b2677&#8243; text_color=&#8221;light&#8221; text_align=&#8221;center&#8221; top_padding=&#8221;40&#8243; bottom_padding=&#8221;40&#8243;][vc_column width=&#8221;2\/3&#8243;]<div class=\"spacer\" style=\"height: 5px;\"><\/div>[vc_column_text el_class=&#8221;cta&#8221;]<\/p>\n<p style=\"text-align: left;\">Contact us today to discuss your needs and start a collaboration with us.<\/p>\n<p>[\/vc_column_text][\/vc_column][vc_column width=&#8221;1\/3&#8243;][vc_row_inner][vc_column_inner]<a href=\"\/contact\/\" target=\"_self\" class=\"button color-8 medium \" style=\"border-radius: 2px;\">Contact Us<\/a>[\/vc_column_inner][\/vc_row_inner][\/vc_column][\/vc_row]<\/p>\n","protected":false},"excerpt":{"rendered":"<p>[vc_row bg_image=&#8221;16355&#8243; bg_repeat=&#8221;no-repeat&#8221; text_color=&#8221;light&#8221; text_align=&#8221;center&#8221; top_padding=&#8221;80&#8243; bottom_padding=&#8221;80&#8243;][vc_column width=&#8221;1\/1&#8243;][\/vc_column][\/vc_row][vc_row top_padding=&#8221;80&#8243; bottom_padding=&#8221;80&#8243;][vc_column width=&#8221;1\/1&#8243;][vc_column_text] As a specialist in industrial sterilization for over 60 years, IONISOS has decided to add a third ionization method to its product treatment technologies: X-ray ionizing sterilization. This innovation represents a strategic turn, consolidating our position at the crossroads of Europe, with the upcoming opening of our new center in Henriville, Moselle. Close to the Netherlands, Germany, Luxembourg, and Belgium, this site exemplifies our commitment to providing cutting-edge, effective sterilization solutions tailored to the specific needs of the medical, pharmaceutical, and cosmetic industries. [\/vc_column_text][\/vc_column][\/vc_row][vc_row type=&#8221;full_width_section&#8221; bg_color=&#8221;#f7f7f7&#8243;][vc_column column_padding=&#8221;padding-6&#8243; column_center=&#8221;true&#8221; width=&#8221;2\/3&#8243;][vc_column_text el_class=&#8221;h2presta&#8221;] How X-ray sterilization is redefining industrial standards X-ray sterilization is a convergence of technologies, combining the speed of electron beam treatment with the penetration depth of gamma rays. This process effectively irradiates products on pallets (from both sides of the cardboard, like electron beam treatment), ensuring uniform sterility for each product, without altering their physical or chemical properties. Designed to meet the stringent requirements of the medical and pharmaceutical sectors, it uses high-energy beams and offers true safety for a wide range of products (medical devices, surgical instruments, pharmaceutical packaging, cosmetic products&#8230;). It eliminates microorganisms such as bacteria, viruses, [&hellip;]<\/p>\n","protected":false},"author":4,"featured_media":0,"parent":0,"menu_order":0,"comment_status":"closed","ping_status":"open","template":"","meta":{"inline_featured_image":false,"footnotes":""},"class_list":["post-24979","page","type-page","status-publish","hentry"],"yoast_head":"<!-- This site is optimized with the Yoast SEO plugin v26.3 - https:\/\/yoast.com\/wordpress\/plugins\/seo\/ -->\n<title>X-ray Ionizing Sterilization: IONISOS Services<\/title>\n<meta name=\"description\" content=\"After sterilization using ethylene oxide, gamma, and beta rays, IONISOS adds a fourth technology to its industrial treatment offering: X-ray ionizing sterilization. Our new treatment site will open in Henriville, Moselle.\" \/>\n<meta name=\"robots\" content=\"index, follow, max-snippet:-1, max-image-preview:large, max-video-preview:-1\" \/>\n<link rel=\"canonical\" href=\"https:\/\/www.ionisos.com\/sterilisation-ionisante-rayons-x\/\" \/>\n<meta property=\"og:locale\" content=\"en_US\" \/>\n<meta property=\"og:type\" content=\"article\" \/>\n<meta property=\"og:title\" content=\"X-ray Ionizing Sterilization: IONISOS Services\" \/>\n<meta property=\"og:description\" content=\"After sterilization using ethylene oxide, gamma, and beta rays, IONISOS adds a fourth technology to its industrial treatment offering: X-ray ionizing sterilization. Our new treatment site will open in Henriville, Moselle.\" \/>\n<meta property=\"og:url\" content=\"https:\/\/www.ionisos.com\/sterilisation-ionisante-rayons-x\/\" \/>\n<meta property=\"og:site_name\" content=\"Ionisos\" \/>\n<meta property=\"article:modified_time\" content=\"2025-01-29T15:56:51+00:00\" \/>\n<meta name=\"twitter:card\" content=\"summary_large_image\" \/>\n<meta name=\"twitter:label1\" content=\"Est. reading time\" \/>\n\t<meta name=\"twitter:data1\" content=\"3 minutes\" \/>\n<script type=\"application\/ld+json\" class=\"yoast-schema-graph\">{\"@context\":\"https:\/\/schema.org\",\"@graph\":[{\"@type\":\"WebPage\",\"@id\":\"https:\/\/www.ionisos.com\/sterilisation-ionisante-rayons-x\/\",\"url\":\"https:\/\/www.ionisos.com\/sterilisation-ionisante-rayons-x\/\",\"name\":\"X-ray Ionizing Sterilization: IONISOS Services\",\"isPartOf\":{\"@id\":\"https:\/\/www.ionisos.com\/#website\"},\"datePublished\":\"2024-07-15T09:20:47+00:00\",\"dateModified\":\"2025-01-29T15:56:51+00:00\",\"description\":\"After sterilization using ethylene oxide, gamma, and beta rays, IONISOS adds a fourth technology to its industrial treatment offering: X-ray ionizing sterilization. Our new treatment site will open in Henriville, Moselle.\",\"breadcrumb\":{\"@id\":\"https:\/\/www.ionisos.com\/sterilisation-ionisante-rayons-x\/#breadcrumb\"},\"inLanguage\":\"en-US\",\"potentialAction\":[{\"@type\":\"ReadAction\",\"target\":[\"https:\/\/www.ionisos.com\/sterilisation-ionisante-rayons-x\/\"]}]},{\"@type\":\"BreadcrumbList\",\"@id\":\"https:\/\/www.ionisos.com\/sterilisation-ionisante-rayons-x\/#breadcrumb\",\"itemListElement\":[{\"@type\":\"ListItem\",\"position\":1,\"name\":\"Accueil\",\"item\":\"https:\/\/www.ionisos.com\/en\/\"},{\"@type\":\"ListItem\",\"position\":2,\"name\":\"X-ray Ionizing Sterilization\"}]},{\"@type\":\"WebSite\",\"@id\":\"https:\/\/www.ionisos.com\/#website\",\"url\":\"https:\/\/www.ionisos.com\/\",\"name\":\"Ionisos\",\"description\":\"Ionisation par \u00e9lectrons acc\u00e9l\u00e9r\u00e9s, rayons gamma, rayons X et oxyde d&#039;\u00e9thyl\u00e8ne\",\"potentialAction\":[{\"@type\":\"SearchAction\",\"target\":{\"@type\":\"EntryPoint\",\"urlTemplate\":\"https:\/\/www.ionisos.com\/?s={search_term_string}\"},\"query-input\":{\"@type\":\"PropertyValueSpecification\",\"valueRequired\":true,\"valueName\":\"search_term_string\"}}],\"inLanguage\":\"en-US\"}]}<\/script>\n<!-- \/ Yoast SEO plugin. -->","yoast_head_json":{"title":"X-ray Ionizing Sterilization: IONISOS Services","description":"After sterilization using ethylene oxide, gamma, and beta rays, IONISOS adds a fourth technology to its industrial treatment offering: X-ray ionizing sterilization. Our new treatment site will open in Henriville, Moselle.","robots":{"index":"index","follow":"follow","max-snippet":"max-snippet:-1","max-image-preview":"max-image-preview:large","max-video-preview":"max-video-preview:-1"},"canonical":"https:\/\/www.ionisos.com\/sterilisation-ionisante-rayons-x\/","og_locale":"en_US","og_type":"article","og_title":"X-ray Ionizing Sterilization: IONISOS Services","og_description":"After sterilization using ethylene oxide, gamma, and beta rays, IONISOS adds a fourth technology to its industrial treatment offering: X-ray ionizing sterilization. Our new treatment site will open in Henriville, Moselle.","og_url":"https:\/\/www.ionisos.com\/sterilisation-ionisante-rayons-x\/","og_site_name":"Ionisos","article_modified_time":"2025-01-29T15:56:51+00:00","twitter_card":"summary_large_image","twitter_misc":{"Est. reading time":"3 minutes"},"schema":{"@context":"https:\/\/schema.org","@graph":[{"@type":"WebPage","@id":"https:\/\/www.ionisos.com\/sterilisation-ionisante-rayons-x\/","url":"https:\/\/www.ionisos.com\/sterilisation-ionisante-rayons-x\/","name":"X-ray Ionizing Sterilization: IONISOS Services","isPartOf":{"@id":"https:\/\/www.ionisos.com\/#website"},"datePublished":"2024-07-15T09:20:47+00:00","dateModified":"2025-01-29T15:56:51+00:00","description":"After sterilization using ethylene oxide, gamma, and beta rays, IONISOS adds a fourth technology to its industrial treatment offering: X-ray ionizing sterilization. Our new treatment site will open in Henriville, Moselle.","breadcrumb":{"@id":"https:\/\/www.ionisos.com\/sterilisation-ionisante-rayons-x\/#breadcrumb"},"inLanguage":"en-US","potentialAction":[{"@type":"ReadAction","target":["https:\/\/www.ionisos.com\/sterilisation-ionisante-rayons-x\/"]}]},{"@type":"BreadcrumbList","@id":"https:\/\/www.ionisos.com\/sterilisation-ionisante-rayons-x\/#breadcrumb","itemListElement":[{"@type":"ListItem","position":1,"name":"Accueil","item":"https:\/\/www.ionisos.com\/en\/"},{"@type":"ListItem","position":2,"name":"X-ray Ionizing Sterilization"}]},{"@type":"WebSite","@id":"https:\/\/www.ionisos.com\/#website","url":"https:\/\/www.ionisos.com\/","name":"Ionisos","description":"Ionisation par \u00e9lectrons acc\u00e9l\u00e9r\u00e9s, rayons gamma, rayons X et oxyde d&#039;\u00e9thyl\u00e8ne","potentialAction":[{"@type":"SearchAction","target":{"@type":"EntryPoint","urlTemplate":"https:\/\/www.ionisos.com\/?s={search_term_string}"},"query-input":{"@type":"PropertyValueSpecification","valueRequired":true,"valueName":"search_term_string"}}],"inLanguage":"en-US"}]}},"_links":{"self":[{"href":"https:\/\/www.ionisos.com\/en\/wp-json\/wp\/v2\/pages\/24979","targetHints":{"allow":["GET"]}}],"collection":[{"href":"https:\/\/www.ionisos.com\/en\/wp-json\/wp\/v2\/pages"}],"about":[{"href":"https:\/\/www.ionisos.com\/en\/wp-json\/wp\/v2\/types\/page"}],"author":[{"embeddable":true,"href":"https:\/\/www.ionisos.com\/en\/wp-json\/wp\/v2\/users\/4"}],"replies":[{"embeddable":true,"href":"https:\/\/www.ionisos.com\/en\/wp-json\/wp\/v2\/comments?post=24979"}],"version-history":[{"count":8,"href":"https:\/\/www.ionisos.com\/en\/wp-json\/wp\/v2\/pages\/24979\/revisions"}],"predecessor-version":[{"id":25903,"href":"https:\/\/www.ionisos.com\/en\/wp-json\/wp\/v2\/pages\/24979\/revisions\/25903"}],"wp:attachment":[{"href":"https:\/\/www.ionisos.com\/en\/wp-json\/wp\/v2\/media?parent=24979"}],"curies":[{"name":"wp","href":"https:\/\/api.w.org\/{rel}","templated":true}]}}