 {"id":24840,"date":"2024-03-27T17:07:18","date_gmt":"2024-03-27T16:07:18","guid":{"rendered":"https:\/\/www.ionisos.com\/our-activities\/x-ray-treatment\/"},"modified":"2024-03-27T17:39:27","modified_gmt":"2024-03-27T16:39:27","slug":"x-ray-treatment","status":"publish","type":"page","link":"https:\/\/www.ionisos.com\/en\/our-activities\/x-ray-treatment\/","title":{"rendered":"X-Ray treatment"},"content":{"rendered":"<p>[vc_row bg_image=&#8221;15639&#8243; bg_repeat=&#8221;no-repeat&#8221; text_color=&#8221;light&#8221; text_align=&#8221;center&#8221; top_padding=&#8221;100&#8243; bottom_padding=&#8221;100&#8243;][vc_column width=&#8221;1\/1&#8243;]<h1 class=\"headline font-special fontsize-xxxl fontweight-inherit lh-inherit align-center transform-uppercase \" style=\"margin: 0;\"><strong>X-Ray<\/strong> treatment<\/h1>[\/vc_column][\/vc_row][vc_row][vc_column column_center=&#8221;true&#8221; width=&#8221;1\/1&#8243;]<div class=\"spacer\" style=\"height: 40px;\"><\/div>[\/vc_column][\/vc_row][vc_row][vc_column column_center=&#8221;true&#8221; width=&#8221;1\/6&#8243;]<div class=\"single_image wpb_content_element align-center    \" data-animation=\"none\" data-delay=\"0\"><img loading=\"lazy\" decoding=\"async\" width=\"150\" height=\"150\" src=\"https:\/\/www.ionisos.com\/wp-content\/uploads\/2023\/12\/X-Ray-cercle-150x150.png\" class=\"attachment-thumbnail\" alt=\"Traitement par rayons X\" srcset=\"https:\/\/www.ionisos.com\/wp-content\/uploads\/2023\/12\/X-Ray-cercle-150x150.png 150w, https:\/\/www.ionisos.com\/wp-content\/uploads\/2023\/12\/X-Ray-cercle-300x300.png 300w, https:\/\/www.ionisos.com\/wp-content\/uploads\/2023\/12\/X-Ray-cercle-80x80.png 80w, https:\/\/www.ionisos.com\/wp-content\/uploads\/2023\/12\/X-Ray-cercle.png 417w\" sizes=\"auto, (max-width: 150px) 100vw, 150px\" \/><\/div>[\/vc_column][vc_column column_center=&#8221;true&#8221; width=&#8221;5\/6&#8243;][vc_column_text]<\/p>\n<p style=\"text-align: center;\"><span style=\"font-family: Abel; font-size: 25px;\">The ionization process used in the facility involves <strong>exposing the products to be treated to X-ray radiation<\/strong> emitted by a high-power electron accelerator.<\/span><\/p>\n<p>[\/vc_column_text][\/vc_column][\/vc_row][vc_row][vc_column column_center=&#8221;true&#8221; width=&#8221;1\/1&#8243;]<div class=\"spacer\" style=\"height: 80px;\"><\/div>[\/vc_column][\/vc_row][vc_row][vc_column width=&#8221;1\/2&#8243;]<div class=\"video-embed  wpb_content_element\"><iframe loading=\"lazy\" title=\"Ionisos - St\u00e9rilisation par rayons X\" width=\"1161\" height=\"653\" src=\"https:\/\/www.youtube.com\/embed\/P0SIPI78Q3A?feature=oembed\" frameborder=\"0\" allow=\"accelerometer; autoplay; clipboard-write; encrypted-media; gyroscope; picture-in-picture; web-share\" referrerpolicy=\"strict-origin-when-cross-origin\" allowfullscreen><\/iframe><\/div>[\/vc_column][vc_column width=&#8221;1\/2&#8243;][vc_column_text]<strong>Fundamental Principles:<\/strong> X-rays, known for their use in medical imaging, also play a crucial role in high-precision sterilization. They are generated by accelerating electrons which, when striking a metal target, produce high-energy X-rays.<\/p>\n<p><strong>Characteristics of X-rays in Sterilization:<\/strong><\/p>\n<ul>\n<li><strong>X-ray Energy:<\/strong> The X-rays used for sterilization typically have energy ranging from 5 to 7 MeV, allowing for deep and uniform penetration of materials.<\/li>\n<li><strong>Sterilization Process:<\/strong> The items to be sterilized are exposed to X-rays in a specially designed chamber. An automated system ensures precise movement of the products through the X-ray beam, guaranteeing uniform and controlled exposure.<\/li>\n<\/ul>\n<p><strong>Advantages of X-ray Sterilization:<\/strong><\/p>\n<ul>\n<li><strong>Efficiency and Uniformity:<\/strong> Thanks to their high energy, X-rays effectively penetrate various types of materials, ensuring homogeneous sterilization.<\/li>\n<li><strong>Flexibility:<\/strong> Suitable for a wide range of products, including those sensitive to other sterilization methods.<\/li>\n<li><strong>Safety and Environment:<\/strong> This technology minimizes environmental and safety risks associated with the use of chemicals or radioactive sources.<\/li>\n<\/ul>\n<p>[\/vc_column_text][\/vc_column][\/vc_row][vc_row][vc_column width=&#8221;1\/1&#8243;]<div class=\"spacer\" style=\"height: 80px;\"><\/div>[vc_column_text]<\/p>\n<h3>Sterilization process<\/h3>\n<p>[\/vc_column_text]<div class=\"spacer\" style=\"height: 30px;\"><\/div>[\/vc_column][\/vc_row][vc_row][vc_column width=&#8221;1\/5&#8243;]<div class=\"single_image wpb_content_element align-center    \" data-animation=\"none\" data-delay=\"0\"><img loading=\"lazy\" decoding=\"async\" width=\"150\" height=\"150\" src=\"https:\/\/www.ionisos.com\/wp-content\/uploads\/2024\/03\/box-150x150.png\" class=\"attachment-thumbnail\" alt=\"\" srcset=\"https:\/\/www.ionisos.com\/wp-content\/uploads\/2024\/03\/box-150x150.png 150w, https:\/\/www.ionisos.com\/wp-content\/uploads\/2024\/03\/box-300x300.png 300w, https:\/\/www.ionisos.com\/wp-content\/uploads\/2024\/03\/box-80x80.png 80w, https:\/\/www.ionisos.com\/wp-content\/uploads\/2024\/03\/box-500x500.png 500w, https:\/\/www.ionisos.com\/wp-content\/uploads\/2024\/03\/box.png 512w\" sizes=\"auto, (max-width: 150px) 100vw, 150px\" \/><\/div>[vc_column_text]<\/p>\n<p style=\"text-align: center;\"><span style=\"color: #ef9e1c;\"><strong>Preparation and positioning<\/strong><\/span><\/p>\n<p style=\"text-align: center;\">The products are prepared and positioned in the sterilization chamber.<\/p>\n<p>[\/vc_column_text][\/vc_column][vc_column width=&#8221;1\/5&#8243;][\/vc_column][vc_column width=&#8221;1\/5&#8243;]<div class=\"single_image wpb_content_element align-center    \" data-animation=\"none\" data-delay=\"0\"><img loading=\"lazy\" decoding=\"async\" width=\"150\" height=\"150\" src=\"https:\/\/www.ionisos.com\/wp-content\/uploads\/2024\/03\/water-waves-150x150.png\" class=\"attachment-thumbnail\" alt=\"\" srcset=\"https:\/\/www.ionisos.com\/wp-content\/uploads\/2024\/03\/water-waves-150x150.png 150w, https:\/\/www.ionisos.com\/wp-content\/uploads\/2024\/03\/water-waves-300x300.png 300w, https:\/\/www.ionisos.com\/wp-content\/uploads\/2024\/03\/water-waves-80x80.png 80w, https:\/\/www.ionisos.com\/wp-content\/uploads\/2024\/03\/water-waves-500x500.png 500w, https:\/\/www.ionisos.com\/wp-content\/uploads\/2024\/03\/water-waves.png 512w\" sizes=\"auto, (max-width: 150px) 100vw, 150px\" \/><\/div>[vc_column_text]<\/p>\n<p style=\"text-align: center;\"><span style=\"color: #ef9e1c;\"><strong>Treatment<\/strong><\/span><\/p>\n<p style=\"text-align: center;\">The products are exposed to X-rays. The duration and intensity of exposure are rigorously controlled to ensure effective sterilization while preserving the integrity of the product.<\/p>\n<p>[\/vc_column_text][\/vc_column][vc_column width=&#8221;1\/5&#8243;][\/vc_column][vc_column width=&#8221;1\/5&#8243;]<div class=\"single_image wpb_content_element align-center    \" data-animation=\"none\" data-delay=\"0\"><img loading=\"lazy\" decoding=\"async\" width=\"150\" height=\"150\" src=\"https:\/\/www.ionisos.com\/wp-content\/uploads\/2024\/03\/quality-150x150.png\" class=\"attachment-thumbnail\" alt=\"\" srcset=\"https:\/\/www.ionisos.com\/wp-content\/uploads\/2024\/03\/quality-150x150.png 150w, https:\/\/www.ionisos.com\/wp-content\/uploads\/2024\/03\/quality-300x300.png 300w, https:\/\/www.ionisos.com\/wp-content\/uploads\/2024\/03\/quality-80x80.png 80w, https:\/\/www.ionisos.com\/wp-content\/uploads\/2024\/03\/quality-500x500.png 500w, https:\/\/www.ionisos.com\/wp-content\/uploads\/2024\/03\/quality.png 512w\" sizes=\"auto, (max-width: 150px) 100vw, 150px\" \/><\/div>[vc_column_text]<\/p>\n<p style=\"text-align: center;\"><span style=\"color: #ef9e1c;\"><strong>Quality Control<\/strong><\/span><\/p>\n<p style=\"text-align: center;\">After irradiation, each batch undergoes rigorous quality control to ensure the effectiveness of the sterilization.<\/p>\n<p>[\/vc_column_text][\/vc_column][\/vc_row][vc_row][vc_column width=&#8221;1\/1&#8243;]<div class=\"spacer\" style=\"height: 80px;\"><\/div>[vc_column_text]<\/p>\n<p style=\"text-align: center;\"><span style=\"font-family: Abel;\"><span style=\"font-size: 25px;\">Our X-Ray Treatment Site<\/span><\/span><\/p>\n<p>[\/vc_column_text]<div class=\"spacer\" style=\"height: 30px;\"><\/div>[\/vc_column][\/vc_row][vc_row][vc_column width=&#8221;1\/3&#8243;][\/vc_column][vc_column width=&#8221;1\/3&#8243;]<a href=\"https:\/\/www.ionisos.com\/en\/our-sites\/henriville\/\" target=\"_self\" class=\"button custom full \" style=\"background-color: #ef9e1c; border-color: #ef9e1c;border-radius: 2px;\"><strong>HENRIVILLE<\/strong><br \/>France<\/a>[\/vc_column][vc_column width=&#8221;1\/3&#8243;][\/vc_column][\/vc_row][vc_row][vc_column width=&#8221;1\/1&#8243;]<div class=\"spacer\" style=\"height: 40px;\"><\/div>[\/vc_column][\/vc_row][vc_row bg_color=&#8221;#515151&#8243; text_color=&#8221;light&#8221; text_align=&#8221;center&#8221; top_padding=&#8221;40&#8243; bottom_padding=&#8221;40&#8243;][vc_column column_center=&#8221;true&#8221; width=&#8221;2\/3&#8243;][vc_column_text]<\/p>\n<h3 style=\"text-align: left;\">Ionisos also offers treatment using ionizing radiation and ethylene oxide.<\/h3>\n<p>[\/vc_column_text][\/vc_column][vc_column width=&#8221;1\/3&#8243;][vc_row_inner][vc_column_inner width=&#8221;1\/3&#8243;]<div class=\"single_image wpb_content_element align-center    \" data-animation=\"none\" data-delay=\"0\"><a href=\"https:\/\/www.ionisos.com\/en\/our-activities\/gamma-rays\/\" target=\"_self\"><img loading=\"lazy\" decoding=\"async\" width=\"150\" height=\"150\" src=\"https:\/\/www.ionisos.com\/wp-content\/uploads\/2024\/03\/Gamma-150x150.png\" class=\"attachment-thumbnail\" alt=\"Traitement gamma\" srcset=\"https:\/\/www.ionisos.com\/wp-content\/uploads\/2024\/03\/Gamma-150x150.png 150w, https:\/\/www.ionisos.com\/wp-content\/uploads\/2024\/03\/Gamma-300x300.png 300w, https:\/\/www.ionisos.com\/wp-content\/uploads\/2024\/03\/Gamma-1024x1024.png 1024w, https:\/\/www.ionisos.com\/wp-content\/uploads\/2024\/03\/Gamma-768x768.png 768w, https:\/\/www.ionisos.com\/wp-content\/uploads\/2024\/03\/Gamma-1536x1536.png 1536w, https:\/\/www.ionisos.com\/wp-content\/uploads\/2024\/03\/Gamma-2048x2048.png 2048w, https:\/\/www.ionisos.com\/wp-content\/uploads\/2024\/03\/Gamma-80x80.png 80w, https:\/\/www.ionisos.com\/wp-content\/uploads\/2024\/03\/Gamma-500x500.png 500w, https:\/\/www.ionisos.com\/wp-content\/uploads\/2024\/03\/Gamma-1000x1000.png 1000w\" sizes=\"auto, (max-width: 150px) 100vw, 150px\" \/><\/a><\/div>[\/vc_column_inner][vc_column_inner width=&#8221;1\/3&#8243;]<div class=\"single_image wpb_content_element align-center    \" data-animation=\"none\" data-delay=\"0\"><a href=\"https:\/\/www.ionisos.com\/en\/our-activities\/beta-rays\/\" target=\"_self\"><img loading=\"lazy\" decoding=\"async\" width=\"150\" height=\"150\" src=\"https:\/\/www.ionisos.com\/wp-content\/uploads\/2024\/03\/Ebeam-150x150.png\" class=\"attachment-thumbnail\" alt=\"Traitement par faisceau d&#039;\u00e9lectrons\" srcset=\"https:\/\/www.ionisos.com\/wp-content\/uploads\/2024\/03\/Ebeam-150x150.png 150w, https:\/\/www.ionisos.com\/wp-content\/uploads\/2024\/03\/Ebeam-300x300.png 300w, https:\/\/www.ionisos.com\/wp-content\/uploads\/2024\/03\/Ebeam-1024x1024.png 1024w, https:\/\/www.ionisos.com\/wp-content\/uploads\/2024\/03\/Ebeam-768x768.png 768w, https:\/\/www.ionisos.com\/wp-content\/uploads\/2024\/03\/Ebeam-1536x1536.png 1536w, https:\/\/www.ionisos.com\/wp-content\/uploads\/2024\/03\/Ebeam-2048x2048.png 2048w, https:\/\/www.ionisos.com\/wp-content\/uploads\/2024\/03\/Ebeam-80x80.png 80w, https:\/\/www.ionisos.com\/wp-content\/uploads\/2024\/03\/Ebeam-500x500.png 500w, https:\/\/www.ionisos.com\/wp-content\/uploads\/2024\/03\/Ebeam-1000x1000.png 1000w\" sizes=\"auto, (max-width: 150px) 100vw, 150px\" \/><\/a><\/div>[\/vc_column_inner][vc_column_inner width=&#8221;1\/3&#8243;]<div class=\"single_image wpb_content_element align-center    \" data-animation=\"none\" data-delay=\"0\"><a href=\"https:\/\/www.ionisos.com\/en\/our-activities\/ethylene-oxide\/\" target=\"_self\"><img loading=\"lazy\" decoding=\"async\" width=\"150\" height=\"150\" src=\"https:\/\/www.ionisos.com\/wp-content\/uploads\/2024\/03\/EO-150x150.png\" class=\"attachment-thumbnail\" alt=\"Traitement par oxyde d&#039;\u00e9thyl\u00e8ne\" srcset=\"https:\/\/www.ionisos.com\/wp-content\/uploads\/2024\/03\/EO-150x150.png 150w, https:\/\/www.ionisos.com\/wp-content\/uploads\/2024\/03\/EO-300x300.png 300w, https:\/\/www.ionisos.com\/wp-content\/uploads\/2024\/03\/EO-1024x1024.png 1024w, https:\/\/www.ionisos.com\/wp-content\/uploads\/2024\/03\/EO-768x768.png 768w, https:\/\/www.ionisos.com\/wp-content\/uploads\/2024\/03\/EO-1536x1536.png 1536w, https:\/\/www.ionisos.com\/wp-content\/uploads\/2024\/03\/EO-2048x2048.png 2048w, https:\/\/www.ionisos.com\/wp-content\/uploads\/2024\/03\/EO-80x80.png 80w, https:\/\/www.ionisos.com\/wp-content\/uploads\/2024\/03\/EO-500x500.png 500w, https:\/\/www.ionisos.com\/wp-content\/uploads\/2024\/03\/EO-1000x1000.png 1000w\" sizes=\"auto, (max-width: 150px) 100vw, 150px\" \/><\/a><\/div>[\/vc_column_inner][\/vc_row_inner][\/vc_column][\/vc_row]<\/p>\n","protected":false},"excerpt":{"rendered":"<p>[vc_row bg_image=&#8221;15639&#8243; bg_repeat=&#8221;no-repeat&#8221; text_color=&#8221;light&#8221; text_align=&#8221;center&#8221; top_padding=&#8221;100&#8243; bottom_padding=&#8221;100&#8243;][vc_column width=&#8221;1\/1&#8243;][\/vc_column][\/vc_row][vc_row][vc_column column_center=&#8221;true&#8221; width=&#8221;1\/1&#8243;][\/vc_column][\/vc_row][vc_row][vc_column column_center=&#8221;true&#8221; width=&#8221;1\/6&#8243;][\/vc_column][vc_column column_center=&#8221;true&#8221; width=&#8221;5\/6&#8243;][vc_column_text] The ionization process used in the facility involves exposing the products to be treated to X-ray radiation emitted by a high-power electron accelerator. [\/vc_column_text][\/vc_column][\/vc_row][vc_row][vc_column column_center=&#8221;true&#8221; width=&#8221;1\/1&#8243;][\/vc_column][\/vc_row][vc_row][vc_column width=&#8221;1\/2&#8243;][\/vc_column][vc_column width=&#8221;1\/2&#8243;][vc_column_text]Fundamental Principles: X-rays, known for their use in medical imaging, also play a crucial role in high-precision sterilization. They are generated by accelerating electrons which, when striking a metal target, produce high-energy X-rays. Characteristics of X-rays in Sterilization: X-ray Energy: The X-rays used for sterilization typically have energy ranging from 5 to 7 MeV, allowing for deep and uniform penetration of materials. Sterilization Process: The items to be sterilized are exposed to X-rays in a specially designed chamber. An automated system ensures precise movement of the products through the X-ray beam, guaranteeing uniform and controlled exposure. Advantages of X-ray Sterilization: Efficiency and Uniformity: Thanks to their high energy, X-rays effectively penetrate various types of materials, ensuring homogeneous sterilization. Flexibility: Suitable for a wide range of products, including those sensitive to other sterilization methods. Safety and Environment: This technology minimizes environmental and safety risks associated with the use of chemicals or radioactive sources. [\/vc_column_text][\/vc_column][\/vc_row][vc_row][vc_column width=&#8221;1\/1&#8243;][vc_column_text] Sterilization process [\/vc_column_text][\/vc_column][\/vc_row][vc_row][vc_column width=&#8221;1\/5&#8243;][vc_column_text] Preparation [&hellip;]<\/p>\n","protected":false},"author":1,"featured_media":0,"parent":16030,"menu_order":0,"comment_status":"closed","ping_status":"closed","template":"","meta":{"inline_featured_image":false,"footnotes":""},"class_list":["post-24840","page","type-page","status-publish","hentry"],"yoast_head":"<!-- This site is optimized with the Yoast SEO plugin v26.3 - https:\/\/yoast.com\/wordpress\/plugins\/seo\/ -->\n<title>X-Ray treatment - Ionisos<\/title>\n<meta name=\"description\" content=\"Ionisos processes your pallets of products using X-ray sterilization at its site in France (Henriville - Moselle).\" \/>\n<meta name=\"robots\" content=\"index, follow, max-snippet:-1, max-image-preview:large, max-video-preview:-1\" \/>\n<link rel=\"canonical\" href=\"https:\/\/www.ionisos.com\/en\/our-activities\/x-ray-treatment\/\" \/>\n<meta property=\"og:locale\" content=\"en_US\" \/>\n<meta property=\"og:type\" content=\"article\" \/>\n<meta property=\"og:title\" content=\"X-Ray treatment - Ionisos\" \/>\n<meta property=\"og:description\" content=\"Ionisos processes your pallets of products using X-ray sterilization at its site in France (Henriville - Moselle).\" \/>\n<meta property=\"og:url\" content=\"https:\/\/www.ionisos.com\/en\/our-activities\/x-ray-treatment\/\" \/>\n<meta property=\"og:site_name\" content=\"Ionisos\" \/>\n<meta property=\"article:modified_time\" content=\"2024-03-27T16:39:27+00:00\" \/>\n<meta name=\"twitter:card\" content=\"summary_large_image\" \/>\n<meta name=\"twitter:label1\" content=\"Est. reading time\" \/>\n\t<meta name=\"twitter:data1\" content=\"2 minutes\" \/>\n<script type=\"application\/ld+json\" class=\"yoast-schema-graph\">{\"@context\":\"https:\/\/schema.org\",\"@graph\":[{\"@type\":\"WebPage\",\"@id\":\"https:\/\/www.ionisos.com\/en\/our-activities\/x-ray-treatment\/\",\"url\":\"https:\/\/www.ionisos.com\/en\/our-activities\/x-ray-treatment\/\",\"name\":\"X-Ray treatment - Ionisos\",\"isPartOf\":{\"@id\":\"https:\/\/www.ionisos.com\/#website\"},\"datePublished\":\"2024-03-27T16:07:18+00:00\",\"dateModified\":\"2024-03-27T16:39:27+00:00\",\"description\":\"Ionisos processes your pallets of products using X-ray sterilization at its site in France (Henriville - Moselle).\",\"breadcrumb\":{\"@id\":\"https:\/\/www.ionisos.com\/en\/our-activities\/x-ray-treatment\/#breadcrumb\"},\"inLanguage\":\"en-US\",\"potentialAction\":[{\"@type\":\"ReadAction\",\"target\":[\"https:\/\/www.ionisos.com\/en\/our-activities\/x-ray-treatment\/\"]}]},{\"@type\":\"BreadcrumbList\",\"@id\":\"https:\/\/www.ionisos.com\/en\/our-activities\/x-ray-treatment\/#breadcrumb\",\"itemListElement\":[{\"@type\":\"ListItem\",\"position\":1,\"name\":\"Accueil\",\"item\":\"https:\/\/www.ionisos.com\/en\/\"},{\"@type\":\"ListItem\",\"position\":2,\"name\":\"Our activities\",\"item\":\"https:\/\/www.ionisos.com\/en\/our-activities\/\"},{\"@type\":\"ListItem\",\"position\":3,\"name\":\"X-Ray treatment\"}]},{\"@type\":\"WebSite\",\"@id\":\"https:\/\/www.ionisos.com\/#website\",\"url\":\"https:\/\/www.ionisos.com\/\",\"name\":\"Ionisos\",\"description\":\"Ionisation par \u00e9lectrons acc\u00e9l\u00e9r\u00e9s, rayons gamma, rayons X et oxyde d&#039;\u00e9thyl\u00e8ne\",\"potentialAction\":[{\"@type\":\"SearchAction\",\"target\":{\"@type\":\"EntryPoint\",\"urlTemplate\":\"https:\/\/www.ionisos.com\/?s={search_term_string}\"},\"query-input\":{\"@type\":\"PropertyValueSpecification\",\"valueRequired\":true,\"valueName\":\"search_term_string\"}}],\"inLanguage\":\"en-US\"}]}<\/script>\n<!-- \/ Yoast SEO plugin. -->","yoast_head_json":{"title":"X-Ray treatment - Ionisos","description":"Ionisos processes your pallets of products using X-ray sterilization at its site in France (Henriville - Moselle).","robots":{"index":"index","follow":"follow","max-snippet":"max-snippet:-1","max-image-preview":"max-image-preview:large","max-video-preview":"max-video-preview:-1"},"canonical":"https:\/\/www.ionisos.com\/en\/our-activities\/x-ray-treatment\/","og_locale":"en_US","og_type":"article","og_title":"X-Ray treatment - Ionisos","og_description":"Ionisos processes your pallets of products using X-ray sterilization at its site in France (Henriville - Moselle).","og_url":"https:\/\/www.ionisos.com\/en\/our-activities\/x-ray-treatment\/","og_site_name":"Ionisos","article_modified_time":"2024-03-27T16:39:27+00:00","twitter_card":"summary_large_image","twitter_misc":{"Est. reading time":"2 minutes"},"schema":{"@context":"https:\/\/schema.org","@graph":[{"@type":"WebPage","@id":"https:\/\/www.ionisos.com\/en\/our-activities\/x-ray-treatment\/","url":"https:\/\/www.ionisos.com\/en\/our-activities\/x-ray-treatment\/","name":"X-Ray treatment - Ionisos","isPartOf":{"@id":"https:\/\/www.ionisos.com\/#website"},"datePublished":"2024-03-27T16:07:18+00:00","dateModified":"2024-03-27T16:39:27+00:00","description":"Ionisos processes your pallets of products using X-ray sterilization at its site in France (Henriville - Moselle).","breadcrumb":{"@id":"https:\/\/www.ionisos.com\/en\/our-activities\/x-ray-treatment\/#breadcrumb"},"inLanguage":"en-US","potentialAction":[{"@type":"ReadAction","target":["https:\/\/www.ionisos.com\/en\/our-activities\/x-ray-treatment\/"]}]},{"@type":"BreadcrumbList","@id":"https:\/\/www.ionisos.com\/en\/our-activities\/x-ray-treatment\/#breadcrumb","itemListElement":[{"@type":"ListItem","position":1,"name":"Accueil","item":"https:\/\/www.ionisos.com\/en\/"},{"@type":"ListItem","position":2,"name":"Our activities","item":"https:\/\/www.ionisos.com\/en\/our-activities\/"},{"@type":"ListItem","position":3,"name":"X-Ray treatment"}]},{"@type":"WebSite","@id":"https:\/\/www.ionisos.com\/#website","url":"https:\/\/www.ionisos.com\/","name":"Ionisos","description":"Ionisation par \u00e9lectrons acc\u00e9l\u00e9r\u00e9s, rayons gamma, rayons X et oxyde d&#039;\u00e9thyl\u00e8ne","potentialAction":[{"@type":"SearchAction","target":{"@type":"EntryPoint","urlTemplate":"https:\/\/www.ionisos.com\/?s={search_term_string}"},"query-input":{"@type":"PropertyValueSpecification","valueRequired":true,"valueName":"search_term_string"}}],"inLanguage":"en-US"}]}},"_links":{"self":[{"href":"https:\/\/www.ionisos.com\/en\/wp-json\/wp\/v2\/pages\/24840","targetHints":{"allow":["GET"]}}],"collection":[{"href":"https:\/\/www.ionisos.com\/en\/wp-json\/wp\/v2\/pages"}],"about":[{"href":"https:\/\/www.ionisos.com\/en\/wp-json\/wp\/v2\/types\/page"}],"author":[{"embeddable":true,"href":"https:\/\/www.ionisos.com\/en\/wp-json\/wp\/v2\/users\/1"}],"replies":[{"embeddable":true,"href":"https:\/\/www.ionisos.com\/en\/wp-json\/wp\/v2\/comments?post=24840"}],"version-history":[{"count":3,"href":"https:\/\/www.ionisos.com\/en\/wp-json\/wp\/v2\/pages\/24840\/revisions"}],"predecessor-version":[{"id":24849,"href":"https:\/\/www.ionisos.com\/en\/wp-json\/wp\/v2\/pages\/24840\/revisions\/24849"}],"up":[{"embeddable":true,"href":"https:\/\/www.ionisos.com\/en\/wp-json\/wp\/v2\/pages\/16030"}],"wp:attachment":[{"href":"https:\/\/www.ionisos.com\/en\/wp-json\/wp\/v2\/media?parent=24840"}],"curies":[{"name":"wp","href":"https:\/\/api.w.org\/{rel}","templated":true}]}}