 {"id":24769,"date":"2024-03-27T17:13:23","date_gmt":"2024-03-27T16:13:23","guid":{"rendered":"https:\/\/www.ionisos.com\/?page_id=24769"},"modified":"2025-08-05T11:16:12","modified_gmt":"2025-08-05T09:16:12","slug":"henriville","status":"publish","type":"page","link":"https:\/\/www.ionisos.com\/en\/our-sites\/henriville\/","title":{"rendered":"Henriville"},"content":{"rendered":"<p>[vc_row bg_image=&#8221;24775&#8243; bg_repeat=&#8221;no-repeat&#8221; text_color=&#8221;light&#8221; text_align=&#8221;center&#8221; top_padding=&#8221;100&#8243; bottom_padding=&#8221;100&#8243;][vc_column width=&#8221;1\/1&#8243;]<\/p>\n<h1 class=\"headline font-special fontsize-xxxl fontweight-inherit lh-inherit align-center transform-uppercase \" style=\"margin: 0;\"><strong>Henriville<\/strong><\/h1>\n<p>[\/vc_column][\/vc_row][vc_row][vc_column width=&#8221;1\/1&#8243;]<div class=\"spacer\" style=\"height: 60px;\"><\/div>[vc_raw_html]PHA+PHNwYW4gY29udGVudGVkaXRhYmxlPSJmYWxzZSIgc3R5bGU9ImJvcmRlcjogMDsiIGRhdGEtbWNlLW9iamVjdD0iaWZyYW1lIiBjbGFzcz0ibWNlLXByZXZpZXctb2JqZWN0IG1jZS1vYmplY3QtaWZyYW1lIiBkYXRhLW1jZS1wLWFsbG93ZnVsbHNjcmVlbj0iYWxsb3dmdWxsc2NyZWVuIiBkYXRhLW1jZS1wLXNyYz0iaHR0cHM6Ly93d3cuZ29vZ2xlLmNvbS9tYXBzL2VtYmVkP3BiPSExbTE4ITFtMTIhMW0zITFkMTA0NDguMDg3NjY1MzkyMTExITJkNi44NTg2Mzk0Mjg0NTIzOTIhM2Q0OS4xMDUyMjQxMDEzMjU4NSEybTMhMWYwITJmMCEzZjAhM20yITFpMTAyNCEyaTc2OCE0ZjEzLjEhM20zITFtMiExczB4NDc5NDRkMDY4MWMwZGFmNyUzQTB4NTZmMDM2YzdkYTNiNGYyMyEyc0lvbmlzb3MlMjAtJTIwSGVucml2aWxsZSE1ZTAhM20yITFzZnIhMnNmciE0djE3MTE1Mjk3NjEyNzQhNW0yITFzZnIhMnNmciI+PGlmcmFtZSBzcmM9Imh0dHBzOi8vd3d3Lmdvb2dsZS5jb20vbWFwcy9lbWJlZD9wYj0hMW0xOCExbTEyITFtMyExZDEwNDQ4LjA4NzY2NTM5MjExMSEyZDYuODU4NjM5NDI4NDUyMzkyITNkNDkuMTA1MjI0MTAxMzI1ODUhMm0zITFmMCEyZjAhM2YwITNtMiExaTEwMjQhMmk3NjghNGYxMy4xITNtMyExbTIhMXMweDQ3OTQ0ZDA2ODFjMGRhZjclM0EweDU2ZjAzNmM3ZGEzYjRmMjMhMnNJb25pc29zJTIwLSUyMEhlbnJpdmlsbGUhNWUwITNtMiExc2ZyITJzZnIhNHYxNzExNTI5NzYxMjc0ITVtMiExc2ZyITJzZnIiIGFsbG93ZnVsbHNjcmVlbj0iYWxsb3dmdWxsc2NyZWVuIiBzdHlsZT0iYm9yZGVyOiAwOyIgd2lkdGg9IjEwMCUiIGhlaWdodD0iMzAwIiBmcmFtZWJvcmRlcj0iMCI+PC9pZnJhbWU+PHNwYW4gY2xhc3M9Im1jZS1zaGltIj48L3NwYW4+PC9zcGFuPjwvcD4=[\/vc_raw_html]<div class=\"spacer\" style=\"height: 60px;\"><\/div>[\/vc_column][\/vc_row][vc_row][vc_column width=&#8221;1\/3&#8243;][vc_column_text]<\/p>\n<p><strong>Address<br \/><\/strong>M\u00e9gazone D\u00e9partementale Far\u00e9bersviller<br \/>7 voie Gustave Eiffel<br \/>57450 Henriville<br \/>FRANCE<\/p>\n<p>[\/vc_column_text]<div class=\"uavc-list-icon uavc-list-icon-wrapper ult-adjust-bottom-margin   \"><ul class=\"uavc-list\"><li><div class=\"uavc-list-content\" id=\"list-icon-wrap-6385\">\n<div class=\"uavc-list-icon  \" data-animation=\"\" data-animation-delay=\"03\" style=\"margin-right:20px;\"><div class=\"ult-just-icon-wrapper  \"><div class=\"align-icon\" style=\"text-align:center;\">\n<div class=\"aio-icon none \"  style=\"color:#ef9e1c;font-size:30px;display:inline-block;\">\n\t<i class=\"Defaults-phone\"><\/i>\n<\/div><\/div><\/div>\n<\/div><span  data-ultimate-target='#list-icon-wrap-6385 .uavc-list-desc'  data-responsive-json-new='{\"font-size\":\"\",\"line-height\":\"\"}'  class=\"uavc-list-desc ult-responsive\" style=\"\"><\/p>\n<p>+33 (0) 4 81 65 47 07<\/p>\n<p><\/span><\/div><\/li><li><div class=\"uavc-list-content\" id=\"list-icon-wrap-8886\">\n<div class=\"uavc-list-icon  \" data-animation=\"\" data-animation-delay=\"03\" style=\"margin-right:20px;\"><div class=\"ult-just-icon-wrapper  \"><div class=\"align-icon\" style=\"text-align:center;\">\n<div class=\"aio-icon none \"  style=\"color:#ef9e1c;font-size:30px;display:inline-block;\">\n\t<i class=\"Defaults-envelope-o\"><\/i>\n<\/div><\/div><\/div>\n<\/div><span  data-ultimate-target='#list-icon-wrap-8886 .uavc-list-desc'  data-responsive-json-new='{\"font-size\":\"\",\"line-height\":\"\"}'  class=\"uavc-list-desc ult-responsive\" style=\"\"><\/p>\n<p><a href=\"mailto:info@ionisos.com\" data-mce-href=\"mailto:info@ionisos.com\">info@ionisos.com<\/a><\/p>\n<p><\/span><\/div><\/li><\/ul><\/div>[\/vc_column][vc_column width=&#8221;1\/3&#8243;][vc_column_text]<\/p>\n<p><strong>Site Features<\/strong><\/p>\n<a href=\"https:\/\/www.ionisos.com\/nos-activites\/traitement-x-ray\/\" target=\"_self\" class=\"button custom small \" style=\"background-color: #EF9E1C; border-color: #EF9E1C;border-radius: 2px;\">X-Rays<\/a>\n<p>[\/vc_column_text][\/vc_column][vc_column text_color=&#8221;light&#8221; text_align=&#8221;center&#8221; width=&#8221;1\/3&#8243;]<div class=\" ubtn-ctn-left \"><a class=\"ubtn-link ult-adjust-bottom-margin ubtn-left ubtn-large \"  rel='' href = \"https:\/\/www.ionisos.com\/en\/contact\/\" ><button type=\"button\" id=\"ubtn-8359\" class=\"ubtn ult-adjust-bottom-margin ult-responsive ubtn-large ubtn-no-hover-bg  none  ubtn-sep-icon ubtn-sep-icon-bottom-push  ubtn-left   tooltip-69e1a80f08c09\"  data-hover=\"\" data-border-color=\"\" data-bg=\"#ef9e1c\" data-hover-bg=\"\" data-border-hover=\"\" data-shadow-hover=\"\" data-shadow-click=\"none\" data-shadow=\"\" data-shd-shadow=\"\"  data-ultimate-target='#ubtn-8359'  data-responsive-json-new='{\"font-size\":\"\",\"line-height\":\"\"}'  style=\"font-weight:normal;border:none;background: #ef9e1c;color: #ffffff;\"><span class=\"ubtn-data ubtn-icon\"><i class=\"Defaults-envelope-o\" style=\"font-size:32px;color:;\"><\/i><\/span><span class=\"ubtn-hover\" style=\"background-color:\"><\/span><span class=\"ubtn-data ubtn-text \" >Contact our expert teams to find out more about our offers<\/span><\/button><\/a><\/div>[\/vc_column][\/vc_row][vc_row][vc_column width=&#8221;1\/1&#8243;]<div class=\"spacer\" style=\"height: 80px;\"><\/div>[vc_column_text]<\/p>\n<p style=\"text-align: center;\"><span style=\"color: #333333;\">Ionisos is supported by the European Union and the FEDER for this project<\/span><\/p>\n<p>[\/vc_column_text]<div class=\"single_image wpb_content_element align-center    \" data-animation=\"none\" data-delay=\"0\"><img loading=\"lazy\" decoding=\"async\" width=\"300\" height=\"68\" src=\"https:\/\/www.ionisos.com\/wp-content\/uploads\/2025\/07\/FR_FundedbytheEU_RGB_POS-300x68.png\" class=\"attachment-medium\" alt=\"\" srcset=\"https:\/\/www.ionisos.com\/wp-content\/uploads\/2025\/07\/FR_FundedbytheEU_RGB_POS-300x68.png 300w, https:\/\/www.ionisos.com\/wp-content\/uploads\/2025\/07\/FR_FundedbytheEU_RGB_POS-1024x231.png 1024w, https:\/\/www.ionisos.com\/wp-content\/uploads\/2025\/07\/FR_FundedbytheEU_RGB_POS-768x173.png 768w, https:\/\/www.ionisos.com\/wp-content\/uploads\/2025\/07\/FR_FundedbytheEU_RGB_POS-1536x346.png 1536w, https:\/\/www.ionisos.com\/wp-content\/uploads\/2025\/07\/FR_FundedbytheEU_RGB_POS-scaled.png 2048w\" sizes=\"auto, (max-width: 300px) 100vw, 300px\" \/><\/div>[\/vc_column][\/vc_row][vc_row][vc_column width=&#8221;1\/1&#8243;]<div class=\"spacer\" style=\"height: 80px;\"><\/div><div class=\" ubtn-ctn-center \"><a class=\"ubtn-link ult-adjust-bottom-margin ubtn-center ubtn-large \"  rel='' href = \"https:\/\/www.ionisos.com\/en\/our-sites\/\" ><button type=\"button\" id=\"ubtn-9953\" class=\"ubtn ult-adjust-bottom-margin ult-responsive ubtn-large ubtn-no-hover-bg  none  ubtn-sep-icon ubtn-sep-icon-at-left  ubtn-center   tooltip-69e1a80f09cc1\"  data-hover=\"\" data-border-color=\"\" data-bg=\"#707070\" data-hover-bg=\"\" data-border-hover=\"\" data-shadow-hover=\"\" data-shadow-click=\"none\" data-shadow=\"\" data-shd-shadow=\"\"  data-ultimate-target='#ubtn-9953'  data-responsive-json-new='{\"font-size\":\"\",\"line-height\":\"\"}'  style=\"font-weight:normal;border:none;background: #707070;color: #ffffff;\"><span class=\"ubtn-data ubtn-icon\"><i class=\"Defaults-chevron-left\" style=\"font-size:20px;color:;\"><\/i><\/span><span class=\"ubtn-hover\" style=\"background-color:\"><\/span><span class=\"ubtn-data ubtn-text \" >Return to the list of sites<\/span><\/button><\/a><\/div><div class=\"spacer\" style=\"height: 60px;\"><\/div>[\/vc_column][\/vc_row]<\/p>\n","protected":false},"excerpt":{"rendered":"<p>[vc_row bg_image=&#8221;24775&#8243; bg_repeat=&#8221;no-repeat&#8221; text_color=&#8221;light&#8221; text_align=&#8221;center&#8221; top_padding=&#8221;100&#8243; bottom_padding=&#8221;100&#8243;][vc_column width=&#8221;1\/1&#8243;] [\/vc_column][\/vc_row][vc_row][vc_column width=&#8221;1\/1&#8243;][vc_raw_html]PHA+PHNwYW4gY29udGVudGVkaXRhYmxlPSJmYWxzZSIgc3R5bGU9ImJvcmRlcjogMDsiIGRhdGEtbWNlLW9iamVjdD0iaWZyYW1lIiBjbGFzcz0ibWNlLXByZXZpZXctb2JqZWN0IG1jZS1vYmplY3QtaWZyYW1lIiBkYXRhLW1jZS1wLWFsbG93ZnVsbHNjcmVlbj0iYWxsb3dmdWxsc2NyZWVuIiBkYXRhLW1jZS1wLXNyYz0iaHR0cHM6Ly93d3cuZ29vZ2xlLmNvbS9tYXBzL2VtYmVkP3BiPSExbTE4ITFtMTIhMW0zITFkMTA0NDguMDg3NjY1MzkyMTExITJkNi44NTg2Mzk0Mjg0NTIzOTIhM2Q0OS4xMDUyMjQxMDEzMjU4NSEybTMhMWYwITJmMCEzZjAhM20yITFpMTAyNCEyaTc2OCE0ZjEzLjEhM20zITFtMiExczB4NDc5NDRkMDY4MWMwZGFmNyUzQTB4NTZmMDM2YzdkYTNiNGYyMyEyc0lvbmlzb3MlMjAtJTIwSGVucml2aWxsZSE1ZTAhM20yITFzZnIhMnNmciE0djE3MTE1Mjk3NjEyNzQhNW0yITFzZnIhMnNmciI+PGlmcmFtZSBzcmM9Imh0dHBzOi8vd3d3Lmdvb2dsZS5jb20vbWFwcy9lbWJlZD9wYj0hMW0xOCExbTEyITFtMyExZDEwNDQ4LjA4NzY2NTM5MjExMSEyZDYuODU4NjM5NDI4NDUyMzkyITNkNDkuMTA1MjI0MTAxMzI1ODUhMm0zITFmMCEyZjAhM2YwITNtMiExaTEwMjQhMmk3NjghNGYxMy4xITNtMyExbTIhMXMweDQ3OTQ0ZDA2ODFjMGRhZjclM0EweDU2ZjAzNmM3ZGEzYjRmMjMhMnNJb25pc29zJTIwLSUyMEhlbnJpdmlsbGUhNWUwITNtMiExc2ZyITJzZnIhNHYxNzExNTI5NzYxMjc0ITVtMiExc2ZyITJzZnIiIGFsbG93ZnVsbHNjcmVlbj0iYWxsb3dmdWxsc2NyZWVuIiBzdHlsZT0iYm9yZGVyOiAwOyIgd2lkdGg9IjEwMCUiIGhlaWdodD0iMzAwIiBmcmFtZWJvcmRlcj0iMCI+PC9pZnJhbWU+PHNwYW4gY2xhc3M9Im1jZS1zaGltIj48L3NwYW4+PC9zcGFuPjwvcD4=[\/vc_raw_html][\/vc_column][\/vc_row][vc_row][vc_column width=&#8221;1\/3&#8243;][vc_column_text] AddressM\u00e9gazone D\u00e9partementale Far\u00e9bersviller7 voie Gustave Eiffel57450 HenrivilleFRANCE [\/vc_column_text][\/vc_column][vc_column width=&#8221;1\/3&#8243;][vc_column_text] Site Features [\/vc_column_text][\/vc_column][vc_column text_color=&#8221;light&#8221; text_align=&#8221;center&#8221; width=&#8221;1\/3&#8243;][\/vc_column][\/vc_row][vc_row][vc_column width=&#8221;1\/1&#8243;][vc_column_text] Ionisos is supported by the European Union and the FEDER for this project [\/vc_column_text][\/vc_column][\/vc_row][vc_row][vc_column width=&#8221;1\/1&#8243;][\/vc_column][\/vc_row]<\/p>\n","protected":false},"author":1,"featured_media":0,"parent":16026,"menu_order":0,"comment_status":"closed","ping_status":"closed","template":"","meta":{"inline_featured_image":false,"footnotes":""},"class_list":["post-24769","page","type-page","status-publish","hentry"],"yoast_head":"<!-- This site is optimized with the Yoast SEO plugin v26.3 - https:\/\/yoast.com\/wordpress\/plugins\/seo\/ -->\n<title>Henriville - Ionisos<\/title>\n<meta name=\"description\" content=\"Find out more about our Henriville site in France that uses the X-Ray technology\" \/>\n<meta name=\"robots\" content=\"index, follow, max-snippet:-1, max-image-preview:large, max-video-preview:-1\" \/>\n<link rel=\"canonical\" href=\"https:\/\/www.ionisos.com\/en\/our-sites\/henriville\/\" \/>\n<meta property=\"og:locale\" content=\"en_US\" \/>\n<meta property=\"og:type\" content=\"article\" \/>\n<meta property=\"og:title\" content=\"Henriville - Ionisos\" \/>\n<meta property=\"og:description\" content=\"Find out more about our Henriville site in France that uses the X-Ray technology\" \/>\n<meta property=\"og:url\" content=\"https:\/\/www.ionisos.com\/en\/our-sites\/henriville\/\" \/>\n<meta property=\"og:site_name\" content=\"Ionisos\" \/>\n<meta property=\"article:modified_time\" content=\"2025-08-05T09:16:12+00:00\" \/>\n<meta name=\"twitter:card\" content=\"summary_large_image\" \/>\n<meta name=\"twitter:label1\" content=\"Est. reading time\" \/>\n\t<meta name=\"twitter:data1\" content=\"1 minute\" \/>\n<script type=\"application\/ld+json\" class=\"yoast-schema-graph\">{\"@context\":\"https:\/\/schema.org\",\"@graph\":[{\"@type\":\"WebPage\",\"@id\":\"https:\/\/www.ionisos.com\/en\/our-sites\/henriville\/\",\"url\":\"https:\/\/www.ionisos.com\/en\/our-sites\/henriville\/\",\"name\":\"Henriville - Ionisos\",\"isPartOf\":{\"@id\":\"https:\/\/www.ionisos.com\/#website\"},\"datePublished\":\"2024-03-27T16:13:23+00:00\",\"dateModified\":\"2025-08-05T09:16:12+00:00\",\"description\":\"Find out more about our Henriville site in France that uses the X-Ray technology\",\"breadcrumb\":{\"@id\":\"https:\/\/www.ionisos.com\/en\/our-sites\/henriville\/#breadcrumb\"},\"inLanguage\":\"en-US\",\"potentialAction\":[{\"@type\":\"ReadAction\",\"target\":[\"https:\/\/www.ionisos.com\/en\/our-sites\/henriville\/\"]}]},{\"@type\":\"BreadcrumbList\",\"@id\":\"https:\/\/www.ionisos.com\/en\/our-sites\/henriville\/#breadcrumb\",\"itemListElement\":[{\"@type\":\"ListItem\",\"position\":1,\"name\":\"Accueil\",\"item\":\"https:\/\/www.ionisos.com\/en\/\"},{\"@type\":\"ListItem\",\"position\":2,\"name\":\"Our sites\",\"item\":\"https:\/\/www.ionisos.com\/en\/our-sites\/\"},{\"@type\":\"ListItem\",\"position\":3,\"name\":\"Henriville\"}]},{\"@type\":\"WebSite\",\"@id\":\"https:\/\/www.ionisos.com\/#website\",\"url\":\"https:\/\/www.ionisos.com\/\",\"name\":\"Ionisos\",\"description\":\"Ionisation par \u00e9lectrons acc\u00e9l\u00e9r\u00e9s, rayons gamma, rayons X et oxyde d&#039;\u00e9thyl\u00e8ne\",\"potentialAction\":[{\"@type\":\"SearchAction\",\"target\":{\"@type\":\"EntryPoint\",\"urlTemplate\":\"https:\/\/www.ionisos.com\/?s={search_term_string}\"},\"query-input\":{\"@type\":\"PropertyValueSpecification\",\"valueRequired\":true,\"valueName\":\"search_term_string\"}}],\"inLanguage\":\"en-US\"}]}<\/script>\n<!-- \/ Yoast SEO plugin. -->","yoast_head_json":{"title":"Henriville - Ionisos","description":"Find out more about our Henriville site in France that uses the X-Ray technology","robots":{"index":"index","follow":"follow","max-snippet":"max-snippet:-1","max-image-preview":"max-image-preview:large","max-video-preview":"max-video-preview:-1"},"canonical":"https:\/\/www.ionisos.com\/en\/our-sites\/henriville\/","og_locale":"en_US","og_type":"article","og_title":"Henriville - Ionisos","og_description":"Find out more about our Henriville site in France that uses the X-Ray technology","og_url":"https:\/\/www.ionisos.com\/en\/our-sites\/henriville\/","og_site_name":"Ionisos","article_modified_time":"2025-08-05T09:16:12+00:00","twitter_card":"summary_large_image","twitter_misc":{"Est. reading time":"1 minute"},"schema":{"@context":"https:\/\/schema.org","@graph":[{"@type":"WebPage","@id":"https:\/\/www.ionisos.com\/en\/our-sites\/henriville\/","url":"https:\/\/www.ionisos.com\/en\/our-sites\/henriville\/","name":"Henriville - Ionisos","isPartOf":{"@id":"https:\/\/www.ionisos.com\/#website"},"datePublished":"2024-03-27T16:13:23+00:00","dateModified":"2025-08-05T09:16:12+00:00","description":"Find out more about our Henriville site in France that uses the X-Ray technology","breadcrumb":{"@id":"https:\/\/www.ionisos.com\/en\/our-sites\/henriville\/#breadcrumb"},"inLanguage":"en-US","potentialAction":[{"@type":"ReadAction","target":["https:\/\/www.ionisos.com\/en\/our-sites\/henriville\/"]}]},{"@type":"BreadcrumbList","@id":"https:\/\/www.ionisos.com\/en\/our-sites\/henriville\/#breadcrumb","itemListElement":[{"@type":"ListItem","position":1,"name":"Accueil","item":"https:\/\/www.ionisos.com\/en\/"},{"@type":"ListItem","position":2,"name":"Our sites","item":"https:\/\/www.ionisos.com\/en\/our-sites\/"},{"@type":"ListItem","position":3,"name":"Henriville"}]},{"@type":"WebSite","@id":"https:\/\/www.ionisos.com\/#website","url":"https:\/\/www.ionisos.com\/","name":"Ionisos","description":"Ionisation par \u00e9lectrons acc\u00e9l\u00e9r\u00e9s, rayons gamma, rayons X et oxyde d&#039;\u00e9thyl\u00e8ne","potentialAction":[{"@type":"SearchAction","target":{"@type":"EntryPoint","urlTemplate":"https:\/\/www.ionisos.com\/?s={search_term_string}"},"query-input":{"@type":"PropertyValueSpecification","valueRequired":true,"valueName":"search_term_string"}}],"inLanguage":"en-US"}]}},"_links":{"self":[{"href":"https:\/\/www.ionisos.com\/en\/wp-json\/wp\/v2\/pages\/24769","targetHints":{"allow":["GET"]}}],"collection":[{"href":"https:\/\/www.ionisos.com\/en\/wp-json\/wp\/v2\/pages"}],"about":[{"href":"https:\/\/www.ionisos.com\/en\/wp-json\/wp\/v2\/types\/page"}],"author":[{"embeddable":true,"href":"https:\/\/www.ionisos.com\/en\/wp-json\/wp\/v2\/users\/1"}],"replies":[{"embeddable":true,"href":"https:\/\/www.ionisos.com\/en\/wp-json\/wp\/v2\/comments?post=24769"}],"version-history":[{"count":14,"href":"https:\/\/www.ionisos.com\/en\/wp-json\/wp\/v2\/pages\/24769\/revisions"}],"predecessor-version":[{"id":27225,"href":"https:\/\/www.ionisos.com\/en\/wp-json\/wp\/v2\/pages\/24769\/revisions\/27225"}],"up":[{"embeddable":true,"href":"https:\/\/www.ionisos.com\/en\/wp-json\/wp\/v2\/pages\/16026"}],"wp:attachment":[{"href":"https:\/\/www.ionisos.com\/en\/wp-json\/wp\/v2\/media?parent=24769"}],"curies":[{"name":"wp","href":"https:\/\/api.w.org\/{rel}","templated":true}]}}