 {"id":24424,"date":"2025-06-17T17:01:51","date_gmt":"2025-06-17T15:01:51","guid":{"rendered":"https:\/\/www.ionisos.com\/?page_id=24424"},"modified":"2025-06-17T17:01:51","modified_gmt":"2025-06-17T15:01:51","slug":"our-values","status":"publish","type":"page","link":"https:\/\/www.ionisos.com\/en\/our-values\/","title":{"rendered":"Our values"},"content":{"rendered":"<p>[vc_row bg_image=&#8221;24427&#8243; bg_repeat=&#8221;no-repeat&#8221; text_color=&#8221;light&#8221; text_align=&#8221;center&#8221; top_padding=&#8221;100&#8243; bottom_padding=&#8221;100&#8243;][vc_column width=&#8221;1\/1&#8243;]<h1 class=\"headline font-special fontsize-xxxl fontweight-inherit lh-inherit align-center transform-uppercase \" style=\"margin: 0;\">Our <strong>values<\/strong><\/h1>[\/vc_column][\/vc_row][vc_row text_align=&#8221;center&#8221;][vc_column width=&#8221;1\/1&#8243;]<div class=\"spacer\" style=\"height: 40px;\"><\/div><h2 class=\"headline font-special fontsize-l fontweight-700 lh-inherit align-center transform-uppercase \" style=\"margin: 0 0 40px 0;\">Vers un futur plus sain et plus s\u00fbr<\/h2>[vc_column_text]At Ionisos, our commitment is rooted in our vision of contributing to a healthier and safer world. This ambition, at the heart of our company, resonates in every action and decision we make and embodies the spirit and values we have established since our inception.<\/p>\n<p>Our mission, vision, and values are not just ideals; they are the very essence of Ionisos. They set us apart, define us, and guide us. We firmly believe that through our efforts, we are making a real difference in the world.[\/vc_column_text][\/vc_column][\/vc_row][vc_row][vc_column width=&#8221;1\/1&#8243;]<div class=\"spacer\" style=\"height: 100px;\"><\/div>[\/vc_column][\/vc_row][vc_row bg_position=&#8221;left top&#8221;][vc_column width=&#8221;1\/1&#8243;][vc_column_text]<\/p>\n<p style=\"text-align: center;\"><strong><span style=\"font-family: Abel; font-size: 25px;\">Discover our values<\/span><\/strong><\/p>\n<p>[\/vc_column_text][vc_row_inner][vc_column_inner width=&#8221;1\/3&#8243;][vc_column_text]<\/p>\n<p style=\"text-align: center;\"><span style=\"color: #ae3c60; font-size: 16px;\"><strong>QUALITY &#8211; SAFETY &#8211; ENVIRONMENT<\/strong><\/span><\/p>\n<ul>\n<li>I perform my work safely<\/li>\n<li>I put quality at the center of all my actions<\/li>\n<li>I limit my impact on the environment<\/li>\n<\/ul>\n<p>[\/vc_column_text][\/vc_column_inner][vc_column_inner width=&#8221;1\/3&#8243;][vc_column_text]<\/p>\n<p style=\"text-align: center;\"><span style=\"color: #df473c; font-size: 16px;\"><strong>COOPERATION<\/strong><\/span><\/p>\n<ul>\n<li>I collaborate with kindness<\/li>\n<li>I share my skills<\/li>\n<li>I contribute to the Group\u2019s performance<\/li>\n<\/ul>\n<p>[\/vc_column_text][\/vc_column_inner][vc_column_inner width=&#8221;1\/3&#8243;][vc_column_text]<\/p>\n<p style=\"text-align: center;\"><span style=\"color: #f3c33c; font-size: 16px;\"><strong>EXCELLENCE<\/strong><\/span><\/p>\n<ul>\n<li>I am demanding in my work<\/li>\n<li>I continuously and sustainably improve<\/li>\n<li>I adopt an exemplary attitude<\/li>\n<\/ul>\n<p>[\/vc_column_text][\/vc_column_inner][\/vc_row_inner]<div class=\"spacer\" style=\"height: 100px;\"><\/div>[vc_row_inner][vc_column_inner width=&#8221;1\/3&#8243;][vc_column_text]<\/p>\n<p style=\"text-align: center;\"><span style=\"color: #255e79; font-size: 16px;\"><strong>REACTIVITY<\/strong><\/span><\/p>\n<ul>\n<li>I propose solutions<\/li>\n<li>I respect deadlines<\/li>\n<li>I work with agility<\/li>\n<\/ul>\n<p>[\/vc_column_text][\/vc_column_inner][vc_column_inner width=&#8221;1\/3&#8243;][vc_column_text]<\/p>\n<p style=\"text-align: center;\"><span style=\"color: #267778; font-size: 16px;\"><strong>ENTREPRENEURSHIP<\/strong><\/span><\/p>\n<ul>\n<li>I take responsibility for my actions<\/li>\n<li>I am an active part of change<\/li>\n<li>I represent the Group<\/li>\n<\/ul>\n<p>[\/vc_column_text][\/vc_column_inner][vc_column_inner width=&#8221;1\/3&#8243;][vc_column_text]<\/p>\n<p style=\"text-align: center;\"><span style=\"color: #82b4bb; font-size: 16px;\"><strong>INTEGRITY<\/strong><\/span><\/p>\n<ul>\n<li>I adhere to the Group&#8217;s rules<\/li>\n<li>I act with integrity<\/li>\n<li>I keep my commitments<\/li>\n<\/ul>\n<p>[\/vc_column_text][\/vc_column_inner][\/vc_row_inner][\/vc_column][\/vc_row][vc_row][vc_column width=&#8221;1\/1&#8243;]<div class=\"spacer\" style=\"height: 40px;\"><\/div>[\/vc_column][\/vc_row][vc_row bg_color=&#8221;#0b2677&#8243; text_color=&#8221;light&#8221; text_align=&#8221;center&#8221; top_padding=&#8221;40&#8243; bottom_padding=&#8221;40&#8243;][vc_column width=&#8221;2\/3&#8243;]<div class=\"spacer\" style=\"height: 5px;\"><\/div>[vc_column_text]<\/p>\n<h3 style=\"text-align: left;\">Do our values speak to you? Why not join us?<\/h3>\n<p>[\/vc_column_text][\/vc_column][vc_column width=&#8221;1\/3&#8243;]<a href=\"https:\/\/www.hellowork.com\/fr-fr\/entreprises\/ionisos-95285.html\" target=\"_blank\" class=\"button color-8 medium \" style=\"border-radius: 2px;\">Discover our job offers<\/a>[\/vc_column][\/vc_row]<\/p>\n","protected":false},"excerpt":{"rendered":"<p>[vc_row bg_image=&#8221;24427&#8243; bg_repeat=&#8221;no-repeat&#8221; text_color=&#8221;light&#8221; text_align=&#8221;center&#8221; top_padding=&#8221;100&#8243; bottom_padding=&#8221;100&#8243;][vc_column width=&#8221;1\/1&#8243;][\/vc_column][\/vc_row][vc_row text_align=&#8221;center&#8221;][vc_column width=&#8221;1\/1&#8243;][vc_column_text]At Ionisos, our commitment is rooted in our vision of contributing to a healthier and safer world. This ambition, at the heart of our company, resonates in every action and decision we make and embodies the spirit and values we have established since our inception. Our mission, vision, and values are not just ideals; they are the very essence of Ionisos. They set us apart, define us, and guide us. We firmly believe that through our efforts, we are making a real difference in the world.[\/vc_column_text][\/vc_column][\/vc_row][vc_row][vc_column width=&#8221;1\/1&#8243;][\/vc_column][\/vc_row][vc_row bg_position=&#8221;left top&#8221;][vc_column width=&#8221;1\/1&#8243;][vc_column_text] Discover our values [\/vc_column_text][vc_row_inner][vc_column_inner width=&#8221;1\/3&#8243;][vc_column_text] QUALITY &#8211; SAFETY &#8211; ENVIRONMENT I perform my work safely I put quality at the center of all my actions I limit my impact on the environment [\/vc_column_text][\/vc_column_inner][vc_column_inner width=&#8221;1\/3&#8243;][vc_column_text] COOPERATION I collaborate with kindness I share my skills I contribute to the Group\u2019s performance [\/vc_column_text][\/vc_column_inner][vc_column_inner width=&#8221;1\/3&#8243;][vc_column_text] EXCELLENCE I am demanding in my work I continuously and sustainably improve I adopt an exemplary attitude [\/vc_column_text][\/vc_column_inner][\/vc_row_inner][vc_row_inner][vc_column_inner width=&#8221;1\/3&#8243;][vc_column_text] REACTIVITY I propose solutions I respect deadlines I work with agility [\/vc_column_text][\/vc_column_inner][vc_column_inner width=&#8221;1\/3&#8243;][vc_column_text] ENTREPRENEURSHIP I take responsibility for my actions I am an active part of change I represent the Group [&hellip;]<\/p>\n","protected":false},"author":1,"featured_media":0,"parent":0,"menu_order":0,"comment_status":"open","ping_status":"open","template":"","meta":{"inline_featured_image":false,"footnotes":""},"class_list":["post-24424","page","type-page","status-publish","hentry"],"yoast_head":"<!-- This site is optimized with the Yoast SEO plugin v26.3 - https:\/\/yoast.com\/wordpress\/plugins\/seo\/ -->\n<title>IONISOS, gamma sterilization, ebeam, X-rays, and ethylene oxide<\/title>\n<meta name=\"description\" content=\"The Ionisos group has been specialised in sterilisation, conservation and cross-linking for over 60 years.\" \/>\n<meta name=\"robots\" content=\"index, follow, max-snippet:-1, max-image-preview:large, max-video-preview:-1\" \/>\n<link rel=\"canonical\" href=\"https:\/\/www.ionisos.com\/en\/our-values\/\" \/>\n<meta property=\"og:locale\" content=\"en_US\" \/>\n<meta property=\"og:type\" content=\"article\" \/>\n<meta property=\"og:title\" content=\"IONISOS, gamma sterilization, ebeam, X-rays, and ethylene oxide\" \/>\n<meta property=\"og:description\" content=\"The Ionisos group has been specialised in sterilisation, conservation and cross-linking for over 60 years.\" \/>\n<meta property=\"og:url\" content=\"https:\/\/www.ionisos.com\/en\/our-values\/\" \/>\n<meta property=\"og:site_name\" content=\"Ionisos\" \/>\n<meta name=\"twitter:card\" content=\"summary_large_image\" \/>\n<meta name=\"twitter:label1\" content=\"Est. reading time\" \/>\n\t<meta name=\"twitter:data1\" content=\"2 minutes\" \/>\n<script type=\"application\/ld+json\" class=\"yoast-schema-graph\">{\"@context\":\"https:\/\/schema.org\",\"@graph\":[{\"@type\":\"WebPage\",\"@id\":\"https:\/\/www.ionisos.com\/en\/our-values\/\",\"url\":\"https:\/\/www.ionisos.com\/en\/our-values\/\",\"name\":\"IONISOS, gamma sterilization, ebeam, X-rays, and ethylene oxide\",\"isPartOf\":{\"@id\":\"https:\/\/www.ionisos.com\/#website\"},\"datePublished\":\"2025-06-17T15:01:51+00:00\",\"description\":\"The Ionisos group has been specialised in sterilisation, conservation and cross-linking for over 60 years.\",\"breadcrumb\":{\"@id\":\"https:\/\/www.ionisos.com\/en\/our-values\/#breadcrumb\"},\"inLanguage\":\"en-US\",\"potentialAction\":[{\"@type\":\"ReadAction\",\"target\":[\"https:\/\/www.ionisos.com\/en\/our-values\/\"]}]},{\"@type\":\"BreadcrumbList\",\"@id\":\"https:\/\/www.ionisos.com\/en\/our-values\/#breadcrumb\",\"itemListElement\":[{\"@type\":\"ListItem\",\"position\":1,\"name\":\"Accueil\",\"item\":\"https:\/\/www.ionisos.com\/en\/\"},{\"@type\":\"ListItem\",\"position\":2,\"name\":\"Our values\"}]},{\"@type\":\"WebSite\",\"@id\":\"https:\/\/www.ionisos.com\/#website\",\"url\":\"https:\/\/www.ionisos.com\/\",\"name\":\"Ionisos\",\"description\":\"Ionisation par \u00e9lectrons acc\u00e9l\u00e9r\u00e9s, rayons gamma, rayons X et oxyde d&#039;\u00e9thyl\u00e8ne\",\"potentialAction\":[{\"@type\":\"SearchAction\",\"target\":{\"@type\":\"EntryPoint\",\"urlTemplate\":\"https:\/\/www.ionisos.com\/?s={search_term_string}\"},\"query-input\":{\"@type\":\"PropertyValueSpecification\",\"valueRequired\":true,\"valueName\":\"search_term_string\"}}],\"inLanguage\":\"en-US\"}]}<\/script>\n<!-- \/ Yoast SEO plugin. -->","yoast_head_json":{"title":"IONISOS, gamma sterilization, ebeam, X-rays, and ethylene oxide","description":"The Ionisos group has been specialised in sterilisation, conservation and cross-linking for over 60 years.","robots":{"index":"index","follow":"follow","max-snippet":"max-snippet:-1","max-image-preview":"max-image-preview:large","max-video-preview":"max-video-preview:-1"},"canonical":"https:\/\/www.ionisos.com\/en\/our-values\/","og_locale":"en_US","og_type":"article","og_title":"IONISOS, gamma sterilization, ebeam, X-rays, and ethylene oxide","og_description":"The Ionisos group has been specialised in sterilisation, conservation and cross-linking for over 60 years.","og_url":"https:\/\/www.ionisos.com\/en\/our-values\/","og_site_name":"Ionisos","twitter_card":"summary_large_image","twitter_misc":{"Est. reading time":"2 minutes"},"schema":{"@context":"https:\/\/schema.org","@graph":[{"@type":"WebPage","@id":"https:\/\/www.ionisos.com\/en\/our-values\/","url":"https:\/\/www.ionisos.com\/en\/our-values\/","name":"IONISOS, gamma sterilization, ebeam, X-rays, and ethylene oxide","isPartOf":{"@id":"https:\/\/www.ionisos.com\/#website"},"datePublished":"2025-06-17T15:01:51+00:00","description":"The Ionisos group has been specialised in sterilisation, conservation and cross-linking for over 60 years.","breadcrumb":{"@id":"https:\/\/www.ionisos.com\/en\/our-values\/#breadcrumb"},"inLanguage":"en-US","potentialAction":[{"@type":"ReadAction","target":["https:\/\/www.ionisos.com\/en\/our-values\/"]}]},{"@type":"BreadcrumbList","@id":"https:\/\/www.ionisos.com\/en\/our-values\/#breadcrumb","itemListElement":[{"@type":"ListItem","position":1,"name":"Accueil","item":"https:\/\/www.ionisos.com\/en\/"},{"@type":"ListItem","position":2,"name":"Our values"}]},{"@type":"WebSite","@id":"https:\/\/www.ionisos.com\/#website","url":"https:\/\/www.ionisos.com\/","name":"Ionisos","description":"Ionisation par \u00e9lectrons acc\u00e9l\u00e9r\u00e9s, rayons gamma, rayons X et oxyde d&#039;\u00e9thyl\u00e8ne","potentialAction":[{"@type":"SearchAction","target":{"@type":"EntryPoint","urlTemplate":"https:\/\/www.ionisos.com\/?s={search_term_string}"},"query-input":{"@type":"PropertyValueSpecification","valueRequired":true,"valueName":"search_term_string"}}],"inLanguage":"en-US"}]}},"_links":{"self":[{"href":"https:\/\/www.ionisos.com\/en\/wp-json\/wp\/v2\/pages\/24424","targetHints":{"allow":["GET"]}}],"collection":[{"href":"https:\/\/www.ionisos.com\/en\/wp-json\/wp\/v2\/pages"}],"about":[{"href":"https:\/\/www.ionisos.com\/en\/wp-json\/wp\/v2\/types\/page"}],"author":[{"embeddable":true,"href":"https:\/\/www.ionisos.com\/en\/wp-json\/wp\/v2\/users\/1"}],"replies":[{"embeddable":true,"href":"https:\/\/www.ionisos.com\/en\/wp-json\/wp\/v2\/comments?post=24424"}],"version-history":[{"count":6,"href":"https:\/\/www.ionisos.com\/en\/wp-json\/wp\/v2\/pages\/24424\/revisions"}],"predecessor-version":[{"id":26889,"href":"https:\/\/www.ionisos.com\/en\/wp-json\/wp\/v2\/pages\/24424\/revisions\/26889"}],"wp:attachment":[{"href":"https:\/\/www.ionisos.com\/en\/wp-json\/wp\/v2\/media?parent=24424"}],"curies":[{"name":"wp","href":"https:\/\/api.w.org\/{rel}","templated":true}]}}