 {"id":22087,"date":"2025-06-17T16:11:52","date_gmt":"2025-06-17T14:11:52","guid":{"rendered":"https:\/\/www.ionisos.com\/?page_id=22087"},"modified":"2025-06-17T16:20:46","modified_gmt":"2025-06-17T14:20:46","slug":"benefits","status":"publish","type":"page","link":"https:\/\/www.ionisos.com\/en\/benefits\/","title":{"rendered":"Benefits"},"content":{"rendered":"<p>[vc_row bg_image=&#8221;22373&#8243; bg_repeat=&#8221;no-repeat&#8221; text_color=&#8221;light&#8221; text_align=&#8221;center&#8221; top_padding=&#8221;100&#8243; bottom_padding=&#8221;100&#8243;][vc_column width=&#8221;1\/1&#8243;]<h1 class=\"headline font-special fontsize-xxxl fontweight-inherit lh-inherit align-center transform-uppercase \" style=\"margin: 0;\"><strong>Good reason #5<\/strong><br \/>\nBenefits<\/h1>[\/vc_column][\/vc_row][vc_row][vc_column width=&#8221;1\/1&#8243;]<div class=\"spacer\" style=\"height: 60px;\"><\/div>[vc_column_text]<\/p>\n<h2>Working at Ionisos also means benefiting from:<\/h2>\n<p>[\/vc_column_text][vc_row_inner][vc_column_inner width=&#8221;1\/2&#8243;][vc_column_text]<\/p>\n<ul>\n<li>Safe working conditions<\/li>\n<li>Competitive salary policy (annual review for all roles)<\/li>\n<li>Health and welfare plans<\/li>\n<li>Profit-sharing schemes<\/li>\n<li>Meal vouchers<\/li>\n<\/ul>\n<p>[\/vc_column_text][\/vc_column_inner][vc_column_inner width=&#8221;1\/2&#8243;][vc_column_text]<\/p>\n<ul>\n<li>3 days of remote work per week (for eligible positions)<\/li>\n<li>Ongoing internal digital training<\/li>\n<li>Training for managers and support functions<\/li>\n<li>Encouraged internal mobility<\/li>\n<li>Works council (CSE)<\/li>\n<\/ul>\n<p>[\/vc_column_text][\/vc_column_inner][\/vc_row_inner][\/vc_column][\/vc_row][vc_row][vc_column width=&#8221;1\/1&#8243;]<div class=\"spacer\" style=\"height: 100px;\"><\/div>[vc_column_text]Click on the different sections to discover everything that makes Ionisos a leading employer![\/vc_column_text]<div class=\"spacer\" style=\"height: 20px;\"><\/div>[\/vc_column][\/vc_row][vc_row][vc_column width=&#8221;1\/5&#8243;]<div class=\" ubtn-ctn-center \"><a class=\"ubtn-link ult-adjust-bottom-margin ubtn-center ubtn-custom \" title='A strong commitment to our employees' rel='' href = \"https:\/\/www.ionisos.com\/en\/a-strong-commitment-to-our-employees\/\" ><button type=\"button\" id=\"ubtn-6199\" class=\"ubtn ult-adjust-bottom-margin ult-responsive ubtn-custom ubtn-fade-bg  none  ubtn-center   tooltip-69d45fec5484e\"  data-hover=\"\" data-border-color=\"\" data-bg=\"#f38250\" data-hover-bg=\"#f25d1d\" data-border-hover=\"\" data-shadow-hover=\"\" data-shadow-click=\"none\" data-shadow=\"\" data-shd-shadow=\"\"  data-ultimate-target='#ubtn-6199'  data-responsive-json-new='{\"font-size\":\"\",\"line-height\":\"\"}'  style=\"font-weight:normal;width:500px;min-height:100px;padding:20px 50px;border:none;background: #f38250;color: #ffffff;\"><span class=\"ubtn-hover\" style=\"background-color:#f25d1d\"><\/span><span class=\"ubtn-data ubtn-text \" ><strong>A strong commitment to our employees<\/strong><\/span><\/button><\/a><\/div>[\/vc_column][vc_column width=&#8221;1\/5&#8243;]<div class=\" ubtn-ctn-center \"><a class=\"ubtn-link ult-adjust-bottom-margin ubtn-center ubtn-custom \" title='A commitment to quality' rel='' href = \"https:\/\/www.ionisos.com\/en\/a-commitment-to-quality\/\" ><button type=\"button\" id=\"ubtn-7869\" class=\"ubtn ult-adjust-bottom-margin ult-responsive ubtn-custom ubtn-fade-bg  none  ubtn-center   tooltip-69d45fec548aa\"  data-hover=\"\" data-border-color=\"\" data-bg=\"#d3b83f\" data-hover-bg=\"#d3ac00\" data-border-hover=\"\" data-shadow-hover=\"\" data-shadow-click=\"none\" data-shadow=\"\" data-shd-shadow=\"\"  data-ultimate-target='#ubtn-7869'  data-responsive-json-new='{\"font-size\":\"\",\"line-height\":\"\"}'  style=\"font-weight:normal;width:500px;min-height:100px;padding:20px 50px;border:none;background: #d3b83f;color: #ffffff;\"><span class=\"ubtn-hover\" style=\"background-color:#d3ac00\"><\/span><span class=\"ubtn-data ubtn-text \" ><strong>A commitment to quality<\/strong><\/span><\/button><\/a><\/div>[\/vc_column][vc_column width=&#8221;1\/5&#8243;]<div class=\" ubtn-ctn-center \"><a class=\"ubtn-link ult-adjust-bottom-margin ubtn-center ubtn-custom \" title='A responsible employer' rel='' href = \"https:\/\/www.ionisos.com\/en\/a-responsible-employer\/\" ><button type=\"button\" id=\"ubtn-2850\" class=\"ubtn ult-adjust-bottom-margin ult-responsive ubtn-custom ubtn-fade-bg  none  ubtn-center   tooltip-69d45fec548cf\"  data-hover=\"\" data-border-color=\"\" data-bg=\"#98ca69\" data-hover-bg=\"#7ec938\" data-border-hover=\"\" data-shadow-hover=\"\" data-shadow-click=\"none\" data-shadow=\"\" data-shd-shadow=\"\"  data-ultimate-target='#ubtn-2850'  data-responsive-json-new='{\"font-size\":\"\",\"line-height\":\"\"}'  style=\"font-weight:normal;width:500px;min-height:100px;padding:20px 50px;border:none;background: #98ca69;color: #ffffff;\"><span class=\"ubtn-hover\" style=\"background-color:#7ec938\"><\/span><span class=\"ubtn-data ubtn-text \" ><strong>A responsible employer<\/strong><\/span><\/button><\/a><\/div>[\/vc_column][vc_column width=&#8221;1\/5&#8243;]<div class=\" ubtn-ctn-center \"><a class=\"ubtn-link ult-adjust-bottom-margin ubtn-center ubtn-custom \" title='Respect for diversity' rel='' href = \"https:\/\/www.ionisos.com\/en\/respect-for-diversity\/\" ><button type=\"button\" id=\"ubtn-1725\" class=\"ubtn ult-adjust-bottom-margin ult-responsive ubtn-custom ubtn-fade-bg  none  ubtn-center   tooltip-69d45fec548ed\"  data-hover=\"\" data-border-color=\"\" data-bg=\"#da5457\" data-hover-bg=\"#d82023\" data-border-hover=\"\" data-shadow-hover=\"\" data-shadow-click=\"none\" data-shadow=\"\" data-shd-shadow=\"\"  data-ultimate-target='#ubtn-1725'  data-responsive-json-new='{\"font-size\":\"\",\"line-height\":\"\"}'  style=\"font-weight:normal;width:500px;min-height:100px;padding:20px 50px;border:none;background: #da5457;color: #ffffff;\"><span class=\"ubtn-hover\" style=\"background-color:#d82023\"><\/span><span class=\"ubtn-data ubtn-text \" ><strong>Respect for diversity<\/strong><\/span><\/button><\/a><\/div>[\/vc_column][vc_column width=&#8221;1\/5&#8243;]<div class=\" ubtn-ctn-center \"><a class=\"ubtn-link ult-adjust-bottom-margin ubtn-center ubtn-custom \" title='Benefits' rel='' href = \"https:\/\/www.ionisos.com\/en\/benefits\/\" ><button type=\"button\" id=\"ubtn-9655\" class=\"ubtn ult-adjust-bottom-margin ult-responsive ubtn-custom ubtn-fade-bg  none  ubtn-center   tooltip-69d45fec5490d\"  data-hover=\"\" data-border-color=\"\" data-bg=\"#38b4d6\" data-hover-bg=\"#00a7d6\" data-border-hover=\"\" data-shadow-hover=\"\" data-shadow-click=\"none\" data-shadow=\"\" data-shd-shadow=\"\"  data-ultimate-target='#ubtn-9655'  data-responsive-json-new='{\"font-size\":\"\",\"line-height\":\"\"}'  style=\"font-weight:normal;width:500px;min-height:100px;padding:20px 50px;border:none;background: #38b4d6;color: #ffffff;\"><span class=\"ubtn-hover\" style=\"background-color:#00a7d6\"><\/span><span class=\"ubtn-data ubtn-text \" ><strong>Benefits<\/strong><\/span><\/button><\/a><\/div>[\/vc_column][\/vc_row][vc_row text_align=&#8221;center&#8221;][vc_column width=&#8221;1\/1&#8243;]<div class=\"spacer\" style=\"height: 60px;\"><\/div><a href=\"https:\/\/www.hellowork.com\/fr-fr\/entreprises\/ionisos-95285.html\" target=\"_self\" class=\"button color-1 large \" style=\"border-radius: 2px;\">See all our job offers<\/a><div class=\"spacer\" style=\"height: 100px;\"><\/div>[\/vc_column][\/vc_row]<\/p>\n","protected":false},"excerpt":{"rendered":"<p>[vc_row bg_image=&#8221;22373&#8243; bg_repeat=&#8221;no-repeat&#8221; text_color=&#8221;light&#8221; text_align=&#8221;center&#8221; top_padding=&#8221;100&#8243; bottom_padding=&#8221;100&#8243;][vc_column width=&#8221;1\/1&#8243;][\/vc_column][\/vc_row][vc_row][vc_column width=&#8221;1\/1&#8243;][vc_column_text] Working at Ionisos also means benefiting from: [\/vc_column_text][vc_row_inner][vc_column_inner width=&#8221;1\/2&#8243;][vc_column_text] Safe working conditions Competitive salary policy (annual review for all roles) Health and welfare plans Profit-sharing schemes Meal vouchers [\/vc_column_text][\/vc_column_inner][vc_column_inner width=&#8221;1\/2&#8243;][vc_column_text] 3 days of remote work per week (for eligible positions) Ongoing internal digital training Training for managers and support functions Encouraged internal mobility Works council (CSE) [\/vc_column_text][\/vc_column_inner][\/vc_row_inner][\/vc_column][\/vc_row][vc_row][vc_column width=&#8221;1\/1&#8243;][vc_column_text]Click on the different sections to discover everything that makes Ionisos a leading employer![\/vc_column_text][\/vc_column][\/vc_row][vc_row][vc_column width=&#8221;1\/5&#8243;][\/vc_column][vc_column width=&#8221;1\/5&#8243;][\/vc_column][vc_column width=&#8221;1\/5&#8243;][\/vc_column][vc_column width=&#8221;1\/5&#8243;][\/vc_column][vc_column width=&#8221;1\/5&#8243;][\/vc_column][\/vc_row][vc_row text_align=&#8221;center&#8221;][vc_column width=&#8221;1\/1&#8243;][\/vc_column][\/vc_row]<\/p>\n","protected":false},"author":1,"featured_media":0,"parent":0,"menu_order":0,"comment_status":"closed","ping_status":"closed","template":"","meta":{"inline_featured_image":false,"footnotes":""},"class_list":["post-22087","page","type-page","status-publish","hentry"],"yoast_head":"<!-- This site is optimized with the Yoast SEO plugin v26.3 - https:\/\/yoast.com\/wordpress\/plugins\/seo\/ -->\n<title>Benefits - Ionisos<\/title>\n<meta name=\"description\" content=\"Ionisos, a specialist in sterilization using gamma ionization, E-beam, X-ray, and ethylene oxide, has 12 sites in Europe.\" \/>\n<meta name=\"robots\" content=\"index, follow, max-snippet:-1, max-image-preview:large, max-video-preview:-1\" \/>\n<link rel=\"canonical\" href=\"https:\/\/www.ionisos.com\/en\/benefits\/\" \/>\n<meta property=\"og:locale\" content=\"en_US\" \/>\n<meta property=\"og:type\" content=\"article\" \/>\n<meta property=\"og:title\" content=\"Benefits - Ionisos\" \/>\n<meta property=\"og:description\" content=\"Ionisos, a specialist in sterilization using gamma ionization, E-beam, X-ray, and ethylene oxide, has 12 sites in Europe.\" \/>\n<meta property=\"og:url\" content=\"https:\/\/www.ionisos.com\/en\/benefits\/\" \/>\n<meta property=\"og:site_name\" content=\"Ionisos\" \/>\n<meta property=\"article:modified_time\" content=\"2025-06-17T14:20:46+00:00\" \/>\n<meta name=\"twitter:card\" content=\"summary_large_image\" \/>\n<meta name=\"twitter:label1\" content=\"Est. reading time\" \/>\n\t<meta name=\"twitter:data1\" content=\"2 minutes\" \/>\n<script type=\"application\/ld+json\" class=\"yoast-schema-graph\">{\"@context\":\"https:\/\/schema.org\",\"@graph\":[{\"@type\":\"WebPage\",\"@id\":\"https:\/\/www.ionisos.com\/en\/benefits\/\",\"url\":\"https:\/\/www.ionisos.com\/en\/benefits\/\",\"name\":\"Benefits - Ionisos\",\"isPartOf\":{\"@id\":\"https:\/\/www.ionisos.com\/#website\"},\"datePublished\":\"2025-06-17T14:11:52+00:00\",\"dateModified\":\"2025-06-17T14:20:46+00:00\",\"description\":\"Ionisos, a specialist in sterilization using gamma ionization, E-beam, X-ray, and ethylene oxide, has 12 sites in Europe.\",\"breadcrumb\":{\"@id\":\"https:\/\/www.ionisos.com\/en\/benefits\/#breadcrumb\"},\"inLanguage\":\"en-US\",\"potentialAction\":[{\"@type\":\"ReadAction\",\"target\":[\"https:\/\/www.ionisos.com\/en\/benefits\/\"]}]},{\"@type\":\"BreadcrumbList\",\"@id\":\"https:\/\/www.ionisos.com\/en\/benefits\/#breadcrumb\",\"itemListElement\":[{\"@type\":\"ListItem\",\"position\":1,\"name\":\"Accueil\",\"item\":\"https:\/\/www.ionisos.com\/en\/\"},{\"@type\":\"ListItem\",\"position\":2,\"name\":\"Benefits\"}]},{\"@type\":\"WebSite\",\"@id\":\"https:\/\/www.ionisos.com\/#website\",\"url\":\"https:\/\/www.ionisos.com\/\",\"name\":\"Ionisos\",\"description\":\"Ionisation par \u00e9lectrons acc\u00e9l\u00e9r\u00e9s, rayons gamma, rayons X et oxyde d&#039;\u00e9thyl\u00e8ne\",\"potentialAction\":[{\"@type\":\"SearchAction\",\"target\":{\"@type\":\"EntryPoint\",\"urlTemplate\":\"https:\/\/www.ionisos.com\/?s={search_term_string}\"},\"query-input\":{\"@type\":\"PropertyValueSpecification\",\"valueRequired\":true,\"valueName\":\"search_term_string\"}}],\"inLanguage\":\"en-US\"}]}<\/script>\n<!-- \/ Yoast SEO plugin. -->","yoast_head_json":{"title":"Benefits - Ionisos","description":"Ionisos, a specialist in sterilization using gamma ionization, E-beam, X-ray, and ethylene oxide, has 12 sites in Europe.","robots":{"index":"index","follow":"follow","max-snippet":"max-snippet:-1","max-image-preview":"max-image-preview:large","max-video-preview":"max-video-preview:-1"},"canonical":"https:\/\/www.ionisos.com\/en\/benefits\/","og_locale":"en_US","og_type":"article","og_title":"Benefits - Ionisos","og_description":"Ionisos, a specialist in sterilization using gamma ionization, E-beam, X-ray, and ethylene oxide, has 12 sites in Europe.","og_url":"https:\/\/www.ionisos.com\/en\/benefits\/","og_site_name":"Ionisos","article_modified_time":"2025-06-17T14:20:46+00:00","twitter_card":"summary_large_image","twitter_misc":{"Est. reading time":"2 minutes"},"schema":{"@context":"https:\/\/schema.org","@graph":[{"@type":"WebPage","@id":"https:\/\/www.ionisos.com\/en\/benefits\/","url":"https:\/\/www.ionisos.com\/en\/benefits\/","name":"Benefits - Ionisos","isPartOf":{"@id":"https:\/\/www.ionisos.com\/#website"},"datePublished":"2025-06-17T14:11:52+00:00","dateModified":"2025-06-17T14:20:46+00:00","description":"Ionisos, a specialist in sterilization using gamma ionization, E-beam, X-ray, and ethylene oxide, has 12 sites in Europe.","breadcrumb":{"@id":"https:\/\/www.ionisos.com\/en\/benefits\/#breadcrumb"},"inLanguage":"en-US","potentialAction":[{"@type":"ReadAction","target":["https:\/\/www.ionisos.com\/en\/benefits\/"]}]},{"@type":"BreadcrumbList","@id":"https:\/\/www.ionisos.com\/en\/benefits\/#breadcrumb","itemListElement":[{"@type":"ListItem","position":1,"name":"Accueil","item":"https:\/\/www.ionisos.com\/en\/"},{"@type":"ListItem","position":2,"name":"Benefits"}]},{"@type":"WebSite","@id":"https:\/\/www.ionisos.com\/#website","url":"https:\/\/www.ionisos.com\/","name":"Ionisos","description":"Ionisation par \u00e9lectrons acc\u00e9l\u00e9r\u00e9s, rayons gamma, rayons X et oxyde d&#039;\u00e9thyl\u00e8ne","potentialAction":[{"@type":"SearchAction","target":{"@type":"EntryPoint","urlTemplate":"https:\/\/www.ionisos.com\/?s={search_term_string}"},"query-input":{"@type":"PropertyValueSpecification","valueRequired":true,"valueName":"search_term_string"}}],"inLanguage":"en-US"}]}},"_links":{"self":[{"href":"https:\/\/www.ionisos.com\/en\/wp-json\/wp\/v2\/pages\/22087","targetHints":{"allow":["GET"]}}],"collection":[{"href":"https:\/\/www.ionisos.com\/en\/wp-json\/wp\/v2\/pages"}],"about":[{"href":"https:\/\/www.ionisos.com\/en\/wp-json\/wp\/v2\/types\/page"}],"author":[{"embeddable":true,"href":"https:\/\/www.ionisos.com\/en\/wp-json\/wp\/v2\/users\/1"}],"replies":[{"embeddable":true,"href":"https:\/\/www.ionisos.com\/en\/wp-json\/wp\/v2\/comments?post=22087"}],"version-history":[{"count":9,"href":"https:\/\/www.ionisos.com\/en\/wp-json\/wp\/v2\/pages\/22087\/revisions"}],"predecessor-version":[{"id":26975,"href":"https:\/\/www.ionisos.com\/en\/wp-json\/wp\/v2\/pages\/22087\/revisions\/26975"}],"wp:attachment":[{"href":"https:\/\/www.ionisos.com\/en\/wp-json\/wp\/v2\/media?parent=22087"}],"curies":[{"name":"wp","href":"https:\/\/api.w.org\/{rel}","templated":true}]}}