 {"id":22054,"date":"2025-06-17T15:47:40","date_gmt":"2025-06-17T13:47:40","guid":{"rendered":"https:\/\/www.ionisos.com\/?page_id=22054"},"modified":"2025-06-17T16:26:27","modified_gmt":"2025-06-17T14:26:27","slug":"a-responsible-employer","status":"publish","type":"page","link":"https:\/\/www.ionisos.com\/en\/a-responsible-employer\/","title":{"rendered":"A responsible employer"},"content":{"rendered":"<p>[vc_row bg_image=&#8221;22152&#8243; bg_repeat=&#8221;no-repeat&#8221; text_color=&#8221;light&#8221; text_align=&#8221;center&#8221; top_padding=&#8221;100&#8243; bottom_padding=&#8221;100&#8243;][vc_column width=&#8221;1\/1&#8243;]<h1 class=\"headline font-special fontsize-xxxl fontweight-inherit lh-inherit align-center transform-uppercase \" style=\"margin: 0;\"><strong>Good reason n\u00b03<\/strong><br \/>\nA responsible employer<\/h1>[\/vc_column][\/vc_row][vc_row][vc_column width=&#8221;1\/1&#8243;]<div class=\"spacer\" style=\"height: 60px;\"><\/div>[vc_column_text]<\/p>\n<p style=\"text-align: left;\"><span style=\"font-family: Abel; font-size: 25px;\">A strong sustainable development policy<\/span><\/p>\n<p>Corporate Social Responsibility (CSR) is about integrating social and environmental issues into a company&#8217;s business activities and its relationships with all its stakeholders. In order to implement our Sustainability approach, we have formulated sustainable commitments to all our stakeholders and we are committed to respecting them on a daily basis.[\/vc_column_text]<div class=\"spacer\" style=\"height: 40px;\"><\/div>[\/vc_column][\/vc_row][vc_row][vc_column width=&#8221;1\/4&#8243;]<h3 class=\"headline font-inherit fontsize-inherit fontweight-inherit lh-inherit align-center transform-inherit \" style=\"margin: 0 0 20px 0; color: #1e73be;\"><strong>Employees<\/strong><br \/>\n<\/h3><div class=\"minti_list wpb_content_element color-grey circlearrow\" style=\"\">\n<ul>\n<li>Create a great place of work<\/li>\n<li>Work safely<\/li>\n<li>Maintain our effectiveness and continuously improve our processes and practices<\/li>\n<li>Grow skills and foster professional development<\/li>\n<li>Enable internal mobility and limit turnover<\/li>\n<li>Involve employees<\/li>\n<li>Promote the values of the company<\/li>\n<\/ul>\n<\/div>[\/vc_column][vc_column width=&#8221;1\/4&#8243;]<h3 class=\"headline font-inherit fontsize-inherit fontweight-inherit lh-inherit align-center transform-inherit \" style=\"margin: 0 0 20px 0; color: #1e73be;\"><strong>Customers<\/strong><br \/>\n<\/h3><div class=\"minti_list wpb_content_element color-grey circlearrow\" style=\"\">\n<ul>\n<li>Listen to our clients<\/li>\n<li>Develop and value the service offering<\/li>\n<li>Focus on long-term contracts<\/li>\n<li>Guarantee the quality of our service<\/li>\n<li>Increase our production capacity to meet the growing demand of our customers<\/li>\n<li>Be innovative<\/li>\n<\/ul>\n<\/div>[\/vc_column][vc_column width=&#8221;1\/4&#8243;]<h3 class=\"headline font-inherit fontsize-inherit fontweight-inherit lh-inherit align-center transform-inherit \" style=\"margin: 0 0 20px 0; color: #1e73be;\"><strong>Authorities<\/strong><\/h3><div class=\"minti_list wpb_content_element color-grey circlearrow\" style=\"\">\n<ul>\n<li>Proceed with an ethical manner<\/li>\n<li>Comply with regulations<\/li>\n<li>Communicate actively and transparently<\/li>\n<li>Ensure regulatory and normative compliance<\/li>\n<\/ul>\n<\/div>[\/vc_column][vc_column width=&#8221;1\/4&#8243;]<h3 class=\"headline font-inherit fontsize-inherit fontweight-inherit lh-inherit align-center transform-inherit \" style=\"margin: 0 0 20px 0; color: #1e73be;\"><strong>Planet<\/strong><\/h3><div class=\"minti_list wpb_content_element color-grey circlearrow\" style=\"\">\n<ul>\n<li>Reduce our environmental impact<\/li>\n<li>Promote &#8220;green&#8221; actions on a daily basis<\/li>\n<li>Manage industrial projects in a sustainable manner with an environmental approach<\/li>\n<li>Integrate into local life<\/li>\n<li>Prevent pollution risks<\/li>\n<\/ul>\n<\/div>[\/vc_column][\/vc_row][vc_row][vc_column width=&#8221;1\/1&#8243;]<div class=\"spacer\" style=\"height: 60px;\"><\/div><div class=\"testimonial-wrap wpb_content_element\"><div class=\"testimonial\">As President of the Group, I am personally committed, on behalf of the entire management team, to deploy the human, technical and organizational resources necessary to meet all those commitments.<\/div><div class=\"testimonial-author\"><div class=\"testimonial-img\"><img decoding=\"async\" src=\"https:\/\/www.ionisos.com\/wp-content\/uploads\/2022\/08\/chherkens-150x150.jpg\" alt=\"\" \/><\/div>Christoph Herkens<span>President<\/span><\/div><\/div>[\/vc_column][\/vc_row][vc_row][vc_column width=&#8221;1\/1&#8243;]<div class=\"spacer\" style=\"height: 100px;\"><\/div>[vc_column_text]Click on the different headings to discover everything that makes Ionisos an employer of reference![\/vc_column_text]<div class=\"spacer\" style=\"height: 20px;\"><\/div>[\/vc_column][\/vc_row][vc_row][vc_column width=&#8221;1\/5&#8243;]<div class=\" ubtn-ctn-center \"><a class=\"ubtn-link ult-adjust-bottom-margin ubtn-center ubtn-custom \" title='A strong commitment to our employees' rel='' href = \"https:\/\/www.ionisos.com\/en\/a-strong-commitment-to-our-employees\/\" ><button type=\"button\" id=\"ubtn-5822\" class=\"ubtn ult-adjust-bottom-margin ult-responsive ubtn-custom ubtn-fade-bg  none  ubtn-center   tooltip-69da0d68842e4\"  data-hover=\"\" data-border-color=\"\" data-bg=\"#f38250\" data-hover-bg=\"#f25d1d\" data-border-hover=\"\" data-shadow-hover=\"\" data-shadow-click=\"none\" data-shadow=\"\" data-shd-shadow=\"\"  data-ultimate-target='#ubtn-5822'  data-responsive-json-new='{\"font-size\":\"\",\"line-height\":\"\"}'  style=\"font-weight:normal;width:500px;min-height:100px;padding:20px 50px;border:none;background: #f38250;color: #ffffff;\"><span class=\"ubtn-hover\" style=\"background-color:#f25d1d\"><\/span><span class=\"ubtn-data ubtn-text \" ><strong>A strong commitment to our employees<\/strong><\/span><\/button><\/a><\/div>[\/vc_column][vc_column width=&#8221;1\/5&#8243;]<div class=\" ubtn-ctn-center \"><a class=\"ubtn-link ult-adjust-bottom-margin ubtn-center ubtn-custom \" title='A commitment to quality' rel='' href = \"https:\/\/www.ionisos.com\/en\/a-commitment-to-quality\/\" ><button type=\"button\" id=\"ubtn-7872\" class=\"ubtn ult-adjust-bottom-margin ult-responsive ubtn-custom ubtn-fade-bg  none  ubtn-center   tooltip-69da0d6884336\"  data-hover=\"\" data-border-color=\"\" data-bg=\"#d3b83f\" data-hover-bg=\"#d3ac00\" data-border-hover=\"\" data-shadow-hover=\"\" data-shadow-click=\"none\" data-shadow=\"\" data-shd-shadow=\"\"  data-ultimate-target='#ubtn-7872'  data-responsive-json-new='{\"font-size\":\"\",\"line-height\":\"\"}'  style=\"font-weight:normal;width:500px;min-height:100px;padding:20px 50px;border:none;background: #d3b83f;color: #ffffff;\"><span class=\"ubtn-hover\" style=\"background-color:#d3ac00\"><\/span><span class=\"ubtn-data ubtn-text \" ><strong>A commitment to quality<\/strong><\/span><\/button><\/a><\/div>[\/vc_column][vc_column width=&#8221;1\/5&#8243;]<div class=\" ubtn-ctn-center \"><a class=\"ubtn-link ult-adjust-bottom-margin ubtn-center ubtn-custom \" title='A responsible employer' rel='' href = \"https:\/\/www.ionisos.com\/en\/a-responsible-employer\/\" ><button type=\"button\" id=\"ubtn-4333\" class=\"ubtn ult-adjust-bottom-margin ult-responsive ubtn-custom ubtn-fade-bg  none  ubtn-center   tooltip-69da0d688436b\"  data-hover=\"\" data-border-color=\"\" data-bg=\"#98ca69\" data-hover-bg=\"#7ec938\" data-border-hover=\"\" data-shadow-hover=\"\" data-shadow-click=\"none\" data-shadow=\"\" data-shd-shadow=\"\"  data-ultimate-target='#ubtn-4333'  data-responsive-json-new='{\"font-size\":\"\",\"line-height\":\"\"}'  style=\"font-weight:normal;width:500px;min-height:100px;padding:20px 50px;border:none;background: #98ca69;color: #ffffff;\"><span class=\"ubtn-hover\" style=\"background-color:#7ec938\"><\/span><span class=\"ubtn-data ubtn-text \" ><strong>A responsible employer<\/strong><\/span><\/button><\/a><\/div>[\/vc_column][vc_column width=&#8221;1\/5&#8243;]<div class=\" ubtn-ctn-center \"><a class=\"ubtn-link ult-adjust-bottom-margin ubtn-center ubtn-custom \" title='Respect for diversity' rel='' href = \"https:\/\/www.ionisos.com\/en\/respect-for-diversity\/\" ><button type=\"button\" id=\"ubtn-8586\" class=\"ubtn ult-adjust-bottom-margin ult-responsive ubtn-custom ubtn-fade-bg  none  ubtn-center   tooltip-69da0d688439b\"  data-hover=\"\" data-border-color=\"\" data-bg=\"#da5457\" data-hover-bg=\"#d82023\" data-border-hover=\"\" data-shadow-hover=\"\" data-shadow-click=\"none\" data-shadow=\"\" data-shd-shadow=\"\"  data-ultimate-target='#ubtn-8586'  data-responsive-json-new='{\"font-size\":\"\",\"line-height\":\"\"}'  style=\"font-weight:normal;width:500px;min-height:100px;padding:20px 50px;border:none;background: #da5457;color: #ffffff;\"><span class=\"ubtn-hover\" style=\"background-color:#d82023\"><\/span><span class=\"ubtn-data ubtn-text \" ><strong>Respect for diversity<\/strong><\/span><\/button><\/a><\/div>[\/vc_column][vc_column width=&#8221;1\/5&#8243;]<div class=\" ubtn-ctn-center \"><a class=\"ubtn-link ult-adjust-bottom-margin ubtn-center ubtn-custom \" title='Benefits' rel='' href = \"https:\/\/www.ionisos.com\/en\/benefits\/\" ><button type=\"button\" id=\"ubtn-4883\" class=\"ubtn ult-adjust-bottom-margin ult-responsive ubtn-custom ubtn-fade-bg  none  ubtn-center   tooltip-69da0d688440d\"  data-hover=\"\" data-border-color=\"\" data-bg=\"#38b4d6\" data-hover-bg=\"#00a7d6\" data-border-hover=\"\" data-shadow-hover=\"\" data-shadow-click=\"none\" data-shadow=\"\" data-shd-shadow=\"\"  data-ultimate-target='#ubtn-4883'  data-responsive-json-new='{\"font-size\":\"\",\"line-height\":\"\"}'  style=\"font-weight:normal;width:500px;min-height:100px;padding:20px 50px;border:none;background: #38b4d6;color: #ffffff;\"><span class=\"ubtn-hover\" style=\"background-color:#00a7d6\"><\/span><span class=\"ubtn-data ubtn-text \" ><strong>Benefits<\/strong><\/span><\/button><\/a><\/div>[\/vc_column][\/vc_row][vc_row text_align=&#8221;center&#8221;][vc_column width=&#8221;1\/1&#8243;]<div class=\"spacer\" style=\"height: 60px;\"><\/div><a href=\"https:\/\/www.hellowork.com\/fr-fr\/entreprises\/ionisos-95285.html\" target=\"_self\" class=\"button color-1 large \" style=\"border-radius: 2px;\">See all our job offers<\/a><div class=\"spacer\" style=\"height: 100px;\"><\/div>[\/vc_column][\/vc_row]<\/p>\n","protected":false},"excerpt":{"rendered":"<p>[vc_row bg_image=&#8221;22152&#8243; bg_repeat=&#8221;no-repeat&#8221; text_color=&#8221;light&#8221; text_align=&#8221;center&#8221; top_padding=&#8221;100&#8243; bottom_padding=&#8221;100&#8243;][vc_column width=&#8221;1\/1&#8243;][\/vc_column][\/vc_row][vc_row][vc_column width=&#8221;1\/1&#8243;][vc_column_text] A strong sustainable development policy Corporate Social Responsibility (CSR) is about integrating social and environmental issues into a company&#8217;s business activities and its relationships with all its stakeholders. In order to implement our Sustainability approach, we have formulated sustainable commitments to all our stakeholders and we are committed to respecting them on a daily basis.[\/vc_column_text][\/vc_column][\/vc_row][vc_row][vc_column width=&#8221;1\/4&#8243;][\/vc_column][vc_column width=&#8221;1\/4&#8243;][\/vc_column][vc_column width=&#8221;1\/4&#8243;][\/vc_column][vc_column width=&#8221;1\/4&#8243;][\/vc_column][\/vc_row][vc_row][vc_column width=&#8221;1\/1&#8243;][\/vc_column][\/vc_row][vc_row][vc_column width=&#8221;1\/1&#8243;][vc_column_text]Click on the different headings to discover everything that makes Ionisos an employer of reference![\/vc_column_text][\/vc_column][\/vc_row][vc_row][vc_column width=&#8221;1\/5&#8243;][\/vc_column][vc_column width=&#8221;1\/5&#8243;][\/vc_column][vc_column width=&#8221;1\/5&#8243;][\/vc_column][vc_column width=&#8221;1\/5&#8243;][\/vc_column][vc_column width=&#8221;1\/5&#8243;][\/vc_column][\/vc_row][vc_row text_align=&#8221;center&#8221;][vc_column width=&#8221;1\/1&#8243;][\/vc_column][\/vc_row]<\/p>\n","protected":false},"author":1,"featured_media":0,"parent":0,"menu_order":0,"comment_status":"closed","ping_status":"closed","template":"","meta":{"inline_featured_image":false,"footnotes":""},"class_list":["post-22054","page","type-page","status-publish","hentry"],"yoast_head":"<!-- This site is optimized with the Yoast SEO plugin v26.3 - https:\/\/yoast.com\/wordpress\/plugins\/seo\/ -->\n<title>A responsible employer - Ionisos<\/title>\n<meta name=\"description\" content=\"Ionisos, a specialist in sterilization by gamma and beta ionization and by ethylene oxide, has 10 sites in Europe.\" \/>\n<meta name=\"robots\" content=\"index, follow, max-snippet:-1, max-image-preview:large, max-video-preview:-1\" \/>\n<link rel=\"canonical\" href=\"https:\/\/www.ionisos.com\/en\/a-responsible-employer\/\" \/>\n<meta property=\"og:locale\" content=\"en_US\" \/>\n<meta property=\"og:type\" content=\"article\" \/>\n<meta property=\"og:title\" content=\"A responsible employer - Ionisos\" \/>\n<meta property=\"og:description\" content=\"Ionisos, a specialist in sterilization by gamma and beta ionization and by ethylene oxide, has 10 sites in Europe.\" \/>\n<meta property=\"og:url\" content=\"https:\/\/www.ionisos.com\/en\/a-responsible-employer\/\" \/>\n<meta property=\"og:site_name\" content=\"Ionisos\" \/>\n<meta property=\"article:modified_time\" content=\"2025-06-17T14:26:27+00:00\" \/>\n<meta name=\"twitter:card\" content=\"summary_large_image\" \/>\n<meta name=\"twitter:label1\" content=\"Est. reading time\" \/>\n\t<meta name=\"twitter:data1\" content=\"2 minutes\" \/>\n<script type=\"application\/ld+json\" class=\"yoast-schema-graph\">{\"@context\":\"https:\/\/schema.org\",\"@graph\":[{\"@type\":\"WebPage\",\"@id\":\"https:\/\/www.ionisos.com\/en\/a-responsible-employer\/\",\"url\":\"https:\/\/www.ionisos.com\/en\/a-responsible-employer\/\",\"name\":\"A responsible employer - Ionisos\",\"isPartOf\":{\"@id\":\"https:\/\/www.ionisos.com\/#website\"},\"datePublished\":\"2025-06-17T13:47:40+00:00\",\"dateModified\":\"2025-06-17T14:26:27+00:00\",\"description\":\"Ionisos, a specialist in sterilization by gamma and beta ionization and by ethylene oxide, has 10 sites in Europe.\",\"breadcrumb\":{\"@id\":\"https:\/\/www.ionisos.com\/en\/a-responsible-employer\/#breadcrumb\"},\"inLanguage\":\"en-US\",\"potentialAction\":[{\"@type\":\"ReadAction\",\"target\":[\"https:\/\/www.ionisos.com\/en\/a-responsible-employer\/\"]}]},{\"@type\":\"BreadcrumbList\",\"@id\":\"https:\/\/www.ionisos.com\/en\/a-responsible-employer\/#breadcrumb\",\"itemListElement\":[{\"@type\":\"ListItem\",\"position\":1,\"name\":\"Accueil\",\"item\":\"https:\/\/www.ionisos.com\/en\/\"},{\"@type\":\"ListItem\",\"position\":2,\"name\":\"A responsible employer\"}]},{\"@type\":\"WebSite\",\"@id\":\"https:\/\/www.ionisos.com\/#website\",\"url\":\"https:\/\/www.ionisos.com\/\",\"name\":\"Ionisos\",\"description\":\"Ionisation par \u00e9lectrons acc\u00e9l\u00e9r\u00e9s, rayons gamma, rayons X et oxyde d&#039;\u00e9thyl\u00e8ne\",\"potentialAction\":[{\"@type\":\"SearchAction\",\"target\":{\"@type\":\"EntryPoint\",\"urlTemplate\":\"https:\/\/www.ionisos.com\/?s={search_term_string}\"},\"query-input\":{\"@type\":\"PropertyValueSpecification\",\"valueRequired\":true,\"valueName\":\"search_term_string\"}}],\"inLanguage\":\"en-US\"}]}<\/script>\n<!-- \/ Yoast SEO plugin. -->","yoast_head_json":{"title":"A responsible employer - Ionisos","description":"Ionisos, a specialist in sterilization by gamma and beta ionization and by ethylene oxide, has 10 sites in Europe.","robots":{"index":"index","follow":"follow","max-snippet":"max-snippet:-1","max-image-preview":"max-image-preview:large","max-video-preview":"max-video-preview:-1"},"canonical":"https:\/\/www.ionisos.com\/en\/a-responsible-employer\/","og_locale":"en_US","og_type":"article","og_title":"A responsible employer - Ionisos","og_description":"Ionisos, a specialist in sterilization by gamma and beta ionization and by ethylene oxide, has 10 sites in Europe.","og_url":"https:\/\/www.ionisos.com\/en\/a-responsible-employer\/","og_site_name":"Ionisos","article_modified_time":"2025-06-17T14:26:27+00:00","twitter_card":"summary_large_image","twitter_misc":{"Est. reading time":"2 minutes"},"schema":{"@context":"https:\/\/schema.org","@graph":[{"@type":"WebPage","@id":"https:\/\/www.ionisos.com\/en\/a-responsible-employer\/","url":"https:\/\/www.ionisos.com\/en\/a-responsible-employer\/","name":"A responsible employer - Ionisos","isPartOf":{"@id":"https:\/\/www.ionisos.com\/#website"},"datePublished":"2025-06-17T13:47:40+00:00","dateModified":"2025-06-17T14:26:27+00:00","description":"Ionisos, a specialist in sterilization by gamma and beta ionization and by ethylene oxide, has 10 sites in Europe.","breadcrumb":{"@id":"https:\/\/www.ionisos.com\/en\/a-responsible-employer\/#breadcrumb"},"inLanguage":"en-US","potentialAction":[{"@type":"ReadAction","target":["https:\/\/www.ionisos.com\/en\/a-responsible-employer\/"]}]},{"@type":"BreadcrumbList","@id":"https:\/\/www.ionisos.com\/en\/a-responsible-employer\/#breadcrumb","itemListElement":[{"@type":"ListItem","position":1,"name":"Accueil","item":"https:\/\/www.ionisos.com\/en\/"},{"@type":"ListItem","position":2,"name":"A responsible employer"}]},{"@type":"WebSite","@id":"https:\/\/www.ionisos.com\/#website","url":"https:\/\/www.ionisos.com\/","name":"Ionisos","description":"Ionisation par \u00e9lectrons acc\u00e9l\u00e9r\u00e9s, rayons gamma, rayons X et oxyde d&#039;\u00e9thyl\u00e8ne","potentialAction":[{"@type":"SearchAction","target":{"@type":"EntryPoint","urlTemplate":"https:\/\/www.ionisos.com\/?s={search_term_string}"},"query-input":{"@type":"PropertyValueSpecification","valueRequired":true,"valueName":"search_term_string"}}],"inLanguage":"en-US"}]}},"_links":{"self":[{"href":"https:\/\/www.ionisos.com\/en\/wp-json\/wp\/v2\/pages\/22054","targetHints":{"allow":["GET"]}}],"collection":[{"href":"https:\/\/www.ionisos.com\/en\/wp-json\/wp\/v2\/pages"}],"about":[{"href":"https:\/\/www.ionisos.com\/en\/wp-json\/wp\/v2\/types\/page"}],"author":[{"embeddable":true,"href":"https:\/\/www.ionisos.com\/en\/wp-json\/wp\/v2\/users\/1"}],"replies":[{"embeddable":true,"href":"https:\/\/www.ionisos.com\/en\/wp-json\/wp\/v2\/comments?post=22054"}],"version-history":[{"count":9,"href":"https:\/\/www.ionisos.com\/en\/wp-json\/wp\/v2\/pages\/22054\/revisions"}],"predecessor-version":[{"id":26979,"href":"https:\/\/www.ionisos.com\/en\/wp-json\/wp\/v2\/pages\/22054\/revisions\/26979"}],"wp:attachment":[{"href":"https:\/\/www.ionisos.com\/en\/wp-json\/wp\/v2\/media?parent=22054"}],"curies":[{"name":"wp","href":"https:\/\/api.w.org\/{rel}","templated":true}]}}