 {"id":19163,"date":"2025-06-02T09:54:23","date_gmt":"2025-06-02T07:54:23","guid":{"rendered":"https:\/\/www.ionisos.com\/?page_id=19163"},"modified":"2025-08-27T13:51:18","modified_gmt":"2025-08-27T11:51:18","slug":"sustainability","status":"publish","type":"page","link":"https:\/\/www.ionisos.com\/en\/sustainability\/","title":{"rendered":"Sustainability"},"content":{"rendered":"<p>[vc_row bg_image=&#8221;24540&#8243; bg_repeat=&#8221;no-repeat&#8221; text_color=&#8221;light&#8221; text_align=&#8221;center&#8221; top_padding=&#8221;100&#8243; bottom_padding=&#8221;100&#8243;][vc_column width=&#8221;1\/1&#8243;]<h1 class=\"headline font-special fontsize-xxxl fontweight-inherit lh-inherit align-center transform-uppercase \" style=\"margin: 0 0 20px 0;\"><strong>Sustainable Development<\/strong><\/h1>[\/vc_column][\/vc_row][vc_row][vc_column width=&#8221;1\/1&#8243;]<div class=\"spacer\" style=\"height: 60px;\"><\/div>[vc_column_text]<\/p>\n<p style=\"text-align: left;\"><span style=\"font-family: Abel; font-size: 25px;\">A strong <strong>sustainable development<\/strong> policy<\/span><\/p>\n<p>Ionisos is a European leader in the sterilization of medical devices, with 11 sites across Europe using cutting-edge technologies such as gamma rays, electron beams, ethylene oxide, and soon, X-rays. Our commitment to sustainable development is at the core of our operations, aiming to protect the environment and biodiversity while ensuring optimal working conditions for our employees. We are also involved in crosslinking to enhance the properties of polymers, demonstrating our ongoing dedication to innovation and environmental responsibility.[\/vc_column_text]<div class=\"spacer\" style=\"height: 40px;\"><\/div><div class=\"single_image wpb_content_element align-center    \" data-animation=\"none\" data-delay=\"0\"><img loading=\"lazy\" decoding=\"async\" width=\"300\" height=\"181\" src=\"https:\/\/www.ionisos.com\/wp-content\/uploads\/2025\/03\/SBTI-300x181.jpg\" class=\"attachment-medium\" alt=\"\" srcset=\"https:\/\/www.ionisos.com\/wp-content\/uploads\/2025\/03\/SBTI-300x181.jpg 300w, https:\/\/www.ionisos.com\/wp-content\/uploads\/2025\/03\/SBTI-1024x618.jpg 1024w, https:\/\/www.ionisos.com\/wp-content\/uploads\/2025\/03\/SBTI-768x464.jpg 768w, https:\/\/www.ionisos.com\/wp-content\/uploads\/2025\/03\/SBTI.jpg 1280w\" sizes=\"auto, (max-width: 300px) 100vw, 300px\" \/><\/div>[vc_column_text]<\/p>\n<p style=\"text-align: left;\"><span style=\"font-family: Abel; font-size: 25px;\">Ionisos has joined the <strong>Science Based Targets Initiative<\/strong> (SBTi) and is committed to <strong>reducing its carbon emissions by 42% by 2030<\/strong><\/span><\/p>\n<p data-start=\"438\" data-end=\"698\">By joining this initiative, we are committed to reducing our greenhouse gas emissions by 42% by 2030, based on our 2021 emissions, in line with the Paris Agreement goal of limiting global warming to 1.5\u00b0C.<\/p>\n<p data-start=\"700\" data-end=\"880\">This commitment is part of our ongoing approach to reducing our environmental impact and developing more sustainable solutions for our clients and partners.<\/p>\n<p data-start=\"882\" data-end=\"1128\">We firmly believe that industry has a key role to play in the transition to a more sustainable future. That\u2019s why we will continue to invest in innovative technologies and practices to meet our climate goals.<\/p>\n<p>[\/vc_column_text]<div class=\"spacer\" style=\"height: 40px;\"><\/div>[\/vc_column][\/vc_row][vc_row bg_color=&#8221;#f3f3f3&#8243;][vc_column width=&#8221;1\/1&#8243;]<div class=\"spacer\" style=\"height: 40px;\"><\/div><h3 class=\"headline font-inherit fontsize-l fontweight-inherit lh-inherit align-left transform-inherit \" style=\"margin: 0 0 20px 0;\">Our sustainability policy is structured around three main pillars<\/h3><div class=\"spacer\" style=\"height: 40px;\"><\/div>[vc_row_inner][vc_column_inner width=&#8221;1\/3&#8243;]<div class=\"iconbox  wpb_content_element iconbox-style-2 icon-color-greyscale color-dark clearfix\"><div class=\"iconbox-icon\"><img src='https:\/\/www.ionisos.com\/wp-content\/uploads\/2024\/01\/partners.png' class='iconimg' alt='Governance' \/><\/div><div class=\"iconbox-content\"><h3>Governance<\/h3><p>Sustainability governance aims to define Ionisos\u2019 strategy, key performance indicators (KPIs), and action plan, regularly monitor the progress of initiatives, and ensure continuous improvement.<\/p>\n<p>In 2021, Ionisos established a dedicated multidisciplinary team, fully integrated into the organization, to develop the sustainable development strategy, under the leadership of a Sustainability Director who reports directly to the President.<\/p><\/div><\/div>[\/vc_column_inner][vc_column_inner width=&#8221;1\/3&#8243;]<div class=\"iconbox  wpb_content_element iconbox-style-2 icon-color-greyscale color-dark clearfix\"><div class=\"iconbox-icon\"><img src='https:\/\/www.ionisos.com\/wp-content\/uploads\/2024\/01\/quality.png' class='iconimg' alt='Social' \/><\/div><div class=\"iconbox-content\"><h3>Social<\/h3><p>Sustainable development is not only about protecting the environment or maintaining lasting partnerships \u2014 it is equally about people.<\/p>\n<p>Indeed, it is people who deliver services to our clients and thereby create value. One of the group\u2019s key priorities is to take all necessary measures to ensure that employees can contribute, make an impact, grow, and feel good at work.<\/p><\/div><\/div>[\/vc_column_inner][vc_column_inner width=&#8221;1\/3&#8243;]<div class=\"iconbox  wpb_content_element iconbox-style-2 icon-color-greyscale color-dark clearfix\"><div class=\"iconbox-icon\"><img src='https:\/\/www.ionisos.com\/wp-content\/uploads\/2024\/01\/planet-earth.png' class='iconimg' alt='Environment' \/><\/div><div class=\"iconbox-content\"><h3>Environment<\/h3><p>We are constantly striving to reduce the negative impact we have on the environment. Whether it involves improving the energy efficiency of our facilities or changing our daily habits, we consider our impact from a life cycle perspective and take significant steps to reduce it.<\/p><\/div><\/div>[\/vc_column_inner][\/vc_row_inner]<div class=\"spacer\" style=\"height: 40px;\"><\/div>[\/vc_column][\/vc_row][vc_row bg_color=&#8221;#0b2677&#8243; text_color=&#8221;light&#8221; text_align=&#8221;center&#8221; top_padding=&#8221;40&#8243; bottom_padding=&#8221;40&#8243;][vc_column width=&#8221;2\/3&#8243;]<div class=\"spacer\" style=\"height: 5px;\"><\/div>[vc_column_text]<\/p>\n<h3 style=\"text-align: left;\">Read our latest sustainability report<\/h3>\n<p>[\/vc_column_text][\/vc_column][vc_column width=&#8221;1\/3&#8243;]<a href=\"https:\/\/www.ionisos.com\/wp-content\/uploads\/2025\/08\/Ionisos_2024_Sustainability_Report.pdf\" target=\"_blank\" class=\"button color-8 large \" style=\"border-radius: 2px;\">2024 Sustainability Report<\/a>[\/vc_column][\/vc_row][vc_row bg_color=&#8221;#0b2677&#8243; text_color=&#8221;light&#8221; text_align=&#8221;center&#8221; top_padding=&#8221;0&#8243; bottom_padding=&#8221;30&#8243;][vc_column width=&#8221;1\/2&#8243;]<a href=\"https:\/\/www.ionisos.com\/wp-content\/uploads\/2023\/11\/Sustainability-report-2022-1.pdf\" target=\"_blank\" class=\"button color-8 small \" style=\"border-radius: 2px;\">2022 Sustainability Report<\/a>[\/vc_column][vc_column width=&#8221;1\/2&#8243;]<a href=\"https:\/\/www.ionisos.com\/wp-content\/uploads\/2025\/03\/Sustainability-report-2023.pdf\" target=\"_blank\" class=\"button color-8 small \" style=\"border-radius: 2px;\">2023 Sustainability Report<\/a>[\/vc_column][\/vc_row]<\/p>\n","protected":false},"excerpt":{"rendered":"<p>[vc_row bg_image=&#8221;24540&#8243; bg_repeat=&#8221;no-repeat&#8221; text_color=&#8221;light&#8221; text_align=&#8221;center&#8221; top_padding=&#8221;100&#8243; bottom_padding=&#8221;100&#8243;][vc_column width=&#8221;1\/1&#8243;][\/vc_column][\/vc_row][vc_row][vc_column width=&#8221;1\/1&#8243;][vc_column_text] A strong sustainable development policy Ionisos is a European leader in the sterilization of medical devices, with 11 sites across Europe using cutting-edge technologies such as gamma rays, electron beams, ethylene oxide, and soon, X-rays. Our commitment to sustainable development is at the core of our operations, aiming to protect the environment and biodiversity while ensuring optimal working conditions for our employees. We are also involved in crosslinking to enhance the properties of polymers, demonstrating our ongoing dedication to innovation and environmental responsibility.[\/vc_column_text][vc_column_text] Ionisos has joined the Science Based Targets Initiative (SBTi) and is committed to reducing its carbon emissions by 42% by 2030 By joining this initiative, we are committed to reducing our greenhouse gas emissions by 42% by 2030, based on our 2021 emissions, in line with the Paris Agreement goal of limiting global warming to 1.5\u00b0C. This commitment is part of our ongoing approach to reducing our environmental impact and developing more sustainable solutions for our clients and partners. We firmly believe that industry has a key role to play in the transition to a more sustainable future. That\u2019s why we will continue to invest in innovative technologies [&hellip;]<\/p>\n","protected":false},"author":1,"featured_media":0,"parent":0,"menu_order":0,"comment_status":"closed","ping_status":"open","template":"","meta":{"inline_featured_image":false,"footnotes":""},"class_list":["post-19163","page","type-page","status-publish","hentry"],"yoast_head":"<!-- This site is optimized with the Yoast SEO plugin v26.3 - https:\/\/yoast.com\/wordpress\/plugins\/seo\/ -->\n<title>IONISOS, our commitments<\/title>\n<meta name=\"description\" content=\"IONISOS, our commitments\" \/>\n<meta name=\"robots\" content=\"index, follow, max-snippet:-1, max-image-preview:large, max-video-preview:-1\" \/>\n<link rel=\"canonical\" href=\"https:\/\/www.ionisos.com\/en\/sustainability\/\" \/>\n<meta property=\"og:locale\" content=\"en_US\" \/>\n<meta property=\"og:type\" content=\"article\" \/>\n<meta property=\"og:title\" content=\"IONISOS, our commitments\" \/>\n<meta property=\"og:description\" content=\"IONISOS, our commitments\" \/>\n<meta property=\"og:url\" content=\"https:\/\/www.ionisos.com\/en\/sustainability\/\" \/>\n<meta property=\"og:site_name\" content=\"Ionisos\" \/>\n<meta property=\"article:modified_time\" content=\"2025-08-27T11:51:18+00:00\" \/>\n<meta name=\"twitter:card\" content=\"summary_large_image\" \/>\n<meta name=\"twitter:label1\" content=\"Est. reading time\" \/>\n\t<meta name=\"twitter:data1\" content=\"3 minutes\" \/>\n<script type=\"application\/ld+json\" class=\"yoast-schema-graph\">{\"@context\":\"https:\/\/schema.org\",\"@graph\":[{\"@type\":\"WebPage\",\"@id\":\"https:\/\/www.ionisos.com\/en\/sustainability\/\",\"url\":\"https:\/\/www.ionisos.com\/en\/sustainability\/\",\"name\":\"IONISOS, our commitments\",\"isPartOf\":{\"@id\":\"https:\/\/www.ionisos.com\/#website\"},\"datePublished\":\"2025-06-02T07:54:23+00:00\",\"dateModified\":\"2025-08-27T11:51:18+00:00\",\"description\":\"IONISOS, our commitments\",\"breadcrumb\":{\"@id\":\"https:\/\/www.ionisos.com\/en\/sustainability\/#breadcrumb\"},\"inLanguage\":\"en-US\",\"potentialAction\":[{\"@type\":\"ReadAction\",\"target\":[\"https:\/\/www.ionisos.com\/en\/sustainability\/\"]}]},{\"@type\":\"BreadcrumbList\",\"@id\":\"https:\/\/www.ionisos.com\/en\/sustainability\/#breadcrumb\",\"itemListElement\":[{\"@type\":\"ListItem\",\"position\":1,\"name\":\"Accueil\",\"item\":\"https:\/\/www.ionisos.com\/en\/\"},{\"@type\":\"ListItem\",\"position\":2,\"name\":\"Sustainability\"}]},{\"@type\":\"WebSite\",\"@id\":\"https:\/\/www.ionisos.com\/#website\",\"url\":\"https:\/\/www.ionisos.com\/\",\"name\":\"Ionisos\",\"description\":\"Ionisation par \u00e9lectrons acc\u00e9l\u00e9r\u00e9s, rayons gamma, rayons X et oxyde d&#039;\u00e9thyl\u00e8ne\",\"potentialAction\":[{\"@type\":\"SearchAction\",\"target\":{\"@type\":\"EntryPoint\",\"urlTemplate\":\"https:\/\/www.ionisos.com\/?s={search_term_string}\"},\"query-input\":{\"@type\":\"PropertyValueSpecification\",\"valueRequired\":true,\"valueName\":\"search_term_string\"}}],\"inLanguage\":\"en-US\"}]}<\/script>\n<!-- \/ Yoast SEO plugin. -->","yoast_head_json":{"title":"IONISOS, our commitments","description":"IONISOS, our commitments","robots":{"index":"index","follow":"follow","max-snippet":"max-snippet:-1","max-image-preview":"max-image-preview:large","max-video-preview":"max-video-preview:-1"},"canonical":"https:\/\/www.ionisos.com\/en\/sustainability\/","og_locale":"en_US","og_type":"article","og_title":"IONISOS, our commitments","og_description":"IONISOS, our commitments","og_url":"https:\/\/www.ionisos.com\/en\/sustainability\/","og_site_name":"Ionisos","article_modified_time":"2025-08-27T11:51:18+00:00","twitter_card":"summary_large_image","twitter_misc":{"Est. reading time":"3 minutes"},"schema":{"@context":"https:\/\/schema.org","@graph":[{"@type":"WebPage","@id":"https:\/\/www.ionisos.com\/en\/sustainability\/","url":"https:\/\/www.ionisos.com\/en\/sustainability\/","name":"IONISOS, our commitments","isPartOf":{"@id":"https:\/\/www.ionisos.com\/#website"},"datePublished":"2025-06-02T07:54:23+00:00","dateModified":"2025-08-27T11:51:18+00:00","description":"IONISOS, our commitments","breadcrumb":{"@id":"https:\/\/www.ionisos.com\/en\/sustainability\/#breadcrumb"},"inLanguage":"en-US","potentialAction":[{"@type":"ReadAction","target":["https:\/\/www.ionisos.com\/en\/sustainability\/"]}]},{"@type":"BreadcrumbList","@id":"https:\/\/www.ionisos.com\/en\/sustainability\/#breadcrumb","itemListElement":[{"@type":"ListItem","position":1,"name":"Accueil","item":"https:\/\/www.ionisos.com\/en\/"},{"@type":"ListItem","position":2,"name":"Sustainability"}]},{"@type":"WebSite","@id":"https:\/\/www.ionisos.com\/#website","url":"https:\/\/www.ionisos.com\/","name":"Ionisos","description":"Ionisation par \u00e9lectrons acc\u00e9l\u00e9r\u00e9s, rayons gamma, rayons X et oxyde d&#039;\u00e9thyl\u00e8ne","potentialAction":[{"@type":"SearchAction","target":{"@type":"EntryPoint","urlTemplate":"https:\/\/www.ionisos.com\/?s={search_term_string}"},"query-input":{"@type":"PropertyValueSpecification","valueRequired":true,"valueName":"search_term_string"}}],"inLanguage":"en-US"}]}},"_links":{"self":[{"href":"https:\/\/www.ionisos.com\/en\/wp-json\/wp\/v2\/pages\/19163","targetHints":{"allow":["GET"]}}],"collection":[{"href":"https:\/\/www.ionisos.com\/en\/wp-json\/wp\/v2\/pages"}],"about":[{"href":"https:\/\/www.ionisos.com\/en\/wp-json\/wp\/v2\/types\/page"}],"author":[{"embeddable":true,"href":"https:\/\/www.ionisos.com\/en\/wp-json\/wp\/v2\/users\/1"}],"replies":[{"embeddable":true,"href":"https:\/\/www.ionisos.com\/en\/wp-json\/wp\/v2\/comments?post=19163"}],"version-history":[{"count":8,"href":"https:\/\/www.ionisos.com\/en\/wp-json\/wp\/v2\/pages\/19163\/revisions"}],"predecessor-version":[{"id":27299,"href":"https:\/\/www.ionisos.com\/en\/wp-json\/wp\/v2\/pages\/19163\/revisions\/27299"}],"wp:attachment":[{"href":"https:\/\/www.ionisos.com\/en\/wp-json\/wp\/v2\/media?parent=19163"}],"curies":[{"name":"wp","href":"https:\/\/api.w.org\/{rel}","templated":true}]}}