 {"id":17237,"date":"2017-11-20T15:17:39","date_gmt":"2017-11-20T14:17:39","guid":{"rendered":"https:\/\/www.ionisos.com\/?page_id=17237"},"modified":"2017-11-20T16:22:30","modified_gmt":"2017-11-20T15:22:30","slug":"aging-radiative","status":"publish","type":"page","link":"https:\/\/www.ionisos.com\/en\/ionisos-sterilization-by-gamma-and-beta-ionization-and-ethylene-oxide\/research-development\/aging-radiative\/","title":{"rendered":"AGING RADIATIVE"},"content":{"rendered":"<p>[vc_row type=&#8221;full_width_section&#8221; bg_image=&#8221;16936&#8243; bg_repeat=&#8221;no-repeat&#8221; text_color=&#8221;light&#8221; text_align=&#8221;center&#8221; top_padding=&#8221;100&#8243; bottom_padding=&#8221;100&#8243;][vc_column width=&#8221;1\/1&#8243;]<h1 class=\"headline font-special fontsize-xxxl fontweight-inherit lh-inherit align-center transform-uppercase \" style=\"margin: 0;\"><strong>Radiative aging<strong><br \/>\n<\/h1>[\/vc_column][\/vc_row][vc_row][vc_column width=&#8221;1\/1&#8243;]<div class=\"spacer\" style=\"height: 40px;\"><\/div>[\/vc_column][\/vc_row][vc_row][vc_column width=&#8221;1\/2&#8243;][vc_column_text]Dose impact: different dose values can be tested and\/or incremented[\/vc_column_text]<a href=\"https:\/\/www.ionisos.com\/wp-content\/uploads\/2017\/09\/Agre\u0301ment-Ionisos-CIR-2015-2016-2017-1.pdf\" target=\"_blank\" class=\"button color-2 small \" style=\"border-radius: 2px;\">Chartered Research Tax Credit (CIR)<\/a>[\/vc_column][vc_column width=&#8221;1\/2&#8243;][vc_column_text]Dose rate impact: Products may be exposed to different levels of dose rate[\/vc_column_text]<a href=\"https:\/\/indico.cern.ch\/event\/70039\/contributions\/1236236\/subcontributions\/111048\/attachments\/1030524\/1467591\/S_ROUIF_Modes_expo_Ionisos.pdf\" target=\"_blank\" class=\"button color-2 small \" style=\"border-radius: 2px;\">Exposure mode under radiation <\/a><a href=\"https:\/\/www.ionisos.com\/wp-content\/uploads\/2017\/09\/irradiation-facilities-web-cern-ch-3.pdf\" target=\"_blank\" class=\"button color-2 small \" style=\"border-radius: 2px;\">Characteristics of the Ionisos irradiator (listed by CERN)<\/a>[\/vc_column][\/vc_row][vc_row][vc_column][vc_column_text]<\/strong>[\/vc_column_text][\/vc_column][\/vc_row][vc_row][vc_column][vc_column_text]<\/strong>[\/vc_column_text][\/vc_column][\/vc_row]<\/p>\n","protected":false},"excerpt":{"rendered":"<p>[vc_row type=&#8221;full_width_section&#8221; bg_image=&#8221;16936&#8243; bg_repeat=&#8221;no-repeat&#8221; text_color=&#8221;light&#8221; text_align=&#8221;center&#8221; top_padding=&#8221;100&#8243; bottom_padding=&#8221;100&#8243;][vc_column width=&#8221;1\/1&#8243;][\/vc_column][\/vc_row][vc_row][vc_column width=&#8221;1\/1&#8243;][\/vc_column][\/vc_row][vc_row][vc_column width=&#8221;1\/2&#8243;][vc_column_text]Dose impact: different dose values can be tested and\/or incremented[\/vc_column_text][\/vc_column][vc_column width=&#8221;1\/2&#8243;][vc_column_text]Dose rate impact: Products may be exposed to different levels of dose rate[\/vc_column_text][\/vc_column][\/vc_row][vc_row][vc_column][vc_column_text][\/vc_column_text][\/vc_column][\/vc_row][vc_row][vc_column][vc_column_text][\/vc_column_text][\/vc_column][\/vc_row]<\/p>\n","protected":false},"author":1,"featured_media":0,"parent":16028,"menu_order":0,"comment_status":"closed","ping_status":"closed","template":"","meta":{"inline_featured_image":false,"footnotes":""},"class_list":["post-17237","page","type-page","status-publish","hentry"],"yoast_head":"<!-- This site is optimized with the Yoast SEO plugin v26.3 - https:\/\/yoast.com\/wordpress\/plugins\/seo\/ -->\n<title>AGING RADIATIVE - Ionisos<\/title>\n<meta name=\"robots\" content=\"index, follow, max-snippet:-1, max-image-preview:large, max-video-preview:-1\" \/>\n<link rel=\"canonical\" href=\"https:\/\/www.ionisos.com\/en\/ionisos-sterilization-by-gamma-and-beta-ionization-and-ethylene-oxide\/research-development\/aging-radiative\/\" \/>\n<meta property=\"og:locale\" content=\"en_US\" \/>\n<meta property=\"og:type\" content=\"article\" \/>\n<meta property=\"og:title\" content=\"AGING RADIATIVE - Ionisos\" \/>\n<meta property=\"og:description\" content=\"[vc_row type=&#8221;full_width_section&#8221; bg_image=&#8221;16936&#8243; bg_repeat=&#8221;no-repeat&#8221; text_color=&#8221;light&#8221; text_align=&#8221;center&#8221; top_padding=&#8221;100&#8243; bottom_padding=&#8221;100&#8243;][vc_column width=&#8221;1\/1&#8243;][\/vc_column][\/vc_row][vc_row][vc_column width=&#8221;1\/1&#8243;][\/vc_column][\/vc_row][vc_row][vc_column width=&#8221;1\/2&#8243;][vc_column_text]Dose impact: different dose values can be tested and\/or incremented[\/vc_column_text][\/vc_column][vc_column width=&#8221;1\/2&#8243;][vc_column_text]Dose rate impact: Products may be exposed to different levels of dose rate[\/vc_column_text][\/vc_column][\/vc_row][vc_row][vc_column][vc_column_text][\/vc_column_text][\/vc_column][\/vc_row][vc_row][vc_column][vc_column_text][\/vc_column_text][\/vc_column][\/vc_row]\" \/>\n<meta property=\"og:url\" content=\"https:\/\/www.ionisos.com\/en\/ionisos-sterilization-by-gamma-and-beta-ionization-and-ethylene-oxide\/research-development\/aging-radiative\/\" \/>\n<meta property=\"og:site_name\" content=\"Ionisos\" \/>\n<meta property=\"article:modified_time\" content=\"2017-11-20T15:22:30+00:00\" \/>\n<meta name=\"twitter:card\" content=\"summary_large_image\" \/>\n<meta name=\"twitter:label1\" content=\"Est. reading time\" \/>\n\t<meta name=\"twitter:data1\" content=\"1 minute\" \/>\n<script type=\"application\/ld+json\" class=\"yoast-schema-graph\">{\"@context\":\"https:\/\/schema.org\",\"@graph\":[{\"@type\":\"WebPage\",\"@id\":\"https:\/\/www.ionisos.com\/en\/ionisos-sterilization-by-gamma-and-beta-ionization-and-ethylene-oxide\/research-development\/aging-radiative\/\",\"url\":\"https:\/\/www.ionisos.com\/en\/ionisos-sterilization-by-gamma-and-beta-ionization-and-ethylene-oxide\/research-development\/aging-radiative\/\",\"name\":\"AGING RADIATIVE - Ionisos\",\"isPartOf\":{\"@id\":\"https:\/\/www.ionisos.com\/#website\"},\"datePublished\":\"2017-11-20T14:17:39+00:00\",\"dateModified\":\"2017-11-20T15:22:30+00:00\",\"breadcrumb\":{\"@id\":\"https:\/\/www.ionisos.com\/en\/ionisos-sterilization-by-gamma-and-beta-ionization-and-ethylene-oxide\/research-development\/aging-radiative\/#breadcrumb\"},\"inLanguage\":\"en-US\",\"potentialAction\":[{\"@type\":\"ReadAction\",\"target\":[\"https:\/\/www.ionisos.com\/en\/ionisos-sterilization-by-gamma-and-beta-ionization-and-ethylene-oxide\/research-development\/aging-radiative\/\"]}]},{\"@type\":\"BreadcrumbList\",\"@id\":\"https:\/\/www.ionisos.com\/en\/ionisos-sterilization-by-gamma-and-beta-ionization-and-ethylene-oxide\/research-development\/aging-radiative\/#breadcrumb\",\"itemListElement\":[{\"@type\":\"ListItem\",\"position\":1,\"name\":\"Accueil\",\"item\":\"https:\/\/www.ionisos.com\/en\/\"},{\"@type\":\"ListItem\",\"position\":2,\"name\":\"Ionisos\",\"item\":\"https:\/\/www.ionisos.com\/en\/ionisos-sterilization-by-gamma-and-beta-ionization-and-ethylene-oxide\/\"},{\"@type\":\"ListItem\",\"position\":3,\"name\":\"Research &#038; Development\",\"item\":\"https:\/\/www.ionisos.com\/en\/ionisos-sterilization-by-gamma-and-beta-ionization-and-ethylene-oxide\/research-development\/\"},{\"@type\":\"ListItem\",\"position\":4,\"name\":\"AGING RADIATIVE\"}]},{\"@type\":\"WebSite\",\"@id\":\"https:\/\/www.ionisos.com\/#website\",\"url\":\"https:\/\/www.ionisos.com\/\",\"name\":\"Ionisos\",\"description\":\"Ionisation par \u00e9lectrons acc\u00e9l\u00e9r\u00e9s, rayons gamma, rayons X et oxyde d&#039;\u00e9thyl\u00e8ne\",\"potentialAction\":[{\"@type\":\"SearchAction\",\"target\":{\"@type\":\"EntryPoint\",\"urlTemplate\":\"https:\/\/www.ionisos.com\/?s={search_term_string}\"},\"query-input\":{\"@type\":\"PropertyValueSpecification\",\"valueRequired\":true,\"valueName\":\"search_term_string\"}}],\"inLanguage\":\"en-US\"}]}<\/script>\n<!-- \/ Yoast SEO plugin. -->","yoast_head_json":{"title":"AGING RADIATIVE - Ionisos","robots":{"index":"index","follow":"follow","max-snippet":"max-snippet:-1","max-image-preview":"max-image-preview:large","max-video-preview":"max-video-preview:-1"},"canonical":"https:\/\/www.ionisos.com\/en\/ionisos-sterilization-by-gamma-and-beta-ionization-and-ethylene-oxide\/research-development\/aging-radiative\/","og_locale":"en_US","og_type":"article","og_title":"AGING RADIATIVE - Ionisos","og_description":"[vc_row type=&#8221;full_width_section&#8221; bg_image=&#8221;16936&#8243; bg_repeat=&#8221;no-repeat&#8221; text_color=&#8221;light&#8221; text_align=&#8221;center&#8221; top_padding=&#8221;100&#8243; bottom_padding=&#8221;100&#8243;][vc_column width=&#8221;1\/1&#8243;][\/vc_column][\/vc_row][vc_row][vc_column width=&#8221;1\/1&#8243;][\/vc_column][\/vc_row][vc_row][vc_column width=&#8221;1\/2&#8243;][vc_column_text]Dose impact: different dose values can be tested and\/or incremented[\/vc_column_text][\/vc_column][vc_column width=&#8221;1\/2&#8243;][vc_column_text]Dose rate impact: Products may be exposed to different levels of dose rate[\/vc_column_text][\/vc_column][\/vc_row][vc_row][vc_column][vc_column_text][\/vc_column_text][\/vc_column][\/vc_row][vc_row][vc_column][vc_column_text][\/vc_column_text][\/vc_column][\/vc_row]","og_url":"https:\/\/www.ionisos.com\/en\/ionisos-sterilization-by-gamma-and-beta-ionization-and-ethylene-oxide\/research-development\/aging-radiative\/","og_site_name":"Ionisos","article_modified_time":"2017-11-20T15:22:30+00:00","twitter_card":"summary_large_image","twitter_misc":{"Est. reading time":"1 minute"},"schema":{"@context":"https:\/\/schema.org","@graph":[{"@type":"WebPage","@id":"https:\/\/www.ionisos.com\/en\/ionisos-sterilization-by-gamma-and-beta-ionization-and-ethylene-oxide\/research-development\/aging-radiative\/","url":"https:\/\/www.ionisos.com\/en\/ionisos-sterilization-by-gamma-and-beta-ionization-and-ethylene-oxide\/research-development\/aging-radiative\/","name":"AGING RADIATIVE - Ionisos","isPartOf":{"@id":"https:\/\/www.ionisos.com\/#website"},"datePublished":"2017-11-20T14:17:39+00:00","dateModified":"2017-11-20T15:22:30+00:00","breadcrumb":{"@id":"https:\/\/www.ionisos.com\/en\/ionisos-sterilization-by-gamma-and-beta-ionization-and-ethylene-oxide\/research-development\/aging-radiative\/#breadcrumb"},"inLanguage":"en-US","potentialAction":[{"@type":"ReadAction","target":["https:\/\/www.ionisos.com\/en\/ionisos-sterilization-by-gamma-and-beta-ionization-and-ethylene-oxide\/research-development\/aging-radiative\/"]}]},{"@type":"BreadcrumbList","@id":"https:\/\/www.ionisos.com\/en\/ionisos-sterilization-by-gamma-and-beta-ionization-and-ethylene-oxide\/research-development\/aging-radiative\/#breadcrumb","itemListElement":[{"@type":"ListItem","position":1,"name":"Accueil","item":"https:\/\/www.ionisos.com\/en\/"},{"@type":"ListItem","position":2,"name":"Ionisos","item":"https:\/\/www.ionisos.com\/en\/ionisos-sterilization-by-gamma-and-beta-ionization-and-ethylene-oxide\/"},{"@type":"ListItem","position":3,"name":"Research &#038; Development","item":"https:\/\/www.ionisos.com\/en\/ionisos-sterilization-by-gamma-and-beta-ionization-and-ethylene-oxide\/research-development\/"},{"@type":"ListItem","position":4,"name":"AGING RADIATIVE"}]},{"@type":"WebSite","@id":"https:\/\/www.ionisos.com\/#website","url":"https:\/\/www.ionisos.com\/","name":"Ionisos","description":"Ionisation par \u00e9lectrons acc\u00e9l\u00e9r\u00e9s, rayons gamma, rayons X et oxyde d&#039;\u00e9thyl\u00e8ne","potentialAction":[{"@type":"SearchAction","target":{"@type":"EntryPoint","urlTemplate":"https:\/\/www.ionisos.com\/?s={search_term_string}"},"query-input":{"@type":"PropertyValueSpecification","valueRequired":true,"valueName":"search_term_string"}}],"inLanguage":"en-US"}]}},"_links":{"self":[{"href":"https:\/\/www.ionisos.com\/en\/wp-json\/wp\/v2\/pages\/17237","targetHints":{"allow":["GET"]}}],"collection":[{"href":"https:\/\/www.ionisos.com\/en\/wp-json\/wp\/v2\/pages"}],"about":[{"href":"https:\/\/www.ionisos.com\/en\/wp-json\/wp\/v2\/types\/page"}],"author":[{"embeddable":true,"href":"https:\/\/www.ionisos.com\/en\/wp-json\/wp\/v2\/users\/1"}],"replies":[{"embeddable":true,"href":"https:\/\/www.ionisos.com\/en\/wp-json\/wp\/v2\/comments?post=17237"}],"version-history":[{"count":7,"href":"https:\/\/www.ionisos.com\/en\/wp-json\/wp\/v2\/pages\/17237\/revisions"}],"predecessor-version":[{"id":17251,"href":"https:\/\/www.ionisos.com\/en\/wp-json\/wp\/v2\/pages\/17237\/revisions\/17251"}],"up":[{"embeddable":true,"href":"https:\/\/www.ionisos.com\/en\/wp-json\/wp\/v2\/pages\/16028"}],"wp:attachment":[{"href":"https:\/\/www.ionisos.com\/en\/wp-json\/wp\/v2\/media?parent=17237"}],"curies":[{"name":"wp","href":"https:\/\/api.w.org\/{rel}","templated":true}]}}