 {"id":17234,"date":"2017-11-20T15:07:45","date_gmt":"2017-11-20T14:07:45","guid":{"rendered":"https:\/\/www.ionisos.com\/?page_id=17234"},"modified":"2017-11-20T15:30:41","modified_gmt":"2017-11-20T14:30:41","slug":"radiation-chemistry","status":"publish","type":"page","link":"https:\/\/www.ionisos.com\/en\/ionisos-sterilization-by-gamma-and-beta-ionization-and-ethylene-oxide\/research-development\/radiation-chemistry\/","title":{"rendered":"Radiation chemistry"},"content":{"rendered":"<p>[vc_row type=&#8221;full_width_section&#8221; bg_image=&#8221;16934&#8243; bg_repeat=&#8221;no-repeat&#8221; text_color=&#8221;light&#8221; text_align=&#8221;center&#8221; top_padding=&#8221;100&#8243; bottom_padding=&#8221;100&#8243;][vc_column width=&#8221;1\/1&#8243;]<h1 class=\"headline font-special fontsize-xxxl fontweight-inherit lh-inherit align-center transform-uppercase \" style=\"margin: 0;\"><strong>Radiation chemistry<strong><br \/>\n<\/h1>[\/vc_column][\/vc_row][vc_row][vc_column width=&#8221;1\/1&#8243;]<div class=\"spacer\" style=\"height: 40px;\"><\/div>[\/vc_column][\/vc_row][vc_row][vc_column width=&#8221;1\/4&#8243;]<div class=\"flexslider wpb_content_element\"><ul class=\"slides\"><li><img decoding=\"async\" src=\"https:\/\/www.ionisos.com\/wp-content\/uploads\/2017\/09\/unnamed.gif\" alt=\"\" \/><\/li><li><img decoding=\"async\" src=\"https:\/\/www.ionisos.com\/wp-content\/uploads\/2017\/09\/unnamed-1.gif\" alt=\"\" \/><\/li><\/ul><\/div>[\/vc_column][vc_column width=&#8221;3\/4&#8243;][vc_tta_accordion][vc_tta_section title=&#8221;Polymerisation&#8221; tab_id=&#8221;1505383076365-0bed47fa-26fb&#8221;][vc_column_text]Polymerisation makes it possible to harden or cross-link in a dense three-dimensional network of polymer resins dedicated to the manufacture of composite parts, flooring or dedicated to the restoration of historical objects.<\/strong><\/strong><\/p>\n<p><strong>Sectors concerned :\u00a0<\/strong>composites, aerospace, wood, restoration.<\/p>\n<p><strong>Examples of applications<\/strong> <strong>:<\/strong> tanks and composite hulls, wooden floors &#8230;[\/vc_column_text][\/vc_tta_section][vc_tta_section title=&#8221;Cross-linking&#8221; tab_id=&#8221;1505383059304-b1d05335-a5af&#8221;][vc_column_text]Cross-linking makes it possible to create, within a thermoplastic-type polymer, a three-dimensional network, not as dense as that of a thermo- or radio-hardenable polymer, but sufficient to improve the characteristics of the plastic material.<\/p>\n<p><strong>Sectors concerned :<\/strong> electrical engineering, automobile, tubes, cables, packaging, industry in general<\/p>\n<p><strong>Examples of application :<\/strong><\/p>\n<ul>\n<li>electric parts in cross-linked polyamide (PA) in substitution for thermoset resins: cross-linking gives the PA the necessary resistance to electric arcs, the production rates are higher in PA<\/li>\n<li>air ducts under engine bonnet, fasteners<\/li>\n<li>packaging with chemical resistance and improved barrier properties<\/li>\n<li>cross-linked polyethylene tube (PER C) for underfloor heating, domestic water supply<\/li>\n<li>cross-linked PE cable with enhanced chemical, thermal and fire resistance<\/li>\n<li>cross-linked hydrogel for preparing bone substitutes or fill material<\/li>\n<\/ul>\n<p>[\/vc_column_text][\/vc_tta_section][vc_tta_section title=&#8221;Grafting&#8221; tab_id=&#8221;1505383059323-bc266715-ea46&#8243;][vc_column_text]Grafting makes it possible to make functional, a substrate from an at least bi-functional molecule, one of the functions being that the one to be conferred to support, the second allowing attachment to the substrate.<\/p>\n<p><strong>Sectors concerned :<\/strong> textiles, composites, chemistry and polymers.<\/p>\n<p><strong>Examples of applications :<\/strong><\/p>\n<ul>\n<li>hydrophobic resin grafted to a hydrophilic molecule for adhesive coating<\/li>\n<li>flame retardant linen fabric<\/li>\n<\/ul>\n<p>[\/vc_column_text][\/vc_tta_section][\/vc_tta_accordion][\/vc_column][\/vc_row][vc_row][vc_column width=&#8221;1\/1&#8243;]<div class=\"spacer\" style=\"height: 40px;\"><\/div>[\/vc_column][\/vc_row][vc_row][vc_column width=&#8221;1\/2&#8243;][vc_column_text]Ionisos offers testing services to its customers wishing to use this technology[\/vc_column_text]<a href=\"https:\/\/www.ionisos.com\/wp-content\/uploads\/2017\/09\/Agre%CC%81ment-Ionisos-CIR-2015-2016-2017-1.pdf\" target=\"_blank\" class=\"button color-2 small \" style=\"border-radius: 2px;\">Chartered Research Tax Credit <\/a>[\/vc_column][vc_column width=&#8221;1\/2&#8243;][vc_column_text]Ionisos develops its own knowledge in this technology by conducting its own projects, and collaborating with institutes, laboratories or research centres.[\/vc_column_text]<a href=\"https:\/\/www.researchgate.net\/profile\/Sophie_Rouif\/publications\" target=\"_blank\" class=\"button color-2 small \" style=\"border-radius: 2px;\">Scientific publications<\/a><a href=\"http:\/\/\" target=\"_self\" class=\"button color-2 small \" style=\"border-radius: 2px;\">BIONICOMP Project (link to DGCIS to come)<\/a>[\/vc_column][\/vc_row][vc_row][vc_column width=&#8221;1\/1&#8243;]<div class=\"spacer\" style=\"height: 40px;\"><\/div>[\/vc_column][\/vc_row]<\/p>\n","protected":false},"excerpt":{"rendered":"<p>[vc_row type=&#8221;full_width_section&#8221; bg_image=&#8221;16934&#8243; bg_repeat=&#8221;no-repeat&#8221; text_color=&#8221;light&#8221; text_align=&#8221;center&#8221; top_padding=&#8221;100&#8243; bottom_padding=&#8221;100&#8243;][vc_column width=&#8221;1\/1&#8243;][\/vc_column][\/vc_row][vc_row][vc_column width=&#8221;1\/1&#8243;][\/vc_column][\/vc_row][vc_row][vc_column width=&#8221;1\/4&#8243;][\/vc_column][vc_column width=&#8221;3\/4&#8243;][vc_tta_accordion][vc_tta_section title=&#8221;Polymerisation&#8221; tab_id=&#8221;1505383076365-0bed47fa-26fb&#8221;][vc_column_text]Polymerisation makes it possible to harden or cross-link in a dense three-dimensional network of polymer resins dedicated to the manufacture of composite parts, flooring or dedicated to the restoration of historical objects. Sectors concerned :\u00a0composites, aerospace, wood, restoration. Examples of applications : tanks and composite hulls, wooden floors &#8230;[\/vc_column_text][\/vc_tta_section][vc_tta_section title=&#8221;Cross-linking&#8221; tab_id=&#8221;1505383059304-b1d05335-a5af&#8221;][vc_column_text]Cross-linking makes it possible to create, within a thermoplastic-type polymer, a three-dimensional network, not as dense as that of a thermo- or radio-hardenable polymer, but sufficient to improve the characteristics of the plastic material. Sectors concerned : electrical engineering, automobile, tubes, cables, packaging, industry in general Examples of application : electric parts in cross-linked polyamide (PA) in substitution for thermoset resins: cross-linking gives the PA the necessary resistance to electric arcs, the production rates are higher in PA air ducts under engine bonnet, fasteners packaging with chemical resistance and improved barrier properties cross-linked polyethylene tube (PER C) for underfloor heating, domestic water supply cross-linked PE cable with enhanced chemical, thermal and fire resistance cross-linked hydrogel for preparing bone substitutes or fill material [\/vc_column_text][\/vc_tta_section][vc_tta_section title=&#8221;Grafting&#8221; tab_id=&#8221;1505383059323-bc266715-ea46&#8243;][vc_column_text]Grafting makes it possible to make functional, a substrate from an at least [&hellip;]<\/p>\n","protected":false},"author":1,"featured_media":0,"parent":16028,"menu_order":0,"comment_status":"closed","ping_status":"closed","template":"","meta":{"inline_featured_image":false,"footnotes":""},"class_list":["post-17234","page","type-page","status-publish","hentry"],"yoast_head":"<!-- This site is optimized with the Yoast SEO plugin v26.3 - https:\/\/yoast.com\/wordpress\/plugins\/seo\/ -->\n<title>Radiation chemistry - Ionisos<\/title>\n<meta name=\"robots\" content=\"index, follow, max-snippet:-1, max-image-preview:large, max-video-preview:-1\" \/>\n<link rel=\"canonical\" href=\"https:\/\/www.ionisos.com\/en\/ionisos-sterilization-by-gamma-and-beta-ionization-and-ethylene-oxide\/research-development\/radiation-chemistry\/\" \/>\n<meta property=\"og:locale\" content=\"en_US\" \/>\n<meta property=\"og:type\" content=\"article\" \/>\n<meta property=\"og:title\" content=\"Radiation chemistry - Ionisos\" \/>\n<meta property=\"og:description\" content=\"[vc_row type=&#8221;full_width_section&#8221; bg_image=&#8221;16934&#8243; bg_repeat=&#8221;no-repeat&#8221; text_color=&#8221;light&#8221; text_align=&#8221;center&#8221; top_padding=&#8221;100&#8243; bottom_padding=&#8221;100&#8243;][vc_column width=&#8221;1\/1&#8243;][\/vc_column][\/vc_row][vc_row][vc_column width=&#8221;1\/1&#8243;][\/vc_column][\/vc_row][vc_row][vc_column width=&#8221;1\/4&#8243;][\/vc_column][vc_column width=&#8221;3\/4&#8243;][vc_tta_accordion][vc_tta_section title=&#8221;Polymerisation&#8221; tab_id=&#8221;1505383076365-0bed47fa-26fb&#8221;][vc_column_text]Polymerisation makes it possible to harden or cross-link in a dense three-dimensional network of polymer resins dedicated to the manufacture of composite parts, flooring or dedicated to the restoration of historical objects. Sectors concerned :\u00a0composites, aerospace, wood, restoration. Examples of applications : tanks and composite hulls, wooden floors &#8230;[\/vc_column_text][\/vc_tta_section][vc_tta_section title=&#8221;Cross-linking&#8221; tab_id=&#8221;1505383059304-b1d05335-a5af&#8221;][vc_column_text]Cross-linking makes it possible to create, within a thermoplastic-type polymer, a three-dimensional network, not as dense as that of a thermo- or radio-hardenable polymer, but sufficient to improve the characteristics of the plastic material. Sectors concerned : electrical engineering, automobile, tubes, cables, packaging, industry in general Examples of application : electric parts in cross-linked polyamide (PA) in substitution for thermoset resins: cross-linking gives the PA the necessary resistance to electric arcs, the production rates are higher in PA air ducts under engine bonnet, fasteners packaging with chemical resistance and improved barrier properties cross-linked polyethylene tube (PER C) for underfloor heating, domestic water supply cross-linked PE cable with enhanced chemical, thermal and fire resistance cross-linked hydrogel for preparing bone substitutes or fill material [\/vc_column_text][\/vc_tta_section][vc_tta_section title=&#8221;Grafting&#8221; tab_id=&#8221;1505383059323-bc266715-ea46&#8243;][vc_column_text]Grafting makes it possible to make functional, a substrate from an at least [&hellip;]\" \/>\n<meta property=\"og:url\" content=\"https:\/\/www.ionisos.com\/en\/ionisos-sterilization-by-gamma-and-beta-ionization-and-ethylene-oxide\/research-development\/radiation-chemistry\/\" \/>\n<meta property=\"og:site_name\" content=\"Ionisos\" \/>\n<meta property=\"article:modified_time\" content=\"2017-11-20T14:30:41+00:00\" \/>\n<meta name=\"twitter:card\" content=\"summary_large_image\" \/>\n<meta name=\"twitter:label1\" content=\"Est. reading time\" \/>\n\t<meta name=\"twitter:data1\" content=\"2 minutes\" \/>\n<script type=\"application\/ld+json\" class=\"yoast-schema-graph\">{\"@context\":\"https:\/\/schema.org\",\"@graph\":[{\"@type\":\"WebPage\",\"@id\":\"https:\/\/www.ionisos.com\/en\/ionisos-sterilization-by-gamma-and-beta-ionization-and-ethylene-oxide\/research-development\/radiation-chemistry\/\",\"url\":\"https:\/\/www.ionisos.com\/en\/ionisos-sterilization-by-gamma-and-beta-ionization-and-ethylene-oxide\/research-development\/radiation-chemistry\/\",\"name\":\"Radiation chemistry - Ionisos\",\"isPartOf\":{\"@id\":\"https:\/\/www.ionisos.com\/#website\"},\"datePublished\":\"2017-11-20T14:07:45+00:00\",\"dateModified\":\"2017-11-20T14:30:41+00:00\",\"breadcrumb\":{\"@id\":\"https:\/\/www.ionisos.com\/en\/ionisos-sterilization-by-gamma-and-beta-ionization-and-ethylene-oxide\/research-development\/radiation-chemistry\/#breadcrumb\"},\"inLanguage\":\"en-US\",\"potentialAction\":[{\"@type\":\"ReadAction\",\"target\":[\"https:\/\/www.ionisos.com\/en\/ionisos-sterilization-by-gamma-and-beta-ionization-and-ethylene-oxide\/research-development\/radiation-chemistry\/\"]}]},{\"@type\":\"BreadcrumbList\",\"@id\":\"https:\/\/www.ionisos.com\/en\/ionisos-sterilization-by-gamma-and-beta-ionization-and-ethylene-oxide\/research-development\/radiation-chemistry\/#breadcrumb\",\"itemListElement\":[{\"@type\":\"ListItem\",\"position\":1,\"name\":\"Accueil\",\"item\":\"https:\/\/www.ionisos.com\/en\/\"},{\"@type\":\"ListItem\",\"position\":2,\"name\":\"Ionisos\",\"item\":\"https:\/\/www.ionisos.com\/en\/ionisos-sterilization-by-gamma-and-beta-ionization-and-ethylene-oxide\/\"},{\"@type\":\"ListItem\",\"position\":3,\"name\":\"Research &#038; Development\",\"item\":\"https:\/\/www.ionisos.com\/en\/ionisos-sterilization-by-gamma-and-beta-ionization-and-ethylene-oxide\/research-development\/\"},{\"@type\":\"ListItem\",\"position\":4,\"name\":\"Radiation chemistry\"}]},{\"@type\":\"WebSite\",\"@id\":\"https:\/\/www.ionisos.com\/#website\",\"url\":\"https:\/\/www.ionisos.com\/\",\"name\":\"Ionisos\",\"description\":\"Ionisation par \u00e9lectrons acc\u00e9l\u00e9r\u00e9s, rayons gamma, rayons X et oxyde d&#039;\u00e9thyl\u00e8ne\",\"potentialAction\":[{\"@type\":\"SearchAction\",\"target\":{\"@type\":\"EntryPoint\",\"urlTemplate\":\"https:\/\/www.ionisos.com\/?s={search_term_string}\"},\"query-input\":{\"@type\":\"PropertyValueSpecification\",\"valueRequired\":true,\"valueName\":\"search_term_string\"}}],\"inLanguage\":\"en-US\"}]}<\/script>\n<!-- \/ Yoast SEO plugin. -->","yoast_head_json":{"title":"Radiation chemistry - Ionisos","robots":{"index":"index","follow":"follow","max-snippet":"max-snippet:-1","max-image-preview":"max-image-preview:large","max-video-preview":"max-video-preview:-1"},"canonical":"https:\/\/www.ionisos.com\/en\/ionisos-sterilization-by-gamma-and-beta-ionization-and-ethylene-oxide\/research-development\/radiation-chemistry\/","og_locale":"en_US","og_type":"article","og_title":"Radiation chemistry - Ionisos","og_description":"[vc_row type=&#8221;full_width_section&#8221; bg_image=&#8221;16934&#8243; bg_repeat=&#8221;no-repeat&#8221; text_color=&#8221;light&#8221; text_align=&#8221;center&#8221; top_padding=&#8221;100&#8243; bottom_padding=&#8221;100&#8243;][vc_column width=&#8221;1\/1&#8243;][\/vc_column][\/vc_row][vc_row][vc_column width=&#8221;1\/1&#8243;][\/vc_column][\/vc_row][vc_row][vc_column width=&#8221;1\/4&#8243;][\/vc_column][vc_column width=&#8221;3\/4&#8243;][vc_tta_accordion][vc_tta_section title=&#8221;Polymerisation&#8221; tab_id=&#8221;1505383076365-0bed47fa-26fb&#8221;][vc_column_text]Polymerisation makes it possible to harden or cross-link in a dense three-dimensional network of polymer resins dedicated to the manufacture of composite parts, flooring or dedicated to the restoration of historical objects. Sectors concerned :\u00a0composites, aerospace, wood, restoration. Examples of applications : tanks and composite hulls, wooden floors &#8230;[\/vc_column_text][\/vc_tta_section][vc_tta_section title=&#8221;Cross-linking&#8221; tab_id=&#8221;1505383059304-b1d05335-a5af&#8221;][vc_column_text]Cross-linking makes it possible to create, within a thermoplastic-type polymer, a three-dimensional network, not as dense as that of a thermo- or radio-hardenable polymer, but sufficient to improve the characteristics of the plastic material. Sectors concerned : electrical engineering, automobile, tubes, cables, packaging, industry in general Examples of application : electric parts in cross-linked polyamide (PA) in substitution for thermoset resins: cross-linking gives the PA the necessary resistance to electric arcs, the production rates are higher in PA air ducts under engine bonnet, fasteners packaging with chemical resistance and improved barrier properties cross-linked polyethylene tube (PER C) for underfloor heating, domestic water supply cross-linked PE cable with enhanced chemical, thermal and fire resistance cross-linked hydrogel for preparing bone substitutes or fill material [\/vc_column_text][\/vc_tta_section][vc_tta_section title=&#8221;Grafting&#8221; tab_id=&#8221;1505383059323-bc266715-ea46&#8243;][vc_column_text]Grafting makes it possible to make functional, a substrate from an at least [&hellip;]","og_url":"https:\/\/www.ionisos.com\/en\/ionisos-sterilization-by-gamma-and-beta-ionization-and-ethylene-oxide\/research-development\/radiation-chemistry\/","og_site_name":"Ionisos","article_modified_time":"2017-11-20T14:30:41+00:00","twitter_card":"summary_large_image","twitter_misc":{"Est. reading time":"2 minutes"},"schema":{"@context":"https:\/\/schema.org","@graph":[{"@type":"WebPage","@id":"https:\/\/www.ionisos.com\/en\/ionisos-sterilization-by-gamma-and-beta-ionization-and-ethylene-oxide\/research-development\/radiation-chemistry\/","url":"https:\/\/www.ionisos.com\/en\/ionisos-sterilization-by-gamma-and-beta-ionization-and-ethylene-oxide\/research-development\/radiation-chemistry\/","name":"Radiation chemistry - Ionisos","isPartOf":{"@id":"https:\/\/www.ionisos.com\/#website"},"datePublished":"2017-11-20T14:07:45+00:00","dateModified":"2017-11-20T14:30:41+00:00","breadcrumb":{"@id":"https:\/\/www.ionisos.com\/en\/ionisos-sterilization-by-gamma-and-beta-ionization-and-ethylene-oxide\/research-development\/radiation-chemistry\/#breadcrumb"},"inLanguage":"en-US","potentialAction":[{"@type":"ReadAction","target":["https:\/\/www.ionisos.com\/en\/ionisos-sterilization-by-gamma-and-beta-ionization-and-ethylene-oxide\/research-development\/radiation-chemistry\/"]}]},{"@type":"BreadcrumbList","@id":"https:\/\/www.ionisos.com\/en\/ionisos-sterilization-by-gamma-and-beta-ionization-and-ethylene-oxide\/research-development\/radiation-chemistry\/#breadcrumb","itemListElement":[{"@type":"ListItem","position":1,"name":"Accueil","item":"https:\/\/www.ionisos.com\/en\/"},{"@type":"ListItem","position":2,"name":"Ionisos","item":"https:\/\/www.ionisos.com\/en\/ionisos-sterilization-by-gamma-and-beta-ionization-and-ethylene-oxide\/"},{"@type":"ListItem","position":3,"name":"Research &#038; Development","item":"https:\/\/www.ionisos.com\/en\/ionisos-sterilization-by-gamma-and-beta-ionization-and-ethylene-oxide\/research-development\/"},{"@type":"ListItem","position":4,"name":"Radiation chemistry"}]},{"@type":"WebSite","@id":"https:\/\/www.ionisos.com\/#website","url":"https:\/\/www.ionisos.com\/","name":"Ionisos","description":"Ionisation par \u00e9lectrons acc\u00e9l\u00e9r\u00e9s, rayons gamma, rayons X et oxyde d&#039;\u00e9thyl\u00e8ne","potentialAction":[{"@type":"SearchAction","target":{"@type":"EntryPoint","urlTemplate":"https:\/\/www.ionisos.com\/?s={search_term_string}"},"query-input":{"@type":"PropertyValueSpecification","valueRequired":true,"valueName":"search_term_string"}}],"inLanguage":"en-US"}]}},"_links":{"self":[{"href":"https:\/\/www.ionisos.com\/en\/wp-json\/wp\/v2\/pages\/17234","targetHints":{"allow":["GET"]}}],"collection":[{"href":"https:\/\/www.ionisos.com\/en\/wp-json\/wp\/v2\/pages"}],"about":[{"href":"https:\/\/www.ionisos.com\/en\/wp-json\/wp\/v2\/types\/page"}],"author":[{"embeddable":true,"href":"https:\/\/www.ionisos.com\/en\/wp-json\/wp\/v2\/users\/1"}],"replies":[{"embeddable":true,"href":"https:\/\/www.ionisos.com\/en\/wp-json\/wp\/v2\/comments?post=17234"}],"version-history":[{"count":3,"href":"https:\/\/www.ionisos.com\/en\/wp-json\/wp\/v2\/pages\/17234\/revisions"}],"predecessor-version":[{"id":17243,"href":"https:\/\/www.ionisos.com\/en\/wp-json\/wp\/v2\/pages\/17234\/revisions\/17243"}],"up":[{"embeddable":true,"href":"https:\/\/www.ionisos.com\/en\/wp-json\/wp\/v2\/pages\/16028"}],"wp:attachment":[{"href":"https:\/\/www.ionisos.com\/en\/wp-json\/wp\/v2\/media?parent=17234"}],"curies":[{"name":"wp","href":"https:\/\/api.w.org\/{rel}","templated":true}]}}