 {"id":17224,"date":"2017-11-20T14:11:42","date_gmt":"2017-11-20T13:11:42","guid":{"rendered":"https:\/\/www.ionisos.com\/?page_id=17224"},"modified":"2025-06-17T17:08:45","modified_gmt":"2025-06-17T15:08:45","slug":"compatibility-materials","status":"publish","type":"page","link":"https:\/\/www.ionisos.com\/en\/ionisos-sterilization-by-gamma-and-beta-ionization-and-ethylene-oxide\/research-development\/compatibility-materials\/","title":{"rendered":"Compatibility Materials"},"content":{"rendered":"<p>[vc_row bg_image=&#8221;16931&#8243; bg_repeat=&#8221;no-repeat&#8221; text_color=&#8221;light&#8221; text_align=&#8221;center&#8221; top_padding=&#8221;100&#8243; bottom_padding=&#8221;100&#8243;][vc_column width=&#8221;1\/1&#8243;]<h1 class=\"headline font-special fontsize-xxxl fontweight-inherit lh-inherit align-center transform-uppercase \" style=\"margin: 0;\"><strong>Compatibility Materials<\/strong><\/h1>[\/vc_column][\/vc_row][vc_row][vc_column width=&#8221;1\/1&#8243;]<div class=\"spacer\" style=\"height: 40px;\"><\/div>[\/vc_column][\/vc_row][vc_row][vc_column width=&#8221;1\/1&#8243;][vc_raw_html]PHN0eWxlPg0KICB0YWJsZSwNCiAgdGgsDQogIHRkIHsNCiAgICBwYWRkaW5nOiAxMHB4Ow0KICAgIGJvcmRlcjogMXB4ICBzb2xpZCBibGFjazsNCiAgICBib3JkZXItY29sbGFwc2U6IGNvbGxhcHNlOw0KICAgIHZlcnRpY2FsLWFsaWduOiBtaWRkbGU7DQogIH0NCjwvc3R5bGU+DQo8dGFibGUgd2lkdGg9IjEwMCUiPg0KICA8dGJvZHk+DQogICAgPHRyIGJnY29sb3I9IiM4RUFGQjAiIHN0eWxlPSJmb250LXNpemU6IDIwcHg7IGZvbnQtd2VpZ2h0OiBib2xkOyBjb2xvcjogI0ZGRkZGRiI+DQogICAgICA8dGggc2NvcGU9ImNvbCIgcm93c3Bhbj0iMiI+TWF0ZXJpYWxzPC90aD4NCiAgICAgIDx0aCBzY29wZT0iY29sIiByb3dzcGFuPSIyIj5Jb25pemluZyBSYWRpYXRpb248L3RoPg0KICAgICAgPHRoIHNjb3BlPSJjb2wiIGNvbHNwYW49IjIiPkV0aHlsZW5lIE94aWRlPC90aD4NCiAgICA8L3RyPg0KICAgIDx0ciBhbGlnbj0iY2VudGVyIiBiZ2NvbG9yPSIjQkFENEUxIj4NCiAgICAgIDx0ZD5Db21wYXRpYmlsaXR5IHJlbGF0ZWQgdG8gYWJzb3JwdGlvbjwvdGQ+DQogICAgICA8dGQ+Q29tcGF0aWJpbGl0eSByZWxhdGVkIHRvIHByb2Nlc3MgY29uZGl0aW9uczwvdGQ+DQogICAgPC90cj4NCiAgICA8dHIgYWxpZ249ImNlbnRlciI+DQogICAgICA8dGQgd2lkdGg9IjI1JSI+PHN0cm9uZz5NZXRhbHM8L3N0cm9uZz48L3RkPg0KICAgICAgPHRkIHdpZHRoPSIyNSUiPjxpbWcgc3JjPSJodHRwczovL3d3dy5pb25pc29zLmNvbS93cC1jb250ZW50L3VwbG9hZHMvMjAyMy8xMi9jaGVjay1tYXJrLnBuZyIgd2lkdGg9IjMyIiBoZWlnaHQ9IjMyIiBhbHQ9IiIvPjxicj5Qb3NzaWJsZSBzaGllbGRpbmcgZWZmZWN0IGluIGJldGE8L3RkPg0KICAgICAgPHRkIHdpZHRoPSIyNSUiPjxpbWcgc3JjPSJodHRwczovL3d3dy5pb25pc29zLmNvbS93cC1jb250ZW50L3VwbG9hZHMvMjAyMy8xMi9uby5wbmciIHdpZHRoPSIzMiIgaGVpZ2h0PSIzMiIgYWx0PSIiLz48L3RkPg0KICAgICAgPHRkIHdpZHRoPSIyNSUiPjxpbWcgc3JjPSJodHRwczovL3d3dy5pb25pc29zLmNvbS93cC1jb250ZW50L3VwbG9hZHMvMjAyMy8xMi9jaGVjay1tYXJrLnBuZyIgd2lkdGg9IjMyIiBoZWlnaHQ9IjMyIiBhbHQ9IiIvPjwvdGQ+DQogICAgPC90cj4NCiAgICA8dHIgYWxpZ249ImNlbnRlciI+DQogICAgICA8dGQ+PHN0cm9uZz5HbGFzczwvc3Ryb25nPjwvdGQ+DQogICAgICA8dGQ+RGlzY29sb3JhdGlvbjwvdGQ+DQogICAgICA8dGQ+PGltZyBzcmM9Imh0dHBzOi8vd3d3Lmlvbmlzb3MuY29tL3dwLWNvbnRlbnQvdXBsb2Fkcy8yMDIzLzEyL25vLnBuZyIgd2lkdGg9IjMyIiBoZWlnaHQ9IjMyIiBhbHQ9IiIvPjwvdGQ+DQogICAgICA8dGQ+PGltZyBzcmM9Imh0dHBzOi8vd3d3Lmlvbmlzb3MuY29tL3dwLWNvbnRlbnQvdXBsb2Fkcy8yMDIzLzEyL2NoZWNrLW1hcmsucG5nIiB3aWR0aD0iMzIiIGhlaWdodD0iMzIiIGFsdD0iIi8+PC90ZD4NCiAgICA8L3RyPg0KICAgIDx0ciBhbGlnbj0iY2VudGVyIj4NCiAgICAgIDx0ZD48c3Ryb25nPkNlcmFtaWNzPC9zdHJvbmc+PC90ZD4NCiAgICAgIDx0ZD48aW1nIHNyYz0iaHR0cHM6Ly93d3cuaW9uaXNvcy5jb20vd3AtY29udGVudC91cGxvYWRzLzIwMjMvMTIvY2hlY2stbWFyay5wbmciIHdpZHRoPSIzMiIgaGVpZ2h0PSIzMiIgYWx0PSIiLz48L3RkPg0KICAgICAgPHRkPjxpbWcgc3JjPSJodHRwczovL3d3dy5pb25pc29zLmNvbS93cC1jb250ZW50L3VwbG9hZHMvMjAyMy8xMi9jaGVjay1tYXJrLnBuZyIgd2lkdGg9IjMyIiBoZWlnaHQ9IjMyIiBhbHQ9IiIvPjxicj5XYXRjaCBvdXQgZm9yIHBvcm9zaXR5IGxldmVsPC90ZD4NCiAgICAgIDx0ZD48aW1nIHNyYz0iaHR0cHM6Ly93d3cuaW9uaXNvcy5jb20vd3AtY29udGVudC91cGxvYWRzLzIwMjMvMTIvY2hlY2stbWFyay5wbmciIHdpZHRoPSIzMiIgaGVpZ2h0PSIzMiIgYWx0PSIiLz48L3RkPg0KICAgIDwvdHI+DQogICAgPHRyIGFsaWduPSJjZW50ZXIiPg0KICAgICAgPHRkPjxzdHJvbmc+UG9seW1lcnM8L3N0cm9uZz48L3RkPg0KICAgICAgPHRkPjxpbWcgc3JjPSJodHRwczovL3d3dy5pb25pc29zLmNvbS93cC1jb250ZW50L3VwbG9hZHMvMjAyMy8xMi9jaGVjay1tYXJrLnBuZyIgd2lkdGg9IjMyIiBoZWlnaHQ9IjMyIiBhbHQ9IiIvPiA8aW1nIHNyYz0iaHR0cHM6Ly93d3cuaW9uaXNvcy5jb20vd3AtY29udGVudC91cGxvYWRzLzIwMjMvMTIvbm8ucG5nIiB3aWR0aD0iMzIiIGhlaWdodD0iMzIiIGFsdD0iIi8+PGJyPg0KICAgICAgICBEZXBlbmRpbmcgb24gdGhlaXIgc3RydWN0dXJlKjwvdGQ+DQogICAgICA8dGQ+PGltZyBzcmM9Imh0dHBzOi8vd3d3Lmlvbmlzb3MuY29tL3dwLWNvbnRlbnQvdXBsb2Fkcy8yMDIzLzEyL2NoZWNrLW1hcmsucG5nIiB3aWR0aD0iMzIiIGhlaWdodD0iMzIiIGFsdD0iIi8+PC90ZD4NCiAgICAgIDx0ZD48aW1nIHNyYz0iaHR0cHM6Ly93d3cuaW9uaXNvcy5jb20vd3AtY29udGVudC91cGxvYWRzLzIwMjMvMTIvY2hlY2stbWFyay5wbmciIHdpZHRoPSIzMiIgaGVpZ2h0PSIzMiIgYWx0PSIiLz4gPGltZyBzcmM9Imh0dHBzOi8vd3d3Lmlvbmlzb3MuY29tL3dwLWNvbnRlbnQvdXBsb2Fkcy8yMDIzLzEyL25vLnBuZyIgd2lkdGg9IjMyIiBoZWlnaHQ9IjMyIiBhbHQ9IiIvPjxicj4NCiAgICAgICAgRGVwZW5kaW5nIG9uIHRoZWlyIHN0cnVjdHVyZSo8L3RkPg0KICAgIDwvdHI+DQogICAgPHRyIGFsaWduPSJjZW50ZXIiPg0KICAgICAgPHRkPjxzdHJvbmc+QmlvcG9seW1lcnM8L3N0cm9uZz48L3RkPg0KICAgICAgPHRkPkxpdGVyYXR1cmUgYXZhaWxhYmxlIHVwb24gcmVxdWVzdDwvdGQ+DQogICAgICA8dGQ+PGltZyBzcmM9Imh0dHBzOi8vd3d3Lmlvbmlzb3MuY29tL3dwLWNvbnRlbnQvdXBsb2Fkcy8yMDIzLzEyL2NoZWNrLW1hcmsucG5nIiB3aWR0aD0iMzIiIGhlaWdodD0iMzIiIGFsdD0iIi8+PC90ZD4NCiAgICAgIDx0ZD48aW1nIHNyYz0iaHR0cHM6Ly93d3cuaW9uaXNvcy5jb20vd3AtY29udGVudC91cGxvYWRzLzIwMjMvMTIvbm8ucG5nIiB3aWR0aD0iMzIiIGhlaWdodD0iMzIiIGFsdD0iIi8+PC90ZD4NCiAgICA8L3RyPg0KICA8L3Rib2R5Pg0KPC90YWJsZT4NCg==[\/vc_raw_html][\/vc_column][\/vc_row][vc_row][vc_column width=&#8221;1\/1&#8243;]<div class=\"spacer\" style=\"height: 40px;\"><\/div>[\/vc_column][\/vc_row][vc_row][vc_column width=&#8221;1\/1&#8243;][vc_tta_accordion][vc_tta_section title=&#8221;Metals&#8221; tab_id=&#8221;1505383076365-0bed47fa-26fb&#8221;][vc_column_text]<\/p>\n<ul>\n<li><strong>Metals<\/strong> are not altered by radiation sterilization because all the energy is dissipated, with no risk of activation.<br \/>\n(Ref: <em>Manual on Radiation Sterilization of Medical and Biological Materials<\/em>, Technical Reports Series No. 149, p.182, IAEA, Vienna, 1973).<br \/>\n<a href=\"http:\/\/www.iaea.org\/inis\/collection\/NCLCollectionStore\/_Public\/05\/105\/5105679.pdf\" target=\"_blank\" rel=\"noopener noreferrer\">More information<\/a><\/li>\n<li><strong>Metals<\/strong> do not adsorb ethylene oxide (Ref: Sterilisation of Biomaterials and Medical Devices, edited by Sophie Lerouge and Anne Simmons, WP Woodhead Publishing, 2012).<\/li>\n<\/ul>\n<p>[\/vc_column_text][\/vc_tta_section][vc_tta_section title=&#8221;Verres&#8221; tab_id=&#8221;1505383059304-b1d05335-a5af&#8221;][vc_column_text]<\/p>\n<ul>\n<li><strong>Glass<\/strong> becomes discolored under radiation, even at low doses (a few kilograys).<\/li>\n<li><strong>Glass<\/strong> retains only very small amounts of ethylene oxide (Ref: Sterilisation of Biomaterials and Medical Devices, edited by Sophie Lerouge and Anne Simmons, WP Woodhead Publishing, 2012).<\/li>\n<\/ul>\n<p>[\/vc_column_text]<div class=\"single_image wpb_content_element align-center    \" data-animation=\"none\" data-delay=\"0\"><img loading=\"lazy\" decoding=\"async\" width=\"1920\" height=\"1080\" src=\"https:\/\/www.ionisos.com\/wp-content\/uploads\/2017\/09\/verre-bruni-1.jpg\" class=\"attachment-full\" alt=\"\" srcset=\"https:\/\/www.ionisos.com\/wp-content\/uploads\/2017\/09\/verre-bruni-1.jpg 1920w, https:\/\/www.ionisos.com\/wp-content\/uploads\/2017\/09\/verre-bruni-1-300x169.jpg 300w, https:\/\/www.ionisos.com\/wp-content\/uploads\/2017\/09\/verre-bruni-1-768x432.jpg 768w, https:\/\/www.ionisos.com\/wp-content\/uploads\/2017\/09\/verre-bruni-1-1024x576.jpg 1024w, https:\/\/www.ionisos.com\/wp-content\/uploads\/2017\/09\/verre-bruni-1-1000x563.jpg 1000w, https:\/\/www.ionisos.com\/wp-content\/uploads\/2017\/09\/verre-bruni-1-200x113.jpg 200w\" sizes=\"auto, (max-width: 1920px) 100vw, 1920px\" \/><\/div>[\/vc_tta_section][vc_tta_section title=&#8221;Ceramics&#8221; tab_id=&#8221;1505383150543-154daab4-6c83&#8243;][vc_column_text]<\/p>\n<ul>\n<li>Compatibility related to absorption (beware of porosity level)<\/li>\n<li>Compatibility related to process conditions<\/li>\n<\/ul>\n<p>[\/vc_column_text][\/vc_tta_section][vc_tta_section title=&#8221;Polymers*&#8221; tab_id=&#8221;1505383059323-bc266715-ea46&#8243;]<div class=\"single_image wpb_content_element align-left    \" data-animation=\"none\" data-delay=\"0\"><img loading=\"lazy\" decoding=\"async\" width=\"1377\" height=\"959\" src=\"https:\/\/www.ionisos.com\/wp-content\/uploads\/2017\/09\/Sans-titre.png\" class=\"attachment-full\" alt=\"\" srcset=\"https:\/\/www.ionisos.com\/wp-content\/uploads\/2017\/09\/Sans-titre.png 1377w, https:\/\/www.ionisos.com\/wp-content\/uploads\/2017\/09\/Sans-titre-300x209.png 300w, https:\/\/www.ionisos.com\/wp-content\/uploads\/2017\/09\/Sans-titre-768x535.png 768w, https:\/\/www.ionisos.com\/wp-content\/uploads\/2017\/09\/Sans-titre-1024x713.png 1024w, https:\/\/www.ionisos.com\/wp-content\/uploads\/2017\/09\/Sans-titre-200x139.png 200w\" sizes=\"auto, (max-width: 1377px) 100vw, 1377px\" \/><\/div>[\/vc_tta_section][\/vc_tta_accordion][\/vc_column][\/vc_row][vc_row][vc_column width=&#8221;1\/1&#8243;]<div class=\"spacer\" style=\"height: 40px;\"><\/div>[\/vc_column][\/vc_row]<\/p>\n","protected":false},"excerpt":{"rendered":"<p>[vc_row bg_image=&#8221;16931&#8243; bg_repeat=&#8221;no-repeat&#8221; text_color=&#8221;light&#8221; text_align=&#8221;center&#8221; top_padding=&#8221;100&#8243; bottom_padding=&#8221;100&#8243;][vc_column width=&#8221;1\/1&#8243;][\/vc_column][\/vc_row][vc_row][vc_column width=&#8221;1\/1&#8243;][\/vc_column][\/vc_row][vc_row][vc_column width=&#8221;1\/1&#8243;][vc_raw_html]PHN0eWxlPg0KICB0YWJsZSwNCiAgdGgsDQogIHRkIHsNCiAgICBwYWRkaW5nOiAxMHB4Ow0KICAgIGJvcmRlcjogMXB4ICBzb2xpZCBibGFjazsNCiAgICBib3JkZXItY29sbGFwc2U6IGNvbGxhcHNlOw0KICAgIHZlcnRpY2FsLWFsaWduOiBtaWRkbGU7DQogIH0NCjwvc3R5bGU+DQo8dGFibGUgd2lkdGg9IjEwMCUiPg0KICA8dGJvZHk+DQogICAgPHRyIGJnY29sb3I9IiM4RUFGQjAiIHN0eWxlPSJmb250LXNpemU6IDIwcHg7IGZvbnQtd2VpZ2h0OiBib2xkOyBjb2xvcjogI0ZGRkZGRiI+DQogICAgICA8dGggc2NvcGU9ImNvbCIgcm93c3Bhbj0iMiI+TWF0ZXJpYWxzPC90aD4NCiAgICAgIDx0aCBzY29wZT0iY29sIiByb3dzcGFuPSIyIj5Jb25pemluZyBSYWRpYXRpb248L3RoPg0KICAgICAgPHRoIHNjb3BlPSJjb2wiIGNvbHNwYW49IjIiPkV0aHlsZW5lIE94aWRlPC90aD4NCiAgICA8L3RyPg0KICAgIDx0ciBhbGlnbj0iY2VudGVyIiBiZ2NvbG9yPSIjQkFENEUxIj4NCiAgICAgIDx0ZD5Db21wYXRpYmlsaXR5IHJlbGF0ZWQgdG8gYWJzb3JwdGlvbjwvdGQ+DQogICAgICA8dGQ+Q29tcGF0aWJpbGl0eSByZWxhdGVkIHRvIHByb2Nlc3MgY29uZGl0aW9uczwvdGQ+DQogICAgPC90cj4NCiAgICA8dHIgYWxpZ249ImNlbnRlciI+DQogICAgICA8dGQgd2lkdGg9IjI1JSI+PHN0cm9uZz5NZXRhbHM8L3N0cm9uZz48L3RkPg0KICAgICAgPHRkIHdpZHRoPSIyNSUiPjxpbWcgc3JjPSJodHRwczovL3d3dy5pb25pc29zLmNvbS93cC1jb250ZW50L3VwbG9hZHMvMjAyMy8xMi9jaGVjay1tYXJrLnBuZyIgd2lkdGg9IjMyIiBoZWlnaHQ9IjMyIiBhbHQ9IiIvPjxicj5Qb3NzaWJsZSBzaGllbGRpbmcgZWZmZWN0IGluIGJldGE8L3RkPg0KICAgICAgPHRkIHdpZHRoPSIyNSUiPjxpbWcgc3JjPSJodHRwczovL3d3dy5pb25pc29zLmNvbS93cC1jb250ZW50L3VwbG9hZHMvMjAyMy8xMi9uby5wbmciIHdpZHRoPSIzMiIgaGVpZ2h0PSIzMiIgYWx0PSIiLz48L3RkPg0KICAgICAgPHRkIHdpZHRoPSIyNSUiPjxpbWcgc3JjPSJodHRwczovL3d3dy5pb25pc29zLmNvbS93cC1jb250ZW50L3VwbG9hZHMvMjAyMy8xMi9jaGVjay1tYXJrLnBuZyIgd2lkdGg9IjMyIiBoZWlnaHQ9IjMyIiBhbHQ9IiIvPjwvdGQ+DQogICAgPC90cj4NCiAgICA8dHIgYWxpZ249ImNlbnRlciI+DQogICAgICA8dGQ+PHN0cm9uZz5HbGFzczwvc3Ryb25nPjwvdGQ+DQogICAgICA8dGQ+RGlzY29sb3JhdGlvbjwvdGQ+DQogICAgICA8dGQ+PGltZyBzcmM9Imh0dHBzOi8vd3d3Lmlvbmlzb3MuY29tL3dwLWNvbnRlbnQvdXBsb2Fkcy8yMDIzLzEyL25vLnBuZyIgd2lkdGg9IjMyIiBoZWlnaHQ9IjMyIiBhbHQ9IiIvPjwvdGQ+DQogICAgICA8dGQ+PGltZyBzcmM9Imh0dHBzOi8vd3d3Lmlvbmlzb3MuY29tL3dwLWNvbnRlbnQvdXBsb2Fkcy8yMDIzLzEyL2NoZWNrLW1hcmsucG5nIiB3aWR0aD0iMzIiIGhlaWdodD0iMzIiIGFsdD0iIi8+PC90ZD4NCiAgICA8L3RyPg0KICAgIDx0ciBhbGlnbj0iY2VudGVyIj4NCiAgICAgIDx0ZD48c3Ryb25nPkNlcmFtaWNzPC9zdHJvbmc+PC90ZD4NCiAgICAgIDx0ZD48aW1nIHNyYz0iaHR0cHM6Ly93d3cuaW9uaXNvcy5jb20vd3AtY29udGVudC91cGxvYWRzLzIwMjMvMTIvY2hlY2stbWFyay5wbmciIHdpZHRoPSIzMiIgaGVpZ2h0PSIzMiIgYWx0PSIiLz48L3RkPg0KICAgICAgPHRkPjxpbWcgc3JjPSJodHRwczovL3d3dy5pb25pc29zLmNvbS93cC1jb250ZW50L3VwbG9hZHMvMjAyMy8xMi9jaGVjay1tYXJrLnBuZyIgd2lkdGg9IjMyIiBoZWlnaHQ9IjMyIiBhbHQ9IiIvPjxicj5XYXRjaCBvdXQgZm9yIHBvcm9zaXR5IGxldmVsPC90ZD4NCiAgICAgIDx0ZD48aW1nIHNyYz0iaHR0cHM6Ly93d3cuaW9uaXNvcy5jb20vd3AtY29udGVudC91cGxvYWRzLzIwMjMvMTIvY2hlY2stbWFyay5wbmciIHdpZHRoPSIzMiIgaGVpZ2h0PSIzMiIgYWx0PSIiLz48L3RkPg0KICAgIDwvdHI+DQogICAgPHRyIGFsaWduPSJjZW50ZXIiPg0KICAgICAgPHRkPjxzdHJvbmc+UG9seW1lcnM8L3N0cm9uZz48L3RkPg0KICAgICAgPHRkPjxpbWcgc3JjPSJodHRwczovL3d3dy5pb25pc29zLmNvbS93cC1jb250ZW50L3VwbG9hZHMvMjAyMy8xMi9jaGVjay1tYXJrLnBuZyIgd2lkdGg9IjMyIiBoZWlnaHQ9IjMyIiBhbHQ9IiIvPiA8aW1nIHNyYz0iaHR0cHM6Ly93d3cuaW9uaXNvcy5jb20vd3AtY29udGVudC91cGxvYWRzLzIwMjMvMTIvbm8ucG5nIiB3aWR0aD0iMzIiIGhlaWdodD0iMzIiIGFsdD0iIi8+PGJyPg0KICAgICAgICBEZXBlbmRpbmcgb24gdGhlaXIgc3RydWN0dXJlKjwvdGQ+DQogICAgICA8dGQ+PGltZyBzcmM9Imh0dHBzOi8vd3d3Lmlvbmlzb3MuY29tL3dwLWNvbnRlbnQvdXBsb2Fkcy8yMDIzLzEyL2NoZWNrLW1hcmsucG5nIiB3aWR0aD0iMzIiIGhlaWdodD0iMzIiIGFsdD0iIi8+PC90ZD4NCiAgICAgIDx0ZD48aW1nIHNyYz0iaHR0cHM6Ly93d3cuaW9uaXNvcy5jb20vd3AtY29udGVudC91cGxvYWRzLzIwMjMvMTIvY2hlY2stbWFyay5wbmciIHdpZHRoPSIzMiIgaGVpZ2h0PSIzMiIgYWx0PSIiLz4gPGltZyBzcmM9Imh0dHBzOi8vd3d3Lmlvbmlzb3MuY29tL3dwLWNvbnRlbnQvdXBsb2Fkcy8yMDIzLzEyL25vLnBuZyIgd2lkdGg9IjMyIiBoZWlnaHQ9IjMyIiBhbHQ9IiIvPjxicj4NCiAgICAgICAgRGVwZW5kaW5nIG9uIHRoZWlyIHN0cnVjdHVyZSo8L3RkPg0KICAgIDwvdHI+DQogICAgPHRyIGFsaWduPSJjZW50ZXIiPg0KICAgICAgPHRkPjxzdHJvbmc+QmlvcG9seW1lcnM8L3N0cm9uZz48L3RkPg0KICAgICAgPHRkPkxpdGVyYXR1cmUgYXZhaWxhYmxlIHVwb24gcmVxdWVzdDwvdGQ+DQogICAgICA8dGQ+PGltZyBzcmM9Imh0dHBzOi8vd3d3Lmlvbmlzb3MuY29tL3dwLWNvbnRlbnQvdXBsb2Fkcy8yMDIzLzEyL2NoZWNrLW1hcmsucG5nIiB3aWR0aD0iMzIiIGhlaWdodD0iMzIiIGFsdD0iIi8+PC90ZD4NCiAgICAgIDx0ZD48aW1nIHNyYz0iaHR0cHM6Ly93d3cuaW9uaXNvcy5jb20vd3AtY29udGVudC91cGxvYWRzLzIwMjMvMTIvbm8ucG5nIiB3aWR0aD0iMzIiIGhlaWdodD0iMzIiIGFsdD0iIi8+PC90ZD4NCiAgICA8L3RyPg0KICA8L3Rib2R5Pg0KPC90YWJsZT4NCg==[\/vc_raw_html][\/vc_column][\/vc_row][vc_row][vc_column width=&#8221;1\/1&#8243;][\/vc_column][\/vc_row][vc_row][vc_column width=&#8221;1\/1&#8243;][vc_tta_accordion][vc_tta_section title=&#8221;Metals&#8221; tab_id=&#8221;1505383076365-0bed47fa-26fb&#8221;][vc_column_text] Metals are not altered by radiation sterilization because all the energy is dissipated, with no risk of activation. (Ref: Manual on Radiation Sterilization of Medical and Biological Materials, Technical Reports Series No. 149, p.182, IAEA, Vienna, 1973). More information Metals do not adsorb ethylene oxide (Ref: Sterilisation of Biomaterials and Medical Devices, edited by Sophie Lerouge and Anne Simmons, WP Woodhead Publishing, 2012). [\/vc_column_text][\/vc_tta_section][vc_tta_section title=&#8221;Verres&#8221; tab_id=&#8221;1505383059304-b1d05335-a5af&#8221;][vc_column_text] Glass becomes discolored under radiation, even at low doses (a few kilograys). Glass retains only very small amounts of ethylene oxide (Ref: Sterilisation of Biomaterials and Medical Devices, edited by Sophie Lerouge and Anne Simmons, WP Woodhead Publishing, 2012). [\/vc_column_text][\/vc_tta_section][vc_tta_section title=&#8221;Ceramics&#8221; tab_id=&#8221;1505383150543-154daab4-6c83&#8243;][vc_column_text] Compatibility related to absorption (beware of porosity level) Compatibility related to process conditions [\/vc_column_text][\/vc_tta_section][vc_tta_section title=&#8221;Polymers*&#8221; tab_id=&#8221;1505383059323-bc266715-ea46&#8243;][\/vc_tta_section][\/vc_tta_accordion][\/vc_column][\/vc_row][vc_row][vc_column width=&#8221;1\/1&#8243;][\/vc_column][\/vc_row]<\/p>\n","protected":false},"author":1,"featured_media":0,"parent":16028,"menu_order":0,"comment_status":"closed","ping_status":"closed","template":"","meta":{"inline_featured_image":false,"footnotes":""},"class_list":["post-17224","page","type-page","status-publish","hentry"],"yoast_head":"<!-- This site is optimized with the Yoast SEO plugin v26.3 - https:\/\/yoast.com\/wordpress\/plugins\/seo\/ -->\n<title>Compatibility Materials - Ionisos<\/title>\n<meta name=\"description\" content=\"Ionisos&#039; Research and Development department offers expertise in various fields of application for ionizing radiation\" \/>\n<meta name=\"robots\" content=\"index, follow, max-snippet:-1, max-image-preview:large, max-video-preview:-1\" \/>\n<link rel=\"canonical\" href=\"https:\/\/www.ionisos.com\/le-groupe\/recherche-developpement\/compatibilite-materiaux\/\" \/>\n<meta property=\"og:locale\" content=\"en_US\" \/>\n<meta property=\"og:type\" content=\"article\" \/>\n<meta property=\"og:title\" content=\"Compatibility Materials - Ionisos\" \/>\n<meta property=\"og:description\" content=\"Ionisos&#039; Research and Development department offers expertise in various fields of application for ionizing radiation\" \/>\n<meta property=\"og:url\" content=\"https:\/\/www.ionisos.com\/le-groupe\/recherche-developpement\/compatibilite-materiaux\/\" \/>\n<meta property=\"og:site_name\" content=\"Ionisos\" \/>\n<meta property=\"article:modified_time\" content=\"2025-06-17T15:08:45+00:00\" \/>\n<meta name=\"twitter:card\" content=\"summary_large_image\" \/>\n<meta name=\"twitter:label1\" content=\"Est. reading time\" \/>\n\t<meta name=\"twitter:data1\" content=\"4 minutes\" \/>\n<script type=\"application\/ld+json\" class=\"yoast-schema-graph\">{\"@context\":\"https:\/\/schema.org\",\"@graph\":[{\"@type\":\"WebPage\",\"@id\":\"https:\/\/www.ionisos.com\/le-groupe\/recherche-developpement\/compatibilite-materiaux\/\",\"url\":\"https:\/\/www.ionisos.com\/le-groupe\/recherche-developpement\/compatibilite-materiaux\/\",\"name\":\"Compatibility Materials - Ionisos\",\"isPartOf\":{\"@id\":\"https:\/\/www.ionisos.com\/#website\"},\"datePublished\":\"2017-11-20T13:11:42+00:00\",\"dateModified\":\"2025-06-17T15:08:45+00:00\",\"description\":\"Ionisos' Research and Development department offers expertise in various fields of application for ionizing radiation\",\"breadcrumb\":{\"@id\":\"https:\/\/www.ionisos.com\/le-groupe\/recherche-developpement\/compatibilite-materiaux\/#breadcrumb\"},\"inLanguage\":\"en-US\",\"potentialAction\":[{\"@type\":\"ReadAction\",\"target\":[\"https:\/\/www.ionisos.com\/le-groupe\/recherche-developpement\/compatibilite-materiaux\/\"]}]},{\"@type\":\"BreadcrumbList\",\"@id\":\"https:\/\/www.ionisos.com\/le-groupe\/recherche-developpement\/compatibilite-materiaux\/#breadcrumb\",\"itemListElement\":[{\"@type\":\"ListItem\",\"position\":1,\"name\":\"Accueil\",\"item\":\"https:\/\/www.ionisos.com\/en\/\"},{\"@type\":\"ListItem\",\"position\":2,\"name\":\"Ionisos\",\"item\":\"https:\/\/www.ionisos.com\/en\/ionisos-sterilization-by-gamma-and-beta-ionization-and-ethylene-oxide\/\"},{\"@type\":\"ListItem\",\"position\":3,\"name\":\"Research &#038; Development\",\"item\":\"https:\/\/www.ionisos.com\/en\/ionisos-sterilization-by-gamma-and-beta-ionization-and-ethylene-oxide\/research-development\/\"},{\"@type\":\"ListItem\",\"position\":4,\"name\":\"Compatibility Materials\"}]},{\"@type\":\"WebSite\",\"@id\":\"https:\/\/www.ionisos.com\/#website\",\"url\":\"https:\/\/www.ionisos.com\/\",\"name\":\"Ionisos\",\"description\":\"Ionisation par \u00e9lectrons acc\u00e9l\u00e9r\u00e9s, rayons gamma, rayons X et oxyde d&#039;\u00e9thyl\u00e8ne\",\"potentialAction\":[{\"@type\":\"SearchAction\",\"target\":{\"@type\":\"EntryPoint\",\"urlTemplate\":\"https:\/\/www.ionisos.com\/?s={search_term_string}\"},\"query-input\":{\"@type\":\"PropertyValueSpecification\",\"valueRequired\":true,\"valueName\":\"search_term_string\"}}],\"inLanguage\":\"en-US\"}]}<\/script>\n<!-- \/ Yoast SEO plugin. -->","yoast_head_json":{"title":"Compatibility Materials - Ionisos","description":"Ionisos' Research and Development department offers expertise in various fields of application for ionizing radiation","robots":{"index":"index","follow":"follow","max-snippet":"max-snippet:-1","max-image-preview":"max-image-preview:large","max-video-preview":"max-video-preview:-1"},"canonical":"https:\/\/www.ionisos.com\/le-groupe\/recherche-developpement\/compatibilite-materiaux\/","og_locale":"en_US","og_type":"article","og_title":"Compatibility Materials - Ionisos","og_description":"Ionisos' Research and Development department offers expertise in various fields of application for ionizing radiation","og_url":"https:\/\/www.ionisos.com\/le-groupe\/recherche-developpement\/compatibilite-materiaux\/","og_site_name":"Ionisos","article_modified_time":"2025-06-17T15:08:45+00:00","twitter_card":"summary_large_image","twitter_misc":{"Est. reading time":"4 minutes"},"schema":{"@context":"https:\/\/schema.org","@graph":[{"@type":"WebPage","@id":"https:\/\/www.ionisos.com\/le-groupe\/recherche-developpement\/compatibilite-materiaux\/","url":"https:\/\/www.ionisos.com\/le-groupe\/recherche-developpement\/compatibilite-materiaux\/","name":"Compatibility Materials - Ionisos","isPartOf":{"@id":"https:\/\/www.ionisos.com\/#website"},"datePublished":"2017-11-20T13:11:42+00:00","dateModified":"2025-06-17T15:08:45+00:00","description":"Ionisos' Research and Development department offers expertise in various fields of application for ionizing radiation","breadcrumb":{"@id":"https:\/\/www.ionisos.com\/le-groupe\/recherche-developpement\/compatibilite-materiaux\/#breadcrumb"},"inLanguage":"en-US","potentialAction":[{"@type":"ReadAction","target":["https:\/\/www.ionisos.com\/le-groupe\/recherche-developpement\/compatibilite-materiaux\/"]}]},{"@type":"BreadcrumbList","@id":"https:\/\/www.ionisos.com\/le-groupe\/recherche-developpement\/compatibilite-materiaux\/#breadcrumb","itemListElement":[{"@type":"ListItem","position":1,"name":"Accueil","item":"https:\/\/www.ionisos.com\/en\/"},{"@type":"ListItem","position":2,"name":"Ionisos","item":"https:\/\/www.ionisos.com\/en\/ionisos-sterilization-by-gamma-and-beta-ionization-and-ethylene-oxide\/"},{"@type":"ListItem","position":3,"name":"Research &#038; Development","item":"https:\/\/www.ionisos.com\/en\/ionisos-sterilization-by-gamma-and-beta-ionization-and-ethylene-oxide\/research-development\/"},{"@type":"ListItem","position":4,"name":"Compatibility Materials"}]},{"@type":"WebSite","@id":"https:\/\/www.ionisos.com\/#website","url":"https:\/\/www.ionisos.com\/","name":"Ionisos","description":"Ionisation par \u00e9lectrons acc\u00e9l\u00e9r\u00e9s, rayons gamma, rayons X et oxyde d&#039;\u00e9thyl\u00e8ne","potentialAction":[{"@type":"SearchAction","target":{"@type":"EntryPoint","urlTemplate":"https:\/\/www.ionisos.com\/?s={search_term_string}"},"query-input":{"@type":"PropertyValueSpecification","valueRequired":true,"valueName":"search_term_string"}}],"inLanguage":"en-US"}]}},"_links":{"self":[{"href":"https:\/\/www.ionisos.com\/en\/wp-json\/wp\/v2\/pages\/17224","targetHints":{"allow":["GET"]}}],"collection":[{"href":"https:\/\/www.ionisos.com\/en\/wp-json\/wp\/v2\/pages"}],"about":[{"href":"https:\/\/www.ionisos.com\/en\/wp-json\/wp\/v2\/types\/page"}],"author":[{"embeddable":true,"href":"https:\/\/www.ionisos.com\/en\/wp-json\/wp\/v2\/users\/1"}],"replies":[{"embeddable":true,"href":"https:\/\/www.ionisos.com\/en\/wp-json\/wp\/v2\/comments?post=17224"}],"version-history":[{"count":11,"href":"https:\/\/www.ionisos.com\/en\/wp-json\/wp\/v2\/pages\/17224\/revisions"}],"predecessor-version":[{"id":26986,"href":"https:\/\/www.ionisos.com\/en\/wp-json\/wp\/v2\/pages\/17224\/revisions\/26986"}],"up":[{"embeddable":true,"href":"https:\/\/www.ionisos.com\/en\/wp-json\/wp\/v2\/pages\/16028"}],"wp:attachment":[{"href":"https:\/\/www.ionisos.com\/en\/wp-json\/wp\/v2\/media?parent=17224"}],"curies":[{"name":"wp","href":"https:\/\/api.w.org\/{rel}","templated":true}]}}