 {"id":16037,"date":"2017-05-16T16:21:29","date_gmt":"2017-05-16T14:21:29","guid":{"rendered":"https:\/\/www.ionisos.com\/?page_id=16037\/"},"modified":"2025-06-17T14:16:57","modified_gmt":"2025-06-17T12:16:57","slug":"gamma-rays","status":"publish","type":"page","link":"https:\/\/www.ionisos.com\/en\/our-activities\/gamma-rays\/","title":{"rendered":"Gamma treatment"},"content":{"rendered":"<p>[vc_row bg_image=&#8221;15639&#8243; bg_repeat=&#8221;no-repeat&#8221; text_color=&#8221;light&#8221; text_align=&#8221;center&#8221; top_padding=&#8221;100&#8243; bottom_padding=&#8221;100&#8243;][vc_column width=&#8221;1\/1&#8243;]<h1 class=\"headline font-special fontsize-xxxl fontweight-inherit lh-inherit align-center transform-uppercase \" style=\"margin: 0;\"><strong>Gamma<\/strong> treatment<\/h1>[\/vc_column][\/vc_row][vc_row][vc_column width=&#8221;1\/1&#8243;]<div class=\"spacer\" style=\"height: 40px;\"><\/div>[vc_column_text]<\/p>\n<p style=\"text-align: center;\"><span style=\"font-family: Abel; font-size: 25px;\">The ionization process used in the facility consists of <strong>exposing the products to be treated to gamma radiation<\/strong> emitted by a Cobalt-60 source for a limited duration.<\/span><\/p>\n<p>[\/vc_column_text]<div class=\"spacer\" style=\"height: 40px;\"><\/div>[\/vc_column][\/vc_row][vc_row][vc_column width=&#8221;1\/2&#8243;]<div class=\"video-embed  wpb_content_element\"><iframe loading=\"lazy\" title=\"Ionisos - Technologie par rayonnement gamma\" width=\"1161\" height=\"653\" src=\"https:\/\/www.youtube.com\/embed\/lNILZl7pia0?feature=oembed\" frameborder=\"0\" allow=\"accelerometer; autoplay; clipboard-write; encrypted-media; gyroscope; picture-in-picture; web-share\" referrerpolicy=\"strict-origin-when-cross-origin\" allowfullscreen><\/iframe><\/div>[\/vc_column][vc_column width=&#8221;1\/2&#8243;][vc_column_text]<\/p>\n<p style=\"text-align: justify;\">The photons emitted have two energy levels: <strong>1.17 and 1.33 MeV<\/strong>.<\/p>\n<p style=\"text-align: justify;\">These gamma rays enable the <strong>sterilization of medical equipment, cosmetics, and pharmaceutical products.<\/strong> The source is permanently in the treatment position, i.e., held in the air in the treatment cell.<\/p>\n<p style=\"text-align: justify;\">An automatic system feeds the products into the irradiation cell, then passes them in front of the radiation source according to a defined circuit and at an appropriate speed, before removing them from the cell.<\/p>\n<p>[\/vc_column_text]<div class=\"minti_list wpb_content_element color-accent plus\" style=\"padding-left: 10px;\">La dose absorb\u00e9e (par une partie donn\u00e9e de la balancelle quelle que soit sa position dans l\u2019ionisateur) d\u00e9pend essentiellement des facteurs suivants :<\/p>\n<ul>\n<li>l\u2019activit\u00e9 et la configuration de la source,<\/li>\n<li>la distance entre la source et la balancelle,<\/li>\n<li>la dur\u00e9e d\u2019irradiation,<\/li>\n<li>la composition et la densit\u00e9 des mat\u00e9riaux.<\/li>\n<\/ul>\n<\/div>[\/vc_column][\/vc_row][vc_row][vc_column width=&#8221;1\/1&#8243;]<div class=\"spacer\" style=\"height: 80px;\"><\/div>[vc_column_text]<\/p>\n<p style=\"text-align: center;\"><span style=\"font-family: Abel;\"><span style=\"font-size: 25px;\">Our gamma treatment sites<\/span><\/span><\/p>\n<p>[\/vc_column_text]<div class=\"spacer\" style=\"height: 30px;\"><\/div>[\/vc_column][\/vc_row][vc_row][vc_column width=&#8221;1\/4&#8243;]<a href=\"https:\/\/www.ionisos.com\/en\/our-sites\/dagneux\/\" target=\"_self\" class=\"button custom full \" style=\"background-color: #5996d1; border-color: #5996d1;border-radius: 2px;\"><strong>DAGNEUX<\/strong><br \/>\nFrance<\/a>[\/vc_column][vc_column width=&#8221;1\/4&#8243;]<a href=\"https:\/\/www.ionisos.com\/en\/our-sites\/pouzauges\/\" target=\"_self\" class=\"button custom full \" style=\"background-color: #5996d1; border-color: #5996d1;border-radius: 2px;\"><strong>POUZAUGES<\/strong><br \/>\nFrance<\/a>[\/vc_column][vc_column width=&#8221;1\/4&#8243;]<a href=\"https:\/\/www.ionisos.com\/en\/our-sites\/sable-sur-sarthe\/\" target=\"_self\" class=\"button custom full \" style=\"background-color: #5996d1; border-color: #5996d1;border-radius: 2px;\"><strong>SABLE-SUR-SARTHE<\/strong><br \/>\nFrance<\/a>[\/vc_column][vc_column width=&#8221;1\/4&#8243;]<a href=\"https:\/\/www.ionisos.com\/en\/our-sites\/tallinn\/\" target=\"_self\" class=\"button custom full \" style=\"background-color: #5996d1; border-color: #5996d1;border-radius: 2px;\"><strong>TALLINN<\/strong><br \/>\nEstonia<\/a>[\/vc_column][\/vc_row][vc_row][vc_column width=&#8221;1\/1&#8243;]<div class=\"spacer\" style=\"height: 40px;\"><\/div>[\/vc_column][\/vc_row][vc_row bg_color=&#8221;#0b2677&#8243; text_color=&#8221;light&#8221; text_align=&#8221;center&#8221; top_padding=&#8221;40&#8243; bottom_padding=&#8221;40&#8243;][vc_column width=&#8221;2\/3&#8243;]<div class=\"spacer\" style=\"height: 5px;\"><\/div>[vc_column_text]<\/p>\n<h3 style=\"text-align: left;\">Ionisos also offers Ebeam radiation and ethylene oxide treatment.<\/h3>\n<p>[\/vc_column_text][\/vc_column][vc_column width=&#8221;1\/3&#8243;][vc_column_text]<a href=\"\/en\/our-activities\/e-beam\/\" target=\"_self\" class=\"button color-8 medium \" style=\"border-radius: 2px;\">Ebeam<\/a> \u00a0 \u00a0 \u00a0 \u00a0<a href=\"\/en\/our-activities\/ethylene-oxide\/\" target=\"_self\" class=\"button color-8 medium \" style=\"border-radius: 2px;\">Ethylene oxide<\/a>[\/vc_column_text][\/vc_column][\/vc_row]<\/p>\n","protected":false},"excerpt":{"rendered":"<p>[vc_row bg_image=&#8221;15639&#8243; bg_repeat=&#8221;no-repeat&#8221; text_color=&#8221;light&#8221; text_align=&#8221;center&#8221; top_padding=&#8221;100&#8243; bottom_padding=&#8221;100&#8243;][vc_column width=&#8221;1\/1&#8243;][\/vc_column][\/vc_row][vc_row][vc_column width=&#8221;1\/1&#8243;][vc_column_text] The ionization process used in the facility consists of exposing the products to be treated to gamma radiation emitted by a Cobalt-60 source for a limited duration. [\/vc_column_text][\/vc_column][\/vc_row][vc_row][vc_column width=&#8221;1\/2&#8243;][\/vc_column][vc_column width=&#8221;1\/2&#8243;][vc_column_text] The photons emitted have two energy levels: 1.17 and 1.33 MeV. These gamma rays enable the sterilization of medical equipment, cosmetics, and pharmaceutical products. The source is permanently in the treatment position, i.e., held in the air in the treatment cell. An automatic system feeds the products into the irradiation cell, then passes them in front of the radiation source according to a defined circuit and at an appropriate speed, before removing them from the cell. [\/vc_column_text][\/vc_column][\/vc_row][vc_row][vc_column width=&#8221;1\/1&#8243;][vc_column_text] Our gamma treatment sites [\/vc_column_text][\/vc_column][\/vc_row][vc_row][vc_column width=&#8221;1\/4&#8243;][\/vc_column][vc_column width=&#8221;1\/4&#8243;][\/vc_column][vc_column width=&#8221;1\/4&#8243;][\/vc_column][vc_column width=&#8221;1\/4&#8243;][\/vc_column][\/vc_row][vc_row][vc_column width=&#8221;1\/1&#8243;][\/vc_column][\/vc_row][vc_row bg_color=&#8221;#0b2677&#8243; text_color=&#8221;light&#8221; text_align=&#8221;center&#8221; top_padding=&#8221;40&#8243; bottom_padding=&#8221;40&#8243;][vc_column width=&#8221;2\/3&#8243;][vc_column_text] Ionisos also offers Ebeam radiation and ethylene oxide treatment. [\/vc_column_text][\/vc_column][vc_column width=&#8221;1\/3&#8243;][vc_column_text] \u00a0 \u00a0 \u00a0 \u00a0[\/vc_column_text][\/vc_column][\/vc_row]<\/p>\n","protected":false},"author":1,"featured_media":0,"parent":16030,"menu_order":0,"comment_status":"closed","ping_status":"closed","template":"","meta":{"inline_featured_image":false,"footnotes":""},"class_list":["post-16037","page","type-page","status-publish","hentry"],"yoast_head":"<!-- This site is optimized with the Yoast SEO plugin v26.3 - https:\/\/yoast.com\/wordpress\/plugins\/seo\/ -->\n<title>Gamma treatment - Ionisos<\/title>\n<meta name=\"description\" content=\"Ionisos treats your product pallets (packaging, medical devices, pharmaceutical and veterinary products) using gamma sterilization.\" \/>\n<meta name=\"robots\" content=\"index, follow, max-snippet:-1, max-image-preview:large, max-video-preview:-1\" \/>\n<link rel=\"canonical\" href=\"https:\/\/www.ionisos.com\/nos-activites\/traitement-gamma\/\" \/>\n<meta property=\"og:locale\" content=\"en_US\" \/>\n<meta property=\"og:type\" content=\"article\" \/>\n<meta property=\"og:title\" content=\"Gamma treatment - Ionisos\" \/>\n<meta property=\"og:description\" content=\"Ionisos treats your product pallets (packaging, medical devices, pharmaceutical and veterinary products) using gamma sterilization.\" \/>\n<meta property=\"og:url\" content=\"https:\/\/www.ionisos.com\/nos-activites\/traitement-gamma\/\" \/>\n<meta property=\"og:site_name\" content=\"Ionisos\" \/>\n<meta property=\"article:modified_time\" content=\"2025-06-17T12:16:57+00:00\" \/>\n<meta name=\"twitter:card\" content=\"summary_large_image\" \/>\n<meta name=\"twitter:label1\" content=\"Est. reading time\" \/>\n\t<meta name=\"twitter:data1\" content=\"2 minutes\" \/>\n<script type=\"application\/ld+json\" class=\"yoast-schema-graph\">{\"@context\":\"https:\/\/schema.org\",\"@graph\":[{\"@type\":\"WebPage\",\"@id\":\"https:\/\/www.ionisos.com\/nos-activites\/traitement-gamma\/\",\"url\":\"https:\/\/www.ionisos.com\/nos-activites\/traitement-gamma\/\",\"name\":\"Gamma treatment - Ionisos\",\"isPartOf\":{\"@id\":\"https:\/\/www.ionisos.com\/#website\"},\"datePublished\":\"2017-05-16T14:21:29+00:00\",\"dateModified\":\"2025-06-17T12:16:57+00:00\",\"description\":\"Ionisos treats your product pallets (packaging, medical devices, pharmaceutical and veterinary products) using gamma sterilization.\",\"breadcrumb\":{\"@id\":\"https:\/\/www.ionisos.com\/nos-activites\/traitement-gamma\/#breadcrumb\"},\"inLanguage\":\"en-US\",\"potentialAction\":[{\"@type\":\"ReadAction\",\"target\":[\"https:\/\/www.ionisos.com\/nos-activites\/traitement-gamma\/\"]}]},{\"@type\":\"BreadcrumbList\",\"@id\":\"https:\/\/www.ionisos.com\/nos-activites\/traitement-gamma\/#breadcrumb\",\"itemListElement\":[{\"@type\":\"ListItem\",\"position\":1,\"name\":\"Accueil\",\"item\":\"https:\/\/www.ionisos.com\/en\/\"},{\"@type\":\"ListItem\",\"position\":2,\"name\":\"Our activities\",\"item\":\"https:\/\/www.ionisos.com\/en\/our-activities\/\"},{\"@type\":\"ListItem\",\"position\":3,\"name\":\"Gamma treatment\"}]},{\"@type\":\"WebSite\",\"@id\":\"https:\/\/www.ionisos.com\/#website\",\"url\":\"https:\/\/www.ionisos.com\/\",\"name\":\"Ionisos\",\"description\":\"Ionisation par \u00e9lectrons acc\u00e9l\u00e9r\u00e9s, rayons gamma, rayons X et oxyde d&#039;\u00e9thyl\u00e8ne\",\"potentialAction\":[{\"@type\":\"SearchAction\",\"target\":{\"@type\":\"EntryPoint\",\"urlTemplate\":\"https:\/\/www.ionisos.com\/?s={search_term_string}\"},\"query-input\":{\"@type\":\"PropertyValueSpecification\",\"valueRequired\":true,\"valueName\":\"search_term_string\"}}],\"inLanguage\":\"en-US\"}]}<\/script>\n<!-- \/ Yoast SEO plugin. -->","yoast_head_json":{"title":"Gamma treatment - Ionisos","description":"Ionisos treats your product pallets (packaging, medical devices, pharmaceutical and veterinary products) using gamma sterilization.","robots":{"index":"index","follow":"follow","max-snippet":"max-snippet:-1","max-image-preview":"max-image-preview:large","max-video-preview":"max-video-preview:-1"},"canonical":"https:\/\/www.ionisos.com\/nos-activites\/traitement-gamma\/","og_locale":"en_US","og_type":"article","og_title":"Gamma treatment - Ionisos","og_description":"Ionisos treats your product pallets (packaging, medical devices, pharmaceutical and veterinary products) using gamma sterilization.","og_url":"https:\/\/www.ionisos.com\/nos-activites\/traitement-gamma\/","og_site_name":"Ionisos","article_modified_time":"2025-06-17T12:16:57+00:00","twitter_card":"summary_large_image","twitter_misc":{"Est. reading time":"2 minutes"},"schema":{"@context":"https:\/\/schema.org","@graph":[{"@type":"WebPage","@id":"https:\/\/www.ionisos.com\/nos-activites\/traitement-gamma\/","url":"https:\/\/www.ionisos.com\/nos-activites\/traitement-gamma\/","name":"Gamma treatment - Ionisos","isPartOf":{"@id":"https:\/\/www.ionisos.com\/#website"},"datePublished":"2017-05-16T14:21:29+00:00","dateModified":"2025-06-17T12:16:57+00:00","description":"Ionisos treats your product pallets (packaging, medical devices, pharmaceutical and veterinary products) using gamma sterilization.","breadcrumb":{"@id":"https:\/\/www.ionisos.com\/nos-activites\/traitement-gamma\/#breadcrumb"},"inLanguage":"en-US","potentialAction":[{"@type":"ReadAction","target":["https:\/\/www.ionisos.com\/nos-activites\/traitement-gamma\/"]}]},{"@type":"BreadcrumbList","@id":"https:\/\/www.ionisos.com\/nos-activites\/traitement-gamma\/#breadcrumb","itemListElement":[{"@type":"ListItem","position":1,"name":"Accueil","item":"https:\/\/www.ionisos.com\/en\/"},{"@type":"ListItem","position":2,"name":"Our activities","item":"https:\/\/www.ionisos.com\/en\/our-activities\/"},{"@type":"ListItem","position":3,"name":"Gamma treatment"}]},{"@type":"WebSite","@id":"https:\/\/www.ionisos.com\/#website","url":"https:\/\/www.ionisos.com\/","name":"Ionisos","description":"Ionisation par \u00e9lectrons acc\u00e9l\u00e9r\u00e9s, rayons gamma, rayons X et oxyde d&#039;\u00e9thyl\u00e8ne","potentialAction":[{"@type":"SearchAction","target":{"@type":"EntryPoint","urlTemplate":"https:\/\/www.ionisos.com\/?s={search_term_string}"},"query-input":{"@type":"PropertyValueSpecification","valueRequired":true,"valueName":"search_term_string"}}],"inLanguage":"en-US"}]}},"_links":{"self":[{"href":"https:\/\/www.ionisos.com\/en\/wp-json\/wp\/v2\/pages\/16037","targetHints":{"allow":["GET"]}}],"collection":[{"href":"https:\/\/www.ionisos.com\/en\/wp-json\/wp\/v2\/pages"}],"about":[{"href":"https:\/\/www.ionisos.com\/en\/wp-json\/wp\/v2\/types\/page"}],"author":[{"embeddable":true,"href":"https:\/\/www.ionisos.com\/en\/wp-json\/wp\/v2\/users\/1"}],"replies":[{"embeddable":true,"href":"https:\/\/www.ionisos.com\/en\/wp-json\/wp\/v2\/comments?post=16037"}],"version-history":[{"count":22,"href":"https:\/\/www.ionisos.com\/en\/wp-json\/wp\/v2\/pages\/16037\/revisions"}],"predecessor-version":[{"id":26915,"href":"https:\/\/www.ionisos.com\/en\/wp-json\/wp\/v2\/pages\/16037\/revisions\/26915"}],"up":[{"embeddable":true,"href":"https:\/\/www.ionisos.com\/en\/wp-json\/wp\/v2\/pages\/16030"}],"wp:attachment":[{"href":"https:\/\/www.ionisos.com\/en\/wp-json\/wp\/v2\/media?parent=16037"}],"curies":[{"name":"wp","href":"https:\/\/api.w.org\/{rel}","templated":true}]}}