 {"id":16032,"date":"2017-05-16T16:08:04","date_gmt":"2017-05-16T14:08:04","guid":{"rendered":"https:\/\/www.ionisos.com\/?page_id=16032\/"},"modified":"2025-04-15T17:08:19","modified_gmt":"2025-04-15T15:08:19","slug":"e-beam","status":"publish","type":"page","link":"https:\/\/www.ionisos.com\/en\/our-activities\/e-beam\/","title":{"rendered":"E-beam treatment"},"content":{"rendered":"<p>[vc_row bg_image=&#8221;15629&#8243; bg_repeat=&#8221;no-repeat&#8221; text_color=&#8221;light&#8221; text_align=&#8221;center&#8221; top_padding=&#8221;100&#8243; bottom_padding=&#8221;100&#8243;][vc_column width=&#8221;1\/1&#8243;]<h1 class=\"headline font-special fontsize-xxxl fontweight-inherit lh-inherit align-center transform-uppercase \" style=\"margin: 0;\"> <strong>E-beam treatment<\/strong><\/h1>[\/vc_column][\/vc_row][vc_row][vc_column width=&#8221;1\/1&#8243;]<div class=\"spacer\" style=\"height: 40px;\"><\/div>[vc_column_text]<\/p>\n<p style=\"text-align: center;\"><span style=\"font-family: Abel; font-size: 25px;\">The ionization process used in the facility consists of <strong>continuously conveying the products to be treated at a regulated speed through the E-beam radiation<\/strong> emitted by an electron accelerator.<\/span><\/p>\n<p>[\/vc_column_text]<div class=\"spacer\" style=\"height: 40px;\"><\/div>[\/vc_column][\/vc_row][vc_row][vc_column width=&#8221;1\/2&#8243;]<div class=\"video-embed  wpb_content_element\"><iframe loading=\"lazy\" title=\"Ionisos - Technologie par rayonnement b\u00eata\" width=\"1161\" height=\"653\" src=\"https:\/\/www.youtube.com\/embed\/gni0ign70lU?feature=oembed\" frameborder=\"0\" allow=\"accelerometer; autoplay; clipboard-write; encrypted-media; gyroscope; picture-in-picture; web-share\" referrerpolicy=\"strict-origin-when-cross-origin\" allowfullscreen><\/iframe><\/div>[\/vc_column][vc_column width=&#8221;1\/2&#8243;][vc_column_text]<\/p>\n<p style=\"text-align: justify;\">The emitted electrons have a single energy level: <strong>9.8 MeV +\/- 0.2.<\/strong><\/p>\n<p style=\"text-align: justify;\">An <strong>automated conveyor system<\/strong> transports the products into the irradiation cell, then moves them under the electron beam at an appropriate speed (depending on the required dose and the nature of the product).<\/p>\n<p style=\"text-align: justify;\">The treatment is generally carried out in <strong>two passes under the beam<\/strong>: one pass with the box upright, and a second pass with the box upside down (double-sided treatment).<\/p>\n<p>[\/vc_column_text]<div class=\"minti_list wpb_content_element color-accent plus\" style=\"padding-left: 10px;\">The dose absorbed by the product mainly depends on the following factors:<\/p>\n<ul>\n<li>the power and energy of the electron beam,<\/li>\n<li>the speed at which it passes under the beam,<\/li>\n<li>the composition and density of the materials.<\/li>\n<\/ul>\n<\/div>[vc_tta_accordion style=&#8221;flat&#8221; active_section=&#8221;0&#8243; collapsible_all=&#8221;true&#8221;][vc_tta_section title=&#8221;Technology: Ebeam radiation, in packages&#8221; tab_id=&#8221;1490622542764-db62caec-e48a&#8221;][vc_column_text]<\/p>\n<p style=\"text-align: justify;\">Electron beams are generated by <strong>electrical generators that use high-energy electrons<\/strong> (10 MeV), which are <strong>highly penetrating<\/strong>.<\/p>\n<p style=\"text-align: justify;\">The treatment is carried out continuously; it is <strong>fast<\/strong>, with the exposure time to radiation lasting only a few seconds.<\/p>\n<p style=\"text-align: justify;\">The dose, expressed in kiloGray (kGy), is inversely proportional to the speed of the conveyor under the electron beam.<\/p>\n<p style=\"text-align: justify;\">The conveyor speed is the only control parameter required after prior validation of the packaging.<\/p>\n<p style=\"text-align: justify;\"><strong>A safe and reproducible treatment.<\/strong><\/p>\n<p style=\"text-align: justify;\">Computer files, production document archiving, and the simplicity of the process ensure <strong>the reproducibility and safety of the treatments<\/strong>.<\/p>\n<p style=\"text-align: justify;\">This is a <strong>physical process with no residual effects and no temperature increase<\/strong>.<\/p>\n<p>[\/vc_column_text][\/vc_tta_section][\/vc_tta_accordion][\/vc_column][\/vc_row][vc_row][vc_column width=&#8221;1\/1&#8243;]<div class=\"spacer\" style=\"height: 80px;\"><\/div>[vc_column_text]<\/p>\n<p style=\"text-align: center;\"><span style=\"font-family: Abel;\"><span style=\"font-size: 25px;\">Our E-beam Treatment Sites<\/span><\/span><\/p>\n<p>[\/vc_column_text]<div class=\"spacer\" style=\"height: 30px;\"><\/div>[\/vc_column][\/vc_row][vc_row][vc_column width=&#8221;1\/4&#8243;]<a href=\"https:\/\/www.ionisos.com\/nos-sites\/bautzen\/\" target=\"_self\" class=\"button custom full \" style=\"background-color: #ea5045; border-color: #ea5045;border-radius: 2px;\"><strong>BAUTZEN<\/strong> Germany<\/a>[\/vc_column][vc_column width=&#8221;1\/4&#8243;]<a href=\"https:\/\/www.ionisos.com\/nos-sites\/chaumesnil\/\" target=\"_self\" class=\"button custom full \" style=\"background-color: #ea5045; border-color: #ea5045;border-radius: 2px;\"><strong>CHAUMESNIL<\/strong> France<\/a>[\/vc_column][vc_column width=&#8221;1\/4&#8243;]<a href=\"https:\/\/www.ionisos.com\/nos-sites\/daniken\/\" target=\"_self\" class=\"button custom full \" style=\"background-color: #ea5045; border-color: #ea5045;border-radius: 2px;\"><strong>D\u00c4NIKEN<\/strong> Switzerland<\/a>[\/vc_column][vc_column width=&#8221;1\/4&#8243;]<a href=\"https:\/\/www.ionisos.com\/nos-sites\/ionisos-iberica\/\" target=\"_self\" class=\"button custom full \" style=\"background-color: #ea5045; border-color: #ea5045;border-radius: 2px;\"><strong>TARANC\u00d3N<\/strong> Spain<\/a>[\/vc_column][\/vc_row][vc_row][vc_column width=&#8221;1\/1&#8243;]<div class=\"spacer\" style=\"height: 40px;\"><\/div>[\/vc_column][\/vc_row][vc_row bg_color=&#8221;#0b2677&#8243; text_color=&#8221;light&#8221; text_align=&#8221;center&#8221; top_padding=&#8221;40&#8243; bottom_padding=&#8221;40&#8243;][vc_column width=&#8221;2\/3&#8243;]<div class=\"spacer\" style=\"height: 5px;\"><\/div>[vc_column_text]<\/p>\n<h3 style=\"text-align: left;\">Ionisos also offers gamma radiation and ethylene oxide treatment.<\/h3>\n<p>[\/vc_column_text][\/vc_column][vc_column width=&#8221;1\/3&#8243;][vc_column_text]<a href=\"\/our-activities\/gamma-treatment\/\" target=\"_self\" class=\"button color-8 medium \" style=\"border-radius: 2px;\">Gamma<\/a> \u00a0 \u00a0 \u00a0 \u00a0<a href=\"\/our-activities\/ethylene-oxide\/\" target=\"_self\" class=\"button color-8 medium \" style=\"border-radius: 2px;\">Ethylene Oxide<\/a>\n[\/vc_column_text][\/vc_column][\/vc_row]<\/p>\n","protected":false},"excerpt":{"rendered":"<p>[vc_row bg_image=&#8221;15629&#8243; bg_repeat=&#8221;no-repeat&#8221; text_color=&#8221;light&#8221; text_align=&#8221;center&#8221; top_padding=&#8221;100&#8243; bottom_padding=&#8221;100&#8243;][vc_column width=&#8221;1\/1&#8243;][\/vc_column][\/vc_row][vc_row][vc_column width=&#8221;1\/1&#8243;][vc_column_text] The ionization process used in the facility consists of continuously conveying the products to be treated at a regulated speed through the E-beam radiation emitted by an electron accelerator. [\/vc_column_text][\/vc_column][\/vc_row][vc_row][vc_column width=&#8221;1\/2&#8243;][\/vc_column][vc_column width=&#8221;1\/2&#8243;][vc_column_text] The emitted electrons have a single energy level: 9.8 MeV +\/- 0.2. An automated conveyor system transports the products into the irradiation cell, then moves them under the electron beam at an appropriate speed (depending on the required dose and the nature of the product). The treatment is generally carried out in two passes under the beam: one pass with the box upright, and a second pass with the box upside down (double-sided treatment). [\/vc_column_text][vc_tta_accordion style=&#8221;flat&#8221; active_section=&#8221;0&#8243; collapsible_all=&#8221;true&#8221;][vc_tta_section title=&#8221;Technology: Ebeam radiation, in packages&#8221; tab_id=&#8221;1490622542764-db62caec-e48a&#8221;][vc_column_text] Electron beams are generated by electrical generators that use high-energy electrons (10 MeV), which are highly penetrating. The treatment is carried out continuously; it is fast, with the exposure time to radiation lasting only a few seconds. The dose, expressed in kiloGray (kGy), is inversely proportional to the speed of the conveyor under the electron beam. The conveyor speed is the only control parameter required after prior validation of the packaging. A safe and reproducible [&hellip;]<\/p>\n","protected":false},"author":1,"featured_media":0,"parent":16030,"menu_order":0,"comment_status":"closed","ping_status":"closed","template":"","meta":{"inline_featured_image":false,"footnotes":""},"class_list":["post-16032","page","type-page","status-publish","hentry"],"yoast_head":"<!-- This site is optimized with the Yoast SEO plugin v26.3 - https:\/\/yoast.com\/wordpress\/plugins\/seo\/ -->\n<title>E-beam treatment - Ionisos<\/title>\n<meta name=\"description\" content=\"IONISOS presents its e-beam treatment services, a method that uses the power of electron beams for a safe and effective result.\" \/>\n<meta name=\"robots\" content=\"index, follow, max-snippet:-1, max-image-preview:large, max-video-preview:-1\" \/>\n<link rel=\"canonical\" href=\"https:\/\/www.ionisos.com\/en\/our-activities\/e-beam\/\" \/>\n<meta property=\"og:locale\" content=\"en_US\" \/>\n<meta property=\"og:type\" content=\"article\" \/>\n<meta property=\"og:title\" content=\"E-beam treatment - Ionisos\" \/>\n<meta property=\"og:description\" content=\"IONISOS presents its e-beam treatment services, a method that uses the power of electron beams for a safe and effective result.\" \/>\n<meta property=\"og:url\" content=\"https:\/\/www.ionisos.com\/en\/our-activities\/e-beam\/\" \/>\n<meta property=\"og:site_name\" content=\"Ionisos\" \/>\n<meta property=\"article:modified_time\" content=\"2025-04-15T15:08:19+00:00\" \/>\n<meta name=\"twitter:card\" content=\"summary_large_image\" \/>\n<meta name=\"twitter:label1\" content=\"Est. reading time\" \/>\n\t<meta name=\"twitter:data1\" content=\"2 minutes\" \/>\n<script type=\"application\/ld+json\" class=\"yoast-schema-graph\">{\"@context\":\"https:\/\/schema.org\",\"@graph\":[{\"@type\":\"WebPage\",\"@id\":\"https:\/\/www.ionisos.com\/en\/our-activities\/e-beam\/\",\"url\":\"https:\/\/www.ionisos.com\/en\/our-activities\/e-beam\/\",\"name\":\"E-beam treatment - Ionisos\",\"isPartOf\":{\"@id\":\"https:\/\/www.ionisos.com\/#website\"},\"datePublished\":\"2017-05-16T14:08:04+00:00\",\"dateModified\":\"2025-04-15T15:08:19+00:00\",\"description\":\"IONISOS presents its e-beam treatment services, a method that uses the power of electron beams for a safe and effective result.\",\"breadcrumb\":{\"@id\":\"https:\/\/www.ionisos.com\/en\/our-activities\/e-beam\/#breadcrumb\"},\"inLanguage\":\"en-US\",\"potentialAction\":[{\"@type\":\"ReadAction\",\"target\":[\"https:\/\/www.ionisos.com\/en\/our-activities\/e-beam\/\"]}]},{\"@type\":\"BreadcrumbList\",\"@id\":\"https:\/\/www.ionisos.com\/en\/our-activities\/e-beam\/#breadcrumb\",\"itemListElement\":[{\"@type\":\"ListItem\",\"position\":1,\"name\":\"Accueil\",\"item\":\"https:\/\/www.ionisos.com\/en\/\"},{\"@type\":\"ListItem\",\"position\":2,\"name\":\"Our activities\",\"item\":\"https:\/\/www.ionisos.com\/en\/our-activities\/\"},{\"@type\":\"ListItem\",\"position\":3,\"name\":\"E-beam treatment\"}]},{\"@type\":\"WebSite\",\"@id\":\"https:\/\/www.ionisos.com\/#website\",\"url\":\"https:\/\/www.ionisos.com\/\",\"name\":\"Ionisos\",\"description\":\"Ionisation par \u00e9lectrons acc\u00e9l\u00e9r\u00e9s, rayons gamma, rayons X et oxyde d&#039;\u00e9thyl\u00e8ne\",\"potentialAction\":[{\"@type\":\"SearchAction\",\"target\":{\"@type\":\"EntryPoint\",\"urlTemplate\":\"https:\/\/www.ionisos.com\/?s={search_term_string}\"},\"query-input\":{\"@type\":\"PropertyValueSpecification\",\"valueRequired\":true,\"valueName\":\"search_term_string\"}}],\"inLanguage\":\"en-US\"}]}<\/script>\n<!-- \/ Yoast SEO plugin. -->","yoast_head_json":{"title":"E-beam treatment - Ionisos","description":"IONISOS presents its e-beam treatment services, a method that uses the power of electron beams for a safe and effective result.","robots":{"index":"index","follow":"follow","max-snippet":"max-snippet:-1","max-image-preview":"max-image-preview:large","max-video-preview":"max-video-preview:-1"},"canonical":"https:\/\/www.ionisos.com\/en\/our-activities\/e-beam\/","og_locale":"en_US","og_type":"article","og_title":"E-beam treatment - Ionisos","og_description":"IONISOS presents its e-beam treatment services, a method that uses the power of electron beams for a safe and effective result.","og_url":"https:\/\/www.ionisos.com\/en\/our-activities\/e-beam\/","og_site_name":"Ionisos","article_modified_time":"2025-04-15T15:08:19+00:00","twitter_card":"summary_large_image","twitter_misc":{"Est. reading time":"2 minutes"},"schema":{"@context":"https:\/\/schema.org","@graph":[{"@type":"WebPage","@id":"https:\/\/www.ionisos.com\/en\/our-activities\/e-beam\/","url":"https:\/\/www.ionisos.com\/en\/our-activities\/e-beam\/","name":"E-beam treatment - Ionisos","isPartOf":{"@id":"https:\/\/www.ionisos.com\/#website"},"datePublished":"2017-05-16T14:08:04+00:00","dateModified":"2025-04-15T15:08:19+00:00","description":"IONISOS presents its e-beam treatment services, a method that uses the power of electron beams for a safe and effective result.","breadcrumb":{"@id":"https:\/\/www.ionisos.com\/en\/our-activities\/e-beam\/#breadcrumb"},"inLanguage":"en-US","potentialAction":[{"@type":"ReadAction","target":["https:\/\/www.ionisos.com\/en\/our-activities\/e-beam\/"]}]},{"@type":"BreadcrumbList","@id":"https:\/\/www.ionisos.com\/en\/our-activities\/e-beam\/#breadcrumb","itemListElement":[{"@type":"ListItem","position":1,"name":"Accueil","item":"https:\/\/www.ionisos.com\/en\/"},{"@type":"ListItem","position":2,"name":"Our activities","item":"https:\/\/www.ionisos.com\/en\/our-activities\/"},{"@type":"ListItem","position":3,"name":"E-beam treatment"}]},{"@type":"WebSite","@id":"https:\/\/www.ionisos.com\/#website","url":"https:\/\/www.ionisos.com\/","name":"Ionisos","description":"Ionisation par \u00e9lectrons acc\u00e9l\u00e9r\u00e9s, rayons gamma, rayons X et oxyde d&#039;\u00e9thyl\u00e8ne","potentialAction":[{"@type":"SearchAction","target":{"@type":"EntryPoint","urlTemplate":"https:\/\/www.ionisos.com\/?s={search_term_string}"},"query-input":{"@type":"PropertyValueSpecification","valueRequired":true,"valueName":"search_term_string"}}],"inLanguage":"en-US"}]}},"_links":{"self":[{"href":"https:\/\/www.ionisos.com\/en\/wp-json\/wp\/v2\/pages\/16032","targetHints":{"allow":["GET"]}}],"collection":[{"href":"https:\/\/www.ionisos.com\/en\/wp-json\/wp\/v2\/pages"}],"about":[{"href":"https:\/\/www.ionisos.com\/en\/wp-json\/wp\/v2\/types\/page"}],"author":[{"embeddable":true,"href":"https:\/\/www.ionisos.com\/en\/wp-json\/wp\/v2\/users\/1"}],"replies":[{"embeddable":true,"href":"https:\/\/www.ionisos.com\/en\/wp-json\/wp\/v2\/comments?post=16032"}],"version-history":[{"count":26,"href":"https:\/\/www.ionisos.com\/en\/wp-json\/wp\/v2\/pages\/16032\/revisions"}],"predecessor-version":[{"id":26574,"href":"https:\/\/www.ionisos.com\/en\/wp-json\/wp\/v2\/pages\/16032\/revisions\/26574"}],"up":[{"embeddable":true,"href":"https:\/\/www.ionisos.com\/en\/wp-json\/wp\/v2\/pages\/16030"}],"wp:attachment":[{"href":"https:\/\/www.ionisos.com\/en\/wp-json\/wp\/v2\/media?parent=16032"}],"curies":[{"name":"wp","href":"https:\/\/api.w.org\/{rel}","templated":true}]}}