 {"id":16030,"date":"2017-05-16T15:55:14","date_gmt":"2017-05-16T13:55:14","guid":{"rendered":"https:\/\/www.ionisos.com\/?page_id=16030\/"},"modified":"2025-06-17T12:18:01","modified_gmt":"2025-06-17T10:18:01","slug":"our-activities","status":"publish","type":"page","link":"https:\/\/www.ionisos.com\/en\/our-activities\/","title":{"rendered":"Our activities"},"content":{"rendered":"<p>[vc_row bg_image=&#8221;15566&#8243; bg_repeat=&#8221;no-repeat&#8221; text_color=&#8221;light&#8221; text_align=&#8221;center&#8221; top_padding=&#8221;100&#8243; bottom_padding=&#8221;100&#8243;][vc_column width=&#8221;1\/1&#8243;]<h1 class=\"headline font-special fontsize-xxxl fontweight-inherit lh-inherit align-center transform-uppercase \" style=\"margin: 0;\">Our <strong>activities<\/strong><\/h1>[\/vc_column][\/vc_row][vc_row][vc_column width=&#8221;1\/1&#8243;]<div class=\"spacer\" style=\"height: 40px;\"><\/div>[\/vc_column][\/vc_row][vc_row bg_position=&#8221;left top&#8221;][vc_column width=&#8221;1\/1&#8243;]<h2 class=\"headline font-special fontsize-m fontweight-600 lh-inherit align-center transform-uppercase \" style=\"margin: 0 0 20px 0;\">The functions<\/h2>[vc_row_inner][vc_column_inner width=&#8221;1\/2&#8243;]<div class=\"iconbox  iconbox-style-8 icon-color-greyscale color-dark clearfix\"><h3>Sterilize<\/h3><i class=\"fa sl-drop boxicon\" style=\"\"><\/i><p><a href=\"http:\/\/\" target=\"_self\" class=\"button color-1 small \" style=\"border-radius: 2px;\">Learn more<\/a><\/p><\/div>[\/vc_column_inner][vc_column_inner width=&#8221;1\/2&#8243;]<div class=\"iconbox  iconbox-style-8 icon-color-greyscale color-dark clearfix\"><h3>Crosslink<\/h3><i class=\"fa sl-layers boxicon\" style=\"\"><\/i><p><a href=\"\/en\/our-activities\/crosslinking\/\" target=\"_self\" class=\"button color-1 small \" style=\"border-radius: 2px;\">Learn more<\/a><\/p><\/div>[\/vc_column_inner][\/vc_row_inner][\/vc_column][\/vc_row][vc_row][vc_column width=&#8221;1\/1&#8243;]<div class=\"spacer\" style=\"height: 40px;\"><\/div>[\/vc_column][\/vc_row][vc_row][vc_column width=&#8221;2\/3&#8243;]<h2 class=\"headline font-special fontsize-m fontweight-600 lh-inherit align-left transform-uppercase \" style=\"margin: 0 0 20px 0;\">Areas of application<\/h2>[vc_column_text]Ionization can be used in <strong>different fields<\/strong> for <strong>varied applications<\/strong>.[\/vc_column_text][vc_tta_accordion style=&#8221;flat&#8221; active_section=&#8221;0&#8243; collapsible_all=&#8221;true&#8221;][vc_tta_section title=&#8221;Medical and surgical&#8221; tab_id=&#8221;1490695151271-56f9569b-07aa&#8221;][vc_column_text]<\/p>\n<p style=\"text-align: justify;\">Sterilization of <strong>single-use medical-surgical equipment<\/strong> and <strong>laboratory items<\/strong> is done through sealed packaging, at the stage of the product palletized.<\/p>\n<p style=\"text-align: justify;\">It leaves <strong>no toxic residue in the ionized materials<\/strong> and therefore allows immediate use of the equipment after sterilization.<\/p>\n<p style=\"text-align: justify;\">Recognized for its effectiveness since the early 1950s, ionization is the leading sterilization process in economically developed countries.<\/p>\n<p>[\/vc_column_text][\/vc_tta_section][vc_tta_section title=&#8221;Pharmacy and cosmetics&#8221; tab_id=&#8221;1490695151300-493eb754-19d8&#8243;][vc_column_text]<\/p>\n<p style=\"text-align: justify;\">L&#8217;ionisation s&#8217;applique aux emballages vides, aux mati\u00e8res premi\u00e8res, mais aussi aux produits finis.<\/p>\n<p style=\"text-align: justify;\">Elle s&#8217;inscrit dans le <strong>concept de l&#8217;assurance qualit\u00e9<\/strong> au m\u00eame titre que les proc\u00e9d\u00e9s sous flux laminaires, les op\u00e9rations en salles propres et l&#8217;automatisation des processus.<\/p>\n<p>[\/vc_column_text][\/vc_tta_section][vc_tta_section title=&#8221;The chemistry of plastics&#8221; tab_id=&#8221;1490695151339-6a8b96a4-75fc&#8221;][vc_column_text]<\/p>\n<p style=\"text-align: justify;\">Ionization <strong>improves the mechanical properties of polyethylene films<\/strong> and allows, with equal performance, to <strong>reduce thicknesses<\/strong> by 40 to 60%.<\/p>\n<p style=\"text-align: justify;\">It <strong>widens the melting ranges of shrink films<\/strong>. As a result, machine settings are less delicate and the quality of shrinkage is better.<\/p>\n<p style=\"text-align: justify;\">Several research programs are underway to expand the range of applications for polymer ionization.<\/p>\n<p>[\/vc_column_text][\/vc_tta_section][\/vc_tta_accordion][\/vc_column][vc_column width=&#8221;1\/3&#8243;]<div class=\"single_image wpb_content_element align-left  animate   \" data-animation=\"fade-in-from-right\" data-delay=\"0\"><img loading=\"lazy\" decoding=\"async\" width=\"800\" height=\"700\" src=\"https:\/\/www.ionisos.com\/wp-content\/uploads\/2017\/03\/Fotolia_92798419_Subscription_Monthly_M-1-1.jpg\" class=\"attachment-full\" alt=\"\" srcset=\"https:\/\/www.ionisos.com\/wp-content\/uploads\/2017\/03\/Fotolia_92798419_Subscription_Monthly_M-1-1.jpg 800w, https:\/\/www.ionisos.com\/wp-content\/uploads\/2017\/03\/Fotolia_92798419_Subscription_Monthly_M-1-1-300x263.jpg 300w, https:\/\/www.ionisos.com\/wp-content\/uploads\/2017\/03\/Fotolia_92798419_Subscription_Monthly_M-1-1-768x672.jpg 768w, https:\/\/www.ionisos.com\/wp-content\/uploads\/2017\/03\/Fotolia_92798419_Subscription_Monthly_M-1-1-200x175.jpg 200w\" sizes=\"auto, (max-width: 800px) 100vw, 800px\" \/><\/div>[\/vc_column][\/vc_row][vc_row][vc_column width=&#8221;1\/1&#8243;]<div class=\"spacer\" style=\"height: 40px;\"><\/div>[\/vc_column][\/vc_row][vc_row bg_color=&#8221;#f4f4f4&#8243; text_align=&#8221;center&#8221; top_padding=&#8221;40&#8243; bottom_padding=&#8221;40&#8243;][vc_column width=&#8221;1\/1&#8243;]<h2 class=\"headline font-special fontsize-m fontweight-600 lh-inherit align-center transform-uppercase \" style=\"margin: 0 0 20px 0;\">Techniques<\/h2>[vc_column_text]<a href=\"\/en\/our-activities\/e-beam\/\" target=\"_self\" class=\"button custom medium \" style=\"background-color: #ea5045; border-color: #ea5045;border-radius: 2px;\">Ebeam<\/a> <a href=\"\/en\/our-activities\/gamma-rays\/\" target=\"_self\" class=\"button custom medium \" style=\"background-color: #5996d1; border-color: #5996d1;border-radius: 2px;\">Gamma Rays<\/a> <a href=\"https:\/\/www.ionisos.com\/en\/our-activities\/x-ray-treatment\/\" target=\"_self\" class=\"button custom medium \" style=\"background-color: #EF9E1C; border-color: #EF9E1C;border-radius: 2px;\">X-Rays<\/a> <a href=\"\/en\/our-activities\/ethylene-oxide\/\" target=\"_self\" class=\"button custom medium \" style=\"background-color: #21b3aa; border-color: #21b3aa;border-radius: 2px;\">Ethylene Oxide<\/a>[\/vc_column_text][\/vc_column][\/vc_row][vc_row bg_color=&#8221;#0b2677&#8243; text_color=&#8221;light&#8221; text_align=&#8221;center&#8221; top_padding=&#8221;40&#8243; bottom_padding=&#8221;40&#8243;][vc_column width=&#8221;3\/4&#8243;]<div class=\"spacer\" style=\"height: 5px;\"><\/div>[vc_column_text]<\/p>\n<h3 style=\"text-align: left;\">The Ionisos group offers you the opportunity to jointly conduct research and development programs.<\/h3>\n<p>[\/vc_column_text][\/vc_column][vc_column width=&#8221;1\/4&#8243;]<a href=\"\/en\/ionisos-sterilization-by-gamma-and-beta-ionization-and-ethylene-oxide\/research-development\/\" target=\"_self\" class=\"button color-8 medium \" style=\"border-radius: 2px;\">Learn more<\/a>[\/vc_column][\/vc_row][vc_row][vc_column width=&#8221;1\/1&#8243;]<div class=\"spacer\" style=\"height: 40px;\"><\/div>[vc_column_text]<\/p>\n<p style=\"text-align: center;\"><span style=\"font-family: Abel; font-size: 25px;\">To complement its sterilization activity for medical equipment, cosmetic products, pharmaceutical raw materials, packaging&#8230; <strong>several associated services<\/strong> can be organized by the Ionisos group:<\/span><\/p>\n<p>[\/vc_column_text][vc_row_inner][vc_column_inner width=&#8221;1\/2&#8243;]<div class=\"minti_list wpb_content_element color-accent plus\" style=\"padding-left: 10px;\">\n<ul>\n<li>consulting,<\/li>\n<li>information on legislation,<\/li>\n<li>transport and order splitting from our factories,<\/li>\n<li>refrigerated storage,<\/li>\n<li>microbiological testing.<\/li>\n<\/ul>\n<\/div>[\/vc_column_inner][vc_column_inner width=&#8221;1\/2&#8243;]<div class=\"minti_list wpb_content_element color-accent plus\" style=\"padding-left: 10px;\">\n<ul>\n<li>strength testing,<\/li>\n<li>process validation,<\/li>\n<li>performance qualification: <a href=\"\/our-services\/beta-treatment\/\">beta process<\/a>, <a href=\"\/our-services\/gamma-treatment\/\">gamma process<\/a>, <a href=\"https:\/\/www.ionisos.com\/our-activities\/ethylene-oxide\/\">ethylene oxide<\/a><\/li>\n<li>training of your staff on our technologies.<\/li>\n<\/ul>\n<\/div>[\/vc_column_inner][\/vc_row_inner]<div class=\"spacer\" style=\"height: 40px;\"><\/div>[\/vc_column][\/vc_row][vc_row bg_color=&#8221;#f4f4f4&#8243;][vc_column width=&#8221;1\/1&#8243;]<div class=\"spacer\" style=\"height: 40px;\"><\/div>[vc_column_text]<\/p>\n<p style=\"text-align: center;\"><span style=\"font-family: Abel; font-size: 25px;\"><strong>For each treatment<\/strong> the IONISOS group performs:<\/span><\/p>\n<p>[\/vc_column_text][\/vc_column][\/vc_row][vc_row bg_color=&#8221;#f4f4f4&#8243; top_padding=&#8221;40&#8243; bottom_padding=&#8221;40&#8243;][vc_column width=&#8221;1\/3&#8243;]<div class=\"single_image wpb_content_element align-left  animate   \" data-animation=\"fade-in-from-left\" data-delay=\"0\"><img loading=\"lazy\" decoding=\"async\" width=\"800\" height=\"533\" src=\"https:\/\/www.ionisos.com\/wp-content\/uploads\/2017\/03\/Fotolia_43284149_XL.jpg\" class=\"attachment-full\" alt=\"\" srcset=\"https:\/\/www.ionisos.com\/wp-content\/uploads\/2017\/03\/Fotolia_43284149_XL.jpg 800w, https:\/\/www.ionisos.com\/wp-content\/uploads\/2017\/03\/Fotolia_43284149_XL-300x200.jpg 300w, https:\/\/www.ionisos.com\/wp-content\/uploads\/2017\/03\/Fotolia_43284149_XL-768x512.jpg 768w, https:\/\/www.ionisos.com\/wp-content\/uploads\/2017\/03\/Fotolia_43284149_XL-600x400.jpg 600w, https:\/\/www.ionisos.com\/wp-content\/uploads\/2017\/03\/Fotolia_43284149_XL-200x133.jpg 200w\" sizes=\"auto, (max-width: 800px) 100vw, 800px\" \/><\/div>[\/vc_column][vc_column width=&#8221;2\/3&#8243;]<div class=\"minti_list wpb_content_element color-accent plus\" style=\"padding-left: 10px;\">\n<ul>\n<li>computerized process control ensuring reliability, monitoring, and reproducibility,<\/li>\n<li>dose control according to applicable rules and regulations,<\/li>\n<li>documentary follow-up: issuance of a treatment certificate.<\/li>\n<\/ul>\n<\/div><div class=\"spacer\" style=\"height: 40px;\"><\/div>[\/vc_column][\/vc_row][vc_row bg_color=&#8221;#0b2677&#8243; text_color=&#8221;light&#8221; text_align=&#8221;center&#8221; top_padding=&#8221;40&#8243; bottom_padding=&#8221;40&#8243;][vc_column width=&#8221;3\/4&#8243;]<div class=\"spacer\" style=\"height: 5px;\"><\/div>[vc_column_text]<\/p>\n<h3 style=\"text-align: left;\">Would you like to contact Ionisos for an ionization request?<\/h3>\n<p>[\/vc_column_text][\/vc_column][vc_column width=&#8221;1\/4&#8243;]<a href=\"\/contact\/\" target=\"_self\" class=\"button color-8 medium \" style=\"border-radius: 2px;\">Contact us<\/a>[\/vc_column][\/vc_row][vc_row][vc_column width=&#8221;1\/1&#8243;][\/vc_column][\/vc_row]<\/p>\n","protected":false},"excerpt":{"rendered":"<p>[vc_row bg_image=&#8221;15566&#8243; bg_repeat=&#8221;no-repeat&#8221; text_color=&#8221;light&#8221; text_align=&#8221;center&#8221; top_padding=&#8221;100&#8243; bottom_padding=&#8221;100&#8243;][vc_column width=&#8221;1\/1&#8243;][\/vc_column][\/vc_row][vc_row][vc_column width=&#8221;1\/1&#8243;][\/vc_column][\/vc_row][vc_row bg_position=&#8221;left top&#8221;][vc_column width=&#8221;1\/1&#8243;][vc_row_inner][vc_column_inner width=&#8221;1\/2&#8243;][\/vc_column_inner][vc_column_inner width=&#8221;1\/2&#8243;][\/vc_column_inner][\/vc_row_inner][\/vc_column][\/vc_row][vc_row][vc_column width=&#8221;1\/1&#8243;][\/vc_column][\/vc_row][vc_row][vc_column width=&#8221;2\/3&#8243;][vc_column_text]Ionization can be used in different fields for varied applications.[\/vc_column_text][vc_tta_accordion style=&#8221;flat&#8221; active_section=&#8221;0&#8243; collapsible_all=&#8221;true&#8221;][vc_tta_section title=&#8221;Medical and surgical&#8221; tab_id=&#8221;1490695151271-56f9569b-07aa&#8221;][vc_column_text] Sterilization of single-use medical-surgical equipment and laboratory items is done through sealed packaging, at the stage of the product palletized. It leaves no toxic residue in the ionized materials and therefore allows immediate use of the equipment after sterilization. Recognized for its effectiveness since the early 1950s, ionization is the leading sterilization process in economically developed countries. [\/vc_column_text][\/vc_tta_section][vc_tta_section title=&#8221;Pharmacy and cosmetics&#8221; tab_id=&#8221;1490695151300-493eb754-19d8&#8243;][vc_column_text] L&#8217;ionisation s&#8217;applique aux emballages vides, aux mati\u00e8res premi\u00e8res, mais aussi aux produits finis. Elle s&#8217;inscrit dans le concept de l&#8217;assurance qualit\u00e9 au m\u00eame titre que les proc\u00e9d\u00e9s sous flux laminaires, les op\u00e9rations en salles propres et l&#8217;automatisation des processus. [\/vc_column_text][\/vc_tta_section][vc_tta_section title=&#8221;The chemistry of plastics&#8221; tab_id=&#8221;1490695151339-6a8b96a4-75fc&#8221;][vc_column_text] Ionization improves the mechanical properties of polyethylene films and allows, with equal performance, to reduce thicknesses by 40 to 60%. It widens the melting ranges of shrink films. As a result, machine settings are less delicate and the quality of shrinkage is better. Several research programs are underway to expand the range of applications for polymer ionization. [\/vc_column_text][\/vc_tta_section][\/vc_tta_accordion][\/vc_column][vc_column width=&#8221;1\/3&#8243;][\/vc_column][\/vc_row][vc_row][vc_column width=&#8221;1\/1&#8243;][\/vc_column][\/vc_row][vc_row bg_color=&#8221;#f4f4f4&#8243; [&hellip;]<\/p>\n","protected":false},"author":1,"featured_media":0,"parent":0,"menu_order":0,"comment_status":"closed","ping_status":"closed","template":"","meta":{"inline_featured_image":false,"footnotes":""},"class_list":["post-16030","page","type-page","status-publish","hentry"],"yoast_head":"<!-- This site is optimized with the Yoast SEO plugin v26.3 - https:\/\/yoast.com\/wordpress\/plugins\/seo\/ -->\n<title>Our activities - Ionisos<\/title>\n<meta name=\"description\" content=\"Every day ionization helps to save lives, to preserve people\u2019s health and protect the environment.\" \/>\n<meta name=\"robots\" content=\"index, follow, max-snippet:-1, max-image-preview:large, max-video-preview:-1\" \/>\n<link rel=\"canonical\" href=\"https:\/\/www.ionisos.com\/en\/our-activities\/\" \/>\n<meta property=\"og:locale\" content=\"en_US\" \/>\n<meta property=\"og:type\" content=\"article\" \/>\n<meta property=\"og:title\" content=\"Our activities - Ionisos\" \/>\n<meta property=\"og:description\" content=\"Every day ionization helps to save lives, to preserve people\u2019s health and protect the environment.\" \/>\n<meta property=\"og:url\" content=\"https:\/\/www.ionisos.com\/en\/our-activities\/\" \/>\n<meta property=\"og:site_name\" content=\"Ionisos\" \/>\n<meta property=\"article:modified_time\" content=\"2025-06-17T10:18:01+00:00\" \/>\n<meta name=\"twitter:card\" content=\"summary_large_image\" \/>\n<meta name=\"twitter:label1\" content=\"Est. reading time\" \/>\n\t<meta name=\"twitter:data1\" content=\"3 minutes\" \/>\n<script type=\"application\/ld+json\" class=\"yoast-schema-graph\">{\"@context\":\"https:\/\/schema.org\",\"@graph\":[{\"@type\":\"WebPage\",\"@id\":\"https:\/\/www.ionisos.com\/en\/our-activities\/\",\"url\":\"https:\/\/www.ionisos.com\/en\/our-activities\/\",\"name\":\"Our activities - Ionisos\",\"isPartOf\":{\"@id\":\"https:\/\/www.ionisos.com\/#website\"},\"datePublished\":\"2017-05-16T13:55:14+00:00\",\"dateModified\":\"2025-06-17T10:18:01+00:00\",\"description\":\"Every day ionization helps to save lives, to preserve people\u2019s health and protect the environment.\",\"breadcrumb\":{\"@id\":\"https:\/\/www.ionisos.com\/en\/our-activities\/#breadcrumb\"},\"inLanguage\":\"en-US\",\"potentialAction\":[{\"@type\":\"ReadAction\",\"target\":[\"https:\/\/www.ionisos.com\/en\/our-activities\/\"]}]},{\"@type\":\"BreadcrumbList\",\"@id\":\"https:\/\/www.ionisos.com\/en\/our-activities\/#breadcrumb\",\"itemListElement\":[{\"@type\":\"ListItem\",\"position\":1,\"name\":\"Accueil\",\"item\":\"https:\/\/www.ionisos.com\/en\/\"},{\"@type\":\"ListItem\",\"position\":2,\"name\":\"Our activities\"}]},{\"@type\":\"WebSite\",\"@id\":\"https:\/\/www.ionisos.com\/#website\",\"url\":\"https:\/\/www.ionisos.com\/\",\"name\":\"Ionisos\",\"description\":\"Ionisation par \u00e9lectrons acc\u00e9l\u00e9r\u00e9s, rayons gamma, rayons X et oxyde d&#039;\u00e9thyl\u00e8ne\",\"potentialAction\":[{\"@type\":\"SearchAction\",\"target\":{\"@type\":\"EntryPoint\",\"urlTemplate\":\"https:\/\/www.ionisos.com\/?s={search_term_string}\"},\"query-input\":{\"@type\":\"PropertyValueSpecification\",\"valueRequired\":true,\"valueName\":\"search_term_string\"}}],\"inLanguage\":\"en-US\"}]}<\/script>\n<!-- \/ Yoast SEO plugin. -->","yoast_head_json":{"title":"Our activities - Ionisos","description":"Every day ionization helps to save lives, to preserve people\u2019s health and protect the environment.","robots":{"index":"index","follow":"follow","max-snippet":"max-snippet:-1","max-image-preview":"max-image-preview:large","max-video-preview":"max-video-preview:-1"},"canonical":"https:\/\/www.ionisos.com\/en\/our-activities\/","og_locale":"en_US","og_type":"article","og_title":"Our activities - Ionisos","og_description":"Every day ionization helps to save lives, to preserve people\u2019s health and protect the environment.","og_url":"https:\/\/www.ionisos.com\/en\/our-activities\/","og_site_name":"Ionisos","article_modified_time":"2025-06-17T10:18:01+00:00","twitter_card":"summary_large_image","twitter_misc":{"Est. reading time":"3 minutes"},"schema":{"@context":"https:\/\/schema.org","@graph":[{"@type":"WebPage","@id":"https:\/\/www.ionisos.com\/en\/our-activities\/","url":"https:\/\/www.ionisos.com\/en\/our-activities\/","name":"Our activities - Ionisos","isPartOf":{"@id":"https:\/\/www.ionisos.com\/#website"},"datePublished":"2017-05-16T13:55:14+00:00","dateModified":"2025-06-17T10:18:01+00:00","description":"Every day ionization helps to save lives, to preserve people\u2019s health and protect the environment.","breadcrumb":{"@id":"https:\/\/www.ionisos.com\/en\/our-activities\/#breadcrumb"},"inLanguage":"en-US","potentialAction":[{"@type":"ReadAction","target":["https:\/\/www.ionisos.com\/en\/our-activities\/"]}]},{"@type":"BreadcrumbList","@id":"https:\/\/www.ionisos.com\/en\/our-activities\/#breadcrumb","itemListElement":[{"@type":"ListItem","position":1,"name":"Accueil","item":"https:\/\/www.ionisos.com\/en\/"},{"@type":"ListItem","position":2,"name":"Our activities"}]},{"@type":"WebSite","@id":"https:\/\/www.ionisos.com\/#website","url":"https:\/\/www.ionisos.com\/","name":"Ionisos","description":"Ionisation par \u00e9lectrons acc\u00e9l\u00e9r\u00e9s, rayons gamma, rayons X et oxyde d&#039;\u00e9thyl\u00e8ne","potentialAction":[{"@type":"SearchAction","target":{"@type":"EntryPoint","urlTemplate":"https:\/\/www.ionisos.com\/?s={search_term_string}"},"query-input":{"@type":"PropertyValueSpecification","valueRequired":true,"valueName":"search_term_string"}}],"inLanguage":"en-US"}]}},"_links":{"self":[{"href":"https:\/\/www.ionisos.com\/en\/wp-json\/wp\/v2\/pages\/16030","targetHints":{"allow":["GET"]}}],"collection":[{"href":"https:\/\/www.ionisos.com\/en\/wp-json\/wp\/v2\/pages"}],"about":[{"href":"https:\/\/www.ionisos.com\/en\/wp-json\/wp\/v2\/types\/page"}],"author":[{"embeddable":true,"href":"https:\/\/www.ionisos.com\/en\/wp-json\/wp\/v2\/users\/1"}],"replies":[{"embeddable":true,"href":"https:\/\/www.ionisos.com\/en\/wp-json\/wp\/v2\/comments?post=16030"}],"version-history":[{"count":21,"href":"https:\/\/www.ionisos.com\/en\/wp-json\/wp\/v2\/pages\/16030\/revisions"}],"predecessor-version":[{"id":26896,"href":"https:\/\/www.ionisos.com\/en\/wp-json\/wp\/v2\/pages\/16030\/revisions\/26896"}],"wp:attachment":[{"href":"https:\/\/www.ionisos.com\/en\/wp-json\/wp\/v2\/media?parent=16030"}],"curies":[{"name":"wp","href":"https:\/\/api.w.org\/{rel}","templated":true}]}}