 {"id":16028,"date":"2017-05-16T15:25:09","date_gmt":"2017-05-16T13:25:09","guid":{"rendered":"https:\/\/www.ionisos.com\/?page_id=16028\/"},"modified":"2020-08-06T09:49:40","modified_gmt":"2020-08-06T07:49:40","slug":"research-development","status":"publish","type":"page","link":"https:\/\/www.ionisos.com\/en\/ionisos-sterilization-by-gamma-and-beta-ionization-and-ethylene-oxide\/research-development\/","title":{"rendered":"Research &#038; Development"},"content":{"rendered":"<p>[vc_row bg_image=&#8221;15563&#8243; bg_repeat=&#8221;no-repeat&#8221; text_color=&#8221;light&#8221; text_align=&#8221;center&#8221; top_padding=&#8221;100&#8243; bottom_padding=&#8221;100&#8243;][vc_column width=&#8221;1\/1&#8243;]<h1 class=\"headline font-special fontsize-xxxl fontweight-inherit lh-inherit align-center transform-uppercase \" style=\"margin: 0;\"><strong>Research<\/strong> &amp; <strong>Development<\/strong><\/h1>[\/vc_column][\/vc_row][vc_row text_align=&#8221;center&#8221;][vc_column width=&#8221;1\/1&#8243;]<div class=\"spacer\" style=\"height: 40px;\"><\/div>[vc_column_text]<\/p>\n<p style=\"text-align: center;\"><span style=\"font-family: Abel; font-size: 25px;\"><br \/>\nThe Ionisos <strong>Research and Development<\/strong> department provides its Materials expertise in the various fields of application of ionising radiation (sterilisation, industry, nuclear), and in particular on the following topics:<\/span><\/p>\n<p>[\/vc_column_text][\/vc_column][\/vc_row][vc_row top_padding=&#8221;100&#8243; bottom_padding=&#8221;80&#8243; bg_position=&#8221;left top&#8221;][vc_column width=&#8221;1\/3&#8243;]<div class=\"iconbox  wpb_content_element iconbox-style-4 icon-color-accent color-dark clearfix\"><div class=\"iconbox-icon\"><i class=\"fa sl-chemistry boxicon\" style=\"\"><\/i><\/div><div class=\"iconbox-content\"><h3>Organization of trials<\/h3><p>A prior knowledge of the behaviour of material families under sterilisation treatments makes it possible to select the appropriate method or to guide the choice of materials from the design of a medical device.<\/p>\n<p style=\"text-align: center;\"><a href=\"\/en\/ionisos-sterilization-by-gamma-and-beta-ionization-and-ethylene-oxide\/research-development\/compatibility-materials\/\" target=\"_blank\" class=\"button color-4 small \" style=\"border-radius: 2px;\">Learn more<\/a>\n<\/p><\/div><\/div>[\/vc_column][vc_column width=&#8221;1\/3&#8243;]<div class=\"iconbox  wpb_content_element iconbox-style-4 icon-color-accent color-dark clearfix\"><div class=\"iconbox-icon\"><i class=\"fa sl-eye boxicon\" style=\"\"><\/i><\/div><div class=\"iconbox-content\"><h3>Technical follow-up<\/h3><p>Ionizing radiation makes it possible to initiate poly-addition reactions within polymers without the addition of a chemical or photochemical initiator. This allows you to make interesting improvements to the materials.<\/p>\n<a href=\"\/en\/ionisos-sterilization-by-gamma-and-beta-ionization-and-ethylene-oxide\/research-development\/radiation-chemistry\/\" target=\"_blank\" class=\"button color-4 small \" style=\"border-radius: 2px;\">Learn more<\/a>\n<\/p><\/div><\/div>[\/vc_column][vc_column width=&#8221;1\/3&#8243;]<div class=\"iconbox  wpb_content_element iconbox-style-4 icon-color-accent color-dark clearfix\"><div class=\"iconbox-icon\"><i class=\"fa sl-globe boxicon\" style=\"\"><\/i><\/div><div class=\"iconbox-content\"><h3>Technical information<\/h3><p>Our installations make it possible to carry out tests of aging of materials and components with the ionizing radiation operated in a nuclear environment or in particular sectors such as nuclear physics, aerospace &#8230;<\/p>\n<a href=\"\/en\/ionisos-sterilization-by-gamma-and-beta-ionization-and-ethylene-oxide\/research-development\/aging-radiative\/\" target=\"_blank\" class=\"button color-4 small \" style=\"border-radius: 2px;\">Learn more<\/a>\n<\/p><\/div><\/div>[\/vc_column][\/vc_row][vc_row][vc_column width=&#8221;1\/1&#8243;]<div class=\"spacer\" style=\"height: 40px;\"><\/div>[\/vc_column][\/vc_row][vc_row bg_color=&#8221;#0b2677&#8243; text_color=&#8221;light&#8221; text_align=&#8221;center&#8221; top_padding=&#8221;40&#8243; bottom_padding=&#8221;40&#8243;][vc_column width=&#8221;3\/4&#8243;]<div class=\"spacer\" style=\"height: 5px;\"><\/div>[vc_column_text]<\/p>\n<h3 style=\"text-align: left;\">To learn more about Research and Development programs<\/h3>\n<p>[\/vc_column_text][\/vc_column][vc_column width=&#8221;1\/4&#8243;]<a href=\"\/en\/contact\/\" target=\"_self\" class=\"button color-8 medium \" style=\"border-radius: 2px;\">Contact us<\/a>[\/vc_column][\/vc_row]<\/p>\n","protected":false},"excerpt":{"rendered":"<p>[vc_row bg_image=&#8221;15563&#8243; bg_repeat=&#8221;no-repeat&#8221; text_color=&#8221;light&#8221; text_align=&#8221;center&#8221; top_padding=&#8221;100&#8243; bottom_padding=&#8221;100&#8243;][vc_column width=&#8221;1\/1&#8243;][\/vc_column][\/vc_row][vc_row text_align=&#8221;center&#8221;][vc_column width=&#8221;1\/1&#8243;][vc_column_text] The Ionisos Research and Development department provides its Materials expertise in the various fields of application of ionising radiation (sterilisation, industry, nuclear), and in particular on the following topics: [\/vc_column_text][\/vc_column][\/vc_row][vc_row top_padding=&#8221;100&#8243; bottom_padding=&#8221;80&#8243; bg_position=&#8221;left top&#8221;][vc_column width=&#8221;1\/3&#8243;][\/vc_column][vc_column width=&#8221;1\/3&#8243;][\/vc_column][vc_column width=&#8221;1\/3&#8243;][\/vc_column][\/vc_row][vc_row][vc_column width=&#8221;1\/1&#8243;][\/vc_column][\/vc_row][vc_row bg_color=&#8221;#0b2677&#8243; text_color=&#8221;light&#8221; text_align=&#8221;center&#8221; top_padding=&#8221;40&#8243; bottom_padding=&#8221;40&#8243;][vc_column width=&#8221;3\/4&#8243;][vc_column_text] To learn more about Research and Development programs [\/vc_column_text][\/vc_column][vc_column width=&#8221;1\/4&#8243;][\/vc_column][\/vc_row]<\/p>\n","protected":false},"author":1,"featured_media":0,"parent":16019,"menu_order":0,"comment_status":"closed","ping_status":"closed","template":"","meta":{"inline_featured_image":false,"footnotes":""},"class_list":["post-16028","page","type-page","status-publish","hentry"],"yoast_head":"<!-- This site is optimized with the Yoast SEO plugin v26.3 - https:\/\/yoast.com\/wordpress\/plugins\/seo\/ -->\n<title>Research &amp; Development - Ionisos<\/title>\n<meta name=\"description\" content=\"Ionisos&#039; Research and Development department offers its expertise in the various fields of ionizing radiation applications\" \/>\n<meta name=\"robots\" content=\"index, follow, max-snippet:-1, max-image-preview:large, max-video-preview:-1\" \/>\n<link rel=\"canonical\" href=\"https:\/\/www.ionisos.com\/en\/ionisos-sterilization-by-gamma-and-beta-ionization-and-ethylene-oxide\/research-development\/\" \/>\n<meta property=\"og:locale\" content=\"en_US\" \/>\n<meta property=\"og:type\" content=\"article\" \/>\n<meta property=\"og:title\" content=\"Research &amp; Development - Ionisos\" \/>\n<meta property=\"og:description\" content=\"Ionisos&#039; Research and Development department offers its expertise in the various fields of ionizing radiation applications\" \/>\n<meta property=\"og:url\" content=\"https:\/\/www.ionisos.com\/en\/ionisos-sterilization-by-gamma-and-beta-ionization-and-ethylene-oxide\/research-development\/\" \/>\n<meta property=\"og:site_name\" content=\"Ionisos\" \/>\n<meta property=\"article:modified_time\" content=\"2020-08-06T07:49:40+00:00\" \/>\n<meta name=\"twitter:card\" content=\"summary_large_image\" \/>\n<meta name=\"twitter:label1\" content=\"Est. reading time\" \/>\n\t<meta name=\"twitter:data1\" content=\"2 minutes\" \/>\n<script type=\"application\/ld+json\" class=\"yoast-schema-graph\">{\"@context\":\"https:\/\/schema.org\",\"@graph\":[{\"@type\":\"WebPage\",\"@id\":\"https:\/\/www.ionisos.com\/en\/ionisos-sterilization-by-gamma-and-beta-ionization-and-ethylene-oxide\/research-development\/\",\"url\":\"https:\/\/www.ionisos.com\/en\/ionisos-sterilization-by-gamma-and-beta-ionization-and-ethylene-oxide\/research-development\/\",\"name\":\"Research & Development - Ionisos\",\"isPartOf\":{\"@id\":\"https:\/\/www.ionisos.com\/#website\"},\"datePublished\":\"2017-05-16T13:25:09+00:00\",\"dateModified\":\"2020-08-06T07:49:40+00:00\",\"description\":\"Ionisos' Research and Development department offers its expertise in the various fields of ionizing radiation applications\",\"breadcrumb\":{\"@id\":\"https:\/\/www.ionisos.com\/en\/ionisos-sterilization-by-gamma-and-beta-ionization-and-ethylene-oxide\/research-development\/#breadcrumb\"},\"inLanguage\":\"en-US\",\"potentialAction\":[{\"@type\":\"ReadAction\",\"target\":[\"https:\/\/www.ionisos.com\/en\/ionisos-sterilization-by-gamma-and-beta-ionization-and-ethylene-oxide\/research-development\/\"]}]},{\"@type\":\"BreadcrumbList\",\"@id\":\"https:\/\/www.ionisos.com\/en\/ionisos-sterilization-by-gamma-and-beta-ionization-and-ethylene-oxide\/research-development\/#breadcrumb\",\"itemListElement\":[{\"@type\":\"ListItem\",\"position\":1,\"name\":\"Accueil\",\"item\":\"https:\/\/www.ionisos.com\/en\/\"},{\"@type\":\"ListItem\",\"position\":2,\"name\":\"Ionisos\",\"item\":\"https:\/\/www.ionisos.com\/en\/ionisos-sterilization-by-gamma-and-beta-ionization-and-ethylene-oxide\/\"},{\"@type\":\"ListItem\",\"position\":3,\"name\":\"Research &#038; Development\"}]},{\"@type\":\"WebSite\",\"@id\":\"https:\/\/www.ionisos.com\/#website\",\"url\":\"https:\/\/www.ionisos.com\/\",\"name\":\"Ionisos\",\"description\":\"Ionisation par \u00e9lectrons acc\u00e9l\u00e9r\u00e9s, rayons gamma, rayons X et oxyde d&#039;\u00e9thyl\u00e8ne\",\"potentialAction\":[{\"@type\":\"SearchAction\",\"target\":{\"@type\":\"EntryPoint\",\"urlTemplate\":\"https:\/\/www.ionisos.com\/?s={search_term_string}\"},\"query-input\":{\"@type\":\"PropertyValueSpecification\",\"valueRequired\":true,\"valueName\":\"search_term_string\"}}],\"inLanguage\":\"en-US\"}]}<\/script>\n<!-- \/ Yoast SEO plugin. -->","yoast_head_json":{"title":"Research & Development - Ionisos","description":"Ionisos' Research and Development department offers its expertise in the various fields of ionizing radiation applications","robots":{"index":"index","follow":"follow","max-snippet":"max-snippet:-1","max-image-preview":"max-image-preview:large","max-video-preview":"max-video-preview:-1"},"canonical":"https:\/\/www.ionisos.com\/en\/ionisos-sterilization-by-gamma-and-beta-ionization-and-ethylene-oxide\/research-development\/","og_locale":"en_US","og_type":"article","og_title":"Research & Development - Ionisos","og_description":"Ionisos' Research and Development department offers its expertise in the various fields of ionizing radiation applications","og_url":"https:\/\/www.ionisos.com\/en\/ionisos-sterilization-by-gamma-and-beta-ionization-and-ethylene-oxide\/research-development\/","og_site_name":"Ionisos","article_modified_time":"2020-08-06T07:49:40+00:00","twitter_card":"summary_large_image","twitter_misc":{"Est. reading time":"2 minutes"},"schema":{"@context":"https:\/\/schema.org","@graph":[{"@type":"WebPage","@id":"https:\/\/www.ionisos.com\/en\/ionisos-sterilization-by-gamma-and-beta-ionization-and-ethylene-oxide\/research-development\/","url":"https:\/\/www.ionisos.com\/en\/ionisos-sterilization-by-gamma-and-beta-ionization-and-ethylene-oxide\/research-development\/","name":"Research & Development - Ionisos","isPartOf":{"@id":"https:\/\/www.ionisos.com\/#website"},"datePublished":"2017-05-16T13:25:09+00:00","dateModified":"2020-08-06T07:49:40+00:00","description":"Ionisos' Research and Development department offers its expertise in the various fields of ionizing radiation applications","breadcrumb":{"@id":"https:\/\/www.ionisos.com\/en\/ionisos-sterilization-by-gamma-and-beta-ionization-and-ethylene-oxide\/research-development\/#breadcrumb"},"inLanguage":"en-US","potentialAction":[{"@type":"ReadAction","target":["https:\/\/www.ionisos.com\/en\/ionisos-sterilization-by-gamma-and-beta-ionization-and-ethylene-oxide\/research-development\/"]}]},{"@type":"BreadcrumbList","@id":"https:\/\/www.ionisos.com\/en\/ionisos-sterilization-by-gamma-and-beta-ionization-and-ethylene-oxide\/research-development\/#breadcrumb","itemListElement":[{"@type":"ListItem","position":1,"name":"Accueil","item":"https:\/\/www.ionisos.com\/en\/"},{"@type":"ListItem","position":2,"name":"Ionisos","item":"https:\/\/www.ionisos.com\/en\/ionisos-sterilization-by-gamma-and-beta-ionization-and-ethylene-oxide\/"},{"@type":"ListItem","position":3,"name":"Research &#038; Development"}]},{"@type":"WebSite","@id":"https:\/\/www.ionisos.com\/#website","url":"https:\/\/www.ionisos.com\/","name":"Ionisos","description":"Ionisation par \u00e9lectrons acc\u00e9l\u00e9r\u00e9s, rayons gamma, rayons X et oxyde d&#039;\u00e9thyl\u00e8ne","potentialAction":[{"@type":"SearchAction","target":{"@type":"EntryPoint","urlTemplate":"https:\/\/www.ionisos.com\/?s={search_term_string}"},"query-input":{"@type":"PropertyValueSpecification","valueRequired":true,"valueName":"search_term_string"}}],"inLanguage":"en-US"}]}},"_links":{"self":[{"href":"https:\/\/www.ionisos.com\/en\/wp-json\/wp\/v2\/pages\/16028","targetHints":{"allow":["GET"]}}],"collection":[{"href":"https:\/\/www.ionisos.com\/en\/wp-json\/wp\/v2\/pages"}],"about":[{"href":"https:\/\/www.ionisos.com\/en\/wp-json\/wp\/v2\/types\/page"}],"author":[{"embeddable":true,"href":"https:\/\/www.ionisos.com\/en\/wp-json\/wp\/v2\/users\/1"}],"replies":[{"embeddable":true,"href":"https:\/\/www.ionisos.com\/en\/wp-json\/wp\/v2\/comments?post=16028"}],"version-history":[{"count":9,"href":"https:\/\/www.ionisos.com\/en\/wp-json\/wp\/v2\/pages\/16028\/revisions"}],"predecessor-version":[{"id":18875,"href":"https:\/\/www.ionisos.com\/en\/wp-json\/wp\/v2\/pages\/16028\/revisions\/18875"}],"up":[{"embeddable":true,"href":"https:\/\/www.ionisos.com\/en\/wp-json\/wp\/v2\/pages\/16019"}],"wp:attachment":[{"href":"https:\/\/www.ionisos.com\/en\/wp-json\/wp\/v2\/media?parent=16028"}],"curies":[{"name":"wp","href":"https:\/\/api.w.org\/{rel}","templated":true}]}}