 {"id":16026,"date":"2017-05-16T15:18:55","date_gmt":"2017-05-16T13:18:55","guid":{"rendered":"https:\/\/www.ionisos.com\/?page_id=16026\/"},"modified":"2026-03-16T17:54:15","modified_gmt":"2026-03-16T16:54:15","slug":"our-sites","status":"publish","type":"page","link":"https:\/\/www.ionisos.com\/en\/our-sites\/","title":{"rendered":"Our sites"},"content":{"rendered":"<p>[vc_row bg_color=&#8221;#bcdcd2&#8243; top_padding=&#8221;100&#8243; bottom_padding=&#8221;50&#8243;][vc_column width=&#8221;3\/5&#8243;][vc_column_text]<\/p>\n<h1><span style=\"color: #153c32; font-size: 40px;\"><strong>Our sites<\/strong><\/span><\/h1>\n<div style=\"color: #153c32; font-size: 16px;\">\n<p>Our network extends across Europe with 10 sites strategically distributed across 5 countries, including France, Germany, Spain, Switzerland, and Estonia.<\/p>\n<p>Our teams, made up of 300 dedicated professionals, work tirelessly to ensure the quality and safety of your medical devices. Each site is equipped with state-of-the-art technologies, including gamma rays, beta rays (also known as accelerated electrons), and ethylene oxide, reflecting our commitment to innovation and excellence. Our new site in Henriville, France, which will be finalized soon, will introduce X-ray technology to our already extensive portfolio.<\/p>\n<p>Discover each of our sites in more detail, the unique technology they use, and their certificates by clicking on the arrow associated with each one.<\/p>\n<\/div>\n<p>[\/vc_column_text]<a href=\"mailto:info@ionisos.com\" target=\"_blank\" class=\"button custom medium \" style=\"background-color: #e69a40; border-color: #e69a40;border-radius: 2px;\"><i class='fa fa-regular fa-envelope'><\/i>Contactez-nous<\/a>[\/vc_column][vc_column width=&#8221;2\/5&#8243;][vc_raw_html]PGlmcmFtZSBzcmM9Imh0dHBzOi8vd3d3Lmdvb2dsZS5jb20vbWFwcy9kL3UvMC9lbWJlZD9taWQ9MS1pVGgyZk5rbHlrWGFkN1gtWDZQN3BzRHpqMWw2NFkmYW1wO2VoYmM9MkUzMTJGJmFtcDtub3Byb2Y9MSIgd2lkdGg9IjY0MCIgaGVpZ2h0PSI0ODAiPjwvaWZyYW1lPg==[\/vc_raw_html][\/vc_column][\/vc_row][vc_row][vc_column width=&#8221;1\/1&#8243;]<div class=\"spacer\" style=\"height: 60px;\"><\/div>[\/vc_column][\/vc_row][vc_row][vc_column width=&#8221;1\/5&#8243;][vc_column_text]<span style=\"color: #153c32; font-size: 20px;\"><strong>Kleve, Germany<\/strong><\/span><br \/>\n<em><span style=\"color: #21b3aa;\">Ethylene oxide<\/span><\/em>[\/vc_column_text][\/vc_column][vc_column width=&#8221;1\/5&#8243;]<div class=\"ult-just-icon-wrapper  \"><div class=\"align-icon\" style=\"text-align:center;\">\n<a class=\"aio-tooltip 69e4a10e28a47\" href = \"https:\/\/www.ionisos.com\/en\/our-sites\/kleve\/\"    data-toggle=\"tooltip\" data-placement=\"\" title=\"\"><div class=\"aio-icon none \" data-animation=\"pulse\" data-animation-delay=\"03\" style=\"color:#21b3aa;font-size:32px;display:inline-block;\">\n\t<i class=\"Defaults-chevron-right\"><\/i>\n<\/div><\/a><\/div><\/div>[\/vc_column][vc_column width=&#8221;1\/5&#8243;][\/vc_column][vc_column width=&#8221;1\/5&#8243;][vc_column_text]<span style=\"color: #153c32; font-size: 20px;\"><strong>Henriville, France<\/strong><\/span><br \/>\n<em><span style=\"color: #ef9e1c;\">X-rays<\/span><\/em>[\/vc_column_text][\/vc_column][vc_column width=&#8221;1\/5&#8243;]<div class=\"ult-just-icon-wrapper  \"><div class=\"align-icon\" style=\"text-align:center;\">\n<a class=\"aio-tooltip 69e4a10e28a85\" href = \"https:\/\/www.ionisos.com\/en\/our-sites\/henriville\/\"    data-toggle=\"tooltip\" data-placement=\"\" title=\"\"><div class=\"aio-icon none \" data-animation=\"pulse\" data-animation-delay=\"03\" style=\"color:#ef9e1c;font-size:32px;display:inline-block;\">\n\t<i class=\"Defaults-chevron-right\"><\/i>\n<\/div><\/a><\/div><\/div>[\/vc_column][\/vc_row][vc_row][vc_column width=&#8221;1\/1&#8243;]<div class=\"divider divider1\" style='margin:40px 0 40px 0 !important;'><\/div>[\/vc_column][\/vc_row][vc_row][vc_column width=&#8221;1\/5&#8243;][vc_column_text]<span style=\"color: #153c32; font-size: 20px;\"><strong>Pouzauges, France<\/strong><\/span><br \/>\n<em><span style=\"color: #5996d1;\">Gamma<\/span><\/em>[\/vc_column_text][\/vc_column][vc_column width=&#8221;1\/5&#8243;]<div class=\"ult-just-icon-wrapper  \"><div class=\"align-icon\" style=\"text-align:center;\">\n<a class=\"aio-tooltip 69e4a10e28ac5\" href = \"https:\/\/www.ionisos.com\/en\/our-sites\/pouzauges\/\"    data-toggle=\"tooltip\" data-placement=\"\" title=\"\"><div class=\"aio-icon none \" data-animation=\"pulse\" data-animation-delay=\"03\" style=\"color:#5996d1;font-size:32px;display:inline-block;\">\n\t<i class=\"Defaults-chevron-right\"><\/i>\n<\/div><\/a><\/div><\/div>[\/vc_column][vc_column width=&#8221;1\/5&#8243;][\/vc_column][vc_column width=&#8221;1\/5&#8243;][vc_column_text]<span style=\"color: #153c32; font-size: 20px;\"><strong>Sabl\u00e9-sur-Sarthe, France<\/strong><\/span><br \/>\n<em><span style=\"color: #5996d1;\">Gamma<\/span><\/em>[\/vc_column_text][\/vc_column][vc_column width=&#8221;1\/5&#8243;]<div class=\"ult-just-icon-wrapper  \"><div class=\"align-icon\" style=\"text-align:center;\">\n<a class=\"aio-tooltip 69e4a10e28adf\" href = \"https:\/\/www.ionisos.com\/en\/our-sites\/sable-sur-sarthe\/\"    data-toggle=\"tooltip\" data-placement=\"\" title=\"\"><div class=\"aio-icon none \" data-animation=\"pulse\" data-animation-delay=\"03\" style=\"color:#5996d1;font-size:32px;display:inline-block;\">\n\t<i class=\"Defaults-chevron-right\"><\/i>\n<\/div><\/a><\/div><\/div>[\/vc_column][\/vc_row][vc_row][vc_column width=&#8221;1\/1&#8243;]<div class=\"divider divider1\" style='margin:40px 0 40px 0 !important;'><\/div>[\/vc_column][\/vc_row][vc_row][vc_column width=&#8221;1\/5&#8243;][vc_column_text]<span style=\"color: #153c32; font-size: 20px;\"><strong>Dagneux, France<\/strong><\/span><br \/>\n<em><span style=\"color: #5996d1;\">Gamma<\/span><\/em>[\/vc_column_text][\/vc_column][vc_column width=&#8221;1\/5&#8243;]<div class=\"ult-just-icon-wrapper  \"><div class=\"align-icon\" style=\"text-align:center;\">\n<a class=\"aio-tooltip 69e4a10e28b0b\" href = \"https:\/\/www.ionisos.com\/en\/our-sites\/dagneux\/\"    data-toggle=\"tooltip\" data-placement=\"\" title=\"\"><div class=\"aio-icon none \" data-animation=\"pulse\" data-animation-delay=\"03\" style=\"color:#5996d1;font-size:32px;display:inline-block;\">\n\t<i class=\"Defaults-chevron-right\"><\/i>\n<\/div><\/a><\/div><\/div>[\/vc_column][vc_column width=&#8221;1\/5&#8243;][\/vc_column][vc_column width=&#8221;1\/5&#8243;][vc_column_text]<span style=\"color: #153c32; font-size: 20px;\"><strong>Tallinn, Estonia<\/strong><\/span><br \/>\n<em><span style=\"color: #5996d1;\">Gamma<\/span><\/em>[\/vc_column_text][\/vc_column][vc_column width=&#8221;1\/5&#8243;]<div class=\"ult-just-icon-wrapper  \"><div class=\"align-icon\" style=\"text-align:center;\">\n<a class=\"aio-tooltip 69e4a10e28b21\" href = \"https:\/\/www.ionisos.com\/en\/our-sites\/tallinn\/\"    data-toggle=\"tooltip\" data-placement=\"\" title=\"\"><div class=\"aio-icon none \" data-animation=\"pulse\" data-animation-delay=\"03\" style=\"color:#5996d1;font-size:32px;display:inline-block;\">\n\t<i class=\"Defaults-chevron-right\"><\/i>\n<\/div><\/a><\/div><\/div>[\/vc_column][\/vc_row][vc_row][vc_column width=&#8221;1\/1&#8243;]<div class=\"divider divider1\" style='margin:40px 0 40px 0 !important;'><\/div>[\/vc_column][\/vc_row][vc_row][vc_column width=&#8221;1\/5&#8243;][vc_column_text]<span style=\"color: #153c32; font-size: 20px;\"><strong>D\u00e4niken, Switzerland<\/strong><\/span><br \/>\n<em><span style=\"color: #ea5045;\">Electron beam<\/span><\/em>[\/vc_column_text][\/vc_column][vc_column width=&#8221;1\/5&#8243;]<div class=\"ult-just-icon-wrapper  \"><div class=\"align-icon\" style=\"text-align:center;\">\n<a class=\"aio-tooltip 69e4a10e28b4c\" href = \"https:\/\/www.ionisos.com\/en\/our-sites\/daniken\/\"    data-toggle=\"tooltip\" data-placement=\"\" title=\"\"><div class=\"aio-icon none \" data-animation=\"pulse\" data-animation-delay=\"03\" style=\"color:#ea5045;font-size:32px;display:inline-block;\">\n\t<i class=\"Defaults-chevron-right\"><\/i>\n<\/div><\/a><\/div><\/div>[\/vc_column][vc_column width=&#8221;1\/5&#8243;][\/vc_column][vc_column width=&#8221;1\/5&#8243;][vc_column_text]<span style=\"color: #153c32; font-size: 20px;\"><strong>Taranc\u00f3n, Spain<\/strong><\/span><br \/>\n<em><span style=\"color: #ea5045;\">Electron beam<\/span><\/em>[\/vc_column_text][\/vc_column][vc_column width=&#8221;1\/5&#8243;]<div class=\"ult-just-icon-wrapper  \"><div class=\"align-icon\" style=\"text-align:center;\">\n<a class=\"aio-tooltip 69e4a10e28b62\" href = \"https:\/\/www.ionisos.com\/en\/our-sites\/ionisos-iberica\/\"    data-toggle=\"tooltip\" data-placement=\"\" title=\"\"><div class=\"aio-icon none \" data-animation=\"pulse\" data-animation-delay=\"03\" style=\"color:#ea5045;font-size:32px;display:inline-block;\">\n\t<i class=\"Defaults-chevron-right\"><\/i>\n<\/div><\/a><\/div><\/div>[\/vc_column][\/vc_row][vc_row][vc_column width=&#8221;1\/1&#8243;]<div class=\"divider divider1\" style='margin:40px 0 40px 0 !important;'><\/div>[\/vc_column][\/vc_row][vc_row][vc_column width=&#8221;1\/5&#8243;][vc_column_text]<span style=\"color: #153c32; font-size: 20px;\"><strong>Bautzen, Germany<\/strong><\/span><br \/>\n<em><span style=\"color: #ea5045;\">Electron beam<\/span><\/em>[\/vc_column_text][\/vc_column][vc_column width=&#8221;1\/5&#8243;]<div class=\"ult-just-icon-wrapper  \"><div class=\"align-icon\" style=\"text-align:center;\">\n<a class=\"aio-tooltip 69e4a10e28b8c\" href = \"https:\/\/www.ionisos.com\/en\/our-sites\/daniken\/\"    data-toggle=\"tooltip\" data-placement=\"\" title=\"\"><div class=\"aio-icon none \" data-animation=\"pulse\" data-animation-delay=\"03\" style=\"color:#ea5045;font-size:32px;display:inline-block;\">\n\t<i class=\"Defaults-chevron-right\"><\/i>\n<\/div><\/a><\/div><\/div>[\/vc_column][vc_column width=&#8221;1\/5&#8243;][\/vc_column][vc_column width=&#8221;1\/5&#8243;][vc_column_text]<span style=\"color: #153c32; font-size: 20px;\"><strong>Chaumesnil, France<\/strong><\/span><br \/>\n<em><span style=\"color: #ea5045;\">Electron beam<\/span><\/em>[\/vc_column_text][\/vc_column][vc_column width=&#8221;1\/5&#8243;]<div class=\"ult-just-icon-wrapper  \"><div class=\"align-icon\" style=\"text-align:center;\">\n<a class=\"aio-tooltip 69e4a10e28ba3\" href = \"https:\/\/www.ionisos.com\/en\/our-sites\/chaumesnil\/\"    data-toggle=\"tooltip\" data-placement=\"\" title=\"\"><div class=\"aio-icon none \" data-animation=\"pulse\" data-animation-delay=\"03\" style=\"color:#ea5045;font-size:32px;display:inline-block;\">\n\t<i class=\"Defaults-chevron-right\"><\/i>\n<\/div><\/a><\/div><\/div>[\/vc_column][\/vc_row][vc_row][vc_column width=&#8221;1\/1&#8243;]<div class=\"spacer\" style=\"height: 40px;\"><\/div>[\/vc_column][\/vc_row]<\/p>\n","protected":false},"excerpt":{"rendered":"<p>[vc_row bg_color=&#8221;#bcdcd2&#8243; top_padding=&#8221;100&#8243; bottom_padding=&#8221;50&#8243;][vc_column width=&#8221;3\/5&#8243;][vc_column_text] Our sites Our network extends across Europe with 10 sites strategically distributed across 5 countries, including France, Germany, Spain, Switzerland, and Estonia. Our teams, made up of 300 dedicated professionals, work tirelessly to ensure the quality and safety of your medical devices. Each site is equipped with state-of-the-art technologies, including gamma rays, beta rays (also known as accelerated electrons), and ethylene oxide, reflecting our commitment to innovation and excellence. Our new site in Henriville, France, which will be finalized soon, will introduce X-ray technology to our already extensive portfolio. Discover each of our sites in more detail, the unique technology they use, and their certificates by clicking on the arrow associated with each one. [\/vc_column_text][\/vc_column][vc_column width=&#8221;2\/5&#8243;][vc_raw_html]PGlmcmFtZSBzcmM9Imh0dHBzOi8vd3d3Lmdvb2dsZS5jb20vbWFwcy9kL3UvMC9lbWJlZD9taWQ9MS1pVGgyZk5rbHlrWGFkN1gtWDZQN3BzRHpqMWw2NFkmYW1wO2VoYmM9MkUzMTJGJmFtcDtub3Byb2Y9MSIgd2lkdGg9IjY0MCIgaGVpZ2h0PSI0ODAiPjwvaWZyYW1lPg==[\/vc_raw_html][\/vc_column][\/vc_row][vc_row][vc_column width=&#8221;1\/1&#8243;][\/vc_column][\/vc_row][vc_row][vc_column width=&#8221;1\/5&#8243;][vc_column_text]Kleve, Germany Ethylene oxide[\/vc_column_text][\/vc_column][vc_column width=&#8221;1\/5&#8243;][\/vc_column][vc_column width=&#8221;1\/5&#8243;][\/vc_column][vc_column width=&#8221;1\/5&#8243;][vc_column_text]Henriville, France X-rays[\/vc_column_text][\/vc_column][vc_column width=&#8221;1\/5&#8243;][\/vc_column][\/vc_row][vc_row][vc_column width=&#8221;1\/1&#8243;][\/vc_column][\/vc_row][vc_row][vc_column width=&#8221;1\/5&#8243;][vc_column_text]Pouzauges, France Gamma[\/vc_column_text][\/vc_column][vc_column width=&#8221;1\/5&#8243;][\/vc_column][vc_column width=&#8221;1\/5&#8243;][\/vc_column][vc_column width=&#8221;1\/5&#8243;][vc_column_text]Sabl\u00e9-sur-Sarthe, France Gamma[\/vc_column_text][\/vc_column][vc_column width=&#8221;1\/5&#8243;][\/vc_column][\/vc_row][vc_row][vc_column width=&#8221;1\/1&#8243;][\/vc_column][\/vc_row][vc_row][vc_column width=&#8221;1\/5&#8243;][vc_column_text]Dagneux, France Gamma[\/vc_column_text][\/vc_column][vc_column width=&#8221;1\/5&#8243;][\/vc_column][vc_column width=&#8221;1\/5&#8243;][\/vc_column][vc_column width=&#8221;1\/5&#8243;][vc_column_text]Tallinn, Estonia Gamma[\/vc_column_text][\/vc_column][vc_column width=&#8221;1\/5&#8243;][\/vc_column][\/vc_row][vc_row][vc_column width=&#8221;1\/1&#8243;][\/vc_column][\/vc_row][vc_row][vc_column width=&#8221;1\/5&#8243;][vc_column_text]D\u00e4niken, Switzerland Electron beam[\/vc_column_text][\/vc_column][vc_column width=&#8221;1\/5&#8243;][\/vc_column][vc_column width=&#8221;1\/5&#8243;][\/vc_column][vc_column width=&#8221;1\/5&#8243;][vc_column_text]Taranc\u00f3n, Spain Electron beam[\/vc_column_text][\/vc_column][vc_column width=&#8221;1\/5&#8243;][\/vc_column][\/vc_row][vc_row][vc_column width=&#8221;1\/1&#8243;][\/vc_column][\/vc_row][vc_row][vc_column width=&#8221;1\/5&#8243;][vc_column_text]Bautzen, Germany Electron beam[\/vc_column_text][\/vc_column][vc_column width=&#8221;1\/5&#8243;][\/vc_column][vc_column width=&#8221;1\/5&#8243;][\/vc_column][vc_column width=&#8221;1\/5&#8243;][vc_column_text]Chaumesnil, France Electron beam[\/vc_column_text][\/vc_column][vc_column width=&#8221;1\/5&#8243;][\/vc_column][\/vc_row][vc_row][vc_column width=&#8221;1\/1&#8243;][\/vc_column][\/vc_row]<\/p>\n","protected":false},"author":1,"featured_media":21470,"parent":0,"menu_order":0,"comment_status":"closed","ping_status":"closed","template":"","meta":{"inline_featured_image":false,"footnotes":""},"class_list":["post-16026","page","type-page","status-publish","has-post-thumbnail","hentry"],"yoast_head":"<!-- This site is optimized with the Yoast SEO plugin v26.3 - https:\/\/yoast.com\/wordpress\/plugins\/seo\/ -->\n<title>Our sites - Ionisos<\/title>\n<meta name=\"description\" content=\"The IONISOS group encompasses four technologies, spread across 10 industrial sites in France, Spain, Germany, Estonia, and Switzerland.\" \/>\n<meta name=\"robots\" content=\"index, follow, max-snippet:-1, max-image-preview:large, max-video-preview:-1\" \/>\n<link rel=\"canonical\" href=\"https:\/\/www.ionisos.com\/en\/our-sites\/\" \/>\n<meta property=\"og:locale\" content=\"en_US\" \/>\n<meta property=\"og:type\" content=\"article\" \/>\n<meta property=\"og:title\" content=\"Our sites - Ionisos\" \/>\n<meta property=\"og:description\" content=\"The IONISOS group encompasses four technologies, spread across 10 industrial sites in France, Spain, Germany, Estonia, and Switzerland.\" \/>\n<meta property=\"og:url\" content=\"https:\/\/www.ionisos.com\/en\/our-sites\/\" \/>\n<meta property=\"og:site_name\" content=\"Ionisos\" \/>\n<meta property=\"article:modified_time\" content=\"2026-03-16T16:54:15+00:00\" \/>\n<meta property=\"og:image\" content=\"https:\/\/www.ionisos.com\/wp-content\/uploads\/2021\/03\/exterieur-IONISOS-reduit-2.jpg\" \/>\n\t<meta property=\"og:image:width\" content=\"892\" \/>\n\t<meta property=\"og:image:height\" content=\"647\" \/>\n\t<meta property=\"og:image:type\" content=\"image\/jpeg\" \/>\n<meta name=\"twitter:card\" content=\"summary_large_image\" \/>\n<meta name=\"twitter:label1\" content=\"Est. reading time\" \/>\n\t<meta name=\"twitter:data1\" content=\"2 minutes\" \/>\n<script type=\"application\/ld+json\" class=\"yoast-schema-graph\">{\"@context\":\"https:\/\/schema.org\",\"@graph\":[{\"@type\":\"WebPage\",\"@id\":\"https:\/\/www.ionisos.com\/en\/our-sites\/\",\"url\":\"https:\/\/www.ionisos.com\/en\/our-sites\/\",\"name\":\"Our sites - Ionisos\",\"isPartOf\":{\"@id\":\"https:\/\/www.ionisos.com\/#website\"},\"primaryImageOfPage\":{\"@id\":\"https:\/\/www.ionisos.com\/en\/our-sites\/#primaryimage\"},\"image\":{\"@id\":\"https:\/\/www.ionisos.com\/en\/our-sites\/#primaryimage\"},\"thumbnailUrl\":\"https:\/\/www.ionisos.com\/wp-content\/uploads\/2021\/03\/exterieur-IONISOS-reduit-2.jpg\",\"datePublished\":\"2017-05-16T13:18:55+00:00\",\"dateModified\":\"2026-03-16T16:54:15+00:00\",\"description\":\"The IONISOS group encompasses four technologies, spread across 10 industrial sites in France, Spain, Germany, Estonia, and Switzerland.\",\"breadcrumb\":{\"@id\":\"https:\/\/www.ionisos.com\/en\/our-sites\/#breadcrumb\"},\"inLanguage\":\"en-US\",\"potentialAction\":[{\"@type\":\"ReadAction\",\"target\":[\"https:\/\/www.ionisos.com\/en\/our-sites\/\"]}]},{\"@type\":\"ImageObject\",\"inLanguage\":\"en-US\",\"@id\":\"https:\/\/www.ionisos.com\/en\/our-sites\/#primaryimage\",\"url\":\"https:\/\/www.ionisos.com\/wp-content\/uploads\/2021\/03\/exterieur-IONISOS-reduit-2.jpg\",\"contentUrl\":\"https:\/\/www.ionisos.com\/wp-content\/uploads\/2021\/03\/exterieur-IONISOS-reduit-2.jpg\",\"width\":892,\"height\":647},{\"@type\":\"BreadcrumbList\",\"@id\":\"https:\/\/www.ionisos.com\/en\/our-sites\/#breadcrumb\",\"itemListElement\":[{\"@type\":\"ListItem\",\"position\":1,\"name\":\"Accueil\",\"item\":\"https:\/\/www.ionisos.com\/en\/\"},{\"@type\":\"ListItem\",\"position\":2,\"name\":\"Our sites\"}]},{\"@type\":\"WebSite\",\"@id\":\"https:\/\/www.ionisos.com\/#website\",\"url\":\"https:\/\/www.ionisos.com\/\",\"name\":\"Ionisos\",\"description\":\"Ionisation par \u00e9lectrons acc\u00e9l\u00e9r\u00e9s, rayons gamma, rayons X et oxyde d&#039;\u00e9thyl\u00e8ne\",\"potentialAction\":[{\"@type\":\"SearchAction\",\"target\":{\"@type\":\"EntryPoint\",\"urlTemplate\":\"https:\/\/www.ionisos.com\/?s={search_term_string}\"},\"query-input\":{\"@type\":\"PropertyValueSpecification\",\"valueRequired\":true,\"valueName\":\"search_term_string\"}}],\"inLanguage\":\"en-US\"}]}<\/script>\n<!-- \/ Yoast SEO plugin. -->","yoast_head_json":{"title":"Our sites - Ionisos","description":"The IONISOS group encompasses four technologies, spread across 10 industrial sites in France, Spain, Germany, Estonia, and Switzerland.","robots":{"index":"index","follow":"follow","max-snippet":"max-snippet:-1","max-image-preview":"max-image-preview:large","max-video-preview":"max-video-preview:-1"},"canonical":"https:\/\/www.ionisos.com\/en\/our-sites\/","og_locale":"en_US","og_type":"article","og_title":"Our sites - Ionisos","og_description":"The IONISOS group encompasses four technologies, spread across 10 industrial sites in France, Spain, Germany, Estonia, and Switzerland.","og_url":"https:\/\/www.ionisos.com\/en\/our-sites\/","og_site_name":"Ionisos","article_modified_time":"2026-03-16T16:54:15+00:00","og_image":[{"width":892,"height":647,"url":"https:\/\/www.ionisos.com\/wp-content\/uploads\/2021\/03\/exterieur-IONISOS-reduit-2.jpg","type":"image\/jpeg"}],"twitter_card":"summary_large_image","twitter_misc":{"Est. reading time":"2 minutes"},"schema":{"@context":"https:\/\/schema.org","@graph":[{"@type":"WebPage","@id":"https:\/\/www.ionisos.com\/en\/our-sites\/","url":"https:\/\/www.ionisos.com\/en\/our-sites\/","name":"Our sites - Ionisos","isPartOf":{"@id":"https:\/\/www.ionisos.com\/#website"},"primaryImageOfPage":{"@id":"https:\/\/www.ionisos.com\/en\/our-sites\/#primaryimage"},"image":{"@id":"https:\/\/www.ionisos.com\/en\/our-sites\/#primaryimage"},"thumbnailUrl":"https:\/\/www.ionisos.com\/wp-content\/uploads\/2021\/03\/exterieur-IONISOS-reduit-2.jpg","datePublished":"2017-05-16T13:18:55+00:00","dateModified":"2026-03-16T16:54:15+00:00","description":"The IONISOS group encompasses four technologies, spread across 10 industrial sites in France, Spain, Germany, Estonia, and Switzerland.","breadcrumb":{"@id":"https:\/\/www.ionisos.com\/en\/our-sites\/#breadcrumb"},"inLanguage":"en-US","potentialAction":[{"@type":"ReadAction","target":["https:\/\/www.ionisos.com\/en\/our-sites\/"]}]},{"@type":"ImageObject","inLanguage":"en-US","@id":"https:\/\/www.ionisos.com\/en\/our-sites\/#primaryimage","url":"https:\/\/www.ionisos.com\/wp-content\/uploads\/2021\/03\/exterieur-IONISOS-reduit-2.jpg","contentUrl":"https:\/\/www.ionisos.com\/wp-content\/uploads\/2021\/03\/exterieur-IONISOS-reduit-2.jpg","width":892,"height":647},{"@type":"BreadcrumbList","@id":"https:\/\/www.ionisos.com\/en\/our-sites\/#breadcrumb","itemListElement":[{"@type":"ListItem","position":1,"name":"Accueil","item":"https:\/\/www.ionisos.com\/en\/"},{"@type":"ListItem","position":2,"name":"Our sites"}]},{"@type":"WebSite","@id":"https:\/\/www.ionisos.com\/#website","url":"https:\/\/www.ionisos.com\/","name":"Ionisos","description":"Ionisation par \u00e9lectrons acc\u00e9l\u00e9r\u00e9s, rayons gamma, rayons X et oxyde d&#039;\u00e9thyl\u00e8ne","potentialAction":[{"@type":"SearchAction","target":{"@type":"EntryPoint","urlTemplate":"https:\/\/www.ionisos.com\/?s={search_term_string}"},"query-input":{"@type":"PropertyValueSpecification","valueRequired":true,"valueName":"search_term_string"}}],"inLanguage":"en-US"}]}},"_links":{"self":[{"href":"https:\/\/www.ionisos.com\/en\/wp-json\/wp\/v2\/pages\/16026","targetHints":{"allow":["GET"]}}],"collection":[{"href":"https:\/\/www.ionisos.com\/en\/wp-json\/wp\/v2\/pages"}],"about":[{"href":"https:\/\/www.ionisos.com\/en\/wp-json\/wp\/v2\/types\/page"}],"author":[{"embeddable":true,"href":"https:\/\/www.ionisos.com\/en\/wp-json\/wp\/v2\/users\/1"}],"replies":[{"embeddable":true,"href":"https:\/\/www.ionisos.com\/en\/wp-json\/wp\/v2\/comments?post=16026"}],"version-history":[{"count":24,"href":"https:\/\/www.ionisos.com\/en\/wp-json\/wp\/v2\/pages\/16026\/revisions"}],"predecessor-version":[{"id":27882,"href":"https:\/\/www.ionisos.com\/en\/wp-json\/wp\/v2\/pages\/16026\/revisions\/27882"}],"wp:featuredmedia":[{"embeddable":true,"href":"https:\/\/www.ionisos.com\/en\/wp-json\/wp\/v2\/media\/21470"}],"wp:attachment":[{"href":"https:\/\/www.ionisos.com\/en\/wp-json\/wp\/v2\/media?parent=16026"}],"curies":[{"name":"wp","href":"https:\/\/api.w.org\/{rel}","templated":true}]}}