 {"id":16019,"date":"2017-11-13T23:57:20","date_gmt":"2017-11-13T22:57:20","guid":{"rendered":"https:\/\/www.ionisos.com\/?page_id=16019\/"},"modified":"2025-04-16T17:32:51","modified_gmt":"2025-04-16T15:32:51","slug":"ionisos-sterilization-by-gamma-and-beta-ionization-and-ethylene-oxide","status":"publish","type":"page","link":"https:\/\/www.ionisos.com\/en\/ionisos-sterilization-by-gamma-and-beta-ionization-and-ethylene-oxide\/","title":{"rendered":"Ionisos"},"content":{"rendered":"<p>[vc_row bg_image=&#8221;15459&#8243; bg_repeat=&#8221;no-repeat&#8221; text_color=&#8221;light&#8221; text_align=&#8221;center&#8221; top_padding=&#8221;100&#8243; bottom_padding=&#8221;100&#8243;][vc_column width=&#8221;1\/1&#8243;]<h1 class=\"headline font-special fontsize-xxxl fontweight-inherit lh-inherit align-center transform-uppercase \" style=\"margin: 0;\">The <strong>Ionisos<\/strong> Group<\/h1>[\/vc_column][\/vc_row][vc_row text_align=&#8221;center&#8221;][vc_column width=&#8221;1\/1&#8243;]<div class=\"spacer\" style=\"height: 40px;\"><\/div>[vc_column_text]<\/p>\n<p style=\"text-align: center;\"><span style=\"font-family: Abel; font-size: 25px;\"><br \/>\nIONISOS is a provider of cold sterilization services <\/span><span style=\"font-family: Abel; font-size: 25px;\">using <strong>four complementary technologies<\/strong> :<\/span><\/p>\n<p>[\/vc_column_text][vc_column_text]<a href=\"\/en\/our-activities\/e-beam\/\" target=\"_self\" class=\"button custom medium \" style=\"background-color: #ea5045; border-color: #ea5045;border-radius: 2px;\">Electron Beam<\/a> <a href=\"\/en\/our-activities\/gamma-rays\/\" target=\"_self\" class=\"button custom medium \" style=\"background-color: #5996d1; border-color: #5996d1;border-radius: 2px;\">Gamma Rays<\/a> <a href=\"https:\/\/www.ionisos.com\/en\/our-activities\/x-ray-treatment\/\" target=\"_self\" class=\"button custom medium \" style=\"background-color: #EF9E1C; border-color: #EF9E1C;border-radius: 2px;\">X-Rays<\/a> <a href=\"\/\/en\/our-activities\/ethylene-oxide\/\" target=\"_self\" class=\"button custom medium \" style=\"background-color: #21b3aa; border-color: #21b3aa;border-radius: 2px;\">Ethylene Oxide<\/a>[\/vc_column_text][\/vc_column][\/vc_row][vc_row][vc_column width=&#8221;1\/1&#8243;]<div class=\"spacer\" style=\"height: 60px;\"><\/div>[\/vc_column][\/vc_row][vc_row bg_position=&#8221;left top&#8221;][vc_column width=&#8221;1\/1&#8243;]<h2 class=\"headline font-special fontsize-l fontweight-700 lh-inherit align-center transform-uppercase \" style=\"margin: 0 0 40px 0;\">Leurs applications principales sont :<\/h2>[vc_row_inner][vc_column_inner width=&#8221;1\/2&#8243;]<div class=\"iconbox  iconbox-style-8 icon-color-greyscale color-dark clearfix\"><h3>Sterilize<\/h3><i class=\"fa sl-drop boxicon\" style=\"\"><\/i><p>\n<a href=\"\/en\/our-activities\/\" target=\"_self\" class=\"button color-1 small \" style=\"border-radius: 2px;\">\nLearn more<br \/>\n<\/a>\n<\/p><\/div>[\/vc_column_inner][vc_column_inner width=&#8221;1\/2&#8243;]<div class=\"iconbox  iconbox-style-8 icon-color-greyscale color-dark clearfix\"><h3>Cross-link<\/h3><i class=\"fa sl-layers boxicon\" style=\"\"><\/i><p>\n<a href=\"\/en\/our-activities\/crosslinking\/\" target=\"_self\" class=\"button color-1 small \" style=\"border-radius: 2px;\">\nLearn more<br \/>\n<\/a>\n<\/p><\/div>[\/vc_column_inner][\/vc_row_inner][\/vc_column][\/vc_row][vc_row][vc_column width=&#8221;1\/4&#8243;]<div class=\"single_image wpb_content_element align-left    \" data-animation=\"none\" data-delay=\"0\"><img loading=\"lazy\" decoding=\"async\" width=\"900\" height=\"500\" src=\"https:\/\/www.ionisos.com\/wp-content\/uploads\/2017\/03\/Probetas2014-1.jpg\" class=\"attachment-full\" alt=\"\" srcset=\"https:\/\/www.ionisos.com\/wp-content\/uploads\/2017\/03\/Probetas2014-1.jpg 900w, https:\/\/www.ionisos.com\/wp-content\/uploads\/2017\/03\/Probetas2014-1-300x167.jpg 300w, https:\/\/www.ionisos.com\/wp-content\/uploads\/2017\/03\/Probetas2014-1-768x427.jpg 768w, https:\/\/www.ionisos.com\/wp-content\/uploads\/2017\/03\/Probetas2014-1-200x111.jpg 200w\" sizes=\"auto, (max-width: 900px) 100vw, 900px\" \/><\/div>[\/vc_column][vc_column width=&#8221;3\/4&#8243;][vc_column_text]<\/p>\n<h4 style=\"text-align: left;\">The principle of ionization involves sterilizing, preserving, and sanitizing equipment or raw materials, helping to protect both the environment and human health.<\/h4>\n<h4 style=\"text-align: left;\">Ionization has been known for 60 years, with its industrial development dating back around two decades.<\/h4>\n<p style=\"text-align: left;\">Gamma photons and accelerated electrons <strong>eliminate bacteria, yeasts, molds, fungi, and viruses<\/strong>, thereby <strong>ensuring the sterility<\/strong> of the treated product.<\/p>\n<p style=\"text-align: left;\">Ionization is carried out without increasing the temperature or adding chemical additives, and it penetrates through sealed packaging.<\/p>\n<p>[\/vc_column_text][\/vc_column][\/vc_row][vc_row][vc_column width=&#8221;1\/1&#8243;]<div class=\"spacer\" style=\"height: 40px;\"><\/div>[\/vc_column][\/vc_row][vc_row bg_color=&#8221;#0b2677&#8243; text_color=&#8221;light&#8221; text_align=&#8221;center&#8221; top_padding=&#8221;40&#8243; bottom_padding=&#8221;40&#8243;][vc_column width=&#8221;2\/3&#8243;]<div class=\"spacer\" style=\"height: 5px;\"><\/div>[vc_column_text]<\/p>\n<h3 style=\"text-align: left;\">To learn more about our ionization process<\/h3>\n<p>[\/vc_column_text][\/vc_column][vc_column width=&#8221;1\/3&#8243;]<a href=\"\/en\/our-activities\/\" target=\"_self\" class=\"button color-8 medium \" style=\"border-radius: 2px;\">Click here<\/a>[\/vc_column][\/vc_row]<\/p>\n","protected":false},"excerpt":{"rendered":"<p>[vc_row bg_image=&#8221;15459&#8243; bg_repeat=&#8221;no-repeat&#8221; text_color=&#8221;light&#8221; text_align=&#8221;center&#8221; top_padding=&#8221;100&#8243; bottom_padding=&#8221;100&#8243;][vc_column width=&#8221;1\/1&#8243;][\/vc_column][\/vc_row][vc_row text_align=&#8221;center&#8221;][vc_column width=&#8221;1\/1&#8243;][vc_column_text] IONISOS is a provider of cold sterilization services using four complementary technologies : [\/vc_column_text][vc_column_text] [\/vc_column_text][\/vc_column][\/vc_row][vc_row][vc_column width=&#8221;1\/1&#8243;][\/vc_column][\/vc_row][vc_row bg_position=&#8221;left top&#8221;][vc_column width=&#8221;1\/1&#8243;][vc_row_inner][vc_column_inner width=&#8221;1\/2&#8243;][\/vc_column_inner][vc_column_inner width=&#8221;1\/2&#8243;][\/vc_column_inner][\/vc_row_inner][\/vc_column][\/vc_row][vc_row][vc_column width=&#8221;1\/4&#8243;][\/vc_column][vc_column width=&#8221;3\/4&#8243;][vc_column_text] The principle of ionization involves sterilizing, preserving, and sanitizing equipment or raw materials, helping to protect both the environment and human health. Ionization has been known for 60 years, with its industrial development dating back around two decades. Gamma photons and accelerated electrons eliminate bacteria, yeasts, molds, fungi, and viruses, thereby ensuring the sterility of the treated product. Ionization is carried out without increasing the temperature or adding chemical additives, and it penetrates through sealed packaging. [\/vc_column_text][\/vc_column][\/vc_row][vc_row][vc_column width=&#8221;1\/1&#8243;][\/vc_column][\/vc_row][vc_row bg_color=&#8221;#0b2677&#8243; text_color=&#8221;light&#8221; text_align=&#8221;center&#8221; top_padding=&#8221;40&#8243; bottom_padding=&#8221;40&#8243;][vc_column width=&#8221;2\/3&#8243;][vc_column_text] To learn more about our ionization process [\/vc_column_text][\/vc_column][vc_column width=&#8221;1\/3&#8243;][\/vc_column][\/vc_row]<\/p>\n","protected":false},"author":1,"featured_media":0,"parent":0,"menu_order":0,"comment_status":"open","ping_status":"open","template":"","meta":{"inline_featured_image":false,"footnotes":""},"class_list":["post-16019","page","type-page","status-publish","hentry"],"yoast_head":"<!-- This site is optimized with the Yoast SEO plugin v26.3 - https:\/\/yoast.com\/wordpress\/plugins\/seo\/ -->\n<title>IONISOS, gamma sterilization, ebeam, X-rays and ethylene oxide<\/title>\n<meta name=\"description\" content=\"The Ionisos Group has specialized in sterilization, conservation and cross-linking for over 60 years.\" \/>\n<meta name=\"robots\" content=\"index, follow, max-snippet:-1, max-image-preview:large, max-video-preview:-1\" \/>\n<link rel=\"canonical\" href=\"https:\/\/www.ionisos.com\/en\/ionisos-sterilization-by-gamma-and-beta-ionization-and-ethylene-oxide\/\" \/>\n<meta property=\"og:locale\" content=\"en_US\" \/>\n<meta property=\"og:type\" content=\"article\" \/>\n<meta property=\"og:title\" content=\"IONISOS, gamma sterilization, ebeam, X-rays and ethylene oxide\" \/>\n<meta property=\"og:description\" content=\"The Ionisos Group has specialized in sterilization, conservation and cross-linking for over 60 years.\" \/>\n<meta property=\"og:url\" content=\"https:\/\/www.ionisos.com\/en\/ionisos-sterilization-by-gamma-and-beta-ionization-and-ethylene-oxide\/\" \/>\n<meta property=\"og:site_name\" content=\"Ionisos\" \/>\n<meta property=\"article:modified_time\" content=\"2025-04-16T15:32:51+00:00\" \/>\n<meta name=\"twitter:card\" content=\"summary_large_image\" \/>\n<meta name=\"twitter:label1\" content=\"Est. reading time\" \/>\n\t<meta name=\"twitter:data1\" content=\"2 minutes\" \/>\n<script type=\"application\/ld+json\" class=\"yoast-schema-graph\">{\"@context\":\"https:\/\/schema.org\",\"@graph\":[{\"@type\":\"WebPage\",\"@id\":\"https:\/\/www.ionisos.com\/en\/ionisos-sterilization-by-gamma-and-beta-ionization-and-ethylene-oxide\/\",\"url\":\"https:\/\/www.ionisos.com\/en\/ionisos-sterilization-by-gamma-and-beta-ionization-and-ethylene-oxide\/\",\"name\":\"IONISOS, gamma sterilization, ebeam, X-rays and ethylene oxide\",\"isPartOf\":{\"@id\":\"https:\/\/www.ionisos.com\/#website\"},\"datePublished\":\"2017-11-13T22:57:20+00:00\",\"dateModified\":\"2025-04-16T15:32:51+00:00\",\"description\":\"The Ionisos Group has specialized in sterilization, conservation and cross-linking for over 60 years.\",\"breadcrumb\":{\"@id\":\"https:\/\/www.ionisos.com\/en\/ionisos-sterilization-by-gamma-and-beta-ionization-and-ethylene-oxide\/#breadcrumb\"},\"inLanguage\":\"en-US\",\"potentialAction\":[{\"@type\":\"ReadAction\",\"target\":[\"https:\/\/www.ionisos.com\/en\/ionisos-sterilization-by-gamma-and-beta-ionization-and-ethylene-oxide\/\"]}]},{\"@type\":\"BreadcrumbList\",\"@id\":\"https:\/\/www.ionisos.com\/en\/ionisos-sterilization-by-gamma-and-beta-ionization-and-ethylene-oxide\/#breadcrumb\",\"itemListElement\":[{\"@type\":\"ListItem\",\"position\":1,\"name\":\"Accueil\",\"item\":\"https:\/\/www.ionisos.com\/en\/\"},{\"@type\":\"ListItem\",\"position\":2,\"name\":\"Ionisos\"}]},{\"@type\":\"WebSite\",\"@id\":\"https:\/\/www.ionisos.com\/#website\",\"url\":\"https:\/\/www.ionisos.com\/\",\"name\":\"Ionisos\",\"description\":\"Ionisation par \u00e9lectrons acc\u00e9l\u00e9r\u00e9s, rayons gamma, rayons X et oxyde d&#039;\u00e9thyl\u00e8ne\",\"potentialAction\":[{\"@type\":\"SearchAction\",\"target\":{\"@type\":\"EntryPoint\",\"urlTemplate\":\"https:\/\/www.ionisos.com\/?s={search_term_string}\"},\"query-input\":{\"@type\":\"PropertyValueSpecification\",\"valueRequired\":true,\"valueName\":\"search_term_string\"}}],\"inLanguage\":\"en-US\"}]}<\/script>\n<!-- \/ Yoast SEO plugin. -->","yoast_head_json":{"title":"IONISOS, gamma sterilization, ebeam, X-rays and ethylene oxide","description":"The Ionisos Group has specialized in sterilization, conservation and cross-linking for over 60 years.","robots":{"index":"index","follow":"follow","max-snippet":"max-snippet:-1","max-image-preview":"max-image-preview:large","max-video-preview":"max-video-preview:-1"},"canonical":"https:\/\/www.ionisos.com\/en\/ionisos-sterilization-by-gamma-and-beta-ionization-and-ethylene-oxide\/","og_locale":"en_US","og_type":"article","og_title":"IONISOS, gamma sterilization, ebeam, X-rays and ethylene oxide","og_description":"The Ionisos Group has specialized in sterilization, conservation and cross-linking for over 60 years.","og_url":"https:\/\/www.ionisos.com\/en\/ionisos-sterilization-by-gamma-and-beta-ionization-and-ethylene-oxide\/","og_site_name":"Ionisos","article_modified_time":"2025-04-16T15:32:51+00:00","twitter_card":"summary_large_image","twitter_misc":{"Est. reading time":"2 minutes"},"schema":{"@context":"https:\/\/schema.org","@graph":[{"@type":"WebPage","@id":"https:\/\/www.ionisos.com\/en\/ionisos-sterilization-by-gamma-and-beta-ionization-and-ethylene-oxide\/","url":"https:\/\/www.ionisos.com\/en\/ionisos-sterilization-by-gamma-and-beta-ionization-and-ethylene-oxide\/","name":"IONISOS, gamma sterilization, ebeam, X-rays and ethylene oxide","isPartOf":{"@id":"https:\/\/www.ionisos.com\/#website"},"datePublished":"2017-11-13T22:57:20+00:00","dateModified":"2025-04-16T15:32:51+00:00","description":"The Ionisos Group has specialized in sterilization, conservation and cross-linking for over 60 years.","breadcrumb":{"@id":"https:\/\/www.ionisos.com\/en\/ionisos-sterilization-by-gamma-and-beta-ionization-and-ethylene-oxide\/#breadcrumb"},"inLanguage":"en-US","potentialAction":[{"@type":"ReadAction","target":["https:\/\/www.ionisos.com\/en\/ionisos-sterilization-by-gamma-and-beta-ionization-and-ethylene-oxide\/"]}]},{"@type":"BreadcrumbList","@id":"https:\/\/www.ionisos.com\/en\/ionisos-sterilization-by-gamma-and-beta-ionization-and-ethylene-oxide\/#breadcrumb","itemListElement":[{"@type":"ListItem","position":1,"name":"Accueil","item":"https:\/\/www.ionisos.com\/en\/"},{"@type":"ListItem","position":2,"name":"Ionisos"}]},{"@type":"WebSite","@id":"https:\/\/www.ionisos.com\/#website","url":"https:\/\/www.ionisos.com\/","name":"Ionisos","description":"Ionisation par \u00e9lectrons acc\u00e9l\u00e9r\u00e9s, rayons gamma, rayons X et oxyde d&#039;\u00e9thyl\u00e8ne","potentialAction":[{"@type":"SearchAction","target":{"@type":"EntryPoint","urlTemplate":"https:\/\/www.ionisos.com\/?s={search_term_string}"},"query-input":{"@type":"PropertyValueSpecification","valueRequired":true,"valueName":"search_term_string"}}],"inLanguage":"en-US"}]}},"_links":{"self":[{"href":"https:\/\/www.ionisos.com\/en\/wp-json\/wp\/v2\/pages\/16019","targetHints":{"allow":["GET"]}}],"collection":[{"href":"https:\/\/www.ionisos.com\/en\/wp-json\/wp\/v2\/pages"}],"about":[{"href":"https:\/\/www.ionisos.com\/en\/wp-json\/wp\/v2\/types\/page"}],"author":[{"embeddable":true,"href":"https:\/\/www.ionisos.com\/en\/wp-json\/wp\/v2\/users\/1"}],"replies":[{"embeddable":true,"href":"https:\/\/www.ionisos.com\/en\/wp-json\/wp\/v2\/comments?post=16019"}],"version-history":[{"count":35,"href":"https:\/\/www.ionisos.com\/en\/wp-json\/wp\/v2\/pages\/16019\/revisions"}],"predecessor-version":[{"id":26630,"href":"https:\/\/www.ionisos.com\/en\/wp-json\/wp\/v2\/pages\/16019\/revisions\/26630"}],"wp:attachment":[{"href":"https:\/\/www.ionisos.com\/en\/wp-json\/wp\/v2\/media?parent=16019"}],"curies":[{"name":"wp","href":"https:\/\/api.w.org\/{rel}","templated":true}]}}