 {"id":25841,"date":"2025-01-28T12:41:57","date_gmt":"2025-01-28T11:41:57","guid":{"rendered":"https:\/\/www.ionisos.com\/firmenlinks\/tarancon\/"},"modified":"2026-03-04T16:45:03","modified_gmt":"2026-03-04T15:45:03","slug":"tarancon","status":"publish","type":"page","link":"https:\/\/www.ionisos.com\/de\/firmenlinks\/tarancon\/","title":{"rendered":"Taranc\u00f3n"},"content":{"rendered":"<p>[vc_row bg_image=&#8221;24245&#8243; bg_repeat=&#8221;no-repeat&#8221; text_color=&#8221;light&#8221; text_align=&#8221;center&#8221; top_padding=&#8221;100&#8243; bottom_padding=&#8221;100&#8243;][vc_column width=&#8221;1\/1&#8243;]<h1 class=\"headline font-special fontsize-xxxl fontweight-inherit lh-inherit align-center transform-uppercase \" style=\"margin: 0;\"><strong>Taranc\u00f3n<\/strong><\/h1>[\/vc_column][\/vc_row][vc_row][vc_column width=&#8221;1\/1&#8243;]<div class=\"spacer\" style=\"height: 60px;\"><\/div>[vc_raw_html]PGlmcmFtZSBzcmM9Imh0dHBzOi8vd3d3Lmdvb2dsZS5jb20vbWFwcy9lbWJlZD9wYj0hMW0xOCExbTEyITFtMyExZDMwNTYuNjE3NzcyMzQ5OTk1NCEyZC0yLjk4NjgyODEyMjAzOTc3OTchM2QzOS45OTQ2NDYzODEyMTc1MSEybTMhMWYwITJmMCEzZjAhM20yITFpMTAyNCEyaTc2OCE0ZjEzLjEhM20zITFtMiExczB4ZDQyODE1ZjQ2ZTUxMTRkJTNBMHgzNDJhYWMxZWI4NzU2NGYzITJzSU9OSVNPUyUyMElCJUMzJTg5UklDQSE1ZTAhM20yITFzZnIhMnNmciE0djE3MDM3NzA2MTI4OTYhNW0yITFzZnIhMnNmciIgd2lkdGg9IjEwMCUiIGhlaWdodD0iMzAwIiBzdHlsZT0iYm9yZGVyOjA7IiBhbGxvd2Z1bGxzY3JlZW49IiIgbG9hZGluZz0ibGF6eSIgcmVmZXJyZXJwb2xpY3k9Im5vLXJlZmVycmVyLXdoZW4tZG93bmdyYWRlIj48L2lmcmFtZT4=[\/vc_raw_html]<div class=\"spacer\" style=\"height: 60px;\"><\/div>[\/vc_column][\/vc_row][vc_row][vc_column width=&#8221;1\/3&#8243;][vc_column_text]<strong>Adresse<\/strong><br \/>Pol\u00edgono Industrial \u00ab Taranc\u00f3n Sur \u00bb<br \/>C\/ Rocinante, parcela 50<br \/>16400 Taranc\u00f3n, Cuenca<br \/>SPANIEN[\/vc_column_text]<div class=\"uavc-list-icon uavc-list-icon-wrapper ult-adjust-bottom-margin   \"><ul class=\"uavc-list\"><li><div class=\"uavc-list-content\" id=\"list-icon-wrap-8598\">\n<div class=\"uavc-list-icon  \" data-animation=\"\" data-animation-delay=\"03\" style=\"margin-right:20px;\"><div class=\"ult-just-icon-wrapper  \"><div class=\"align-icon\" style=\"text-align:center;\">\n<div class=\"aio-icon none \"  style=\"color:#ea5045;font-size:30px;display:inline-block;\">\n\t<i class=\"Defaults-phone\"><\/i>\n<\/div><\/div><\/div>\n<\/div><span  data-ultimate-target='#list-icon-wrap-8598 .uavc-list-desc'  data-responsive-json-new='{\"font-size\":\"\",\"line-height\":\"\"}'  class=\"uavc-list-desc ult-responsive\" style=\"\">+34 969 320 496<\/span><\/div><\/li><li><div class=\"uavc-list-content\" id=\"list-icon-wrap-1105\">\n<div class=\"uavc-list-icon  \" data-animation=\"\" data-animation-delay=\"03\" style=\"margin-right:20px;\"><div class=\"ult-just-icon-wrapper  \"><div class=\"align-icon\" style=\"text-align:center;\">\n<div class=\"aio-icon none \"  style=\"color:#ea5045;font-size:30px;display:inline-block;\">\n\t<i class=\"Defaults-envelope-o\"><\/i>\n<\/div><\/div><\/div>\n<\/div><span  data-ultimate-target='#list-icon-wrap-1105 .uavc-list-desc'  data-responsive-json-new='{\"font-size\":\"\",\"line-height\":\"\"}'  class=\"uavc-list-desc ult-responsive\" style=\"\"><a href=\"mailto:info@ionisos.com\">info@ionisos.com<\/a><\/span><\/div><\/li><\/ul><\/div>[\/vc_column][vc_column width=&#8221;1\/3&#8243;][vc_column_text]<strong>Eigenschaften der Website<\/strong><\/p>\n<a href=\"\/nos-activites\/traitement-beta\/\" target=\"_self\" class=\"button custom small \" style=\"background-color: #EA5045; border-color: #EA5045;border-radius: 2px;\">Elektronenstrahl<\/a>[\/vc_column_text][vc_raw_html]PHRhYmxlIHdpZHRoPSIxMDAlIiBib3JkZXI9IjEiPg0KICA8dGJvZHk+DQogICAgPHRyPg0KICAgICAgPHRkPlR5cCA6PC90ZD4NCiAgICAgIDx0ZD5FbGVrdHJvbmVuc3RyYWhsPC90ZD4NCiAgICA8L3RyPg0KICAgIDx0cj4NCiAgICAgIDx0ZD5FbmVyZ2llIDo8L3RkPg0KICAgICAgPHRkPjEwIE1lViwgMjgga1c8L3RkPg0KICAgIDwvdHI+DQogICAgPHRyPg0KICAgICAgPHRkPlN0cmFobHR5cCA6PC90ZD4NCiAgICAgIDx0ZD5WZXJ0aWthbDwvdGQ+DQogICAgPC90cj4NCiAgICA8dHI+DQogICAgICA8dGQ+S2FydG9uZGltZW5zaW9uZW4gOjwvdGQ+DQogICAgICA8dGQ+MTAwMCB4IDEyMDAgeCA1MDAgbW08L3RkPg0KICAgIDwvdHI+DQogICAgPHRyPg0KICAgICAgPHRkPk1heGltYWxlcyBHZXdpY2h0IGRlciBLYXJ0b25zIDo8L3RkPg0KICAgICAgPHRkPjEwMCBrZzwvdGQ+DQogICAgPC90cj4NCiAgPC90Ym9keT4NCjwvdGFibGU+PGJyPg==[\/vc_raw_html][\/vc_column][vc_column text_color=&#8221;light&#8221; text_align=&#8221;center&#8221; width=&#8221;1\/3&#8243;]<div class=\" ubtn-ctn-left \"><a class=\"ubtn-link ult-adjust-bottom-margin ubtn-left ubtn-large \" title='Kontakt' rel='' href = \"https:\/\/www.ionisos.com\/de\/kontakt\/\" ><button type=\"button\" id=\"ubtn-5175\" class=\"ubtn ult-adjust-bottom-margin ult-responsive ubtn-large ubtn-no-hover-bg  none  ubtn-sep-icon ubtn-sep-icon-bottom-push  ubtn-left   tooltip-69de5dd110b85\"  data-hover=\"\" data-border-color=\"\" data-bg=\"#ea5045\" data-hover-bg=\"\" data-border-hover=\"\" data-shadow-hover=\"\" data-shadow-click=\"none\" data-shadow=\"\" data-shd-shadow=\"\"  data-ultimate-target='#ubtn-5175'  data-responsive-json-new='{\"font-size\":\"\",\"line-height\":\"\"}'  style=\"font-weight:normal;border:none;background: #ea5045;color: #ffffff;\"><span class=\"ubtn-data ubtn-icon\"><i class=\"Defaults-envelope-o\" style=\"font-size:32px;color:;\"><\/i><\/span><span class=\"ubtn-hover\" style=\"background-color:\"><\/span><span class=\"ubtn-data ubtn-text \" >Kontaktieren Sie unsere Expertenteams, um mehr \u00fcber unsere Angebote zu erfahren<\/span><\/button><\/a><\/div>[\/vc_column][\/vc_row][vc_row][vc_column width=&#8221;1\/1&#8243;]<div class=\"spacer\" style=\"height: 60px;\"><\/div>[vc_column_text]<strong>Zertifikate<\/strong>[\/vc_column_text][vc_row_inner][vc_column_inner width=&#8221;1\/6&#8243;]<div class=\" ubtn-ctn-left \"><a class=\"ubtn-link ult-adjust-bottom-margin ubtn-left ubtn-normal \"  rel='' href = \"https:\/\/www.ionisos.com\/wp-content\/uploads\/2023\/03\/GMP-certificate-AEMPS-DFV-20-01-2025-EudraGMP.pdf\" target='_blank'><button type=\"button\" id=\"ubtn-9046\" class=\"ubtn ult-adjust-bottom-margin ult-responsive ubtn-normal ubtn-no-hover-bg  none  ubtn-left   tooltip-69de5dd110bcb\"  data-hover=\"\" data-border-color=\"\" data-bg=\"#e0e0e0\" data-hover-bg=\"\" data-border-hover=\"\" data-shadow-hover=\"\" data-shadow-click=\"none\" data-shadow=\"\" data-shd-shadow=\"\"  data-ultimate-target='#ubtn-9046'  data-responsive-json-new='{\"font-size\":\"\",\"line-height\":\"\"}'  style=\"font-weight:normal;border:none;background: #e0e0e0;color: #000000;\"><span class=\"ubtn-hover\" style=\"background-color:\"><\/span><span class=\"ubtn-data ubtn-text \" >GMP-Zertifikat<\/span><\/button><\/a><\/div>[\/vc_column_inner][vc_column_inner width=&#8221;1\/6&#8243;]<div class=\" ubtn-ctn-left \"><a class=\"ubtn-link ult-adjust-bottom-margin ubtn-left ubtn-normal \"  rel='' href = \"https:\/\/www.ionisos.com\/wp-content\/uploads\/2023\/12\/IONISOS-IBERICAIonmed-EsterilizacionS.A.U.pdf\" target='_blank'><button type=\"button\" id=\"ubtn-1982\" class=\"ubtn ult-adjust-bottom-margin ult-responsive ubtn-normal ubtn-no-hover-bg  none  ubtn-left   tooltip-69de5dd110be5\"  data-hover=\"\" data-border-color=\"\" data-bg=\"#e0e0e0\" data-hover-bg=\"\" data-border-hover=\"\" data-shadow-hover=\"\" data-shadow-click=\"none\" data-shadow=\"\" data-shd-shadow=\"\"  data-ultimate-target='#ubtn-1982'  data-responsive-json-new='{\"font-size\":\"\",\"line-height\":\"\"}'  style=\"font-weight:normal;border:none;background: #e0e0e0;color: #000000;\"><span class=\"ubtn-hover\" style=\"background-color:\"><\/span><span class=\"ubtn-data ubtn-text \" >Zertifikat Registrierung Japan<\/span><\/button><\/a><\/div>[\/vc_column_inner][vc_column_inner width=&#8221;1\/6&#8243;]<div class=\" ubtn-ctn-left \"><a class=\"ubtn-link ult-adjust-bottom-margin ubtn-left ubtn-normal \"  rel='' href = \"https:\/\/www.ionisos.com\/wp-content\/uploads\/2025\/06\/9001.pdf\" target='_blank'><button type=\"button\" id=\"ubtn-7553\" class=\"ubtn ult-adjust-bottom-margin ult-responsive ubtn-normal ubtn-no-hover-bg  none  ubtn-left   tooltip-69de5dd110bfc\"  data-hover=\"\" data-border-color=\"\" data-bg=\"#e0e0e0\" data-hover-bg=\"\" data-border-hover=\"\" data-shadow-hover=\"\" data-shadow-click=\"none\" data-shadow=\"\" data-shd-shadow=\"\"  data-ultimate-target='#ubtn-7553'  data-responsive-json-new='{\"font-size\":\"\",\"line-height\":\"\"}'  style=\"font-weight:normal;border:none;background: #e0e0e0;color: #000000;\"><span class=\"ubtn-hover\" style=\"background-color:\"><\/span><span class=\"ubtn-data ubtn-text \" >ISO 9001-Zertifikat<\/span><\/button><\/a><\/div>[\/vc_column_inner][vc_column_inner width=&#8221;1\/6&#8243;]<div class=\" ubtn-ctn-left \"><a class=\"ubtn-link ult-adjust-bottom-margin ubtn-left ubtn-normal \"  rel='' href = \"https:\/\/www.ionisos.com\/wp-content\/uploads\/2025\/06\/13485.pdf\" target='_blank'><button type=\"button\" id=\"ubtn-2877\" class=\"ubtn ult-adjust-bottom-margin ult-responsive ubtn-normal ubtn-no-hover-bg  none  ubtn-left   tooltip-69de5dd110c12\"  data-hover=\"\" data-border-color=\"\" data-bg=\"#e0e0e0\" data-hover-bg=\"\" data-border-hover=\"\" data-shadow-hover=\"\" data-shadow-click=\"none\" data-shadow=\"\" data-shd-shadow=\"\"  data-ultimate-target='#ubtn-2877'  data-responsive-json-new='{\"font-size\":\"\",\"line-height\":\"\"}'  style=\"font-weight:normal;border:none;background: #e0e0e0;color: #000000;\"><span class=\"ubtn-hover\" style=\"background-color:\"><\/span><span class=\"ubtn-data ubtn-text \" >ISO 13485-Zertifikat<\/span><\/button><\/a><\/div>[\/vc_column_inner][vc_column_inner width=&#8221;1\/6&#8243;]<div class=\" ubtn-ctn-left \"><a class=\"ubtn-link ult-adjust-bottom-margin ubtn-left ubtn-normal \"  rel='' href = \"https:\/\/www.ionisos.com\/wp-content\/uploads\/2025\/02\/ISO_45001-ENG-C696997-0-20250227.pdf\" target='_blank'><button type=\"button\" id=\"ubtn-2388\" class=\"ubtn ult-adjust-bottom-margin ult-responsive ubtn-normal ubtn-no-hover-bg  none  ubtn-left   tooltip-69de5dd110c2b\"  data-hover=\"\" data-border-color=\"\" data-bg=\"#e0e0e0\" data-hover-bg=\"\" data-border-hover=\"\" data-shadow-hover=\"\" data-shadow-click=\"none\" data-shadow=\"\" data-shd-shadow=\"\"  data-ultimate-target='#ubtn-2388'  data-responsive-json-new='{\"font-size\":\"\",\"line-height\":\"\"}'  style=\"font-weight:normal;border:none;background: #e0e0e0;color: #000000;\"><span class=\"ubtn-hover\" style=\"background-color:\"><\/span><span class=\"ubtn-data ubtn-text \" >ISO 45001-Zertifikat<\/span><\/button><\/a><\/div>[\/vc_column_inner][vc_column_inner width=&#8221;1\/6&#8243;]<div class=\" ubtn-ctn-left \"><a class=\"ubtn-link ult-adjust-bottom-margin ubtn-left ubtn-normal \"  rel='' href = \"https:\/\/www.ionisos.com\/wp-content\/uploads\/2026\/03\/ISCC_PLUS_certificate_3393_Ionmed.pdf\" target='_blank'><button type=\"button\" id=\"ubtn-4477\" class=\"ubtn ult-adjust-bottom-margin ult-responsive ubtn-normal ubtn-no-hover-bg  none  ubtn-left   tooltip-69de5dd110c41\"  data-hover=\"\" data-border-color=\"\" data-bg=\"#e0e0e0\" data-hover-bg=\"\" data-border-hover=\"\" data-shadow-hover=\"\" data-shadow-click=\"none\" data-shadow=\"\" data-shd-shadow=\"\"  data-ultimate-target='#ubtn-4477'  data-responsive-json-new='{\"font-size\":\"\",\"line-height\":\"\"}'  style=\"font-weight:normal;border:none;background: #e0e0e0;color: #000000;\"><span class=\"ubtn-hover\" style=\"background-color:\"><\/span><span class=\"ubtn-data ubtn-text \" >ISCC PLUS-Zertifikat<\/span><\/button><\/a><\/div>[\/vc_column_inner][\/vc_row_inner][vc_row_inner][vc_column_inner width=&#8221;1\/6&#8243;]<div class=\" ubtn-ctn-left \"><a class=\"ubtn-link ult-adjust-bottom-margin ubtn-left ubtn-normal \"  rel='' href = \"https:\/\/www.ionisos.com\/wp-content\/uploads\/2025\/03\/AEMPS-Operating-license-for-health-products-n94-PS-0.pdf\" target='_blank'><button type=\"button\" id=\"ubtn-6838\" class=\"ubtn ult-adjust-bottom-margin ult-responsive ubtn-normal ubtn-no-hover-bg  none  ubtn-left   tooltip-69de5dd110c55\"  data-hover=\"\" data-border-color=\"\" data-bg=\"#e0e0e0\" data-hover-bg=\"\" data-border-hover=\"\" data-shadow-hover=\"\" data-shadow-click=\"none\" data-shadow=\"\" data-shd-shadow=\"\"  data-ultimate-target='#ubtn-6838'  data-responsive-json-new='{\"font-size\":\"\",\"line-height\":\"\"}'  style=\"font-weight:normal;border:none;background: #e0e0e0;color: #000000;\"><span class=\"ubtn-hover\" style=\"background-color:\"><\/span><span class=\"ubtn-data ubtn-text \" >Betriebserlaubnis f\u00fcr Gesundheitsprodukte<\/span><\/button><\/a><\/div>[\/vc_column_inner][vc_column_inner width=&#8221;1\/6&#8243;]<div class=\" ubtn-ctn-left \"><a class=\"ubtn-link ult-adjust-bottom-margin ubtn-left ubtn-normal \"  rel='' href = \"https:\/\/www.ionisos.com\/wp-content\/uploads\/2025\/06\/AEMPS_Notif_YS4RCB8Z75CV54R2T415.pdf\" target='_blank'><button type=\"button\" id=\"ubtn-5146\" class=\"ubtn ult-adjust-bottom-margin ult-responsive ubtn-normal ubtn-no-hover-bg  none  ubtn-left   tooltip-69de5dd110c6a\"  data-hover=\"\" data-border-color=\"\" data-bg=\"#e0e0e0\" data-hover-bg=\"\" data-border-hover=\"\" data-shadow-hover=\"\" data-shadow-click=\"none\" data-shadow=\"\" data-shd-shadow=\"\"  data-ultimate-target='#ubtn-5146'  data-responsive-json-new='{\"font-size\":\"\",\"line-height\":\"\"}'  style=\"font-weight:normal;border:none;background: #e0e0e0;color: #000000;\"><span class=\"ubtn-hover\" style=\"background-color:\"><\/span><span class=\"ubtn-data ubtn-text \" >Betriebserlaubnis f\u00fcr Pharmazeutika<\/span><\/button><\/a><\/div>[\/vc_column_inner][vc_column_inner width=&#8221;1\/6&#8243;][\/vc_column_inner][vc_column_inner width=&#8221;1\/6&#8243;][\/vc_column_inner][vc_column_inner width=&#8221;1\/6&#8243;][\/vc_column_inner][vc_column_inner width=&#8221;1\/6&#8243;][\/vc_column_inner][\/vc_row_inner][\/vc_column][\/vc_row][vc_row][vc_column width=&#8221;1\/1&#8243;]<div class=\"spacer\" style=\"height: 20px;\"><\/div><div class=\" ubtn-ctn-center \"><a class=\"ubtn-link ult-adjust-bottom-margin ubtn-center ubtn-large \" title='Kontakt' rel='' href = \"https:\/\/www.ionisos.com\/\/de\/firmenlinks\/\/\" ><button type=\"button\" id=\"ubtn-9919\" class=\"ubtn ult-adjust-bottom-margin ult-responsive ubtn-large ubtn-no-hover-bg  none  ubtn-sep-icon ubtn-sep-icon-at-left  ubtn-center   tooltip-69de5dd110c9a\"  data-hover=\"\" data-border-color=\"\" data-bg=\"#707070\" data-hover-bg=\"\" data-border-hover=\"\" data-shadow-hover=\"\" data-shadow-click=\"none\" data-shadow=\"\" data-shd-shadow=\"\"  data-ultimate-target='#ubtn-9919'  data-responsive-json-new='{\"font-size\":\"\",\"line-height\":\"\"}'  style=\"font-weight:normal;border:none;background: #707070;color: #ffffff;\"><span class=\"ubtn-data ubtn-icon\"><i class=\"Defaults-chevron-left\" style=\"font-size:20px;color:;\"><\/i><\/span><span class=\"ubtn-hover\" style=\"background-color:\"><\/span><span class=\"ubtn-data ubtn-text \" >Zur\u00fcck zur Liste der Standorte<\/span><\/button><\/a><\/div><div class=\"spacer\" style=\"height: 60px;\"><\/div>[\/vc_column][\/vc_row]<\/p>\n","protected":false},"excerpt":{"rendered":"<p>[vc_row bg_image=&#8221;24245&#8243; bg_repeat=&#8221;no-repeat&#8221; text_color=&#8221;light&#8221; text_align=&#8221;center&#8221; top_padding=&#8221;100&#8243; bottom_padding=&#8221;100&#8243;][vc_column width=&#8221;1\/1&#8243;][\/vc_column][\/vc_row][vc_row][vc_column width=&#8221;1\/1&#8243;][vc_raw_html]PGlmcmFtZSBzcmM9Imh0dHBzOi8vd3d3Lmdvb2dsZS5jb20vbWFwcy9lbWJlZD9wYj0hMW0xOCExbTEyITFtMyExZDMwNTYuNjE3NzcyMzQ5OTk1NCEyZC0yLjk4NjgyODEyMjAzOTc3OTchM2QzOS45OTQ2NDYzODEyMTc1MSEybTMhMWYwITJmMCEzZjAhM20yITFpMTAyNCEyaTc2OCE0ZjEzLjEhM20zITFtMiExczB4ZDQyODE1ZjQ2ZTUxMTRkJTNBMHgzNDJhYWMxZWI4NzU2NGYzITJzSU9OSVNPUyUyMElCJUMzJTg5UklDQSE1ZTAhM20yITFzZnIhMnNmciE0djE3MDM3NzA2MTI4OTYhNW0yITFzZnIhMnNmciIgd2lkdGg9IjEwMCUiIGhlaWdodD0iMzAwIiBzdHlsZT0iYm9yZGVyOjA7IiBhbGxvd2Z1bGxzY3JlZW49IiIgbG9hZGluZz0ibGF6eSIgcmVmZXJyZXJwb2xpY3k9Im5vLXJlZmVycmVyLXdoZW4tZG93bmdyYWRlIj48L2lmcmFtZT4=[\/vc_raw_html][\/vc_column][\/vc_row][vc_row][vc_column width=&#8221;1\/3&#8243;][vc_column_text]AdressePol\u00edgono Industrial \u00ab Taranc\u00f3n Sur \u00bbC\/ Rocinante, parcela 5016400 Taranc\u00f3n, CuencaSPANIEN[\/vc_column_text][\/vc_column][vc_column width=&#8221;1\/3&#8243;][vc_column_text]Eigenschaften der Website [\/vc_column_text][vc_raw_html]PHRhYmxlIHdpZHRoPSIxMDAlIiBib3JkZXI9IjEiPg0KICA8dGJvZHk+DQogICAgPHRyPg0KICAgICAgPHRkPlR5cCA6PC90ZD4NCiAgICAgIDx0ZD5FbGVrdHJvbmVuc3RyYWhsPC90ZD4NCiAgICA8L3RyPg0KICAgIDx0cj4NCiAgICAgIDx0ZD5FbmVyZ2llIDo8L3RkPg0KICAgICAgPHRkPjEwIE1lViwgMjgga1c8L3RkPg0KICAgIDwvdHI+DQogICAgPHRyPg0KICAgICAgPHRkPlN0cmFobHR5cCA6PC90ZD4NCiAgICAgIDx0ZD5WZXJ0aWthbDwvdGQ+DQogICAgPC90cj4NCiAgICA8dHI+DQogICAgICA8dGQ+S2FydG9uZGltZW5zaW9uZW4gOjwvdGQ+DQogICAgICA8dGQ+MTAwMCB4IDEyMDAgeCA1MDAgbW08L3RkPg0KICAgIDwvdHI+DQogICAgPHRyPg0KICAgICAgPHRkPk1heGltYWxlcyBHZXdpY2h0IGRlciBLYXJ0b25zIDo8L3RkPg0KICAgICAgPHRkPjEwMCBrZzwvdGQ+DQogICAgPC90cj4NCiAgPC90Ym9keT4NCjwvdGFibGU+PGJyPg==[\/vc_raw_html][\/vc_column][vc_column text_color=&#8221;light&#8221; text_align=&#8221;center&#8221; width=&#8221;1\/3&#8243;][\/vc_column][\/vc_row][vc_row][vc_column width=&#8221;1\/1&#8243;][vc_column_text]Zertifikate[\/vc_column_text][vc_row_inner][vc_column_inner width=&#8221;1\/6&#8243;][\/vc_column_inner][vc_column_inner width=&#8221;1\/6&#8243;][\/vc_column_inner][vc_column_inner width=&#8221;1\/6&#8243;][\/vc_column_inner][vc_column_inner width=&#8221;1\/6&#8243;][\/vc_column_inner][vc_column_inner width=&#8221;1\/6&#8243;][\/vc_column_inner][vc_column_inner width=&#8221;1\/6&#8243;][\/vc_column_inner][\/vc_row_inner][vc_row_inner][vc_column_inner width=&#8221;1\/6&#8243;][\/vc_column_inner][vc_column_inner width=&#8221;1\/6&#8243;][\/vc_column_inner][vc_column_inner width=&#8221;1\/6&#8243;][\/vc_column_inner][vc_column_inner width=&#8221;1\/6&#8243;][\/vc_column_inner][vc_column_inner width=&#8221;1\/6&#8243;][\/vc_column_inner][vc_column_inner width=&#8221;1\/6&#8243;][\/vc_column_inner][\/vc_row_inner][\/vc_column][\/vc_row][vc_row][vc_column width=&#8221;1\/1&#8243;][\/vc_column][\/vc_row]<\/p>\n","protected":false},"author":1,"featured_media":19574,"parent":16112,"menu_order":0,"comment_status":"closed","ping_status":"closed","template":"","meta":{"inline_featured_image":false,"footnotes":""},"class_list":["post-25841","page","type-page","status-publish","has-post-thumbnail","hentry"],"yoast_head":"<!-- This site is optimized with the Yoast SEO plugin v26.3 - https:\/\/yoast.com\/wordpress\/plugins\/seo\/ -->\n<title>Taranc\u00f3n - Ionisos<\/title>\n<meta name=\"description\" content=\"Der Ionisos-Standort in Taranc\u00f3n (Spanien) ist auf die Sterilisation mit Elektronenstrahlen spezialisiert.\" \/>\n<meta name=\"robots\" content=\"index, follow, max-snippet:-1, max-image-preview:large, max-video-preview:-1\" \/>\n<link rel=\"canonical\" href=\"https:\/\/www.ionisos.com\/de\/firmenlinks\/tarancon\/\" \/>\n<meta property=\"og:locale\" content=\"de_DE\" \/>\n<meta property=\"og:type\" content=\"article\" \/>\n<meta property=\"og:title\" content=\"Taranc\u00f3n - Ionisos\" \/>\n<meta property=\"og:description\" content=\"Der Ionisos-Standort in Taranc\u00f3n (Spanien) ist auf die Sterilisation mit Elektronenstrahlen spezialisiert.\" \/>\n<meta property=\"og:url\" content=\"https:\/\/www.ionisos.com\/de\/firmenlinks\/tarancon\/\" \/>\n<meta property=\"og:site_name\" content=\"Ionisos\" \/>\n<meta property=\"article:modified_time\" content=\"2026-03-04T15:45:03+00:00\" \/>\n<meta property=\"og:image\" content=\"https:\/\/www.ionisos.com\/wp-content\/uploads\/2017\/03\/Photo-Ionisos-Iberica12-1.jpg\" \/>\n\t<meta property=\"og:image:width\" content=\"1920\" \/>\n\t<meta property=\"og:image:height\" content=\"600\" \/>\n\t<meta property=\"og:image:type\" content=\"image\/jpeg\" \/>\n<meta name=\"twitter:card\" content=\"summary_large_image\" \/>\n<meta name=\"twitter:label1\" content=\"Gesch\u00e4tzte Lesezeit\" \/>\n\t<meta name=\"twitter:data1\" content=\"4\u00a0Minuten\" \/>\n<script type=\"application\/ld+json\" class=\"yoast-schema-graph\">{\"@context\":\"https:\/\/schema.org\",\"@graph\":[{\"@type\":\"WebPage\",\"@id\":\"https:\/\/www.ionisos.com\/de\/firmenlinks\/tarancon\/\",\"url\":\"https:\/\/www.ionisos.com\/de\/firmenlinks\/tarancon\/\",\"name\":\"Taranc\u00f3n - Ionisos\",\"isPartOf\":{\"@id\":\"https:\/\/www.ionisos.com\/#website\"},\"primaryImageOfPage\":{\"@id\":\"https:\/\/www.ionisos.com\/de\/firmenlinks\/tarancon\/#primaryimage\"},\"image\":{\"@id\":\"https:\/\/www.ionisos.com\/de\/firmenlinks\/tarancon\/#primaryimage\"},\"thumbnailUrl\":\"https:\/\/www.ionisos.com\/wp-content\/uploads\/2017\/03\/Photo-Ionisos-Iberica12-1.jpg\",\"datePublished\":\"2025-01-28T11:41:57+00:00\",\"dateModified\":\"2026-03-04T15:45:03+00:00\",\"description\":\"Der Ionisos-Standort in Taranc\u00f3n (Spanien) ist auf die Sterilisation mit Elektronenstrahlen spezialisiert.\",\"breadcrumb\":{\"@id\":\"https:\/\/www.ionisos.com\/de\/firmenlinks\/tarancon\/#breadcrumb\"},\"inLanguage\":\"de\",\"potentialAction\":[{\"@type\":\"ReadAction\",\"target\":[\"https:\/\/www.ionisos.com\/de\/firmenlinks\/tarancon\/\"]}]},{\"@type\":\"ImageObject\",\"inLanguage\":\"de\",\"@id\":\"https:\/\/www.ionisos.com\/de\/firmenlinks\/tarancon\/#primaryimage\",\"url\":\"https:\/\/www.ionisos.com\/wp-content\/uploads\/2017\/03\/Photo-Ionisos-Iberica12-1.jpg\",\"contentUrl\":\"https:\/\/www.ionisos.com\/wp-content\/uploads\/2017\/03\/Photo-Ionisos-Iberica12-1.jpg\",\"width\":1920,\"height\":600,\"caption\":\"Site IONISOS Iberica\"},{\"@type\":\"BreadcrumbList\",\"@id\":\"https:\/\/www.ionisos.com\/de\/firmenlinks\/tarancon\/#breadcrumb\",\"itemListElement\":[{\"@type\":\"ListItem\",\"position\":1,\"name\":\"Accueil\",\"item\":\"https:\/\/www.ionisos.com\/de\/\"},{\"@type\":\"ListItem\",\"position\":2,\"name\":\"Firmenlinks\",\"item\":\"https:\/\/www.ionisos.com\/de\/firmenlinks\/\"},{\"@type\":\"ListItem\",\"position\":3,\"name\":\"Taranc\u00f3n\"}]},{\"@type\":\"WebSite\",\"@id\":\"https:\/\/www.ionisos.com\/#website\",\"url\":\"https:\/\/www.ionisos.com\/\",\"name\":\"Ionisos\",\"description\":\"Ionisation par \u00e9lectrons acc\u00e9l\u00e9r\u00e9s, rayons gamma, rayons X et oxyde d&#039;\u00e9thyl\u00e8ne\",\"potentialAction\":[{\"@type\":\"SearchAction\",\"target\":{\"@type\":\"EntryPoint\",\"urlTemplate\":\"https:\/\/www.ionisos.com\/?s={search_term_string}\"},\"query-input\":{\"@type\":\"PropertyValueSpecification\",\"valueRequired\":true,\"valueName\":\"search_term_string\"}}],\"inLanguage\":\"de\"}]}<\/script>\n<!-- \/ Yoast SEO plugin. -->","yoast_head_json":{"title":"Taranc\u00f3n - Ionisos","description":"Der Ionisos-Standort in Taranc\u00f3n (Spanien) ist auf die Sterilisation mit Elektronenstrahlen spezialisiert.","robots":{"index":"index","follow":"follow","max-snippet":"max-snippet:-1","max-image-preview":"max-image-preview:large","max-video-preview":"max-video-preview:-1"},"canonical":"https:\/\/www.ionisos.com\/de\/firmenlinks\/tarancon\/","og_locale":"de_DE","og_type":"article","og_title":"Taranc\u00f3n - Ionisos","og_description":"Der Ionisos-Standort in Taranc\u00f3n (Spanien) ist auf die Sterilisation mit Elektronenstrahlen spezialisiert.","og_url":"https:\/\/www.ionisos.com\/de\/firmenlinks\/tarancon\/","og_site_name":"Ionisos","article_modified_time":"2026-03-04T15:45:03+00:00","og_image":[{"width":1920,"height":600,"url":"https:\/\/www.ionisos.com\/wp-content\/uploads\/2017\/03\/Photo-Ionisos-Iberica12-1.jpg","type":"image\/jpeg"}],"twitter_card":"summary_large_image","twitter_misc":{"Gesch\u00e4tzte Lesezeit":"4\u00a0Minuten"},"schema":{"@context":"https:\/\/schema.org","@graph":[{"@type":"WebPage","@id":"https:\/\/www.ionisos.com\/de\/firmenlinks\/tarancon\/","url":"https:\/\/www.ionisos.com\/de\/firmenlinks\/tarancon\/","name":"Taranc\u00f3n - Ionisos","isPartOf":{"@id":"https:\/\/www.ionisos.com\/#website"},"primaryImageOfPage":{"@id":"https:\/\/www.ionisos.com\/de\/firmenlinks\/tarancon\/#primaryimage"},"image":{"@id":"https:\/\/www.ionisos.com\/de\/firmenlinks\/tarancon\/#primaryimage"},"thumbnailUrl":"https:\/\/www.ionisos.com\/wp-content\/uploads\/2017\/03\/Photo-Ionisos-Iberica12-1.jpg","datePublished":"2025-01-28T11:41:57+00:00","dateModified":"2026-03-04T15:45:03+00:00","description":"Der Ionisos-Standort in Taranc\u00f3n (Spanien) ist auf die Sterilisation mit Elektronenstrahlen spezialisiert.","breadcrumb":{"@id":"https:\/\/www.ionisos.com\/de\/firmenlinks\/tarancon\/#breadcrumb"},"inLanguage":"de","potentialAction":[{"@type":"ReadAction","target":["https:\/\/www.ionisos.com\/de\/firmenlinks\/tarancon\/"]}]},{"@type":"ImageObject","inLanguage":"de","@id":"https:\/\/www.ionisos.com\/de\/firmenlinks\/tarancon\/#primaryimage","url":"https:\/\/www.ionisos.com\/wp-content\/uploads\/2017\/03\/Photo-Ionisos-Iberica12-1.jpg","contentUrl":"https:\/\/www.ionisos.com\/wp-content\/uploads\/2017\/03\/Photo-Ionisos-Iberica12-1.jpg","width":1920,"height":600,"caption":"Site IONISOS Iberica"},{"@type":"BreadcrumbList","@id":"https:\/\/www.ionisos.com\/de\/firmenlinks\/tarancon\/#breadcrumb","itemListElement":[{"@type":"ListItem","position":1,"name":"Accueil","item":"https:\/\/www.ionisos.com\/de\/"},{"@type":"ListItem","position":2,"name":"Firmenlinks","item":"https:\/\/www.ionisos.com\/de\/firmenlinks\/"},{"@type":"ListItem","position":3,"name":"Taranc\u00f3n"}]},{"@type":"WebSite","@id":"https:\/\/www.ionisos.com\/#website","url":"https:\/\/www.ionisos.com\/","name":"Ionisos","description":"Ionisation par \u00e9lectrons acc\u00e9l\u00e9r\u00e9s, rayons gamma, rayons X et oxyde d&#039;\u00e9thyl\u00e8ne","potentialAction":[{"@type":"SearchAction","target":{"@type":"EntryPoint","urlTemplate":"https:\/\/www.ionisos.com\/?s={search_term_string}"},"query-input":{"@type":"PropertyValueSpecification","valueRequired":true,"valueName":"search_term_string"}}],"inLanguage":"de"}]}},"_links":{"self":[{"href":"https:\/\/www.ionisos.com\/de\/wp-json\/wp\/v2\/pages\/25841","targetHints":{"allow":["GET"]}}],"collection":[{"href":"https:\/\/www.ionisos.com\/de\/wp-json\/wp\/v2\/pages"}],"about":[{"href":"https:\/\/www.ionisos.com\/de\/wp-json\/wp\/v2\/types\/page"}],"author":[{"embeddable":true,"href":"https:\/\/www.ionisos.com\/de\/wp-json\/wp\/v2\/users\/1"}],"replies":[{"embeddable":true,"href":"https:\/\/www.ionisos.com\/de\/wp-json\/wp\/v2\/comments?post=25841"}],"version-history":[{"count":25,"href":"https:\/\/www.ionisos.com\/de\/wp-json\/wp\/v2\/pages\/25841\/revisions"}],"predecessor-version":[{"id":27869,"href":"https:\/\/www.ionisos.com\/de\/wp-json\/wp\/v2\/pages\/25841\/revisions\/27869"}],"up":[{"embeddable":true,"href":"https:\/\/www.ionisos.com\/de\/wp-json\/wp\/v2\/pages\/16112"}],"wp:featuredmedia":[{"embeddable":true,"href":"https:\/\/www.ionisos.com\/de\/wp-json\/wp\/v2\/media\/19574"}],"wp:attachment":[{"href":"https:\/\/www.ionisos.com\/de\/wp-json\/wp\/v2\/media?parent=25841"}],"curies":[{"name":"wp","href":"https:\/\/api.w.org\/{rel}","templated":true}]}}