 {"id":25805,"date":"2025-01-28T12:21:44","date_gmt":"2025-01-28T11:21:44","guid":{"rendered":"https:\/\/www.ionisos.com\/firmenlinks\/daeniken\/"},"modified":"2025-06-27T15:47:15","modified_gmt":"2025-06-27T13:47:15","slug":"daeniken","status":"publish","type":"page","link":"https:\/\/www.ionisos.com\/de\/firmenlinks\/daeniken\/","title":{"rendered":"D\u00e4niken"},"content":{"rendered":"<p>[vc_row bg_image=&#8221;24191&#8243; bg_repeat=&#8221;no-repeat&#8221; text_color=&#8221;light&#8221; text_align=&#8221;center&#8221; top_padding=&#8221;100&#8243; bottom_padding=&#8221;100&#8243;][vc_column width=&#8221;1\/1&#8243;]<h1 class=\"headline font-special fontsize-xxxl fontweight-inherit lh-inherit align-center transform-uppercase \" style=\"margin: 0;\"><strong>D\u00e4niken<\/strong><\/h1>[\/vc_column][\/vc_row][vc_row][vc_column width=&#8221;1\/1&#8243;]<div class=\"spacer\" style=\"height: 60px;\"><\/div>[vc_raw_html]PGlmcmFtZSBzcmM9Imh0dHBzOi8vd3d3Lmdvb2dsZS5jb20vbWFwcy9lbWJlZD9wYj0hMW0xOCExbTEyITFtMyExZDI3MDIuOTY0NTczNTExOTk4ITJkNy45NjU4ODE4NzgwODA1NTIhM2Q0Ny4zNTQwODk2MDUzNzghMm0zITFmMCEyZjAhM2YwITNtMiExaTEwMjQhMmk3NjghNGYxMy4xITNtMyExbTIhMXMweDQ3OTAzYjdiZGEwMTk2YzMlM0EweDdhNTY3NGI1NWRjMzc2NmQhMnNJb25pc29zJTIwLSUyMEQlQzMlQTRuaWtlbiE1ZTAhM20yITFzZnIhMnNmciE0djE3MDMwOTAxODIzNTchNW0yITFzZnIhMnNmciIgd2lkdGg9IjEwMCUiIGhlaWdodD0iMzAwIiBzdHlsZT0iYm9yZGVyOjA7IiBhbGxvd2Z1bGxzY3JlZW49IiIgbG9hZGluZz0ibGF6eSIgcmVmZXJyZXJwb2xpY3k9Im5vLXJlZmVycmVyLXdoZW4tZG93bmdyYWRlIj48L2lmcmFtZT4=[\/vc_raw_html]<div class=\"spacer\" style=\"height: 60px;\"><\/div>[\/vc_column][\/vc_row][vc_row][vc_column width=&#8221;1\/3&#8243;][vc_column_text]<strong>Adresse<\/strong><br \/>\n<span class=\"ui-provider fz b c d e f g h i j k l m n o p q r s t u v w x y z ab ac ae af ag ah ai aj ak\" dir=\"ltr\">Hogenweidstrasse 2<br \/>\n4658 D\u00e4niken<br \/>\nSCHWEIZ<\/span>[\/vc_column_text]<div class=\"uavc-list-icon uavc-list-icon-wrapper ult-adjust-bottom-margin   \"><ul class=\"uavc-list\"><li><div class=\"uavc-list-content\" id=\"list-icon-wrap-5222\">\n<div class=\"uavc-list-icon  \" data-animation=\"\" data-animation-delay=\"03\" style=\"margin-right:20px;\"><div class=\"ult-just-icon-wrapper  \"><div class=\"align-icon\" style=\"text-align:center;\">\n<div class=\"aio-icon none \"  style=\"color:#ea5045;font-size:30px;display:inline-block;\">\n\t<i class=\"Defaults-phone\"><\/i>\n<\/div><\/div><\/div>\n<\/div><span  data-ultimate-target='#list-icon-wrap-5222 .uavc-list-desc'  data-responsive-json-new='{\"font-size\":\"\",\"line-height\":\"\"}'  class=\"uavc-list-desc ult-responsive\" style=\"\">+41 32 560 36 60<\/span><\/div><\/li><li><div class=\"uavc-list-content\" id=\"list-icon-wrap-8806\">\n<div class=\"uavc-list-icon  \" data-animation=\"\" data-animation-delay=\"03\" style=\"margin-right:20px;\"><div class=\"ult-just-icon-wrapper  \"><div class=\"align-icon\" style=\"text-align:center;\">\n<div class=\"aio-icon none \"  style=\"color:#ea5045;font-size:30px;display:inline-block;\">\n\t<i class=\"Defaults-envelope-o\"><\/i>\n<\/div><\/div><\/div>\n<\/div><span  data-ultimate-target='#list-icon-wrap-8806 .uavc-list-desc'  data-responsive-json-new='{\"font-size\":\"\",\"line-height\":\"\"}'  class=\"uavc-list-desc ult-responsive\" style=\"\"><a href=\"mailto:info@ionisos.com\">info@ionisos.com<\/a><\/span><\/div><\/li><\/ul><\/div>[\/vc_column][vc_column width=&#8221;1\/3&#8243;][vc_column_text]<strong>Eigenschaften der Seite<\/strong><\/p>\n<a href=\"\/nos-activites\/traitement-beta\/\" target=\"_self\" class=\"button custom small \" style=\"background-color: #EA5045; border-color: #EA5045;border-radius: 2px;\">Beta-Strahlen<\/a>[\/vc_column_text][vc_raw_html]PHRhYmxlIHdpZHRoPSIxMDAlIiBib3JkZXI9IjEiPg0KICA8dGJvZHk+DQogICAgPHRyPg0KICAgICAgPHRkPlR5cDo8L3RkPg0KICAgICAgPHRkPkVsZWt0cm9uZW5zdHJhaGw8L3RkPg0KICAgIDwvdHI+DQogICAgPHRyPg0KICAgICAgPHRkPkVuZXJnaTo8L3RkPg0KICAgICAgPHRkPjEwIE1lViwgMjgga1c8L3RkPg0KICAgIDwvdHI+DQogICAgPHRyPg0KICAgICAgPHRkPlN0cmFobHR5cDo8L3RkPg0KICAgICAgPHRkPlZlcnRpa2FsPC90ZD4NCiAgICA8L3RyPg0KICAgIDx0cj4NCiAgICAgIDx0ZD5LYXJ0b25kaW1lbnNpb25lbjo8L3RkPg0KICAgICAgPHRkPjEyMDAgeCAyMDAwIG1tPC90ZD4NCiAgICA8L3RyPg0KICAgIDx0cj4NCiAgICAgIDx0ZD5NYXhpbWFsZXMgS2FydG9uZ2V3aWNodDo8L3RkPg0KICAgICAgPHRkPjIwMCBrZzwvdGQ+DQogICAgPC90cj4NCiAgPC90Ym9keT4NCjwvdGFibGU+DQo=[\/vc_raw_html][\/vc_column][vc_column text_color=&#8221;light&#8221; text_align=&#8221;center&#8221; width=&#8221;1\/3&#8243;]<div class=\" ubtn-ctn-left \"><a class=\"ubtn-link ult-adjust-bottom-margin ubtn-left ubtn-large \" title='Kontakt' rel='' href = \"https:\/\/www.ionisos.com\/de\/kontakt\/\" ><button type=\"button\" id=\"ubtn-1793\" class=\"ubtn ult-adjust-bottom-margin ult-responsive ubtn-large ubtn-no-hover-bg  none  ubtn-sep-icon ubtn-sep-icon-bottom-push  ubtn-left   tooltip-69dc1da505f7c\"  data-hover=\"\" data-border-color=\"\" data-bg=\"#ea5045\" data-hover-bg=\"\" data-border-hover=\"\" data-shadow-hover=\"\" data-shadow-click=\"none\" data-shadow=\"\" data-shd-shadow=\"\"  data-ultimate-target='#ubtn-1793'  data-responsive-json-new='{\"font-size\":\"\",\"line-height\":\"\"}'  style=\"font-weight:normal;border:none;background: #ea5045;color: #ffffff;\"><span class=\"ubtn-data ubtn-icon\"><i class=\"Defaults-envelope-o\" style=\"font-size:32px;color:;\"><\/i><\/span><span class=\"ubtn-hover\" style=\"background-color:\"><\/span><span class=\"ubtn-data ubtn-text \" >Kontaktieren Sie unsere Expertenteams, um mehr \u00fcber unsere Angebote zu erfahren<\/span><\/button><\/a><\/div>[\/vc_column][\/vc_row][vc_row][vc_column width=&#8221;1\/1&#8243;]<div class=\"spacer\" style=\"height: 60px;\"><\/div>[vc_column_text]<strong>Zertifikate<\/strong>[\/vc_column_text][vc_row_inner][vc_column_inner width=&#8221;1\/6&#8243;]<div class=\" ubtn-ctn-left \"><a class=\"ubtn-link ult-adjust-bottom-margin ubtn-left ubtn-normal \"  rel='' href = \"https:\/\/www.ionisos.com\/wp-content\/uploads\/2024\/05\/2024_05_02-Swissmedic-Bewilligung.pdf\" target='_blank'><button type=\"button\" id=\"ubtn-2208\" class=\"ubtn ult-adjust-bottom-margin ult-responsive ubtn-normal ubtn-no-hover-bg  none  ubtn-left   tooltip-69dc1da505fb7\"  data-hover=\"\" data-border-color=\"\" data-bg=\"#e0e0e0\" data-hover-bg=\"\" data-border-hover=\"\" data-shadow-hover=\"\" data-shadow-click=\"none\" data-shadow=\"\" data-shd-shadow=\"\"  data-ultimate-target='#ubtn-2208'  data-responsive-json-new='{\"font-size\":\"\",\"line-height\":\"\"}'  style=\"font-weight:normal;border:none;background: #e0e0e0;color: #000000;\"><span class=\"ubtn-hover\" style=\"background-color:\"><\/span><span class=\"ubtn-data ubtn-text \" >Swissmedic-Zertifikat<\/span><\/button><\/a><\/div>[\/vc_column_inner][vc_column_inner width=&#8221;1\/6&#8243;]<div class=\" ubtn-ctn-left \"><a class=\"ubtn-link ult-adjust-bottom-margin ubtn-left ubtn-normal \"  rel='' href = \"https:\/\/www.ionisos.com\/wp-content\/uploads\/2025\/06\/GMP_MP-EBD_Irradiation_Services_AG-1106784-20250627.pdf\" target='_blank'><button type=\"button\" id=\"ubtn-6461\" class=\"ubtn ult-adjust-bottom-margin ult-responsive ubtn-normal ubtn-no-hover-bg  none  ubtn-left   tooltip-69dc1da505fd3\"  data-hover=\"\" data-border-color=\"\" data-bg=\"#e0e0e0\" data-hover-bg=\"\" data-border-hover=\"\" data-shadow-hover=\"\" data-shadow-click=\"none\" data-shadow=\"\" data-shd-shadow=\"\"  data-ultimate-target='#ubtn-6461'  data-responsive-json-new='{\"font-size\":\"\",\"line-height\":\"\"}'  style=\"font-weight:normal;border:none;background: #e0e0e0;color: #000000;\"><span class=\"ubtn-hover\" style=\"background-color:\"><\/span><span class=\"ubtn-data ubtn-text \" >GMP-Zertifikat Swissmedic<\/span><\/button><\/a><\/div>[\/vc_column_inner][vc_column_inner width=&#8221;1\/6&#8243;]<div class=\" ubtn-ctn-left \"><a class=\"ubtn-link ult-adjust-bottom-margin ubtn-left ubtn-normal \"  rel='' href = \"https:\/\/www.ionisos.com\/wp-content\/uploads\/2025\/06\/9001.pdf\" target='_blank'><button type=\"button\" id=\"ubtn-2120\" class=\"ubtn ult-adjust-bottom-margin ult-responsive ubtn-normal ubtn-no-hover-bg  none  ubtn-left   tooltip-69dc1da505feb\"  data-hover=\"\" data-border-color=\"\" data-bg=\"#e0e0e0\" data-hover-bg=\"\" data-border-hover=\"\" data-shadow-hover=\"\" data-shadow-click=\"none\" data-shadow=\"\" data-shd-shadow=\"\"  data-ultimate-target='#ubtn-2120'  data-responsive-json-new='{\"font-size\":\"\",\"line-height\":\"\"}'  style=\"font-weight:normal;border:none;background: #e0e0e0;color: #000000;\"><span class=\"ubtn-hover\" style=\"background-color:\"><\/span><span class=\"ubtn-data ubtn-text \" >ISO 9001-Zertifikat<\/span><\/button><\/a><\/div>[\/vc_column_inner][vc_column_inner width=&#8221;1\/6&#8243;]<div class=\" ubtn-ctn-left \"><a class=\"ubtn-link ult-adjust-bottom-margin ubtn-left ubtn-normal \"  rel='' href = \"https:\/\/www.ionisos.com\/wp-content\/uploads\/2025\/06\/13485.pdf\" target='_blank'><button type=\"button\" id=\"ubtn-6482\" class=\"ubtn ult-adjust-bottom-margin ult-responsive ubtn-normal ubtn-no-hover-bg  none  ubtn-left   tooltip-69dc1da506001\"  data-hover=\"\" data-border-color=\"\" data-bg=\"#e0e0e0\" data-hover-bg=\"\" data-border-hover=\"\" data-shadow-hover=\"\" data-shadow-click=\"none\" data-shadow=\"\" data-shd-shadow=\"\"  data-ultimate-target='#ubtn-6482'  data-responsive-json-new='{\"font-size\":\"\",\"line-height\":\"\"}'  style=\"font-weight:normal;border:none;background: #e0e0e0;color: #000000;\"><span class=\"ubtn-hover\" style=\"background-color:\"><\/span><span class=\"ubtn-data ubtn-text \" >ISO 13485-Zertifikat<\/span><\/button><\/a><\/div>[\/vc_column_inner][vc_column_inner width=&#8221;1\/6&#8243;]<div class=\" ubtn-ctn-left \"><a class=\"ubtn-link ult-adjust-bottom-margin ubtn-left ubtn-normal \"  rel='' href = \"https:\/\/www.ionisos.com\/wp-content\/uploads\/2025\/02\/ISO_45001-ENG-C696997-0-20250227.pdf\" target='_blank'><button type=\"button\" id=\"ubtn-9246\" class=\"ubtn ult-adjust-bottom-margin ult-responsive ubtn-normal ubtn-no-hover-bg  none  ubtn-left   tooltip-69dc1da50601b\"  data-hover=\"\" data-border-color=\"\" data-bg=\"#e0e0e0\" data-hover-bg=\"\" data-border-hover=\"\" data-shadow-hover=\"\" data-shadow-click=\"none\" data-shadow=\"\" data-shd-shadow=\"\"  data-ultimate-target='#ubtn-9246'  data-responsive-json-new='{\"font-size\":\"\",\"line-height\":\"\"}'  style=\"font-weight:normal;border:none;background: #e0e0e0;color: #000000;\"><span class=\"ubtn-hover\" style=\"background-color:\"><\/span><span class=\"ubtn-data ubtn-text \" >ISO 45001-Zertifikat<\/span><\/button><\/a><\/div>[\/vc_column_inner][vc_column_inner width=&#8221;1\/6&#8243;]<div class=\" ubtn-ctn-left \"><a class=\"ubtn-link ult-adjust-bottom-margin ubtn-left ubtn-normal \"  rel='' href = \"https:\/\/www.ionisos.com\/wp-content\/uploads\/2024\/06\/ISCC_PLUS_certificate_3090.pdf\" target='_blank'><button type=\"button\" id=\"ubtn-3815\" class=\"ubtn ult-adjust-bottom-margin ult-responsive ubtn-normal ubtn-no-hover-bg  none  ubtn-left   tooltip-69dc1da506031\"  data-hover=\"\" data-border-color=\"\" data-bg=\"#e0e0e0\" data-hover-bg=\"\" data-border-hover=\"\" data-shadow-hover=\"\" data-shadow-click=\"none\" data-shadow=\"\" data-shd-shadow=\"\"  data-ultimate-target='#ubtn-3815'  data-responsive-json-new='{\"font-size\":\"\",\"line-height\":\"\"}'  style=\"font-weight:normal;border:none;background: #e0e0e0;color: #000000;\"><span class=\"ubtn-hover\" style=\"background-color:\"><\/span><span class=\"ubtn-data ubtn-text \" >ISCC PLUS-Zertifikat<\/span><\/button><\/a><\/div>[\/vc_column_inner][\/vc_row_inner][\/vc_column][\/vc_row][vc_row][vc_column width=&#8221;1\/1&#8243;]<div class=\"spacer\" style=\"height: 20px;\"><\/div><div class=\" ubtn-ctn-center \"><a class=\"ubtn-link ult-adjust-bottom-margin ubtn-center ubtn-large \" title='Kontakt' rel='' href = \"https:\/\/www.ionisos.com\/\/de\/firmenlinks\/\/\" ><button type=\"button\" id=\"ubtn-1564\" class=\"ubtn ult-adjust-bottom-margin ult-responsive ubtn-large ubtn-no-hover-bg  none  ubtn-sep-icon ubtn-sep-icon-at-left  ubtn-center   tooltip-69dc1da50605b\"  data-hover=\"\" data-border-color=\"\" data-bg=\"#707070\" data-hover-bg=\"\" data-border-hover=\"\" data-shadow-hover=\"\" data-shadow-click=\"none\" data-shadow=\"\" data-shd-shadow=\"\"  data-ultimate-target='#ubtn-1564'  data-responsive-json-new='{\"font-size\":\"\",\"line-height\":\"\"}'  style=\"font-weight:normal;border:none;background: #707070;color: #ffffff;\"><span class=\"ubtn-data ubtn-icon\"><i class=\"Defaults-chevron-left\" style=\"font-size:20px;color:;\"><\/i><\/span><span class=\"ubtn-hover\" style=\"background-color:\"><\/span><span class=\"ubtn-data ubtn-text \" >Zur\u00fcck zur Liste der Standorte<\/span><\/button><\/a><\/div><div class=\"spacer\" style=\"height: 60px;\"><\/div>[\/vc_column][\/vc_row]<\/p>\n","protected":false},"excerpt":{"rendered":"<p>[vc_row bg_image=&#8221;24191&#8243; bg_repeat=&#8221;no-repeat&#8221; text_color=&#8221;light&#8221; text_align=&#8221;center&#8221; top_padding=&#8221;100&#8243; bottom_padding=&#8221;100&#8243;][vc_column width=&#8221;1\/1&#8243;][\/vc_column][\/vc_row][vc_row][vc_column width=&#8221;1\/1&#8243;][vc_raw_html]PGlmcmFtZSBzcmM9Imh0dHBzOi8vd3d3Lmdvb2dsZS5jb20vbWFwcy9lbWJlZD9wYj0hMW0xOCExbTEyITFtMyExZDI3MDIuOTY0NTczNTExOTk4ITJkNy45NjU4ODE4NzgwODA1NTIhM2Q0Ny4zNTQwODk2MDUzNzghMm0zITFmMCEyZjAhM2YwITNtMiExaTEwMjQhMmk3NjghNGYxMy4xITNtMyExbTIhMXMweDQ3OTAzYjdiZGEwMTk2YzMlM0EweDdhNTY3NGI1NWRjMzc2NmQhMnNJb25pc29zJTIwLSUyMEQlQzMlQTRuaWtlbiE1ZTAhM20yITFzZnIhMnNmciE0djE3MDMwOTAxODIzNTchNW0yITFzZnIhMnNmciIgd2lkdGg9IjEwMCUiIGhlaWdodD0iMzAwIiBzdHlsZT0iYm9yZGVyOjA7IiBhbGxvd2Z1bGxzY3JlZW49IiIgbG9hZGluZz0ibGF6eSIgcmVmZXJyZXJwb2xpY3k9Im5vLXJlZmVycmVyLXdoZW4tZG93bmdyYWRlIj48L2lmcmFtZT4=[\/vc_raw_html][\/vc_column][\/vc_row][vc_row][vc_column width=&#8221;1\/3&#8243;][vc_column_text]Adresse Hogenweidstrasse 2 4658 D\u00e4niken SCHWEIZ[\/vc_column_text][\/vc_column][vc_column width=&#8221;1\/3&#8243;][vc_column_text]Eigenschaften der Seite [\/vc_column_text][vc_raw_html]PHRhYmxlIHdpZHRoPSIxMDAlIiBib3JkZXI9IjEiPg0KICA8dGJvZHk+DQogICAgPHRyPg0KICAgICAgPHRkPlR5cDo8L3RkPg0KICAgICAgPHRkPkVsZWt0cm9uZW5zdHJhaGw8L3RkPg0KICAgIDwvdHI+DQogICAgPHRyPg0KICAgICAgPHRkPkVuZXJnaTo8L3RkPg0KICAgICAgPHRkPjEwIE1lViwgMjgga1c8L3RkPg0KICAgIDwvdHI+DQogICAgPHRyPg0KICAgICAgPHRkPlN0cmFobHR5cDo8L3RkPg0KICAgICAgPHRkPlZlcnRpa2FsPC90ZD4NCiAgICA8L3RyPg0KICAgIDx0cj4NCiAgICAgIDx0ZD5LYXJ0b25kaW1lbnNpb25lbjo8L3RkPg0KICAgICAgPHRkPjEyMDAgeCAyMDAwIG1tPC90ZD4NCiAgICA8L3RyPg0KICAgIDx0cj4NCiAgICAgIDx0ZD5NYXhpbWFsZXMgS2FydG9uZ2V3aWNodDo8L3RkPg0KICAgICAgPHRkPjIwMCBrZzwvdGQ+DQogICAgPC90cj4NCiAgPC90Ym9keT4NCjwvdGFibGU+DQo=[\/vc_raw_html][\/vc_column][vc_column text_color=&#8221;light&#8221; text_align=&#8221;center&#8221; width=&#8221;1\/3&#8243;][\/vc_column][\/vc_row][vc_row][vc_column width=&#8221;1\/1&#8243;][vc_column_text]Zertifikate[\/vc_column_text][vc_row_inner][vc_column_inner width=&#8221;1\/6&#8243;][\/vc_column_inner][vc_column_inner width=&#8221;1\/6&#8243;][\/vc_column_inner][vc_column_inner width=&#8221;1\/6&#8243;][\/vc_column_inner][vc_column_inner width=&#8221;1\/6&#8243;][\/vc_column_inner][vc_column_inner width=&#8221;1\/6&#8243;][\/vc_column_inner][vc_column_inner width=&#8221;1\/6&#8243;][\/vc_column_inner][\/vc_row_inner][\/vc_column][\/vc_row][vc_row][vc_column width=&#8221;1\/1&#8243;][\/vc_column][\/vc_row]<\/p>\n","protected":false},"author":1,"featured_media":0,"parent":16112,"menu_order":0,"comment_status":"closed","ping_status":"closed","template":"","meta":{"inline_featured_image":false,"footnotes":""},"class_list":["post-25805","page","type-page","status-publish","hentry"],"yoast_head":"<!-- This site is optimized with the Yoast SEO plugin v26.3 - https:\/\/yoast.com\/wordpress\/plugins\/seo\/ -->\n<title>D\u00e4niken - Ionisos<\/title>\n<meta name=\"description\" content=\"Der Ionisos-Standort in D\u00e4niken (Schweiz) ist auf Sterilisation und Vernetzung mittels Elektronenstrahl spezialisiert.\" \/>\n<meta name=\"robots\" content=\"index, follow, max-snippet:-1, max-image-preview:large, max-video-preview:-1\" \/>\n<link rel=\"canonical\" href=\"https:\/\/www.ionisos.com\/nos-sites\/daniken\/\" \/>\n<meta property=\"og:locale\" content=\"de_DE\" \/>\n<meta property=\"og:type\" content=\"article\" \/>\n<meta property=\"og:title\" content=\"D\u00e4niken - Ionisos\" \/>\n<meta property=\"og:description\" content=\"Der Ionisos-Standort in D\u00e4niken (Schweiz) ist auf Sterilisation und Vernetzung mittels Elektronenstrahl spezialisiert.\" \/>\n<meta property=\"og:url\" content=\"https:\/\/www.ionisos.com\/nos-sites\/daniken\/\" \/>\n<meta property=\"og:site_name\" content=\"Ionisos\" \/>\n<meta property=\"article:modified_time\" content=\"2025-06-27T13:47:15+00:00\" \/>\n<meta name=\"twitter:card\" content=\"summary_large_image\" \/>\n<meta name=\"twitter:label1\" content=\"Gesch\u00e4tzte Lesezeit\" \/>\n\t<meta name=\"twitter:data1\" content=\"3\u00a0Minuten\" \/>\n<script type=\"application\/ld+json\" class=\"yoast-schema-graph\">{\"@context\":\"https:\/\/schema.org\",\"@graph\":[{\"@type\":\"WebPage\",\"@id\":\"https:\/\/www.ionisos.com\/nos-sites\/daniken\/\",\"url\":\"https:\/\/www.ionisos.com\/nos-sites\/daniken\/\",\"name\":\"D\u00e4niken - Ionisos\",\"isPartOf\":{\"@id\":\"https:\/\/www.ionisos.com\/#website\"},\"datePublished\":\"2025-01-28T11:21:44+00:00\",\"dateModified\":\"2025-06-27T13:47:15+00:00\",\"description\":\"Der Ionisos-Standort in D\u00e4niken (Schweiz) ist auf Sterilisation und Vernetzung mittels Elektronenstrahl spezialisiert.\",\"breadcrumb\":{\"@id\":\"https:\/\/www.ionisos.com\/nos-sites\/daniken\/#breadcrumb\"},\"inLanguage\":\"de\",\"potentialAction\":[{\"@type\":\"ReadAction\",\"target\":[\"https:\/\/www.ionisos.com\/nos-sites\/daniken\/\"]}]},{\"@type\":\"BreadcrumbList\",\"@id\":\"https:\/\/www.ionisos.com\/nos-sites\/daniken\/#breadcrumb\",\"itemListElement\":[{\"@type\":\"ListItem\",\"position\":1,\"name\":\"Accueil\",\"item\":\"https:\/\/www.ionisos.com\/de\/\"},{\"@type\":\"ListItem\",\"position\":2,\"name\":\"Firmenlinks\",\"item\":\"https:\/\/www.ionisos.com\/de\/firmenlinks\/\"},{\"@type\":\"ListItem\",\"position\":3,\"name\":\"D\u00e4niken\"}]},{\"@type\":\"WebSite\",\"@id\":\"https:\/\/www.ionisos.com\/#website\",\"url\":\"https:\/\/www.ionisos.com\/\",\"name\":\"Ionisos\",\"description\":\"Ionisation par \u00e9lectrons acc\u00e9l\u00e9r\u00e9s, rayons gamma, rayons X et oxyde d&#039;\u00e9thyl\u00e8ne\",\"potentialAction\":[{\"@type\":\"SearchAction\",\"target\":{\"@type\":\"EntryPoint\",\"urlTemplate\":\"https:\/\/www.ionisos.com\/?s={search_term_string}\"},\"query-input\":{\"@type\":\"PropertyValueSpecification\",\"valueRequired\":true,\"valueName\":\"search_term_string\"}}],\"inLanguage\":\"de\"}]}<\/script>\n<!-- \/ Yoast SEO plugin. -->","yoast_head_json":{"title":"D\u00e4niken - Ionisos","description":"Der Ionisos-Standort in D\u00e4niken (Schweiz) ist auf Sterilisation und Vernetzung mittels Elektronenstrahl spezialisiert.","robots":{"index":"index","follow":"follow","max-snippet":"max-snippet:-1","max-image-preview":"max-image-preview:large","max-video-preview":"max-video-preview:-1"},"canonical":"https:\/\/www.ionisos.com\/nos-sites\/daniken\/","og_locale":"de_DE","og_type":"article","og_title":"D\u00e4niken - Ionisos","og_description":"Der Ionisos-Standort in D\u00e4niken (Schweiz) ist auf Sterilisation und Vernetzung mittels Elektronenstrahl spezialisiert.","og_url":"https:\/\/www.ionisos.com\/nos-sites\/daniken\/","og_site_name":"Ionisos","article_modified_time":"2025-06-27T13:47:15+00:00","twitter_card":"summary_large_image","twitter_misc":{"Gesch\u00e4tzte Lesezeit":"3\u00a0Minuten"},"schema":{"@context":"https:\/\/schema.org","@graph":[{"@type":"WebPage","@id":"https:\/\/www.ionisos.com\/nos-sites\/daniken\/","url":"https:\/\/www.ionisos.com\/nos-sites\/daniken\/","name":"D\u00e4niken - Ionisos","isPartOf":{"@id":"https:\/\/www.ionisos.com\/#website"},"datePublished":"2025-01-28T11:21:44+00:00","dateModified":"2025-06-27T13:47:15+00:00","description":"Der Ionisos-Standort in D\u00e4niken (Schweiz) ist auf Sterilisation und Vernetzung mittels Elektronenstrahl spezialisiert.","breadcrumb":{"@id":"https:\/\/www.ionisos.com\/nos-sites\/daniken\/#breadcrumb"},"inLanguage":"de","potentialAction":[{"@type":"ReadAction","target":["https:\/\/www.ionisos.com\/nos-sites\/daniken\/"]}]},{"@type":"BreadcrumbList","@id":"https:\/\/www.ionisos.com\/nos-sites\/daniken\/#breadcrumb","itemListElement":[{"@type":"ListItem","position":1,"name":"Accueil","item":"https:\/\/www.ionisos.com\/de\/"},{"@type":"ListItem","position":2,"name":"Firmenlinks","item":"https:\/\/www.ionisos.com\/de\/firmenlinks\/"},{"@type":"ListItem","position":3,"name":"D\u00e4niken"}]},{"@type":"WebSite","@id":"https:\/\/www.ionisos.com\/#website","url":"https:\/\/www.ionisos.com\/","name":"Ionisos","description":"Ionisation par \u00e9lectrons acc\u00e9l\u00e9r\u00e9s, rayons gamma, rayons X et oxyde d&#039;\u00e9thyl\u00e8ne","potentialAction":[{"@type":"SearchAction","target":{"@type":"EntryPoint","urlTemplate":"https:\/\/www.ionisos.com\/?s={search_term_string}"},"query-input":{"@type":"PropertyValueSpecification","valueRequired":true,"valueName":"search_term_string"}}],"inLanguage":"de"}]}},"_links":{"self":[{"href":"https:\/\/www.ionisos.com\/de\/wp-json\/wp\/v2\/pages\/25805","targetHints":{"allow":["GET"]}}],"collection":[{"href":"https:\/\/www.ionisos.com\/de\/wp-json\/wp\/v2\/pages"}],"about":[{"href":"https:\/\/www.ionisos.com\/de\/wp-json\/wp\/v2\/types\/page"}],"author":[{"embeddable":true,"href":"https:\/\/www.ionisos.com\/de\/wp-json\/wp\/v2\/users\/1"}],"replies":[{"embeddable":true,"href":"https:\/\/www.ionisos.com\/de\/wp-json\/wp\/v2\/comments?post=25805"}],"version-history":[{"count":17,"href":"https:\/\/www.ionisos.com\/de\/wp-json\/wp\/v2\/pages\/25805\/revisions"}],"predecessor-version":[{"id":27174,"href":"https:\/\/www.ionisos.com\/de\/wp-json\/wp\/v2\/pages\/25805\/revisions\/27174"}],"up":[{"embeddable":true,"href":"https:\/\/www.ionisos.com\/de\/wp-json\/wp\/v2\/pages\/16112"}],"wp:attachment":[{"href":"https:\/\/www.ionisos.com\/de\/wp-json\/wp\/v2\/media?parent=25805"}],"curies":[{"name":"wp","href":"https:\/\/api.w.org\/{rel}","templated":true}]}}