 {"id":24731,"date":"2025-02-17T15:25:20","date_gmt":"2025-02-17T14:25:20","guid":{"rendered":"https:\/\/www.ionisos.com\/?page_id=24731"},"modified":"2025-03-06T10:50:04","modified_gmt":"2025-03-06T09:50:04","slug":"x-ray-behandlung","status":"publish","type":"page","link":"https:\/\/www.ionisos.com\/de\/unsere-aktivitaeten\/x-ray-behandlung\/","title":{"rendered":"X-Ray-Behandlung"},"content":{"rendered":"<p>[vc_row bg_image=&#8221;15639&#8243; bg_repeat=&#8221;no-repeat&#8221; text_color=&#8221;light&#8221; text_align=&#8221;center&#8221; top_padding=&#8221;100&#8243; bottom_padding=&#8221;100&#8243;][vc_column width=&#8221;1\/1&#8243;]<h1 class=\"headline font-special fontsize-xxxl fontweight-inherit lh-inherit align-center transform-uppercase \" style=\"margin: 0;\">Behandlung <strong>X-Ray<\/strong><\/h1>[\/vc_column][\/vc_row][vc_row][vc_column column_center=&#8221;true&#8221; width=&#8221;1\/1&#8243;]<div class=\"spacer\" style=\"height: 40px;\"><\/div>[\/vc_column][\/vc_row][vc_row][vc_column column_center=&#8221;true&#8221; width=&#8221;1\/6&#8243;]<div class=\"single_image wpb_content_element align-center    \" data-animation=\"none\" data-delay=\"0\"><img loading=\"lazy\" decoding=\"async\" width=\"150\" height=\"150\" src=\"https:\/\/www.ionisos.com\/wp-content\/uploads\/2023\/12\/X-Ray-cercle-150x150.png\" class=\"attachment-thumbnail\" alt=\"Traitement par rayons X\" srcset=\"https:\/\/www.ionisos.com\/wp-content\/uploads\/2023\/12\/X-Ray-cercle-150x150.png 150w, https:\/\/www.ionisos.com\/wp-content\/uploads\/2023\/12\/X-Ray-cercle-300x300.png 300w, https:\/\/www.ionisos.com\/wp-content\/uploads\/2023\/12\/X-Ray-cercle-80x80.png 80w, https:\/\/www.ionisos.com\/wp-content\/uploads\/2023\/12\/X-Ray-cercle.png 417w\" sizes=\"auto, (max-width: 150px) 100vw, 150px\" \/><\/div>[\/vc_column][vc_column column_center=&#8221;true&#8221; width=&#8221;5\/6&#8243;][vc_column_text]<\/p>\n<p style=\"text-align: center;\"><span style=\"font-family: Abel; font-size: 25px;\">Bei dem in der Anlage angewandten Ionisierungsverfahren werden die zu behandelnden Produkte <strong>einer R\u00f6ntgenstrahlung ausgesetzt<\/strong>, die von einem Hochleistungselektronenbeschleuniger abgegeben wird.<\/span><\/p>\n<p>[\/vc_column_text][\/vc_column][\/vc_row][vc_row][vc_column column_center=&#8221;true&#8221; width=&#8221;1\/1&#8243;]<div class=\"spacer\" style=\"height: 80px;\"><\/div>[\/vc_column][\/vc_row][vc_row][vc_column width=&#8221;1\/2&#8243;]<div class=\"video-embed  wpb_content_element\"><iframe loading=\"lazy\" title=\"Ionisos - St\u00e9rilisation par rayons X\" width=\"1161\" height=\"653\" src=\"https:\/\/www.youtube.com\/embed\/P0SIPI78Q3A?feature=oembed\" frameborder=\"0\" allow=\"accelerometer; autoplay; clipboard-write; encrypted-media; gyroscope; picture-in-picture; web-share\" referrerpolicy=\"strict-origin-when-cross-origin\" allowfullscreen><\/iframe><\/div>[\/vc_column][vc_column width=&#8221;1\/2&#8243;][vc_column_text]<strong>Grundprinzipien:<\/strong> R\u00f6ntgenstrahlen, die f\u00fcr ihren Einsatz in der medizinischen Bildgebung bekannt sind, spielen auch eine entscheidende Rolle bei der hochpr\u00e4zisen Sterilisation. Sie werden durch die Beschleunigung von Elektronen erzeugt, die beim Aufprall auf ein metallisches Ziel hochenergetische R\u00f6ntgenstrahlen erzeugen.<\/p>\n<p><strong>Eigenschaften der R\u00f6ntgenstrahlen bei der Sterilisation:<\/strong><\/p>\n<ul>\n<li><strong>Energiest\u00e4rke der R\u00f6ntgenstrahlen:<\/strong> Die R\u00f6ntgenstrahlen, die f\u00fcr die Sterilisation verwendet werden, haben in der Regel eine Energie zwischen 5 und 7 MeV, was eine tiefe und gleichm\u00e4\u00dfige Durchdringung der Materialien erm\u00f6glicht.<\/li>\n<li><strong>Sterilisationsverfahren:<\/strong> Die zu sterilisierenden Objekte werden in einer speziell daf\u00fcr vorgesehenen Kammer den R\u00f6ntgenstrahlen ausgesetzt. Ein automatisiertes System sorgt f\u00fcr eine pr\u00e4zise Bewegung der Produkte durch den R\u00f6ntgenstrahlb\u00fcndel, um eine gleichm\u00e4\u00dfige und kontrollierte Belichtung zu gew\u00e4hrleisten.<\/li>\n<\/ul>\n<p><strong>Vorteile der Sterilisation mit R\u00f6ntgenstrahlen:<\/strong><\/p>\n<ul>\n<li><strong>Effektivit\u00e4t und Gleichm\u00e4\u00dfigkeit:<\/strong> Durch ihre hohe Energie dringen die R\u00f6ntgenstrahlen effizient in verschiedene Materialarten ein und gew\u00e4hrleisten eine homogene Sterilisation.<\/li>\n<li><strong>Flexibilit\u00e4t:<\/strong> Sie sind f\u00fcr eine breite Produktpalette geeignet, einschlie\u00dflich solcher, die f\u00fcr andere Sterilisationsmethoden empfindlich sind.<\/li>\n<li><strong>Sicherheit und Umwelt:<\/strong> Diese Technologie minimiert Umwelt- und Sicherheitsrisiken, die mit dem Einsatz von Chemikalien oder radioaktiven Quellen verbunden sind.<\/li>\n<\/ul>\n<p>[\/vc_column_text][\/vc_column][\/vc_row][vc_row][vc_column width=&#8221;1\/1&#8243;]<div class=\"spacer\" style=\"height: 80px;\"><\/div>[vc_column_text]<\/p>\n<h3>Sterilisationsprozess<\/h3>\n<p>[\/vc_column_text]<div class=\"spacer\" style=\"height: 30px;\"><\/div>[\/vc_column][\/vc_row][vc_row][vc_column width=&#8221;1\/5&#8243;]<div class=\"single_image wpb_content_element align-center    \" data-animation=\"none\" data-delay=\"0\"><img loading=\"lazy\" decoding=\"async\" width=\"150\" height=\"150\" src=\"https:\/\/www.ionisos.com\/wp-content\/uploads\/2024\/03\/box-150x150.png\" class=\"attachment-thumbnail\" alt=\"\" srcset=\"https:\/\/www.ionisos.com\/wp-content\/uploads\/2024\/03\/box-150x150.png 150w, https:\/\/www.ionisos.com\/wp-content\/uploads\/2024\/03\/box-300x300.png 300w, https:\/\/www.ionisos.com\/wp-content\/uploads\/2024\/03\/box-80x80.png 80w, https:\/\/www.ionisos.com\/wp-content\/uploads\/2024\/03\/box-500x500.png 500w, https:\/\/www.ionisos.com\/wp-content\/uploads\/2024\/03\/box.png 512w\" sizes=\"auto, (max-width: 150px) 100vw, 150px\" \/><\/div>[vc_column_text]<\/p>\n<p style=\"text-align: center;\"><span style=\"color: #ef9e1c;\"><strong>Vorbereitung und Positionierung<\/strong><\/span><\/p>\n<p style=\"text-align: center;\">Die Produkte werden vorbereitet und in der Sterilisationskammer positioniert.<\/p>\n<p>[\/vc_column_text][\/vc_column][vc_column width=&#8221;1\/5&#8243;][\/vc_column][vc_column width=&#8221;1\/5&#8243;]<div class=\"single_image wpb_content_element align-center    \" data-animation=\"none\" data-delay=\"0\"><img loading=\"lazy\" decoding=\"async\" width=\"150\" height=\"150\" src=\"https:\/\/www.ionisos.com\/wp-content\/uploads\/2024\/03\/water-waves-150x150.png\" class=\"attachment-thumbnail\" alt=\"\" srcset=\"https:\/\/www.ionisos.com\/wp-content\/uploads\/2024\/03\/water-waves-150x150.png 150w, https:\/\/www.ionisos.com\/wp-content\/uploads\/2024\/03\/water-waves-300x300.png 300w, https:\/\/www.ionisos.com\/wp-content\/uploads\/2024\/03\/water-waves-80x80.png 80w, https:\/\/www.ionisos.com\/wp-content\/uploads\/2024\/03\/water-waves-500x500.png 500w, https:\/\/www.ionisos.com\/wp-content\/uploads\/2024\/03\/water-waves.png 512w\" sizes=\"auto, (max-width: 150px) 100vw, 150px\" \/><\/div>[vc_column_text]<\/p>\n<p style=\"text-align: center;\"><span style=\"color: #ef9e1c;\"><strong>Behandlung<\/strong><\/span><\/p>\n<p style=\"text-align: center;\">Die Produkte werden den R\u00f6ntgenstrahlen ausgesetzt. Die Dauer und Intensit\u00e4t der Exposition werden streng kontrolliert, um eine effektive Sterilisation zu gew\u00e4hrleisten und gleichzeitig die Integrit\u00e4t des Produkts zu bewahren.<\/p>\n<p>[\/vc_column_text][\/vc_column][vc_column width=&#8221;1\/5&#8243;][\/vc_column][vc_column width=&#8221;1\/5&#8243;]<div class=\"single_image wpb_content_element align-center    \" data-animation=\"none\" data-delay=\"0\"><img loading=\"lazy\" decoding=\"async\" width=\"150\" height=\"150\" src=\"https:\/\/www.ionisos.com\/wp-content\/uploads\/2024\/03\/quality-150x150.png\" class=\"attachment-thumbnail\" alt=\"\" srcset=\"https:\/\/www.ionisos.com\/wp-content\/uploads\/2024\/03\/quality-150x150.png 150w, https:\/\/www.ionisos.com\/wp-content\/uploads\/2024\/03\/quality-300x300.png 300w, https:\/\/www.ionisos.com\/wp-content\/uploads\/2024\/03\/quality-80x80.png 80w, https:\/\/www.ionisos.com\/wp-content\/uploads\/2024\/03\/quality-500x500.png 500w, https:\/\/www.ionisos.com\/wp-content\/uploads\/2024\/03\/quality.png 512w\" sizes=\"auto, (max-width: 150px) 100vw, 150px\" \/><\/div>[vc_column_text]<\/p>\n<p style=\"text-align: center;\"><span style=\"color: #ef9e1c;\"><strong>Qualit\u00e4tskontrolle<\/strong><\/span><\/p>\n<p style=\"text-align: center;\">Nach der Bestrahlung wird jeder Batch einer strengen Qualit\u00e4tskontrolle unterzogen, um die Wirksamkeit der Sterilisation zu gew\u00e4hrleisten.<\/p>\n<p>[\/vc_column_text][\/vc_column][\/vc_row][vc_row][vc_column width=&#8221;1\/1&#8243;]<div class=\"spacer\" style=\"height: 80px;\"><\/div>[vc_column_text]<\/p>\n<p style=\"text-align: center;\"><span style=\"font-family: Abel;\"><span style=\"font-size: 25px;\">Unsere R\u00f6ntgenstrahlen-Behandlungsstelle<\/span><\/span><\/p>\n<p>[\/vc_column_text]<div class=\"spacer\" style=\"height: 30px;\"><\/div>[\/vc_column][\/vc_row][vc_row][vc_column width=&#8221;1\/3&#8243;][\/vc_column][vc_column width=&#8221;1\/3&#8243;]<a href=\"https:\/\/www.ionisos.com\/de\/firmenlinks\/henriville\/\" target=\"_self\" class=\"button custom full \" style=\"background-color: #ef9e1c; border-color: #ef9e1c;border-radius: 2px;\"><strong>HENRIVILLE<\/strong><br \/>\nFrankreich<\/a>[\/vc_column][vc_column width=&#8221;1\/3&#8243;][\/vc_column][\/vc_row][vc_row][vc_column width=&#8221;1\/1&#8243;]<div class=\"spacer\" style=\"height: 40px;\"><\/div>[\/vc_column][\/vc_row][vc_row bg_color=&#8221;#515151&#8243; text_color=&#8221;light&#8221; text_align=&#8221;center&#8221; top_padding=&#8221;40&#8243; bottom_padding=&#8221;40&#8243;][vc_column column_center=&#8221;true&#8221; width=&#8221;2\/3&#8243;][vc_column_text]<\/p>\n<h3 style=\"text-align: left;\">Ionisos bietet auch die Behandlung mit ionisierenden Strahlen und mit Ethylenoxid an.<\/h3>\n<p>[\/vc_column_text][\/vc_column][vc_column width=&#8221;1\/3&#8243;][vc_row_inner][vc_column_inner width=&#8221;1\/3&#8243;]<div class=\"single_image wpb_content_element align-center    \" data-animation=\"none\" data-delay=\"0\"><a href=\"https:\/\/www.ionisos.com\/de\/unsere-aktivitaeten\/gamma-bestrahlung\/\" target=\"_self\"><img loading=\"lazy\" decoding=\"async\" width=\"150\" height=\"150\" src=\"https:\/\/www.ionisos.com\/wp-content\/uploads\/2024\/03\/Gamma-150x150.png\" class=\"attachment-thumbnail\" alt=\"Traitement gamma\" srcset=\"https:\/\/www.ionisos.com\/wp-content\/uploads\/2024\/03\/Gamma-150x150.png 150w, https:\/\/www.ionisos.com\/wp-content\/uploads\/2024\/03\/Gamma-300x300.png 300w, https:\/\/www.ionisos.com\/wp-content\/uploads\/2024\/03\/Gamma-1024x1024.png 1024w, https:\/\/www.ionisos.com\/wp-content\/uploads\/2024\/03\/Gamma-768x768.png 768w, https:\/\/www.ionisos.com\/wp-content\/uploads\/2024\/03\/Gamma-1536x1536.png 1536w, https:\/\/www.ionisos.com\/wp-content\/uploads\/2024\/03\/Gamma-2048x2048.png 2048w, https:\/\/www.ionisos.com\/wp-content\/uploads\/2024\/03\/Gamma-80x80.png 80w, https:\/\/www.ionisos.com\/wp-content\/uploads\/2024\/03\/Gamma-500x500.png 500w, https:\/\/www.ionisos.com\/wp-content\/uploads\/2024\/03\/Gamma-1000x1000.png 1000w\" sizes=\"auto, (max-width: 150px) 100vw, 150px\" \/><\/a><\/div>[\/vc_column_inner][vc_column_inner width=&#8221;1\/3&#8243;]<div class=\"single_image wpb_content_element align-center    \" data-animation=\"none\" data-delay=\"0\"><a href=\"https:\/\/www.ionisos.com\/de\/unsere-aktivitaeten\/beta-bestrahlung\/\" target=\"_self\"><img loading=\"lazy\" decoding=\"async\" width=\"150\" height=\"150\" src=\"https:\/\/www.ionisos.com\/wp-content\/uploads\/2024\/03\/Ebeam-150x150.png\" class=\"attachment-thumbnail\" alt=\"Traitement par faisceau d&#039;\u00e9lectrons\" srcset=\"https:\/\/www.ionisos.com\/wp-content\/uploads\/2024\/03\/Ebeam-150x150.png 150w, https:\/\/www.ionisos.com\/wp-content\/uploads\/2024\/03\/Ebeam-300x300.png 300w, https:\/\/www.ionisos.com\/wp-content\/uploads\/2024\/03\/Ebeam-1024x1024.png 1024w, https:\/\/www.ionisos.com\/wp-content\/uploads\/2024\/03\/Ebeam-768x768.png 768w, https:\/\/www.ionisos.com\/wp-content\/uploads\/2024\/03\/Ebeam-1536x1536.png 1536w, https:\/\/www.ionisos.com\/wp-content\/uploads\/2024\/03\/Ebeam-2048x2048.png 2048w, https:\/\/www.ionisos.com\/wp-content\/uploads\/2024\/03\/Ebeam-80x80.png 80w, https:\/\/www.ionisos.com\/wp-content\/uploads\/2024\/03\/Ebeam-500x500.png 500w, https:\/\/www.ionisos.com\/wp-content\/uploads\/2024\/03\/Ebeam-1000x1000.png 1000w\" sizes=\"auto, (max-width: 150px) 100vw, 150px\" \/><\/a><\/div>[\/vc_column_inner][vc_column_inner width=&#8221;1\/3&#8243;]<div class=\"single_image wpb_content_element align-center    \" data-animation=\"none\" data-delay=\"0\"><a href=\"https:\/\/www.ionisos.com\/de\/unsere-aktivitaeten\/ethylenoxid\/\" target=\"_self\"><img loading=\"lazy\" decoding=\"async\" width=\"150\" height=\"150\" src=\"https:\/\/www.ionisos.com\/wp-content\/uploads\/2024\/03\/EO-150x150.png\" class=\"attachment-thumbnail\" alt=\"Traitement par oxyde d&#039;\u00e9thyl\u00e8ne\" srcset=\"https:\/\/www.ionisos.com\/wp-content\/uploads\/2024\/03\/EO-150x150.png 150w, https:\/\/www.ionisos.com\/wp-content\/uploads\/2024\/03\/EO-300x300.png 300w, https:\/\/www.ionisos.com\/wp-content\/uploads\/2024\/03\/EO-1024x1024.png 1024w, https:\/\/www.ionisos.com\/wp-content\/uploads\/2024\/03\/EO-768x768.png 768w, https:\/\/www.ionisos.com\/wp-content\/uploads\/2024\/03\/EO-1536x1536.png 1536w, https:\/\/www.ionisos.com\/wp-content\/uploads\/2024\/03\/EO-2048x2048.png 2048w, https:\/\/www.ionisos.com\/wp-content\/uploads\/2024\/03\/EO-80x80.png 80w, https:\/\/www.ionisos.com\/wp-content\/uploads\/2024\/03\/EO-500x500.png 500w, https:\/\/www.ionisos.com\/wp-content\/uploads\/2024\/03\/EO-1000x1000.png 1000w\" sizes=\"auto, (max-width: 150px) 100vw, 150px\" \/><\/a><\/div>[\/vc_column_inner][\/vc_row_inner][\/vc_column][\/vc_row]<\/p>\n","protected":false},"excerpt":{"rendered":"<p>[vc_row bg_image=&#8221;15639&#8243; bg_repeat=&#8221;no-repeat&#8221; text_color=&#8221;light&#8221; text_align=&#8221;center&#8221; top_padding=&#8221;100&#8243; bottom_padding=&#8221;100&#8243;][vc_column width=&#8221;1\/1&#8243;][\/vc_column][\/vc_row][vc_row][vc_column column_center=&#8221;true&#8221; width=&#8221;1\/1&#8243;][\/vc_column][\/vc_row][vc_row][vc_column column_center=&#8221;true&#8221; width=&#8221;1\/6&#8243;][\/vc_column][vc_column column_center=&#8221;true&#8221; width=&#8221;5\/6&#8243;][vc_column_text] Bei dem in der Anlage angewandten Ionisierungsverfahren werden die zu behandelnden Produkte einer R\u00f6ntgenstrahlung ausgesetzt, die von einem Hochleistungselektronenbeschleuniger abgegeben wird. [\/vc_column_text][\/vc_column][\/vc_row][vc_row][vc_column column_center=&#8221;true&#8221; width=&#8221;1\/1&#8243;][\/vc_column][\/vc_row][vc_row][vc_column width=&#8221;1\/2&#8243;][\/vc_column][vc_column width=&#8221;1\/2&#8243;][vc_column_text]Grundprinzipien: R\u00f6ntgenstrahlen, die f\u00fcr ihren Einsatz in der medizinischen Bildgebung bekannt sind, spielen auch eine entscheidende Rolle bei der hochpr\u00e4zisen Sterilisation. Sie werden durch die Beschleunigung von Elektronen erzeugt, die beim Aufprall auf ein metallisches Ziel hochenergetische R\u00f6ntgenstrahlen erzeugen. Eigenschaften der R\u00f6ntgenstrahlen bei der Sterilisation: Energiest\u00e4rke der R\u00f6ntgenstrahlen: Die R\u00f6ntgenstrahlen, die f\u00fcr die Sterilisation verwendet werden, haben in der Regel eine Energie zwischen 5 und 7 MeV, was eine tiefe und gleichm\u00e4\u00dfige Durchdringung der Materialien erm\u00f6glicht. Sterilisationsverfahren: Die zu sterilisierenden Objekte werden in einer speziell daf\u00fcr vorgesehenen Kammer den R\u00f6ntgenstrahlen ausgesetzt. Ein automatisiertes System sorgt f\u00fcr eine pr\u00e4zise Bewegung der Produkte durch den R\u00f6ntgenstrahlb\u00fcndel, um eine gleichm\u00e4\u00dfige und kontrollierte Belichtung zu gew\u00e4hrleisten. Vorteile der Sterilisation mit R\u00f6ntgenstrahlen: Effektivit\u00e4t und Gleichm\u00e4\u00dfigkeit: Durch ihre hohe Energie dringen die R\u00f6ntgenstrahlen effizient in verschiedene Materialarten ein und gew\u00e4hrleisten eine homogene Sterilisation. Flexibilit\u00e4t: Sie sind f\u00fcr eine breite Produktpalette geeignet, einschlie\u00dflich solcher, die f\u00fcr andere Sterilisationsmethoden empfindlich sind. Sicherheit und Umwelt: Diese Technologie minimiert Umwelt- und [&hellip;]<\/p>\n","protected":false},"author":1,"featured_media":0,"parent":16116,"menu_order":0,"comment_status":"closed","ping_status":"closed","template":"","meta":{"inline_featured_image":false,"footnotes":""},"class_list":["post-24731","page","type-page","status-publish","hentry"],"yoast_head":"<!-- This site is optimized with the Yoast SEO plugin v26.3 - https:\/\/yoast.com\/wordpress\/plugins\/seo\/ -->\n<title>X-Ray-Behandlung - Ionisos<\/title>\n<meta name=\"description\" content=\"Ionisos verarbeitet Ihre Produktpaletten dank der Sterilisation durch R\u00f6ntgenstrahlen an seinem Standort in Frankreich (Henriville - Moselle).\" \/>\n<meta name=\"robots\" content=\"index, follow, max-snippet:-1, max-image-preview:large, max-video-preview:-1\" \/>\n<link rel=\"canonical\" href=\"https:\/\/www.ionisos.com\/de\/unsere-aktivitaeten\/x-ray-behandlung\/\" \/>\n<meta property=\"og:locale\" content=\"de_DE\" \/>\n<meta property=\"og:type\" content=\"article\" \/>\n<meta property=\"og:title\" content=\"X-Ray-Behandlung - Ionisos\" \/>\n<meta property=\"og:description\" content=\"Ionisos verarbeitet Ihre Produktpaletten dank der Sterilisation durch R\u00f6ntgenstrahlen an seinem Standort in Frankreich (Henriville - Moselle).\" \/>\n<meta property=\"og:url\" content=\"https:\/\/www.ionisos.com\/de\/unsere-aktivitaeten\/x-ray-behandlung\/\" \/>\n<meta property=\"og:site_name\" content=\"Ionisos\" \/>\n<meta property=\"article:modified_time\" content=\"2025-03-06T09:50:04+00:00\" \/>\n<meta name=\"twitter:card\" content=\"summary_large_image\" \/>\n<meta name=\"twitter:label1\" content=\"Gesch\u00e4tzte Lesezeit\" \/>\n\t<meta name=\"twitter:data1\" content=\"4\u00a0Minuten\" \/>\n<script type=\"application\/ld+json\" class=\"yoast-schema-graph\">{\"@context\":\"https:\/\/schema.org\",\"@graph\":[{\"@type\":\"WebPage\",\"@id\":\"https:\/\/www.ionisos.com\/de\/unsere-aktivitaeten\/x-ray-behandlung\/\",\"url\":\"https:\/\/www.ionisos.com\/de\/unsere-aktivitaeten\/x-ray-behandlung\/\",\"name\":\"X-Ray-Behandlung - Ionisos\",\"isPartOf\":{\"@id\":\"https:\/\/www.ionisos.com\/#website\"},\"datePublished\":\"2025-02-17T14:25:20+00:00\",\"dateModified\":\"2025-03-06T09:50:04+00:00\",\"description\":\"Ionisos verarbeitet Ihre Produktpaletten dank der Sterilisation durch R\u00f6ntgenstrahlen an seinem Standort in Frankreich (Henriville - Moselle).\",\"breadcrumb\":{\"@id\":\"https:\/\/www.ionisos.com\/de\/unsere-aktivitaeten\/x-ray-behandlung\/#breadcrumb\"},\"inLanguage\":\"de\",\"potentialAction\":[{\"@type\":\"ReadAction\",\"target\":[\"https:\/\/www.ionisos.com\/de\/unsere-aktivitaeten\/x-ray-behandlung\/\"]}]},{\"@type\":\"BreadcrumbList\",\"@id\":\"https:\/\/www.ionisos.com\/de\/unsere-aktivitaeten\/x-ray-behandlung\/#breadcrumb\",\"itemListElement\":[{\"@type\":\"ListItem\",\"position\":1,\"name\":\"Accueil\",\"item\":\"https:\/\/www.ionisos.com\/de\/\"},{\"@type\":\"ListItem\",\"position\":2,\"name\":\"Unsere Aktivit\u00e4ten\",\"item\":\"https:\/\/www.ionisos.com\/de\/unsere-aktivitaeten\/\"},{\"@type\":\"ListItem\",\"position\":3,\"name\":\"X-Ray-Behandlung\"}]},{\"@type\":\"WebSite\",\"@id\":\"https:\/\/www.ionisos.com\/#website\",\"url\":\"https:\/\/www.ionisos.com\/\",\"name\":\"Ionisos\",\"description\":\"Ionisation par \u00e9lectrons acc\u00e9l\u00e9r\u00e9s, rayons gamma, rayons X et oxyde d&#039;\u00e9thyl\u00e8ne\",\"potentialAction\":[{\"@type\":\"SearchAction\",\"target\":{\"@type\":\"EntryPoint\",\"urlTemplate\":\"https:\/\/www.ionisos.com\/?s={search_term_string}\"},\"query-input\":{\"@type\":\"PropertyValueSpecification\",\"valueRequired\":true,\"valueName\":\"search_term_string\"}}],\"inLanguage\":\"de\"}]}<\/script>\n<!-- \/ Yoast SEO plugin. -->","yoast_head_json":{"title":"X-Ray-Behandlung - Ionisos","description":"Ionisos verarbeitet Ihre Produktpaletten dank der Sterilisation durch R\u00f6ntgenstrahlen an seinem Standort in Frankreich (Henriville - Moselle).","robots":{"index":"index","follow":"follow","max-snippet":"max-snippet:-1","max-image-preview":"max-image-preview:large","max-video-preview":"max-video-preview:-1"},"canonical":"https:\/\/www.ionisos.com\/de\/unsere-aktivitaeten\/x-ray-behandlung\/","og_locale":"de_DE","og_type":"article","og_title":"X-Ray-Behandlung - Ionisos","og_description":"Ionisos verarbeitet Ihre Produktpaletten dank der Sterilisation durch R\u00f6ntgenstrahlen an seinem Standort in Frankreich (Henriville - Moselle).","og_url":"https:\/\/www.ionisos.com\/de\/unsere-aktivitaeten\/x-ray-behandlung\/","og_site_name":"Ionisos","article_modified_time":"2025-03-06T09:50:04+00:00","twitter_card":"summary_large_image","twitter_misc":{"Gesch\u00e4tzte Lesezeit":"4\u00a0Minuten"},"schema":{"@context":"https:\/\/schema.org","@graph":[{"@type":"WebPage","@id":"https:\/\/www.ionisos.com\/de\/unsere-aktivitaeten\/x-ray-behandlung\/","url":"https:\/\/www.ionisos.com\/de\/unsere-aktivitaeten\/x-ray-behandlung\/","name":"X-Ray-Behandlung - Ionisos","isPartOf":{"@id":"https:\/\/www.ionisos.com\/#website"},"datePublished":"2025-02-17T14:25:20+00:00","dateModified":"2025-03-06T09:50:04+00:00","description":"Ionisos verarbeitet Ihre Produktpaletten dank der Sterilisation durch R\u00f6ntgenstrahlen an seinem Standort in Frankreich (Henriville - Moselle).","breadcrumb":{"@id":"https:\/\/www.ionisos.com\/de\/unsere-aktivitaeten\/x-ray-behandlung\/#breadcrumb"},"inLanguage":"de","potentialAction":[{"@type":"ReadAction","target":["https:\/\/www.ionisos.com\/de\/unsere-aktivitaeten\/x-ray-behandlung\/"]}]},{"@type":"BreadcrumbList","@id":"https:\/\/www.ionisos.com\/de\/unsere-aktivitaeten\/x-ray-behandlung\/#breadcrumb","itemListElement":[{"@type":"ListItem","position":1,"name":"Accueil","item":"https:\/\/www.ionisos.com\/de\/"},{"@type":"ListItem","position":2,"name":"Unsere Aktivit\u00e4ten","item":"https:\/\/www.ionisos.com\/de\/unsere-aktivitaeten\/"},{"@type":"ListItem","position":3,"name":"X-Ray-Behandlung"}]},{"@type":"WebSite","@id":"https:\/\/www.ionisos.com\/#website","url":"https:\/\/www.ionisos.com\/","name":"Ionisos","description":"Ionisation par \u00e9lectrons acc\u00e9l\u00e9r\u00e9s, rayons gamma, rayons X et oxyde d&#039;\u00e9thyl\u00e8ne","potentialAction":[{"@type":"SearchAction","target":{"@type":"EntryPoint","urlTemplate":"https:\/\/www.ionisos.com\/?s={search_term_string}"},"query-input":{"@type":"PropertyValueSpecification","valueRequired":true,"valueName":"search_term_string"}}],"inLanguage":"de"}]}},"_links":{"self":[{"href":"https:\/\/www.ionisos.com\/de\/wp-json\/wp\/v2\/pages\/24731","targetHints":{"allow":["GET"]}}],"collection":[{"href":"https:\/\/www.ionisos.com\/de\/wp-json\/wp\/v2\/pages"}],"about":[{"href":"https:\/\/www.ionisos.com\/de\/wp-json\/wp\/v2\/types\/page"}],"author":[{"embeddable":true,"href":"https:\/\/www.ionisos.com\/de\/wp-json\/wp\/v2\/users\/1"}],"replies":[{"embeddable":true,"href":"https:\/\/www.ionisos.com\/de\/wp-json\/wp\/v2\/comments?post=24731"}],"version-history":[{"count":7,"href":"https:\/\/www.ionisos.com\/de\/wp-json\/wp\/v2\/pages\/24731\/revisions"}],"predecessor-version":[{"id":26326,"href":"https:\/\/www.ionisos.com\/de\/wp-json\/wp\/v2\/pages\/24731\/revisions\/26326"}],"up":[{"embeddable":true,"href":"https:\/\/www.ionisos.com\/de\/wp-json\/wp\/v2\/pages\/16116"}],"wp:attachment":[{"href":"https:\/\/www.ionisos.com\/de\/wp-json\/wp\/v2\/media?parent=24731"}],"curies":[{"name":"wp","href":"https:\/\/api.w.org\/{rel}","templated":true}]}}