 {"id":24423,"date":"2025-02-25T16:18:04","date_gmt":"2025-02-25T15:18:04","guid":{"rendered":"https:\/\/www.ionisos.com\/?page_id=24423"},"modified":"2025-02-25T16:18:04","modified_gmt":"2025-02-25T15:18:04","slug":"unsere-werte","status":"publish","type":"page","link":"https:\/\/www.ionisos.com\/de\/unsere-werte\/","title":{"rendered":"Unsere Werte"},"content":{"rendered":"<p>[vc_row bg_image=&#8221;24427&#8243; bg_repeat=&#8221;no-repeat&#8221; text_color=&#8221;light&#8221; text_align=&#8221;center&#8221; top_padding=&#8221;100&#8243; bottom_padding=&#8221;100&#8243;][vc_column width=&#8221;1\/1&#8243;]<h1 class=\"headline font-special fontsize-xxxl fontweight-inherit lh-inherit align-center transform-uppercase \" style=\"margin: 0;\">Unsere <strong>Werte<\/strong><\/h1>[\/vc_column][\/vc_row][vc_row text_align=&#8221;center&#8221;][vc_column width=&#8221;1\/1&#8243;]<div class=\"spacer\" style=\"height: 40px;\"><\/div><h2 class=\"headline font-special fontsize-l fontweight-700 lh-inherit align-center transform-uppercase \" style=\"margin: 0 0 40px 0;\">Auf dem Weg in eine ges\u00fcndere und sicherere Zukunft<\/h2>[vc_column_text]Bei Ionisos ist unser Engagement in der Vision verankert, zu einer ges\u00fcnderen und sichereren Welt beizutragen. Dieser Anspruch, der im Herzen unseres Unternehmens liegt, spiegelt sich in jeder Handlung und Entscheidung wider und verk\u00f6rpert den Geist und die Werte, die seit unseren Anf\u00e4ngen bestehen.<\/p>\n<p>Unsere Mission, unsere Vision und unsere Werte sind nicht nur Ideale, sie sind das Wesen von Ionisos. Sie unterscheiden uns, definieren uns und leiten uns. Unser tiefster \u00dcberzeugung ist, dass wir durch unsere Bem\u00fchungen einen echten Unterschied in der Welt machen.[\/vc_column_text][\/vc_column][\/vc_row][vc_row][vc_column width=&#8221;1\/1&#8243;]<div class=\"spacer\" style=\"height: 100px;\"><\/div>[\/vc_column][\/vc_row][vc_row bg_position=&#8221;left top&#8221;][vc_column width=&#8221;1\/1&#8243;][vc_column_text]<\/p>\n<p style=\"text-align: center;\"><strong><span style=\"font-family: Abel; font-size: 25px;\">Entdecken Sie unsere Werte<\/span><\/strong><\/p>\n<p>[\/vc_column_text][vc_row_inner][vc_column_inner width=&#8221;1\/3&#8243;][vc_column_text]<\/p>\n<p style=\"text-align: center;\"><span style=\"color: #ae3c60; font-size: 16px;\"><strong>QUALIT\u00c4T &#8211; SICHERHEIT &#8211; UMWELT<\/strong><\/span><\/p>\n<ul>\n<li>Ich f\u00fchre meine Arbeit sicher aus<\/li>\n<li>Ich stelle die Qualit\u00e4t in den Mittelpunkt all meiner Handlungen<\/li>\n<li>Ich minimiere meine Auswirkungen auf die Umwelt<\/li>\n<\/ul>\n<p>[\/vc_column_text][\/vc_column_inner][vc_column_inner width=&#8221;1\/3&#8243;][vc_column_text]<\/p>\n<p style=\"text-align: center;\"><span style=\"color: #df473c; font-size: 16px;\"><strong>KOOPERATION<\/strong><\/span><\/p>\n<ul>\n<li>Ich arbeite mit Wohlwollen zusammen<\/li>\n<li>Ich teile mein Wissen und meine F\u00e4higkeiten<\/li>\n<li>Ich trage zur Leistung der Gruppe bei<\/li>\n<\/ul>\n<p>[\/vc_column_text][\/vc_column_inner][vc_column_inner width=&#8221;1\/3&#8243;][vc_column_text]<\/p>\n<p style=\"text-align: center;\"><span style=\"color: #f3c33c; font-size: 16px;\"><strong>EXZELLENZ<\/strong><\/span><\/p>\n<ul>\n<li>Ich stelle hohe Anforderungen an meine Arbeit<\/li>\n<li>Ich verbessere mich kontinuierlich und nachhaltig<\/li>\n<li>Ich nehme eine vorbildliche Haltung ein<\/li>\n<\/ul>\n<p>[\/vc_column_text][\/vc_column_inner][\/vc_row_inner]<div class=\"spacer\" style=\"height: 100px;\"><\/div>[vc_row_inner][vc_column_inner width=&#8221;1\/3&#8243;][vc_column_text]<\/p>\n<p style=\"text-align: center;\"><span style=\"color: #255e79; font-size: 16px;\"><strong>REAKTIVIT\u00c4T<\/strong><\/span><\/p>\n<ul>\n<li>Ich schlage L\u00f6sungen vor<\/li>\n<li>Ich halte Fristen ein<\/li>\n<li>Ich arbeite agil<\/li>\n<\/ul>\n<p>[\/vc_column_text][\/vc_column_inner][vc_column_inner width=&#8221;1\/3&#8243;][vc_column_text]<\/p>\n<p style=\"text-align: center;\"><span style=\"color: #267778; font-size: 16px;\"><strong>UNTERNEHMERTUM<\/strong><\/span><\/p>\n<ul>\n<li>Ich bin verantwortlich f\u00fcr mein Handeln<\/li>\n<li>Ich bin aktiv an den Entwicklungen beteiligt<\/li>\n<li>Ich repr\u00e4sentiere die Gruppe<\/li>\n<\/ul>\n<p>[\/vc_column_text][\/vc_column_inner][vc_column_inner width=&#8221;1\/3&#8243;][vc_column_text]<\/p>\n<p style=\"text-align: center;\"><span style=\"color: #82b4bb; font-size: 16px;\"><strong>INTEGRIT\u00c4T<\/strong><\/span><\/p>\n<ul>\n<li>Ich halte mich an die Regeln der Gruppe<\/li>\n<li>Ich handle mit Integrit\u00e4t<\/li>\n<li>Ich respektiere meine Verpflichtungen<\/li>\n<\/ul>\n<p>[\/vc_column_text][\/vc_column_inner][\/vc_row_inner][\/vc_column][\/vc_row][vc_row][vc_column width=&#8221;1\/1&#8243;]<div class=\"spacer\" style=\"height: 40px;\"><\/div>[\/vc_column][\/vc_row][vc_row bg_color=&#8221;#0b2677&#8243; text_color=&#8221;light&#8221; text_align=&#8221;center&#8221; top_padding=&#8221;40&#8243; bottom_padding=&#8221;40&#8243;][vc_column width=&#8221;2\/3&#8243;]<div class=\"spacer\" style=\"height: 5px;\"><\/div>[vc_column_text]<\/p>\n<h3 style=\"text-align: left;\">Sprechen Sie unsere Werte an? Warum nicht uns beitreten?<\/h3>\n<p>[\/vc_column_text][\/vc_column][vc_column width=&#8221;1\/3&#8243;]<a href=\"https:\/\/www.hellowork.com\/fr-fr\/entreprises\/ionisos-95285.html\" target=\"_blank\" class=\"button color-8 medium \" style=\"border-radius: 2px;\">Entdecken Sie unsere Stellenangebote<\/a>[\/vc_column][\/vc_row]<\/p>\n","protected":false},"excerpt":{"rendered":"<p>[vc_row bg_image=&#8221;24427&#8243; bg_repeat=&#8221;no-repeat&#8221; text_color=&#8221;light&#8221; text_align=&#8221;center&#8221; top_padding=&#8221;100&#8243; bottom_padding=&#8221;100&#8243;][vc_column width=&#8221;1\/1&#8243;][\/vc_column][\/vc_row][vc_row text_align=&#8221;center&#8221;][vc_column width=&#8221;1\/1&#8243;][vc_column_text]Bei Ionisos ist unser Engagement in der Vision verankert, zu einer ges\u00fcnderen und sichereren Welt beizutragen. Dieser Anspruch, der im Herzen unseres Unternehmens liegt, spiegelt sich in jeder Handlung und Entscheidung wider und verk\u00f6rpert den Geist und die Werte, die seit unseren Anf\u00e4ngen bestehen. Unsere Mission, unsere Vision und unsere Werte sind nicht nur Ideale, sie sind das Wesen von Ionisos. Sie unterscheiden uns, definieren uns und leiten uns. Unser tiefster \u00dcberzeugung ist, dass wir durch unsere Bem\u00fchungen einen echten Unterschied in der Welt machen.[\/vc_column_text][\/vc_column][\/vc_row][vc_row][vc_column width=&#8221;1\/1&#8243;][\/vc_column][\/vc_row][vc_row bg_position=&#8221;left top&#8221;][vc_column width=&#8221;1\/1&#8243;][vc_column_text] Entdecken Sie unsere Werte [\/vc_column_text][vc_row_inner][vc_column_inner width=&#8221;1\/3&#8243;][vc_column_text] QUALIT\u00c4T &#8211; SICHERHEIT &#8211; UMWELT Ich f\u00fchre meine Arbeit sicher aus Ich stelle die Qualit\u00e4t in den Mittelpunkt all meiner Handlungen Ich minimiere meine Auswirkungen auf die Umwelt [\/vc_column_text][\/vc_column_inner][vc_column_inner width=&#8221;1\/3&#8243;][vc_column_text] KOOPERATION Ich arbeite mit Wohlwollen zusammen Ich teile mein Wissen und meine F\u00e4higkeiten Ich trage zur Leistung der Gruppe bei [\/vc_column_text][\/vc_column_inner][vc_column_inner width=&#8221;1\/3&#8243;][vc_column_text] EXZELLENZ Ich stelle hohe Anforderungen an meine Arbeit Ich verbessere mich kontinuierlich und nachhaltig Ich nehme eine vorbildliche Haltung ein [\/vc_column_text][\/vc_column_inner][\/vc_row_inner][vc_row_inner][vc_column_inner width=&#8221;1\/3&#8243;][vc_column_text] REAKTIVIT\u00c4T Ich schlage L\u00f6sungen vor Ich halte Fristen ein Ich arbeite agil [\/vc_column_text][\/vc_column_inner][vc_column_inner width=&#8221;1\/3&#8243;][vc_column_text] UNTERNEHMERTUM Ich bin verantwortlich f\u00fcr mein Handeln Ich [&hellip;]<\/p>\n","protected":false},"author":1,"featured_media":0,"parent":0,"menu_order":0,"comment_status":"open","ping_status":"open","template":"","meta":{"inline_featured_image":false,"footnotes":""},"class_list":["post-24423","page","type-page","status-publish","hentry"],"yoast_head":"<!-- This site is optimized with the Yoast SEO plugin v26.3 - https:\/\/yoast.com\/wordpress\/plugins\/seo\/ -->\n<title>IONISOS, Gamma-Sterilisation, Ebeam, R\u00f6ntgenstrahlen und Ethylenoxid<\/title>\n<meta name=\"description\" content=\"Die Ionisos-Gruppe ist seit mehr als 60 Jahren auf Sterilisation, Konservierung und Vernetzung spezialisiert.\" \/>\n<meta name=\"robots\" content=\"index, follow, max-snippet:-1, max-image-preview:large, max-video-preview:-1\" \/>\n<link rel=\"canonical\" href=\"https:\/\/www.ionisos.com\/de\/unsere-werte\/\" \/>\n<meta property=\"og:locale\" content=\"de_DE\" \/>\n<meta property=\"og:type\" content=\"article\" \/>\n<meta property=\"og:title\" content=\"IONISOS, Gamma-Sterilisation, Ebeam, R\u00f6ntgenstrahlen und Ethylenoxid\" \/>\n<meta property=\"og:description\" content=\"Die Ionisos-Gruppe ist seit mehr als 60 Jahren auf Sterilisation, Konservierung und Vernetzung spezialisiert.\" \/>\n<meta property=\"og:url\" content=\"https:\/\/www.ionisos.com\/de\/unsere-werte\/\" \/>\n<meta property=\"og:site_name\" content=\"Ionisos\" \/>\n<meta name=\"twitter:card\" content=\"summary_large_image\" \/>\n<meta name=\"twitter:label1\" content=\"Gesch\u00e4tzte Lesezeit\" \/>\n\t<meta name=\"twitter:data1\" content=\"2\u00a0Minuten\" \/>\n<script type=\"application\/ld+json\" class=\"yoast-schema-graph\">{\"@context\":\"https:\/\/schema.org\",\"@graph\":[{\"@type\":\"WebPage\",\"@id\":\"https:\/\/www.ionisos.com\/de\/unsere-werte\/\",\"url\":\"https:\/\/www.ionisos.com\/de\/unsere-werte\/\",\"name\":\"IONISOS, Gamma-Sterilisation, Ebeam, R\u00f6ntgenstrahlen und Ethylenoxid\",\"isPartOf\":{\"@id\":\"https:\/\/www.ionisos.com\/#website\"},\"datePublished\":\"2025-02-25T15:18:04+00:00\",\"description\":\"Die Ionisos-Gruppe ist seit mehr als 60 Jahren auf Sterilisation, Konservierung und Vernetzung spezialisiert.\",\"breadcrumb\":{\"@id\":\"https:\/\/www.ionisos.com\/de\/unsere-werte\/#breadcrumb\"},\"inLanguage\":\"de\",\"potentialAction\":[{\"@type\":\"ReadAction\",\"target\":[\"https:\/\/www.ionisos.com\/de\/unsere-werte\/\"]}]},{\"@type\":\"BreadcrumbList\",\"@id\":\"https:\/\/www.ionisos.com\/de\/unsere-werte\/#breadcrumb\",\"itemListElement\":[{\"@type\":\"ListItem\",\"position\":1,\"name\":\"Accueil\",\"item\":\"https:\/\/www.ionisos.com\/de\/\"},{\"@type\":\"ListItem\",\"position\":2,\"name\":\"Unsere Werte\"}]},{\"@type\":\"WebSite\",\"@id\":\"https:\/\/www.ionisos.com\/#website\",\"url\":\"https:\/\/www.ionisos.com\/\",\"name\":\"Ionisos\",\"description\":\"Ionisation par \u00e9lectrons acc\u00e9l\u00e9r\u00e9s, rayons gamma, rayons X et oxyde d&#039;\u00e9thyl\u00e8ne\",\"potentialAction\":[{\"@type\":\"SearchAction\",\"target\":{\"@type\":\"EntryPoint\",\"urlTemplate\":\"https:\/\/www.ionisos.com\/?s={search_term_string}\"},\"query-input\":{\"@type\":\"PropertyValueSpecification\",\"valueRequired\":true,\"valueName\":\"search_term_string\"}}],\"inLanguage\":\"de\"}]}<\/script>\n<!-- \/ Yoast SEO plugin. -->","yoast_head_json":{"title":"IONISOS, Gamma-Sterilisation, Ebeam, R\u00f6ntgenstrahlen und Ethylenoxid","description":"Die Ionisos-Gruppe ist seit mehr als 60 Jahren auf Sterilisation, Konservierung und Vernetzung spezialisiert.","robots":{"index":"index","follow":"follow","max-snippet":"max-snippet:-1","max-image-preview":"max-image-preview:large","max-video-preview":"max-video-preview:-1"},"canonical":"https:\/\/www.ionisos.com\/de\/unsere-werte\/","og_locale":"de_DE","og_type":"article","og_title":"IONISOS, Gamma-Sterilisation, Ebeam, R\u00f6ntgenstrahlen und Ethylenoxid","og_description":"Die Ionisos-Gruppe ist seit mehr als 60 Jahren auf Sterilisation, Konservierung und Vernetzung spezialisiert.","og_url":"https:\/\/www.ionisos.com\/de\/unsere-werte\/","og_site_name":"Ionisos","twitter_card":"summary_large_image","twitter_misc":{"Gesch\u00e4tzte Lesezeit":"2\u00a0Minuten"},"schema":{"@context":"https:\/\/schema.org","@graph":[{"@type":"WebPage","@id":"https:\/\/www.ionisos.com\/de\/unsere-werte\/","url":"https:\/\/www.ionisos.com\/de\/unsere-werte\/","name":"IONISOS, Gamma-Sterilisation, Ebeam, R\u00f6ntgenstrahlen und Ethylenoxid","isPartOf":{"@id":"https:\/\/www.ionisos.com\/#website"},"datePublished":"2025-02-25T15:18:04+00:00","description":"Die Ionisos-Gruppe ist seit mehr als 60 Jahren auf Sterilisation, Konservierung und Vernetzung spezialisiert.","breadcrumb":{"@id":"https:\/\/www.ionisos.com\/de\/unsere-werte\/#breadcrumb"},"inLanguage":"de","potentialAction":[{"@type":"ReadAction","target":["https:\/\/www.ionisos.com\/de\/unsere-werte\/"]}]},{"@type":"BreadcrumbList","@id":"https:\/\/www.ionisos.com\/de\/unsere-werte\/#breadcrumb","itemListElement":[{"@type":"ListItem","position":1,"name":"Accueil","item":"https:\/\/www.ionisos.com\/de\/"},{"@type":"ListItem","position":2,"name":"Unsere Werte"}]},{"@type":"WebSite","@id":"https:\/\/www.ionisos.com\/#website","url":"https:\/\/www.ionisos.com\/","name":"Ionisos","description":"Ionisation par \u00e9lectrons acc\u00e9l\u00e9r\u00e9s, rayons gamma, rayons X et oxyde d&#039;\u00e9thyl\u00e8ne","potentialAction":[{"@type":"SearchAction","target":{"@type":"EntryPoint","urlTemplate":"https:\/\/www.ionisos.com\/?s={search_term_string}"},"query-input":{"@type":"PropertyValueSpecification","valueRequired":true,"valueName":"search_term_string"}}],"inLanguage":"de"}]}},"_links":{"self":[{"href":"https:\/\/www.ionisos.com\/de\/wp-json\/wp\/v2\/pages\/24423","targetHints":{"allow":["GET"]}}],"collection":[{"href":"https:\/\/www.ionisos.com\/de\/wp-json\/wp\/v2\/pages"}],"about":[{"href":"https:\/\/www.ionisos.com\/de\/wp-json\/wp\/v2\/types\/page"}],"author":[{"embeddable":true,"href":"https:\/\/www.ionisos.com\/de\/wp-json\/wp\/v2\/users\/1"}],"replies":[{"embeddable":true,"href":"https:\/\/www.ionisos.com\/de\/wp-json\/wp\/v2\/comments?post=24423"}],"version-history":[{"count":7,"href":"https:\/\/www.ionisos.com\/de\/wp-json\/wp\/v2\/pages\/24423\/revisions"}],"predecessor-version":[{"id":26049,"href":"https:\/\/www.ionisos.com\/de\/wp-json\/wp\/v2\/pages\/24423\/revisions\/26049"}],"wp:attachment":[{"href":"https:\/\/www.ionisos.com\/de\/wp-json\/wp\/v2\/media?parent=24423"}],"curies":[{"name":"wp","href":"https:\/\/api.w.org\/{rel}","templated":true}]}}