 {"id":22395,"date":"2025-02-27T15:13:39","date_gmt":"2025-02-27T14:13:39","guid":{"rendered":"https:\/\/www.ionisos.com\/?page_id=22395"},"modified":"2025-02-27T16:19:44","modified_gmt":"2025-02-27T15:19:44","slug":"ein-qualitaetsanspruch","status":"publish","type":"page","link":"https:\/\/www.ionisos.com\/de\/ein-qualitaetsanspruch\/","title":{"rendered":"Ein Qualit\u00e4tsanspruch"},"content":{"rendered":"<p>[vc_row bg_image=&#8221;22439&#8243; bg_repeat=&#8221;no-repeat&#8221; text_color=&#8221;light&#8221; text_align=&#8221;center&#8221; top_padding=&#8221;100&#8243; bottom_padding=&#8221;100&#8243;][vc_column width=&#8221;1\/1&#8243;]<h1 class=\"headline font-special fontsize-xxxl fontweight-inherit lh-inherit align-center transform-uppercase \" style=\"margin: 0;\"><strong>Guter Grund Nr. 2<\/strong><br \/>\nEine Qualit\u00e4tsanforderung<\/h1>[\/vc_column][\/vc_row][vc_row][vc_column width=&#8221;1\/1&#8243;]<div class=\"spacer\" style=\"height: 60px;\"><\/div>[vc_column_text]<\/p>\n<h2>Bei Ionisos steht Qualit\u00e4t im Mittelpunkt all unserer Aktionen, und wir tun alles, um sie t\u00e4glich zu st\u00e4rken:<\/h2>\n<p>[\/vc_column_text]<div class=\"spacer\" style=\"height: 40px;\"><\/div>[\/vc_column][\/vc_row][vc_row text_align=&#8221;center&#8221;][vc_column width=&#8221;1\/4&#8243;]<h3 class=\"headline font-inherit fontsize-inherit fontweight-inherit lh-inherit align-center transform-inherit \" style=\"margin: 0 0 20px 0; color: #1e73be;\"><strong>Qualit\u00e4t<\/strong><br \/>\n<\/h3><div class=\"single_image wpb_content_element align-center    \" data-animation=\"none\" data-delay=\"0\"><img loading=\"lazy\" decoding=\"async\" class=\"\" src=\"https:\/\/www.ionisos.com\/wp-content\/uploads\/2022\/08\/high-quality-72x72.png\" width=\"72\" height=\"72\" alt=\"high-quality\" title=\"high-quality\" \/><\/div>[vc_column_text]<\/p>\n<p style=\"text-align: center;\">Qualit\u00e4t und Exzellenz sind in der DNA von Ionisos, sowohl gegen\u00fcber unseren Kunden als auch unseren Mitarbeitern.<\/p>\n<p>[\/vc_column_text][\/vc_column][vc_column width=&#8221;1\/4&#8243;]<h3 class=\"headline font-inherit fontsize-inherit fontweight-inherit lh-inherit align-center transform-inherit \" style=\"margin: 0 0 20px 0; color: #1e73be;\"><strong>Schulung<\/strong><br \/>\n<\/h3><div class=\"single_image wpb_content_element align-center    \" data-animation=\"none\" data-delay=\"0\"><img loading=\"lazy\" decoding=\"async\" class=\"\" src=\"https:\/\/www.ionisos.com\/wp-content\/uploads\/2022\/08\/machine-learning-72x72.png\" width=\"72\" height=\"72\" alt=\"machine-learning\" title=\"machine-learning\" \/><\/div>[vc_column_text]<\/p>\n<p style=\"text-align: center;\">Unsere Mitarbeiter haben die M\u00f6glichkeit, sich kontinuierlich weiterzubilden dank unseres internen digitalen Schulungstools. Auch Manager und unterst\u00fctzende Funktionen k\u00f6nnen von speziellen Schulungen profitieren.<\/p>\n<p>[\/vc_column_text][\/vc_column][vc_column width=&#8221;1\/4&#8243;]<h3 class=\"headline font-inherit fontsize-inherit fontweight-inherit lh-inherit align-center transform-inherit \" style=\"margin: 0 0 20px 0; color: #1e73be;\"><strong>Sicherheit<\/strong><br \/>\n<\/h3><div class=\"single_image wpb_content_element align-center    \" data-animation=\"none\" data-delay=\"0\"><img loading=\"lazy\" decoding=\"async\" class=\"\" src=\"https:\/\/www.ionisos.com\/wp-content\/uploads\/2022\/08\/safe-72x72.png\" width=\"72\" height=\"72\" alt=\"safe\" title=\"safe\" \/><\/div>[vc_column_text]<\/p>\n<p style=\"text-align: center;\">Qualit\u00e4t ist eng mit Sicherheit verbunden, und diese steht im Mittelpunkt all unserer Bestrebungen, um eine sichere Arbeitsumgebung zu gew\u00e4hrleisten und das Ziel Null Unf\u00e4lle zu erreichen.<\/p>\n<p>[\/vc_column_text][\/vc_column][vc_column width=&#8221;1\/4&#8243;]<h3 class=\"headline font-inherit fontsize-inherit fontweight-inherit lh-inherit align-center transform-inherit \" style=\"margin: 0 0 20px 0; color: #1e73be;\"><strong>Weltweite regulatorische Konformit\u00e4t<\/strong><br \/>\n<\/h3><div class=\"single_image wpb_content_element align-center    \" data-animation=\"none\" data-delay=\"0\"><img loading=\"lazy\" decoding=\"async\" class=\"\" src=\"https:\/\/www.ionisos.com\/wp-content\/uploads\/2023\/02\/compliant-72x72.png\" width=\"72\" height=\"72\" alt=\"compliant\" title=\"compliant\" \/><\/div>[vc_column_text]<\/p>\n<p style=\"text-align: center;\">Unser Qualit\u00e4tsmanagementsystem erf\u00fcllt die Anforderungen der Normen ISO 13485 und 14001, der GMP und der FDA f\u00fcr Medizinprodukte und Pharmazeutika. Alle unsere Zertifikate finden Sie <a href=\"https:\/\/www.ionisos.com\/de\/qualitat\/>hier<\/a>.<\/p>\n<p>[\/vc_column_text][\/vc_column][\/vc_row][vc_row][vc_column width=&#8221;1\/1&#8243;]<div class=\"spacer\" style=\"height: 100px;\"><\/div>[vc_column_text]Klicken Sie auf die verschiedenen Rubriken, um alles zu entdecken, was Ionisos zu einem Referenzarbeitgeber macht![\/vc_column_text]<div class=\"spacer\" style=\"height: 20px;\"><\/div>[\/vc_column][\/vc_row][vc_row][vc_column width=&#8221;1\/5&#8243;]<div class=\" ubtn-ctn-center \"><a class=\"ubtn-link ult-adjust-bottom-margin ubtn-center ubtn-custom \" title='Ein starkes Engagement f\u00fcr unsere Mitarbeiter' rel='' href = \"https:\/\/www.ionisos.com\/de\/ein-starkes-engagement-fuer-unsere-mitarbeiter\/\" ><button type=\"button\" id=\"ubtn-1037\" class=\"ubtn ult-adjust-bottom-margin ult-responsive ubtn-custom ubtn-fade-bg  none  ubtn-center   tooltip-69da0b2e850d9\"  data-hover=\"\" data-border-color=\"\" data-bg=\"#f38250\" data-hover-bg=\"#f25d1d\" data-border-hover=\"\" data-shadow-hover=\"\" data-shadow-click=\"none\" data-shadow=\"\" data-shd-shadow=\"\"  data-ultimate-target='#ubtn-1037'  data-responsive-json-new='{\"font-size\":\"\",\"line-height\":\"\"}'  style=\"font-weight:normal;width:500px;min-height:100px;padding:20px 50px;border:none;background: #f38250;color: #ffffff;\"><span class=\"ubtn-hover\" style=\"background-color:#f25d1d\"><\/span><span class=\"ubtn-data ubtn-text \" ><strong>Ein starkes Engagement f\u00fcr unsere Mitarbeiter<\/strong><\/span><\/button><\/a><\/div>[\/vc_column][vc_column width=&#8221;1\/5&#8243;]<div class=\" ubtn-ctn-center \"><a class=\"ubtn-link ult-adjust-bottom-margin ubtn-center ubtn-custom \" title='Eine Qualit\u00e4tsanforderung' rel='' href = \"https:\/\/www.ionisos.com\/de\/ein-qualitaetsanspruch\/\" ><button type=\"button\" id=\"ubtn-8120\" class=\"ubtn ult-adjust-bottom-margin ult-responsive ubtn-custom ubtn-fade-bg  none  ubtn-center   tooltip-69da0b2e8511e\"  data-hover=\"\" data-border-color=\"\" data-bg=\"#d3b83f\" data-hover-bg=\"#d3ac00\" data-border-hover=\"\" data-shadow-hover=\"\" data-shadow-click=\"none\" data-shadow=\"\" data-shd-shadow=\"\"  data-ultimate-target='#ubtn-8120'  data-responsive-json-new='{\"font-size\":\"\",\"line-height\":\"\"}'  style=\"font-weight:normal;width:500px;min-height:100px;padding:20px 50px;border:none;background: #d3b83f;color: #ffffff;\"><span class=\"ubtn-hover\" style=\"background-color:#d3ac00\"><\/span><span class=\"ubtn-data ubtn-text \" ><strong>Ein Qualit\u00e4tsanspruch<\/strong><\/span><\/button><\/a><\/div>[\/vc_column][vc_column width=&#8221;1\/5&#8243;]<div class=\" ubtn-ctn-center \"><a class=\"ubtn-link ult-adjust-bottom-margin ubtn-center ubtn-custom \" title='Ein verantwortungsvoller Arbeitgeber' rel='' href = \"https:\/\/www.ionisos.com\/de\/ein-verantwortungsvoller-arbeitgeber\/\" ><button type=\"button\" id=\"ubtn-4736\" class=\"ubtn ult-adjust-bottom-margin ult-responsive ubtn-custom ubtn-fade-bg  none  ubtn-center   tooltip-69da0b2e8513f\"  data-hover=\"\" data-border-color=\"\" data-bg=\"#98ca69\" data-hover-bg=\"#7ec938\" data-border-hover=\"\" data-shadow-hover=\"\" data-shadow-click=\"none\" data-shadow=\"\" data-shd-shadow=\"\"  data-ultimate-target='#ubtn-4736'  data-responsive-json-new='{\"font-size\":\"\",\"line-height\":\"\"}'  style=\"font-weight:normal;width:500px;min-height:100px;padding:20px 50px;border:none;background: #98ca69;color: #ffffff;\"><span class=\"ubtn-hover\" style=\"background-color:#7ec938\"><\/span><span class=\"ubtn-data ubtn-text \" ><strong>Ein verantwortungsbewusster Arbeitgeber<\/strong><\/span><\/button><\/a><\/div>[\/vc_column][vc_column width=&#8221;1\/5&#8243;]<div class=\" ubtn-ctn-center \"><a class=\"ubtn-link ult-adjust-bottom-margin ubtn-center ubtn-custom \" title='Respekt vor Vielfalt' rel='' href = \"https:\/\/www.ionisos.com\/de\/respekt-vor-vielfalt\/\" ><button type=\"button\" id=\"ubtn-9586\" class=\"ubtn ult-adjust-bottom-margin ult-responsive ubtn-custom ubtn-fade-bg  none  ubtn-center   tooltip-69da0b2e8515c\"  data-hover=\"\" data-border-color=\"\" data-bg=\"#da5457\" data-hover-bg=\"#d82023\" data-border-hover=\"\" data-shadow-hover=\"\" data-shadow-click=\"none\" data-shadow=\"\" data-shd-shadow=\"\"  data-ultimate-target='#ubtn-9586'  data-responsive-json-new='{\"font-size\":\"\",\"line-height\":\"\"}'  style=\"font-weight:normal;width:500px;min-height:100px;padding:20px 50px;border:none;background: #da5457;color: #ffffff;\"><span class=\"ubtn-hover\" style=\"background-color:#d82023\"><\/span><span class=\"ubtn-data ubtn-text \" ><strong>Respekt vor Vielfalt<\/strong><\/span><\/button><\/a><\/div>[\/vc_column][vc_column width=&#8221;1\/5&#8243;]<div class=\" ubtn-ctn-center \"><a class=\"ubtn-link ult-adjust-bottom-margin ubtn-center ubtn-custom \" title='Vorteile' rel='' href = \"https:\/\/www.ionisos.com\/de\/vorteile\/\" ><button type=\"button\" id=\"ubtn-9443\" class=\"ubtn ult-adjust-bottom-margin ult-responsive ubtn-custom ubtn-fade-bg  none  ubtn-center   tooltip-69da0b2e85179\"  data-hover=\"\" data-border-color=\"\" data-bg=\"#38b4d6\" data-hover-bg=\"#00a7d6\" data-border-hover=\"\" data-shadow-hover=\"\" data-shadow-click=\"none\" data-shadow=\"\" data-shd-shadow=\"\"  data-ultimate-target='#ubtn-9443'  data-responsive-json-new='{\"font-size\":\"\",\"line-height\":\"\"}'  style=\"font-weight:normal;width:500px;min-height:100px;padding:20px 50px;border:none;background: #38b4d6;color: #ffffff;\"><span class=\"ubtn-hover\" style=\"background-color:#00a7d6\"><\/span><span class=\"ubtn-data ubtn-text \" ><strong>Vorteile<\/strong><\/span><\/button><\/a><\/div>[\/vc_column][\/vc_row][vc_row text_align=&#8221;center&#8221;][vc_column width=&#8221;1\/1&#8243;]<div class=\"spacer\" style=\"height: 60px;\"><\/div><a href=\"https:\/\/www.hellowork.com\/fr-fr\/entreprises\/ionisos-95285.html\" target=\"_self\" class=\"button color-1 large \" style=\"border-radius: 2px;\">Alle unsere Stellenangebote ansehen<\/a><div class=\"spacer\" style=\"height: 100px;\"><\/div>[\/vc_column][\/vc_row]<\/p>\n","protected":false},"excerpt":{"rendered":"<p>[vc_row bg_image=&#8221;22439&#8243; bg_repeat=&#8221;no-repeat&#8221; text_color=&#8221;light&#8221; text_align=&#8221;center&#8221; top_padding=&#8221;100&#8243; bottom_padding=&#8221;100&#8243;][vc_column width=&#8221;1\/1&#8243;][\/vc_column][\/vc_row][vc_row][vc_column width=&#8221;1\/1&#8243;][vc_column_text] Bei Ionisos steht Qualit\u00e4t im Mittelpunkt all unserer Aktionen, und wir tun alles, um sie t\u00e4glich zu st\u00e4rken: [\/vc_column_text][\/vc_column][\/vc_row][vc_row text_align=&#8221;center&#8221;][vc_column width=&#8221;1\/4&#8243;][vc_column_text] Qualit\u00e4t und Exzellenz sind in der DNA von Ionisos, sowohl gegen\u00fcber unseren Kunden als auch unseren Mitarbeitern. [\/vc_column_text][\/vc_column][vc_column width=&#8221;1\/4&#8243;][vc_column_text] Unsere Mitarbeiter haben die M\u00f6glichkeit, sich kontinuierlich weiterzubilden dank unseres internen digitalen Schulungstools. Auch Manager und unterst\u00fctzende Funktionen k\u00f6nnen von speziellen Schulungen profitieren. [\/vc_column_text][\/vc_column][vc_column width=&#8221;1\/4&#8243;][vc_column_text] Qualit\u00e4t ist eng mit Sicherheit verbunden, und diese steht im Mittelpunkt all unserer Bestrebungen, um eine sichere Arbeitsumgebung zu gew\u00e4hrleisten und das Ziel Null Unf\u00e4lle zu erreichen. [\/vc_column_text][\/vc_column][vc_column width=&#8221;1\/4&#8243;][vc_column_text] Unser Qualit\u00e4tsmanagementsystem erf\u00fcllt die Anforderungen der Normen ISO 13485 und 14001, der GMP und der FDA f\u00fcr Medizinprodukte und Pharmazeutika. Alle unsere Zertifikate finden Sie<\/p>\n","protected":false},"author":1,"featured_media":0,"parent":0,"menu_order":0,"comment_status":"closed","ping_status":"closed","template":"","meta":{"inline_featured_image":false,"footnotes":""},"class_list":["post-22395","page","type-page","status-publish","hentry"],"yoast_head":"<!-- This site is optimized with the Yoast SEO plugin v26.3 - https:\/\/yoast.com\/wordpress\/plugins\/seo\/ -->\n<title>Ein Qualit\u00e4tsanspruch - Ionisos<\/title>\n<meta name=\"description\" content=\"Ionisos, Spezialist f\u00fcr Sterilisation durch Gamma- und Ebeam-Ionisation, R\u00f6ntgenstrahlen und Ethylenoxid, verf\u00fcgt \u00fcber 12 Standorte in Europa.\" \/>\n<meta name=\"robots\" content=\"index, follow, max-snippet:-1, max-image-preview:large, max-video-preview:-1\" \/>\n<link rel=\"canonical\" href=\"https:\/\/www.ionisos.com\/de\/ein-qualitaetsanspruch\/\" \/>\n<meta property=\"og:locale\" content=\"de_DE\" \/>\n<meta property=\"og:type\" content=\"article\" \/>\n<meta property=\"og:title\" content=\"Ein Qualit\u00e4tsanspruch - Ionisos\" \/>\n<meta property=\"og:description\" content=\"Ionisos, Spezialist f\u00fcr Sterilisation durch Gamma- und Ebeam-Ionisation, R\u00f6ntgenstrahlen und Ethylenoxid, verf\u00fcgt \u00fcber 12 Standorte in Europa.\" \/>\n<meta property=\"og:url\" content=\"https:\/\/www.ionisos.com\/de\/ein-qualitaetsanspruch\/\" \/>\n<meta property=\"og:site_name\" content=\"Ionisos\" \/>\n<meta property=\"article:modified_time\" content=\"2025-02-27T15:19:44+00:00\" \/>\n<meta name=\"twitter:card\" content=\"summary_large_image\" \/>\n<meta name=\"twitter:label1\" content=\"Gesch\u00e4tzte Lesezeit\" \/>\n\t<meta name=\"twitter:data1\" content=\"2\u00a0Minuten\" \/>\n<script type=\"application\/ld+json\" class=\"yoast-schema-graph\">{\"@context\":\"https:\/\/schema.org\",\"@graph\":[{\"@type\":\"WebPage\",\"@id\":\"https:\/\/www.ionisos.com\/de\/ein-qualitaetsanspruch\/\",\"url\":\"https:\/\/www.ionisos.com\/de\/ein-qualitaetsanspruch\/\",\"name\":\"Ein Qualit\u00e4tsanspruch - Ionisos\",\"isPartOf\":{\"@id\":\"https:\/\/www.ionisos.com\/#website\"},\"datePublished\":\"2025-02-27T14:13:39+00:00\",\"dateModified\":\"2025-02-27T15:19:44+00:00\",\"description\":\"Ionisos, Spezialist f\u00fcr Sterilisation durch Gamma- und Ebeam-Ionisation, R\u00f6ntgenstrahlen und Ethylenoxid, verf\u00fcgt \u00fcber 12 Standorte in Europa.\",\"breadcrumb\":{\"@id\":\"https:\/\/www.ionisos.com\/de\/ein-qualitaetsanspruch\/#breadcrumb\"},\"inLanguage\":\"de\",\"potentialAction\":[{\"@type\":\"ReadAction\",\"target\":[\"https:\/\/www.ionisos.com\/de\/ein-qualitaetsanspruch\/\"]}]},{\"@type\":\"BreadcrumbList\",\"@id\":\"https:\/\/www.ionisos.com\/de\/ein-qualitaetsanspruch\/#breadcrumb\",\"itemListElement\":[{\"@type\":\"ListItem\",\"position\":1,\"name\":\"Accueil\",\"item\":\"https:\/\/www.ionisos.com\/de\/\"},{\"@type\":\"ListItem\",\"position\":2,\"name\":\"Ein Qualit\u00e4tsanspruch\"}]},{\"@type\":\"WebSite\",\"@id\":\"https:\/\/www.ionisos.com\/#website\",\"url\":\"https:\/\/www.ionisos.com\/\",\"name\":\"Ionisos\",\"description\":\"Ionisation par \u00e9lectrons acc\u00e9l\u00e9r\u00e9s, rayons gamma, rayons X et oxyde d&#039;\u00e9thyl\u00e8ne\",\"potentialAction\":[{\"@type\":\"SearchAction\",\"target\":{\"@type\":\"EntryPoint\",\"urlTemplate\":\"https:\/\/www.ionisos.com\/?s={search_term_string}\"},\"query-input\":{\"@type\":\"PropertyValueSpecification\",\"valueRequired\":true,\"valueName\":\"search_term_string\"}}],\"inLanguage\":\"de\"}]}<\/script>\n<!-- \/ Yoast SEO plugin. -->","yoast_head_json":{"title":"Ein Qualit\u00e4tsanspruch - Ionisos","description":"Ionisos, Spezialist f\u00fcr Sterilisation durch Gamma- und Ebeam-Ionisation, R\u00f6ntgenstrahlen und Ethylenoxid, verf\u00fcgt \u00fcber 12 Standorte in Europa.","robots":{"index":"index","follow":"follow","max-snippet":"max-snippet:-1","max-image-preview":"max-image-preview:large","max-video-preview":"max-video-preview:-1"},"canonical":"https:\/\/www.ionisos.com\/de\/ein-qualitaetsanspruch\/","og_locale":"de_DE","og_type":"article","og_title":"Ein Qualit\u00e4tsanspruch - Ionisos","og_description":"Ionisos, Spezialist f\u00fcr Sterilisation durch Gamma- und Ebeam-Ionisation, R\u00f6ntgenstrahlen und Ethylenoxid, verf\u00fcgt \u00fcber 12 Standorte in Europa.","og_url":"https:\/\/www.ionisos.com\/de\/ein-qualitaetsanspruch\/","og_site_name":"Ionisos","article_modified_time":"2025-02-27T15:19:44+00:00","twitter_card":"summary_large_image","twitter_misc":{"Gesch\u00e4tzte Lesezeit":"2\u00a0Minuten"},"schema":{"@context":"https:\/\/schema.org","@graph":[{"@type":"WebPage","@id":"https:\/\/www.ionisos.com\/de\/ein-qualitaetsanspruch\/","url":"https:\/\/www.ionisos.com\/de\/ein-qualitaetsanspruch\/","name":"Ein Qualit\u00e4tsanspruch - Ionisos","isPartOf":{"@id":"https:\/\/www.ionisos.com\/#website"},"datePublished":"2025-02-27T14:13:39+00:00","dateModified":"2025-02-27T15:19:44+00:00","description":"Ionisos, Spezialist f\u00fcr Sterilisation durch Gamma- und Ebeam-Ionisation, R\u00f6ntgenstrahlen und Ethylenoxid, verf\u00fcgt \u00fcber 12 Standorte in Europa.","breadcrumb":{"@id":"https:\/\/www.ionisos.com\/de\/ein-qualitaetsanspruch\/#breadcrumb"},"inLanguage":"de","potentialAction":[{"@type":"ReadAction","target":["https:\/\/www.ionisos.com\/de\/ein-qualitaetsanspruch\/"]}]},{"@type":"BreadcrumbList","@id":"https:\/\/www.ionisos.com\/de\/ein-qualitaetsanspruch\/#breadcrumb","itemListElement":[{"@type":"ListItem","position":1,"name":"Accueil","item":"https:\/\/www.ionisos.com\/de\/"},{"@type":"ListItem","position":2,"name":"Ein Qualit\u00e4tsanspruch"}]},{"@type":"WebSite","@id":"https:\/\/www.ionisos.com\/#website","url":"https:\/\/www.ionisos.com\/","name":"Ionisos","description":"Ionisation par \u00e9lectrons acc\u00e9l\u00e9r\u00e9s, rayons gamma, rayons X et oxyde d&#039;\u00e9thyl\u00e8ne","potentialAction":[{"@type":"SearchAction","target":{"@type":"EntryPoint","urlTemplate":"https:\/\/www.ionisos.com\/?s={search_term_string}"},"query-input":{"@type":"PropertyValueSpecification","valueRequired":true,"valueName":"search_term_string"}}],"inLanguage":"de"}]}},"_links":{"self":[{"href":"https:\/\/www.ionisos.com\/de\/wp-json\/wp\/v2\/pages\/22395","targetHints":{"allow":["GET"]}}],"collection":[{"href":"https:\/\/www.ionisos.com\/de\/wp-json\/wp\/v2\/pages"}],"about":[{"href":"https:\/\/www.ionisos.com\/de\/wp-json\/wp\/v2\/types\/page"}],"author":[{"embeddable":true,"href":"https:\/\/www.ionisos.com\/de\/wp-json\/wp\/v2\/users\/1"}],"replies":[{"embeddable":true,"href":"https:\/\/www.ionisos.com\/de\/wp-json\/wp\/v2\/comments?post=22395"}],"version-history":[{"count":10,"href":"https:\/\/www.ionisos.com\/de\/wp-json\/wp\/v2\/pages\/22395\/revisions"}],"predecessor-version":[{"id":26180,"href":"https:\/\/www.ionisos.com\/de\/wp-json\/wp\/v2\/pages\/22395\/revisions\/26180"}],"wp:attachment":[{"href":"https:\/\/www.ionisos.com\/de\/wp-json\/wp\/v2\/media?parent=22395"}],"curies":[{"name":"wp","href":"https:\/\/api.w.org\/{rel}","templated":true}]}}