 {"id":22086,"date":"2025-02-27T16:01:13","date_gmt":"2025-02-27T15:01:13","guid":{"rendered":"https:\/\/www.ionisos.com\/?page_id=22086"},"modified":"2025-02-27T16:28:35","modified_gmt":"2025-02-27T15:28:35","slug":"vorteile","status":"publish","type":"page","link":"https:\/\/www.ionisos.com\/de\/vorteile\/","title":{"rendered":"Vorteile"},"content":{"rendered":"<p>[vc_row bg_image=&#8221;22373&#8243; bg_repeat=&#8221;no-repeat&#8221; text_color=&#8221;light&#8221; text_align=&#8221;center&#8221; top_padding=&#8221;100&#8243; bottom_padding=&#8221;100&#8243;][vc_column width=&#8221;1\/1&#8243;]<h1 class=\"headline font-special fontsize-xxxl fontweight-inherit lh-inherit align-center transform-uppercase \" style=\"margin: 0;\"><strong>Guter Grund Nr. 5<\/strong><br \/>\nVorteile<\/h1>[\/vc_column][\/vc_row][vc_row][vc_column width=&#8221;1\/1&#8243;]<div class=\"spacer\" style=\"height: 60px;\"><\/div>[vc_column_text]<\/p>\n<h2>Bei Ionisos zu arbeiten bedeutet auch, von folgenden Vorteilen zu profitieren:<\/h2>\n<p>[\/vc_column_text][vc_row_inner][vc_column_inner width=&#8221;1\/2&#8243;][vc_column_text]<\/p>\n<ul>\n<li>Sicheres Arbeiten<\/li>\n<li>Vorteilhafter Verg\u00fctungspolitik (j\u00e4hrliches Gespr\u00e4ch f\u00fcr alle Funktionen)<\/li>\n<li>Gesundheits- und Vorsorgesysteme<\/li>\n<li>Teilhabeprogramme<\/li>\n<li>Restaurantgutscheine<\/li>\n<\/ul>\n<p>[\/vc_column_text][\/vc_column_inner][vc_column_inner width=&#8221;1\/2&#8243;][vc_column_text]<\/p>\n<ul>\n<li>3 Tage Homeoffice pro Woche (f\u00fcr berechtigte Positionen)<\/li>\n<li>Kontinuierliche interne digitale Schulungen<\/li>\n<li>Schulungen f\u00fcr Manager und Support-Funktionen<\/li>\n<li>F\u00f6rderung der internen Mobilit\u00e4t<\/li>\n<li>Personalvertretung (CSE)<\/li>\n<\/ul>\n<p>[\/vc_column_text][\/vc_column_inner][\/vc_row_inner][\/vc_column][\/vc_row][vc_row][vc_column width=&#8221;1\/1&#8243;]<div class=\"spacer\" style=\"height: 100px;\"><\/div>[vc_column_text]Klicken Sie auf die verschiedenen Rubriken, um alles zu entdecken, was Ionisos zu einem herausragenden Arbeitgeber macht![\/vc_column_text]<div class=\"spacer\" style=\"height: 20px;\"><\/div>[\/vc_column][\/vc_row][vc_row][vc_column width=&#8221;1\/5&#8243;]<div class=\" ubtn-ctn-center \"><a class=\"ubtn-link ult-adjust-bottom-margin ubtn-center ubtn-custom \" title='Ein starkes Engagement f\u00fcr unsere Mitarbeiter' rel='' href = \"https:\/\/www.ionisos.com\/de\/ein-starkes-engagement-fuer-unsere-mitarbeiter\/\" ><button type=\"button\" id=\"ubtn-8863\" class=\"ubtn ult-adjust-bottom-margin ult-responsive ubtn-custom ubtn-fade-bg  none  ubtn-center   tooltip-69d4604daf20b\"  data-hover=\"\" data-border-color=\"\" data-bg=\"#f38250\" data-hover-bg=\"#f25d1d\" data-border-hover=\"\" data-shadow-hover=\"\" data-shadow-click=\"none\" data-shadow=\"\" data-shd-shadow=\"\"  data-ultimate-target='#ubtn-8863'  data-responsive-json-new='{\"font-size\":\"\",\"line-height\":\"\"}'  style=\"font-weight:normal;width:500px;min-height:100px;padding:20px 50px;border:none;background: #f38250;color: #ffffff;\"><span class=\"ubtn-hover\" style=\"background-color:#f25d1d\"><\/span><span class=\"ubtn-data ubtn-text \" ><strong>Ein starkes Engagement f\u00fcr unsere Mitarbeiter<\/strong><\/span><\/button><\/a><\/div>[\/vc_column][vc_column width=&#8221;1\/5&#8243;]<div class=\" ubtn-ctn-center \"><a class=\"ubtn-link ult-adjust-bottom-margin ubtn-center ubtn-custom \" title='Eine Qualit\u00e4tsanforderung' rel='' href = \"https:\/\/www.ionisos.com\/de\/ein-qualitaetsanspruch\/\" ><button type=\"button\" id=\"ubtn-9561\" class=\"ubtn ult-adjust-bottom-margin ult-responsive ubtn-custom ubtn-fade-bg  none  ubtn-center   tooltip-69d4604daf265\"  data-hover=\"\" data-border-color=\"\" data-bg=\"#d3b83f\" data-hover-bg=\"#d3ac00\" data-border-hover=\"\" data-shadow-hover=\"\" data-shadow-click=\"none\" data-shadow=\"\" data-shd-shadow=\"\"  data-ultimate-target='#ubtn-9561'  data-responsive-json-new='{\"font-size\":\"\",\"line-height\":\"\"}'  style=\"font-weight:normal;width:500px;min-height:100px;padding:20px 50px;border:none;background: #d3b83f;color: #ffffff;\"><span class=\"ubtn-hover\" style=\"background-color:#d3ac00\"><\/span><span class=\"ubtn-data ubtn-text \" ><strong>Ein Qualit\u00e4tsanspruch<\/strong><\/span><\/button><\/a><\/div>[\/vc_column][vc_column width=&#8221;1\/5&#8243;]<div class=\" ubtn-ctn-center \"><a class=\"ubtn-link ult-adjust-bottom-margin ubtn-center ubtn-custom \" title='Ein verantwortungsvoller Arbeitgeber' rel='' href = \"https:\/\/www.ionisos.com\/de\/ein-verantwortungsvoller-arbeitgeber\/\" ><button type=\"button\" id=\"ubtn-1907\" class=\"ubtn ult-adjust-bottom-margin ult-responsive ubtn-custom ubtn-fade-bg  none  ubtn-center   tooltip-69d4604daf288\"  data-hover=\"\" data-border-color=\"\" data-bg=\"#98ca69\" data-hover-bg=\"#7ec938\" data-border-hover=\"\" data-shadow-hover=\"\" data-shadow-click=\"none\" data-shadow=\"\" data-shd-shadow=\"\"  data-ultimate-target='#ubtn-1907'  data-responsive-json-new='{\"font-size\":\"\",\"line-height\":\"\"}'  style=\"font-weight:normal;width:500px;min-height:100px;padding:20px 50px;border:none;background: #98ca69;color: #ffffff;\"><span class=\"ubtn-hover\" style=\"background-color:#7ec938\"><\/span><span class=\"ubtn-data ubtn-text \" ><strong>Ein verantwortungsbewusster Arbeitgeber<\/strong><\/span><\/button><\/a><\/div>[\/vc_column][vc_column width=&#8221;1\/5&#8243;]<div class=\" ubtn-ctn-center \"><a class=\"ubtn-link ult-adjust-bottom-margin ubtn-center ubtn-custom \" title='Respekt vor Vielfalt' rel='' href = \"https:\/\/www.ionisos.com\/de\/respekt-vor-vielfalt\/\" ><button type=\"button\" id=\"ubtn-2967\" class=\"ubtn ult-adjust-bottom-margin ult-responsive ubtn-custom ubtn-fade-bg  none  ubtn-center   tooltip-69d4604daf2a4\"  data-hover=\"\" data-border-color=\"\" data-bg=\"#da5457\" data-hover-bg=\"#d82023\" data-border-hover=\"\" data-shadow-hover=\"\" data-shadow-click=\"none\" data-shadow=\"\" data-shd-shadow=\"\"  data-ultimate-target='#ubtn-2967'  data-responsive-json-new='{\"font-size\":\"\",\"line-height\":\"\"}'  style=\"font-weight:normal;width:500px;min-height:100px;padding:20px 50px;border:none;background: #da5457;color: #ffffff;\"><span class=\"ubtn-hover\" style=\"background-color:#d82023\"><\/span><span class=\"ubtn-data ubtn-text \" ><strong>Respekt vor der Vielfalt<\/strong><\/span><\/button><\/a><\/div>[\/vc_column][vc_column width=&#8221;1\/5&#8243;]<div class=\" ubtn-ctn-center \"><a class=\"ubtn-link ult-adjust-bottom-margin ubtn-center ubtn-custom \" title='Vorteile' rel='' href = \"https:\/\/www.ionisos.com\/de\/vorteile\/\" ><button type=\"button\" id=\"ubtn-4231\" class=\"ubtn ult-adjust-bottom-margin ult-responsive ubtn-custom ubtn-fade-bg  none  ubtn-center   tooltip-69d4604daf2be\"  data-hover=\"\" data-border-color=\"\" data-bg=\"#38b4d6\" data-hover-bg=\"#00a7d6\" data-border-hover=\"\" data-shadow-hover=\"\" data-shadow-click=\"none\" data-shadow=\"\" data-shd-shadow=\"\"  data-ultimate-target='#ubtn-4231'  data-responsive-json-new='{\"font-size\":\"\",\"line-height\":\"\"}'  style=\"font-weight:normal;width:500px;min-height:100px;padding:20px 50px;border:none;background: #38b4d6;color: #ffffff;\"><span class=\"ubtn-hover\" style=\"background-color:#00a7d6\"><\/span><span class=\"ubtn-data ubtn-text \" ><strong>Vorteile<\/strong><\/span><\/button><\/a><\/div>[\/vc_column][\/vc_row][vc_row text_align=&#8221;center&#8221;][vc_column width=&#8221;1\/1&#8243;]<div class=\"spacer\" style=\"height: 60px;\"><\/div><a href=\"https:\/\/www.hellowork.com\/fr-fr\/entreprises\/ionisos-95285.html\" target=\"_self\" class=\"button color-1 large \" style=\"border-radius: 2px;\">Konsultieren Sie alle unsere Angebote<\/a><div class=\"spacer\" style=\"height: 100px;\"><\/div>[\/vc_column][\/vc_row]<\/p>\n","protected":false},"excerpt":{"rendered":"<p>[vc_row bg_image=&#8221;22373&#8243; bg_repeat=&#8221;no-repeat&#8221; text_color=&#8221;light&#8221; text_align=&#8221;center&#8221; top_padding=&#8221;100&#8243; bottom_padding=&#8221;100&#8243;][vc_column width=&#8221;1\/1&#8243;][\/vc_column][\/vc_row][vc_row][vc_column width=&#8221;1\/1&#8243;][vc_column_text] Bei Ionisos zu arbeiten bedeutet auch, von folgenden Vorteilen zu profitieren: [\/vc_column_text][vc_row_inner][vc_column_inner width=&#8221;1\/2&#8243;][vc_column_text] Sicheres Arbeiten Vorteilhafter Verg\u00fctungspolitik (j\u00e4hrliches Gespr\u00e4ch f\u00fcr alle Funktionen) Gesundheits- und Vorsorgesysteme Teilhabeprogramme Restaurantgutscheine [\/vc_column_text][\/vc_column_inner][vc_column_inner width=&#8221;1\/2&#8243;][vc_column_text] 3 Tage Homeoffice pro Woche (f\u00fcr berechtigte Positionen) Kontinuierliche interne digitale Schulungen Schulungen f\u00fcr Manager und Support-Funktionen F\u00f6rderung der internen Mobilit\u00e4t Personalvertretung (CSE) [\/vc_column_text][\/vc_column_inner][\/vc_row_inner][\/vc_column][\/vc_row][vc_row][vc_column width=&#8221;1\/1&#8243;][vc_column_text]Klicken Sie auf die verschiedenen Rubriken, um alles zu entdecken, was Ionisos zu einem herausragenden Arbeitgeber macht![\/vc_column_text][\/vc_column][\/vc_row][vc_row][vc_column width=&#8221;1\/5&#8243;][\/vc_column][vc_column width=&#8221;1\/5&#8243;][\/vc_column][vc_column width=&#8221;1\/5&#8243;][\/vc_column][vc_column width=&#8221;1\/5&#8243;][\/vc_column][vc_column width=&#8221;1\/5&#8243;][\/vc_column][\/vc_row][vc_row text_align=&#8221;center&#8221;][vc_column width=&#8221;1\/1&#8243;][\/vc_column][\/vc_row]<\/p>\n","protected":false},"author":1,"featured_media":0,"parent":0,"menu_order":0,"comment_status":"closed","ping_status":"closed","template":"","meta":{"inline_featured_image":false,"footnotes":""},"class_list":["post-22086","page","type-page","status-publish","hentry"],"yoast_head":"<!-- This site is optimized with the Yoast SEO plugin v26.3 - https:\/\/yoast.com\/wordpress\/plugins\/seo\/ -->\n<title>Vorteile - Ionisos<\/title>\n<meta name=\"description\" content=\"Ionisos, Spezialist f\u00fcr Sterilisation durch Gamma- und Ebeam-Ionisation, R\u00f6ntgenstrahlen und Ethylenoxid, verf\u00fcgt \u00fcber 12 Standorte in Europa.\" \/>\n<meta name=\"robots\" content=\"index, follow, max-snippet:-1, max-image-preview:large, max-video-preview:-1\" \/>\n<link rel=\"canonical\" href=\"https:\/\/www.ionisos.com\/de\/vorteile\/\" \/>\n<meta property=\"og:locale\" content=\"de_DE\" \/>\n<meta property=\"og:type\" content=\"article\" \/>\n<meta property=\"og:title\" content=\"Vorteile - Ionisos\" \/>\n<meta property=\"og:description\" content=\"Ionisos, Spezialist f\u00fcr Sterilisation durch Gamma- und Ebeam-Ionisation, R\u00f6ntgenstrahlen und Ethylenoxid, verf\u00fcgt \u00fcber 12 Standorte in Europa.\" \/>\n<meta property=\"og:url\" content=\"https:\/\/www.ionisos.com\/de\/vorteile\/\" \/>\n<meta property=\"og:site_name\" content=\"Ionisos\" \/>\n<meta property=\"article:modified_time\" content=\"2025-02-27T15:28:35+00:00\" \/>\n<meta name=\"twitter:card\" content=\"summary_large_image\" \/>\n<meta name=\"twitter:label1\" content=\"Gesch\u00e4tzte Lesezeit\" \/>\n\t<meta name=\"twitter:data1\" content=\"2\u00a0Minuten\" \/>\n<script type=\"application\/ld+json\" class=\"yoast-schema-graph\">{\"@context\":\"https:\/\/schema.org\",\"@graph\":[{\"@type\":\"WebPage\",\"@id\":\"https:\/\/www.ionisos.com\/de\/vorteile\/\",\"url\":\"https:\/\/www.ionisos.com\/de\/vorteile\/\",\"name\":\"Vorteile - Ionisos\",\"isPartOf\":{\"@id\":\"https:\/\/www.ionisos.com\/#website\"},\"datePublished\":\"2025-02-27T15:01:13+00:00\",\"dateModified\":\"2025-02-27T15:28:35+00:00\",\"description\":\"Ionisos, Spezialist f\u00fcr Sterilisation durch Gamma- und Ebeam-Ionisation, R\u00f6ntgenstrahlen und Ethylenoxid, verf\u00fcgt \u00fcber 12 Standorte in Europa.\",\"breadcrumb\":{\"@id\":\"https:\/\/www.ionisos.com\/de\/vorteile\/#breadcrumb\"},\"inLanguage\":\"de\",\"potentialAction\":[{\"@type\":\"ReadAction\",\"target\":[\"https:\/\/www.ionisos.com\/de\/vorteile\/\"]}]},{\"@type\":\"BreadcrumbList\",\"@id\":\"https:\/\/www.ionisos.com\/de\/vorteile\/#breadcrumb\",\"itemListElement\":[{\"@type\":\"ListItem\",\"position\":1,\"name\":\"Accueil\",\"item\":\"https:\/\/www.ionisos.com\/de\/\"},{\"@type\":\"ListItem\",\"position\":2,\"name\":\"Vorteile\"}]},{\"@type\":\"WebSite\",\"@id\":\"https:\/\/www.ionisos.com\/#website\",\"url\":\"https:\/\/www.ionisos.com\/\",\"name\":\"Ionisos\",\"description\":\"Ionisation par \u00e9lectrons acc\u00e9l\u00e9r\u00e9s, rayons gamma, rayons X et oxyde d&#039;\u00e9thyl\u00e8ne\",\"potentialAction\":[{\"@type\":\"SearchAction\",\"target\":{\"@type\":\"EntryPoint\",\"urlTemplate\":\"https:\/\/www.ionisos.com\/?s={search_term_string}\"},\"query-input\":{\"@type\":\"PropertyValueSpecification\",\"valueRequired\":true,\"valueName\":\"search_term_string\"}}],\"inLanguage\":\"de\"}]}<\/script>\n<!-- \/ Yoast SEO plugin. -->","yoast_head_json":{"title":"Vorteile - Ionisos","description":"Ionisos, Spezialist f\u00fcr Sterilisation durch Gamma- und Ebeam-Ionisation, R\u00f6ntgenstrahlen und Ethylenoxid, verf\u00fcgt \u00fcber 12 Standorte in Europa.","robots":{"index":"index","follow":"follow","max-snippet":"max-snippet:-1","max-image-preview":"max-image-preview:large","max-video-preview":"max-video-preview:-1"},"canonical":"https:\/\/www.ionisos.com\/de\/vorteile\/","og_locale":"de_DE","og_type":"article","og_title":"Vorteile - Ionisos","og_description":"Ionisos, Spezialist f\u00fcr Sterilisation durch Gamma- und Ebeam-Ionisation, R\u00f6ntgenstrahlen und Ethylenoxid, verf\u00fcgt \u00fcber 12 Standorte in Europa.","og_url":"https:\/\/www.ionisos.com\/de\/vorteile\/","og_site_name":"Ionisos","article_modified_time":"2025-02-27T15:28:35+00:00","twitter_card":"summary_large_image","twitter_misc":{"Gesch\u00e4tzte Lesezeit":"2\u00a0Minuten"},"schema":{"@context":"https:\/\/schema.org","@graph":[{"@type":"WebPage","@id":"https:\/\/www.ionisos.com\/de\/vorteile\/","url":"https:\/\/www.ionisos.com\/de\/vorteile\/","name":"Vorteile - Ionisos","isPartOf":{"@id":"https:\/\/www.ionisos.com\/#website"},"datePublished":"2025-02-27T15:01:13+00:00","dateModified":"2025-02-27T15:28:35+00:00","description":"Ionisos, Spezialist f\u00fcr Sterilisation durch Gamma- und Ebeam-Ionisation, R\u00f6ntgenstrahlen und Ethylenoxid, verf\u00fcgt \u00fcber 12 Standorte in Europa.","breadcrumb":{"@id":"https:\/\/www.ionisos.com\/de\/vorteile\/#breadcrumb"},"inLanguage":"de","potentialAction":[{"@type":"ReadAction","target":["https:\/\/www.ionisos.com\/de\/vorteile\/"]}]},{"@type":"BreadcrumbList","@id":"https:\/\/www.ionisos.com\/de\/vorteile\/#breadcrumb","itemListElement":[{"@type":"ListItem","position":1,"name":"Accueil","item":"https:\/\/www.ionisos.com\/de\/"},{"@type":"ListItem","position":2,"name":"Vorteile"}]},{"@type":"WebSite","@id":"https:\/\/www.ionisos.com\/#website","url":"https:\/\/www.ionisos.com\/","name":"Ionisos","description":"Ionisation par \u00e9lectrons acc\u00e9l\u00e9r\u00e9s, rayons gamma, rayons X et oxyde d&#039;\u00e9thyl\u00e8ne","potentialAction":[{"@type":"SearchAction","target":{"@type":"EntryPoint","urlTemplate":"https:\/\/www.ionisos.com\/?s={search_term_string}"},"query-input":{"@type":"PropertyValueSpecification","valueRequired":true,"valueName":"search_term_string"}}],"inLanguage":"de"}]}},"_links":{"self":[{"href":"https:\/\/www.ionisos.com\/de\/wp-json\/wp\/v2\/pages\/22086","targetHints":{"allow":["GET"]}}],"collection":[{"href":"https:\/\/www.ionisos.com\/de\/wp-json\/wp\/v2\/pages"}],"about":[{"href":"https:\/\/www.ionisos.com\/de\/wp-json\/wp\/v2\/types\/page"}],"author":[{"embeddable":true,"href":"https:\/\/www.ionisos.com\/de\/wp-json\/wp\/v2\/users\/1"}],"replies":[{"embeddable":true,"href":"https:\/\/www.ionisos.com\/de\/wp-json\/wp\/v2\/comments?post=22086"}],"version-history":[{"count":12,"href":"https:\/\/www.ionisos.com\/de\/wp-json\/wp\/v2\/pages\/22086\/revisions"}],"predecessor-version":[{"id":26191,"href":"https:\/\/www.ionisos.com\/de\/wp-json\/wp\/v2\/pages\/22086\/revisions\/26191"}],"wp:attachment":[{"href":"https:\/\/www.ionisos.com\/de\/wp-json\/wp\/v2\/media?parent=22086"}],"curies":[{"name":"wp","href":"https:\/\/api.w.org\/{rel}","templated":true}]}}