 {"id":22070,"date":"2025-02-27T15:51:23","date_gmt":"2025-02-27T14:51:23","guid":{"rendered":"https:\/\/www.ionisos.com\/?page_id=22070"},"modified":"2025-03-03T12:15:34","modified_gmt":"2025-03-03T11:15:34","slug":"respekt-vor-vielfalt","status":"publish","type":"page","link":"https:\/\/www.ionisos.com\/de\/respekt-vor-vielfalt\/","title":{"rendered":"Respekt vor Vielfalt"},"content":{"rendered":"<p>[vc_row bg_image=&#8221;22216&#8243; bg_repeat=&#8221;no-repeat&#8221; text_color=&#8221;light&#8221; text_align=&#8221;center&#8221; top_padding=&#8221;100&#8243; bottom_padding=&#8221;100&#8243;][vc_column width=&#8221;1\/1&#8243;]<h1 class=\"headline font-special fontsize-xxxl fontweight-inherit lh-inherit align-center transform-uppercase \" style=\"margin: 0;\"><strong>Guter Grund Nr. 4<\/strong><br \/>\nRespekt vor Vielfalt<\/h1>[\/vc_column][\/vc_row][vc_row][vc_column width=&#8221;1\/1&#8243;]<div class=\"spacer\" style=\"height: 60px;\"><\/div>[vc_column_text]<\/p>\n<h2>Vielfalt \u2013 ein starkes Engagement unserer Personalpolitik<\/h2>\n<p>Ionisos lehnt jede Form der Diskriminierung ab und setzt sich f\u00fcr Chancengleichheit, Inklusion und Diversit\u00e4t ein. Jeder ist in der Gruppe willkommen.<\/p>\n<p>Unsere Unterschiede spiegeln die Welt wider, in der wir leben, und erm\u00f6glichen es uns, eine umfassendere Perspektive einzunehmen, Ideen zu diversifizieren und neue Wege zu gehen. Vielfalt bedeutet auch ein besseres Verst\u00e4ndnis der Bed\u00fcrfnisse all unserer Stakeholder, insbesondere in einem internationalen und anspruchsvollen Umfeld. Die Vielfalt der Kompetenzen, Sichtweisen, Arbeits- und Denkweisen unserer Mitarbeiter erm\u00f6glicht es Ionisos, sich schneller weiterzuentwickeln.[\/vc_column_text]<div class=\"spacer\" style=\"height: 40px;\"><\/div>[\/vc_column][\/vc_row][vc_row][vc_column width=&#8221;1\/5&#8243;]<div class=\"single_image wpb_content_element align-center    \" data-animation=\"none\" data-delay=\"0\"><img loading=\"lazy\" decoding=\"async\" class=\"\" src=\"https:\/\/www.ionisos.com\/wp-content\/uploads\/2022\/08\/workers-72x72.png\" width=\"72\" height=\"72\" alt=\"workers\" title=\"workers\" \/><\/div>[vc_column_text]<\/p>\n<p style=\"text-align: center;\">280 Mitarbeitende in 5 europ\u00e4ischen L\u00e4ndern<\/p>\n<p>[\/vc_column_text][\/vc_column][vc_column width=&#8221;1\/5&#8243;]<div class=\"single_image wpb_content_element align-center    \" data-animation=\"none\" data-delay=\"0\"><img loading=\"lazy\" decoding=\"async\" class=\"\" src=\"https:\/\/www.ionisos.com\/wp-content\/uploads\/2022\/08\/businesswoman-72x72.png\" width=\"72\" height=\"72\" alt=\"businesswoman\" title=\"businesswoman\" \/><\/div>[vc_column_text]<\/p>\n<p style=\"text-align: center;\">50 % Frauen in F\u00fchrungspositionen<\/p>\n<p>[\/vc_column_text][\/vc_column][vc_column width=&#8221;1\/5&#8243;]<div class=\"single_image wpb_content_element align-center    \" data-animation=\"none\" data-delay=\"0\"><img loading=\"lazy\" decoding=\"async\" class=\"\" src=\"https:\/\/www.ionisos.com\/wp-content\/uploads\/2022\/09\/diversity-72x72.png\" width=\"72\" height=\"72\" alt=\"diversity\" title=\"diversity\" \/><\/div>[vc_column_text]<\/p>\n<p style=\"text-align: center;\">Standardisierte HR-Prozesse f\u00fcr Rekrutierung und Leistungsbewertung<\/p>\n<p>[\/vc_column_text][\/vc_column][vc_column width=&#8221;1\/5&#8243;]<div class=\"single_image wpb_content_element align-center    \" data-animation=\"none\" data-delay=\"0\"><img loading=\"lazy\" decoding=\"async\" class=\"\" src=\"https:\/\/www.ionisos.com\/wp-content\/uploads\/2022\/08\/contract-1-72x72.png\" width=\"72\" height=\"72\" alt=\"contract (1)\" title=\"contract (1)\" \/><\/div>[vc_column_text]<\/p>\n<p style=\"text-align: center;\">Verhaltens- und Ethikkodex<\/p>\n<p>[\/vc_column_text][\/vc_column][vc_column width=&#8221;1\/5&#8243;]<div class=\"single_image wpb_content_element align-center    \" data-animation=\"none\" data-delay=\"0\"><img loading=\"lazy\" decoding=\"async\" class=\"\" src=\"https:\/\/www.ionisos.com\/wp-content\/uploads\/2022\/09\/online-lesson-72x72.png\" width=\"72\" height=\"72\" alt=\"online-lesson\" title=\"online-lesson\" \/><\/div>[vc_column_text]<\/p>\n<p style=\"text-align: center;\">Ethikschulung f\u00fcr alle Ionisos-Mitarbeiter zug\u00e4nglich<\/p>\n<p>[\/vc_column_text][\/vc_column][\/vc_row][vc_row][vc_column width=&#8221;1\/1&#8243;]<div class=\"spacer\" style=\"height: 100px;\"><\/div>[vc_column_text]Klicken Sie auf die verschiedenen Rubriken, um alles zu entdecken, was Ionisos zu einem erstklassigen Arbeitgeber macht![\/vc_column_text]<div class=\"spacer\" style=\"height: 20px;\"><\/div>[\/vc_column][\/vc_row][vc_row][vc_column width=&#8221;1\/5&#8243;]<div class=\" ubtn-ctn-center \"><a class=\"ubtn-link ult-adjust-bottom-margin ubtn-center ubtn-custom \" title='Ein starkes Engagement f\u00fcr unsere Mitarbeiter' rel='' href = \"https:\/\/www.ionisos.com\/de\/ein-starkes-engagement-fuer-unsere-mitarbeiter\/\" ><button type=\"button\" id=\"ubtn-8281\" class=\"ubtn ult-adjust-bottom-margin ult-responsive ubtn-custom ubtn-fade-bg  none  ubtn-center   tooltip-69d45ffe38f59\"  data-hover=\"\" data-border-color=\"\" data-bg=\"#f38250\" data-hover-bg=\"#f25d1d\" data-border-hover=\"\" data-shadow-hover=\"\" data-shadow-click=\"none\" data-shadow=\"\" data-shd-shadow=\"\"  data-ultimate-target='#ubtn-8281'  data-responsive-json-new='{\"font-size\":\"\",\"line-height\":\"\"}'  style=\"font-weight:normal;width:500px;min-height:100px;padding:20px 50px;border:none;background: #f38250;color: #ffffff;\"><span class=\"ubtn-hover\" style=\"background-color:#f25d1d\"><\/span><span class=\"ubtn-data ubtn-text \" ><strong>Ein starkes Engagement f\u00fcr unsere Mitarbeiter<\/strong><\/span><\/button><\/a><\/div>[\/vc_column][vc_column width=&#8221;1\/5&#8243;]<div class=\" ubtn-ctn-center \"><a class=\"ubtn-link ult-adjust-bottom-margin ubtn-center ubtn-custom \" title='Eine Qualit\u00e4tsanforderung' rel='' href = \"https:\/\/www.ionisos.com\/de\/ein-qualitaetsanspruch\/\" ><button type=\"button\" id=\"ubtn-3499\" class=\"ubtn ult-adjust-bottom-margin ult-responsive ubtn-custom ubtn-fade-bg  none  ubtn-center   tooltip-69d45ffe38fb5\"  data-hover=\"\" data-border-color=\"\" data-bg=\"#d3b83f\" data-hover-bg=\"#d3ac00\" data-border-hover=\"\" data-shadow-hover=\"\" data-shadow-click=\"none\" data-shadow=\"\" data-shd-shadow=\"\"  data-ultimate-target='#ubtn-3499'  data-responsive-json-new='{\"font-size\":\"\",\"line-height\":\"\"}'  style=\"font-weight:normal;width:500px;min-height:100px;padding:20px 50px;border:none;background: #d3b83f;color: #ffffff;\"><span class=\"ubtn-hover\" style=\"background-color:#d3ac00\"><\/span><span class=\"ubtn-data ubtn-text \" ><strong>Ein Qualit\u00e4tsanspruch<\/strong><\/span><\/button><\/a><\/div>[\/vc_column][vc_column width=&#8221;1\/5&#8243;]<div class=\" ubtn-ctn-center \"><a class=\"ubtn-link ult-adjust-bottom-margin ubtn-center ubtn-custom \" title='Ein verantwortungsvoller Arbeitgeber' rel='' href = \"https:\/\/www.ionisos.com\/de\/ein-verantwortungsvoller-arbeitgeber\/\" ><button type=\"button\" id=\"ubtn-3879\" class=\"ubtn ult-adjust-bottom-margin ult-responsive ubtn-custom ubtn-fade-bg  none  ubtn-center   tooltip-69d45ffe38fd8\"  data-hover=\"\" data-border-color=\"\" data-bg=\"#98ca69\" data-hover-bg=\"#7ec938\" data-border-hover=\"\" data-shadow-hover=\"\" data-shadow-click=\"none\" data-shadow=\"\" data-shd-shadow=\"\"  data-ultimate-target='#ubtn-3879'  data-responsive-json-new='{\"font-size\":\"\",\"line-height\":\"\"}'  style=\"font-weight:normal;width:500px;min-height:100px;padding:20px 50px;border:none;background: #98ca69;color: #ffffff;\"><span class=\"ubtn-hover\" style=\"background-color:#7ec938\"><\/span><span class=\"ubtn-data ubtn-text \" ><strong>Ein verantwortungsbewusster Arbeitgeber<\/strong><\/span><\/button><\/a><\/div>[\/vc_column][vc_column width=&#8221;1\/5&#8243;]<div class=\" ubtn-ctn-center \"><a class=\"ubtn-link ult-adjust-bottom-margin ubtn-center ubtn-custom \" title='Respekt vor Vielfalt' rel='' href = \"https:\/\/www.ionisos.com\/de\/respekt-vor-vielfalt\/\" ><button type=\"button\" id=\"ubtn-4908\" class=\"ubtn ult-adjust-bottom-margin ult-responsive ubtn-custom ubtn-fade-bg  none  ubtn-center   tooltip-69d45ffe38ff6\"  data-hover=\"\" data-border-color=\"\" data-bg=\"#da5457\" data-hover-bg=\"#d82023\" data-border-hover=\"\" data-shadow-hover=\"\" data-shadow-click=\"none\" data-shadow=\"\" data-shd-shadow=\"\"  data-ultimate-target='#ubtn-4908'  data-responsive-json-new='{\"font-size\":\"\",\"line-height\":\"\"}'  style=\"font-weight:normal;width:500px;min-height:100px;padding:20px 50px;border:none;background: #da5457;color: #ffffff;\"><span class=\"ubtn-hover\" style=\"background-color:#d82023\"><\/span><span class=\"ubtn-data ubtn-text \" ><strong>Respekt vor Vielfalt<\/strong><\/span><\/button><\/a><\/div>[\/vc_column][vc_column width=&#8221;1\/5&#8243;]<div class=\" ubtn-ctn-center \"><a class=\"ubtn-link ult-adjust-bottom-margin ubtn-center ubtn-custom \" title='Vorteile' rel='' href = \"https:\/\/www.ionisos.com\/de\/vorteile\/\" ><button type=\"button\" id=\"ubtn-8582\" class=\"ubtn ult-adjust-bottom-margin ult-responsive ubtn-custom ubtn-fade-bg  none  ubtn-center   tooltip-69d45ffe39011\"  data-hover=\"\" data-border-color=\"\" data-bg=\"#38b4d6\" data-hover-bg=\"#00a7d6\" data-border-hover=\"\" data-shadow-hover=\"\" data-shadow-click=\"none\" data-shadow=\"\" data-shd-shadow=\"\"  data-ultimate-target='#ubtn-8582'  data-responsive-json-new='{\"font-size\":\"\",\"line-height\":\"\"}'  style=\"font-weight:normal;width:500px;min-height:100px;padding:20px 50px;border:none;background: #38b4d6;color: #ffffff;\"><span class=\"ubtn-hover\" style=\"background-color:#00a7d6\"><\/span><span class=\"ubtn-data ubtn-text \" ><strong>Vorteile<\/strong><\/span><\/button><\/a><\/div>[\/vc_column][\/vc_row][vc_row text_align=&#8221;center&#8221;][vc_column width=&#8221;1\/1&#8243;]<div class=\"spacer\" style=\"height: 60px;\"><\/div><a href=\"https:\/\/www.hellowork.com\/fr-fr\/entreprises\/ionisos-95285.html\" target=\"_self\" class=\"button color-1 large \" style=\"border-radius: 2px;\">Sehen Sie sich alle unsere Stellenangebote an<\/a><div class=\"spacer\" style=\"height: 100px;\"><\/div>[\/vc_column][\/vc_row]<\/p>\n","protected":false},"excerpt":{"rendered":"<p>[vc_row bg_image=&#8221;22216&#8243; bg_repeat=&#8221;no-repeat&#8221; text_color=&#8221;light&#8221; text_align=&#8221;center&#8221; top_padding=&#8221;100&#8243; bottom_padding=&#8221;100&#8243;][vc_column width=&#8221;1\/1&#8243;][\/vc_column][\/vc_row][vc_row][vc_column width=&#8221;1\/1&#8243;][vc_column_text] Vielfalt \u2013 ein starkes Engagement unserer Personalpolitik Ionisos lehnt jede Form der Diskriminierung ab und setzt sich f\u00fcr Chancengleichheit, Inklusion und Diversit\u00e4t ein. Jeder ist in der Gruppe willkommen. Unsere Unterschiede spiegeln die Welt wider, in der wir leben, und erm\u00f6glichen es uns, eine umfassendere Perspektive einzunehmen, Ideen zu diversifizieren und neue Wege zu gehen. Vielfalt bedeutet auch ein besseres Verst\u00e4ndnis der Bed\u00fcrfnisse all unserer Stakeholder, insbesondere in einem internationalen und anspruchsvollen Umfeld. Die Vielfalt der Kompetenzen, Sichtweisen, Arbeits- und Denkweisen unserer Mitarbeiter erm\u00f6glicht es Ionisos, sich schneller weiterzuentwickeln.[\/vc_column_text][\/vc_column][\/vc_row][vc_row][vc_column width=&#8221;1\/5&#8243;][vc_column_text] 280 Mitarbeitende in 5 europ\u00e4ischen L\u00e4ndern [\/vc_column_text][\/vc_column][vc_column width=&#8221;1\/5&#8243;][vc_column_text] 50 % Frauen in F\u00fchrungspositionen [\/vc_column_text][\/vc_column][vc_column width=&#8221;1\/5&#8243;][vc_column_text] Standardisierte HR-Prozesse f\u00fcr Rekrutierung und Leistungsbewertung [\/vc_column_text][\/vc_column][vc_column width=&#8221;1\/5&#8243;][vc_column_text] Verhaltens- und Ethikkodex [\/vc_column_text][\/vc_column][vc_column width=&#8221;1\/5&#8243;][vc_column_text] Ethikschulung f\u00fcr alle Ionisos-Mitarbeiter zug\u00e4nglich [\/vc_column_text][\/vc_column][\/vc_row][vc_row][vc_column width=&#8221;1\/1&#8243;][vc_column_text]Klicken Sie auf die verschiedenen Rubriken, um alles zu entdecken, was Ionisos zu einem erstklassigen Arbeitgeber macht![\/vc_column_text][\/vc_column][\/vc_row][vc_row][vc_column width=&#8221;1\/5&#8243;][\/vc_column][vc_column width=&#8221;1\/5&#8243;][\/vc_column][vc_column width=&#8221;1\/5&#8243;][\/vc_column][vc_column width=&#8221;1\/5&#8243;][\/vc_column][vc_column width=&#8221;1\/5&#8243;][\/vc_column][\/vc_row][vc_row text_align=&#8221;center&#8221;][vc_column width=&#8221;1\/1&#8243;][\/vc_column][\/vc_row]<\/p>\n","protected":false},"author":1,"featured_media":0,"parent":0,"menu_order":0,"comment_status":"closed","ping_status":"closed","template":"","meta":{"inline_featured_image":false,"footnotes":""},"class_list":["post-22070","page","type-page","status-publish","hentry"],"yoast_head":"<!-- This site is optimized with the Yoast SEO plugin v26.3 - https:\/\/yoast.com\/wordpress\/plugins\/seo\/ -->\n<title>Respekt vor Vielfalt - Ionisos<\/title>\n<meta name=\"description\" content=\"Ionisos, Spezialist f\u00fcr Sterilisation durch Gamma- und Ebeam-Ionisation, R\u00f6ntgenstrahlen und Ethylenoxid, verf\u00fcgt \u00fcber 12 Standorte in Europa.\" \/>\n<meta name=\"robots\" content=\"index, follow, max-snippet:-1, max-image-preview:large, max-video-preview:-1\" \/>\n<link rel=\"canonical\" href=\"https:\/\/www.ionisos.com\/de\/respekt-vor-vielfalt\/\" \/>\n<meta property=\"og:locale\" content=\"de_DE\" \/>\n<meta property=\"og:type\" content=\"article\" \/>\n<meta property=\"og:title\" content=\"Respekt vor Vielfalt - Ionisos\" \/>\n<meta property=\"og:description\" content=\"Ionisos, Spezialist f\u00fcr Sterilisation durch Gamma- und Ebeam-Ionisation, R\u00f6ntgenstrahlen und Ethylenoxid, verf\u00fcgt \u00fcber 12 Standorte in Europa.\" \/>\n<meta property=\"og:url\" content=\"https:\/\/www.ionisos.com\/de\/respekt-vor-vielfalt\/\" \/>\n<meta property=\"og:site_name\" content=\"Ionisos\" \/>\n<meta property=\"article:modified_time\" content=\"2025-03-03T11:15:34+00:00\" \/>\n<meta name=\"twitter:card\" content=\"summary_large_image\" \/>\n<meta name=\"twitter:label1\" content=\"Gesch\u00e4tzte Lesezeit\" \/>\n\t<meta name=\"twitter:data1\" content=\"3\u00a0Minuten\" \/>\n<script type=\"application\/ld+json\" class=\"yoast-schema-graph\">{\"@context\":\"https:\/\/schema.org\",\"@graph\":[{\"@type\":\"WebPage\",\"@id\":\"https:\/\/www.ionisos.com\/de\/respekt-vor-vielfalt\/\",\"url\":\"https:\/\/www.ionisos.com\/de\/respekt-vor-vielfalt\/\",\"name\":\"Respekt vor Vielfalt - Ionisos\",\"isPartOf\":{\"@id\":\"https:\/\/www.ionisos.com\/#website\"},\"datePublished\":\"2025-02-27T14:51:23+00:00\",\"dateModified\":\"2025-03-03T11:15:34+00:00\",\"description\":\"Ionisos, Spezialist f\u00fcr Sterilisation durch Gamma- und Ebeam-Ionisation, R\u00f6ntgenstrahlen und Ethylenoxid, verf\u00fcgt \u00fcber 12 Standorte in Europa.\",\"breadcrumb\":{\"@id\":\"https:\/\/www.ionisos.com\/de\/respekt-vor-vielfalt\/#breadcrumb\"},\"inLanguage\":\"de\",\"potentialAction\":[{\"@type\":\"ReadAction\",\"target\":[\"https:\/\/www.ionisos.com\/de\/respekt-vor-vielfalt\/\"]}]},{\"@type\":\"BreadcrumbList\",\"@id\":\"https:\/\/www.ionisos.com\/de\/respekt-vor-vielfalt\/#breadcrumb\",\"itemListElement\":[{\"@type\":\"ListItem\",\"position\":1,\"name\":\"Accueil\",\"item\":\"https:\/\/www.ionisos.com\/de\/\"},{\"@type\":\"ListItem\",\"position\":2,\"name\":\"Respekt vor Vielfalt\"}]},{\"@type\":\"WebSite\",\"@id\":\"https:\/\/www.ionisos.com\/#website\",\"url\":\"https:\/\/www.ionisos.com\/\",\"name\":\"Ionisos\",\"description\":\"Ionisation par \u00e9lectrons acc\u00e9l\u00e9r\u00e9s, rayons gamma, rayons X et oxyde d&#039;\u00e9thyl\u00e8ne\",\"potentialAction\":[{\"@type\":\"SearchAction\",\"target\":{\"@type\":\"EntryPoint\",\"urlTemplate\":\"https:\/\/www.ionisos.com\/?s={search_term_string}\"},\"query-input\":{\"@type\":\"PropertyValueSpecification\",\"valueRequired\":true,\"valueName\":\"search_term_string\"}}],\"inLanguage\":\"de\"}]}<\/script>\n<!-- \/ Yoast SEO plugin. -->","yoast_head_json":{"title":"Respekt vor Vielfalt - Ionisos","description":"Ionisos, Spezialist f\u00fcr Sterilisation durch Gamma- und Ebeam-Ionisation, R\u00f6ntgenstrahlen und Ethylenoxid, verf\u00fcgt \u00fcber 12 Standorte in Europa.","robots":{"index":"index","follow":"follow","max-snippet":"max-snippet:-1","max-image-preview":"max-image-preview:large","max-video-preview":"max-video-preview:-1"},"canonical":"https:\/\/www.ionisos.com\/de\/respekt-vor-vielfalt\/","og_locale":"de_DE","og_type":"article","og_title":"Respekt vor Vielfalt - Ionisos","og_description":"Ionisos, Spezialist f\u00fcr Sterilisation durch Gamma- und Ebeam-Ionisation, R\u00f6ntgenstrahlen und Ethylenoxid, verf\u00fcgt \u00fcber 12 Standorte in Europa.","og_url":"https:\/\/www.ionisos.com\/de\/respekt-vor-vielfalt\/","og_site_name":"Ionisos","article_modified_time":"2025-03-03T11:15:34+00:00","twitter_card":"summary_large_image","twitter_misc":{"Gesch\u00e4tzte Lesezeit":"3\u00a0Minuten"},"schema":{"@context":"https:\/\/schema.org","@graph":[{"@type":"WebPage","@id":"https:\/\/www.ionisos.com\/de\/respekt-vor-vielfalt\/","url":"https:\/\/www.ionisos.com\/de\/respekt-vor-vielfalt\/","name":"Respekt vor Vielfalt - Ionisos","isPartOf":{"@id":"https:\/\/www.ionisos.com\/#website"},"datePublished":"2025-02-27T14:51:23+00:00","dateModified":"2025-03-03T11:15:34+00:00","description":"Ionisos, Spezialist f\u00fcr Sterilisation durch Gamma- und Ebeam-Ionisation, R\u00f6ntgenstrahlen und Ethylenoxid, verf\u00fcgt \u00fcber 12 Standorte in Europa.","breadcrumb":{"@id":"https:\/\/www.ionisos.com\/de\/respekt-vor-vielfalt\/#breadcrumb"},"inLanguage":"de","potentialAction":[{"@type":"ReadAction","target":["https:\/\/www.ionisos.com\/de\/respekt-vor-vielfalt\/"]}]},{"@type":"BreadcrumbList","@id":"https:\/\/www.ionisos.com\/de\/respekt-vor-vielfalt\/#breadcrumb","itemListElement":[{"@type":"ListItem","position":1,"name":"Accueil","item":"https:\/\/www.ionisos.com\/de\/"},{"@type":"ListItem","position":2,"name":"Respekt vor Vielfalt"}]},{"@type":"WebSite","@id":"https:\/\/www.ionisos.com\/#website","url":"https:\/\/www.ionisos.com\/","name":"Ionisos","description":"Ionisation par \u00e9lectrons acc\u00e9l\u00e9r\u00e9s, rayons gamma, rayons X et oxyde d&#039;\u00e9thyl\u00e8ne","potentialAction":[{"@type":"SearchAction","target":{"@type":"EntryPoint","urlTemplate":"https:\/\/www.ionisos.com\/?s={search_term_string}"},"query-input":{"@type":"PropertyValueSpecification","valueRequired":true,"valueName":"search_term_string"}}],"inLanguage":"de"}]}},"_links":{"self":[{"href":"https:\/\/www.ionisos.com\/de\/wp-json\/wp\/v2\/pages\/22070","targetHints":{"allow":["GET"]}}],"collection":[{"href":"https:\/\/www.ionisos.com\/de\/wp-json\/wp\/v2\/pages"}],"about":[{"href":"https:\/\/www.ionisos.com\/de\/wp-json\/wp\/v2\/types\/page"}],"author":[{"embeddable":true,"href":"https:\/\/www.ionisos.com\/de\/wp-json\/wp\/v2\/users\/1"}],"replies":[{"embeddable":true,"href":"https:\/\/www.ionisos.com\/de\/wp-json\/wp\/v2\/comments?post=22070"}],"version-history":[{"count":9,"href":"https:\/\/www.ionisos.com\/de\/wp-json\/wp\/v2\/pages\/22070\/revisions"}],"predecessor-version":[{"id":26302,"href":"https:\/\/www.ionisos.com\/de\/wp-json\/wp\/v2\/pages\/22070\/revisions\/26302"}],"wp:attachment":[{"href":"https:\/\/www.ionisos.com\/de\/wp-json\/wp\/v2\/media?parent=22070"}],"curies":[{"name":"wp","href":"https:\/\/api.w.org\/{rel}","templated":true}]}}