 {"id":22053,"date":"2025-02-27T15:41:50","date_gmt":"2025-02-27T14:41:50","guid":{"rendered":"https:\/\/www.ionisos.com\/?page_id=22053"},"modified":"2025-02-27T16:24:07","modified_gmt":"2025-02-27T15:24:07","slug":"ein-verantwortungsvoller-arbeitgeber","status":"publish","type":"page","link":"https:\/\/www.ionisos.com\/de\/ein-verantwortungsvoller-arbeitgeber\/","title":{"rendered":"Ein verantwortungsvoller Arbeitgeber"},"content":{"rendered":"<p>[vc_row bg_image=&#8221;22152&#8243; bg_repeat=&#8221;no-repeat&#8221; text_color=&#8221;light&#8221; text_align=&#8221;center&#8221; top_padding=&#8221;100&#8243; bottom_padding=&#8221;100&#8243;][vc_column width=&#8221;1\/1&#8243;]<h1 class=\"headline font-special fontsize-xxxl fontweight-inherit lh-inherit align-center transform-uppercase \" style=\"margin: 0;\"><strong>Guter Grund Nr. 3<\/strong><br \/>\nEin verantwortungsvoller Arbeitgeber<\/h1>[\/vc_column][\/vc_row][vc_row][vc_column width=&#8221;1\/1&#8243;]<div class=\"spacer\" style=\"height: 60px;\"><\/div>[vc_column_text]<\/p>\n<p style=\"text-align: left;\"><span style=\"font-family: Abel; font-size: 25px;\">Eine starke Politik der nachhaltigen Entwicklung<\/span><\/p>\n<p>.<br \/>\nCorporate Social Responsibility (CSR) bedeutet, dass ein Unternehmen soziale und \u00f6kologische Belange in seine Gesch\u00e4ftst\u00e4tigkeit und seine Beziehungen zu allen Stakeholdern einbezieht. Um unseren Sustainability-Ansatz umzusetzen, haben wir dauerhafte Verpflichtungen gegen\u00fcber allen unseren Stakeholdern formuliert und verpflichten uns, diese tagt\u00e4glich einzuhalten.[\/vc_column_text]<div class=\"spacer\" style=\"height: 40px;\"><\/div>[\/vc_column][\/vc_row][vc_row][vc_column width=&#8221;1\/4&#8243;]<h3 class=\"headline font-inherit fontsize-inherit fontweight-inherit lh-inherit align-center transform-inherit \" style=\"margin: 0 0 20px 0; color: #1e73be;\"><strong>Mitarbeiter<\/strong><br \/>\n<\/h3><div class=\"minti_list wpb_content_element color-grey circlearrow\" style=\"\">\n<ul>\n<li>Schaffung eines attraktiven Arbeitsumfeldes<\/li>\n<li>Sicheres Arbeiten<\/li>\n<li>Aufrechterhaltung unserer Effektivit\u00e4t und kontinuierliche Verbesserung unserer Prozesse und Praktiken<\/li>\n<li>Erweiterung der F\u00e4higkeiten und F\u00f6rderung der beruflichen Entwicklung<\/li>\n<li>Interne Mobilt\u00e4t erm\u00f6glichen und Fluktuation vermeiden<\/li>\n<li>Einbeziehung der Mitarbeiter<\/li>\n<li>F\u00f6rderung der Werte des Unternehmens<\/li>\n<\/ul>\n<\/div>[\/vc_column][vc_column width=&#8221;1\/4&#8243;]<h3 class=\"headline font-inherit fontsize-inherit fontweight-inherit lh-inherit align-center transform-inherit \" style=\"margin: 0 0 20px 0; color: #1e73be;\"><strong>Kunden<\/strong><br \/>\n<\/h3><div class=\"minti_list wpb_content_element color-grey circlearrow\" style=\"\">\n<ul>\n<li>Bed\u00fcrfnisse der Kunden verstehen und aufgreifen<\/li>\n<li>Entwicklung und Wertsch\u00e4tzung des Serviceangebots<\/li>\n<li>Fokusierung auf langfristige Vertr\u00e4ge<\/li>\n<li>Absicherung der Qualit\u00e4t unserer Dienstleistung<\/li>\n<li>Erweiterung unserer Kapazit\u00e4ten um das Wachstum unserer Kunden zu sichern<\/li>\n<li>Innovation<\/li>\n<\/ul>\n<\/div>[\/vc_column][vc_column width=&#8221;1\/4&#8243;]<h3 class=\"headline font-inherit fontsize-inherit fontweight-inherit lh-inherit align-center transform-inherit \" style=\"margin: 0 0 20px 0; color: #1e73be;\"><strong>Beh\u00f6rden<\/strong><\/h3><div class=\"minti_list wpb_content_element color-grey circlearrow\" style=\"\">\n<ul>\n<li>Ethisch korrektes Handeln<\/li>\n<li>Einhaltung der Gesetze<\/li>\n<li>Aktive und transparente Kommunikation<\/li>\n<li>Absicherung der Einhaltung von Normen und Vorschriften<\/li>\n<\/ul>\n<\/div>[\/vc_column][vc_column width=&#8221;1\/4&#8243;]<h3 class=\"headline font-inherit fontsize-inherit fontweight-inherit lh-inherit align-center transform-inherit \" style=\"margin: 0 0 20px 0; color: #1e73be;\"><strong>Planet<\/strong><\/h3><div class=\"minti_list wpb_content_element color-grey circlearrow\" style=\"\">\n<ul>\n<li>Reduzierung der umweltbelastenden Einfl\u00fcsse<\/li>\n<li>F\u00f6rderung von &#8220;gr\u00fcnen&#8221; Ma\u00dfnahmen im Tagesgesch\u00e4ft<\/li>\n<li>Industrielle Projekte nachhaltig und mit einem \u00f6kologischen Ansatz managen<\/li>\n<li>Integration in das lokale ausserbetriebliche Umfeld<\/li>\n<li>Umweltverschmutz ungen vorbeugen<\/li>\n<\/ul>\n<\/div>[\/vc_column][\/vc_row][vc_row][vc_column width=&#8221;1\/1&#8243;]<div class=\"spacer\" style=\"height: 60px;\"><\/div><div class=\"testimonial-wrap wpb_content_element\"><div class=\"testimonial\">Als Pr\u00e4sident der Gruppe verpflichte ich mich pers\u00f6nlich und im Namen des gesamten Managementteams, die erforderlichen personellen, technischen und organisatorischen Ressourcen einzusetzen, um all diese Verpflichtungen zu erf\u00fcllen.<\/div><div class=\"testimonial-author\"><div class=\"testimonial-img\"><img decoding=\"async\" src=\"https:\/\/www.ionisos.com\/wp-content\/uploads\/2022\/08\/chherkens-150x150.jpg\" alt=\"\" \/><\/div>Christoph Herkens<span>Pr\u00e4sident<\/span><\/div><\/div>[\/vc_column][\/vc_row][vc_row][vc_column width=&#8221;1\/1&#8243;]<div class=\"spacer\" style=\"height: 100px;\"><\/div>[vc_column_text]Klicken Sie sich durch die verschiedenen Rubriken und erfahren Sie alles, was Ionisos zu einem Top-Arbeitgeber macht![\/vc_column_text]<div class=\"spacer\" style=\"height: 20px;\"><\/div>[\/vc_column][\/vc_row][vc_row][vc_column width=&#8221;1\/5&#8243;]<div class=\" ubtn-ctn-center \"><a class=\"ubtn-link ult-adjust-bottom-margin ubtn-center ubtn-custom \" title='Ein starkes Engagement f\u00fcr unsere Mitarbeiter' rel='' href = \"https:\/\/www.ionisos.com\/de\/ein-starkes-engagement-fuer-unsere-mitarbeiter\/\" ><button type=\"button\" id=\"ubtn-4858\" class=\"ubtn ult-adjust-bottom-margin ult-responsive ubtn-custom ubtn-fade-bg  none  ubtn-center   tooltip-69da0bb3064e0\"  data-hover=\"\" data-border-color=\"\" data-bg=\"#f38250\" data-hover-bg=\"#f25d1d\" data-border-hover=\"\" data-shadow-hover=\"\" data-shadow-click=\"none\" data-shadow=\"\" data-shd-shadow=\"\"  data-ultimate-target='#ubtn-4858'  data-responsive-json-new='{\"font-size\":\"\",\"line-height\":\"\"}'  style=\"font-weight:normal;width:500px;min-height:100px;padding:20px 50px;border:none;background: #f38250;color: #ffffff;\"><span class=\"ubtn-hover\" style=\"background-color:#f25d1d\"><\/span><span class=\"ubtn-data ubtn-text \" ><strong>Ein starkes Engagement f\u00fcr unsere Mitarbeiter<\/strong>.<\/span><\/button><\/a><\/div>[\/vc_column][vc_column width=&#8221;1\/5&#8243;]<div class=\" ubtn-ctn-center \"><a class=\"ubtn-link ult-adjust-bottom-margin ubtn-center ubtn-custom \" title='Eine Qualit\u00e4tsanforderung' rel='' href = \"https:\/\/www.ionisos.com\/de\/ein-qualitaetsanspruch\/\" ><button type=\"button\" id=\"ubtn-9560\" class=\"ubtn ult-adjust-bottom-margin ult-responsive ubtn-custom ubtn-fade-bg  none  ubtn-center   tooltip-69da0bb306536\"  data-hover=\"\" data-border-color=\"\" data-bg=\"#d3b83f\" data-hover-bg=\"#d3ac00\" data-border-hover=\"\" data-shadow-hover=\"\" data-shadow-click=\"none\" data-shadow=\"\" data-shd-shadow=\"\"  data-ultimate-target='#ubtn-9560'  data-responsive-json-new='{\"font-size\":\"\",\"line-height\":\"\"}'  style=\"font-weight:normal;width:500px;min-height:100px;padding:20px 50px;border:none;background: #d3b83f;color: #ffffff;\"><span class=\"ubtn-hover\" style=\"background-color:#d3ac00\"><\/span><span class=\"ubtn-data ubtn-text \" ><strong>Ein Qualit\u00e4tsanspruch<\/strong><\/span><\/button><\/a><\/div>[\/vc_column][vc_column width=&#8221;1\/5&#8243;]<div class=\" ubtn-ctn-center \"><a class=\"ubtn-link ult-adjust-bottom-margin ubtn-center ubtn-custom \" title='Ein verantwortungsvoller Arbeitgeber' rel='' href = \"https:\/\/www.ionisos.com\/de\/ein-verantwortungsvoller-arbeitgeber\/\" ><button type=\"button\" id=\"ubtn-7146\" class=\"ubtn ult-adjust-bottom-margin ult-responsive ubtn-custom ubtn-fade-bg  none  ubtn-center   tooltip-69da0bb30656b\"  data-hover=\"\" data-border-color=\"\" data-bg=\"#98ca69\" data-hover-bg=\"#7ec938\" data-border-hover=\"\" data-shadow-hover=\"\" data-shadow-click=\"none\" data-shadow=\"\" data-shd-shadow=\"\"  data-ultimate-target='#ubtn-7146'  data-responsive-json-new='{\"font-size\":\"\",\"line-height\":\"\"}'  style=\"font-weight:normal;width:500px;min-height:100px;padding:20px 50px;border:none;background: #98ca69;color: #ffffff;\"><span class=\"ubtn-hover\" style=\"background-color:#7ec938\"><\/span><span class=\"ubtn-data ubtn-text \" ><strong>Ein verantwortungsvoller Arbeitgeber<\/strong><\/span><\/button><\/a><\/div>[\/vc_column][vc_column width=&#8221;1\/5&#8243;]<div class=\" ubtn-ctn-center \"><a class=\"ubtn-link ult-adjust-bottom-margin ubtn-center ubtn-custom \" title='Respekt vor Vielfalt' rel='' href = \"https:\/\/www.ionisos.com\/de\/respekt-vor-vielfalt\/\" ><button type=\"button\" id=\"ubtn-8342\" class=\"ubtn ult-adjust-bottom-margin ult-responsive ubtn-custom ubtn-fade-bg  none  ubtn-center   tooltip-69da0bb30659c\"  data-hover=\"\" data-border-color=\"\" data-bg=\"#da5457\" data-hover-bg=\"#d82023\" data-border-hover=\"\" data-shadow-hover=\"\" data-shadow-click=\"none\" data-shadow=\"\" data-shd-shadow=\"\"  data-ultimate-target='#ubtn-8342'  data-responsive-json-new='{\"font-size\":\"\",\"line-height\":\"\"}'  style=\"font-weight:normal;width:500px;min-height:100px;padding:20px 50px;border:none;background: #da5457;color: #ffffff;\"><span class=\"ubtn-hover\" style=\"background-color:#d82023\"><\/span><span class=\"ubtn-data ubtn-text \" ><strong>Respekt vor Vielfalt<\/strong><\/span><\/button><\/a><\/div>[\/vc_column][vc_column width=&#8221;1\/5&#8243;]<div class=\" ubtn-ctn-center \"><a class=\"ubtn-link ult-adjust-bottom-margin ubtn-center ubtn-custom \" title='Vorteile' rel='' href = \"https:\/\/www.ionisos.com\/de\/vorteile\/\" ><button type=\"button\" id=\"ubtn-1098\" class=\"ubtn ult-adjust-bottom-margin ult-responsive ubtn-custom ubtn-fade-bg  none  ubtn-center   tooltip-69da0bb3065cc\"  data-hover=\"\" data-border-color=\"\" data-bg=\"#38b4d6\" data-hover-bg=\"#00a7d6\" data-border-hover=\"\" data-shadow-hover=\"\" data-shadow-click=\"none\" data-shadow=\"\" data-shd-shadow=\"\"  data-ultimate-target='#ubtn-1098'  data-responsive-json-new='{\"font-size\":\"\",\"line-height\":\"\"}'  style=\"font-weight:normal;width:500px;min-height:100px;padding:20px 50px;border:none;background: #38b4d6;color: #ffffff;\"><span class=\"ubtn-hover\" style=\"background-color:#00a7d6\"><\/span><span class=\"ubtn-data ubtn-text \" ><strong>Vorteile<\/strong><\/span><\/button><\/a><\/div>[\/vc_column][\/vc_row][vc_row text_align=&#8221;center&#8221;][vc_column width=&#8221;1\/1&#8243;]<div class=\"spacer\" style=\"height: 60px;\"><\/div><a href=\"https:\/\/www.hellowork.com\/fr-fr\/entreprises\/ionisos-95285.html\" target=\"_self\" class=\"button color-1 large \" style=\"border-radius: 2px;\">Sehen Sie sich alle unsere Stellenangebote an<\/a><div class=\"spacer\" style=\"height: 100px;\"><\/div>[\/vc_column][\/vc_row]<\/p>\n","protected":false},"excerpt":{"rendered":"<p>[vc_row bg_image=&#8221;22152&#8243; bg_repeat=&#8221;no-repeat&#8221; text_color=&#8221;light&#8221; text_align=&#8221;center&#8221; top_padding=&#8221;100&#8243; bottom_padding=&#8221;100&#8243;][vc_column width=&#8221;1\/1&#8243;][\/vc_column][\/vc_row][vc_row][vc_column width=&#8221;1\/1&#8243;][vc_column_text] Eine starke Politik der nachhaltigen Entwicklung . Corporate Social Responsibility (CSR) bedeutet, dass ein Unternehmen soziale und \u00f6kologische Belange in seine Gesch\u00e4ftst\u00e4tigkeit und seine Beziehungen zu allen Stakeholdern einbezieht. Um unseren Sustainability-Ansatz umzusetzen, haben wir dauerhafte Verpflichtungen gegen\u00fcber allen unseren Stakeholdern formuliert und verpflichten uns, diese tagt\u00e4glich einzuhalten.[\/vc_column_text][\/vc_column][\/vc_row][vc_row][vc_column width=&#8221;1\/4&#8243;][\/vc_column][vc_column width=&#8221;1\/4&#8243;][\/vc_column][vc_column width=&#8221;1\/4&#8243;][\/vc_column][vc_column width=&#8221;1\/4&#8243;][\/vc_column][\/vc_row][vc_row][vc_column width=&#8221;1\/1&#8243;][\/vc_column][\/vc_row][vc_row][vc_column width=&#8221;1\/1&#8243;][vc_column_text]Klicken Sie sich durch die verschiedenen Rubriken und erfahren Sie alles, was Ionisos zu einem Top-Arbeitgeber macht![\/vc_column_text][\/vc_column][\/vc_row][vc_row][vc_column width=&#8221;1\/5&#8243;][\/vc_column][vc_column width=&#8221;1\/5&#8243;][\/vc_column][vc_column width=&#8221;1\/5&#8243;][\/vc_column][vc_column width=&#8221;1\/5&#8243;][\/vc_column][vc_column width=&#8221;1\/5&#8243;][\/vc_column][\/vc_row][vc_row text_align=&#8221;center&#8221;][vc_column width=&#8221;1\/1&#8243;][\/vc_column][\/vc_row]<\/p>\n","protected":false},"author":1,"featured_media":0,"parent":0,"menu_order":0,"comment_status":"closed","ping_status":"closed","template":"","meta":{"inline_featured_image":false,"footnotes":""},"class_list":["post-22053","page","type-page","status-publish","hentry"],"yoast_head":"<!-- This site is optimized with the Yoast SEO plugin v26.3 - https:\/\/yoast.com\/wordpress\/plugins\/seo\/ -->\n<title>Ein verantwortungsvoller Arbeitgeber - Ionisos<\/title>\n<meta name=\"description\" content=\"Ionisos, Spezialist f\u00fcr Sterilisation durch Gamma- und Ebeam-Ionisation, R\u00f6ntgenstrahlen und Ethylenoxid, verf\u00fcgt \u00fcber 12 Standorte in Europa.\" \/>\n<meta name=\"robots\" content=\"index, follow, max-snippet:-1, max-image-preview:large, max-video-preview:-1\" \/>\n<link rel=\"canonical\" href=\"https:\/\/www.ionisos.com\/de\/ein-verantwortungsvoller-arbeitgeber\/\" \/>\n<meta property=\"og:locale\" content=\"de_DE\" \/>\n<meta property=\"og:type\" content=\"article\" \/>\n<meta property=\"og:title\" content=\"Ein verantwortungsvoller Arbeitgeber - Ionisos\" \/>\n<meta property=\"og:description\" content=\"Ionisos, Spezialist f\u00fcr Sterilisation durch Gamma- und Ebeam-Ionisation, R\u00f6ntgenstrahlen und Ethylenoxid, verf\u00fcgt \u00fcber 12 Standorte in Europa.\" \/>\n<meta property=\"og:url\" content=\"https:\/\/www.ionisos.com\/de\/ein-verantwortungsvoller-arbeitgeber\/\" \/>\n<meta property=\"og:site_name\" content=\"Ionisos\" \/>\n<meta property=\"article:modified_time\" content=\"2025-02-27T15:24:07+00:00\" \/>\n<meta name=\"twitter:card\" content=\"summary_large_image\" \/>\n<meta name=\"twitter:label1\" content=\"Gesch\u00e4tzte Lesezeit\" \/>\n\t<meta name=\"twitter:data1\" content=\"2\u00a0Minuten\" \/>\n<script type=\"application\/ld+json\" class=\"yoast-schema-graph\">{\"@context\":\"https:\/\/schema.org\",\"@graph\":[{\"@type\":\"WebPage\",\"@id\":\"https:\/\/www.ionisos.com\/de\/ein-verantwortungsvoller-arbeitgeber\/\",\"url\":\"https:\/\/www.ionisos.com\/de\/ein-verantwortungsvoller-arbeitgeber\/\",\"name\":\"Ein verantwortungsvoller Arbeitgeber - Ionisos\",\"isPartOf\":{\"@id\":\"https:\/\/www.ionisos.com\/#website\"},\"datePublished\":\"2025-02-27T14:41:50+00:00\",\"dateModified\":\"2025-02-27T15:24:07+00:00\",\"description\":\"Ionisos, Spezialist f\u00fcr Sterilisation durch Gamma- und Ebeam-Ionisation, R\u00f6ntgenstrahlen und Ethylenoxid, verf\u00fcgt \u00fcber 12 Standorte in Europa.\",\"breadcrumb\":{\"@id\":\"https:\/\/www.ionisos.com\/de\/ein-verantwortungsvoller-arbeitgeber\/#breadcrumb\"},\"inLanguage\":\"de\",\"potentialAction\":[{\"@type\":\"ReadAction\",\"target\":[\"https:\/\/www.ionisos.com\/de\/ein-verantwortungsvoller-arbeitgeber\/\"]}]},{\"@type\":\"BreadcrumbList\",\"@id\":\"https:\/\/www.ionisos.com\/de\/ein-verantwortungsvoller-arbeitgeber\/#breadcrumb\",\"itemListElement\":[{\"@type\":\"ListItem\",\"position\":1,\"name\":\"Accueil\",\"item\":\"https:\/\/www.ionisos.com\/de\/\"},{\"@type\":\"ListItem\",\"position\":2,\"name\":\"Ein verantwortungsvoller Arbeitgeber\"}]},{\"@type\":\"WebSite\",\"@id\":\"https:\/\/www.ionisos.com\/#website\",\"url\":\"https:\/\/www.ionisos.com\/\",\"name\":\"Ionisos\",\"description\":\"Ionisation par \u00e9lectrons acc\u00e9l\u00e9r\u00e9s, rayons gamma, rayons X et oxyde d&#039;\u00e9thyl\u00e8ne\",\"potentialAction\":[{\"@type\":\"SearchAction\",\"target\":{\"@type\":\"EntryPoint\",\"urlTemplate\":\"https:\/\/www.ionisos.com\/?s={search_term_string}\"},\"query-input\":{\"@type\":\"PropertyValueSpecification\",\"valueRequired\":true,\"valueName\":\"search_term_string\"}}],\"inLanguage\":\"de\"}]}<\/script>\n<!-- \/ Yoast SEO plugin. -->","yoast_head_json":{"title":"Ein verantwortungsvoller Arbeitgeber - Ionisos","description":"Ionisos, Spezialist f\u00fcr Sterilisation durch Gamma- und Ebeam-Ionisation, R\u00f6ntgenstrahlen und Ethylenoxid, verf\u00fcgt \u00fcber 12 Standorte in Europa.","robots":{"index":"index","follow":"follow","max-snippet":"max-snippet:-1","max-image-preview":"max-image-preview:large","max-video-preview":"max-video-preview:-1"},"canonical":"https:\/\/www.ionisos.com\/de\/ein-verantwortungsvoller-arbeitgeber\/","og_locale":"de_DE","og_type":"article","og_title":"Ein verantwortungsvoller Arbeitgeber - Ionisos","og_description":"Ionisos, Spezialist f\u00fcr Sterilisation durch Gamma- und Ebeam-Ionisation, R\u00f6ntgenstrahlen und Ethylenoxid, verf\u00fcgt \u00fcber 12 Standorte in Europa.","og_url":"https:\/\/www.ionisos.com\/de\/ein-verantwortungsvoller-arbeitgeber\/","og_site_name":"Ionisos","article_modified_time":"2025-02-27T15:24:07+00:00","twitter_card":"summary_large_image","twitter_misc":{"Gesch\u00e4tzte Lesezeit":"2\u00a0Minuten"},"schema":{"@context":"https:\/\/schema.org","@graph":[{"@type":"WebPage","@id":"https:\/\/www.ionisos.com\/de\/ein-verantwortungsvoller-arbeitgeber\/","url":"https:\/\/www.ionisos.com\/de\/ein-verantwortungsvoller-arbeitgeber\/","name":"Ein verantwortungsvoller Arbeitgeber - Ionisos","isPartOf":{"@id":"https:\/\/www.ionisos.com\/#website"},"datePublished":"2025-02-27T14:41:50+00:00","dateModified":"2025-02-27T15:24:07+00:00","description":"Ionisos, Spezialist f\u00fcr Sterilisation durch Gamma- und Ebeam-Ionisation, R\u00f6ntgenstrahlen und Ethylenoxid, verf\u00fcgt \u00fcber 12 Standorte in Europa.","breadcrumb":{"@id":"https:\/\/www.ionisos.com\/de\/ein-verantwortungsvoller-arbeitgeber\/#breadcrumb"},"inLanguage":"de","potentialAction":[{"@type":"ReadAction","target":["https:\/\/www.ionisos.com\/de\/ein-verantwortungsvoller-arbeitgeber\/"]}]},{"@type":"BreadcrumbList","@id":"https:\/\/www.ionisos.com\/de\/ein-verantwortungsvoller-arbeitgeber\/#breadcrumb","itemListElement":[{"@type":"ListItem","position":1,"name":"Accueil","item":"https:\/\/www.ionisos.com\/de\/"},{"@type":"ListItem","position":2,"name":"Ein verantwortungsvoller Arbeitgeber"}]},{"@type":"WebSite","@id":"https:\/\/www.ionisos.com\/#website","url":"https:\/\/www.ionisos.com\/","name":"Ionisos","description":"Ionisation par \u00e9lectrons acc\u00e9l\u00e9r\u00e9s, rayons gamma, rayons X et oxyde d&#039;\u00e9thyl\u00e8ne","potentialAction":[{"@type":"SearchAction","target":{"@type":"EntryPoint","urlTemplate":"https:\/\/www.ionisos.com\/?s={search_term_string}"},"query-input":{"@type":"PropertyValueSpecification","valueRequired":true,"valueName":"search_term_string"}}],"inLanguage":"de"}]}},"_links":{"self":[{"href":"https:\/\/www.ionisos.com\/de\/wp-json\/wp\/v2\/pages\/22053","targetHints":{"allow":["GET"]}}],"collection":[{"href":"https:\/\/www.ionisos.com\/de\/wp-json\/wp\/v2\/pages"}],"about":[{"href":"https:\/\/www.ionisos.com\/de\/wp-json\/wp\/v2\/types\/page"}],"author":[{"embeddable":true,"href":"https:\/\/www.ionisos.com\/de\/wp-json\/wp\/v2\/users\/1"}],"replies":[{"embeddable":true,"href":"https:\/\/www.ionisos.com\/de\/wp-json\/wp\/v2\/comments?post=22053"}],"version-history":[{"count":9,"href":"https:\/\/www.ionisos.com\/de\/wp-json\/wp\/v2\/pages\/22053\/revisions"}],"predecessor-version":[{"id":26188,"href":"https:\/\/www.ionisos.com\/de\/wp-json\/wp\/v2\/pages\/22053\/revisions\/26188"}],"wp:attachment":[{"href":"https:\/\/www.ionisos.com\/de\/wp-json\/wp\/v2\/media?parent=22053"}],"curies":[{"name":"wp","href":"https:\/\/api.w.org\/{rel}","templated":true}]}}