 {"id":21951,"date":"2025-02-27T12:15:18","date_gmt":"2025-02-27T11:15:18","guid":{"rendered":"https:\/\/www.ionisos.com\/?page_id=21951"},"modified":"2025-04-23T10:22:20","modified_gmt":"2025-04-23T08:22:20","slug":"warum-uns-beitreten","status":"publish","type":"page","link":"https:\/\/www.ionisos.com\/de\/warum-uns-beitreten\/","title":{"rendered":"Warum uns beitreten"},"content":{"rendered":"<p>[vc_row bg_image=&#8221;22339&#8243; bg_repeat=&#8221;no-repeat&#8221; text_color=&#8221;light&#8221; text_align=&#8221;center&#8221; top_padding=&#8221;100&#8243; bottom_padding=&#8221;100&#8243;][vc_column width=&#8221;1\/1&#8243;]<h1 class=\"headline font-special fontsize-xxxl fontweight-inherit lh-inherit align-center transform-uppercase \" style=\"margin: 0;\"><strong>5 gute Gr\u00fcnde<\/strong><br \/>\nuns beizutreten<\/h1>[\/vc_column][\/vc_row][vc_row][vc_column width=&#8221;1\/1&#8243;]<div class=\"spacer\" style=\"height: 60px;\"><\/div>[\/vc_column][\/vc_row][vc_row][vc_column width=&#8221;1\/1&#8243;][vc_column_text]Die Ionisos-Gruppe heute besteht aus mehr als <strong>300 Mitarbeitern<\/strong> in <strong>5 L\u00e4ndern<\/strong>, einer Gemeinschaft, die reich an Vielfalt in Fachwissen, Erfahrungen und Profilen ist. Um die kollektive Dynamik zu f\u00f6rdern, die unseren Erfolg ausmacht, setzt unsere <strong>Personalpolitik<\/strong> auf die Entwicklung von fachlichen und F\u00fchrungsf\u00e4higkeiten sowie auf die Festigung einer gemeinsamen Kultur.<\/p>\n<p>Der Beitritt zur Ionisos-Gruppe bedeutet, die Karriere an der Seite eines f\u00fcrsorglichen, effizienten, engagierten Arbeitgebers zu gestalten, der das Wohlbefinden seiner Mitarbeiter f\u00f6rdert. Es sind \u00fcbrigens die Mitarbeiter selbst, die am besten dar\u00fcber sprechen:[\/vc_column_text]<div class=\"spacer\" style=\"height: 10px;\"><\/div>[\/vc_column][\/vc_row][vc_row][vc_column width=&#8221;1\/3&#8243;]<div class=\"testimonial-wrap wpb_content_element\"><div class=\"testimonial\">Was mir an Ionisos am meisten gef\u00e4llt, ist die horizontale und vertikale Austauschm\u00f6glichkeit, die f\u00fcr mich eine gro\u00dfe St\u00e4rke darstellt. Die Mitarbeiter sind reaktionsschnell und engagiert, um Ideen und L\u00f6sungen vorzuschlagen.<\/p>\n<p>Es ist ein dynamisches Unternehmen, das st\u00e4ndig danach strebt, sich zu verbessern, mit einer langfristigen F\u00fchrung und Vision.<\/p>\n<p><strong>Werte von Ionisos<\/strong>: Engagement, F\u00fchrung, Exzellenz, Reaktionsf\u00e4higkeit.<\/div><div class=\"testimonial-author\"><div class=\"testimonial-img\"><img decoding=\"async\" src=\"https:\/\/www.ionisos.com\/wp-content\/uploads\/2022\/08\/Frane-1-150x150.jpg\" alt=\"\" \/><\/div>Frane Akwangou<span>Verantwortlicher HSE - Sabl\u00e9-sur-Sarthe (Frankreich)<\/span><\/div><\/div>[\/vc_column][vc_column width=&#8221;1\/3&#8243;]<div class=\"testimonial-wrap wpb_content_element\"><div class=\"testimonial\">Ionisos ist eine solide Struktur f\u00fcr eine nachhaltige T\u00e4tigkeit und gleichzeitig offen f\u00fcr Innovationen.<\/p>\n<p>Ich sch\u00e4tze die Aufmerksamkeit, die darauf gerichtet ist, dass wir Arbeitsbedingungen haben, die es uns erm\u00f6glichen, gut und effektiv zu arbeiten.<\/p>\n<p><strong>Werte von Ionisos<\/strong>: Integrit\u00e4t, Qualit\u00e4t, Zusammenarbeit<\/div><div class=\"testimonial-author\"><div class=\"testimonial-img\"><img decoding=\"async\" src=\"https:\/\/www.ionisos.com\/wp-content\/uploads\/2022\/08\/Sophie-150x150.jpg\" alt=\"Sophie Rouif Ionisos\" \/><\/div>Sophie Rouif<span>F&amp;E Expertin - Civrieux d&#039;Azergues (Frankreich)<\/span><\/div><\/div>[\/vc_column][vc_column width=&#8221;1\/3&#8243;]<div class=\"testimonial-wrap wpb_content_element\"><div class=\"testimonial\">Ich bin stolz, wenn ich von Ionisos mit meinen Freunden spreche, es ist eine andere Branche, die die meisten Menschen nicht gewohnt sind, mit Kollegen, die immer bereit sind zu helfen.<\/p>\n<p>Das Unternehmen ist transparent, solidarisch, motivierend und kundenorientiert.<\/p>\n<p><strong>Werte von Ionisos<\/strong>: Qualit\u00e4t, Sicherheit, Zusammenarbeit<\/div><div class=\"testimonial-author\"><div class=\"testimonial-img\"><img decoding=\"async\" src=\"https:\/\/www.ionisos.com\/wp-content\/uploads\/2022\/08\/Aire-Lempu-Ionisos-150x150.jpg\" alt=\"Aire Lempu Ionisos\" \/><\/div>Aire Lempu<span>Qualit\u00e4ts- &amp; Sicherheitsmanagerin - Tallinn (Estland)<\/span><\/div><\/div>[\/vc_column][\/vc_row][vc_row][vc_column width=&#8221;1\/1&#8243;]<div class=\"spacer\" style=\"height: 100px;\"><\/div>[vc_column_text]Klicken Sie auf die verschiedenen Rubriken, um alles zu entdecken, was Ionisos zu einem Referenzarbeitgeber macht![\/vc_column_text]<div class=\"spacer\" style=\"height: 20px;\"><\/div>[\/vc_column][\/vc_row][vc_row][vc_column width=&#8221;1\/5&#8243;]<div class=\" ubtn-ctn-center \"><a class=\"ubtn-link ult-adjust-bottom-margin ubtn-center ubtn-custom \" title='Ein starkes Engagement f\u00fcr unsere Mitarbeiter' rel='' href = \"https:\/\/www.ionisos.com\/de\/ein-starkes-engagement-fuer-unsere-mitarbeiter\/\" ><button type=\"button\" id=\"ubtn-6337\" class=\"ubtn ult-adjust-bottom-margin ult-responsive ubtn-custom ubtn-fade-bg  none  ubtn-center   tooltip-69d6ee0a82752\"  data-hover=\"\" data-border-color=\"\" data-bg=\"#f38250\" data-hover-bg=\"#f25d1d\" data-border-hover=\"\" data-shadow-hover=\"\" data-shadow-click=\"none\" data-shadow=\"\" data-shd-shadow=\"\"  data-ultimate-target='#ubtn-6337'  data-responsive-json-new='{\"font-size\":\"\",\"line-height\":\"\"}'  style=\"font-weight:normal;width:500px;min-height:100px;padding:20px 50px;border:none;background: #f38250;color: #ffffff;\"><span class=\"ubtn-hover\" style=\"background-color:#f25d1d\"><\/span><span class=\"ubtn-data ubtn-text \" ><strong>Ein starkes Engagement f\u00fcr unsere Mitarbeiter<\/strong><\/span><\/button><\/a><\/div>[\/vc_column][vc_column width=&#8221;1\/5&#8243;]<div class=\" ubtn-ctn-center \"><a class=\"ubtn-link ult-adjust-bottom-margin ubtn-center ubtn-custom \" title='Eine Qualit\u00e4tsanforderung' rel='' href = \"https:\/\/www.ionisos.com\/de\/ein-qualitaetsanspruch\/\" ><button type=\"button\" id=\"ubtn-9335\" class=\"ubtn ult-adjust-bottom-margin ult-responsive ubtn-custom ubtn-fade-bg  none  ubtn-center   tooltip-69d6ee0a82797\"  data-hover=\"\" data-border-color=\"\" data-bg=\"#d3b83f\" data-hover-bg=\"#d3ac00\" data-border-hover=\"\" data-shadow-hover=\"\" data-shadow-click=\"none\" data-shadow=\"\" data-shd-shadow=\"\"  data-ultimate-target='#ubtn-9335'  data-responsive-json-new='{\"font-size\":\"\",\"line-height\":\"\"}'  style=\"font-weight:normal;width:500px;min-height:100px;padding:20px 50px;border:none;background: #d3b83f;color: #ffffff;\"><span class=\"ubtn-hover\" style=\"background-color:#d3ac00\"><\/span><span class=\"ubtn-data ubtn-text \" ><strong>Ein Qualit\u00e4tsanspruch<\/strong><\/span><\/button><\/a><\/div>[\/vc_column][vc_column width=&#8221;1\/5&#8243;]<div class=\" ubtn-ctn-center \"><a class=\"ubtn-link ult-adjust-bottom-margin ubtn-center ubtn-custom \" title='Ein verantwortungsvoller Arbeitgeber' rel='' href = \"https:\/\/www.ionisos.com\/de\/ein-verantwortungsvoller-arbeitgeber\/\" ><button type=\"button\" id=\"ubtn-5682\" class=\"ubtn ult-adjust-bottom-margin ult-responsive ubtn-custom ubtn-fade-bg  none  ubtn-center   tooltip-69d6ee0a827bc\"  data-hover=\"\" data-border-color=\"\" data-bg=\"#98ca69\" data-hover-bg=\"#7ec938\" data-border-hover=\"\" data-shadow-hover=\"\" data-shadow-click=\"none\" data-shadow=\"\" data-shd-shadow=\"\"  data-ultimate-target='#ubtn-5682'  data-responsive-json-new='{\"font-size\":\"\",\"line-height\":\"\"}'  style=\"font-weight:normal;width:500px;min-height:100px;padding:20px 50px;border:none;background: #98ca69;color: #ffffff;\"><span class=\"ubtn-hover\" style=\"background-color:#7ec938\"><\/span><span class=\"ubtn-data ubtn-text \" ><strong>Ein verantwortungsbewusster Arbeitgeber<\/strong><\/span><\/button><\/a><\/div>[\/vc_column][vc_column width=&#8221;1\/5&#8243;]<div class=\" ubtn-ctn-center \"><a class=\"ubtn-link ult-adjust-bottom-margin ubtn-center ubtn-custom \" title='Respekt vor Vielfalt' rel='' href = \"https:\/\/www.ionisos.com\/de\/respekt-vor-vielfalt\/\" ><button type=\"button\" id=\"ubtn-8266\" class=\"ubtn ult-adjust-bottom-margin ult-responsive ubtn-custom ubtn-fade-bg  none  ubtn-center   tooltip-69d6ee0a827d8\"  data-hover=\"\" data-border-color=\"\" data-bg=\"#da5457\" data-hover-bg=\"#d82023\" data-border-hover=\"\" data-shadow-hover=\"\" data-shadow-click=\"none\" data-shadow=\"\" data-shd-shadow=\"\"  data-ultimate-target='#ubtn-8266'  data-responsive-json-new='{\"font-size\":\"\",\"line-height\":\"\"}'  style=\"font-weight:normal;width:500px;min-height:100px;padding:20px 50px;border:none;background: #da5457;color: #ffffff;\"><span class=\"ubtn-hover\" style=\"background-color:#d82023\"><\/span><span class=\"ubtn-data ubtn-text \" ><strong>Respekt vor der Vielfalt<\/strong><\/span><\/button><\/a><\/div>[\/vc_column][vc_column width=&#8221;1\/5&#8243;]<div class=\" ubtn-ctn-center \"><a class=\"ubtn-link ult-adjust-bottom-margin ubtn-center ubtn-custom \" title='Vorteile' rel='' href = \"https:\/\/www.ionisos.com\/de\/vorteile\/\" ><button type=\"button\" id=\"ubtn-3845\" class=\"ubtn ult-adjust-bottom-margin ult-responsive ubtn-custom ubtn-fade-bg  none  ubtn-center   tooltip-69d6ee0a827f3\"  data-hover=\"\" data-border-color=\"\" data-bg=\"#38b4d6\" data-hover-bg=\"#00a7d6\" data-border-hover=\"\" data-shadow-hover=\"\" data-shadow-click=\"none\" data-shadow=\"\" data-shd-shadow=\"\"  data-ultimate-target='#ubtn-3845'  data-responsive-json-new='{\"font-size\":\"\",\"line-height\":\"\"}'  style=\"font-weight:normal;width:500px;min-height:100px;padding:20px 50px;border:none;background: #38b4d6;color: #ffffff;\"><span class=\"ubtn-hover\" style=\"background-color:#00a7d6\"><\/span><span class=\"ubtn-data ubtn-text \" ><strong>Vorteile<\/strong><\/span><\/button><\/a><\/div>[\/vc_column][\/vc_row][vc_row text_align=&#8221;center&#8221;][vc_column width=&#8221;1\/1&#8243;]<div class=\"spacer\" style=\"height: 60px;\"><\/div><a href=\"https:\/\/www.hellowork.com\/fr-fr\/entreprises\/ionisos-95285.html\" target=\"_self\" class=\"button color-1 large \" style=\"border-radius: 2px;\">Alle Angebote anzeigen<\/a><div class=\"spacer\" style=\"height: 100px;\"><\/div>[\/vc_column][\/vc_row]<\/p>\n","protected":false},"excerpt":{"rendered":"<p>[vc_row bg_image=&#8221;22339&#8243; bg_repeat=&#8221;no-repeat&#8221; text_color=&#8221;light&#8221; text_align=&#8221;center&#8221; top_padding=&#8221;100&#8243; bottom_padding=&#8221;100&#8243;][vc_column width=&#8221;1\/1&#8243;][\/vc_column][\/vc_row][vc_row][vc_column width=&#8221;1\/1&#8243;][\/vc_column][\/vc_row][vc_row][vc_column width=&#8221;1\/1&#8243;][vc_column_text]Die Ionisos-Gruppe heute besteht aus mehr als 300 Mitarbeitern in 5 L\u00e4ndern, einer Gemeinschaft, die reich an Vielfalt in Fachwissen, Erfahrungen und Profilen ist. Um die kollektive Dynamik zu f\u00f6rdern, die unseren Erfolg ausmacht, setzt unsere Personalpolitik auf die Entwicklung von fachlichen und F\u00fchrungsf\u00e4higkeiten sowie auf die Festigung einer gemeinsamen Kultur. Der Beitritt zur Ionisos-Gruppe bedeutet, die Karriere an der Seite eines f\u00fcrsorglichen, effizienten, engagierten Arbeitgebers zu gestalten, der das Wohlbefinden seiner Mitarbeiter f\u00f6rdert. Es sind \u00fcbrigens die Mitarbeiter selbst, die am besten dar\u00fcber sprechen:[\/vc_column_text][\/vc_column][\/vc_row][vc_row][vc_column width=&#8221;1\/3&#8243;][\/vc_column][vc_column width=&#8221;1\/3&#8243;][\/vc_column][vc_column width=&#8221;1\/3&#8243;][\/vc_column][\/vc_row][vc_row][vc_column width=&#8221;1\/1&#8243;][vc_column_text]Klicken Sie auf die verschiedenen Rubriken, um alles zu entdecken, was Ionisos zu einem Referenzarbeitgeber macht![\/vc_column_text][\/vc_column][\/vc_row][vc_row][vc_column width=&#8221;1\/5&#8243;][\/vc_column][vc_column width=&#8221;1\/5&#8243;][\/vc_column][vc_column width=&#8221;1\/5&#8243;][\/vc_column][vc_column width=&#8221;1\/5&#8243;][\/vc_column][vc_column width=&#8221;1\/5&#8243;][\/vc_column][\/vc_row][vc_row text_align=&#8221;center&#8221;][vc_column width=&#8221;1\/1&#8243;][\/vc_column][\/vc_row]<\/p>\n","protected":false},"author":1,"featured_media":0,"parent":0,"menu_order":0,"comment_status":"closed","ping_status":"closed","template":"","meta":{"inline_featured_image":false,"footnotes":""},"class_list":["post-21951","page","type-page","status-publish","hentry"],"yoast_head":"<!-- This site is optimized with the Yoast SEO plugin v26.3 - https:\/\/yoast.com\/wordpress\/plugins\/seo\/ -->\n<title>Warum uns beitreten - Ionisos<\/title>\n<meta name=\"description\" content=\"IONISOS ist ein Spezialist f\u00fcr Gamma-Sterilisation, Ebeam, R\u00f6ntgenstrahlung und Ethylenoxid-Sterilisation mit 12 Behandlungsstandorten in Frankreich und Europa. Entdecken Sie unser gesamtes Serviceangebot und unsere Vorteile.\" \/>\n<meta name=\"robots\" content=\"index, follow, max-snippet:-1, max-image-preview:large, max-video-preview:-1\" \/>\n<link rel=\"canonical\" href=\"https:\/\/www.ionisos.com\/de\/warum-uns-beitreten\/\" \/>\n<meta property=\"og:locale\" content=\"de_DE\" \/>\n<meta property=\"og:type\" content=\"article\" \/>\n<meta property=\"og:title\" content=\"Warum uns beitreten - Ionisos\" \/>\n<meta property=\"og:description\" content=\"IONISOS ist ein Spezialist f\u00fcr Gamma-Sterilisation, Ebeam, R\u00f6ntgenstrahlung und Ethylenoxid-Sterilisation mit 12 Behandlungsstandorten in Frankreich und Europa. Entdecken Sie unser gesamtes Serviceangebot und unsere Vorteile.\" \/>\n<meta property=\"og:url\" content=\"https:\/\/www.ionisos.com\/de\/warum-uns-beitreten\/\" \/>\n<meta property=\"og:site_name\" content=\"Ionisos\" \/>\n<meta property=\"article:modified_time\" content=\"2025-04-23T08:22:20+00:00\" \/>\n<meta name=\"twitter:card\" content=\"summary_large_image\" \/>\n<meta name=\"twitter:label1\" content=\"Gesch\u00e4tzte Lesezeit\" \/>\n\t<meta name=\"twitter:data1\" content=\"2\u00a0Minuten\" \/>\n<script type=\"application\/ld+json\" class=\"yoast-schema-graph\">{\"@context\":\"https:\/\/schema.org\",\"@graph\":[{\"@type\":\"WebPage\",\"@id\":\"https:\/\/www.ionisos.com\/de\/warum-uns-beitreten\/\",\"url\":\"https:\/\/www.ionisos.com\/de\/warum-uns-beitreten\/\",\"name\":\"Warum uns beitreten - Ionisos\",\"isPartOf\":{\"@id\":\"https:\/\/www.ionisos.com\/#website\"},\"datePublished\":\"2025-02-27T11:15:18+00:00\",\"dateModified\":\"2025-04-23T08:22:20+00:00\",\"description\":\"IONISOS ist ein Spezialist f\u00fcr Gamma-Sterilisation, Ebeam, R\u00f6ntgenstrahlung und Ethylenoxid-Sterilisation mit 12 Behandlungsstandorten in Frankreich und Europa. Entdecken Sie unser gesamtes Serviceangebot und unsere Vorteile.\",\"breadcrumb\":{\"@id\":\"https:\/\/www.ionisos.com\/de\/warum-uns-beitreten\/#breadcrumb\"},\"inLanguage\":\"de\",\"potentialAction\":[{\"@type\":\"ReadAction\",\"target\":[\"https:\/\/www.ionisos.com\/de\/warum-uns-beitreten\/\"]}]},{\"@type\":\"BreadcrumbList\",\"@id\":\"https:\/\/www.ionisos.com\/de\/warum-uns-beitreten\/#breadcrumb\",\"itemListElement\":[{\"@type\":\"ListItem\",\"position\":1,\"name\":\"Accueil\",\"item\":\"https:\/\/www.ionisos.com\/de\/\"},{\"@type\":\"ListItem\",\"position\":2,\"name\":\"Warum uns beitreten\"}]},{\"@type\":\"WebSite\",\"@id\":\"https:\/\/www.ionisos.com\/#website\",\"url\":\"https:\/\/www.ionisos.com\/\",\"name\":\"Ionisos\",\"description\":\"Ionisation par \u00e9lectrons acc\u00e9l\u00e9r\u00e9s, rayons gamma, rayons X et oxyde d&#039;\u00e9thyl\u00e8ne\",\"potentialAction\":[{\"@type\":\"SearchAction\",\"target\":{\"@type\":\"EntryPoint\",\"urlTemplate\":\"https:\/\/www.ionisos.com\/?s={search_term_string}\"},\"query-input\":{\"@type\":\"PropertyValueSpecification\",\"valueRequired\":true,\"valueName\":\"search_term_string\"}}],\"inLanguage\":\"de\"}]}<\/script>\n<!-- \/ Yoast SEO plugin. -->","yoast_head_json":{"title":"Warum uns beitreten - Ionisos","description":"IONISOS ist ein Spezialist f\u00fcr Gamma-Sterilisation, Ebeam, R\u00f6ntgenstrahlung und Ethylenoxid-Sterilisation mit 12 Behandlungsstandorten in Frankreich und Europa. Entdecken Sie unser gesamtes Serviceangebot und unsere Vorteile.","robots":{"index":"index","follow":"follow","max-snippet":"max-snippet:-1","max-image-preview":"max-image-preview:large","max-video-preview":"max-video-preview:-1"},"canonical":"https:\/\/www.ionisos.com\/de\/warum-uns-beitreten\/","og_locale":"de_DE","og_type":"article","og_title":"Warum uns beitreten - Ionisos","og_description":"IONISOS ist ein Spezialist f\u00fcr Gamma-Sterilisation, Ebeam, R\u00f6ntgenstrahlung und Ethylenoxid-Sterilisation mit 12 Behandlungsstandorten in Frankreich und Europa. Entdecken Sie unser gesamtes Serviceangebot und unsere Vorteile.","og_url":"https:\/\/www.ionisos.com\/de\/warum-uns-beitreten\/","og_site_name":"Ionisos","article_modified_time":"2025-04-23T08:22:20+00:00","twitter_card":"summary_large_image","twitter_misc":{"Gesch\u00e4tzte Lesezeit":"2\u00a0Minuten"},"schema":{"@context":"https:\/\/schema.org","@graph":[{"@type":"WebPage","@id":"https:\/\/www.ionisos.com\/de\/warum-uns-beitreten\/","url":"https:\/\/www.ionisos.com\/de\/warum-uns-beitreten\/","name":"Warum uns beitreten - Ionisos","isPartOf":{"@id":"https:\/\/www.ionisos.com\/#website"},"datePublished":"2025-02-27T11:15:18+00:00","dateModified":"2025-04-23T08:22:20+00:00","description":"IONISOS ist ein Spezialist f\u00fcr Gamma-Sterilisation, Ebeam, R\u00f6ntgenstrahlung und Ethylenoxid-Sterilisation mit 12 Behandlungsstandorten in Frankreich und Europa. Entdecken Sie unser gesamtes Serviceangebot und unsere Vorteile.","breadcrumb":{"@id":"https:\/\/www.ionisos.com\/de\/warum-uns-beitreten\/#breadcrumb"},"inLanguage":"de","potentialAction":[{"@type":"ReadAction","target":["https:\/\/www.ionisos.com\/de\/warum-uns-beitreten\/"]}]},{"@type":"BreadcrumbList","@id":"https:\/\/www.ionisos.com\/de\/warum-uns-beitreten\/#breadcrumb","itemListElement":[{"@type":"ListItem","position":1,"name":"Accueil","item":"https:\/\/www.ionisos.com\/de\/"},{"@type":"ListItem","position":2,"name":"Warum uns beitreten"}]},{"@type":"WebSite","@id":"https:\/\/www.ionisos.com\/#website","url":"https:\/\/www.ionisos.com\/","name":"Ionisos","description":"Ionisation par \u00e9lectrons acc\u00e9l\u00e9r\u00e9s, rayons gamma, rayons X et oxyde d&#039;\u00e9thyl\u00e8ne","potentialAction":[{"@type":"SearchAction","target":{"@type":"EntryPoint","urlTemplate":"https:\/\/www.ionisos.com\/?s={search_term_string}"},"query-input":{"@type":"PropertyValueSpecification","valueRequired":true,"valueName":"search_term_string"}}],"inLanguage":"de"}]}},"_links":{"self":[{"href":"https:\/\/www.ionisos.com\/de\/wp-json\/wp\/v2\/pages\/21951","targetHints":{"allow":["GET"]}}],"collection":[{"href":"https:\/\/www.ionisos.com\/de\/wp-json\/wp\/v2\/pages"}],"about":[{"href":"https:\/\/www.ionisos.com\/de\/wp-json\/wp\/v2\/types\/page"}],"author":[{"embeddable":true,"href":"https:\/\/www.ionisos.com\/de\/wp-json\/wp\/v2\/users\/1"}],"replies":[{"embeddable":true,"href":"https:\/\/www.ionisos.com\/de\/wp-json\/wp\/v2\/comments?post=21951"}],"version-history":[{"count":10,"href":"https:\/\/www.ionisos.com\/de\/wp-json\/wp\/v2\/pages\/21951\/revisions"}],"predecessor-version":[{"id":26770,"href":"https:\/\/www.ionisos.com\/de\/wp-json\/wp\/v2\/pages\/21951\/revisions\/26770"}],"wp:attachment":[{"href":"https:\/\/www.ionisos.com\/de\/wp-json\/wp\/v2\/media?parent=21951"}],"curies":[{"name":"wp","href":"https:\/\/api.w.org\/{rel}","templated":true}]}}