 {"id":19162,"date":"2025-02-27T12:16:24","date_gmt":"2025-02-27T11:16:24","guid":{"rendered":"https:\/\/www.ionisos.com\/?page_id=19162"},"modified":"2025-10-17T11:28:48","modified_gmt":"2025-10-17T09:28:48","slug":"sustainability","status":"publish","type":"page","link":"https:\/\/www.ionisos.com\/de\/sustainability\/","title":{"rendered":"Sustainability"},"content":{"rendered":"<p>[vc_row bg_image=&#8221;24540&#8243; bg_repeat=&#8221;no-repeat&#8221; text_color=&#8221;light&#8221; text_align=&#8221;center&#8221; top_padding=&#8221;100&#8243; bottom_padding=&#8221;100&#8243;][vc_column width=&#8221;1\/1&#8243;]<h1 class=\"headline font-special fontsize-xxxl fontweight-inherit lh-inherit align-center transform-uppercase \" style=\"margin: 0 0 20px 0;\"><strong>Nachhaltige Entwicklung<\/strong><\/h1>[\/vc_column][\/vc_row][vc_row][vc_column width=&#8221;1\/1&#8243;]<div class=\"spacer\" style=\"height: 60px;\"><\/div>[vc_column_text]<\/p>\n<p style=\"text-align: left;\"><span style=\"font-family: Abel; font-size: 25px;\">Eine starke <strong>Nachhaltigkeitsstrategie<\/strong><\/span><\/p>\n<p>Ionisos ist ein f\u00fchrendes europ\u00e4isches Unternehmen im Bereich der Sterilisation von Medizinprodukten mit 12 Standorten in Europa. Dabei setzen wir modernste Technologien ein, darunter Gammastrahlen, Elektronenstrahlen, R\u00f6ntgenstrahlen und Ethylenoxid. Nachhaltigkeit ist fest in unserer Unternehmensstrategie verankert: Wir engagieren uns f\u00fcr den Schutz von Umwelt und Biodiversit\u00e4t und schaffen zugleich bestm\u00f6gliche Arbeitsbedingungen f\u00fcr unsere Mitarbeitenden. Dar\u00fcber hinaus arbeiten wir an der Vernetzung von Polymeren, um deren Eigenschaften zu verbessern \u2013 ein Beleg f\u00fcr unser kontinuierliches Engagement f\u00fcr Innovation und \u00f6kologische Verantwortung.[\/vc_column_text]<div class=\"spacer\" style=\"height: 40px;\"><\/div><div class=\"single_image wpb_content_element align-center    \" data-animation=\"none\" data-delay=\"0\"><img loading=\"lazy\" decoding=\"async\" width=\"300\" height=\"181\" src=\"https:\/\/www.ionisos.com\/wp-content\/uploads\/2025\/03\/SBTI-300x181.jpg\" class=\"attachment-medium\" alt=\"\" srcset=\"https:\/\/www.ionisos.com\/wp-content\/uploads\/2025\/03\/SBTI-300x181.jpg 300w, https:\/\/www.ionisos.com\/wp-content\/uploads\/2025\/03\/SBTI-1024x618.jpg 1024w, https:\/\/www.ionisos.com\/wp-content\/uploads\/2025\/03\/SBTI-768x464.jpg 768w, https:\/\/www.ionisos.com\/wp-content\/uploads\/2025\/03\/SBTI.jpg 1280w\" sizes=\"auto, (max-width: 300px) 100vw, 300px\" \/><\/div>[vc_column_text]<\/p>\n<p style=\"text-align: left;\"><span style=\"font-family: Abel; font-size: 25px;\">Ionisos ist der <strong>Science Based Targets Initiative<\/strong> (SBTi) beigetreten und verpflichtet sich, <strong>seine CO\u2082-Emissionen bis 2030 um 42 % zu senken<\/strong><\/span><\/p>\n<p data-start=\"438\" data-end=\"698\">Mit diesem Beitritt verpflichten wir uns, unsere Treibhausgasemissionen bis 2030 um 42 % gegen\u00fcber dem Referenzjahr 2021 zu reduzieren \u2013 im Einklang mit dem Pariser Klimaabkommen, das eine Begrenzung der globalen Erw\u00e4rmung auf 1,5 \u00b0C anstrebt.<\/p>\n<p data-start=\"700\" data-end=\"880\">Dieses Ziel ist Teil unseres umfassenden Engagements zur Verringerung unseres \u00f6kologischen Fu\u00dfabdrucks und zur Entwicklung nachhaltigerer L\u00f6sungen f\u00fcr unsere Kunden und Partner.<\/p>\n<p data-start=\"882\" data-end=\"1128\">Wir sind \u00fcberzeugt, dass die Industrie eine entscheidende Rolle im \u00dcbergang zu einer nachhaltigeren Zukunft spielt. Daher investieren wir kontinuierlich in innovative Technologien und Prozesse, um unsere Klimaziele zu erreichen.<\/p>\n<p>[\/vc_column_text]<div class=\"spacer\" style=\"height: 40px;\"><\/div>[\/vc_column][\/vc_row][vc_row bg_color=&#8221;#f3f3f3&#8243;][vc_column width=&#8221;1\/1&#8243;]<div class=\"spacer\" style=\"height: 40px;\"><\/div><h3 class=\"headline font-inherit fontsize-l fontweight-inherit lh-inherit align-left transform-inherit \" style=\"margin: 0 0 20px 0;\">Unsere Nachhaltigkeitspolitik ist in drei Hauptbereiche gegliedert.<\/h3><div class=\"spacer\" style=\"height: 40px;\"><\/div>[vc_row_inner][vc_column_inner width=&#8221;1\/3&#8243;]<div class=\"iconbox  wpb_content_element iconbox-style-2 icon-color-greyscale color-dark clearfix\"><div class=\"iconbox-icon\"><img src='https:\/\/www.ionisos.com\/wp-content\/uploads\/2024\/01\/partners.png' class='iconimg' alt='Governance' \/><\/div><div class=\"iconbox-content\"><h3>Governance<\/h3><p>Unsere Nachhaltigkeits-Governance definiert die Strategie von Ionisos, legt zentrale Leistungskennzahlen (KPIs) sowie Aktionspl\u00e4ne fest, \u00fcberwacht regelm\u00e4\u00dfig die Fortschritte und stellt eine kontinuierliche Verbesserung sicher.<\/p>\n<p>Im Jahr 2021 hat Ionisos ein multidisziplin\u00e4res Team ins Leben gerufen, das vollst\u00e4ndig in die Organisation integriert ist. Unter der Leitung einer Nachhaltigkeitsdirektorin, die direkt an den Vorstand berichtet, entwickelt dieses Team die Nachhaltigkeitsstrategie des Unternehmens.<\/p><\/div><\/div>[\/vc_column_inner][vc_column_inner width=&#8221;1\/3&#8243;]<div class=\"iconbox  wpb_content_element iconbox-style-2 icon-color-greyscale color-dark clearfix\"><div class=\"iconbox-icon\"><img src='https:\/\/www.ionisos.com\/wp-content\/uploads\/2024\/01\/quality.png' class='iconimg' alt='Soziales' \/><\/div><div class=\"iconbox-content\"><h3>Soziales<\/h3><p>Nachhaltigkeit bedeutet f\u00fcr uns nicht nur Umweltschutz oder langfristige Partnerschaften, sondern vor allem auch Verantwortung gegen\u00fcber den Menschen.<\/p>\n<p>Unsere Mitarbeitenden sind der Schl\u00fcssel zu unserem Erfolg: Sie erbringen die Leistungen f\u00fcr unsere Kunden und schaffen damit echten Mehrwert. Deshalb ist es eine zentrale Priorit\u00e4t f\u00fcr uns, ein Arbeitsumfeld zu schaffen, in dem sie ihren Beitrag leisten k\u00f6nnen, Wirkung entfalten, sich weiterentwickeln und sich wohlf\u00fchlen.<\/p><\/div><\/div>[\/vc_column_inner][vc_column_inner width=&#8221;1\/3&#8243;]<div class=\"iconbox  wpb_content_element iconbox-style-2 icon-color-greyscale color-dark clearfix\"><div class=\"iconbox-icon\"><img src='https:\/\/www.ionisos.com\/wp-content\/uploads\/2024\/01\/planet-earth.png' class='iconimg' alt='Umwelt' \/><\/div><div class=\"iconbox-content\"><h3>Umwelt<\/h3><p>Wir arbeiten kontinuierlich daran, die Umweltauswirkungen unserer Aktivit\u00e4ten zu verringern. Dazu geh\u00f6ren Ma\u00dfnahmen zur Verbesserung der Energieeffizienz unserer Standorte ebenso wie Anpassungen unserer t\u00e4glichen Abl\u00e4ufe. Wir betrachten unsere Prozesse ganzheitlich \u00fcber den gesamten Lebenszyklus hinweg und ergreifen gezielte Schritte, um unseren \u00f6kologischen Fu\u00dfabdruck nachhaltig zu reduzieren.<\/p><\/div><\/div>[\/vc_column_inner][\/vc_row_inner]<div class=\"spacer\" style=\"height: 40px;\"><\/div>[\/vc_column][\/vc_row][vc_row bg_color=&#8221;#0b2677&#8243; text_color=&#8221;light&#8221; text_align=&#8221;center&#8221; top_padding=&#8221;40&#8243; bottom_padding=&#8221;40&#8243;][vc_column width=&#8221;1\/2&#8243;]<div class=\"spacer\" style=\"height: 5px;\"><\/div>[vc_column_text]<\/p>\n<h3 style=\"text-align: left;\">Konsultieren Sie unseren neuesten Nachhaltigkeitsbericht<\/h3>\n<p>[\/vc_column_text][\/vc_column][vc_column width=&#8221;1\/4&#8243;]<a href=\"https:\/\/www.ionisos.com\/wp-content\/uploads\/2025\/10\/DE-Ionisos_2024_Sustainability_Report_250718_VF.pdf\" target=\"_blank\" class=\"button color-8 large \" style=\"border-radius: 2px;\">Nachhaltigkeitsbericht 2024 (Deutsch)<\/a>[\/vc_column][vc_column width=&#8221;1\/4&#8243;]<a href=\"https:\/\/www.ionisos.com\/wp-content\/uploads\/2025\/08\/Ionisos_2024_Sustainability_Report.pdf\" target=\"_blank\" class=\"button color-8 large \" style=\"border-radius: 2px;\">Nachhaltigkeitsbericht 2024 (Englisch)<\/a>[\/vc_column][\/vc_row][vc_row bg_color=&#8221;#0b2677&#8243; text_color=&#8221;light&#8221; text_align=&#8221;center&#8221; top_padding=&#8221;0&#8243; bottom_padding=&#8221;30&#8243;][vc_column width=&#8221;1\/2&#8243;]<a href=\"https:\/\/www.ionisos.com\/wp-content\/uploads\/2023\/11\/Sustainability-report-2022-1.pdf\" target=\"_blank\" class=\"button color-8 small \" style=\"border-radius: 2px;\">Nachhaltigkeitsbericht 2022<\/a>[\/vc_column][vc_column width=&#8221;1\/2&#8243;]<a href=\"https:\/\/www.ionisos.com\/wp-content\/uploads\/2025\/03\/Sustainability-report-2023.pdf\" target=\"_blank\" class=\"button color-8 small \" style=\"border-radius: 2px;\">Nachhaltigkeitsbericht 2023<\/a>[\/vc_column][\/vc_row]<\/p>\n","protected":false},"excerpt":{"rendered":"<p>[vc_row bg_image=&#8221;24540&#8243; bg_repeat=&#8221;no-repeat&#8221; text_color=&#8221;light&#8221; text_align=&#8221;center&#8221; top_padding=&#8221;100&#8243; bottom_padding=&#8221;100&#8243;][vc_column width=&#8221;1\/1&#8243;][\/vc_column][\/vc_row][vc_row][vc_column width=&#8221;1\/1&#8243;][vc_column_text] Eine starke Nachhaltigkeitsstrategie Ionisos ist ein f\u00fchrendes europ\u00e4isches Unternehmen im Bereich der Sterilisation von Medizinprodukten mit 12 Standorten in Europa. Dabei setzen wir modernste Technologien ein, darunter Gammastrahlen, Elektronenstrahlen, R\u00f6ntgenstrahlen und Ethylenoxid. Nachhaltigkeit ist fest in unserer Unternehmensstrategie verankert: Wir engagieren uns f\u00fcr den Schutz von Umwelt und Biodiversit\u00e4t und schaffen zugleich bestm\u00f6gliche Arbeitsbedingungen f\u00fcr unsere Mitarbeitenden. Dar\u00fcber hinaus arbeiten wir an der Vernetzung von Polymeren, um deren Eigenschaften zu verbessern \u2013 ein Beleg f\u00fcr unser kontinuierliches Engagement f\u00fcr Innovation und \u00f6kologische Verantwortung.[\/vc_column_text][vc_column_text] Ionisos ist der Science Based Targets Initiative (SBTi) beigetreten und verpflichtet sich, seine CO\u2082-Emissionen bis 2030 um 42 % zu senken Mit diesem Beitritt verpflichten wir uns, unsere Treibhausgasemissionen bis 2030 um 42 % gegen\u00fcber dem Referenzjahr 2021 zu reduzieren \u2013 im Einklang mit dem Pariser Klimaabkommen, das eine Begrenzung der globalen Erw\u00e4rmung auf 1,5 \u00b0C anstrebt. Dieses Ziel ist Teil unseres umfassenden Engagements zur Verringerung unseres \u00f6kologischen Fu\u00dfabdrucks und zur Entwicklung nachhaltigerer L\u00f6sungen f\u00fcr unsere Kunden und Partner. Wir sind \u00fcberzeugt, dass die Industrie eine entscheidende Rolle im \u00dcbergang zu einer nachhaltigeren Zukunft spielt. Daher investieren wir kontinuierlich in innovative Technologien und Prozesse, um unsere Klimaziele zu [&hellip;]<\/p>\n","protected":false},"author":1,"featured_media":0,"parent":0,"menu_order":0,"comment_status":"closed","ping_status":"open","template":"","meta":{"inline_featured_image":false,"footnotes":""},"class_list":["post-19162","page","type-page","status-publish","hentry"],"yoast_head":"<!-- This site is optimized with the Yoast SEO plugin v26.3 - https:\/\/yoast.com\/wordpress\/plugins\/seo\/ -->\n<title>IONISOS, unsere Verpflichtungen<\/title>\n<meta name=\"description\" content=\"IONISOS, unsere Verpflichtungen\" \/>\n<meta name=\"robots\" content=\"index, follow, max-snippet:-1, max-image-preview:large, max-video-preview:-1\" \/>\n<link rel=\"canonical\" href=\"https:\/\/www.ionisos.com\/de\/sustainability\/\" \/>\n<meta property=\"og:locale\" content=\"de_DE\" \/>\n<meta property=\"og:type\" content=\"article\" \/>\n<meta property=\"og:title\" content=\"IONISOS, unsere Verpflichtungen\" \/>\n<meta property=\"og:description\" content=\"IONISOS, unsere Verpflichtungen\" \/>\n<meta property=\"og:url\" content=\"https:\/\/www.ionisos.com\/de\/sustainability\/\" \/>\n<meta property=\"og:site_name\" content=\"Ionisos\" \/>\n<meta property=\"article:modified_time\" content=\"2025-10-17T09:28:48+00:00\" \/>\n<meta name=\"twitter:card\" content=\"summary_large_image\" \/>\n<meta name=\"twitter:label1\" content=\"Gesch\u00e4tzte Lesezeit\" \/>\n\t<meta name=\"twitter:data1\" content=\"4\u00a0Minuten\" \/>\n<script type=\"application\/ld+json\" class=\"yoast-schema-graph\">{\"@context\":\"https:\/\/schema.org\",\"@graph\":[{\"@type\":\"WebPage\",\"@id\":\"https:\/\/www.ionisos.com\/de\/sustainability\/\",\"url\":\"https:\/\/www.ionisos.com\/de\/sustainability\/\",\"name\":\"IONISOS, unsere Verpflichtungen\",\"isPartOf\":{\"@id\":\"https:\/\/www.ionisos.com\/#website\"},\"datePublished\":\"2025-02-27T11:16:24+00:00\",\"dateModified\":\"2025-10-17T09:28:48+00:00\",\"description\":\"IONISOS, unsere Verpflichtungen\",\"breadcrumb\":{\"@id\":\"https:\/\/www.ionisos.com\/de\/sustainability\/#breadcrumb\"},\"inLanguage\":\"de\",\"potentialAction\":[{\"@type\":\"ReadAction\",\"target\":[\"https:\/\/www.ionisos.com\/de\/sustainability\/\"]}]},{\"@type\":\"BreadcrumbList\",\"@id\":\"https:\/\/www.ionisos.com\/de\/sustainability\/#breadcrumb\",\"itemListElement\":[{\"@type\":\"ListItem\",\"position\":1,\"name\":\"Accueil\",\"item\":\"https:\/\/www.ionisos.com\/de\/\"},{\"@type\":\"ListItem\",\"position\":2,\"name\":\"Sustainability\"}]},{\"@type\":\"WebSite\",\"@id\":\"https:\/\/www.ionisos.com\/#website\",\"url\":\"https:\/\/www.ionisos.com\/\",\"name\":\"Ionisos\",\"description\":\"Ionisation par \u00e9lectrons acc\u00e9l\u00e9r\u00e9s, rayons gamma, rayons X et oxyde d&#039;\u00e9thyl\u00e8ne\",\"potentialAction\":[{\"@type\":\"SearchAction\",\"target\":{\"@type\":\"EntryPoint\",\"urlTemplate\":\"https:\/\/www.ionisos.com\/?s={search_term_string}\"},\"query-input\":{\"@type\":\"PropertyValueSpecification\",\"valueRequired\":true,\"valueName\":\"search_term_string\"}}],\"inLanguage\":\"de\"}]}<\/script>\n<!-- \/ Yoast SEO plugin. -->","yoast_head_json":{"title":"IONISOS, unsere Verpflichtungen","description":"IONISOS, unsere Verpflichtungen","robots":{"index":"index","follow":"follow","max-snippet":"max-snippet:-1","max-image-preview":"max-image-preview:large","max-video-preview":"max-video-preview:-1"},"canonical":"https:\/\/www.ionisos.com\/de\/sustainability\/","og_locale":"de_DE","og_type":"article","og_title":"IONISOS, unsere Verpflichtungen","og_description":"IONISOS, unsere Verpflichtungen","og_url":"https:\/\/www.ionisos.com\/de\/sustainability\/","og_site_name":"Ionisos","article_modified_time":"2025-10-17T09:28:48+00:00","twitter_card":"summary_large_image","twitter_misc":{"Gesch\u00e4tzte Lesezeit":"4\u00a0Minuten"},"schema":{"@context":"https:\/\/schema.org","@graph":[{"@type":"WebPage","@id":"https:\/\/www.ionisos.com\/de\/sustainability\/","url":"https:\/\/www.ionisos.com\/de\/sustainability\/","name":"IONISOS, unsere Verpflichtungen","isPartOf":{"@id":"https:\/\/www.ionisos.com\/#website"},"datePublished":"2025-02-27T11:16:24+00:00","dateModified":"2025-10-17T09:28:48+00:00","description":"IONISOS, unsere Verpflichtungen","breadcrumb":{"@id":"https:\/\/www.ionisos.com\/de\/sustainability\/#breadcrumb"},"inLanguage":"de","potentialAction":[{"@type":"ReadAction","target":["https:\/\/www.ionisos.com\/de\/sustainability\/"]}]},{"@type":"BreadcrumbList","@id":"https:\/\/www.ionisos.com\/de\/sustainability\/#breadcrumb","itemListElement":[{"@type":"ListItem","position":1,"name":"Accueil","item":"https:\/\/www.ionisos.com\/de\/"},{"@type":"ListItem","position":2,"name":"Sustainability"}]},{"@type":"WebSite","@id":"https:\/\/www.ionisos.com\/#website","url":"https:\/\/www.ionisos.com\/","name":"Ionisos","description":"Ionisation par \u00e9lectrons acc\u00e9l\u00e9r\u00e9s, rayons gamma, rayons X et oxyde d&#039;\u00e9thyl\u00e8ne","potentialAction":[{"@type":"SearchAction","target":{"@type":"EntryPoint","urlTemplate":"https:\/\/www.ionisos.com\/?s={search_term_string}"},"query-input":{"@type":"PropertyValueSpecification","valueRequired":true,"valueName":"search_term_string"}}],"inLanguage":"de"}]}},"_links":{"self":[{"href":"https:\/\/www.ionisos.com\/de\/wp-json\/wp\/v2\/pages\/19162","targetHints":{"allow":["GET"]}}],"collection":[{"href":"https:\/\/www.ionisos.com\/de\/wp-json\/wp\/v2\/pages"}],"about":[{"href":"https:\/\/www.ionisos.com\/de\/wp-json\/wp\/v2\/types\/page"}],"author":[{"embeddable":true,"href":"https:\/\/www.ionisos.com\/de\/wp-json\/wp\/v2\/users\/1"}],"replies":[{"embeddable":true,"href":"https:\/\/www.ionisos.com\/de\/wp-json\/wp\/v2\/comments?post=19162"}],"version-history":[{"count":17,"href":"https:\/\/www.ionisos.com\/de\/wp-json\/wp\/v2\/pages\/19162\/revisions"}],"predecessor-version":[{"id":27481,"href":"https:\/\/www.ionisos.com\/de\/wp-json\/wp\/v2\/pages\/19162\/revisions\/27481"}],"wp:attachment":[{"href":"https:\/\/www.ionisos.com\/de\/wp-json\/wp\/v2\/media?parent=19162"}],"curies":[{"name":"wp","href":"https:\/\/api.w.org\/{rel}","templated":true}]}}