 {"id":18188,"date":"2019-12-16T15:20:50","date_gmt":"2019-12-16T14:20:50","guid":{"rendered":"https:\/\/www.ionisos.com\/a-venir-en-2020-journee-technique\/"},"modified":"2019-12-16T15:27:34","modified_gmt":"2019-12-16T14:27:34","slug":"a-venir-en-2020-journee-technique","status":"publish","type":"page","link":"https:\/\/www.ionisos.com\/de\/a-venir-en-2020-journee-technique\/","title":{"rendered":"Technical Day"},"content":{"rendered":"<p>[vc_row bg_image=&#8221;15874&#8243; bg_repeat=&#8221;no-repeat&#8221; text_color=&#8221;light&#8221; text_align=&#8221;center&#8221; top_padding=&#8221;100&#8243; bottom_padding=&#8221;100&#8243;][vc_column width=&#8221;1\/1&#8243;]<h1 class=\"headline font-special fontsize-xxxl fontweight-inherit lh-inherit align-center transform-uppercase \" style=\"margin: 0;\"><strong>TECHNICAL DAY<\/strong> : Wir sehen uns im Jahr 2020<\/h1>[\/vc_column][\/vc_row][vc_row][vc_column width=&#8221;1\/1&#8243;]<div class=\"spacer\" style=\"height: 60px;\"><\/div>[\/vc_column][\/vc_row][vc_row][vc_column width=&#8221;1\/2&#8243;][vc_column_text]<\/p>\n<h2 style=\"font-weight: 400;\"><strong>INDUSTRIAL APPLICATIONS OF <\/strong><strong>RADIATION PROCESSING OF <\/strong><strong>POLYMERS<\/strong><\/h2>\n<p>[\/vc_column_text][\/vc_column][\/vc_row][vc_row][vc_column width=&#8221;1\/1&#8243;]<div class=\"spacer\" style=\"height: 60px;\"><\/div>[\/vc_column][\/vc_row][vc_row bg_color=&#8221;#0b2677&#8243; text_color=&#8221;light&#8221; top_padding=&#8221;40&#8243; bottom_padding=&#8221;40&#8243;][vc_column width=&#8221;1\/1&#8243;][vc_column_text]<\/p>\n<p style=\"font-weight: 400;\">WORKSHOP ORGANIZED BY IONISOS with the participation of EUROSTAR Engineering Plastics<\/p>\n<ul>\n<li style=\"font-weight: 400;\"><strong>Crosslinking : polyolefins, polyamides &#8230;\u00a0<\/strong><strong>Composites<\/strong><\/li>\n<li><strong>Grafting<\/strong><\/li>\n<li><strong>Application fields<\/strong> :\u00a0Automotive, Electric, Industry, Composites, Pipes, Cables, Natural Fibers, Textiles<\/li>\n<\/ul>\n<h3>Location : LYON -SAINT EXUPERY AIRPORT (NH HOTEL) &#8211; FRANCE<\/h3>\n<p style=\"font-weight: 400;\"><strong>PARTICIPANTS :<\/strong>\u00a0plastic, textile and composites technicians and engineers, project managers, operational excellence managers, quality managers, looking for higher performances of polymer materials.<\/p>\n<p>[\/vc_column_text][\/vc_column][\/vc_row][vc_row][vc_column width=&#8221;1\/1&#8243;][vc_column_text][\/vc_column_text][\/vc_column][\/vc_row][vc_row][vc_column width=&#8221;1\/1&#8243;]<div class=\"spacer\" style=\"height: 60px;\"><\/div>[\/vc_column][\/vc_row]<\/p>\n","protected":false},"excerpt":{"rendered":"<p>[vc_row bg_image=&#8221;15874&#8243; bg_repeat=&#8221;no-repeat&#8221; text_color=&#8221;light&#8221; text_align=&#8221;center&#8221; top_padding=&#8221;100&#8243; bottom_padding=&#8221;100&#8243;][vc_column width=&#8221;1\/1&#8243;][\/vc_column][\/vc_row][vc_row][vc_column width=&#8221;1\/1&#8243;][\/vc_column][\/vc_row][vc_row][vc_column width=&#8221;1\/2&#8243;][vc_column_text] INDUSTRIAL APPLICATIONS OF RADIATION PROCESSING OF POLYMERS [\/vc_column_text][\/vc_column][\/vc_row][vc_row][vc_column width=&#8221;1\/1&#8243;][\/vc_column][\/vc_row][vc_row bg_color=&#8221;#0b2677&#8243; text_color=&#8221;light&#8221; top_padding=&#8221;40&#8243; bottom_padding=&#8221;40&#8243;][vc_column width=&#8221;1\/1&#8243;][vc_column_text] WORKSHOP ORGANIZED BY IONISOS with the participation of EUROSTAR Engineering Plastics Crosslinking : polyolefins, polyamides &#8230;\u00a0Composites Grafting Application fields :\u00a0Automotive, Electric, Industry, Composites, Pipes, Cables, Natural Fibers, Textiles Location : LYON -SAINT EXUPERY AIRPORT (NH HOTEL) &#8211; FRANCE PARTICIPANTS :\u00a0plastic, textile and composites technicians and engineers, project managers, operational excellence managers, quality managers, looking for higher performances of polymer materials. [\/vc_column_text][\/vc_column][\/vc_row][vc_row][vc_column width=&#8221;1\/1&#8243;][vc_column_text][\/vc_column_text][\/vc_column][\/vc_row][vc_row][vc_column width=&#8221;1\/1&#8243;][\/vc_column][\/vc_row]<\/p>\n","protected":false},"author":1,"featured_media":0,"parent":0,"menu_order":0,"comment_status":"closed","ping_status":"closed","template":"","meta":{"inline_featured_image":false,"footnotes":""},"class_list":["post-18188","page","type-page","status-publish","hentry"],"yoast_head":"<!-- This site is optimized with the Yoast SEO plugin v26.3 - https:\/\/yoast.com\/wordpress\/plugins\/seo\/ -->\n<title>Technical Day - Ionisos<\/title>\n<meta name=\"robots\" content=\"index, follow, max-snippet:-1, max-image-preview:large, max-video-preview:-1\" \/>\n<link rel=\"canonical\" href=\"https:\/\/www.ionisos.com\/de\/a-venir-en-2020-journee-technique\/\" \/>\n<meta property=\"og:locale\" content=\"de_DE\" \/>\n<meta property=\"og:type\" content=\"article\" \/>\n<meta property=\"og:title\" content=\"Technical Day - Ionisos\" \/>\n<meta property=\"og:description\" content=\"[vc_row bg_image=&#8221;15874&#8243; bg_repeat=&#8221;no-repeat&#8221; text_color=&#8221;light&#8221; text_align=&#8221;center&#8221; top_padding=&#8221;100&#8243; bottom_padding=&#8221;100&#8243;][vc_column width=&#8221;1\/1&#8243;][\/vc_column][\/vc_row][vc_row][vc_column width=&#8221;1\/1&#8243;][\/vc_column][\/vc_row][vc_row][vc_column width=&#8221;1\/2&#8243;][vc_column_text] INDUSTRIAL APPLICATIONS OF RADIATION PROCESSING OF POLYMERS [\/vc_column_text][\/vc_column][\/vc_row][vc_row][vc_column width=&#8221;1\/1&#8243;][\/vc_column][\/vc_row][vc_row bg_color=&#8221;#0b2677&#8243; text_color=&#8221;light&#8221; top_padding=&#8221;40&#8243; bottom_padding=&#8221;40&#8243;][vc_column width=&#8221;1\/1&#8243;][vc_column_text] WORKSHOP ORGANIZED BY IONISOS with the participation of EUROSTAR Engineering Plastics Crosslinking : polyolefins, polyamides &#8230;\u00a0Composites Grafting Application fields :\u00a0Automotive, Electric, Industry, Composites, Pipes, Cables, Natural Fibers, Textiles Location : LYON -SAINT EXUPERY AIRPORT (NH HOTEL) &#8211; FRANCE PARTICIPANTS :\u00a0plastic, textile and composites technicians and engineers, project managers, operational excellence managers, quality managers, looking for higher performances of polymer materials. [\/vc_column_text][\/vc_column][\/vc_row][vc_row][vc_column width=&#8221;1\/1&#8243;][vc_column_text][\/vc_column_text][\/vc_column][\/vc_row][vc_row][vc_column width=&#8221;1\/1&#8243;][\/vc_column][\/vc_row]\" \/>\n<meta property=\"og:url\" content=\"https:\/\/www.ionisos.com\/de\/a-venir-en-2020-journee-technique\/\" \/>\n<meta property=\"og:site_name\" content=\"Ionisos\" \/>\n<meta property=\"article:modified_time\" content=\"2019-12-16T14:27:34+00:00\" \/>\n<meta name=\"twitter:card\" content=\"summary_large_image\" \/>\n<meta name=\"twitter:label1\" content=\"Gesch\u00e4tzte Lesezeit\" \/>\n\t<meta name=\"twitter:data1\" content=\"1\u00a0Minute\" \/>\n<script type=\"application\/ld+json\" class=\"yoast-schema-graph\">{\"@context\":\"https:\/\/schema.org\",\"@graph\":[{\"@type\":\"WebPage\",\"@id\":\"https:\/\/www.ionisos.com\/de\/a-venir-en-2020-journee-technique\/\",\"url\":\"https:\/\/www.ionisos.com\/de\/a-venir-en-2020-journee-technique\/\",\"name\":\"Technical Day - Ionisos\",\"isPartOf\":{\"@id\":\"https:\/\/www.ionisos.com\/#website\"},\"datePublished\":\"2019-12-16T14:20:50+00:00\",\"dateModified\":\"2019-12-16T14:27:34+00:00\",\"breadcrumb\":{\"@id\":\"https:\/\/www.ionisos.com\/de\/a-venir-en-2020-journee-technique\/#breadcrumb\"},\"inLanguage\":\"de\",\"potentialAction\":[{\"@type\":\"ReadAction\",\"target\":[\"https:\/\/www.ionisos.com\/de\/a-venir-en-2020-journee-technique\/\"]}]},{\"@type\":\"BreadcrumbList\",\"@id\":\"https:\/\/www.ionisos.com\/de\/a-venir-en-2020-journee-technique\/#breadcrumb\",\"itemListElement\":[{\"@type\":\"ListItem\",\"position\":1,\"name\":\"Accueil\",\"item\":\"https:\/\/www.ionisos.com\/de\/\"},{\"@type\":\"ListItem\",\"position\":2,\"name\":\"Technical Day\"}]},{\"@type\":\"WebSite\",\"@id\":\"https:\/\/www.ionisos.com\/#website\",\"url\":\"https:\/\/www.ionisos.com\/\",\"name\":\"Ionisos\",\"description\":\"Ionisation par \u00e9lectrons acc\u00e9l\u00e9r\u00e9s, rayons gamma, rayons X et oxyde d&#039;\u00e9thyl\u00e8ne\",\"potentialAction\":[{\"@type\":\"SearchAction\",\"target\":{\"@type\":\"EntryPoint\",\"urlTemplate\":\"https:\/\/www.ionisos.com\/?s={search_term_string}\"},\"query-input\":{\"@type\":\"PropertyValueSpecification\",\"valueRequired\":true,\"valueName\":\"search_term_string\"}}],\"inLanguage\":\"de\"}]}<\/script>\n<!-- \/ Yoast SEO plugin. -->","yoast_head_json":{"title":"Technical Day - Ionisos","robots":{"index":"index","follow":"follow","max-snippet":"max-snippet:-1","max-image-preview":"max-image-preview:large","max-video-preview":"max-video-preview:-1"},"canonical":"https:\/\/www.ionisos.com\/de\/a-venir-en-2020-journee-technique\/","og_locale":"de_DE","og_type":"article","og_title":"Technical Day - Ionisos","og_description":"[vc_row bg_image=&#8221;15874&#8243; bg_repeat=&#8221;no-repeat&#8221; text_color=&#8221;light&#8221; text_align=&#8221;center&#8221; top_padding=&#8221;100&#8243; bottom_padding=&#8221;100&#8243;][vc_column width=&#8221;1\/1&#8243;][\/vc_column][\/vc_row][vc_row][vc_column width=&#8221;1\/1&#8243;][\/vc_column][\/vc_row][vc_row][vc_column width=&#8221;1\/2&#8243;][vc_column_text] INDUSTRIAL APPLICATIONS OF RADIATION PROCESSING OF POLYMERS [\/vc_column_text][\/vc_column][\/vc_row][vc_row][vc_column width=&#8221;1\/1&#8243;][\/vc_column][\/vc_row][vc_row bg_color=&#8221;#0b2677&#8243; text_color=&#8221;light&#8221; top_padding=&#8221;40&#8243; bottom_padding=&#8221;40&#8243;][vc_column width=&#8221;1\/1&#8243;][vc_column_text] WORKSHOP ORGANIZED BY IONISOS with the participation of EUROSTAR Engineering Plastics Crosslinking : polyolefins, polyamides &#8230;\u00a0Composites Grafting Application fields :\u00a0Automotive, Electric, Industry, Composites, Pipes, Cables, Natural Fibers, Textiles Location : LYON -SAINT EXUPERY AIRPORT (NH HOTEL) &#8211; FRANCE PARTICIPANTS :\u00a0plastic, textile and composites technicians and engineers, project managers, operational excellence managers, quality managers, looking for higher performances of polymer materials. [\/vc_column_text][\/vc_column][\/vc_row][vc_row][vc_column width=&#8221;1\/1&#8243;][vc_column_text][\/vc_column_text][\/vc_column][\/vc_row][vc_row][vc_column width=&#8221;1\/1&#8243;][\/vc_column][\/vc_row]","og_url":"https:\/\/www.ionisos.com\/de\/a-venir-en-2020-journee-technique\/","og_site_name":"Ionisos","article_modified_time":"2019-12-16T14:27:34+00:00","twitter_card":"summary_large_image","twitter_misc":{"Gesch\u00e4tzte Lesezeit":"1\u00a0Minute"},"schema":{"@context":"https:\/\/schema.org","@graph":[{"@type":"WebPage","@id":"https:\/\/www.ionisos.com\/de\/a-venir-en-2020-journee-technique\/","url":"https:\/\/www.ionisos.com\/de\/a-venir-en-2020-journee-technique\/","name":"Technical Day - Ionisos","isPartOf":{"@id":"https:\/\/www.ionisos.com\/#website"},"datePublished":"2019-12-16T14:20:50+00:00","dateModified":"2019-12-16T14:27:34+00:00","breadcrumb":{"@id":"https:\/\/www.ionisos.com\/de\/a-venir-en-2020-journee-technique\/#breadcrumb"},"inLanguage":"de","potentialAction":[{"@type":"ReadAction","target":["https:\/\/www.ionisos.com\/de\/a-venir-en-2020-journee-technique\/"]}]},{"@type":"BreadcrumbList","@id":"https:\/\/www.ionisos.com\/de\/a-venir-en-2020-journee-technique\/#breadcrumb","itemListElement":[{"@type":"ListItem","position":1,"name":"Accueil","item":"https:\/\/www.ionisos.com\/de\/"},{"@type":"ListItem","position":2,"name":"Technical Day"}]},{"@type":"WebSite","@id":"https:\/\/www.ionisos.com\/#website","url":"https:\/\/www.ionisos.com\/","name":"Ionisos","description":"Ionisation par \u00e9lectrons acc\u00e9l\u00e9r\u00e9s, rayons gamma, rayons X et oxyde d&#039;\u00e9thyl\u00e8ne","potentialAction":[{"@type":"SearchAction","target":{"@type":"EntryPoint","urlTemplate":"https:\/\/www.ionisos.com\/?s={search_term_string}"},"query-input":{"@type":"PropertyValueSpecification","valueRequired":true,"valueName":"search_term_string"}}],"inLanguage":"de"}]}},"_links":{"self":[{"href":"https:\/\/www.ionisos.com\/de\/wp-json\/wp\/v2\/pages\/18188","targetHints":{"allow":["GET"]}}],"collection":[{"href":"https:\/\/www.ionisos.com\/de\/wp-json\/wp\/v2\/pages"}],"about":[{"href":"https:\/\/www.ionisos.com\/de\/wp-json\/wp\/v2\/types\/page"}],"author":[{"embeddable":true,"href":"https:\/\/www.ionisos.com\/de\/wp-json\/wp\/v2\/users\/1"}],"replies":[{"embeddable":true,"href":"https:\/\/www.ionisos.com\/de\/wp-json\/wp\/v2\/comments?post=18188"}],"version-history":[{"count":3,"href":"https:\/\/www.ionisos.com\/de\/wp-json\/wp\/v2\/pages\/18188\/revisions"}],"predecessor-version":[{"id":18192,"href":"https:\/\/www.ionisos.com\/de\/wp-json\/wp\/v2\/pages\/18188\/revisions\/18192"}],"wp:attachment":[{"href":"https:\/\/www.ionisos.com\/de\/wp-json\/wp\/v2\/media?parent=18188"}],"curies":[{"name":"wp","href":"https:\/\/api.w.org\/{rel}","templated":true}]}}