 {"id":17257,"date":"2017-11-20T16:50:41","date_gmt":"2017-11-20T15:50:41","guid":{"rendered":"https:\/\/www.ionisos.com\/?page_id=17257"},"modified":"2019-02-11T13:19:13","modified_gmt":"2019-02-11T12:19:13","slug":"materialkompatibilitae","status":"publish","type":"page","link":"https:\/\/www.ionisos.com\/de\/das-unternehmen\/forschung-und-entwicklung\/materialkompatibilitae\/","title":{"rendered":"Materialkompatibilit\u00e4"},"content":{"rendered":"<p>[vc_row bg_image=&#8221;16931&#8243; bg_repeat=&#8221;no-repeat&#8221; text_color=&#8221;light&#8221; text_align=&#8221;center&#8221; top_padding=&#8221;100&#8243; bottom_padding=&#8221;100&#8243;][vc_column width=&#8221;1\/1&#8243;]<h1 class=\"headline font-special fontsize-xxxl fontweight-inherit lh-inherit align-center transform-uppercase \" style=\"margin: 0;\"><strong>Materialkompatibilit\u00e4t<\/strong><\/h1>[\/vc_column][\/vc_row][vc_row][vc_column width=&#8221;1\/1&#8243;]<div class=\"spacer\" style=\"height: 40px;\"><\/div>[\/vc_column][\/vc_row][vc_row][vc_column width=&#8221;1\/1&#8243;]<div class=\"single_image wpb_content_element align-center    \" data-animation=\"none\" data-delay=\"0\"><img loading=\"lazy\" decoding=\"async\" width=\"1242\" height=\"733\" src=\"https:\/\/www.ionisos.com\/wp-content\/uploads\/2017\/11\/Capture-d\u2019e\u0301cran-2017-11-20-a\u0300-14.34.24.png\" class=\"attachment-full\" alt=\"\" srcset=\"https:\/\/www.ionisos.com\/wp-content\/uploads\/2017\/11\/Capture-d\u2019e\u0301cran-2017-11-20-a\u0300-14.34.24.png 1242w, https:\/\/www.ionisos.com\/wp-content\/uploads\/2017\/11\/Capture-d\u2019e\u0301cran-2017-11-20-a\u0300-14.34.24-300x177.png 300w, https:\/\/www.ionisos.com\/wp-content\/uploads\/2017\/11\/Capture-d\u2019e\u0301cran-2017-11-20-a\u0300-14.34.24-768x453.png 768w, https:\/\/www.ionisos.com\/wp-content\/uploads\/2017\/11\/Capture-d\u2019e\u0301cran-2017-11-20-a\u0300-14.34.24-1024x604.png 1024w\" sizes=\"auto, (max-width: 1242px) 100vw, 1242px\" \/><\/div>[\/vc_column][\/vc_row][vc_row][vc_column width=&#8221;1\/1&#8243;]<div class=\"spacer\" style=\"height: 40px;\"><\/div>[\/vc_column][\/vc_row][vc_row][vc_column width=&#8221;1\/1&#8243;][vc_tta_accordion][vc_tta_section title=&#8221;Metalle&#8221; tab_id=&#8221;1505383076365-0bed47fa-26fb&#8221;][vc_column_text]<\/p>\n<ul>\n<li><strong>Die Metalle<\/strong> werden durch die Strahlensterilisation nicht ver\u00e4ndert, weil die ganze Energie ohne Aktivierungsgefahr abgeleitet wird<br \/>\n(Ref.\u00a0:\u00a0&lt;em&gt;Manual on Radiation Sterilization of Medical and Biological Materials&lt;\/em&gt;, Technical Reports series n\u00b0149, p.182, IAEA, Vienna, 1973)<br \/>\n<a href=\"http:\/\/www.iaea.org\/inis\/collection\/NCLCollectionStore\/_Public\/05\/105\/5105679.pdf\">More information<\/a><\/li>\n<li><strong>Die Metalle<\/strong> adsorbieren kein Ethylenoxid (Ref.: Sterilisation of biomaterials and medical devices, bearbeitet von Sophie Lerouge und Anne Simmons, WP Woodhead Publishing, 2012).<\/li>\n<\/ul>\n<p>[\/vc_column_text][\/vc_tta_section][vc_tta_section title=&#8221;\u201cGl\u00e4ser\u201c&#8221; tab_id=&#8221;1505383059304-b1d05335-a5af&#8221;][vc_column_text]<\/p>\n<ul>\n<li>Die Gl\u00e4ser\u00a0 f\u00e4rben sich bei Bestrahlung, bereits bei geringer Dosierung (einige Kilograys).<\/li>\n<li>Glas ist ein Material, das sehr geringe Ethylenoxidmengen beibeh\u00e4lt (Ref.: Sterilisation of biomaterials and medical devices, bearbeitet von Sophie Lerouge und Anne Simmons, WP Woodhead Publishing, 2012).<\/li>\n<\/ul>\n<p>[\/vc_column_text]<div class=\"single_image wpb_content_element align-center    \" data-animation=\"none\" data-delay=\"0\"><img loading=\"lazy\" decoding=\"async\" width=\"1920\" height=\"1080\" src=\"https:\/\/www.ionisos.com\/wp-content\/uploads\/2017\/09\/verre-bruni-1.jpg\" class=\"attachment-full\" alt=\"\" srcset=\"https:\/\/www.ionisos.com\/wp-content\/uploads\/2017\/09\/verre-bruni-1.jpg 1920w, https:\/\/www.ionisos.com\/wp-content\/uploads\/2017\/09\/verre-bruni-1-300x169.jpg 300w, https:\/\/www.ionisos.com\/wp-content\/uploads\/2017\/09\/verre-bruni-1-768x432.jpg 768w, https:\/\/www.ionisos.com\/wp-content\/uploads\/2017\/09\/verre-bruni-1-1024x576.jpg 1024w, https:\/\/www.ionisos.com\/wp-content\/uploads\/2017\/09\/verre-bruni-1-1000x563.jpg 1000w, https:\/\/www.ionisos.com\/wp-content\/uploads\/2017\/09\/verre-bruni-1-200x113.jpg 200w\" sizes=\"auto, (max-width: 1920px) 100vw, 1920px\" \/><\/div>[\/vc_tta_section][vc_tta_section title=&#8221;Keramik&#8221; tab_id=&#8221;1505383150543-154daab4-6c83&#8243;][vc_column_text]Ethylenoxid:<\/p>\n<ul>\n<li>Absorptionsbedingte Kompatibilit\u00e4t (Ber\u00fccksichtigung des Porosit\u00e4tsgrads)<\/li>\n<li>An die Prozessbedingungen gebundene Kompatibilit\u00e4t<\/li>\n<\/ul>\n<p>[\/vc_column_text][\/vc_tta_section][vc_tta_section title=&#8221;Polymere*&#8221; tab_id=&#8221;1505383059323-bc266715-ea46&#8243;]<div class=\"single_image wpb_content_element align-left    \" data-animation=\"none\" data-delay=\"0\"><img loading=\"lazy\" decoding=\"async\" width=\"1377\" height=\"959\" src=\"https:\/\/www.ionisos.com\/wp-content\/uploads\/2017\/09\/Sans-titre.png\" class=\"attachment-full\" alt=\"\" srcset=\"https:\/\/www.ionisos.com\/wp-content\/uploads\/2017\/09\/Sans-titre.png 1377w, https:\/\/www.ionisos.com\/wp-content\/uploads\/2017\/09\/Sans-titre-300x209.png 300w, https:\/\/www.ionisos.com\/wp-content\/uploads\/2017\/09\/Sans-titre-768x535.png 768w, https:\/\/www.ionisos.com\/wp-content\/uploads\/2017\/09\/Sans-titre-1024x713.png 1024w, https:\/\/www.ionisos.com\/wp-content\/uploads\/2017\/09\/Sans-titre-200x139.png 200w\" sizes=\"auto, (max-width: 1377px) 100vw, 1377px\" \/><\/div>[\/vc_tta_section][\/vc_tta_accordion][\/vc_column][\/vc_row][vc_row][vc_column width=&#8221;1\/1&#8243;]<div class=\"spacer\" style=\"height: 40px;\"><\/div>[vc_column_text]<strong>Bei der Strahlensterilisation wird dringend zu &lt;u&gt;Testl\u00e4ufen vorab&lt;\/u&gt; geraten, da das Material im Normalfall formuliert ist (Gefahr bei extrahierbaren und neu geformten Materialien).<\/strong><\/p>\n<p>Ionisos ist f\u00fcr die durchgef\u00fchrten Strahlungstests durch CIR anerkannt.\u00a0<a href=\"https:\/\/www.ionisos.com\/wp-content\/uploads\/2017\/09\/Agre\u0301ment-Ionisos-CIR-2015-2016-2017-1.pdf\">Research Tax Credit<\/a>[\/vc_column_text]<div class=\"spacer\" style=\"height: 40px;\"><\/div>[\/vc_column][\/vc_row]<\/p>\n","protected":false},"excerpt":{"rendered":"<p>[vc_row bg_image=&#8221;16931&#8243; bg_repeat=&#8221;no-repeat&#8221; text_color=&#8221;light&#8221; text_align=&#8221;center&#8221; top_padding=&#8221;100&#8243; bottom_padding=&#8221;100&#8243;][vc_column width=&#8221;1\/1&#8243;][\/vc_column][\/vc_row][vc_row][vc_column width=&#8221;1\/1&#8243;][\/vc_column][\/vc_row][vc_row][vc_column width=&#8221;1\/1&#8243;][\/vc_column][\/vc_row][vc_row][vc_column width=&#8221;1\/1&#8243;][\/vc_column][\/vc_row][vc_row][vc_column width=&#8221;1\/1&#8243;][vc_tta_accordion][vc_tta_section title=&#8221;Metalle&#8221; tab_id=&#8221;1505383076365-0bed47fa-26fb&#8221;][vc_column_text] Die Metalle werden durch die Strahlensterilisation nicht ver\u00e4ndert, weil die ganze Energie ohne Aktivierungsgefahr abgeleitet wird (Ref.\u00a0:\u00a0&lt;em&gt;Manual on Radiation Sterilization of Medical and Biological Materials&lt;\/em&gt;, Technical Reports series n\u00b0149, p.182, IAEA, Vienna, 1973) More information Die Metalle adsorbieren kein Ethylenoxid (Ref.: Sterilisation of biomaterials and medical devices, bearbeitet von Sophie Lerouge und Anne Simmons, WP Woodhead Publishing, 2012). [\/vc_column_text][\/vc_tta_section][vc_tta_section title=&#8221;\u201cGl\u00e4ser\u201c&#8221; tab_id=&#8221;1505383059304-b1d05335-a5af&#8221;][vc_column_text] Die Gl\u00e4ser\u00a0 f\u00e4rben sich bei Bestrahlung, bereits bei geringer Dosierung (einige Kilograys). Glas ist ein Material, das sehr geringe Ethylenoxidmengen beibeh\u00e4lt (Ref.: Sterilisation of biomaterials and medical devices, bearbeitet von Sophie Lerouge und Anne Simmons, WP Woodhead Publishing, 2012). [\/vc_column_text][\/vc_tta_section][vc_tta_section title=&#8221;Keramik&#8221; tab_id=&#8221;1505383150543-154daab4-6c83&#8243;][vc_column_text]Ethylenoxid: Absorptionsbedingte Kompatibilit\u00e4t (Ber\u00fccksichtigung des Porosit\u00e4tsgrads) An die Prozessbedingungen gebundene Kompatibilit\u00e4t [\/vc_column_text][\/vc_tta_section][vc_tta_section title=&#8221;Polymere*&#8221; tab_id=&#8221;1505383059323-bc266715-ea46&#8243;][\/vc_tta_section][\/vc_tta_accordion][\/vc_column][\/vc_row][vc_row][vc_column width=&#8221;1\/1&#8243;][vc_column_text]Bei der Strahlensterilisation wird dringend zu &lt;u&gt;Testl\u00e4ufen vorab&lt;\/u&gt; geraten, da das Material im Normalfall formuliert ist (Gefahr bei extrahierbaren und neu geformten Materialien). Ionisos ist f\u00fcr die durchgef\u00fchrten Strahlungstests durch CIR anerkannt.\u00a0Research Tax Credit[\/vc_column_text][\/vc_column][\/vc_row]<\/p>\n","protected":false},"author":1,"featured_media":0,"parent":16114,"menu_order":0,"comment_status":"closed","ping_status":"closed","template":"","meta":{"inline_featured_image":false,"footnotes":""},"class_list":["post-17257","page","type-page","status-publish","hentry"],"yoast_head":"<!-- This site is optimized with the Yoast SEO plugin v26.3 - https:\/\/yoast.com\/wordpress\/plugins\/seo\/ -->\n<title>Materialkompatibilit\u00e4 - Ionisos<\/title>\n<meta name=\"robots\" content=\"index, follow, max-snippet:-1, max-image-preview:large, max-video-preview:-1\" \/>\n<link rel=\"canonical\" href=\"https:\/\/www.ionisos.com\/de\/das-unternehmen\/forschung-und-entwicklung\/materialkompatibilitae\/\" \/>\n<meta property=\"og:locale\" content=\"de_DE\" \/>\n<meta property=\"og:type\" content=\"article\" \/>\n<meta property=\"og:title\" content=\"Materialkompatibilit\u00e4 - Ionisos\" \/>\n<meta property=\"og:description\" content=\"[vc_row bg_image=&#8221;16931&#8243; bg_repeat=&#8221;no-repeat&#8221; text_color=&#8221;light&#8221; text_align=&#8221;center&#8221; top_padding=&#8221;100&#8243; bottom_padding=&#8221;100&#8243;][vc_column width=&#8221;1\/1&#8243;][\/vc_column][\/vc_row][vc_row][vc_column width=&#8221;1\/1&#8243;][\/vc_column][\/vc_row][vc_row][vc_column width=&#8221;1\/1&#8243;][\/vc_column][\/vc_row][vc_row][vc_column width=&#8221;1\/1&#8243;][\/vc_column][\/vc_row][vc_row][vc_column width=&#8221;1\/1&#8243;][vc_tta_accordion][vc_tta_section title=&#8221;Metalle&#8221; tab_id=&#8221;1505383076365-0bed47fa-26fb&#8221;][vc_column_text] Die Metalle werden durch die Strahlensterilisation nicht ver\u00e4ndert, weil die ganze Energie ohne Aktivierungsgefahr abgeleitet wird (Ref.\u00a0:\u00a0&lt;em&gt;Manual on Radiation Sterilization of Medical and Biological Materials&lt;\/em&gt;, Technical Reports series n\u00b0149, p.182, IAEA, Vienna, 1973) More information Die Metalle adsorbieren kein Ethylenoxid (Ref.: Sterilisation of biomaterials and medical devices, bearbeitet von Sophie Lerouge und Anne Simmons, WP Woodhead Publishing, 2012). [\/vc_column_text][\/vc_tta_section][vc_tta_section title=&#8221;\u201cGl\u00e4ser\u201c&#8221; tab_id=&#8221;1505383059304-b1d05335-a5af&#8221;][vc_column_text] Die Gl\u00e4ser\u00a0 f\u00e4rben sich bei Bestrahlung, bereits bei geringer Dosierung (einige Kilograys). Glas ist ein Material, das sehr geringe Ethylenoxidmengen beibeh\u00e4lt (Ref.: Sterilisation of biomaterials and medical devices, bearbeitet von Sophie Lerouge und Anne Simmons, WP Woodhead Publishing, 2012). [\/vc_column_text][\/vc_tta_section][vc_tta_section title=&#8221;Keramik&#8221; tab_id=&#8221;1505383150543-154daab4-6c83&#8243;][vc_column_text]Ethylenoxid: Absorptionsbedingte Kompatibilit\u00e4t (Ber\u00fccksichtigung des Porosit\u00e4tsgrads) An die Prozessbedingungen gebundene Kompatibilit\u00e4t [\/vc_column_text][\/vc_tta_section][vc_tta_section title=&#8221;Polymere*&#8221; tab_id=&#8221;1505383059323-bc266715-ea46&#8243;][\/vc_tta_section][\/vc_tta_accordion][\/vc_column][\/vc_row][vc_row][vc_column width=&#8221;1\/1&#8243;][vc_column_text]Bei der Strahlensterilisation wird dringend zu &lt;u&gt;Testl\u00e4ufen vorab&lt;\/u&gt; geraten, da das Material im Normalfall formuliert ist (Gefahr bei extrahierbaren und neu geformten Materialien). Ionisos ist f\u00fcr die durchgef\u00fchrten Strahlungstests durch CIR anerkannt.\u00a0Research Tax Credit[\/vc_column_text][\/vc_column][\/vc_row]\" \/>\n<meta property=\"og:url\" content=\"https:\/\/www.ionisos.com\/de\/das-unternehmen\/forschung-und-entwicklung\/materialkompatibilitae\/\" \/>\n<meta property=\"og:site_name\" content=\"Ionisos\" \/>\n<meta property=\"article:modified_time\" content=\"2019-02-11T12:19:13+00:00\" \/>\n<meta name=\"twitter:card\" content=\"summary_large_image\" \/>\n<meta name=\"twitter:label1\" content=\"Gesch\u00e4tzte Lesezeit\" \/>\n\t<meta name=\"twitter:data1\" content=\"2\u00a0Minuten\" \/>\n<script type=\"application\/ld+json\" class=\"yoast-schema-graph\">{\"@context\":\"https:\/\/schema.org\",\"@graph\":[{\"@type\":\"WebPage\",\"@id\":\"https:\/\/www.ionisos.com\/de\/das-unternehmen\/forschung-und-entwicklung\/materialkompatibilitae\/\",\"url\":\"https:\/\/www.ionisos.com\/de\/das-unternehmen\/forschung-und-entwicklung\/materialkompatibilitae\/\",\"name\":\"Materialkompatibilit\u00e4 - Ionisos\",\"isPartOf\":{\"@id\":\"https:\/\/www.ionisos.com\/#website\"},\"datePublished\":\"2017-11-20T15:50:41+00:00\",\"dateModified\":\"2019-02-11T12:19:13+00:00\",\"breadcrumb\":{\"@id\":\"https:\/\/www.ionisos.com\/de\/das-unternehmen\/forschung-und-entwicklung\/materialkompatibilitae\/#breadcrumb\"},\"inLanguage\":\"de\",\"potentialAction\":[{\"@type\":\"ReadAction\",\"target\":[\"https:\/\/www.ionisos.com\/de\/das-unternehmen\/forschung-und-entwicklung\/materialkompatibilitae\/\"]}]},{\"@type\":\"BreadcrumbList\",\"@id\":\"https:\/\/www.ionisos.com\/de\/das-unternehmen\/forschung-und-entwicklung\/materialkompatibilitae\/#breadcrumb\",\"itemListElement\":[{\"@type\":\"ListItem\",\"position\":1,\"name\":\"Accueil\",\"item\":\"https:\/\/www.ionisos.com\/de\/\"},{\"@type\":\"ListItem\",\"position\":2,\"name\":\"Ionisos\",\"item\":\"https:\/\/www.ionisos.com\/de\/das-unternehmen\/\"},{\"@type\":\"ListItem\",\"position\":3,\"name\":\"Forschung und Entwicklung\",\"item\":\"https:\/\/www.ionisos.com\/de\/das-unternehmen\/forschung-und-entwicklung\/\"},{\"@type\":\"ListItem\",\"position\":4,\"name\":\"Materialkompatibilit\u00e4\"}]},{\"@type\":\"WebSite\",\"@id\":\"https:\/\/www.ionisos.com\/#website\",\"url\":\"https:\/\/www.ionisos.com\/\",\"name\":\"Ionisos\",\"description\":\"Ionisation par \u00e9lectrons acc\u00e9l\u00e9r\u00e9s, rayons gamma, rayons X et oxyde d&#039;\u00e9thyl\u00e8ne\",\"potentialAction\":[{\"@type\":\"SearchAction\",\"target\":{\"@type\":\"EntryPoint\",\"urlTemplate\":\"https:\/\/www.ionisos.com\/?s={search_term_string}\"},\"query-input\":{\"@type\":\"PropertyValueSpecification\",\"valueRequired\":true,\"valueName\":\"search_term_string\"}}],\"inLanguage\":\"de\"}]}<\/script>\n<!-- \/ Yoast SEO plugin. -->","yoast_head_json":{"title":"Materialkompatibilit\u00e4 - Ionisos","robots":{"index":"index","follow":"follow","max-snippet":"max-snippet:-1","max-image-preview":"max-image-preview:large","max-video-preview":"max-video-preview:-1"},"canonical":"https:\/\/www.ionisos.com\/de\/das-unternehmen\/forschung-und-entwicklung\/materialkompatibilitae\/","og_locale":"de_DE","og_type":"article","og_title":"Materialkompatibilit\u00e4 - Ionisos","og_description":"[vc_row bg_image=&#8221;16931&#8243; bg_repeat=&#8221;no-repeat&#8221; text_color=&#8221;light&#8221; text_align=&#8221;center&#8221; top_padding=&#8221;100&#8243; bottom_padding=&#8221;100&#8243;][vc_column width=&#8221;1\/1&#8243;][\/vc_column][\/vc_row][vc_row][vc_column width=&#8221;1\/1&#8243;][\/vc_column][\/vc_row][vc_row][vc_column width=&#8221;1\/1&#8243;][\/vc_column][\/vc_row][vc_row][vc_column width=&#8221;1\/1&#8243;][\/vc_column][\/vc_row][vc_row][vc_column width=&#8221;1\/1&#8243;][vc_tta_accordion][vc_tta_section title=&#8221;Metalle&#8221; tab_id=&#8221;1505383076365-0bed47fa-26fb&#8221;][vc_column_text] Die Metalle werden durch die Strahlensterilisation nicht ver\u00e4ndert, weil die ganze Energie ohne Aktivierungsgefahr abgeleitet wird (Ref.\u00a0:\u00a0&lt;em&gt;Manual on Radiation Sterilization of Medical and Biological Materials&lt;\/em&gt;, Technical Reports series n\u00b0149, p.182, IAEA, Vienna, 1973) More information Die Metalle adsorbieren kein Ethylenoxid (Ref.: Sterilisation of biomaterials and medical devices, bearbeitet von Sophie Lerouge und Anne Simmons, WP Woodhead Publishing, 2012). [\/vc_column_text][\/vc_tta_section][vc_tta_section title=&#8221;\u201cGl\u00e4ser\u201c&#8221; tab_id=&#8221;1505383059304-b1d05335-a5af&#8221;][vc_column_text] Die Gl\u00e4ser\u00a0 f\u00e4rben sich bei Bestrahlung, bereits bei geringer Dosierung (einige Kilograys). Glas ist ein Material, das sehr geringe Ethylenoxidmengen beibeh\u00e4lt (Ref.: Sterilisation of biomaterials and medical devices, bearbeitet von Sophie Lerouge und Anne Simmons, WP Woodhead Publishing, 2012). [\/vc_column_text][\/vc_tta_section][vc_tta_section title=&#8221;Keramik&#8221; tab_id=&#8221;1505383150543-154daab4-6c83&#8243;][vc_column_text]Ethylenoxid: Absorptionsbedingte Kompatibilit\u00e4t (Ber\u00fccksichtigung des Porosit\u00e4tsgrads) An die Prozessbedingungen gebundene Kompatibilit\u00e4t [\/vc_column_text][\/vc_tta_section][vc_tta_section title=&#8221;Polymere*&#8221; tab_id=&#8221;1505383059323-bc266715-ea46&#8243;][\/vc_tta_section][\/vc_tta_accordion][\/vc_column][\/vc_row][vc_row][vc_column width=&#8221;1\/1&#8243;][vc_column_text]Bei der Strahlensterilisation wird dringend zu &lt;u&gt;Testl\u00e4ufen vorab&lt;\/u&gt; geraten, da das Material im Normalfall formuliert ist (Gefahr bei extrahierbaren und neu geformten Materialien). Ionisos ist f\u00fcr die durchgef\u00fchrten Strahlungstests durch CIR anerkannt.\u00a0Research Tax Credit[\/vc_column_text][\/vc_column][\/vc_row]","og_url":"https:\/\/www.ionisos.com\/de\/das-unternehmen\/forschung-und-entwicklung\/materialkompatibilitae\/","og_site_name":"Ionisos","article_modified_time":"2019-02-11T12:19:13+00:00","twitter_card":"summary_large_image","twitter_misc":{"Gesch\u00e4tzte Lesezeit":"2\u00a0Minuten"},"schema":{"@context":"https:\/\/schema.org","@graph":[{"@type":"WebPage","@id":"https:\/\/www.ionisos.com\/de\/das-unternehmen\/forschung-und-entwicklung\/materialkompatibilitae\/","url":"https:\/\/www.ionisos.com\/de\/das-unternehmen\/forschung-und-entwicklung\/materialkompatibilitae\/","name":"Materialkompatibilit\u00e4 - Ionisos","isPartOf":{"@id":"https:\/\/www.ionisos.com\/#website"},"datePublished":"2017-11-20T15:50:41+00:00","dateModified":"2019-02-11T12:19:13+00:00","breadcrumb":{"@id":"https:\/\/www.ionisos.com\/de\/das-unternehmen\/forschung-und-entwicklung\/materialkompatibilitae\/#breadcrumb"},"inLanguage":"de","potentialAction":[{"@type":"ReadAction","target":["https:\/\/www.ionisos.com\/de\/das-unternehmen\/forschung-und-entwicklung\/materialkompatibilitae\/"]}]},{"@type":"BreadcrumbList","@id":"https:\/\/www.ionisos.com\/de\/das-unternehmen\/forschung-und-entwicklung\/materialkompatibilitae\/#breadcrumb","itemListElement":[{"@type":"ListItem","position":1,"name":"Accueil","item":"https:\/\/www.ionisos.com\/de\/"},{"@type":"ListItem","position":2,"name":"Ionisos","item":"https:\/\/www.ionisos.com\/de\/das-unternehmen\/"},{"@type":"ListItem","position":3,"name":"Forschung und Entwicklung","item":"https:\/\/www.ionisos.com\/de\/das-unternehmen\/forschung-und-entwicklung\/"},{"@type":"ListItem","position":4,"name":"Materialkompatibilit\u00e4"}]},{"@type":"WebSite","@id":"https:\/\/www.ionisos.com\/#website","url":"https:\/\/www.ionisos.com\/","name":"Ionisos","description":"Ionisation par \u00e9lectrons acc\u00e9l\u00e9r\u00e9s, rayons gamma, rayons X et oxyde d&#039;\u00e9thyl\u00e8ne","potentialAction":[{"@type":"SearchAction","target":{"@type":"EntryPoint","urlTemplate":"https:\/\/www.ionisos.com\/?s={search_term_string}"},"query-input":{"@type":"PropertyValueSpecification","valueRequired":true,"valueName":"search_term_string"}}],"inLanguage":"de"}]}},"_links":{"self":[{"href":"https:\/\/www.ionisos.com\/de\/wp-json\/wp\/v2\/pages\/17257","targetHints":{"allow":["GET"]}}],"collection":[{"href":"https:\/\/www.ionisos.com\/de\/wp-json\/wp\/v2\/pages"}],"about":[{"href":"https:\/\/www.ionisos.com\/de\/wp-json\/wp\/v2\/types\/page"}],"author":[{"embeddable":true,"href":"https:\/\/www.ionisos.com\/de\/wp-json\/wp\/v2\/users\/1"}],"replies":[{"embeddable":true,"href":"https:\/\/www.ionisos.com\/de\/wp-json\/wp\/v2\/comments?post=17257"}],"version-history":[{"count":5,"href":"https:\/\/www.ionisos.com\/de\/wp-json\/wp\/v2\/pages\/17257\/revisions"}],"predecessor-version":[{"id":17684,"href":"https:\/\/www.ionisos.com\/de\/wp-json\/wp\/v2\/pages\/17257\/revisions\/17684"}],"up":[{"embeddable":true,"href":"https:\/\/www.ionisos.com\/de\/wp-json\/wp\/v2\/pages\/16114"}],"wp:attachment":[{"href":"https:\/\/www.ionisos.com\/de\/wp-json\/wp\/v2\/media?parent=17257"}],"curies":[{"name":"wp","href":"https:\/\/api.w.org\/{rel}","templated":true}]}}