 {"id":17245,"date":"2017-11-20T16:16:57","date_gmt":"2017-11-20T15:16:57","guid":{"rendered":"https:\/\/www.ionisos.com\/?page_id=17245"},"modified":"2017-11-20T16:16:57","modified_gmt":"2017-11-20T15:16:57","slug":"strahlungsreifung","status":"publish","type":"page","link":"https:\/\/www.ionisos.com\/de\/das-unternehmen\/forschung-und-entwicklung\/strahlungsreifung\/","title":{"rendered":"Strahlungsreifung"},"content":{"rendered":"<p>[vc_row type=&#8221;full_width_section&#8221; bg_image=&#8221;16936&#8243; bg_repeat=&#8221;no-repeat&#8221; text_color=&#8221;light&#8221; text_align=&#8221;center&#8221; top_padding=&#8221;100&#8243; bottom_padding=&#8221;100&#8243;][vc_column width=&#8221;1\/1&#8243;]<h1 class=\"headline font-special fontsize-xxxl fontweight-inherit lh-inherit align-center transform-uppercase \" style=\"margin: 0;\"><strong>Strahlungsreifung<strong><\/h1>[\/vc_column][\/vc_row][vc_row][vc_column width=&#8221;1\/1&#8243;]<div class=\"spacer\" style=\"height: 40px;\"><\/div>[\/vc_column][\/vc_row][vc_row][vc_column width=&#8221;1\/2&#8243;][vc_column_text]Einfluss der Strahlungsintensit\u00e4t: verschiedene Dosierungen k\u00f6nnen getestet und\/oder inkrementiert werden[\/vc_column_text]<a href=\"https:\/\/www.ionisos.com\/wp-content\/uploads\/2017\/09\/Agre\u0301ment-Ionisos-CIR-2015-2016-2017-1.pdf\" target=\"_blank\" class=\"button color-2 small \" style=\"border-radius: 2px;\">Anerkannt durch den Steuerkredit Forschung (CIR)<\/a>[\/vc_column][vc_column width=&#8221;1\/2&#8243;][vc_column_text]Einfluss der Strahlungsintensit\u00e4t: die Produkte k\u00f6nnen verschiedenen Strahlungsintensit\u00e4ten ausgesetzt werden[\/vc_column_text]<a href=\"https:\/\/indico.cern.ch\/event\/70039\/contributions\/1236236\/subcontributions\/111048\/attachments\/1030524\/1467591\/S_ROUIF_Modes_expo_Ionisos.pdf\" target=\"_blank\" class=\"button color-2 small \" style=\"border-radius: 2px;\">Bestrahlungsmethode <\/a><a href=\"https:\/\/www.ionisos.com\/wp-content\/uploads\/2017\/09\/irradiation-facilities-web-cern-ch-3.pdf\" target=\"_blank\" class=\"button color-2 small \" style=\"border-radius: 2px;\">Eigenschaften der Bestrahlungsanlage von Ionisos (CERN-gelistet)<\/a>[\/vc_column][\/vc_row]<\/strong><\/strong><\/p>\n","protected":false},"excerpt":{"rendered":"<p>[vc_row type=&#8221;full_width_section&#8221; bg_image=&#8221;16936&#8243; bg_repeat=&#8221;no-repeat&#8221; text_color=&#8221;light&#8221; text_align=&#8221;center&#8221; top_padding=&#8221;100&#8243; bottom_padding=&#8221;100&#8243;][vc_column width=&#8221;1\/1&#8243;][\/vc_column][\/vc_row][vc_row][vc_column width=&#8221;1\/1&#8243;][\/vc_column][\/vc_row][vc_row][vc_column width=&#8221;1\/2&#8243;][vc_column_text]Einfluss der Strahlungsintensit\u00e4t: verschiedene Dosierungen k\u00f6nnen getestet und\/oder inkrementiert werden[\/vc_column_text][\/vc_column][vc_column width=&#8221;1\/2&#8243;][vc_column_text]Einfluss der Strahlungsintensit\u00e4t: die Produkte k\u00f6nnen verschiedenen Strahlungsintensit\u00e4ten ausgesetzt werden[\/vc_column_text][\/vc_column][\/vc_row]<\/p>\n","protected":false},"author":1,"featured_media":0,"parent":16114,"menu_order":0,"comment_status":"closed","ping_status":"closed","template":"","meta":{"inline_featured_image":false,"footnotes":""},"class_list":["post-17245","page","type-page","status-publish","hentry"],"yoast_head":"<!-- This site is optimized with the Yoast SEO plugin v26.3 - https:\/\/yoast.com\/wordpress\/plugins\/seo\/ -->\n<title>Strahlungsreifung - Ionisos<\/title>\n<meta name=\"robots\" content=\"index, follow, max-snippet:-1, max-image-preview:large, max-video-preview:-1\" \/>\n<link rel=\"canonical\" href=\"https:\/\/www.ionisos.com\/de\/das-unternehmen\/forschung-und-entwicklung\/strahlungsreifung\/\" \/>\n<meta property=\"og:locale\" content=\"de_DE\" \/>\n<meta property=\"og:type\" content=\"article\" \/>\n<meta property=\"og:title\" content=\"Strahlungsreifung - Ionisos\" \/>\n<meta property=\"og:description\" content=\"[vc_row type=&#8221;full_width_section&#8221; bg_image=&#8221;16936&#8243; bg_repeat=&#8221;no-repeat&#8221; text_color=&#8221;light&#8221; text_align=&#8221;center&#8221; top_padding=&#8221;100&#8243; bottom_padding=&#8221;100&#8243;][vc_column width=&#8221;1\/1&#8243;][\/vc_column][\/vc_row][vc_row][vc_column width=&#8221;1\/1&#8243;][\/vc_column][\/vc_row][vc_row][vc_column width=&#8221;1\/2&#8243;][vc_column_text]Einfluss der Strahlungsintensit\u00e4t: verschiedene Dosierungen k\u00f6nnen getestet und\/oder inkrementiert werden[\/vc_column_text][\/vc_column][vc_column width=&#8221;1\/2&#8243;][vc_column_text]Einfluss der Strahlungsintensit\u00e4t: die Produkte k\u00f6nnen verschiedenen Strahlungsintensit\u00e4ten ausgesetzt werden[\/vc_column_text][\/vc_column][\/vc_row]\" \/>\n<meta property=\"og:url\" content=\"https:\/\/www.ionisos.com\/de\/das-unternehmen\/forschung-und-entwicklung\/strahlungsreifung\/\" \/>\n<meta property=\"og:site_name\" content=\"Ionisos\" \/>\n<meta name=\"twitter:card\" content=\"summary_large_image\" \/>\n<meta name=\"twitter:label1\" content=\"Gesch\u00e4tzte Lesezeit\" \/>\n\t<meta name=\"twitter:data1\" content=\"1\u00a0Minute\" \/>\n<script type=\"application\/ld+json\" class=\"yoast-schema-graph\">{\"@context\":\"https:\/\/schema.org\",\"@graph\":[{\"@type\":\"WebPage\",\"@id\":\"https:\/\/www.ionisos.com\/de\/das-unternehmen\/forschung-und-entwicklung\/strahlungsreifung\/\",\"url\":\"https:\/\/www.ionisos.com\/de\/das-unternehmen\/forschung-und-entwicklung\/strahlungsreifung\/\",\"name\":\"Strahlungsreifung - Ionisos\",\"isPartOf\":{\"@id\":\"https:\/\/www.ionisos.com\/#website\"},\"datePublished\":\"2017-11-20T15:16:57+00:00\",\"breadcrumb\":{\"@id\":\"https:\/\/www.ionisos.com\/de\/das-unternehmen\/forschung-und-entwicklung\/strahlungsreifung\/#breadcrumb\"},\"inLanguage\":\"de\",\"potentialAction\":[{\"@type\":\"ReadAction\",\"target\":[\"https:\/\/www.ionisos.com\/de\/das-unternehmen\/forschung-und-entwicklung\/strahlungsreifung\/\"]}]},{\"@type\":\"BreadcrumbList\",\"@id\":\"https:\/\/www.ionisos.com\/de\/das-unternehmen\/forschung-und-entwicklung\/strahlungsreifung\/#breadcrumb\",\"itemListElement\":[{\"@type\":\"ListItem\",\"position\":1,\"name\":\"Accueil\",\"item\":\"https:\/\/www.ionisos.com\/de\/\"},{\"@type\":\"ListItem\",\"position\":2,\"name\":\"Ionisos\",\"item\":\"https:\/\/www.ionisos.com\/de\/das-unternehmen\/\"},{\"@type\":\"ListItem\",\"position\":3,\"name\":\"Forschung und Entwicklung\",\"item\":\"https:\/\/www.ionisos.com\/de\/das-unternehmen\/forschung-und-entwicklung\/\"},{\"@type\":\"ListItem\",\"position\":4,\"name\":\"Strahlungsreifung\"}]},{\"@type\":\"WebSite\",\"@id\":\"https:\/\/www.ionisos.com\/#website\",\"url\":\"https:\/\/www.ionisos.com\/\",\"name\":\"Ionisos\",\"description\":\"Ionisation par \u00e9lectrons acc\u00e9l\u00e9r\u00e9s, rayons gamma, rayons X et oxyde d&#039;\u00e9thyl\u00e8ne\",\"potentialAction\":[{\"@type\":\"SearchAction\",\"target\":{\"@type\":\"EntryPoint\",\"urlTemplate\":\"https:\/\/www.ionisos.com\/?s={search_term_string}\"},\"query-input\":{\"@type\":\"PropertyValueSpecification\",\"valueRequired\":true,\"valueName\":\"search_term_string\"}}],\"inLanguage\":\"de\"}]}<\/script>\n<!-- \/ Yoast SEO plugin. -->","yoast_head_json":{"title":"Strahlungsreifung - Ionisos","robots":{"index":"index","follow":"follow","max-snippet":"max-snippet:-1","max-image-preview":"max-image-preview:large","max-video-preview":"max-video-preview:-1"},"canonical":"https:\/\/www.ionisos.com\/de\/das-unternehmen\/forschung-und-entwicklung\/strahlungsreifung\/","og_locale":"de_DE","og_type":"article","og_title":"Strahlungsreifung - Ionisos","og_description":"[vc_row type=&#8221;full_width_section&#8221; bg_image=&#8221;16936&#8243; bg_repeat=&#8221;no-repeat&#8221; text_color=&#8221;light&#8221; text_align=&#8221;center&#8221; top_padding=&#8221;100&#8243; bottom_padding=&#8221;100&#8243;][vc_column width=&#8221;1\/1&#8243;][\/vc_column][\/vc_row][vc_row][vc_column width=&#8221;1\/1&#8243;][\/vc_column][\/vc_row][vc_row][vc_column width=&#8221;1\/2&#8243;][vc_column_text]Einfluss der Strahlungsintensit\u00e4t: verschiedene Dosierungen k\u00f6nnen getestet und\/oder inkrementiert werden[\/vc_column_text][\/vc_column][vc_column width=&#8221;1\/2&#8243;][vc_column_text]Einfluss der Strahlungsintensit\u00e4t: die Produkte k\u00f6nnen verschiedenen Strahlungsintensit\u00e4ten ausgesetzt werden[\/vc_column_text][\/vc_column][\/vc_row]","og_url":"https:\/\/www.ionisos.com\/de\/das-unternehmen\/forschung-und-entwicklung\/strahlungsreifung\/","og_site_name":"Ionisos","twitter_card":"summary_large_image","twitter_misc":{"Gesch\u00e4tzte Lesezeit":"1\u00a0Minute"},"schema":{"@context":"https:\/\/schema.org","@graph":[{"@type":"WebPage","@id":"https:\/\/www.ionisos.com\/de\/das-unternehmen\/forschung-und-entwicklung\/strahlungsreifung\/","url":"https:\/\/www.ionisos.com\/de\/das-unternehmen\/forschung-und-entwicklung\/strahlungsreifung\/","name":"Strahlungsreifung - Ionisos","isPartOf":{"@id":"https:\/\/www.ionisos.com\/#website"},"datePublished":"2017-11-20T15:16:57+00:00","breadcrumb":{"@id":"https:\/\/www.ionisos.com\/de\/das-unternehmen\/forschung-und-entwicklung\/strahlungsreifung\/#breadcrumb"},"inLanguage":"de","potentialAction":[{"@type":"ReadAction","target":["https:\/\/www.ionisos.com\/de\/das-unternehmen\/forschung-und-entwicklung\/strahlungsreifung\/"]}]},{"@type":"BreadcrumbList","@id":"https:\/\/www.ionisos.com\/de\/das-unternehmen\/forschung-und-entwicklung\/strahlungsreifung\/#breadcrumb","itemListElement":[{"@type":"ListItem","position":1,"name":"Accueil","item":"https:\/\/www.ionisos.com\/de\/"},{"@type":"ListItem","position":2,"name":"Ionisos","item":"https:\/\/www.ionisos.com\/de\/das-unternehmen\/"},{"@type":"ListItem","position":3,"name":"Forschung und Entwicklung","item":"https:\/\/www.ionisos.com\/de\/das-unternehmen\/forschung-und-entwicklung\/"},{"@type":"ListItem","position":4,"name":"Strahlungsreifung"}]},{"@type":"WebSite","@id":"https:\/\/www.ionisos.com\/#website","url":"https:\/\/www.ionisos.com\/","name":"Ionisos","description":"Ionisation par \u00e9lectrons acc\u00e9l\u00e9r\u00e9s, rayons gamma, rayons X et oxyde d&#039;\u00e9thyl\u00e8ne","potentialAction":[{"@type":"SearchAction","target":{"@type":"EntryPoint","urlTemplate":"https:\/\/www.ionisos.com\/?s={search_term_string}"},"query-input":{"@type":"PropertyValueSpecification","valueRequired":true,"valueName":"search_term_string"}}],"inLanguage":"de"}]}},"_links":{"self":[{"href":"https:\/\/www.ionisos.com\/de\/wp-json\/wp\/v2\/pages\/17245","targetHints":{"allow":["GET"]}}],"collection":[{"href":"https:\/\/www.ionisos.com\/de\/wp-json\/wp\/v2\/pages"}],"about":[{"href":"https:\/\/www.ionisos.com\/de\/wp-json\/wp\/v2\/types\/page"}],"author":[{"embeddable":true,"href":"https:\/\/www.ionisos.com\/de\/wp-json\/wp\/v2\/users\/1"}],"replies":[{"embeddable":true,"href":"https:\/\/www.ionisos.com\/de\/wp-json\/wp\/v2\/comments?post=17245"}],"version-history":[{"count":3,"href":"https:\/\/www.ionisos.com\/de\/wp-json\/wp\/v2\/pages\/17245\/revisions"}],"predecessor-version":[{"id":17249,"href":"https:\/\/www.ionisos.com\/de\/wp-json\/wp\/v2\/pages\/17245\/revisions\/17249"}],"up":[{"embeddable":true,"href":"https:\/\/www.ionisos.com\/de\/wp-json\/wp\/v2\/pages\/16114"}],"wp:attachment":[{"href":"https:\/\/www.ionisos.com\/de\/wp-json\/wp\/v2\/media?parent=17245"}],"curies":[{"name":"wp","href":"https:\/\/api.w.org\/{rel}","templated":true}]}}