 {"id":16412,"date":"2017-06-06T16:16:40","date_gmt":"2017-06-06T14:16:40","guid":{"rendered":"https:\/\/www.ionisos.com\/?page_id=16412\/"},"modified":"2025-02-27T10:42:26","modified_gmt":"2025-02-27T09:42:26","slug":"vernetzen","status":"publish","type":"page","link":"https:\/\/www.ionisos.com\/de\/unsere-aktivitaeten\/vernetzen\/","title":{"rendered":"Vernetzen"},"content":{"rendered":"<p>[vc_row bg_image=&#8221;16365&#8243; bg_repeat=&#8221;no-repeat&#8221; text_color=&#8221;light&#8221; text_align=&#8221;center&#8221; top_padding=&#8221;100&#8243; bottom_padding=&#8221;100&#8243;][vc_column width=&#8221;1\/1&#8243;]<h1 class=\"headline font-special fontsize-xxxl fontweight-inherit lh-inherit align-center transform-uppercase \" style=\"margin: 0;\"><strong>Vernetzen<\/strong><\/h1>[\/vc_column][\/vc_row][vc_row][vc_column width=&#8221;1\/1&#8243;]<div class=\"spacer\" style=\"height: 40px;\"><\/div>[vc_column_text]<\/p>\n<p style=\"text-align: center;\"><span style=\"font-family: Abel; font-size: 25px;\">Die Ionisos-Gruppe bietet Behandlungen f\u00fcr <strong>Komponenten<\/strong> und <strong>technische Kunststoffmaterialien<\/strong> an, um deren Leistung zu verbessern.<\/span><\/p>\n<p>[\/vc_column_text]<div class=\"spacer\" style=\"height: 40px;\"><\/div>[\/vc_column][\/vc_row][vc_row][vc_column width=&#8221;1\/2&#8243;]<div class=\"flexslider wpb_content_element\"><ul class=\"slides\"><li><img decoding=\"async\" src=\"https:\/\/www.ionisos.com\/wp-content\/uploads\/2023\/12\/Reticulation2.jpg\" alt=\"\" \/><\/li><li><img decoding=\"async\" src=\"https:\/\/www.ionisos.com\/wp-content\/uploads\/2023\/12\/Reticulation.jpg\" alt=\"\" \/><\/li><\/ul><\/div>[\/vc_column][vc_column width=&#8221;1\/2&#8243;]<div class=\"minti_list wpb_content_element color-accent plus\" style=\"padding-left: 10px;\">Die Ionisation:<\/p>\n<ul>\n<li>leitet die Vernetzung von thermoplastischen Materialien wie Rohren oder Kabeln ein, um ihre Temperaturbest\u00e4ndigkeit, Abriebfestigkeit und Feuerbest\u00e4ndigkeit zu verbessern,<\/li>\n<li>verbessert die mechanischen Eigenschaften von thermoplastischen Folien,<\/li>\n<li>erm\u00f6glicht die Kaltvernetzung von Harzen,<\/li>\n<li>erm\u00f6glicht die Vernetzung von technischen Kunststoffteilen zur Verbesserung ihrer chemischen und thermischen Best\u00e4ndigkeit,<\/li>\n<li>erm\u00f6glicht das Anheften auf Textilien.<\/li>\n<\/ul>\n<\/div>[\/vc_column][\/vc_row][vc_row][vc_column width=&#8221;1\/1&#8243;]<div class=\"spacer\" style=\"height: 40px;\"><\/div>[\/vc_column][\/vc_row][vc_row bg_color=&#8221;#0b2677&#8243; text_color=&#8221;light&#8221; text_align=&#8221;center&#8221; top_padding=&#8221;40&#8243; bottom_padding=&#8221;40&#8243;][vc_column width=&#8221;2\/3&#8243;]<div class=\"spacer\" style=\"height: 5px;\"><\/div>[vc_column_text]<\/p>\n<h3 style=\"text-align: left;\">Ionisos bietet auch die Sterilisation Ihrer medizinischen, pharmazeutischen, kosmetischen Produkte usw. an<\/h3>\n<p>[\/vc_column_text][\/vc_column][vc_column width=&#8221;1\/3&#8243;]<a href=\"\/de\/unsere-aktivitaeten\/sterilisieren\/\" target=\"_self\" class=\"button color-8 medium \" style=\"border-radius: 2px;\">Mehr Informationen<\/a>[\/vc_column][\/vc_row]<\/p>\n","protected":false},"excerpt":{"rendered":"<p>[vc_row bg_image=&#8221;16365&#8243; bg_repeat=&#8221;no-repeat&#8221; text_color=&#8221;light&#8221; text_align=&#8221;center&#8221; top_padding=&#8221;100&#8243; bottom_padding=&#8221;100&#8243;][vc_column width=&#8221;1\/1&#8243;][\/vc_column][\/vc_row][vc_row][vc_column width=&#8221;1\/1&#8243;][vc_column_text] Die Ionisos-Gruppe bietet Behandlungen f\u00fcr Komponenten und technische Kunststoffmaterialien an, um deren Leistung zu verbessern. [\/vc_column_text][\/vc_column][\/vc_row][vc_row][vc_column width=&#8221;1\/2&#8243;][\/vc_column][vc_column width=&#8221;1\/2&#8243;][\/vc_column][\/vc_row][vc_row][vc_column width=&#8221;1\/1&#8243;][\/vc_column][\/vc_row][vc_row bg_color=&#8221;#0b2677&#8243; text_color=&#8221;light&#8221; text_align=&#8221;center&#8221; top_padding=&#8221;40&#8243; bottom_padding=&#8221;40&#8243;][vc_column width=&#8221;2\/3&#8243;][vc_column_text] Ionisos bietet auch die Sterilisation Ihrer medizinischen, pharmazeutischen, kosmetischen Produkte usw. an [\/vc_column_text][\/vc_column][vc_column width=&#8221;1\/3&#8243;][\/vc_column][\/vc_row]<\/p>\n","protected":false},"author":1,"featured_media":0,"parent":16116,"menu_order":0,"comment_status":"closed","ping_status":"closed","template":"","meta":{"inline_featured_image":false,"footnotes":""},"class_list":["post-16412","page","type-page","status-publish","hentry"],"yoast_head":"<!-- This site is optimized with the Yoast SEO plugin v26.3 - https:\/\/yoast.com\/wordpress\/plugins\/seo\/ -->\n<title>Vernetzung durch Strahlung: Verbessern Sie die Leistung Ihrer Kunststoffe<\/title>\n<meta name=\"description\" content=\"Ionisos bietet seine Vernetzungsdienste durch Strahlung an, um die Widerstandsf\u00e4higkeit vieler Kunststoffmaterialien zu verbessern.\" \/>\n<meta name=\"robots\" content=\"index, follow, max-snippet:-1, max-image-preview:large, max-video-preview:-1\" \/>\n<link rel=\"canonical\" href=\"https:\/\/www.ionisos.com\/nos-activites\/reticuler\/\" \/>\n<meta property=\"og:locale\" content=\"de_DE\" \/>\n<meta property=\"og:type\" content=\"article\" \/>\n<meta property=\"og:title\" content=\"Vernetzung durch Strahlung: Verbessern Sie die Leistung Ihrer Kunststoffe\" \/>\n<meta property=\"og:description\" content=\"Ionisos bietet seine Vernetzungsdienste durch Strahlung an, um die Widerstandsf\u00e4higkeit vieler Kunststoffmaterialien zu verbessern.\" \/>\n<meta property=\"og:url\" content=\"https:\/\/www.ionisos.com\/nos-activites\/reticuler\/\" \/>\n<meta property=\"og:site_name\" content=\"Ionisos\" \/>\n<meta property=\"article:modified_time\" content=\"2025-02-27T09:42:26+00:00\" \/>\n<meta name=\"twitter:card\" content=\"summary_large_image\" \/>\n<meta name=\"twitter:label1\" content=\"Gesch\u00e4tzte Lesezeit\" \/>\n\t<meta name=\"twitter:data1\" content=\"1\u00a0Minute\" \/>\n<script type=\"application\/ld+json\" class=\"yoast-schema-graph\">{\"@context\":\"https:\/\/schema.org\",\"@graph\":[{\"@type\":\"WebPage\",\"@id\":\"https:\/\/www.ionisos.com\/nos-activites\/reticuler\/\",\"url\":\"https:\/\/www.ionisos.com\/nos-activites\/reticuler\/\",\"name\":\"Vernetzung durch Strahlung: Verbessern Sie die Leistung Ihrer Kunststoffe\",\"isPartOf\":{\"@id\":\"https:\/\/www.ionisos.com\/#website\"},\"datePublished\":\"2017-06-06T14:16:40+00:00\",\"dateModified\":\"2025-02-27T09:42:26+00:00\",\"description\":\"Ionisos bietet seine Vernetzungsdienste durch Strahlung an, um die Widerstandsf\u00e4higkeit vieler Kunststoffmaterialien zu verbessern.\",\"breadcrumb\":{\"@id\":\"https:\/\/www.ionisos.com\/nos-activites\/reticuler\/#breadcrumb\"},\"inLanguage\":\"de\",\"potentialAction\":[{\"@type\":\"ReadAction\",\"target\":[\"https:\/\/www.ionisos.com\/nos-activites\/reticuler\/\"]}]},{\"@type\":\"BreadcrumbList\",\"@id\":\"https:\/\/www.ionisos.com\/nos-activites\/reticuler\/#breadcrumb\",\"itemListElement\":[{\"@type\":\"ListItem\",\"position\":1,\"name\":\"Accueil\",\"item\":\"https:\/\/www.ionisos.com\/de\/\"},{\"@type\":\"ListItem\",\"position\":2,\"name\":\"Unsere Aktivit\u00e4ten\",\"item\":\"https:\/\/www.ionisos.com\/de\/unsere-aktivitaeten\/\"},{\"@type\":\"ListItem\",\"position\":3,\"name\":\"Vernetzen\"}]},{\"@type\":\"WebSite\",\"@id\":\"https:\/\/www.ionisos.com\/#website\",\"url\":\"https:\/\/www.ionisos.com\/\",\"name\":\"Ionisos\",\"description\":\"Ionisation par \u00e9lectrons acc\u00e9l\u00e9r\u00e9s, rayons gamma, rayons X et oxyde d&#039;\u00e9thyl\u00e8ne\",\"potentialAction\":[{\"@type\":\"SearchAction\",\"target\":{\"@type\":\"EntryPoint\",\"urlTemplate\":\"https:\/\/www.ionisos.com\/?s={search_term_string}\"},\"query-input\":{\"@type\":\"PropertyValueSpecification\",\"valueRequired\":true,\"valueName\":\"search_term_string\"}}],\"inLanguage\":\"de\"}]}<\/script>\n<!-- \/ Yoast SEO plugin. -->","yoast_head_json":{"title":"Vernetzung durch Strahlung: Verbessern Sie die Leistung Ihrer Kunststoffe","description":"Ionisos bietet seine Vernetzungsdienste durch Strahlung an, um die Widerstandsf\u00e4higkeit vieler Kunststoffmaterialien zu verbessern.","robots":{"index":"index","follow":"follow","max-snippet":"max-snippet:-1","max-image-preview":"max-image-preview:large","max-video-preview":"max-video-preview:-1"},"canonical":"https:\/\/www.ionisos.com\/nos-activites\/reticuler\/","og_locale":"de_DE","og_type":"article","og_title":"Vernetzung durch Strahlung: Verbessern Sie die Leistung Ihrer Kunststoffe","og_description":"Ionisos bietet seine Vernetzungsdienste durch Strahlung an, um die Widerstandsf\u00e4higkeit vieler Kunststoffmaterialien zu verbessern.","og_url":"https:\/\/www.ionisos.com\/nos-activites\/reticuler\/","og_site_name":"Ionisos","article_modified_time":"2025-02-27T09:42:26+00:00","twitter_card":"summary_large_image","twitter_misc":{"Gesch\u00e4tzte Lesezeit":"1\u00a0Minute"},"schema":{"@context":"https:\/\/schema.org","@graph":[{"@type":"WebPage","@id":"https:\/\/www.ionisos.com\/nos-activites\/reticuler\/","url":"https:\/\/www.ionisos.com\/nos-activites\/reticuler\/","name":"Vernetzung durch Strahlung: Verbessern Sie die Leistung Ihrer Kunststoffe","isPartOf":{"@id":"https:\/\/www.ionisos.com\/#website"},"datePublished":"2017-06-06T14:16:40+00:00","dateModified":"2025-02-27T09:42:26+00:00","description":"Ionisos bietet seine Vernetzungsdienste durch Strahlung an, um die Widerstandsf\u00e4higkeit vieler Kunststoffmaterialien zu verbessern.","breadcrumb":{"@id":"https:\/\/www.ionisos.com\/nos-activites\/reticuler\/#breadcrumb"},"inLanguage":"de","potentialAction":[{"@type":"ReadAction","target":["https:\/\/www.ionisos.com\/nos-activites\/reticuler\/"]}]},{"@type":"BreadcrumbList","@id":"https:\/\/www.ionisos.com\/nos-activites\/reticuler\/#breadcrumb","itemListElement":[{"@type":"ListItem","position":1,"name":"Accueil","item":"https:\/\/www.ionisos.com\/de\/"},{"@type":"ListItem","position":2,"name":"Unsere Aktivit\u00e4ten","item":"https:\/\/www.ionisos.com\/de\/unsere-aktivitaeten\/"},{"@type":"ListItem","position":3,"name":"Vernetzen"}]},{"@type":"WebSite","@id":"https:\/\/www.ionisos.com\/#website","url":"https:\/\/www.ionisos.com\/","name":"Ionisos","description":"Ionisation par \u00e9lectrons acc\u00e9l\u00e9r\u00e9s, rayons gamma, rayons X et oxyde d&#039;\u00e9thyl\u00e8ne","potentialAction":[{"@type":"SearchAction","target":{"@type":"EntryPoint","urlTemplate":"https:\/\/www.ionisos.com\/?s={search_term_string}"},"query-input":{"@type":"PropertyValueSpecification","valueRequired":true,"valueName":"search_term_string"}}],"inLanguage":"de"}]}},"_links":{"self":[{"href":"https:\/\/www.ionisos.com\/de\/wp-json\/wp\/v2\/pages\/16412","targetHints":{"allow":["GET"]}}],"collection":[{"href":"https:\/\/www.ionisos.com\/de\/wp-json\/wp\/v2\/pages"}],"about":[{"href":"https:\/\/www.ionisos.com\/de\/wp-json\/wp\/v2\/types\/page"}],"author":[{"embeddable":true,"href":"https:\/\/www.ionisos.com\/de\/wp-json\/wp\/v2\/users\/1"}],"replies":[{"embeddable":true,"href":"https:\/\/www.ionisos.com\/de\/wp-json\/wp\/v2\/comments?post=16412"}],"version-history":[{"count":7,"href":"https:\/\/www.ionisos.com\/de\/wp-json\/wp\/v2\/pages\/16412\/revisions"}],"predecessor-version":[{"id":26068,"href":"https:\/\/www.ionisos.com\/de\/wp-json\/wp\/v2\/pages\/16412\/revisions\/26068"}],"up":[{"embeddable":true,"href":"https:\/\/www.ionisos.com\/de\/wp-json\/wp\/v2\/pages\/16116"}],"wp:attachment":[{"href":"https:\/\/www.ionisos.com\/de\/wp-json\/wp\/v2\/media?parent=16412"}],"curies":[{"name":"wp","href":"https:\/\/api.w.org\/{rel}","templated":true}]}}